{"id":507,"date":"2022-12-09T16:17:34","date_gmt":"2022-12-09T16:17:34","guid":{"rendered":"https:\/\/multi-gyn.com\/pt\/?page_id=507"},"modified":"2025-04-28T10:43:01","modified_gmt":"2025-04-28T09:43:01","slug":"vaginose-bacteriana-e-gravidez","status":"publish","type":"page","link":"https:\/\/multi-gyn.com\/pt\/saude-vaginal\/infecoes\/vaginose-bacteriana-e-gravidez\/","title":{"rendered":"Vaginose bacteriana e gravidez"},"content":{"rendered":"\n<div class=\"wp-block-karopharma-free-text pt-large pb-large bg-center bg-cover bg-no-repeat  is-style-primary\" style=\"background-image:url()\"><div class=\"free-text-wrapper container max-w-medium text-left\">\n<h1 class=\"wp-block-heading\">Vaginose bacteriana e gravidez<\/h1>\n\n\n\n<p class=\"is-style-paragraph-preamble\">A gravidez \u00e9 um per\u00edodo de mudan\u00e7as e expetativas. O funcionamento do nosso corpo foca-se em cuidar da nova vida dentro de n\u00f3s, prepara-se para o parto, prepara a amamenta\u00e7\u00e3o e cuidados para o beb\u00e9. Apesar de ser agrad\u00e1vel, \u00e9 longe de ser um per\u00edodo sem preocupa\u00e7\u00f5es. Mudan\u00e7as r\u00e1pidas, incluindo altera\u00e7\u00f5es nos n\u00edveis hormonais, podem levar a v\u00e1rios desconfortos e dor. Al\u00e9m de causar problemas para n\u00f3s pr\u00f3prios, as diferentes doen\u00e7as e infe\u00e7\u00f5es podem ter impacto sobre a gravidez, no desenvolvimento do beb\u00e9, ou no parto. Por exemplo, a vaginose bacteriana est\u00e1 ligada a consequ\u00eancias mais graves, e deve ser tratada o mais depressa poss\u00edvel assim que diagnosticada.<\/p>\n<\/div><\/div>\n\n\n\n<div class=\"wp-block-karopharma-free-text pt-large pb-large bg-center bg-cover bg-no-repeat\" style=\"background-image:url()\"><div class=\"free-text-wrapper container max-w-medium text-left\">\n<h2 class=\"is-style-heading-h2 wp-block-heading\">O que \u00e9 a vaginose bacteriana?<\/h2>\n\n\n\n<p>Vaginose bacteriana \u00e9 um dos desconfortos vaginais mais comuns. \u00c9 causada por um desequil\u00edbrio microbiano na vagina, e pode ter sintomas leves a graves como corrimento branco acinzentado, odor id\u00eantico a peixe desagrad\u00e1vel, irrita\u00e7\u00e3o e dor na \u00e1rea vaginal. Apesar destes sintomas serem desagrad\u00e1veis, n\u00e3o t\u00eam risco de vida, e na maioria dos casos podem ser facilmente tratados com antibi\u00f3ticos ou produtos naturais que restaurem o equil\u00edbrio da flora vaginal. Contudo, a vaginose bacteriana pode ter consequ\u00eancias mais graves durante a gravidez, incluindo o risco de partos prematuros. Por esta raz\u00e3o, as mulheres gr\u00e1vidas devem contactar imediatamente o seu m\u00e9dico se suspeitarem que podem ter vaginose bacteriana.<\/p>\n\n\n\n<h2 class=\"is-style-heading-h2 wp-block-heading\">Como tratar a vaginose bacteriana durante a gravidez?<\/h2>\n\n\n\n<p>A utiliza\u00e7\u00e3o de medica\u00e7\u00e3o durante a gravidez \u00e9 bastante restrita e dever\u00e1 ser sempre recomendada atrav\u00e9s de uma consulta com o seu m\u00e9dico. Por vezes, os medicamentos n\u00e3o ser\u00e3o utilizados devido aos seus potenciais riscos para o beb\u00e9, mas na maioria das vezes ser\u00e3o evitados pelo simples fato de n\u00e3o conterem provas que o risco n\u00e3o existe.<\/p>\n\n\n\n<p>A vaginose bacteriana pode ser tratada com antibi\u00f3ticos, como o metronidazol, que \u00e9 geralmente evitado durante a gravidez. A alternativa \u00e9 utilizar produtos naturais, que restauram o pH da vagina, e permitem que as bact\u00e9rias saud\u00e1veis restaurem o equil\u00edbrio da flora no ambiente vaginal. Alguns destes produtos podem ser utilizados durante a gravidez, mas como cada mulher e gravidez \u00e9 diferente, a terapia dever\u00e1 ser discutida com o seu m\u00e9dico.<\/p>\n<\/div><\/div>\n","protected":false},"excerpt":{"rendered":"","protected":false},"author":6,"featured_media":0,"parent":177,"menu_order":0,"comment_status":"closed","ping_status":"closed","template":"","meta":{"_acf_changed":false,"footnotes":""},"from-article-database":[],"class_list":["post-507","page","type-page","status-publish","hentry"],"acf":[],"yoast_head":"<!-- This site is optimized with the Yoast SEO plugin v26.6 - https:\/\/yoast.com\/wordpress\/plugins\/seo\/ -->\n<title>Vaginose bacteriana e gravidez - Multi-Gyn<\/title>\n<meta name=\"description\" content=\"aginose bacteriana \u00e9 um dos desconfortos vaginais mais comuns. \u00c9 causada por um desequil\u00edbrio microbiano na vagina, e pode ter sintomas leves a graves como corrimento branco acinzentado, odor id\u00eantico a peixe desagrad\u00e1vel, irrita\u00e7\u00e3o e dor na \u00e1rea vaginal.\" \/>\n<meta name=\"robots\" content=\"index, follow, max-snippet:-1, max-image-preview:large, max-video-preview:-1\" \/>\n<link rel=\"canonical\" href=\"https:\/\/multi-gyn.com\/pt\/saude-vaginal\/infecoes\/vaginose-bacteriana-e-gravidez\/\" \/>\n<meta property=\"og:locale\" content=\"pt_PT\" \/>\n<meta property=\"og:type\" content=\"article\" \/>\n<meta property=\"og:title\" content=\"Vaginose bacteriana e gravidez - Multi-Gyn\" \/>\n<meta property=\"og:description\" content=\"aginose bacteriana \u00e9 um dos desconfortos vaginais mais comuns. \u00c9 causada por um desequil\u00edbrio microbiano na vagina, e pode ter sintomas leves a graves como corrimento branco acinzentado, odor id\u00eantico a peixe desagrad\u00e1vel, irrita\u00e7\u00e3o e dor na \u00e1rea vaginal.\" \/>\n<meta property=\"og:url\" content=\"https:\/\/multi-gyn.com\/pt\/saude-vaginal\/infecoes\/vaginose-bacteriana-e-gravidez\/\" \/>\n<meta property=\"og:site_name\" content=\"Multi-Gyn\" \/>\n<meta property=\"article:modified_time\" content=\"2025-04-28T09:43:01+00:00\" \/>\n<meta name=\"twitter:card\" content=\"summary_large_image\" \/>\n<meta name=\"twitter:label1\" content=\"Tempo estimado de leitura\" \/>\n\t<meta name=\"twitter:data1\" content=\"2 minutos\" \/>\n<script type=\"application\/ld+json\" class=\"yoast-schema-graph\">{\"@context\":\"https:\/\/schema.org\",\"@graph\":[{\"@type\":\"WebPage\",\"@id\":\"https:\/\/multi-gyn.com\/pt\/saude-vaginal\/infecoes\/vaginose-bacteriana-e-gravidez\/\",\"url\":\"https:\/\/multi-gyn.com\/pt\/saude-vaginal\/infecoes\/vaginose-bacteriana-e-gravidez\/\",\"name\":\"Vaginose bacteriana e gravidez - Multi-Gyn\",\"isPartOf\":{\"@id\":\"https:\/\/multi-gyn.com\/pt\/#website\"},\"datePublished\":\"2022-12-09T16:17:34+00:00\",\"dateModified\":\"2025-04-28T09:43:01+00:00\",\"description\":\"aginose bacteriana \u00e9 um dos desconfortos vaginais mais comuns. \u00c9 causada por um desequil\u00edbrio microbiano na vagina, e pode ter sintomas leves a graves como corrimento branco acinzentado, odor id\u00eantico a peixe desagrad\u00e1vel, irrita\u00e7\u00e3o e dor na \u00e1rea vaginal.\",\"breadcrumb\":{\"@id\":\"https:\/\/multi-gyn.com\/pt\/saude-vaginal\/infecoes\/vaginose-bacteriana-e-gravidez\/#breadcrumb\"},\"inLanguage\":\"pt-PT\",\"potentialAction\":[{\"@type\":\"ReadAction\",\"target\":[\"https:\/\/multi-gyn.com\/pt\/saude-vaginal\/infecoes\/vaginose-bacteriana-e-gravidez\/\"]}]},{\"@type\":\"BreadcrumbList\",\"@id\":\"https:\/\/multi-gyn.com\/pt\/saude-vaginal\/infecoes\/vaginose-bacteriana-e-gravidez\/#breadcrumb\",\"itemListElement\":[{\"@type\":\"ListItem\",\"position\":1,\"name\":\"Home\",\"item\":\"https:\/\/multi-gyn.com\/pt\/\"},{\"@type\":\"ListItem\",\"position\":2,\"name\":\"Sa\u00fade vaginal\",\"item\":\"https:\/\/multi-gyn.com\/pt\/saude-vaginal\/\"},{\"@type\":\"ListItem\",\"position\":3,\"name\":\"Infe\u00e7\u00f5es\",\"item\":\"https:\/\/multi-gyn.com\/pt\/saude-vaginal\/infecoes\/\"},{\"@type\":\"ListItem\",\"position\":4,\"name\":\"Vaginose bacteriana e gravidez\"}]},{\"@type\":\"WebSite\",\"@id\":\"https:\/\/multi-gyn.com\/pt\/#website\",\"url\":\"https:\/\/multi-gyn.com\/pt\/\",\"name\":\"Multi-Gyn\",\"description\":\"\",\"publisher\":{\"@id\":\"https:\/\/multi-gyn.com\/pt\/#organization\"},\"potentialAction\":[{\"@type\":\"SearchAction\",\"target\":{\"@type\":\"EntryPoint\",\"urlTemplate\":\"https:\/\/multi-gyn.com\/pt\/?s={search_term_string}\"},\"query-input\":{\"@type\":\"PropertyValueSpecification\",\"valueRequired\":true,\"valueName\":\"search_term_string\"}}],\"inLanguage\":\"pt-PT\"},{\"@type\":\"Organization\",\"@id\":\"https:\/\/multi-gyn.com\/pt\/#organization\",\"name\":\"Multi-Gyn\",\"url\":\"https:\/\/multi-gyn.com\/pt\/\",\"logo\":{\"@type\":\"ImageObject\",\"inLanguage\":\"pt-PT\",\"@id\":\"https:\/\/multi-gyn.com\/pt\/#\/schema\/logo\/image\/\",\"url\":\"https:\/\/multi-gyn.com\/app\/uploads\/sites\/34\/2022\/11\/multi-gyn-logo.png\",\"contentUrl\":\"https:\/\/multi-gyn.com\/app\/uploads\/sites\/34\/2022\/11\/multi-gyn-logo.png\",\"width\":149,\"height\":32,\"caption\":\"Multi-Gyn\"},\"image\":{\"@id\":\"https:\/\/multi-gyn.com\/pt\/#\/schema\/logo\/image\/\"}}]}<\/script>\n<!-- \/ Yoast SEO plugin. -->","yoast_head_json":{"title":"Vaginose bacteriana e gravidez - Multi-Gyn","description":"aginose bacteriana \u00e9 um dos desconfortos vaginais mais comuns. \u00c9 causada por um desequil\u00edbrio microbiano na vagina, e pode ter sintomas leves a graves como corrimento branco acinzentado, odor id\u00eantico a peixe desagrad\u00e1vel, irrita\u00e7\u00e3o e dor na \u00e1rea vaginal.","robots":{"index":"index","follow":"follow","max-snippet":"max-snippet:-1","max-image-preview":"max-image-preview:large","max-video-preview":"max-video-preview:-1"},"canonical":"https:\/\/multi-gyn.com\/pt\/saude-vaginal\/infecoes\/vaginose-bacteriana-e-gravidez\/","og_locale":"pt_PT","og_type":"article","og_title":"Vaginose bacteriana e gravidez - Multi-Gyn","og_description":"aginose bacteriana \u00e9 um dos desconfortos vaginais mais comuns. \u00c9 causada por um desequil\u00edbrio microbiano na vagina, e pode ter sintomas leves a graves como corrimento branco acinzentado, odor id\u00eantico a peixe desagrad\u00e1vel, irrita\u00e7\u00e3o e dor na \u00e1rea vaginal.","og_url":"https:\/\/multi-gyn.com\/pt\/saude-vaginal\/infecoes\/vaginose-bacteriana-e-gravidez\/","og_site_name":"Multi-Gyn","article_modified_time":"2025-04-28T09:43:01+00:00","twitter_card":"summary_large_image","twitter_misc":{"Tempo estimado de leitura":"2 minutos"},"schema":{"@context":"https:\/\/schema.org","@graph":[{"@type":"WebPage","@id":"https:\/\/multi-gyn.com\/pt\/saude-vaginal\/infecoes\/vaginose-bacteriana-e-gravidez\/","url":"https:\/\/multi-gyn.com\/pt\/saude-vaginal\/infecoes\/vaginose-bacteriana-e-gravidez\/","name":"Vaginose bacteriana e gravidez - Multi-Gyn","isPartOf":{"@id":"https:\/\/multi-gyn.com\/pt\/#website"},"datePublished":"2022-12-09T16:17:34+00:00","dateModified":"2025-04-28T09:43:01+00:00","description":"aginose bacteriana \u00e9 um dos desconfortos vaginais mais comuns. \u00c9 causada por um desequil\u00edbrio microbiano na vagina, e pode ter sintomas leves a graves como corrimento branco acinzentado, odor id\u00eantico a peixe desagrad\u00e1vel, irrita\u00e7\u00e3o e dor na \u00e1rea vaginal.","breadcrumb":{"@id":"https:\/\/multi-gyn.com\/pt\/saude-vaginal\/infecoes\/vaginose-bacteriana-e-gravidez\/#breadcrumb"},"inLanguage":"pt-PT","potentialAction":[{"@type":"ReadAction","target":["https:\/\/multi-gyn.com\/pt\/saude-vaginal\/infecoes\/vaginose-bacteriana-e-gravidez\/"]}]},{"@type":"BreadcrumbList","@id":"https:\/\/multi-gyn.com\/pt\/saude-vaginal\/infecoes\/vaginose-bacteriana-e-gravidez\/#breadcrumb","itemListElement":[{"@type":"ListItem","position":1,"name":"Home","item":"https:\/\/multi-gyn.com\/pt\/"},{"@type":"ListItem","position":2,"name":"Sa\u00fade vaginal","item":"https:\/\/multi-gyn.com\/pt\/saude-vaginal\/"},{"@type":"ListItem","position":3,"name":"Infe\u00e7\u00f5es","item":"https:\/\/multi-gyn.com\/pt\/saude-vaginal\/infecoes\/"},{"@type":"ListItem","position":4,"name":"Vaginose bacteriana e gravidez"}]},{"@type":"WebSite","@id":"https:\/\/multi-gyn.com\/pt\/#website","url":"https:\/\/multi-gyn.com\/pt\/","name":"Multi-Gyn","description":"","publisher":{"@id":"https:\/\/multi-gyn.com\/pt\/#organization"},"potentialAction":[{"@type":"SearchAction","target":{"@type":"EntryPoint","urlTemplate":"https:\/\/multi-gyn.com\/pt\/?s={search_term_string}"},"query-input":{"@type":"PropertyValueSpecification","valueRequired":true,"valueName":"search_term_string"}}],"inLanguage":"pt-PT"},{"@type":"Organization","@id":"https:\/\/multi-gyn.com\/pt\/#organization","name":"Multi-Gyn","url":"https:\/\/multi-gyn.com\/pt\/","logo":{"@type":"ImageObject","inLanguage":"pt-PT","@id":"https:\/\/multi-gyn.com\/pt\/#\/schema\/logo\/image\/","url":"https:\/\/multi-gyn.com\/app\/uploads\/sites\/34\/2022\/11\/multi-gyn-logo.png","contentUrl":"https:\/\/multi-gyn.com\/app\/uploads\/sites\/34\/2022\/11\/multi-gyn-logo.png","width":149,"height":32,"caption":"Multi-Gyn"},"image":{"@id":"https:\/\/multi-gyn.com\/pt\/#\/schema\/logo\/image\/"}}]}},"_links":{"self":[{"href":"https:\/\/multi-gyn.com\/pt\/wp-json\/wp\/v2\/pages\/507","targetHints":{"allow":["GET"]}}],"collection":[{"href":"https:\/\/multi-gyn.com\/pt\/wp-json\/wp\/v2\/pages"}],"about":[{"href":"https:\/\/multi-gyn.com\/pt\/wp-json\/wp\/v2\/types\/page"}],"author":[{"embeddable":true,"href":"https:\/\/multi-gyn.com\/pt\/wp-json\/wp\/v2\/users\/6"}],"replies":[{"embeddable":true,"href":"https:\/\/multi-gyn.com\/pt\/wp-json\/wp\/v2\/comments?post=507"}],"version-history":[{"count":2,"href":"https:\/\/multi-gyn.com\/pt\/wp-json\/wp\/v2\/pages\/507\/revisions"}],"predecessor-version":[{"id":671,"href":"https:\/\/multi-gyn.com\/pt\/wp-json\/wp\/v2\/pages\/507\/revisions\/671"}],"up":[{"embeddable":true,"href":"https:\/\/multi-gyn.com\/pt\/wp-json\/wp\/v2\/pages\/177"}],"wp:attachment":[{"href":"https:\/\/multi-gyn.com\/pt\/wp-json\/wp\/v2\/media?parent=507"}],"wp:term":[{"taxonomy":"from-article-database","embeddable":true,"href":"https:\/\/multi-gyn.com\/pt\/wp-json\/wp\/v2\/from-article-database?post=507"}],"curies":[{"name":"wp","href":"https:\/\/api.w.org\/{rel}","templated":true}]}}