{"id":511,"date":"2022-12-09T16:27:06","date_gmt":"2022-12-09T16:27:06","guid":{"rendered":"https:\/\/multi-gyn.com\/pt\/?page_id=511"},"modified":"2025-04-28T10:42:59","modified_gmt":"2025-04-28T09:42:59","slug":"corrimento-vaginal-como-sinal-de-candidiase","status":"publish","type":"page","link":"https:\/\/multi-gyn.com\/pt\/saude-vaginal\/infecoes\/corrimento-vaginal-como-sinal-de-candidiase\/","title":{"rendered":"Corrimento vaginal, como sinal de candid\u00edase"},"content":{"rendered":"\n<div class=\"wp-block-karopharma-free-text pt-large pb-large bg-center bg-cover bg-no-repeat  is-style-primary\" style=\"background-image:url()\"><div class=\"free-text-wrapper container max-w-medium text-left\">\n<h1 class=\"wp-block-heading\">Corrimento vaginal, como sinal de candid\u00edase<\/h1>\n\n\n\n<p class=\"is-style-paragraph-preamble\">Corrimento vaginal \u00e9 um fluido segregado pelas gl\u00e2ndulas localizadas na vagina e vulva. O corrimento protege a vagina de infe\u00e7\u00f5es, limpa-a, e proporciona lubrifica\u00e7\u00e3o durante as rela\u00e7\u00f5es sexuais. Algumas vezes, quando algo est\u00e1 irregular na \u00e1rea \u00edntima, um corrimento anormal \u00e9 dos primeiros sintomas. Isto pode acontecer na vaginose bacteriana, candid\u00edase, ou outro problema urogenital.<\/p>\n<\/div><\/div>\n\n\n\n<div class=\"wp-block-karopharma-free-text pt-large pb-large bg-center bg-cover bg-no-repeat\" style=\"background-image:url()\"><div class=\"free-text-wrapper container max-w-medium text-left\">\n<p>Para al\u00e9m de corrimento vaginal, outros sinais de infe\u00e7\u00e3o vaginal f\u00fangica (candid\u00edase) incluem prurido, ardor, vermelhid\u00e3o, irrita\u00e7\u00e3o, incha\u00e7o e dor ao urinar ou durante rela\u00e7\u00f5es sexuais. Infe\u00e7\u00f5es vaginais f\u00fangicas (candid\u00edase) s\u00e3o geralmente causadas pela c\u00e2ndida albicans, um tipo de fungo que vive normalmente em v\u00e1rias zonas do nosso corpo \u2013 na vagina, no trato digestivo e na boca. Em condi\u00e7\u00f5es normais, o fungo vive em equil\u00edbrio com outros micr\u00f3bios e pode ser parte da nossa sa\u00fade vaginal. Contudo, se existe um desequil\u00edbrio no corpo, este fungo pode ser o in\u00edcio para um crescimento descontrolado, causando uma infe\u00e7\u00e3o e desconfortos relacionados.<\/p>\n\n\n\n<p>A maioria das mulheres experiencia pelo menos uma vez na vida uma infe\u00e7\u00e3o vaginal f\u00fangica (candid\u00edase). Muitas mulheres sofrem tamb\u00e9m de infe\u00e7\u00f5es recorrentes, especialmente antes ou depois do per\u00edodo menstrual, durante a gravidez ou durante a toma de contracetivos orais. Outros fatores que podem causar um desequil\u00edbrio na flora vaginal e contribuem para um crescimento excessivo da c\u00e2ndida s\u00e3o os antibi\u00f3ticos, excesso de peso, diabetes, utilizar roupas apertadas sint\u00e9ticas, utilizar medica\u00e7\u00e3o \u00e0 base de ester\u00f3ides, etc.<\/p>\n\n\n\n<h2 class=\"is-style-heading-h2 wp-block-heading\">Altera\u00e7\u00f5es no corrimento que podem ser sinal de infe\u00e7\u00e3o vaginal f\u00fangica<\/h2>\n\n\n\n<p>Um corrimento normal varia em cada mulher, mas geralmente \u00e9 claro, esbranqui\u00e7ado ou amarelado. Pode variar entre espesso, pegajoso, ou el\u00e1stico, dependendo do ciclo menstrual, de n\u00edveis de stress, h\u00e1bitos alimentares, gravidez, amamenta\u00e7\u00e3o ou certas medica\u00e7\u00f5es. A quantidade de corrimento pode variar tamb\u00e9m, e pode ser verificado um aumento durante a ovula\u00e7\u00e3o ou quando est\u00e1 excitada sexualmente. Se reparar que tem um corrimento branco, espesso, grumoso, id\u00eantico a requeij\u00e3o, pode ser sinal de infe\u00e7\u00e3o vaginal f\u00fangica (candid\u00edase). Corrimento pode tamb\u00e9m aumentar em quantidade durante uma infe\u00e7\u00e3o vaginal f\u00fangica (candid\u00edase), mas \u00e9 geralmente indolor. Se experienciar estes sintomas contacte o seu m\u00e9dico para aconselhamento, especialmente se estiver gr\u00e1vida.<\/p>\n\n\n\n<h2 class=\"is-style-heading-h2 wp-block-heading\">Um engano comum<\/h2>\n\n\n\n<p>Dois dos desconfortos vaginais mais comuns est\u00e3o relacionados com um desequil\u00edbrio da flora vaginal \u2013 vaginose bacteriana e candid\u00edase. Estes dois problemas partilham sintomas id\u00eanticos, e por isso s\u00e3o muitas vezes confundidos, causando problemas com o tratamento prescrito e algumas vezes mais complica\u00e7\u00f5es. Apesar de existirem casos em que ambas as infe\u00e7\u00f5es se desenvolvem simultaneamente, na maioria dos casos existem algumas diferen\u00e7as que podem ajudar a diferenciar estes dois problemas. Corrimento \u00e9 carater\u00edstico da vaginose bacteriana e \u00e9 normalmente branco acinzentado ou amarelado, normalmente muito fino, acompanhado com um odor a peixe forte. Na infe\u00e7\u00e3o vaginal f\u00fangica (candid\u00edase), o corrimento tem um forte odor, e \u00e9 id\u00eantico a requeij\u00e3o.<\/p>\n<\/div><\/div>\n","protected":false},"excerpt":{"rendered":"","protected":false},"author":6,"featured_media":0,"parent":177,"menu_order":0,"comment_status":"closed","ping_status":"closed","template":"","meta":{"_acf_changed":false,"footnotes":""},"from-article-database":[],"class_list":["post-511","page","type-page","status-publish","hentry"],"acf":[],"yoast_head":"<!-- This site is optimized with the Yoast SEO plugin v26.6 - https:\/\/yoast.com\/wordpress\/plugins\/seo\/ -->\n<title>Corrimento vaginal, como sinal de candid\u00edase - Multi-Gyn<\/title>\n<meta name=\"description\" content=\"Corrimento vaginal \u00e9 um fluido segregado pelas gl\u00e2ndulas localizadas na vagina e vulva. O corrimento protege a vagina de infe\u00e7\u00f5es, limpa-a, e proporciona lubrifica\u00e7\u00e3o durante as rela\u00e7\u00f5es sexuais.\" \/>\n<meta name=\"robots\" content=\"index, follow, max-snippet:-1, max-image-preview:large, max-video-preview:-1\" \/>\n<link rel=\"canonical\" href=\"https:\/\/multi-gyn.com\/pt\/saude-vaginal\/infecoes\/corrimento-vaginal-como-sinal-de-candidiase\/\" \/>\n<meta property=\"og:locale\" content=\"pt_PT\" \/>\n<meta property=\"og:type\" content=\"article\" \/>\n<meta property=\"og:title\" content=\"Corrimento vaginal, como sinal de candid\u00edase - Multi-Gyn\" \/>\n<meta property=\"og:description\" content=\"Corrimento vaginal \u00e9 um fluido segregado pelas gl\u00e2ndulas localizadas na vagina e vulva. O corrimento protege a vagina de infe\u00e7\u00f5es, limpa-a, e proporciona lubrifica\u00e7\u00e3o durante as rela\u00e7\u00f5es sexuais.\" \/>\n<meta property=\"og:url\" content=\"https:\/\/multi-gyn.com\/pt\/saude-vaginal\/infecoes\/corrimento-vaginal-como-sinal-de-candidiase\/\" \/>\n<meta property=\"og:site_name\" content=\"Multi-Gyn\" \/>\n<meta property=\"article:modified_time\" content=\"2025-04-28T09:42:59+00:00\" \/>\n<meta name=\"twitter:card\" content=\"summary_large_image\" \/>\n<meta name=\"twitter:label1\" content=\"Tempo estimado de leitura\" \/>\n\t<meta name=\"twitter:data1\" content=\"3 minutos\" \/>\n<script type=\"application\/ld+json\" class=\"yoast-schema-graph\">{\"@context\":\"https:\/\/schema.org\",\"@graph\":[{\"@type\":\"WebPage\",\"@id\":\"https:\/\/multi-gyn.com\/pt\/saude-vaginal\/infecoes\/corrimento-vaginal-como-sinal-de-candidiase\/\",\"url\":\"https:\/\/multi-gyn.com\/pt\/saude-vaginal\/infecoes\/corrimento-vaginal-como-sinal-de-candidiase\/\",\"name\":\"Corrimento vaginal, como sinal de candid\u00edase - Multi-Gyn\",\"isPartOf\":{\"@id\":\"https:\/\/multi-gyn.com\/pt\/#website\"},\"datePublished\":\"2022-12-09T16:27:06+00:00\",\"dateModified\":\"2025-04-28T09:42:59+00:00\",\"description\":\"Corrimento vaginal \u00e9 um fluido segregado pelas gl\u00e2ndulas localizadas na vagina e vulva. O corrimento protege a vagina de infe\u00e7\u00f5es, limpa-a, e proporciona lubrifica\u00e7\u00e3o durante as rela\u00e7\u00f5es sexuais.\",\"breadcrumb\":{\"@id\":\"https:\/\/multi-gyn.com\/pt\/saude-vaginal\/infecoes\/corrimento-vaginal-como-sinal-de-candidiase\/#breadcrumb\"},\"inLanguage\":\"pt-PT\",\"potentialAction\":[{\"@type\":\"ReadAction\",\"target\":[\"https:\/\/multi-gyn.com\/pt\/saude-vaginal\/infecoes\/corrimento-vaginal-como-sinal-de-candidiase\/\"]}]},{\"@type\":\"BreadcrumbList\",\"@id\":\"https:\/\/multi-gyn.com\/pt\/saude-vaginal\/infecoes\/corrimento-vaginal-como-sinal-de-candidiase\/#breadcrumb\",\"itemListElement\":[{\"@type\":\"ListItem\",\"position\":1,\"name\":\"Home\",\"item\":\"https:\/\/multi-gyn.com\/pt\/\"},{\"@type\":\"ListItem\",\"position\":2,\"name\":\"Sa\u00fade vaginal\",\"item\":\"https:\/\/multi-gyn.com\/pt\/saude-vaginal\/\"},{\"@type\":\"ListItem\",\"position\":3,\"name\":\"Infe\u00e7\u00f5es\",\"item\":\"https:\/\/multi-gyn.com\/pt\/saude-vaginal\/infecoes\/\"},{\"@type\":\"ListItem\",\"position\":4,\"name\":\"Corrimento vaginal, como sinal de candid\u00edase\"}]},{\"@type\":\"WebSite\",\"@id\":\"https:\/\/multi-gyn.com\/pt\/#website\",\"url\":\"https:\/\/multi-gyn.com\/pt\/\",\"name\":\"Multi-Gyn\",\"description\":\"\",\"publisher\":{\"@id\":\"https:\/\/multi-gyn.com\/pt\/#organization\"},\"potentialAction\":[{\"@type\":\"SearchAction\",\"target\":{\"@type\":\"EntryPoint\",\"urlTemplate\":\"https:\/\/multi-gyn.com\/pt\/?s={search_term_string}\"},\"query-input\":{\"@type\":\"PropertyValueSpecification\",\"valueRequired\":true,\"valueName\":\"search_term_string\"}}],\"inLanguage\":\"pt-PT\"},{\"@type\":\"Organization\",\"@id\":\"https:\/\/multi-gyn.com\/pt\/#organization\",\"name\":\"Multi-Gyn\",\"url\":\"https:\/\/multi-gyn.com\/pt\/\",\"logo\":{\"@type\":\"ImageObject\",\"inLanguage\":\"pt-PT\",\"@id\":\"https:\/\/multi-gyn.com\/pt\/#\/schema\/logo\/image\/\",\"url\":\"https:\/\/multi-gyn.com\/app\/uploads\/sites\/34\/2022\/11\/multi-gyn-logo.png\",\"contentUrl\":\"https:\/\/multi-gyn.com\/app\/uploads\/sites\/34\/2022\/11\/multi-gyn-logo.png\",\"width\":149,\"height\":32,\"caption\":\"Multi-Gyn\"},\"image\":{\"@id\":\"https:\/\/multi-gyn.com\/pt\/#\/schema\/logo\/image\/\"}}]}<\/script>\n<!-- \/ Yoast SEO plugin. -->","yoast_head_json":{"title":"Corrimento vaginal, como sinal de candid\u00edase - Multi-Gyn","description":"Corrimento vaginal \u00e9 um fluido segregado pelas gl\u00e2ndulas localizadas na vagina e vulva. O corrimento protege a vagina de infe\u00e7\u00f5es, limpa-a, e proporciona lubrifica\u00e7\u00e3o durante as rela\u00e7\u00f5es sexuais.","robots":{"index":"index","follow":"follow","max-snippet":"max-snippet:-1","max-image-preview":"max-image-preview:large","max-video-preview":"max-video-preview:-1"},"canonical":"https:\/\/multi-gyn.com\/pt\/saude-vaginal\/infecoes\/corrimento-vaginal-como-sinal-de-candidiase\/","og_locale":"pt_PT","og_type":"article","og_title":"Corrimento vaginal, como sinal de candid\u00edase - Multi-Gyn","og_description":"Corrimento vaginal \u00e9 um fluido segregado pelas gl\u00e2ndulas localizadas na vagina e vulva. O corrimento protege a vagina de infe\u00e7\u00f5es, limpa-a, e proporciona lubrifica\u00e7\u00e3o durante as rela\u00e7\u00f5es sexuais.","og_url":"https:\/\/multi-gyn.com\/pt\/saude-vaginal\/infecoes\/corrimento-vaginal-como-sinal-de-candidiase\/","og_site_name":"Multi-Gyn","article_modified_time":"2025-04-28T09:42:59+00:00","twitter_card":"summary_large_image","twitter_misc":{"Tempo estimado de leitura":"3 minutos"},"schema":{"@context":"https:\/\/schema.org","@graph":[{"@type":"WebPage","@id":"https:\/\/multi-gyn.com\/pt\/saude-vaginal\/infecoes\/corrimento-vaginal-como-sinal-de-candidiase\/","url":"https:\/\/multi-gyn.com\/pt\/saude-vaginal\/infecoes\/corrimento-vaginal-como-sinal-de-candidiase\/","name":"Corrimento vaginal, como sinal de candid\u00edase - Multi-Gyn","isPartOf":{"@id":"https:\/\/multi-gyn.com\/pt\/#website"},"datePublished":"2022-12-09T16:27:06+00:00","dateModified":"2025-04-28T09:42:59+00:00","description":"Corrimento vaginal \u00e9 um fluido segregado pelas gl\u00e2ndulas localizadas na vagina e vulva. O corrimento protege a vagina de infe\u00e7\u00f5es, limpa-a, e proporciona lubrifica\u00e7\u00e3o durante as rela\u00e7\u00f5es sexuais.","breadcrumb":{"@id":"https:\/\/multi-gyn.com\/pt\/saude-vaginal\/infecoes\/corrimento-vaginal-como-sinal-de-candidiase\/#breadcrumb"},"inLanguage":"pt-PT","potentialAction":[{"@type":"ReadAction","target":["https:\/\/multi-gyn.com\/pt\/saude-vaginal\/infecoes\/corrimento-vaginal-como-sinal-de-candidiase\/"]}]},{"@type":"BreadcrumbList","@id":"https:\/\/multi-gyn.com\/pt\/saude-vaginal\/infecoes\/corrimento-vaginal-como-sinal-de-candidiase\/#breadcrumb","itemListElement":[{"@type":"ListItem","position":1,"name":"Home","item":"https:\/\/multi-gyn.com\/pt\/"},{"@type":"ListItem","position":2,"name":"Sa\u00fade vaginal","item":"https:\/\/multi-gyn.com\/pt\/saude-vaginal\/"},{"@type":"ListItem","position":3,"name":"Infe\u00e7\u00f5es","item":"https:\/\/multi-gyn.com\/pt\/saude-vaginal\/infecoes\/"},{"@type":"ListItem","position":4,"name":"Corrimento vaginal, como sinal de candid\u00edase"}]},{"@type":"WebSite","@id":"https:\/\/multi-gyn.com\/pt\/#website","url":"https:\/\/multi-gyn.com\/pt\/","name":"Multi-Gyn","description":"","publisher":{"@id":"https:\/\/multi-gyn.com\/pt\/#organization"},"potentialAction":[{"@type":"SearchAction","target":{"@type":"EntryPoint","urlTemplate":"https:\/\/multi-gyn.com\/pt\/?s={search_term_string}"},"query-input":{"@type":"PropertyValueSpecification","valueRequired":true,"valueName":"search_term_string"}}],"inLanguage":"pt-PT"},{"@type":"Organization","@id":"https:\/\/multi-gyn.com\/pt\/#organization","name":"Multi-Gyn","url":"https:\/\/multi-gyn.com\/pt\/","logo":{"@type":"ImageObject","inLanguage":"pt-PT","@id":"https:\/\/multi-gyn.com\/pt\/#\/schema\/logo\/image\/","url":"https:\/\/multi-gyn.com\/app\/uploads\/sites\/34\/2022\/11\/multi-gyn-logo.png","contentUrl":"https:\/\/multi-gyn.com\/app\/uploads\/sites\/34\/2022\/11\/multi-gyn-logo.png","width":149,"height":32,"caption":"Multi-Gyn"},"image":{"@id":"https:\/\/multi-gyn.com\/pt\/#\/schema\/logo\/image\/"}}]}},"_links":{"self":[{"href":"https:\/\/multi-gyn.com\/pt\/wp-json\/wp\/v2\/pages\/511","targetHints":{"allow":["GET"]}}],"collection":[{"href":"https:\/\/multi-gyn.com\/pt\/wp-json\/wp\/v2\/pages"}],"about":[{"href":"https:\/\/multi-gyn.com\/pt\/wp-json\/wp\/v2\/types\/page"}],"author":[{"embeddable":true,"href":"https:\/\/multi-gyn.com\/pt\/wp-json\/wp\/v2\/users\/6"}],"replies":[{"embeddable":true,"href":"https:\/\/multi-gyn.com\/pt\/wp-json\/wp\/v2\/comments?post=511"}],"version-history":[{"count":1,"href":"https:\/\/multi-gyn.com\/pt\/wp-json\/wp\/v2\/pages\/511\/revisions"}],"predecessor-version":[{"id":513,"href":"https:\/\/multi-gyn.com\/pt\/wp-json\/wp\/v2\/pages\/511\/revisions\/513"}],"up":[{"embeddable":true,"href":"https:\/\/multi-gyn.com\/pt\/wp-json\/wp\/v2\/pages\/177"}],"wp:attachment":[{"href":"https:\/\/multi-gyn.com\/pt\/wp-json\/wp\/v2\/media?parent=511"}],"wp:term":[{"taxonomy":"from-article-database","embeddable":true,"href":"https:\/\/multi-gyn.com\/pt\/wp-json\/wp\/v2\/from-article-database?post=511"}],"curies":[{"name":"wp","href":"https:\/\/api.w.org\/{rel}","templated":true}]}}