{"id":515,"date":"2022-12-09T16:35:09","date_gmt":"2022-12-09T16:35:09","guid":{"rendered":"https:\/\/multi-gyn.com\/pt\/?page_id=515"},"modified":"2025-04-28T10:42:58","modified_gmt":"2025-04-28T09:42:58","slug":"candidiase-durante-a-menstruacao","status":"publish","type":"page","link":"https:\/\/multi-gyn.com\/pt\/saude-vaginal\/infecoes\/candidiase-durante-a-menstruacao\/","title":{"rendered":"Candid\u00edase durante a menstrua\u00e7\u00e3o"},"content":{"rendered":"\n<div class=\"wp-block-karopharma-free-text pt-large pb-large bg-center bg-cover bg-no-repeat  is-style-primary\" style=\"background-image:url()\"><div class=\"free-text-wrapper container max-w-medium text-left\">\n<h1 class=\"wp-block-heading\">Candid\u00edase durante a menstrua\u00e7\u00e3o<\/h1>\n\n\n\n<p class=\"is-style-paragraph-preamble\">A c\u00e2ndida pertence ao grupo dos fungos, e algumas esp\u00e9cies de fungos podem ocorrer dentro da vagina. Contudo, assim que a c\u00e2ndida come\u00e7a a crescer excessivamente causa uma infe\u00e7\u00e3o. Os sintomas desconfort\u00e1veis devido \u00e0 infe\u00e7\u00e3o tornam-se bastante intolerantes quando combinados com o sangue menstrual, c\u00f3licas e irritabilidade do conjunto de todo o per\u00edodo. Saiba mais sobre infe\u00e7\u00f5es vaginais f\u00fangicas (candid\u00edase) e o que esperar caso a infe\u00e7\u00e3o surja durante o per\u00edodo.<\/p>\n<\/div><\/div>\n\n\n\n<div class=\"wp-block-karopharma-free-text pt-large pb-large bg-center bg-cover bg-no-repeat\" style=\"background-image:url()\"><div class=\"free-text-wrapper container max-w-medium text-left\">\n<p>A maioria das mulheres experiencia uma infe\u00e7\u00e3o vaginal f\u00fangica (candid\u00edase) pelo menos uma vez na vida. Isto deve-se \u00e0 flora vaginal delicada que pode ser facilmente perturbada do seu equil\u00edbrio, resultando no crescimento excessivo da c\u00e2ndida. Os fatores que causam um desequil\u00edbrio resultando em candid\u00edase s\u00e3o:<\/p>\n\n\n\n<ul class=\"is-style-default wp-block-list\"><li>Altera\u00e7\u00f5es hormonais, por exemplo durante o ciclo menstrual<\/li><li>Toma de antibi\u00f3ticos<\/li><li>Gravidez<\/li><li>Stress<\/li><li>Sistema imunit\u00e1rio enfraquecido<\/li><\/ul>\n\n\n\n<p>Infe\u00e7\u00f5es vaginais f\u00fangicas (candid\u00edase) ocorrem frequentemente ap\u00f3s e durante a menstrua\u00e7\u00e3o, ou uns dias ap\u00f3s o fim. Isto acontece devido aos n\u00edveis hormonais se alterarem durante o ciclo menstrual. Antes de a menstrua\u00e7\u00e3o iniciar, os n\u00edveis de estrog\u00e9nio diminuem. O fato do sangue menstrual ser alcalino n\u00e3o \u00e9 favor\u00e1vel. Ap\u00f3s o per\u00edodo terminar, os n\u00edveis de estrog\u00e9nio voltam ao normal, permitindo que a flora vaginal recupere.<\/p>\n\n\n\n<p>Os sintomas que geralmente surgem com a candid\u00edase vaginal s\u00e3o:<\/p>\n\n\n\n<ul class=\"is-style-default wp-block-list\"><li>Prurido vaginal, que pode variar entre suave a muito forte<\/li><li>Corrimento \u2013 esbranqui\u00e7ado, id\u00eantico a requeij\u00e3o e geralmente sem odor<\/li><li>Irrita\u00e7\u00e3o e vermelhid\u00e3o<\/li><li>Dor quando urina<\/li><li>Incha\u00e7o e dor, caso coce a \u00e1rea afetada<\/li><li>Dor durante rela\u00e7\u00f5es sexuais<\/li><li>Sensibilidade<\/li><\/ul>\n\n\n\n<h2 class=\"is-style-heading-h2 wp-block-heading\">Como prevenir infe\u00e7\u00f5es vaginais f\u00fangicas (candid\u00edase) durante a menstrua\u00e7\u00e3o?<\/h2>\n\n\n\n<p>\u00c9 dif\u00edcil determinar a causa exata de infe\u00e7\u00f5es vaginais f\u00fangicas. Por isso \u00e9 tamb\u00e9m dif\u00edcil preveni-las.<\/p>\n\n\n\n<p>Algumas mulheres beneficiam de bons h\u00e1bitos de higiene para manter a vagina equilibrada e saud\u00e1vel \u2013 isto inclui utilizar pensos higi\u00e9nicos sem frag\u00e2ncias, utilizar produtos de higiene \u00edntima que n\u00e3o contenham qu\u00edmicos nocivos e evitar produtos cosm\u00e9ticos que possam irritar a pele. Troque os pensos higi\u00e9nicos a cada 3, 4 horas e se for propensa a infe\u00e7\u00f5es vaginais f\u00fangicas (candid\u00edase), evite utilizar tamp\u00f5es. Os tamp\u00f5es mant\u00eam o sangue menstrual em contacto prolongado com o tecido vaginal, tornando mais prov\u00e1vel que a candid\u00edase se desenvolva num ambiente alcalino provocado pelo sangue.<\/p>\n\n\n\n<p>Tente utilizar um produto que estimule o crescimento das bact\u00e9rias saud\u00e1veis e protejam a flora vaginal de invas\u00f5es f\u00fangicas. Evite utilizar roupa sint\u00e9tica e apertada, especialmente antes e durante a menstrua\u00e7\u00e3o, pois estes tecidos podem promover o crescimento da candid\u00edase e aumentar o risco de infe\u00e7\u00f5es.<\/p>\n<\/div><\/div>\n","protected":false},"excerpt":{"rendered":"","protected":false},"author":6,"featured_media":0,"parent":177,"menu_order":0,"comment_status":"closed","ping_status":"closed","template":"","meta":{"_acf_changed":false,"footnotes":""},"from-article-database":[],"class_list":["post-515","page","type-page","status-publish","hentry"],"acf":[],"yoast_head":"<!-- This site is optimized with the Yoast SEO plugin v26.6 - https:\/\/yoast.com\/wordpress\/plugins\/seo\/ -->\n<title>Candid\u00edase durante a menstrua\u00e7\u00e3o - Multi-Gyn<\/title>\n<meta name=\"description\" content=\"A c\u00e2ndida pertence ao grupo dos fungos, e algumas esp\u00e9cies de fungos podem ocorrer dentro da vagina.\" \/>\n<meta name=\"robots\" content=\"index, follow, max-snippet:-1, max-image-preview:large, max-video-preview:-1\" \/>\n<link rel=\"canonical\" href=\"https:\/\/multi-gyn.com\/pt\/saude-vaginal\/infecoes\/candidiase-durante-a-menstruacao\/\" \/>\n<meta property=\"og:locale\" content=\"pt_PT\" \/>\n<meta property=\"og:type\" content=\"article\" \/>\n<meta property=\"og:title\" content=\"Candid\u00edase durante a menstrua\u00e7\u00e3o - Multi-Gyn\" \/>\n<meta property=\"og:description\" content=\"A c\u00e2ndida pertence ao grupo dos fungos, e algumas esp\u00e9cies de fungos podem ocorrer dentro da vagina.\" \/>\n<meta property=\"og:url\" content=\"https:\/\/multi-gyn.com\/pt\/saude-vaginal\/infecoes\/candidiase-durante-a-menstruacao\/\" \/>\n<meta property=\"og:site_name\" content=\"Multi-Gyn\" \/>\n<meta property=\"article:modified_time\" content=\"2025-04-28T09:42:58+00:00\" \/>\n<meta name=\"twitter:card\" content=\"summary_large_image\" \/>\n<meta name=\"twitter:label1\" content=\"Tempo estimado de leitura\" \/>\n\t<meta name=\"twitter:data1\" content=\"3 minutos\" \/>\n<script type=\"application\/ld+json\" class=\"yoast-schema-graph\">{\"@context\":\"https:\/\/schema.org\",\"@graph\":[{\"@type\":\"WebPage\",\"@id\":\"https:\/\/multi-gyn.com\/pt\/saude-vaginal\/infecoes\/candidiase-durante-a-menstruacao\/\",\"url\":\"https:\/\/multi-gyn.com\/pt\/saude-vaginal\/infecoes\/candidiase-durante-a-menstruacao\/\",\"name\":\"Candid\u00edase durante a menstrua\u00e7\u00e3o - Multi-Gyn\",\"isPartOf\":{\"@id\":\"https:\/\/multi-gyn.com\/pt\/#website\"},\"datePublished\":\"2022-12-09T16:35:09+00:00\",\"dateModified\":\"2025-04-28T09:42:58+00:00\",\"description\":\"A c\u00e2ndida pertence ao grupo dos fungos, e algumas esp\u00e9cies de fungos podem ocorrer dentro da vagina.\",\"breadcrumb\":{\"@id\":\"https:\/\/multi-gyn.com\/pt\/saude-vaginal\/infecoes\/candidiase-durante-a-menstruacao\/#breadcrumb\"},\"inLanguage\":\"pt-PT\",\"potentialAction\":[{\"@type\":\"ReadAction\",\"target\":[\"https:\/\/multi-gyn.com\/pt\/saude-vaginal\/infecoes\/candidiase-durante-a-menstruacao\/\"]}]},{\"@type\":\"BreadcrumbList\",\"@id\":\"https:\/\/multi-gyn.com\/pt\/saude-vaginal\/infecoes\/candidiase-durante-a-menstruacao\/#breadcrumb\",\"itemListElement\":[{\"@type\":\"ListItem\",\"position\":1,\"name\":\"Home\",\"item\":\"https:\/\/multi-gyn.com\/pt\/\"},{\"@type\":\"ListItem\",\"position\":2,\"name\":\"Sa\u00fade vaginal\",\"item\":\"https:\/\/multi-gyn.com\/pt\/saude-vaginal\/\"},{\"@type\":\"ListItem\",\"position\":3,\"name\":\"Infe\u00e7\u00f5es\",\"item\":\"https:\/\/multi-gyn.com\/pt\/saude-vaginal\/infecoes\/\"},{\"@type\":\"ListItem\",\"position\":4,\"name\":\"Candid\u00edase durante a menstrua\u00e7\u00e3o\"}]},{\"@type\":\"WebSite\",\"@id\":\"https:\/\/multi-gyn.com\/pt\/#website\",\"url\":\"https:\/\/multi-gyn.com\/pt\/\",\"name\":\"Multi-Gyn\",\"description\":\"\",\"publisher\":{\"@id\":\"https:\/\/multi-gyn.com\/pt\/#organization\"},\"potentialAction\":[{\"@type\":\"SearchAction\",\"target\":{\"@type\":\"EntryPoint\",\"urlTemplate\":\"https:\/\/multi-gyn.com\/pt\/?s={search_term_string}\"},\"query-input\":{\"@type\":\"PropertyValueSpecification\",\"valueRequired\":true,\"valueName\":\"search_term_string\"}}],\"inLanguage\":\"pt-PT\"},{\"@type\":\"Organization\",\"@id\":\"https:\/\/multi-gyn.com\/pt\/#organization\",\"name\":\"Multi-Gyn\",\"url\":\"https:\/\/multi-gyn.com\/pt\/\",\"logo\":{\"@type\":\"ImageObject\",\"inLanguage\":\"pt-PT\",\"@id\":\"https:\/\/multi-gyn.com\/pt\/#\/schema\/logo\/image\/\",\"url\":\"https:\/\/multi-gyn.com\/app\/uploads\/sites\/34\/2022\/11\/multi-gyn-logo.png\",\"contentUrl\":\"https:\/\/multi-gyn.com\/app\/uploads\/sites\/34\/2022\/11\/multi-gyn-logo.png\",\"width\":149,\"height\":32,\"caption\":\"Multi-Gyn\"},\"image\":{\"@id\":\"https:\/\/multi-gyn.com\/pt\/#\/schema\/logo\/image\/\"}}]}<\/script>\n<!-- \/ Yoast SEO plugin. -->","yoast_head_json":{"title":"Candid\u00edase durante a menstrua\u00e7\u00e3o - Multi-Gyn","description":"A c\u00e2ndida pertence ao grupo dos fungos, e algumas esp\u00e9cies de fungos podem ocorrer dentro da vagina.","robots":{"index":"index","follow":"follow","max-snippet":"max-snippet:-1","max-image-preview":"max-image-preview:large","max-video-preview":"max-video-preview:-1"},"canonical":"https:\/\/multi-gyn.com\/pt\/saude-vaginal\/infecoes\/candidiase-durante-a-menstruacao\/","og_locale":"pt_PT","og_type":"article","og_title":"Candid\u00edase durante a menstrua\u00e7\u00e3o - Multi-Gyn","og_description":"A c\u00e2ndida pertence ao grupo dos fungos, e algumas esp\u00e9cies de fungos podem ocorrer dentro da vagina.","og_url":"https:\/\/multi-gyn.com\/pt\/saude-vaginal\/infecoes\/candidiase-durante-a-menstruacao\/","og_site_name":"Multi-Gyn","article_modified_time":"2025-04-28T09:42:58+00:00","twitter_card":"summary_large_image","twitter_misc":{"Tempo estimado de leitura":"3 minutos"},"schema":{"@context":"https:\/\/schema.org","@graph":[{"@type":"WebPage","@id":"https:\/\/multi-gyn.com\/pt\/saude-vaginal\/infecoes\/candidiase-durante-a-menstruacao\/","url":"https:\/\/multi-gyn.com\/pt\/saude-vaginal\/infecoes\/candidiase-durante-a-menstruacao\/","name":"Candid\u00edase durante a menstrua\u00e7\u00e3o - Multi-Gyn","isPartOf":{"@id":"https:\/\/multi-gyn.com\/pt\/#website"},"datePublished":"2022-12-09T16:35:09+00:00","dateModified":"2025-04-28T09:42:58+00:00","description":"A c\u00e2ndida pertence ao grupo dos fungos, e algumas esp\u00e9cies de fungos podem ocorrer dentro da vagina.","breadcrumb":{"@id":"https:\/\/multi-gyn.com\/pt\/saude-vaginal\/infecoes\/candidiase-durante-a-menstruacao\/#breadcrumb"},"inLanguage":"pt-PT","potentialAction":[{"@type":"ReadAction","target":["https:\/\/multi-gyn.com\/pt\/saude-vaginal\/infecoes\/candidiase-durante-a-menstruacao\/"]}]},{"@type":"BreadcrumbList","@id":"https:\/\/multi-gyn.com\/pt\/saude-vaginal\/infecoes\/candidiase-durante-a-menstruacao\/#breadcrumb","itemListElement":[{"@type":"ListItem","position":1,"name":"Home","item":"https:\/\/multi-gyn.com\/pt\/"},{"@type":"ListItem","position":2,"name":"Sa\u00fade vaginal","item":"https:\/\/multi-gyn.com\/pt\/saude-vaginal\/"},{"@type":"ListItem","position":3,"name":"Infe\u00e7\u00f5es","item":"https:\/\/multi-gyn.com\/pt\/saude-vaginal\/infecoes\/"},{"@type":"ListItem","position":4,"name":"Candid\u00edase durante a menstrua\u00e7\u00e3o"}]},{"@type":"WebSite","@id":"https:\/\/multi-gyn.com\/pt\/#website","url":"https:\/\/multi-gyn.com\/pt\/","name":"Multi-Gyn","description":"","publisher":{"@id":"https:\/\/multi-gyn.com\/pt\/#organization"},"potentialAction":[{"@type":"SearchAction","target":{"@type":"EntryPoint","urlTemplate":"https:\/\/multi-gyn.com\/pt\/?s={search_term_string}"},"query-input":{"@type":"PropertyValueSpecification","valueRequired":true,"valueName":"search_term_string"}}],"inLanguage":"pt-PT"},{"@type":"Organization","@id":"https:\/\/multi-gyn.com\/pt\/#organization","name":"Multi-Gyn","url":"https:\/\/multi-gyn.com\/pt\/","logo":{"@type":"ImageObject","inLanguage":"pt-PT","@id":"https:\/\/multi-gyn.com\/pt\/#\/schema\/logo\/image\/","url":"https:\/\/multi-gyn.com\/app\/uploads\/sites\/34\/2022\/11\/multi-gyn-logo.png","contentUrl":"https:\/\/multi-gyn.com\/app\/uploads\/sites\/34\/2022\/11\/multi-gyn-logo.png","width":149,"height":32,"caption":"Multi-Gyn"},"image":{"@id":"https:\/\/multi-gyn.com\/pt\/#\/schema\/logo\/image\/"}}]}},"_links":{"self":[{"href":"https:\/\/multi-gyn.com\/pt\/wp-json\/wp\/v2\/pages\/515","targetHints":{"allow":["GET"]}}],"collection":[{"href":"https:\/\/multi-gyn.com\/pt\/wp-json\/wp\/v2\/pages"}],"about":[{"href":"https:\/\/multi-gyn.com\/pt\/wp-json\/wp\/v2\/types\/page"}],"author":[{"embeddable":true,"href":"https:\/\/multi-gyn.com\/pt\/wp-json\/wp\/v2\/users\/6"}],"replies":[{"embeddable":true,"href":"https:\/\/multi-gyn.com\/pt\/wp-json\/wp\/v2\/comments?post=515"}],"version-history":[{"count":1,"href":"https:\/\/multi-gyn.com\/pt\/wp-json\/wp\/v2\/pages\/515\/revisions"}],"predecessor-version":[{"id":517,"href":"https:\/\/multi-gyn.com\/pt\/wp-json\/wp\/v2\/pages\/515\/revisions\/517"}],"up":[{"embeddable":true,"href":"https:\/\/multi-gyn.com\/pt\/wp-json\/wp\/v2\/pages\/177"}],"wp:attachment":[{"href":"https:\/\/multi-gyn.com\/pt\/wp-json\/wp\/v2\/media?parent=515"}],"wp:term":[{"taxonomy":"from-article-database","embeddable":true,"href":"https:\/\/multi-gyn.com\/pt\/wp-json\/wp\/v2\/from-article-database?post=515"}],"curies":[{"name":"wp","href":"https:\/\/api.w.org\/{rel}","templated":true}]}}