{"id":523,"date":"2022-12-09T17:12:41","date_gmt":"2022-12-09T17:12:41","guid":{"rendered":"https:\/\/multi-gyn.com\/pt\/?page_id=523"},"modified":"2025-04-28T10:42:54","modified_gmt":"2025-04-28T09:42:54","slug":"menopausa-e-os-seus-sintomas","status":"publish","type":"page","link":"https:\/\/multi-gyn.com\/pt\/saude-vaginal\/geral\/menopausa-e-os-seus-sintomas\/","title":{"rendered":"Menopausa e os seus sintomas"},"content":{"rendered":"\n<div class=\"wp-block-karopharma-free-text pt-large pb-large bg-center bg-cover bg-no-repeat  is-style-primary\" style=\"background-image:url()\"><div class=\"free-text-wrapper container max-w-medium text-left\">\n<h1 class=\"wp-block-heading\"><strong>Menopausa e os seus sintomas<\/strong><\/h1>\n\n\n\n<p class=\"is-style-paragraph-preamble\">A menopausa \u00e9 uma fase natural da vida da mulher \u2013 marca o fim do per\u00edodo f\u00e9rtil da mulher e pode acontecer devido ao processo natural de envelhecimento, ap\u00f3s certas cirurgias ou tratamentos m\u00e9dicos. \u00c9 causada por uma redu\u00e7\u00e3o das hormonas sexuais chamadas estrog\u00e9nio e progesterona que deixam de ser produzidas pelos ov\u00e1rios. O primeiro sintoma de menopausa \u00e9 normalmente uma irregularidade entre per\u00edodos \u2013 poder\u00e1 notar altera\u00e7\u00f5es na quantidade de sangue menstrual, mas ir\u00e1 reparar mais, na frequ\u00eancia em que os seus per\u00edodos alteram. Os per\u00edodos podem surgir mais frequentemente ou mais raramente, at\u00e9 que param completamente.<\/p>\n<\/div><\/div>\n\n\n\n<div class=\"wp-block-karopharma-free-text pt-large pb-large bg-center bg-cover bg-no-repeat\" style=\"background-image:url()\"><div class=\"free-text-wrapper container max-w-medium text-left\">\n<p>Esta fase da menopausa \u00e9 chamada de peri-menopausa e os sintomas podem durar at\u00e9 mesmo ap\u00f3s o fim de per\u00edodos \u2013 muitas mulheres t\u00eam os sintomas carater\u00edsticos da menopausa durante anos ap\u00f3s o \u00faltimo per\u00edodo. Veja a lista de sintomas que podem ocorrer durante a menopausa:<\/p>\n\n\n\n<h2 class=\"is-style-heading-h2 wp-block-heading\"><strong>Common menopause symptoms<\/strong><\/h2>\n\n\n\n<ul class=\"is-style-default wp-block-list\"><li>Secura vaginal, prurido, ardor e dor \u2013 estes problemas podem afetar a qualidade de vida causando fric\u00e7\u00e3o e dor quando faz exerc\u00edcio f\u00edsico, anda ou tem rela\u00e7\u00f5es sexuais. Um hidratante vaginal pode proporcionar al\u00edvio a longo prazo e permite apreciar as suas atividades preferidas sem se sentir desconfort\u00e1vel ou ter dor. Pode tamb\u00e9m aplicar um lubrificante antes de realizar rela\u00e7\u00f5es sexuais, mas lembre-se que contrariamente a um hidratante, um lubrificante apenas proporciona al\u00edvio a curto-prazo<\/li><li>Redu\u00e7\u00e3o da libido \u2013 ocorre frequentemente devido \u00e0 secura vaginal e pode melhorar caso utilize um hidratante vaginal ou lubrificante<\/li><li>Suores quentes \u2013 sensa\u00e7\u00e3o repentina de calor que se espalha pela cara, pesco\u00e7o e peito, criando vermelhid\u00e3o na pele<\/li><li>Suores noturnos \u2013 na realidade s\u00e3o suores quentes que acontecem durante a noite<\/li><li>Dificuldades em dormir \u2013 acordar v\u00e1rias vezes durante a noite, dormir inquieta ou ins\u00f3nias<\/li><li>Enxaquecas<\/li><li>Mudan\u00e7as de humor<\/li><li>Irritabilidade, ansiedade e depress\u00e3o<\/li><li>Dificuldade em concentrar-se e falhas de mem\u00f3ria<\/li><li>Fadiga<\/li><li>Tonturas<\/li><li>Palpita\u00e7\u00f5es card\u00edacas<\/li><li>Dor nas articula\u00e7\u00f5es e rigidez<\/li><li>Redu\u00e7\u00e3o de massa muscular<\/li><li>Perda de posturas corretas e aumento do risco de partir ossos devido a osteoporose<\/li><li>Infe\u00e7\u00f5es do trato urin\u00e1rio<\/li><li>Perda de cabelo e unhas quebradi\u00e7as<\/li><li>Aumento de peso<\/li><li>Incontin\u00eancia urin\u00e1ria<\/li><li>Incha\u00e7os<\/li><\/ul>\n\n\n\n<p>Fale com o seu m\u00e9dico para encontrar formas apropriadas de gerir os seus sintomas \u2013 existem muitas op\u00e7\u00f5es que podem ajudar a aliviar os sintomas e aproveitar a sua vida ao m\u00e1ximo.<\/p>\n<\/div><\/div>\n","protected":false},"excerpt":{"rendered":"","protected":false},"author":6,"featured_media":0,"parent":182,"menu_order":0,"comment_status":"closed","ping_status":"closed","template":"","meta":{"_acf_changed":false,"footnotes":""},"from-article-database":[],"class_list":["post-523","page","type-page","status-publish","hentry"],"acf":[],"yoast_head":"<!-- This site is optimized with the Yoast SEO plugin v26.6 - https:\/\/yoast.com\/wordpress\/plugins\/seo\/ -->\n<title>Menopausa e os seus sintomas - Multi-Gyn<\/title>\n<meta name=\"description\" content=\"Esta fase da menopausa \u00e9 chamada de peri-menopausa e os sintomas podem durar at\u00e9 mesmo ap\u00f3s o fim de per\u00edodos\" \/>\n<meta name=\"robots\" content=\"index, follow, max-snippet:-1, max-image-preview:large, max-video-preview:-1\" \/>\n<link rel=\"canonical\" href=\"https:\/\/multi-gyn.com\/pt\/saude-vaginal\/geral\/menopausa-e-os-seus-sintomas\/\" \/>\n<meta property=\"og:locale\" content=\"pt_PT\" \/>\n<meta property=\"og:type\" content=\"article\" \/>\n<meta property=\"og:title\" content=\"Menopausa e os seus sintomas - Multi-Gyn\" \/>\n<meta property=\"og:description\" content=\"Esta fase da menopausa \u00e9 chamada de peri-menopausa e os sintomas podem durar at\u00e9 mesmo ap\u00f3s o fim de per\u00edodos\" \/>\n<meta property=\"og:url\" content=\"https:\/\/multi-gyn.com\/pt\/saude-vaginal\/geral\/menopausa-e-os-seus-sintomas\/\" \/>\n<meta property=\"og:site_name\" content=\"Multi-Gyn\" \/>\n<meta property=\"article:modified_time\" content=\"2025-04-28T09:42:54+00:00\" \/>\n<meta name=\"twitter:card\" content=\"summary_large_image\" \/>\n<meta name=\"twitter:label1\" content=\"Tempo estimado de leitura\" \/>\n\t<meta name=\"twitter:data1\" content=\"3 minutos\" \/>\n<script type=\"application\/ld+json\" class=\"yoast-schema-graph\">{\"@context\":\"https:\/\/schema.org\",\"@graph\":[{\"@type\":\"WebPage\",\"@id\":\"https:\/\/multi-gyn.com\/pt\/saude-vaginal\/geral\/menopausa-e-os-seus-sintomas\/\",\"url\":\"https:\/\/multi-gyn.com\/pt\/saude-vaginal\/geral\/menopausa-e-os-seus-sintomas\/\",\"name\":\"Menopausa e os seus sintomas - Multi-Gyn\",\"isPartOf\":{\"@id\":\"https:\/\/multi-gyn.com\/pt\/#website\"},\"datePublished\":\"2022-12-09T17:12:41+00:00\",\"dateModified\":\"2025-04-28T09:42:54+00:00\",\"description\":\"Esta fase da menopausa \u00e9 chamada de peri-menopausa e os sintomas podem durar at\u00e9 mesmo ap\u00f3s o fim de per\u00edodos\",\"breadcrumb\":{\"@id\":\"https:\/\/multi-gyn.com\/pt\/saude-vaginal\/geral\/menopausa-e-os-seus-sintomas\/#breadcrumb\"},\"inLanguage\":\"pt-PT\",\"potentialAction\":[{\"@type\":\"ReadAction\",\"target\":[\"https:\/\/multi-gyn.com\/pt\/saude-vaginal\/geral\/menopausa-e-os-seus-sintomas\/\"]}]},{\"@type\":\"BreadcrumbList\",\"@id\":\"https:\/\/multi-gyn.com\/pt\/saude-vaginal\/geral\/menopausa-e-os-seus-sintomas\/#breadcrumb\",\"itemListElement\":[{\"@type\":\"ListItem\",\"position\":1,\"name\":\"Home\",\"item\":\"https:\/\/multi-gyn.com\/pt\/\"},{\"@type\":\"ListItem\",\"position\":2,\"name\":\"Sa\u00fade vaginal\",\"item\":\"https:\/\/multi-gyn.com\/pt\/saude-vaginal\/\"},{\"@type\":\"ListItem\",\"position\":3,\"name\":\"\u00a0Geral\",\"item\":\"https:\/\/multi-gyn.com\/pt\/saude-vaginal\/geral\/\"},{\"@type\":\"ListItem\",\"position\":4,\"name\":\"Menopausa e os seus sintomas\"}]},{\"@type\":\"WebSite\",\"@id\":\"https:\/\/multi-gyn.com\/pt\/#website\",\"url\":\"https:\/\/multi-gyn.com\/pt\/\",\"name\":\"Multi-Gyn\",\"description\":\"\",\"publisher\":{\"@id\":\"https:\/\/multi-gyn.com\/pt\/#organization\"},\"potentialAction\":[{\"@type\":\"SearchAction\",\"target\":{\"@type\":\"EntryPoint\",\"urlTemplate\":\"https:\/\/multi-gyn.com\/pt\/?s={search_term_string}\"},\"query-input\":{\"@type\":\"PropertyValueSpecification\",\"valueRequired\":true,\"valueName\":\"search_term_string\"}}],\"inLanguage\":\"pt-PT\"},{\"@type\":\"Organization\",\"@id\":\"https:\/\/multi-gyn.com\/pt\/#organization\",\"name\":\"Multi-Gyn\",\"url\":\"https:\/\/multi-gyn.com\/pt\/\",\"logo\":{\"@type\":\"ImageObject\",\"inLanguage\":\"pt-PT\",\"@id\":\"https:\/\/multi-gyn.com\/pt\/#\/schema\/logo\/image\/\",\"url\":\"https:\/\/multi-gyn.com\/app\/uploads\/sites\/34\/2022\/11\/multi-gyn-logo.png\",\"contentUrl\":\"https:\/\/multi-gyn.com\/app\/uploads\/sites\/34\/2022\/11\/multi-gyn-logo.png\",\"width\":149,\"height\":32,\"caption\":\"Multi-Gyn\"},\"image\":{\"@id\":\"https:\/\/multi-gyn.com\/pt\/#\/schema\/logo\/image\/\"}}]}<\/script>\n<!-- \/ Yoast SEO plugin. -->","yoast_head_json":{"title":"Menopausa e os seus sintomas - Multi-Gyn","description":"Esta fase da menopausa \u00e9 chamada de peri-menopausa e os sintomas podem durar at\u00e9 mesmo ap\u00f3s o fim de per\u00edodos","robots":{"index":"index","follow":"follow","max-snippet":"max-snippet:-1","max-image-preview":"max-image-preview:large","max-video-preview":"max-video-preview:-1"},"canonical":"https:\/\/multi-gyn.com\/pt\/saude-vaginal\/geral\/menopausa-e-os-seus-sintomas\/","og_locale":"pt_PT","og_type":"article","og_title":"Menopausa e os seus sintomas - Multi-Gyn","og_description":"Esta fase da menopausa \u00e9 chamada de peri-menopausa e os sintomas podem durar at\u00e9 mesmo ap\u00f3s o fim de per\u00edodos","og_url":"https:\/\/multi-gyn.com\/pt\/saude-vaginal\/geral\/menopausa-e-os-seus-sintomas\/","og_site_name":"Multi-Gyn","article_modified_time":"2025-04-28T09:42:54+00:00","twitter_card":"summary_large_image","twitter_misc":{"Tempo estimado de leitura":"3 minutos"},"schema":{"@context":"https:\/\/schema.org","@graph":[{"@type":"WebPage","@id":"https:\/\/multi-gyn.com\/pt\/saude-vaginal\/geral\/menopausa-e-os-seus-sintomas\/","url":"https:\/\/multi-gyn.com\/pt\/saude-vaginal\/geral\/menopausa-e-os-seus-sintomas\/","name":"Menopausa e os seus sintomas - Multi-Gyn","isPartOf":{"@id":"https:\/\/multi-gyn.com\/pt\/#website"},"datePublished":"2022-12-09T17:12:41+00:00","dateModified":"2025-04-28T09:42:54+00:00","description":"Esta fase da menopausa \u00e9 chamada de peri-menopausa e os sintomas podem durar at\u00e9 mesmo ap\u00f3s o fim de per\u00edodos","breadcrumb":{"@id":"https:\/\/multi-gyn.com\/pt\/saude-vaginal\/geral\/menopausa-e-os-seus-sintomas\/#breadcrumb"},"inLanguage":"pt-PT","potentialAction":[{"@type":"ReadAction","target":["https:\/\/multi-gyn.com\/pt\/saude-vaginal\/geral\/menopausa-e-os-seus-sintomas\/"]}]},{"@type":"BreadcrumbList","@id":"https:\/\/multi-gyn.com\/pt\/saude-vaginal\/geral\/menopausa-e-os-seus-sintomas\/#breadcrumb","itemListElement":[{"@type":"ListItem","position":1,"name":"Home","item":"https:\/\/multi-gyn.com\/pt\/"},{"@type":"ListItem","position":2,"name":"Sa\u00fade vaginal","item":"https:\/\/multi-gyn.com\/pt\/saude-vaginal\/"},{"@type":"ListItem","position":3,"name":"\u00a0Geral","item":"https:\/\/multi-gyn.com\/pt\/saude-vaginal\/geral\/"},{"@type":"ListItem","position":4,"name":"Menopausa e os seus sintomas"}]},{"@type":"WebSite","@id":"https:\/\/multi-gyn.com\/pt\/#website","url":"https:\/\/multi-gyn.com\/pt\/","name":"Multi-Gyn","description":"","publisher":{"@id":"https:\/\/multi-gyn.com\/pt\/#organization"},"potentialAction":[{"@type":"SearchAction","target":{"@type":"EntryPoint","urlTemplate":"https:\/\/multi-gyn.com\/pt\/?s={search_term_string}"},"query-input":{"@type":"PropertyValueSpecification","valueRequired":true,"valueName":"search_term_string"}}],"inLanguage":"pt-PT"},{"@type":"Organization","@id":"https:\/\/multi-gyn.com\/pt\/#organization","name":"Multi-Gyn","url":"https:\/\/multi-gyn.com\/pt\/","logo":{"@type":"ImageObject","inLanguage":"pt-PT","@id":"https:\/\/multi-gyn.com\/pt\/#\/schema\/logo\/image\/","url":"https:\/\/multi-gyn.com\/app\/uploads\/sites\/34\/2022\/11\/multi-gyn-logo.png","contentUrl":"https:\/\/multi-gyn.com\/app\/uploads\/sites\/34\/2022\/11\/multi-gyn-logo.png","width":149,"height":32,"caption":"Multi-Gyn"},"image":{"@id":"https:\/\/multi-gyn.com\/pt\/#\/schema\/logo\/image\/"}}]}},"_links":{"self":[{"href":"https:\/\/multi-gyn.com\/pt\/wp-json\/wp\/v2\/pages\/523","targetHints":{"allow":["GET"]}}],"collection":[{"href":"https:\/\/multi-gyn.com\/pt\/wp-json\/wp\/v2\/pages"}],"about":[{"href":"https:\/\/multi-gyn.com\/pt\/wp-json\/wp\/v2\/types\/page"}],"author":[{"embeddable":true,"href":"https:\/\/multi-gyn.com\/pt\/wp-json\/wp\/v2\/users\/6"}],"replies":[{"embeddable":true,"href":"https:\/\/multi-gyn.com\/pt\/wp-json\/wp\/v2\/comments?post=523"}],"version-history":[{"count":1,"href":"https:\/\/multi-gyn.com\/pt\/wp-json\/wp\/v2\/pages\/523\/revisions"}],"predecessor-version":[{"id":525,"href":"https:\/\/multi-gyn.com\/pt\/wp-json\/wp\/v2\/pages\/523\/revisions\/525"}],"up":[{"embeddable":true,"href":"https:\/\/multi-gyn.com\/pt\/wp-json\/wp\/v2\/pages\/182"}],"wp:attachment":[{"href":"https:\/\/multi-gyn.com\/pt\/wp-json\/wp\/v2\/media?parent=523"}],"wp:term":[{"taxonomy":"from-article-database","embeddable":true,"href":"https:\/\/multi-gyn.com\/pt\/wp-json\/wp\/v2\/from-article-database?post=523"}],"curies":[{"name":"wp","href":"https:\/\/api.w.org\/{rel}","templated":true}]}}