{"id":527,"date":"2022-12-09T17:21:04","date_gmt":"2022-12-09T17:21:04","guid":{"rendered":"https:\/\/multi-gyn.com\/pt\/?page_id=527"},"modified":"2025-04-28T10:42:52","modified_gmt":"2025-04-28T09:42:52","slug":"a-flora-vaginal","status":"publish","type":"page","link":"https:\/\/multi-gyn.com\/pt\/saude-vaginal\/geral\/a-flora-vaginal\/","title":{"rendered":"A flora vaginal"},"content":{"rendered":"\n<div class=\"wp-block-karopharma-free-text pt-large pb-large bg-center bg-cover bg-no-repeat  is-style-primary\" style=\"background-image:url()\"><div class=\"free-text-wrapper container max-w-medium text-left\">\n<h1 class=\"wp-block-heading\"><strong>A flora vaginal<\/strong><\/h1>\n\n\n\n<p class=\"is-style-paragraph-preamble\">Pode ser dif\u00edcil de acreditar, mas as novas t\u00e9cnicas de mapeamento de genes indicam que em 100 trili\u00f5es de c\u00e9lulas presentes no corpo humano, apenas 1\/10 s\u00e3o c\u00e9lulas humanas. As restantes 90% pertencem a microrganismos \u2013 bact\u00e9rias, v\u00edrus e outros micr\u00f3bios. N\u00e3o ser\u00e1 de admirar a import\u00e2ncia para a nossa sa\u00fade em geral, manter o equil\u00edbrio entre os micr\u00f3bios que vivem no nosso corpo \u2013 o mesmo se aplica \u00e0 vagina.<\/p>\n<\/div><\/div>\n\n\n\n<div class=\"wp-block-karopharma-free-text pt-large pb-large bg-center bg-cover bg-no-repeat\" style=\"background-image:url()\"><div class=\"free-text-wrapper container max-w-medium text-left\">\n<p>A maioria das mulheres sofre de vaginose bacteriana, candid\u00edase ou infe\u00e7\u00f5es urin\u00e1rias pelo menos 1 vez ao longo da sua vida. A principal causa de n\u00fameros elevados de recorr\u00eancia de problemas vaginais \u00e9 o desequil\u00edbrio na flora vaginal. Por outras palavras, o equil\u00edbrio \u00e9 perturbado por uma redu\u00e7\u00e3o do n\u00famero das bact\u00e9rias saud\u00e1veis ou pelo crescimento excessivo de bact\u00e9rias nocivas ou c\u00e9lulas f\u00fangicas. A redu\u00e7\u00e3o do n\u00famero de bact\u00e9rias saud\u00e1veis e o crescimento excessivo de micr\u00f3bios nocivos est\u00e1 frequentemente relacionado. Quando acontece, o corpo dever\u00e1 conseguir combater a infe\u00e7\u00e3o, ou ent\u00e3o poder\u00e1 necessitar de ajuda de medica\u00e7\u00e3o, produtos que contenham pr\u00e9bioticos ou altera\u00e7\u00f5es no estilo de vida.<\/p>\n\n\n\n<h2 class=\"is-style-heading-h2 wp-block-heading\"><strong>O que \u00e9 considerada uma flora vaginal saud\u00e1vel?<\/strong><\/h2>\n\n\n\n<p>Uma vagina saud\u00e1vel \u00e9 habitada essencialmente por boas bact\u00e9rias (lactobacilos). Essas bact\u00e9rias s\u00e3o consideradas como sendo protetoras da vagina \u2013 conseguem inibir o crescimento de potenciais bact\u00e9rias nocivas\/fungos produzindo \u00e1cido l\u00e1ctico e per\u00f3xido de hidrog\u00eanio, prevenindo que as bact\u00e9rias nocivas se adiram \u00e0s paredes vaginais. O \u00e1cido l\u00e1ctico ajuda a manter o ambiente \u00e1cido da vagina, enquanto que o per\u00f3xido de hidrog\u00eanio ajuda a eliminar as bact\u00e9rias nocivas.<\/p>\n\n\n\n<p>Existem muitos fatores que podem perturbar o equil\u00edbrio delicado que existe dentro da vagina \u2013 alguns deles incluem danos nos tecidos causados por partos naturais, problemas de sa\u00fade, stress, certos medicamentos, roupa apertada ou sint\u00e9tica, higiene inapropriada, irritantes presentes nas lo\u00e7\u00f5es, produtos de limpeza do corpo e outros cosm\u00e9ticos, fric\u00e7\u00e3o causada por penetra\u00e7\u00e3o se a mulher n\u00e3o possuir lubrifica\u00e7\u00e3o suficiente durante as rela\u00e7\u00f5es sexuais, altera\u00e7\u00f5es hormonais, etc.<\/p>\n\n\n\n<h2 class=\"is-style-heading-h2 wp-block-heading\"><strong><strong>Equil\u00edbrio perturbado<\/strong><\/strong><\/h2>\n\n\n\n<p>Se a flora vaginal ficar comprometida, o papel importante dos lactobacilos (as bact\u00e9rias positivas) \u00e9 afetado. Devido ao n\u00famero reduzido de lactobacilos, \u00e9 produzido menos \u00e1cido l\u00e1ctico e o pH vaginal baixo \u00e9 afetado. Como resultado, as bact\u00e9rias nocivas t\u00eam a oportunidade para crescerem excessivamente.<\/p>\n\n\n\n<p>Durante a gravidez, a quantidade e diversidade de lactobacilos na vagina \u00e9 geralmente reduzido, colocando as mulheres gr\u00e1vidas com um risco mais elevado de infe\u00e7\u00e3o. Os sintomas associados a uma flora vaginal desequilibrada incluem corrimento, odor, prurido, irrita\u00e7\u00e3o, vermelhid\u00e3o, incha\u00e7o, dor durante as rela\u00e7\u00f5es sexuais ou ao urinar, ardor, sensibilidade e dor.<\/p>\n\n\n\n<p>Uma flora vaginal equilibrada ajuda a prevenir infe\u00e7\u00f5es bacterianas e f\u00fangicas e \u00e9 crucial para uma boa sa\u00fade vaginal. Para reduzir o risco de desequilibrar a flora vaginal deve desenvolver bons h\u00e1bitos de higiene e seguir as recomenda\u00e7\u00f5es de como cuidar da sua \u00e1rea \u00edntima. Pode tamb\u00e9m utilizar produtos que contenham ingredientes que suportem o crescimento das bact\u00e9rias saud\u00e1veis para prevenir poss\u00edveis infe\u00e7\u00f5es e promovam a recupera\u00e7\u00e3o de sintomas que tenham come\u00e7ado a desenvolver-se.<\/p>\n<\/div><\/div>\n","protected":false},"excerpt":{"rendered":"","protected":false},"author":6,"featured_media":0,"parent":182,"menu_order":0,"comment_status":"closed","ping_status":"closed","template":"","meta":{"_acf_changed":false,"footnotes":""},"from-article-database":[],"class_list":["post-527","page","type-page","status-publish","hentry"],"acf":[],"yoast_head":"<!-- This site is optimized with the Yoast SEO plugin v26.6 - https:\/\/yoast.com\/wordpress\/plugins\/seo\/ -->\n<title>A flora vaginal - Multi-Gyn<\/title>\n<meta name=\"description\" content=\"Pode ser dif\u00edcil de acreditar, mas as novas t\u00e9cnicas de mapeamento de genes indicam que em 100 trili\u00f5es de c\u00e9lulas presentes no corpo humano, apenas 1\/10 s\u00e3o c\u00e9lulas humanas.\" \/>\n<meta name=\"robots\" content=\"index, follow, max-snippet:-1, max-image-preview:large, max-video-preview:-1\" \/>\n<link rel=\"canonical\" href=\"https:\/\/multi-gyn.com\/pt\/saude-vaginal\/geral\/a-flora-vaginal\/\" \/>\n<meta property=\"og:locale\" content=\"pt_PT\" \/>\n<meta property=\"og:type\" content=\"article\" \/>\n<meta property=\"og:title\" content=\"A flora vaginal - Multi-Gyn\" \/>\n<meta property=\"og:description\" content=\"Pode ser dif\u00edcil de acreditar, mas as novas t\u00e9cnicas de mapeamento de genes indicam que em 100 trili\u00f5es de c\u00e9lulas presentes no corpo humano, apenas 1\/10 s\u00e3o c\u00e9lulas humanas.\" \/>\n<meta property=\"og:url\" content=\"https:\/\/multi-gyn.com\/pt\/saude-vaginal\/geral\/a-flora-vaginal\/\" \/>\n<meta property=\"og:site_name\" content=\"Multi-Gyn\" \/>\n<meta property=\"article:modified_time\" content=\"2025-04-28T09:42:52+00:00\" \/>\n<meta name=\"twitter:card\" content=\"summary_large_image\" \/>\n<meta name=\"twitter:label1\" content=\"Tempo estimado de leitura\" \/>\n\t<meta name=\"twitter:data1\" content=\"3 minutos\" \/>\n<script type=\"application\/ld+json\" class=\"yoast-schema-graph\">{\"@context\":\"https:\/\/schema.org\",\"@graph\":[{\"@type\":\"WebPage\",\"@id\":\"https:\/\/multi-gyn.com\/pt\/saude-vaginal\/geral\/a-flora-vaginal\/\",\"url\":\"https:\/\/multi-gyn.com\/pt\/saude-vaginal\/geral\/a-flora-vaginal\/\",\"name\":\"A flora vaginal - Multi-Gyn\",\"isPartOf\":{\"@id\":\"https:\/\/multi-gyn.com\/pt\/#website\"},\"datePublished\":\"2022-12-09T17:21:04+00:00\",\"dateModified\":\"2025-04-28T09:42:52+00:00\",\"description\":\"Pode ser dif\u00edcil de acreditar, mas as novas t\u00e9cnicas de mapeamento de genes indicam que em 100 trili\u00f5es de c\u00e9lulas presentes no corpo humano, apenas 1\/10 s\u00e3o c\u00e9lulas humanas.\",\"breadcrumb\":{\"@id\":\"https:\/\/multi-gyn.com\/pt\/saude-vaginal\/geral\/a-flora-vaginal\/#breadcrumb\"},\"inLanguage\":\"pt-PT\",\"potentialAction\":[{\"@type\":\"ReadAction\",\"target\":[\"https:\/\/multi-gyn.com\/pt\/saude-vaginal\/geral\/a-flora-vaginal\/\"]}]},{\"@type\":\"BreadcrumbList\",\"@id\":\"https:\/\/multi-gyn.com\/pt\/saude-vaginal\/geral\/a-flora-vaginal\/#breadcrumb\",\"itemListElement\":[{\"@type\":\"ListItem\",\"position\":1,\"name\":\"Home\",\"item\":\"https:\/\/multi-gyn.com\/pt\/\"},{\"@type\":\"ListItem\",\"position\":2,\"name\":\"Sa\u00fade vaginal\",\"item\":\"https:\/\/multi-gyn.com\/pt\/saude-vaginal\/\"},{\"@type\":\"ListItem\",\"position\":3,\"name\":\"\u00a0Geral\",\"item\":\"https:\/\/multi-gyn.com\/pt\/saude-vaginal\/geral\/\"},{\"@type\":\"ListItem\",\"position\":4,\"name\":\"A flora vaginal\"}]},{\"@type\":\"WebSite\",\"@id\":\"https:\/\/multi-gyn.com\/pt\/#website\",\"url\":\"https:\/\/multi-gyn.com\/pt\/\",\"name\":\"Multi-Gyn\",\"description\":\"\",\"publisher\":{\"@id\":\"https:\/\/multi-gyn.com\/pt\/#organization\"},\"potentialAction\":[{\"@type\":\"SearchAction\",\"target\":{\"@type\":\"EntryPoint\",\"urlTemplate\":\"https:\/\/multi-gyn.com\/pt\/?s={search_term_string}\"},\"query-input\":{\"@type\":\"PropertyValueSpecification\",\"valueRequired\":true,\"valueName\":\"search_term_string\"}}],\"inLanguage\":\"pt-PT\"},{\"@type\":\"Organization\",\"@id\":\"https:\/\/multi-gyn.com\/pt\/#organization\",\"name\":\"Multi-Gyn\",\"url\":\"https:\/\/multi-gyn.com\/pt\/\",\"logo\":{\"@type\":\"ImageObject\",\"inLanguage\":\"pt-PT\",\"@id\":\"https:\/\/multi-gyn.com\/pt\/#\/schema\/logo\/image\/\",\"url\":\"https:\/\/multi-gyn.com\/app\/uploads\/sites\/34\/2022\/11\/multi-gyn-logo.png\",\"contentUrl\":\"https:\/\/multi-gyn.com\/app\/uploads\/sites\/34\/2022\/11\/multi-gyn-logo.png\",\"width\":149,\"height\":32,\"caption\":\"Multi-Gyn\"},\"image\":{\"@id\":\"https:\/\/multi-gyn.com\/pt\/#\/schema\/logo\/image\/\"}}]}<\/script>\n<!-- \/ Yoast SEO plugin. -->","yoast_head_json":{"title":"A flora vaginal - Multi-Gyn","description":"Pode ser dif\u00edcil de acreditar, mas as novas t\u00e9cnicas de mapeamento de genes indicam que em 100 trili\u00f5es de c\u00e9lulas presentes no corpo humano, apenas 1\/10 s\u00e3o c\u00e9lulas humanas.","robots":{"index":"index","follow":"follow","max-snippet":"max-snippet:-1","max-image-preview":"max-image-preview:large","max-video-preview":"max-video-preview:-1"},"canonical":"https:\/\/multi-gyn.com\/pt\/saude-vaginal\/geral\/a-flora-vaginal\/","og_locale":"pt_PT","og_type":"article","og_title":"A flora vaginal - Multi-Gyn","og_description":"Pode ser dif\u00edcil de acreditar, mas as novas t\u00e9cnicas de mapeamento de genes indicam que em 100 trili\u00f5es de c\u00e9lulas presentes no corpo humano, apenas 1\/10 s\u00e3o c\u00e9lulas humanas.","og_url":"https:\/\/multi-gyn.com\/pt\/saude-vaginal\/geral\/a-flora-vaginal\/","og_site_name":"Multi-Gyn","article_modified_time":"2025-04-28T09:42:52+00:00","twitter_card":"summary_large_image","twitter_misc":{"Tempo estimado de leitura":"3 minutos"},"schema":{"@context":"https:\/\/schema.org","@graph":[{"@type":"WebPage","@id":"https:\/\/multi-gyn.com\/pt\/saude-vaginal\/geral\/a-flora-vaginal\/","url":"https:\/\/multi-gyn.com\/pt\/saude-vaginal\/geral\/a-flora-vaginal\/","name":"A flora vaginal - Multi-Gyn","isPartOf":{"@id":"https:\/\/multi-gyn.com\/pt\/#website"},"datePublished":"2022-12-09T17:21:04+00:00","dateModified":"2025-04-28T09:42:52+00:00","description":"Pode ser dif\u00edcil de acreditar, mas as novas t\u00e9cnicas de mapeamento de genes indicam que em 100 trili\u00f5es de c\u00e9lulas presentes no corpo humano, apenas 1\/10 s\u00e3o c\u00e9lulas humanas.","breadcrumb":{"@id":"https:\/\/multi-gyn.com\/pt\/saude-vaginal\/geral\/a-flora-vaginal\/#breadcrumb"},"inLanguage":"pt-PT","potentialAction":[{"@type":"ReadAction","target":["https:\/\/multi-gyn.com\/pt\/saude-vaginal\/geral\/a-flora-vaginal\/"]}]},{"@type":"BreadcrumbList","@id":"https:\/\/multi-gyn.com\/pt\/saude-vaginal\/geral\/a-flora-vaginal\/#breadcrumb","itemListElement":[{"@type":"ListItem","position":1,"name":"Home","item":"https:\/\/multi-gyn.com\/pt\/"},{"@type":"ListItem","position":2,"name":"Sa\u00fade vaginal","item":"https:\/\/multi-gyn.com\/pt\/saude-vaginal\/"},{"@type":"ListItem","position":3,"name":"\u00a0Geral","item":"https:\/\/multi-gyn.com\/pt\/saude-vaginal\/geral\/"},{"@type":"ListItem","position":4,"name":"A flora vaginal"}]},{"@type":"WebSite","@id":"https:\/\/multi-gyn.com\/pt\/#website","url":"https:\/\/multi-gyn.com\/pt\/","name":"Multi-Gyn","description":"","publisher":{"@id":"https:\/\/multi-gyn.com\/pt\/#organization"},"potentialAction":[{"@type":"SearchAction","target":{"@type":"EntryPoint","urlTemplate":"https:\/\/multi-gyn.com\/pt\/?s={search_term_string}"},"query-input":{"@type":"PropertyValueSpecification","valueRequired":true,"valueName":"search_term_string"}}],"inLanguage":"pt-PT"},{"@type":"Organization","@id":"https:\/\/multi-gyn.com\/pt\/#organization","name":"Multi-Gyn","url":"https:\/\/multi-gyn.com\/pt\/","logo":{"@type":"ImageObject","inLanguage":"pt-PT","@id":"https:\/\/multi-gyn.com\/pt\/#\/schema\/logo\/image\/","url":"https:\/\/multi-gyn.com\/app\/uploads\/sites\/34\/2022\/11\/multi-gyn-logo.png","contentUrl":"https:\/\/multi-gyn.com\/app\/uploads\/sites\/34\/2022\/11\/multi-gyn-logo.png","width":149,"height":32,"caption":"Multi-Gyn"},"image":{"@id":"https:\/\/multi-gyn.com\/pt\/#\/schema\/logo\/image\/"}}]}},"_links":{"self":[{"href":"https:\/\/multi-gyn.com\/pt\/wp-json\/wp\/v2\/pages\/527","targetHints":{"allow":["GET"]}}],"collection":[{"href":"https:\/\/multi-gyn.com\/pt\/wp-json\/wp\/v2\/pages"}],"about":[{"href":"https:\/\/multi-gyn.com\/pt\/wp-json\/wp\/v2\/types\/page"}],"author":[{"embeddable":true,"href":"https:\/\/multi-gyn.com\/pt\/wp-json\/wp\/v2\/users\/6"}],"replies":[{"embeddable":true,"href":"https:\/\/multi-gyn.com\/pt\/wp-json\/wp\/v2\/comments?post=527"}],"version-history":[{"count":1,"href":"https:\/\/multi-gyn.com\/pt\/wp-json\/wp\/v2\/pages\/527\/revisions"}],"predecessor-version":[{"id":528,"href":"https:\/\/multi-gyn.com\/pt\/wp-json\/wp\/v2\/pages\/527\/revisions\/528"}],"up":[{"embeddable":true,"href":"https:\/\/multi-gyn.com\/pt\/wp-json\/wp\/v2\/pages\/182"}],"wp:attachment":[{"href":"https:\/\/multi-gyn.com\/pt\/wp-json\/wp\/v2\/media?parent=527"}],"wp:term":[{"taxonomy":"from-article-database","embeddable":true,"href":"https:\/\/multi-gyn.com\/pt\/wp-json\/wp\/v2\/from-article-database?post=527"}],"curies":[{"name":"wp","href":"https:\/\/api.w.org\/{rel}","templated":true}]}}