{"id":533,"date":"2022-12-11T17:05:39","date_gmt":"2022-12-11T17:05:39","guid":{"rendered":"https:\/\/multi-gyn.com\/pt\/?page_id=533"},"modified":"2025-04-28T10:42:50","modified_gmt":"2025-04-28T09:42:50","slug":"de-que-cor-e-o-seu-corrimento","status":"publish","type":"page","link":"https:\/\/multi-gyn.com\/pt\/saude-vaginal\/geral\/de-que-cor-e-o-seu-corrimento\/","title":{"rendered":"De que cor \u00e9 o seu corrimento?"},"content":{"rendered":"\n<div class=\"wp-block-karopharma-free-text pt-large pb-large bg-center bg-cover bg-no-repeat  is-style-primary\" style=\"background-image:url()\"><div class=\"free-text-wrapper container max-w-medium text-left\">\n<h1 class=\"wp-block-heading\">De que cor \u00e9 o seu corrimento?<\/h1>\n\n\n\n<p class=\"is-style-paragraph-preamble\">Corrimento \u00e9 um fator importante na generalidade da sua sa\u00fade vaginal. As gl\u00e2ndulas dentro da vagina e c\u00e9rvice produzem um fluido que possui diferentes pap\u00e9is no sistema reprodutivo feminino: lava detritos, c\u00e9lulas mortas e microorganismos; ajuda a prevenir e combater infe\u00e7\u00f5es; lubrifica a vagina.<\/p>\n<\/div><\/div>\n\n\n\n<div class=\"wp-block-karopharma-free-text pt-large pb-large bg-center bg-cover bg-no-repeat\" style=\"background-image:url()\"><div class=\"free-text-wrapper container max-w-medium text-left\">\n<p>A quantidade, consist\u00eancia, odor e cor do corrimento s\u00e3o bastante individuais e podem variar ao longo do ciclo menstrual, enquanto amamenta, durante a gravidez ou quando est\u00e1 sexualmente estimulada. Se conhecer o seu corpo bem, conseguir\u00e1 reconhecer o que \u00e9 normal e carater\u00edsticas aceit\u00e1veis do corrimento que n\u00e3o provoquem raz\u00f5es para alarme. Por exemplo, pode notar uma ligeira altera\u00e7\u00e3o no cheiro se estiver gr\u00e1vida ou um aumento de corrimento enquanto est\u00e1 a ovular. Por outro lado, altera\u00e7\u00f5es anormais na cor, consist\u00eancia, quantidade ou odor podem indicar que est\u00e1 a desenvolver uma infe\u00e7\u00e3o \u2013 especialmente se outros sintomas, como prurido, ardor ou dor, tamb\u00e9m est\u00e3o presentes.<\/p>\n\n\n\n<h2 class=\"is-style-heading-h2 wp-block-heading\"><strong>Conhecer o seu corrimento<\/strong><\/h2>\n\n\n\n<p>Altera\u00e7\u00f5es na apar\u00eancia do corrimento podem indicar que \u00e9 altura de procurar aconselhamento no seu ginecologista \u2013 veja a tabela em baixo para que possa aprender a reconhecer as altera\u00e7\u00f5es mais carater\u00edsticas e as suas causas.<\/p>\n\n\n\n<figure class=\"wp-block-table is-style-primary-stripes\"><table class=\"has-black-color has-text-color has-fixed-layout\"><thead><tr><th><strong>Cor do Corrimento<\/strong><\/th><th><strong>Consist\u00eancia<\/strong><\/th><th><strong>Outros sintomas paralelos<\/strong><\/th><th><strong>Poss\u00edveis causas<\/strong><\/th><\/tr><\/thead><tbody><tr><td>Claro, branco ou esbranqui\u00e7ado, amarelo p\u00e1lido<\/td><td>Fino ou grosso, pegajoso, el\u00e1stico<\/td><td>Sem outros sintomas<\/td><td>Corrimento normal<\/td><\/tr><tr><td>Branco<\/td><td>Espesso e id\u00eantico a requeij\u00e3o<\/td><td>Vulva inchada, dor \u2013 especialmente durante rela\u00e7\u00f5es sexuais, prurido, ardor, res\u00edduos brancos que n\u00e3o podem ser removidos<\/td><td>Candid\u00edase<\/td><\/tr><tr><td>Branco, acinzentado, ou amarelo<\/td><td>Espesso ou fino<\/td><td>Odor a peixe, prurido, ardor, vulva inchada, vermelhid\u00e3o e irrita\u00e7\u00e3o<br><\/td><td>Vaginose bacteriana<\/td><\/tr><tr><td>Amarelado ou turvo<\/td><td>Pode ser de diferentes consist\u00eancias<\/td><td>Dor na regi\u00e3o p\u00e9lvica, sangramento vaginal ou perdas entre per\u00edodos, incontin\u00eancia urin\u00e1ria<\/td><td>Gonorreia<\/td><\/tr><tr><td>Amarelado ou esverdeado<\/td><td>Borbulhante, espumoso<\/td><td>Odor forte, prurido, dor quando urina<\/td><td>Tricomon\u00edase<\/td><\/tr><tr><td>Castanho com tra\u00e7os de sangue<\/td><td>Pode ser de diferentes consist\u00eancias<\/td><td>Dor na regi\u00e3o p\u00e9lvica, sangramento vaginal ou perdas entre per\u00edodos<\/td><td>Per\u00edodos irregulares. Corrimento acastanhado pode tamb\u00e9m surgir no inicio da menstrua\u00e7\u00e3o ou no fim.<\/td><\/tr><tr><td>Rosa<\/td><td>Pode ser de diferentes consist\u00eancias<\/td><td>Sem outros sintomas<\/td><td>Se teve recentemente um beb\u00e9, ser\u00e1 prov\u00e1vel que o revestimento do \u00fatero comece a descamar \u2013 ocorr\u00eancia normal ap\u00f3s o parto<\/td><\/tr><\/tbody><\/table><\/figure>\n\n\n\n<p>Se possuir algum sintoma mencionado na tabela acima ou outros sintomas anormais, consulte o seu ginecologista o quanto antes.<\/p>\n<\/div><\/div>\n","protected":false},"excerpt":{"rendered":"","protected":false},"author":6,"featured_media":0,"parent":182,"menu_order":0,"comment_status":"closed","ping_status":"closed","template":"","meta":{"_acf_changed":false,"footnotes":""},"from-article-database":[],"class_list":["post-533","page","type-page","status-publish","hentry"],"acf":[],"yoast_head":"<!-- This site is optimized with the Yoast SEO plugin v26.6 - https:\/\/yoast.com\/wordpress\/plugins\/seo\/ -->\n<title>De que cor \u00e9 o seu corrimento? - Multi-Gyn<\/title>\n<meta name=\"description\" content=\"A quantidade, consist\u00eancia, odor e cor do corrimento s\u00e3o bastante individuais e podem variar ao longo do ciclo menstrual, enquanto amamenta, durante a gravidez ou quando est\u00e1 sexualmente estimulada.\" \/>\n<meta name=\"robots\" content=\"index, follow, max-snippet:-1, max-image-preview:large, max-video-preview:-1\" \/>\n<link rel=\"canonical\" href=\"https:\/\/multi-gyn.com\/pt\/saude-vaginal\/geral\/de-que-cor-e-o-seu-corrimento\/\" \/>\n<meta property=\"og:locale\" content=\"pt_PT\" \/>\n<meta property=\"og:type\" content=\"article\" \/>\n<meta property=\"og:title\" content=\"De que cor \u00e9 o seu corrimento? - Multi-Gyn\" \/>\n<meta property=\"og:description\" content=\"A quantidade, consist\u00eancia, odor e cor do corrimento s\u00e3o bastante individuais e podem variar ao longo do ciclo menstrual, enquanto amamenta, durante a gravidez ou quando est\u00e1 sexualmente estimulada.\" \/>\n<meta property=\"og:url\" content=\"https:\/\/multi-gyn.com\/pt\/saude-vaginal\/geral\/de-que-cor-e-o-seu-corrimento\/\" \/>\n<meta property=\"og:site_name\" content=\"Multi-Gyn\" \/>\n<meta property=\"article:modified_time\" content=\"2025-04-28T09:42:50+00:00\" \/>\n<meta name=\"twitter:card\" content=\"summary_large_image\" \/>\n<meta name=\"twitter:label1\" content=\"Tempo estimado de leitura\" \/>\n\t<meta name=\"twitter:data1\" content=\"3 minutos\" \/>\n<script type=\"application\/ld+json\" class=\"yoast-schema-graph\">{\"@context\":\"https:\/\/schema.org\",\"@graph\":[{\"@type\":\"WebPage\",\"@id\":\"https:\/\/multi-gyn.com\/pt\/saude-vaginal\/geral\/de-que-cor-e-o-seu-corrimento\/\",\"url\":\"https:\/\/multi-gyn.com\/pt\/saude-vaginal\/geral\/de-que-cor-e-o-seu-corrimento\/\",\"name\":\"De que cor \u00e9 o seu corrimento? - Multi-Gyn\",\"isPartOf\":{\"@id\":\"https:\/\/multi-gyn.com\/pt\/#website\"},\"datePublished\":\"2022-12-11T17:05:39+00:00\",\"dateModified\":\"2025-04-28T09:42:50+00:00\",\"description\":\"A quantidade, consist\u00eancia, odor e cor do corrimento s\u00e3o bastante individuais e podem variar ao longo do ciclo menstrual, enquanto amamenta, durante a gravidez ou quando est\u00e1 sexualmente estimulada.\",\"breadcrumb\":{\"@id\":\"https:\/\/multi-gyn.com\/pt\/saude-vaginal\/geral\/de-que-cor-e-o-seu-corrimento\/#breadcrumb\"},\"inLanguage\":\"pt-PT\",\"potentialAction\":[{\"@type\":\"ReadAction\",\"target\":[\"https:\/\/multi-gyn.com\/pt\/saude-vaginal\/geral\/de-que-cor-e-o-seu-corrimento\/\"]}]},{\"@type\":\"BreadcrumbList\",\"@id\":\"https:\/\/multi-gyn.com\/pt\/saude-vaginal\/geral\/de-que-cor-e-o-seu-corrimento\/#breadcrumb\",\"itemListElement\":[{\"@type\":\"ListItem\",\"position\":1,\"name\":\"Home\",\"item\":\"https:\/\/multi-gyn.com\/pt\/\"},{\"@type\":\"ListItem\",\"position\":2,\"name\":\"Sa\u00fade vaginal\",\"item\":\"https:\/\/multi-gyn.com\/pt\/saude-vaginal\/\"},{\"@type\":\"ListItem\",\"position\":3,\"name\":\"\u00a0Geral\",\"item\":\"https:\/\/multi-gyn.com\/pt\/saude-vaginal\/geral\/\"},{\"@type\":\"ListItem\",\"position\":4,\"name\":\"De que cor \u00e9 o seu corrimento?\"}]},{\"@type\":\"WebSite\",\"@id\":\"https:\/\/multi-gyn.com\/pt\/#website\",\"url\":\"https:\/\/multi-gyn.com\/pt\/\",\"name\":\"Multi-Gyn\",\"description\":\"\",\"publisher\":{\"@id\":\"https:\/\/multi-gyn.com\/pt\/#organization\"},\"potentialAction\":[{\"@type\":\"SearchAction\",\"target\":{\"@type\":\"EntryPoint\",\"urlTemplate\":\"https:\/\/multi-gyn.com\/pt\/?s={search_term_string}\"},\"query-input\":{\"@type\":\"PropertyValueSpecification\",\"valueRequired\":true,\"valueName\":\"search_term_string\"}}],\"inLanguage\":\"pt-PT\"},{\"@type\":\"Organization\",\"@id\":\"https:\/\/multi-gyn.com\/pt\/#organization\",\"name\":\"Multi-Gyn\",\"url\":\"https:\/\/multi-gyn.com\/pt\/\",\"logo\":{\"@type\":\"ImageObject\",\"inLanguage\":\"pt-PT\",\"@id\":\"https:\/\/multi-gyn.com\/pt\/#\/schema\/logo\/image\/\",\"url\":\"https:\/\/multi-gyn.com\/app\/uploads\/sites\/34\/2022\/11\/multi-gyn-logo.png\",\"contentUrl\":\"https:\/\/multi-gyn.com\/app\/uploads\/sites\/34\/2022\/11\/multi-gyn-logo.png\",\"width\":149,\"height\":32,\"caption\":\"Multi-Gyn\"},\"image\":{\"@id\":\"https:\/\/multi-gyn.com\/pt\/#\/schema\/logo\/image\/\"}}]}<\/script>\n<!-- \/ Yoast SEO plugin. -->","yoast_head_json":{"title":"De que cor \u00e9 o seu corrimento? - Multi-Gyn","description":"A quantidade, consist\u00eancia, odor e cor do corrimento s\u00e3o bastante individuais e podem variar ao longo do ciclo menstrual, enquanto amamenta, durante a gravidez ou quando est\u00e1 sexualmente estimulada.","robots":{"index":"index","follow":"follow","max-snippet":"max-snippet:-1","max-image-preview":"max-image-preview:large","max-video-preview":"max-video-preview:-1"},"canonical":"https:\/\/multi-gyn.com\/pt\/saude-vaginal\/geral\/de-que-cor-e-o-seu-corrimento\/","og_locale":"pt_PT","og_type":"article","og_title":"De que cor \u00e9 o seu corrimento? - Multi-Gyn","og_description":"A quantidade, consist\u00eancia, odor e cor do corrimento s\u00e3o bastante individuais e podem variar ao longo do ciclo menstrual, enquanto amamenta, durante a gravidez ou quando est\u00e1 sexualmente estimulada.","og_url":"https:\/\/multi-gyn.com\/pt\/saude-vaginal\/geral\/de-que-cor-e-o-seu-corrimento\/","og_site_name":"Multi-Gyn","article_modified_time":"2025-04-28T09:42:50+00:00","twitter_card":"summary_large_image","twitter_misc":{"Tempo estimado de leitura":"3 minutos"},"schema":{"@context":"https:\/\/schema.org","@graph":[{"@type":"WebPage","@id":"https:\/\/multi-gyn.com\/pt\/saude-vaginal\/geral\/de-que-cor-e-o-seu-corrimento\/","url":"https:\/\/multi-gyn.com\/pt\/saude-vaginal\/geral\/de-que-cor-e-o-seu-corrimento\/","name":"De que cor \u00e9 o seu corrimento? - Multi-Gyn","isPartOf":{"@id":"https:\/\/multi-gyn.com\/pt\/#website"},"datePublished":"2022-12-11T17:05:39+00:00","dateModified":"2025-04-28T09:42:50+00:00","description":"A quantidade, consist\u00eancia, odor e cor do corrimento s\u00e3o bastante individuais e podem variar ao longo do ciclo menstrual, enquanto amamenta, durante a gravidez ou quando est\u00e1 sexualmente estimulada.","breadcrumb":{"@id":"https:\/\/multi-gyn.com\/pt\/saude-vaginal\/geral\/de-que-cor-e-o-seu-corrimento\/#breadcrumb"},"inLanguage":"pt-PT","potentialAction":[{"@type":"ReadAction","target":["https:\/\/multi-gyn.com\/pt\/saude-vaginal\/geral\/de-que-cor-e-o-seu-corrimento\/"]}]},{"@type":"BreadcrumbList","@id":"https:\/\/multi-gyn.com\/pt\/saude-vaginal\/geral\/de-que-cor-e-o-seu-corrimento\/#breadcrumb","itemListElement":[{"@type":"ListItem","position":1,"name":"Home","item":"https:\/\/multi-gyn.com\/pt\/"},{"@type":"ListItem","position":2,"name":"Sa\u00fade vaginal","item":"https:\/\/multi-gyn.com\/pt\/saude-vaginal\/"},{"@type":"ListItem","position":3,"name":"\u00a0Geral","item":"https:\/\/multi-gyn.com\/pt\/saude-vaginal\/geral\/"},{"@type":"ListItem","position":4,"name":"De que cor \u00e9 o seu corrimento?"}]},{"@type":"WebSite","@id":"https:\/\/multi-gyn.com\/pt\/#website","url":"https:\/\/multi-gyn.com\/pt\/","name":"Multi-Gyn","description":"","publisher":{"@id":"https:\/\/multi-gyn.com\/pt\/#organization"},"potentialAction":[{"@type":"SearchAction","target":{"@type":"EntryPoint","urlTemplate":"https:\/\/multi-gyn.com\/pt\/?s={search_term_string}"},"query-input":{"@type":"PropertyValueSpecification","valueRequired":true,"valueName":"search_term_string"}}],"inLanguage":"pt-PT"},{"@type":"Organization","@id":"https:\/\/multi-gyn.com\/pt\/#organization","name":"Multi-Gyn","url":"https:\/\/multi-gyn.com\/pt\/","logo":{"@type":"ImageObject","inLanguage":"pt-PT","@id":"https:\/\/multi-gyn.com\/pt\/#\/schema\/logo\/image\/","url":"https:\/\/multi-gyn.com\/app\/uploads\/sites\/34\/2022\/11\/multi-gyn-logo.png","contentUrl":"https:\/\/multi-gyn.com\/app\/uploads\/sites\/34\/2022\/11\/multi-gyn-logo.png","width":149,"height":32,"caption":"Multi-Gyn"},"image":{"@id":"https:\/\/multi-gyn.com\/pt\/#\/schema\/logo\/image\/"}}]}},"_links":{"self":[{"href":"https:\/\/multi-gyn.com\/pt\/wp-json\/wp\/v2\/pages\/533","targetHints":{"allow":["GET"]}}],"collection":[{"href":"https:\/\/multi-gyn.com\/pt\/wp-json\/wp\/v2\/pages"}],"about":[{"href":"https:\/\/multi-gyn.com\/pt\/wp-json\/wp\/v2\/types\/page"}],"author":[{"embeddable":true,"href":"https:\/\/multi-gyn.com\/pt\/wp-json\/wp\/v2\/users\/6"}],"replies":[{"embeddable":true,"href":"https:\/\/multi-gyn.com\/pt\/wp-json\/wp\/v2\/comments?post=533"}],"version-history":[{"count":1,"href":"https:\/\/multi-gyn.com\/pt\/wp-json\/wp\/v2\/pages\/533\/revisions"}],"predecessor-version":[{"id":535,"href":"https:\/\/multi-gyn.com\/pt\/wp-json\/wp\/v2\/pages\/533\/revisions\/535"}],"up":[{"embeddable":true,"href":"https:\/\/multi-gyn.com\/pt\/wp-json\/wp\/v2\/pages\/182"}],"wp:attachment":[{"href":"https:\/\/multi-gyn.com\/pt\/wp-json\/wp\/v2\/media?parent=533"}],"wp:term":[{"taxonomy":"from-article-database","embeddable":true,"href":"https:\/\/multi-gyn.com\/pt\/wp-json\/wp\/v2\/from-article-database?post=533"}],"curies":[{"name":"wp","href":"https:\/\/api.w.org\/{rel}","templated":true}]}}