{"id":537,"date":"2022-12-11T17:10:34","date_gmt":"2022-12-11T17:10:34","guid":{"rendered":"https:\/\/multi-gyn.com\/pt\/?page_id=537"},"modified":"2025-04-28T10:42:47","modified_gmt":"2025-04-28T09:42:47","slug":"a-diferenca-entre-vagina-e-vulva","status":"publish","type":"page","link":"https:\/\/multi-gyn.com\/pt\/saude-vaginal\/geral\/a-diferenca-entre-vagina-e-vulva\/","title":{"rendered":"A diferen\u00e7a entre vagina e vulva"},"content":{"rendered":"\n<div class=\"wp-block-karopharma-free-text pt-large pb-large bg-center bg-cover bg-no-repeat  is-style-primary\" style=\"background-image:url()\"><div class=\"free-text-wrapper container max-w-medium text-left\">\n<h1 class=\"wp-block-heading\"><strong>A diferen\u00e7a entre vagina e vulva<\/strong><\/h1>\n\n\n\n<p class=\"is-style-paragraph-preamble\">Se se pedisse que nomeassem os principais \u00f3rg\u00e3os do sistema reprodutivo feminino, a maioria das pessoas iria dizer vagina, \u00fatero e ov\u00e1rios. Contudo, mesmo que eles imaginassem o diagrama, o mais prov\u00e1vel \u00e9 que este estivesse errado.<\/p>\n<\/div><\/div>\n\n\n\n<div class=\"wp-block-karopharma-free-text pt-large pb-large bg-center bg-cover bg-no-repeat\" style=\"background-image:url()\"><div class=\"free-text-wrapper container max-w-medium text-left\">\n<p>A raz\u00e3o pela qual isto acontece \u00e9 porque existe um conceito errado de que a vagina \u00e9 o \u00f3rg\u00e3o reprodutivo que se encontra vis\u00edvel entre as pernas das mulheres. Muitas pessoas n\u00e3o sabem a diferen\u00e7a entre vagina e vulva. Isto n\u00e3o \u00e9 surpreendente, pois geralmente a sa\u00fade vulvovaginal \u00e9 referida como sa\u00fade vaginal, e a higiene vulvovaginal \u00e9 referida como higiene vaginal. A conveni\u00eancia de utilizar palavras mais curtas, tem diminu\u00eddo a necessidade de precis\u00e3o. A diferen\u00e7a entre vagina e vulva \u00e9 principalmente anat\u00f3mica e histol\u00f3gica, o que resulta em diferentes necessidades de higiene e doen\u00e7as.<\/p>\n\n\n\n<h2 class=\"is-style-heading-h2 wp-block-heading\"><strong>Anatomia da vagina e da vulva<\/strong><\/h2>\n\n\n\n<p>A vulva \u00e9 a parte externa do nosso sistema genital. \u00c9 constitu\u00edda pelos grandes e pequenos l\u00e1bios, clit\u00f3ris, monte p\u00fabico, a abertura da vagina e outras estruturas anat\u00f3micas. As \u201cportas duplas\u201d \u2013 pequenos e grandes l\u00e1bios \u2013 ajudam a proteger o interior da vagina de contamina\u00e7\u00e3o externa. Fornece tamb\u00e9m hidrata\u00e7\u00e3o gra\u00e7as \u00e0s gl\u00e2ndulas localizadas nos l\u00e1bios.<\/p>\n\n\n\n<p>A vagina \u00e9 o tubo que liga a vulva ao c\u00e9rvice e ao \u00fatero. \u00c9 um tubo el\u00e1stico coberto de tecidos mucosos, com uma flora microbiana espec\u00edfica e pH espec\u00edficos, e tem o papel principal de transportar e armazenar o esperma at\u00e9 aos tubos do \u00fatero e trompas de fal\u00f3pio para a fertiliza\u00e7\u00e3o do ovo, bem como para a passagem do beb\u00e9 durante o parto. As medidas exatas da vagina continuam a ser um assunto discutido, sendo que variam de pessoa para pessoa. O tamanho m\u00e9dio da vagina \u00e9 cerca de 8 cm de comprimento, mas quando estimulada\/excitada torna-se bastante el\u00e1stica e pode ser esticada para um tamanho superior.<\/p>\n\n\n\n<h2 class=\"is-style-heading-h2 wp-block-heading\"><strong><strong>Higiene vulvovaginal<\/strong><\/strong><\/h2>\n\n\n\n<p>A vagina \u00e9 um \u00f3rg\u00e3o de autolimpeza, o que significa que em circunst\u00e2ncias normais, n\u00e3o tem necessidade de ser lavada no interior. A vulva, por outro lado, deve ser lavada regularmente, pelo menos 1 vez por dia, para ajudar a proteger a vagina de poss\u00edveis contamina\u00e7\u00f5es. N\u00e3o deve utilizar produtos que contenham sab\u00e3o ou qu\u00edmicos nocivos para lavar as suas partes \u00edntimas, pois podem danificar o equil\u00edbrio fisiol\u00f3gico da flora vaginal e retira a lubrifica\u00e7\u00e3o natural protetora e os componentes de hidrata\u00e7\u00e3o. \u00c0s vezes, o equil\u00edbrio da flora vaginal \u00e9 perturbado, surge uma infe\u00e7\u00e3o ou \u00e9 necess\u00e1rio algum cuidado necess\u00e1rio. Neste caso, \u00e9 importante reconhecer os sintomas e contactar o seu m\u00e9dico, para que receba o tratamento correto.<\/p>\n<\/div><\/div>\n","protected":false},"excerpt":{"rendered":"","protected":false},"author":6,"featured_media":0,"parent":182,"menu_order":0,"comment_status":"closed","ping_status":"closed","template":"","meta":{"_acf_changed":false,"footnotes":""},"from-article-database":[],"class_list":["post-537","page","type-page","status-publish","hentry"],"acf":[],"yoast_head":"<!-- This site is optimized with the Yoast SEO plugin v26.6 - https:\/\/yoast.com\/wordpress\/plugins\/seo\/ -->\n<title>A diferen\u00e7a entre vagina e vulva - Multi-Gyn<\/title>\n<meta name=\"description\" content=\"A raz\u00e3o pela qual isto acontece \u00e9 porque existe um conceito errado de que a vagina \u00e9 o \u00f3rg\u00e3o reprodutivo que se encontra vis\u00edvel entre as pernas das mulheres.\" \/>\n<meta name=\"robots\" content=\"index, follow, max-snippet:-1, max-image-preview:large, max-video-preview:-1\" \/>\n<link rel=\"canonical\" href=\"https:\/\/multi-gyn.com\/pt\/saude-vaginal\/geral\/a-diferenca-entre-vagina-e-vulva\/\" \/>\n<meta property=\"og:locale\" content=\"pt_PT\" \/>\n<meta property=\"og:type\" content=\"article\" \/>\n<meta property=\"og:title\" content=\"A diferen\u00e7a entre vagina e vulva - Multi-Gyn\" \/>\n<meta property=\"og:description\" content=\"A raz\u00e3o pela qual isto acontece \u00e9 porque existe um conceito errado de que a vagina \u00e9 o \u00f3rg\u00e3o reprodutivo que se encontra vis\u00edvel entre as pernas das mulheres.\" \/>\n<meta property=\"og:url\" content=\"https:\/\/multi-gyn.com\/pt\/saude-vaginal\/geral\/a-diferenca-entre-vagina-e-vulva\/\" \/>\n<meta property=\"og:site_name\" content=\"Multi-Gyn\" \/>\n<meta property=\"article:modified_time\" content=\"2025-04-28T09:42:47+00:00\" \/>\n<meta name=\"twitter:card\" content=\"summary_large_image\" \/>\n<meta name=\"twitter:label1\" content=\"Tempo estimado de leitura\" \/>\n\t<meta name=\"twitter:data1\" content=\"3 minutos\" \/>\n<script type=\"application\/ld+json\" class=\"yoast-schema-graph\">{\"@context\":\"https:\/\/schema.org\",\"@graph\":[{\"@type\":\"WebPage\",\"@id\":\"https:\/\/multi-gyn.com\/pt\/saude-vaginal\/geral\/a-diferenca-entre-vagina-e-vulva\/\",\"url\":\"https:\/\/multi-gyn.com\/pt\/saude-vaginal\/geral\/a-diferenca-entre-vagina-e-vulva\/\",\"name\":\"A diferen\u00e7a entre vagina e vulva - Multi-Gyn\",\"isPartOf\":{\"@id\":\"https:\/\/multi-gyn.com\/pt\/#website\"},\"datePublished\":\"2022-12-11T17:10:34+00:00\",\"dateModified\":\"2025-04-28T09:42:47+00:00\",\"description\":\"A raz\u00e3o pela qual isto acontece \u00e9 porque existe um conceito errado de que a vagina \u00e9 o \u00f3rg\u00e3o reprodutivo que se encontra vis\u00edvel entre as pernas das mulheres.\",\"breadcrumb\":{\"@id\":\"https:\/\/multi-gyn.com\/pt\/saude-vaginal\/geral\/a-diferenca-entre-vagina-e-vulva\/#breadcrumb\"},\"inLanguage\":\"pt-PT\",\"potentialAction\":[{\"@type\":\"ReadAction\",\"target\":[\"https:\/\/multi-gyn.com\/pt\/saude-vaginal\/geral\/a-diferenca-entre-vagina-e-vulva\/\"]}]},{\"@type\":\"BreadcrumbList\",\"@id\":\"https:\/\/multi-gyn.com\/pt\/saude-vaginal\/geral\/a-diferenca-entre-vagina-e-vulva\/#breadcrumb\",\"itemListElement\":[{\"@type\":\"ListItem\",\"position\":1,\"name\":\"Home\",\"item\":\"https:\/\/multi-gyn.com\/pt\/\"},{\"@type\":\"ListItem\",\"position\":2,\"name\":\"Sa\u00fade vaginal\",\"item\":\"https:\/\/multi-gyn.com\/pt\/saude-vaginal\/\"},{\"@type\":\"ListItem\",\"position\":3,\"name\":\"\u00a0Geral\",\"item\":\"https:\/\/multi-gyn.com\/pt\/saude-vaginal\/geral\/\"},{\"@type\":\"ListItem\",\"position\":4,\"name\":\"A diferen\u00e7a entre vagina e vulva\"}]},{\"@type\":\"WebSite\",\"@id\":\"https:\/\/multi-gyn.com\/pt\/#website\",\"url\":\"https:\/\/multi-gyn.com\/pt\/\",\"name\":\"Multi-Gyn\",\"description\":\"\",\"publisher\":{\"@id\":\"https:\/\/multi-gyn.com\/pt\/#organization\"},\"potentialAction\":[{\"@type\":\"SearchAction\",\"target\":{\"@type\":\"EntryPoint\",\"urlTemplate\":\"https:\/\/multi-gyn.com\/pt\/?s={search_term_string}\"},\"query-input\":{\"@type\":\"PropertyValueSpecification\",\"valueRequired\":true,\"valueName\":\"search_term_string\"}}],\"inLanguage\":\"pt-PT\"},{\"@type\":\"Organization\",\"@id\":\"https:\/\/multi-gyn.com\/pt\/#organization\",\"name\":\"Multi-Gyn\",\"url\":\"https:\/\/multi-gyn.com\/pt\/\",\"logo\":{\"@type\":\"ImageObject\",\"inLanguage\":\"pt-PT\",\"@id\":\"https:\/\/multi-gyn.com\/pt\/#\/schema\/logo\/image\/\",\"url\":\"https:\/\/multi-gyn.com\/app\/uploads\/sites\/34\/2022\/11\/multi-gyn-logo.png\",\"contentUrl\":\"https:\/\/multi-gyn.com\/app\/uploads\/sites\/34\/2022\/11\/multi-gyn-logo.png\",\"width\":149,\"height\":32,\"caption\":\"Multi-Gyn\"},\"image\":{\"@id\":\"https:\/\/multi-gyn.com\/pt\/#\/schema\/logo\/image\/\"}}]}<\/script>\n<!-- \/ Yoast SEO plugin. -->","yoast_head_json":{"title":"A diferen\u00e7a entre vagina e vulva - Multi-Gyn","description":"A raz\u00e3o pela qual isto acontece \u00e9 porque existe um conceito errado de que a vagina \u00e9 o \u00f3rg\u00e3o reprodutivo que se encontra vis\u00edvel entre as pernas das mulheres.","robots":{"index":"index","follow":"follow","max-snippet":"max-snippet:-1","max-image-preview":"max-image-preview:large","max-video-preview":"max-video-preview:-1"},"canonical":"https:\/\/multi-gyn.com\/pt\/saude-vaginal\/geral\/a-diferenca-entre-vagina-e-vulva\/","og_locale":"pt_PT","og_type":"article","og_title":"A diferen\u00e7a entre vagina e vulva - Multi-Gyn","og_description":"A raz\u00e3o pela qual isto acontece \u00e9 porque existe um conceito errado de que a vagina \u00e9 o \u00f3rg\u00e3o reprodutivo que se encontra vis\u00edvel entre as pernas das mulheres.","og_url":"https:\/\/multi-gyn.com\/pt\/saude-vaginal\/geral\/a-diferenca-entre-vagina-e-vulva\/","og_site_name":"Multi-Gyn","article_modified_time":"2025-04-28T09:42:47+00:00","twitter_card":"summary_large_image","twitter_misc":{"Tempo estimado de leitura":"3 minutos"},"schema":{"@context":"https:\/\/schema.org","@graph":[{"@type":"WebPage","@id":"https:\/\/multi-gyn.com\/pt\/saude-vaginal\/geral\/a-diferenca-entre-vagina-e-vulva\/","url":"https:\/\/multi-gyn.com\/pt\/saude-vaginal\/geral\/a-diferenca-entre-vagina-e-vulva\/","name":"A diferen\u00e7a entre vagina e vulva - Multi-Gyn","isPartOf":{"@id":"https:\/\/multi-gyn.com\/pt\/#website"},"datePublished":"2022-12-11T17:10:34+00:00","dateModified":"2025-04-28T09:42:47+00:00","description":"A raz\u00e3o pela qual isto acontece \u00e9 porque existe um conceito errado de que a vagina \u00e9 o \u00f3rg\u00e3o reprodutivo que se encontra vis\u00edvel entre as pernas das mulheres.","breadcrumb":{"@id":"https:\/\/multi-gyn.com\/pt\/saude-vaginal\/geral\/a-diferenca-entre-vagina-e-vulva\/#breadcrumb"},"inLanguage":"pt-PT","potentialAction":[{"@type":"ReadAction","target":["https:\/\/multi-gyn.com\/pt\/saude-vaginal\/geral\/a-diferenca-entre-vagina-e-vulva\/"]}]},{"@type":"BreadcrumbList","@id":"https:\/\/multi-gyn.com\/pt\/saude-vaginal\/geral\/a-diferenca-entre-vagina-e-vulva\/#breadcrumb","itemListElement":[{"@type":"ListItem","position":1,"name":"Home","item":"https:\/\/multi-gyn.com\/pt\/"},{"@type":"ListItem","position":2,"name":"Sa\u00fade vaginal","item":"https:\/\/multi-gyn.com\/pt\/saude-vaginal\/"},{"@type":"ListItem","position":3,"name":"\u00a0Geral","item":"https:\/\/multi-gyn.com\/pt\/saude-vaginal\/geral\/"},{"@type":"ListItem","position":4,"name":"A diferen\u00e7a entre vagina e vulva"}]},{"@type":"WebSite","@id":"https:\/\/multi-gyn.com\/pt\/#website","url":"https:\/\/multi-gyn.com\/pt\/","name":"Multi-Gyn","description":"","publisher":{"@id":"https:\/\/multi-gyn.com\/pt\/#organization"},"potentialAction":[{"@type":"SearchAction","target":{"@type":"EntryPoint","urlTemplate":"https:\/\/multi-gyn.com\/pt\/?s={search_term_string}"},"query-input":{"@type":"PropertyValueSpecification","valueRequired":true,"valueName":"search_term_string"}}],"inLanguage":"pt-PT"},{"@type":"Organization","@id":"https:\/\/multi-gyn.com\/pt\/#organization","name":"Multi-Gyn","url":"https:\/\/multi-gyn.com\/pt\/","logo":{"@type":"ImageObject","inLanguage":"pt-PT","@id":"https:\/\/multi-gyn.com\/pt\/#\/schema\/logo\/image\/","url":"https:\/\/multi-gyn.com\/app\/uploads\/sites\/34\/2022\/11\/multi-gyn-logo.png","contentUrl":"https:\/\/multi-gyn.com\/app\/uploads\/sites\/34\/2022\/11\/multi-gyn-logo.png","width":149,"height":32,"caption":"Multi-Gyn"},"image":{"@id":"https:\/\/multi-gyn.com\/pt\/#\/schema\/logo\/image\/"}}]}},"_links":{"self":[{"href":"https:\/\/multi-gyn.com\/pt\/wp-json\/wp\/v2\/pages\/537","targetHints":{"allow":["GET"]}}],"collection":[{"href":"https:\/\/multi-gyn.com\/pt\/wp-json\/wp\/v2\/pages"}],"about":[{"href":"https:\/\/multi-gyn.com\/pt\/wp-json\/wp\/v2\/types\/page"}],"author":[{"embeddable":true,"href":"https:\/\/multi-gyn.com\/pt\/wp-json\/wp\/v2\/users\/6"}],"replies":[{"embeddable":true,"href":"https:\/\/multi-gyn.com\/pt\/wp-json\/wp\/v2\/comments?post=537"}],"version-history":[{"count":1,"href":"https:\/\/multi-gyn.com\/pt\/wp-json\/wp\/v2\/pages\/537\/revisions"}],"predecessor-version":[{"id":539,"href":"https:\/\/multi-gyn.com\/pt\/wp-json\/wp\/v2\/pages\/537\/revisions\/539"}],"up":[{"embeddable":true,"href":"https:\/\/multi-gyn.com\/pt\/wp-json\/wp\/v2\/pages\/182"}],"wp:attachment":[{"href":"https:\/\/multi-gyn.com\/pt\/wp-json\/wp\/v2\/media?parent=537"}],"wp:term":[{"taxonomy":"from-article-database","embeddable":true,"href":"https:\/\/multi-gyn.com\/pt\/wp-json\/wp\/v2\/from-article-database?post=537"}],"curies":[{"name":"wp","href":"https:\/\/api.w.org\/{rel}","templated":true}]}}