{"id":541,"date":"2022-12-11T17:17:25","date_gmt":"2022-12-11T17:17:25","guid":{"rendered":"https:\/\/multi-gyn.com\/pt\/?page_id=541"},"modified":"2025-04-28T10:42:45","modified_gmt":"2025-04-28T09:42:45","slug":"ph-vaginal-a-sua-vagina-e-acida-ou-alcalina","status":"publish","type":"page","link":"https:\/\/multi-gyn.com\/pt\/saude-vaginal\/geral\/ph-vaginal-a-sua-vagina-e-acida-ou-alcalina\/","title":{"rendered":"pH vaginal \u2013 a sua vagina \u00e9 \u00e1cida ou alcalina?"},"content":{"rendered":"\n<div class=\"wp-block-karopharma-free-text pt-large pb-large bg-center bg-cover bg-no-repeat  is-style-primary\" style=\"background-image:url()\"><div class=\"free-text-wrapper container max-w-medium text-left\">\n<h1 class=\"wp-block-heading\">pH vaginal \u2013 a sua vagina \u00e9 \u00e1cida ou alcalina?<\/h1>\n\n\n\n<p class=\"is-style-paragraph-preamble\">Pode j\u00e1 ter conhecimento que o pH vaginal \u00e9 uma parte importante da sa\u00fade \u00edntima. Mas qual \u00e9 o valor exato do pH e porque \u00e9 que \u00e9 t\u00e3o importante para a nossa sa\u00fade reprodutiva? Continue a ler para saber qual \u00e9 o valor normal do pH vaginal e se a vagina deve ser \u00e1cida ou alcalina.<\/p>\n<\/div><\/div>\n\n\n\n<div class=\"wp-block-karopharma-free-text pt-large pb-large bg-center bg-cover bg-no-repeat\" style=\"background-image:url()\"><div class=\"free-text-wrapper container max-w-medium text-left\">\n<h2 class=\"is-style-heading-h2 wp-block-heading\">O que \u00e9 o valor de pH?<\/h2>\n\n\n\n<p>O pH \u00e9 uma escala que indica a acidez ou a alcalinidade. A escala vai de 0 a 14, sendo 0 o mais \u00e1cido e 14 o mais alcalino. A \u00e1gua tem um pH 7, o que geralmente \u00e9 referido como um pH neutro. Um valor de pH vaginal saud\u00e1vel \u00e9 entre 3,8 a 4,5, dentro do intervalo \u00e1cido. A causa deste valor \u00e9 devido \u00e0s bact\u00e9rias saud\u00e1veis que vivem na vagina que produzem \u00e1cido l\u00e1ctico reduzindo o valor de pH.<\/p>\n\n\n\n<h2 class=\"is-style-heading-h2 wp-block-heading\">A import\u00e2ncia do pH vaginal<\/h2>\n\n\n\n<p>O ambiente \u00e1cido da vagina \u00e9 a barreira natural a infe\u00e7\u00f5es e irrita\u00e7\u00f5es, pois reprime o crescimento das bact\u00e9rias nocivas que preferem um ambiente menos \u00e1cido. Isto significa que desde que o n\u00famero de boas bact\u00e9rias seja elevado e o pH vaginal \u00e1cido, as bact\u00e9rias nocivas t\u00eam poucas hip\u00f3teses de crescerem excessivamente, diminuindo o risco de infe\u00e7\u00e3o.<\/p>\n\n\n\n<p>Assim que o pH vaginal aumenta acima do valor 4,5, as bact\u00e9rias nocivas aproveitam a oportunidade para se desenvolverem e crescerem, eventualmente causando uma infe\u00e7\u00e3o. Isto pode resultar em sintomas como corrimento, odor, prurido e outros desconfortos vaginais. Altera\u00e7\u00f5es no valor de pH est\u00e3o frequentemente ligados \u00e0 vaginose bacteriana.<\/p>\n\n\n\n<h2 class=\"is-style-heading-h2 wp-block-heading\">O que provoca as altera\u00e7\u00f5es no pH?<\/h2>\n\n\n\n<p>O valor de pH pode alterar devido a in\u00fameros fatores \u2013 veja aqui algumas coisas que poder\u00e1 fazer para proteger a sua sa\u00fade vaginal e manter o valor de pH no intervalo \u00e1cido:<\/p>\n\n\n\n<ul class=\"is-style-default wp-block-list\"><li>Antibi\u00f3ticos. Esta medica\u00e7\u00e3o elimina n\u00e3o s\u00f3 as bact\u00e9rias nocivas, mas tamb\u00e9m as saud\u00e1veis que s\u00e3o respons\u00e1veis por manter a vagina \u00e1cida e saud\u00e1vel. Durante a toma de antibi\u00f3ticos ou ap\u00f3s, use um produto que estimule as suas bact\u00e9rias saud\u00e1veis.<\/li><li>Rela\u00e7\u00f5es sexuais. O valor de pH alcalino do esperma pode perturbar o ambiente \u00e1cido da vagina e estimula a VB (vaginose bacteriana) \u2013 causando o desenvolvimento de bact\u00e9rias. Poder\u00e1 reparar nisto atrav\u00e9s do aparecimento de um odor forte ap\u00f3s rela\u00e7\u00f5es sexuais desprotegidas. Se acontecer consigo, considere utilizar preservativos para prevenir desconfortos.<\/li><li>Amamenta\u00e7\u00e3o e menopausa. Redu\u00e7\u00e3o dos n\u00edveis de estrog\u00e9nio (por exemplo, devido a amamenta\u00e7\u00e3o ou menopausa) pode diminuir o n\u00famero de lactobacilos, e eventualmente causar um aumento no pH vaginal (por isso, reduz a acidez). Se estiver a amamentar ou na menopausa, utilize um produto com prebi\u00f3ticos que estimulem as bact\u00e9rias saud\u00e1veis e mantenham o valor de pH no intervalo saud\u00e1vel.<\/li><\/ul>\n<\/div><\/div>\n","protected":false},"excerpt":{"rendered":"","protected":false},"author":6,"featured_media":0,"parent":182,"menu_order":0,"comment_status":"closed","ping_status":"closed","template":"","meta":{"_acf_changed":false,"footnotes":""},"from-article-database":[],"class_list":["post-541","page","type-page","status-publish","hentry"],"acf":[],"yoast_head":"<!-- This site is optimized with the Yoast SEO plugin v26.6 - https:\/\/yoast.com\/wordpress\/plugins\/seo\/ -->\n<title>pH vaginal \u2013 a sua vagina \u00e9 \u00e1cida ou alcalina? - Multi-Gyn<\/title>\n<meta name=\"description\" content=\"O pH \u00e9 uma escala que indica a acidez ou a alcalinidade. A escala vai de 0 a 14, sendo 0 o mais \u00e1cido e 14 o mais alcalino. A \u00e1gua tem um pH 7, o que geralmente \u00e9 referido como um pH neutro.\" \/>\n<meta name=\"robots\" content=\"index, follow, max-snippet:-1, max-image-preview:large, max-video-preview:-1\" \/>\n<link rel=\"canonical\" href=\"https:\/\/multi-gyn.com\/pt\/saude-vaginal\/geral\/ph-vaginal-a-sua-vagina-e-acida-ou-alcalina\/\" \/>\n<meta property=\"og:locale\" content=\"pt_PT\" \/>\n<meta property=\"og:type\" content=\"article\" \/>\n<meta property=\"og:title\" content=\"pH vaginal \u2013 a sua vagina \u00e9 \u00e1cida ou alcalina? - Multi-Gyn\" \/>\n<meta property=\"og:description\" content=\"O pH \u00e9 uma escala que indica a acidez ou a alcalinidade. A escala vai de 0 a 14, sendo 0 o mais \u00e1cido e 14 o mais alcalino. A \u00e1gua tem um pH 7, o que geralmente \u00e9 referido como um pH neutro.\" \/>\n<meta property=\"og:url\" content=\"https:\/\/multi-gyn.com\/pt\/saude-vaginal\/geral\/ph-vaginal-a-sua-vagina-e-acida-ou-alcalina\/\" \/>\n<meta property=\"og:site_name\" content=\"Multi-Gyn\" \/>\n<meta property=\"article:modified_time\" content=\"2025-04-28T09:42:45+00:00\" \/>\n<meta name=\"twitter:card\" content=\"summary_large_image\" \/>\n<meta name=\"twitter:label1\" content=\"Tempo estimado de leitura\" \/>\n\t<meta name=\"twitter:data1\" content=\"3 minutos\" \/>\n<script type=\"application\/ld+json\" class=\"yoast-schema-graph\">{\"@context\":\"https:\/\/schema.org\",\"@graph\":[{\"@type\":\"WebPage\",\"@id\":\"https:\/\/multi-gyn.com\/pt\/saude-vaginal\/geral\/ph-vaginal-a-sua-vagina-e-acida-ou-alcalina\/\",\"url\":\"https:\/\/multi-gyn.com\/pt\/saude-vaginal\/geral\/ph-vaginal-a-sua-vagina-e-acida-ou-alcalina\/\",\"name\":\"pH vaginal \u2013 a sua vagina \u00e9 \u00e1cida ou alcalina? - Multi-Gyn\",\"isPartOf\":{\"@id\":\"https:\/\/multi-gyn.com\/pt\/#website\"},\"datePublished\":\"2022-12-11T17:17:25+00:00\",\"dateModified\":\"2025-04-28T09:42:45+00:00\",\"description\":\"O pH \u00e9 uma escala que indica a acidez ou a alcalinidade. A escala vai de 0 a 14, sendo 0 o mais \u00e1cido e 14 o mais alcalino. A \u00e1gua tem um pH 7, o que geralmente \u00e9 referido como um pH neutro.\",\"breadcrumb\":{\"@id\":\"https:\/\/multi-gyn.com\/pt\/saude-vaginal\/geral\/ph-vaginal-a-sua-vagina-e-acida-ou-alcalina\/#breadcrumb\"},\"inLanguage\":\"pt-PT\",\"potentialAction\":[{\"@type\":\"ReadAction\",\"target\":[\"https:\/\/multi-gyn.com\/pt\/saude-vaginal\/geral\/ph-vaginal-a-sua-vagina-e-acida-ou-alcalina\/\"]}]},{\"@type\":\"BreadcrumbList\",\"@id\":\"https:\/\/multi-gyn.com\/pt\/saude-vaginal\/geral\/ph-vaginal-a-sua-vagina-e-acida-ou-alcalina\/#breadcrumb\",\"itemListElement\":[{\"@type\":\"ListItem\",\"position\":1,\"name\":\"Home\",\"item\":\"https:\/\/multi-gyn.com\/pt\/\"},{\"@type\":\"ListItem\",\"position\":2,\"name\":\"Sa\u00fade vaginal\",\"item\":\"https:\/\/multi-gyn.com\/pt\/saude-vaginal\/\"},{\"@type\":\"ListItem\",\"position\":3,\"name\":\"\u00a0Geral\",\"item\":\"https:\/\/multi-gyn.com\/pt\/saude-vaginal\/geral\/\"},{\"@type\":\"ListItem\",\"position\":4,\"name\":\"pH vaginal \u2013 a sua vagina \u00e9 \u00e1cida ou alcalina?\"}]},{\"@type\":\"WebSite\",\"@id\":\"https:\/\/multi-gyn.com\/pt\/#website\",\"url\":\"https:\/\/multi-gyn.com\/pt\/\",\"name\":\"Multi-Gyn\",\"description\":\"\",\"publisher\":{\"@id\":\"https:\/\/multi-gyn.com\/pt\/#organization\"},\"potentialAction\":[{\"@type\":\"SearchAction\",\"target\":{\"@type\":\"EntryPoint\",\"urlTemplate\":\"https:\/\/multi-gyn.com\/pt\/?s={search_term_string}\"},\"query-input\":{\"@type\":\"PropertyValueSpecification\",\"valueRequired\":true,\"valueName\":\"search_term_string\"}}],\"inLanguage\":\"pt-PT\"},{\"@type\":\"Organization\",\"@id\":\"https:\/\/multi-gyn.com\/pt\/#organization\",\"name\":\"Multi-Gyn\",\"url\":\"https:\/\/multi-gyn.com\/pt\/\",\"logo\":{\"@type\":\"ImageObject\",\"inLanguage\":\"pt-PT\",\"@id\":\"https:\/\/multi-gyn.com\/pt\/#\/schema\/logo\/image\/\",\"url\":\"https:\/\/multi-gyn.com\/app\/uploads\/sites\/34\/2022\/11\/multi-gyn-logo.png\",\"contentUrl\":\"https:\/\/multi-gyn.com\/app\/uploads\/sites\/34\/2022\/11\/multi-gyn-logo.png\",\"width\":149,\"height\":32,\"caption\":\"Multi-Gyn\"},\"image\":{\"@id\":\"https:\/\/multi-gyn.com\/pt\/#\/schema\/logo\/image\/\"}}]}<\/script>\n<!-- \/ Yoast SEO plugin. -->","yoast_head_json":{"title":"pH vaginal \u2013 a sua vagina \u00e9 \u00e1cida ou alcalina? - Multi-Gyn","description":"O pH \u00e9 uma escala que indica a acidez ou a alcalinidade. A escala vai de 0 a 14, sendo 0 o mais \u00e1cido e 14 o mais alcalino. A \u00e1gua tem um pH 7, o que geralmente \u00e9 referido como um pH neutro.","robots":{"index":"index","follow":"follow","max-snippet":"max-snippet:-1","max-image-preview":"max-image-preview:large","max-video-preview":"max-video-preview:-1"},"canonical":"https:\/\/multi-gyn.com\/pt\/saude-vaginal\/geral\/ph-vaginal-a-sua-vagina-e-acida-ou-alcalina\/","og_locale":"pt_PT","og_type":"article","og_title":"pH vaginal \u2013 a sua vagina \u00e9 \u00e1cida ou alcalina? - Multi-Gyn","og_description":"O pH \u00e9 uma escala que indica a acidez ou a alcalinidade. A escala vai de 0 a 14, sendo 0 o mais \u00e1cido e 14 o mais alcalino. A \u00e1gua tem um pH 7, o que geralmente \u00e9 referido como um pH neutro.","og_url":"https:\/\/multi-gyn.com\/pt\/saude-vaginal\/geral\/ph-vaginal-a-sua-vagina-e-acida-ou-alcalina\/","og_site_name":"Multi-Gyn","article_modified_time":"2025-04-28T09:42:45+00:00","twitter_card":"summary_large_image","twitter_misc":{"Tempo estimado de leitura":"3 minutos"},"schema":{"@context":"https:\/\/schema.org","@graph":[{"@type":"WebPage","@id":"https:\/\/multi-gyn.com\/pt\/saude-vaginal\/geral\/ph-vaginal-a-sua-vagina-e-acida-ou-alcalina\/","url":"https:\/\/multi-gyn.com\/pt\/saude-vaginal\/geral\/ph-vaginal-a-sua-vagina-e-acida-ou-alcalina\/","name":"pH vaginal \u2013 a sua vagina \u00e9 \u00e1cida ou alcalina? - Multi-Gyn","isPartOf":{"@id":"https:\/\/multi-gyn.com\/pt\/#website"},"datePublished":"2022-12-11T17:17:25+00:00","dateModified":"2025-04-28T09:42:45+00:00","description":"O pH \u00e9 uma escala que indica a acidez ou a alcalinidade. A escala vai de 0 a 14, sendo 0 o mais \u00e1cido e 14 o mais alcalino. A \u00e1gua tem um pH 7, o que geralmente \u00e9 referido como um pH neutro.","breadcrumb":{"@id":"https:\/\/multi-gyn.com\/pt\/saude-vaginal\/geral\/ph-vaginal-a-sua-vagina-e-acida-ou-alcalina\/#breadcrumb"},"inLanguage":"pt-PT","potentialAction":[{"@type":"ReadAction","target":["https:\/\/multi-gyn.com\/pt\/saude-vaginal\/geral\/ph-vaginal-a-sua-vagina-e-acida-ou-alcalina\/"]}]},{"@type":"BreadcrumbList","@id":"https:\/\/multi-gyn.com\/pt\/saude-vaginal\/geral\/ph-vaginal-a-sua-vagina-e-acida-ou-alcalina\/#breadcrumb","itemListElement":[{"@type":"ListItem","position":1,"name":"Home","item":"https:\/\/multi-gyn.com\/pt\/"},{"@type":"ListItem","position":2,"name":"Sa\u00fade vaginal","item":"https:\/\/multi-gyn.com\/pt\/saude-vaginal\/"},{"@type":"ListItem","position":3,"name":"\u00a0Geral","item":"https:\/\/multi-gyn.com\/pt\/saude-vaginal\/geral\/"},{"@type":"ListItem","position":4,"name":"pH vaginal \u2013 a sua vagina \u00e9 \u00e1cida ou alcalina?"}]},{"@type":"WebSite","@id":"https:\/\/multi-gyn.com\/pt\/#website","url":"https:\/\/multi-gyn.com\/pt\/","name":"Multi-Gyn","description":"","publisher":{"@id":"https:\/\/multi-gyn.com\/pt\/#organization"},"potentialAction":[{"@type":"SearchAction","target":{"@type":"EntryPoint","urlTemplate":"https:\/\/multi-gyn.com\/pt\/?s={search_term_string}"},"query-input":{"@type":"PropertyValueSpecification","valueRequired":true,"valueName":"search_term_string"}}],"inLanguage":"pt-PT"},{"@type":"Organization","@id":"https:\/\/multi-gyn.com\/pt\/#organization","name":"Multi-Gyn","url":"https:\/\/multi-gyn.com\/pt\/","logo":{"@type":"ImageObject","inLanguage":"pt-PT","@id":"https:\/\/multi-gyn.com\/pt\/#\/schema\/logo\/image\/","url":"https:\/\/multi-gyn.com\/app\/uploads\/sites\/34\/2022\/11\/multi-gyn-logo.png","contentUrl":"https:\/\/multi-gyn.com\/app\/uploads\/sites\/34\/2022\/11\/multi-gyn-logo.png","width":149,"height":32,"caption":"Multi-Gyn"},"image":{"@id":"https:\/\/multi-gyn.com\/pt\/#\/schema\/logo\/image\/"}}]}},"_links":{"self":[{"href":"https:\/\/multi-gyn.com\/pt\/wp-json\/wp\/v2\/pages\/541","targetHints":{"allow":["GET"]}}],"collection":[{"href":"https:\/\/multi-gyn.com\/pt\/wp-json\/wp\/v2\/pages"}],"about":[{"href":"https:\/\/multi-gyn.com\/pt\/wp-json\/wp\/v2\/types\/page"}],"author":[{"embeddable":true,"href":"https:\/\/multi-gyn.com\/pt\/wp-json\/wp\/v2\/users\/6"}],"replies":[{"embeddable":true,"href":"https:\/\/multi-gyn.com\/pt\/wp-json\/wp\/v2\/comments?post=541"}],"version-history":[{"count":1,"href":"https:\/\/multi-gyn.com\/pt\/wp-json\/wp\/v2\/pages\/541\/revisions"}],"predecessor-version":[{"id":542,"href":"https:\/\/multi-gyn.com\/pt\/wp-json\/wp\/v2\/pages\/541\/revisions\/542"}],"up":[{"embeddable":true,"href":"https:\/\/multi-gyn.com\/pt\/wp-json\/wp\/v2\/pages\/182"}],"wp:attachment":[{"href":"https:\/\/multi-gyn.com\/pt\/wp-json\/wp\/v2\/media?parent=541"}],"wp:term":[{"taxonomy":"from-article-database","embeddable":true,"href":"https:\/\/multi-gyn.com\/pt\/wp-json\/wp\/v2\/from-article-database?post=541"}],"curies":[{"name":"wp","href":"https:\/\/api.w.org\/{rel}","templated":true}]}}