{"id":544,"date":"2022-12-11T17:30:43","date_gmt":"2022-12-11T17:30:43","guid":{"rendered":"https:\/\/multi-gyn.com\/pt\/?page_id=544"},"modified":"2025-04-28T10:42:44","modified_gmt":"2025-04-28T09:42:44","slug":"higiene-intima-e-infecoes-vaginais","status":"publish","type":"page","link":"https:\/\/multi-gyn.com\/pt\/saude-vaginal\/geral\/higiene-intima-e-infecoes-vaginais\/","title":{"rendered":"Higiene \u00edntima e infe\u00e7\u00f5es vaginais"},"content":{"rendered":"\n<div class=\"wp-block-karopharma-free-text pt-large pb-large bg-center bg-cover bg-no-repeat  is-style-primary\" style=\"background-image:url()\"><div class=\"free-text-wrapper container max-w-medium text-left\">\n<h1 class=\"wp-block-heading\">Higiene \u00edntima e infe\u00e7\u00f5es vaginais<\/h1>\n\n\n\n<p class=\"is-style-paragraph-preamble\">A maioria das mulheres sabe como cuidar da sua \u00e1rea \u00edntima. \u201cA vagina limpa-se a si pr\u00f3pria\u201d, \u201cn\u00e3o lave a sua vagina com sab\u00e3o\u201d, \u201cutilize roupa interior de algod\u00e3o\u201d e \u201climpe-se sempre da frente para tr\u00e1s\u201d. Cuidar da sua \u00e1rea \u00edntima de forma apropriada pode prevenir desconfortos, ou pelo menos acredita-se que sim. Contudo, ser\u00e1 mesmo assim?<\/p>\n<\/div><\/div>\n\n\n\n<div class=\"wp-block-karopharma-free-text pt-large pb-large bg-center bg-cover bg-no-repeat\" style=\"background-image:url()\"><div class=\"free-text-wrapper container max-w-medium text-left\">\n<h2 class=\"is-style-heading-h2 wp-block-heading\">A causa de infe\u00e7\u00f5es de desconfortos<\/h2>\n\n\n\n<p>As duas infe\u00e7\u00f5es vaginais mais comuns s\u00e3o a vaginose bacteriana e a infe\u00e7\u00e3o vaginal f\u00fangica (tamb\u00e9m conhecida como c\u00e2ndida, ou candid\u00edase). Se experiencia desconfortos vaginais, normalmente uma delas \u00e9 a causa.<\/p>\n\n\n\n<p>Vaginose bacteriana (VB) \u00e9 causada pelo crescimento excessivo de bact\u00e9rias nocivas na vagina. Os sintomas desta infe\u00e7\u00e3o s\u00e3o corrimento branco acinzentado com forte odor a peixe. Uma infe\u00e7\u00e3o vaginal f\u00fangica (candid\u00edase) \u00e9 causada por um crescimento excessivo de c\u00e9lulas f\u00fangicas na vagina, ou na \u00e1rea externa \u00edntima. Os sintomas mais comuns s\u00e3o um corrimento espesso esbranqui\u00e7ado (parecido a requeij\u00e3o) e prurido vaginal.<\/p>\n\n\n\n<p>Ambas as infe\u00e7\u00f5es s\u00e3o praticamente inofensivas, mas podem ser bastante desconfort\u00e1veis. Os sintomas ir\u00e3o desaparecer, contudo podem demorar algum tempo. Felizmente, ambas as infe\u00e7\u00f5es podem ser tratadas com medica\u00e7\u00e3o ou com produtos de cuidados \u00edntimos. Pode encontrar mais informa\u00e7\u00e3o sobre o tratamento de infe\u00e7\u00f5es vaginais aqui.<\/p>\n\n\n\n<h2 class=\"is-style-heading-h2 wp-block-heading\"><strong>Como \u00e9 que a higiene \u00edntima pode ajudar<\/strong><br><\/h2>\n\n\n\n<p>Apesar de n\u00e3o ser claro o que causa exatamente o crescimento excessivo de fungos ou bact\u00e9rias na vagina existem alguns fatores que podem influenciar o risco de se desenvolver. Acredita-se que a higiene \u00edntima possa ser uma delas.<\/p>\n\n\n\n<p>Partilhamos algumas dicas de higiene \u00edntima:<\/p>\n\n\n\n<ul class=\"is-style-default wp-block-list\"><li>Se quiser limpar a sua \u00e1rea externa da zona \u00edntima, \u00e1gua quente \u00e9 o suficiente. Para uma sensa\u00e7\u00e3o de frescura poder\u00e1 utilizar um produto de limpeza \u00edntima, por exemplo um com ingredientes naturais.<\/li><li>Assegure-se que seca bem a sua \u00e1rea \u00edntima ap\u00f3s o duche, banho ou nata\u00e7\u00e3o.<\/li><li>Use roupa interior de algod\u00e3o e evite utilizar cuecas em formato \u201ctanga\u201d.<\/li><li>Tente n\u00e3o \u201cesfregar\u201d caso sinta algum prurido.<\/li><\/ul>\n\n\n\n<h2 class=\"is-style-heading-h2 wp-block-heading\"><strong><strong>A higiene \u00edntima previne infe\u00e7\u00f5es vaginais?<\/strong><br><\/strong><\/h2>\n\n\n\n<p>Algumas mulheres beneficiam de uma correta higiene \u00edntima, outras poder\u00e3o desenvolver na mesma uma infe\u00e7\u00e3o. Uma higiene \u00edntima impr\u00f3pria pode aumentar o risco de desconfortos vaginais, mas uma higiene \u00edntima correta tamb\u00e9m n\u00e3o ir\u00e1 prevenir todos os problemas, como por exemplo a maioria das infe\u00e7\u00f5es vaginais, pois s\u00e3o provocadas por fatores n\u00e3o relacionados com a higiene.<\/p>\n<\/div><\/div>\n","protected":false},"excerpt":{"rendered":"","protected":false},"author":6,"featured_media":0,"parent":182,"menu_order":0,"comment_status":"closed","ping_status":"closed","template":"","meta":{"_acf_changed":false,"footnotes":""},"from-article-database":[],"class_list":["post-544","page","type-page","status-publish","hentry"],"acf":[],"yoast_head":"<!-- This site is optimized with the Yoast SEO plugin v26.6 - https:\/\/yoast.com\/wordpress\/plugins\/seo\/ -->\n<title>Higiene \u00edntima e infe\u00e7\u00f5es vaginais - Multi-Gyn<\/title>\n<meta name=\"description\" content=\"As duas infe\u00e7\u00f5es vaginais mais comuns s\u00e3o a vaginose bacteriana e a infe\u00e7\u00e3o vaginal f\u00fangica (tamb\u00e9m conhecida como c\u00e2ndida, ou candid\u00edase). Se experiencia desconfortos vaginais, normalmente uma delas \u00e9 a causa.\" \/>\n<meta name=\"robots\" content=\"index, follow, max-snippet:-1, max-image-preview:large, max-video-preview:-1\" \/>\n<link rel=\"canonical\" href=\"https:\/\/multi-gyn.com\/pt\/saude-vaginal\/geral\/higiene-intima-e-infecoes-vaginais\/\" \/>\n<meta property=\"og:locale\" content=\"pt_PT\" \/>\n<meta property=\"og:type\" content=\"article\" \/>\n<meta property=\"og:title\" content=\"Higiene \u00edntima e infe\u00e7\u00f5es vaginais - Multi-Gyn\" \/>\n<meta property=\"og:description\" content=\"As duas infe\u00e7\u00f5es vaginais mais comuns s\u00e3o a vaginose bacteriana e a infe\u00e7\u00e3o vaginal f\u00fangica (tamb\u00e9m conhecida como c\u00e2ndida, ou candid\u00edase). Se experiencia desconfortos vaginais, normalmente uma delas \u00e9 a causa.\" \/>\n<meta property=\"og:url\" content=\"https:\/\/multi-gyn.com\/pt\/saude-vaginal\/geral\/higiene-intima-e-infecoes-vaginais\/\" \/>\n<meta property=\"og:site_name\" content=\"Multi-Gyn\" \/>\n<meta property=\"article:modified_time\" content=\"2025-04-28T09:42:44+00:00\" \/>\n<meta name=\"twitter:card\" content=\"summary_large_image\" \/>\n<meta name=\"twitter:label1\" content=\"Tempo estimado de leitura\" \/>\n\t<meta name=\"twitter:data1\" content=\"3 minutos\" \/>\n<script type=\"application\/ld+json\" class=\"yoast-schema-graph\">{\"@context\":\"https:\/\/schema.org\",\"@graph\":[{\"@type\":\"WebPage\",\"@id\":\"https:\/\/multi-gyn.com\/pt\/saude-vaginal\/geral\/higiene-intima-e-infecoes-vaginais\/\",\"url\":\"https:\/\/multi-gyn.com\/pt\/saude-vaginal\/geral\/higiene-intima-e-infecoes-vaginais\/\",\"name\":\"Higiene \u00edntima e infe\u00e7\u00f5es vaginais - Multi-Gyn\",\"isPartOf\":{\"@id\":\"https:\/\/multi-gyn.com\/pt\/#website\"},\"datePublished\":\"2022-12-11T17:30:43+00:00\",\"dateModified\":\"2025-04-28T09:42:44+00:00\",\"description\":\"As duas infe\u00e7\u00f5es vaginais mais comuns s\u00e3o a vaginose bacteriana e a infe\u00e7\u00e3o vaginal f\u00fangica (tamb\u00e9m conhecida como c\u00e2ndida, ou candid\u00edase). Se experiencia desconfortos vaginais, normalmente uma delas \u00e9 a causa.\",\"breadcrumb\":{\"@id\":\"https:\/\/multi-gyn.com\/pt\/saude-vaginal\/geral\/higiene-intima-e-infecoes-vaginais\/#breadcrumb\"},\"inLanguage\":\"pt-PT\",\"potentialAction\":[{\"@type\":\"ReadAction\",\"target\":[\"https:\/\/multi-gyn.com\/pt\/saude-vaginal\/geral\/higiene-intima-e-infecoes-vaginais\/\"]}]},{\"@type\":\"BreadcrumbList\",\"@id\":\"https:\/\/multi-gyn.com\/pt\/saude-vaginal\/geral\/higiene-intima-e-infecoes-vaginais\/#breadcrumb\",\"itemListElement\":[{\"@type\":\"ListItem\",\"position\":1,\"name\":\"Home\",\"item\":\"https:\/\/multi-gyn.com\/pt\/\"},{\"@type\":\"ListItem\",\"position\":2,\"name\":\"Sa\u00fade vaginal\",\"item\":\"https:\/\/multi-gyn.com\/pt\/saude-vaginal\/\"},{\"@type\":\"ListItem\",\"position\":3,\"name\":\"\u00a0Geral\",\"item\":\"https:\/\/multi-gyn.com\/pt\/saude-vaginal\/geral\/\"},{\"@type\":\"ListItem\",\"position\":4,\"name\":\"Higiene \u00edntima e infe\u00e7\u00f5es vaginais\"}]},{\"@type\":\"WebSite\",\"@id\":\"https:\/\/multi-gyn.com\/pt\/#website\",\"url\":\"https:\/\/multi-gyn.com\/pt\/\",\"name\":\"Multi-Gyn\",\"description\":\"\",\"publisher\":{\"@id\":\"https:\/\/multi-gyn.com\/pt\/#organization\"},\"potentialAction\":[{\"@type\":\"SearchAction\",\"target\":{\"@type\":\"EntryPoint\",\"urlTemplate\":\"https:\/\/multi-gyn.com\/pt\/?s={search_term_string}\"},\"query-input\":{\"@type\":\"PropertyValueSpecification\",\"valueRequired\":true,\"valueName\":\"search_term_string\"}}],\"inLanguage\":\"pt-PT\"},{\"@type\":\"Organization\",\"@id\":\"https:\/\/multi-gyn.com\/pt\/#organization\",\"name\":\"Multi-Gyn\",\"url\":\"https:\/\/multi-gyn.com\/pt\/\",\"logo\":{\"@type\":\"ImageObject\",\"inLanguage\":\"pt-PT\",\"@id\":\"https:\/\/multi-gyn.com\/pt\/#\/schema\/logo\/image\/\",\"url\":\"https:\/\/multi-gyn.com\/app\/uploads\/sites\/34\/2022\/11\/multi-gyn-logo.png\",\"contentUrl\":\"https:\/\/multi-gyn.com\/app\/uploads\/sites\/34\/2022\/11\/multi-gyn-logo.png\",\"width\":149,\"height\":32,\"caption\":\"Multi-Gyn\"},\"image\":{\"@id\":\"https:\/\/multi-gyn.com\/pt\/#\/schema\/logo\/image\/\"}}]}<\/script>\n<!-- \/ Yoast SEO plugin. -->","yoast_head_json":{"title":"Higiene \u00edntima e infe\u00e7\u00f5es vaginais - Multi-Gyn","description":"As duas infe\u00e7\u00f5es vaginais mais comuns s\u00e3o a vaginose bacteriana e a infe\u00e7\u00e3o vaginal f\u00fangica (tamb\u00e9m conhecida como c\u00e2ndida, ou candid\u00edase). Se experiencia desconfortos vaginais, normalmente uma delas \u00e9 a causa.","robots":{"index":"index","follow":"follow","max-snippet":"max-snippet:-1","max-image-preview":"max-image-preview:large","max-video-preview":"max-video-preview:-1"},"canonical":"https:\/\/multi-gyn.com\/pt\/saude-vaginal\/geral\/higiene-intima-e-infecoes-vaginais\/","og_locale":"pt_PT","og_type":"article","og_title":"Higiene \u00edntima e infe\u00e7\u00f5es vaginais - Multi-Gyn","og_description":"As duas infe\u00e7\u00f5es vaginais mais comuns s\u00e3o a vaginose bacteriana e a infe\u00e7\u00e3o vaginal f\u00fangica (tamb\u00e9m conhecida como c\u00e2ndida, ou candid\u00edase). Se experiencia desconfortos vaginais, normalmente uma delas \u00e9 a causa.","og_url":"https:\/\/multi-gyn.com\/pt\/saude-vaginal\/geral\/higiene-intima-e-infecoes-vaginais\/","og_site_name":"Multi-Gyn","article_modified_time":"2025-04-28T09:42:44+00:00","twitter_card":"summary_large_image","twitter_misc":{"Tempo estimado de leitura":"3 minutos"},"schema":{"@context":"https:\/\/schema.org","@graph":[{"@type":"WebPage","@id":"https:\/\/multi-gyn.com\/pt\/saude-vaginal\/geral\/higiene-intima-e-infecoes-vaginais\/","url":"https:\/\/multi-gyn.com\/pt\/saude-vaginal\/geral\/higiene-intima-e-infecoes-vaginais\/","name":"Higiene \u00edntima e infe\u00e7\u00f5es vaginais - Multi-Gyn","isPartOf":{"@id":"https:\/\/multi-gyn.com\/pt\/#website"},"datePublished":"2022-12-11T17:30:43+00:00","dateModified":"2025-04-28T09:42:44+00:00","description":"As duas infe\u00e7\u00f5es vaginais mais comuns s\u00e3o a vaginose bacteriana e a infe\u00e7\u00e3o vaginal f\u00fangica (tamb\u00e9m conhecida como c\u00e2ndida, ou candid\u00edase). Se experiencia desconfortos vaginais, normalmente uma delas \u00e9 a causa.","breadcrumb":{"@id":"https:\/\/multi-gyn.com\/pt\/saude-vaginal\/geral\/higiene-intima-e-infecoes-vaginais\/#breadcrumb"},"inLanguage":"pt-PT","potentialAction":[{"@type":"ReadAction","target":["https:\/\/multi-gyn.com\/pt\/saude-vaginal\/geral\/higiene-intima-e-infecoes-vaginais\/"]}]},{"@type":"BreadcrumbList","@id":"https:\/\/multi-gyn.com\/pt\/saude-vaginal\/geral\/higiene-intima-e-infecoes-vaginais\/#breadcrumb","itemListElement":[{"@type":"ListItem","position":1,"name":"Home","item":"https:\/\/multi-gyn.com\/pt\/"},{"@type":"ListItem","position":2,"name":"Sa\u00fade vaginal","item":"https:\/\/multi-gyn.com\/pt\/saude-vaginal\/"},{"@type":"ListItem","position":3,"name":"\u00a0Geral","item":"https:\/\/multi-gyn.com\/pt\/saude-vaginal\/geral\/"},{"@type":"ListItem","position":4,"name":"Higiene \u00edntima e infe\u00e7\u00f5es vaginais"}]},{"@type":"WebSite","@id":"https:\/\/multi-gyn.com\/pt\/#website","url":"https:\/\/multi-gyn.com\/pt\/","name":"Multi-Gyn","description":"","publisher":{"@id":"https:\/\/multi-gyn.com\/pt\/#organization"},"potentialAction":[{"@type":"SearchAction","target":{"@type":"EntryPoint","urlTemplate":"https:\/\/multi-gyn.com\/pt\/?s={search_term_string}"},"query-input":{"@type":"PropertyValueSpecification","valueRequired":true,"valueName":"search_term_string"}}],"inLanguage":"pt-PT"},{"@type":"Organization","@id":"https:\/\/multi-gyn.com\/pt\/#organization","name":"Multi-Gyn","url":"https:\/\/multi-gyn.com\/pt\/","logo":{"@type":"ImageObject","inLanguage":"pt-PT","@id":"https:\/\/multi-gyn.com\/pt\/#\/schema\/logo\/image\/","url":"https:\/\/multi-gyn.com\/app\/uploads\/sites\/34\/2022\/11\/multi-gyn-logo.png","contentUrl":"https:\/\/multi-gyn.com\/app\/uploads\/sites\/34\/2022\/11\/multi-gyn-logo.png","width":149,"height":32,"caption":"Multi-Gyn"},"image":{"@id":"https:\/\/multi-gyn.com\/pt\/#\/schema\/logo\/image\/"}}]}},"_links":{"self":[{"href":"https:\/\/multi-gyn.com\/pt\/wp-json\/wp\/v2\/pages\/544","targetHints":{"allow":["GET"]}}],"collection":[{"href":"https:\/\/multi-gyn.com\/pt\/wp-json\/wp\/v2\/pages"}],"about":[{"href":"https:\/\/multi-gyn.com\/pt\/wp-json\/wp\/v2\/types\/page"}],"author":[{"embeddable":true,"href":"https:\/\/multi-gyn.com\/pt\/wp-json\/wp\/v2\/users\/6"}],"replies":[{"embeddable":true,"href":"https:\/\/multi-gyn.com\/pt\/wp-json\/wp\/v2\/comments?post=544"}],"version-history":[{"count":1,"href":"https:\/\/multi-gyn.com\/pt\/wp-json\/wp\/v2\/pages\/544\/revisions"}],"predecessor-version":[{"id":546,"href":"https:\/\/multi-gyn.com\/pt\/wp-json\/wp\/v2\/pages\/544\/revisions\/546"}],"up":[{"embeddable":true,"href":"https:\/\/multi-gyn.com\/pt\/wp-json\/wp\/v2\/pages\/182"}],"wp:attachment":[{"href":"https:\/\/multi-gyn.com\/pt\/wp-json\/wp\/v2\/media?parent=544"}],"wp:term":[{"taxonomy":"from-article-database","embeddable":true,"href":"https:\/\/multi-gyn.com\/pt\/wp-json\/wp\/v2\/from-article-database?post=544"}],"curies":[{"name":"wp","href":"https:\/\/api.w.org\/{rel}","templated":true}]}}