{"id":548,"date":"2022-12-11T17:40:54","date_gmt":"2022-12-11T17:40:54","guid":{"rendered":"https:\/\/multi-gyn.com\/pt\/?page_id=548"},"modified":"2025-04-28T10:42:42","modified_gmt":"2025-04-28T09:42:42","slug":"visitar-o-ginecologista","status":"publish","type":"page","link":"https:\/\/multi-gyn.com\/pt\/saude-vaginal\/geral\/visitar-o-ginecologista\/","title":{"rendered":"Visitar o ginecologista"},"content":{"rendered":"\n<div class=\"wp-block-karopharma-free-text pt-large pb-large bg-center bg-cover bg-no-repeat  is-style-primary\" style=\"background-image:url()\"><div class=\"free-text-wrapper container max-w-medium text-left\">\n<h1 class=\"wp-block-heading\">Visitar o ginecologista<\/h1>\n\n\n\n<p class=\"is-style-paragraph-preamble\">Visitar o ginecologista \u00e9 parte da vida da mulher. Durante o per\u00edodo reprodutivo, a mulher deve visitar o seu m\u00e9dico quantas vezes necessitar. Mulheres gr\u00e1vidas por outro lado, devem ter consultas regulares de check-up. Se n\u00e3o se sentir confort\u00e1vel com um exame ginecol\u00f3gico, ou se est\u00e1 a preparar-se para a primeira visita, veja a lista de coisas que poder\u00e1 esperar quando visita o ginecologista.<\/p>\n<\/div><\/div>\n\n\n\n<div class=\"wp-block-karopharma-free-text pt-large pb-large bg-center bg-cover bg-no-repeat\" style=\"background-image:url()\"><div class=\"free-text-wrapper container max-w-medium text-left\">\n<h2 class=\"is-style-heading-h2 wp-block-heading\">Hist\u00f3rico m\u00e9dico<\/h2>\n\n\n\n<p>Em primeiro lugar, o m\u00e9dico ou enfermeira ir\u00e1 colocar uma s\u00e9rie de quest\u00f5es para determinar o seu hist\u00f3rico m\u00e9dico com a maior precis\u00e3o poss\u00edvel. Estas ir\u00e3o incluir perguntas sobre a sua sa\u00fade em geral, problemas cr\u00f3nicos ou gen\u00e9ticos, bem como sobre o estilo de vida e h\u00e1bitos, como fumar ou beber. Ir\u00e3o provavelmente perguntar sobre o seu ciclo menstrual, quando teve o seu primeiro per\u00edodo, qu\u00e3o regulares s\u00e3o os seus ciclos e se tem dores fortes durante a menstrua\u00e7\u00e3o. As quest\u00f5es ir\u00e3o tamb\u00e9m debru\u00e7ar-se sobre se tem uma DST, tratamentos anteriores ou se usa contracetivos. N\u00e3o seja t\u00edmida \u2013 toda a informa\u00e7\u00e3o que partilhar com o m\u00e9dico \u00e9 confidencial e ir\u00e1 ajudar a criar um cen\u00e1rio mais preciso sobre a sua sa\u00fade reprodutora. Se tiver alguma d\u00favida, essa ser\u00e1 a altura correta para as colocar.<\/p>\n\n\n\n<h2 class=\"is-style-heading-h2 wp-block-heading\"><strong>Exame ginecol\u00f3gico<\/strong><\/h2>\n\n\n\n<p>Ir\u00e3o pedir para que retire a sua roupa interior, se sente na maca de exame e ponha as suas pernas nos suportes apropriados, para que fiquem afastadas, permitindo que o m\u00e9dico fa\u00e7a o exame \u00e0 sua \u00e1rea \u00edntima. Respire fundo e tente manter-se o mais confort\u00e1vel poss\u00edvel \u2013 o mais importante \u00e9 relaxar. Assim o exame ser\u00e1 apenas um pouco desconfort\u00e1vel e sem dor.<\/p>\n\n\n\n<p>O exame em si consiste na inspe\u00e7\u00e3o visual do exterior e na inser\u00e7\u00e3o de um esp\u00e9culo (ferramenta met\u00e1lica que abre a vagina e mantem-na aberta durante o exame). O m\u00e9dico ir\u00e1 manualmente inspecionar a vagina, \u00fatero e ov\u00e1rios, e depois esfrega uma amostra vaginal ou cervical. A amostra permite analisar detalhadamente a flora vaginal e poss\u00edveis infe\u00e7\u00f5es.<\/p>\n\n\n\n<h2 class=\"is-style-heading-h2 wp-block-heading\"><strong><strong>Exame Papanicolau<\/strong><\/strong><\/h2>\n\n\n\n<p>O check-up pode incluir um exame papanicolau (conhecido como papanicolau ou exame de raspagem), que pode detetar altera\u00e7\u00f5es no c\u00e9rvix pr\u00e9-cancer\u00edgenas e cancer\u00edgenas. O m\u00e9dico ir\u00e1 retirar uma amostra do c\u00e9rvix, que ser\u00e1 posteriormente analisada sobre um microsc\u00f3pio para detetar anormalidades.<\/p>\n\n\n\n<p><strong>Exame a DST\u2019s<\/strong><br>Todas as mulheres sexualmente ativas devem ser regularmente testadas a DST\u2019s \u2013 alguns destes testes s\u00e3o feitos atrav\u00e9s de amostras vaginais, enquanto outras s\u00e3o feitas atrav\u00e9s de an\u00e1lises ao sangue.<\/p>\n\n\n\n<p>No fim, o m\u00e9dico ir\u00e1 explicar os resultados dos testes que realizou, prescrever tratamento apropriado, explicar a toma do tratamento e alguma altera\u00e7\u00e3o no estilo de vida que dever\u00e1 (temporariamente ou permanentemente) realizar. Se tiver quest\u00f5es ou preocupa\u00e7\u00f5es, n\u00e3o hesite em questionar. O seu profissional m\u00e9dico dever\u00e1 ser educado, paciente e aberto a quest\u00f5es.<\/p>\n<\/div><\/div>\n","protected":false},"excerpt":{"rendered":"","protected":false},"author":6,"featured_media":0,"parent":182,"menu_order":0,"comment_status":"closed","ping_status":"closed","template":"","meta":{"_acf_changed":false,"footnotes":""},"from-article-database":[],"class_list":["post-548","page","type-page","status-publish","hentry"],"acf":[],"yoast_head":"<!-- This site is optimized with the Yoast SEO plugin v26.6 - https:\/\/yoast.com\/wordpress\/plugins\/seo\/ -->\n<title>Visitar o ginecologista - Multi-Gyn<\/title>\n<meta name=\"description\" content=\"Em primeiro lugar, o m\u00e9dico ou enfermeira ir\u00e1 colocar uma s\u00e9rie de quest\u00f5es para determinar o seu hist\u00f3rico m\u00e9dico com a maior precis\u00e3o poss\u00edvel.\" \/>\n<meta name=\"robots\" content=\"index, follow, max-snippet:-1, max-image-preview:large, max-video-preview:-1\" \/>\n<link rel=\"canonical\" href=\"https:\/\/multi-gyn.com\/pt\/saude-vaginal\/geral\/visitar-o-ginecologista\/\" \/>\n<meta property=\"og:locale\" content=\"pt_PT\" \/>\n<meta property=\"og:type\" content=\"article\" \/>\n<meta property=\"og:title\" content=\"Visitar o ginecologista - Multi-Gyn\" \/>\n<meta property=\"og:description\" content=\"Em primeiro lugar, o m\u00e9dico ou enfermeira ir\u00e1 colocar uma s\u00e9rie de quest\u00f5es para determinar o seu hist\u00f3rico m\u00e9dico com a maior precis\u00e3o poss\u00edvel.\" \/>\n<meta property=\"og:url\" content=\"https:\/\/multi-gyn.com\/pt\/saude-vaginal\/geral\/visitar-o-ginecologista\/\" \/>\n<meta property=\"og:site_name\" content=\"Multi-Gyn\" \/>\n<meta property=\"article:modified_time\" content=\"2025-04-28T09:42:42+00:00\" \/>\n<meta name=\"twitter:card\" content=\"summary_large_image\" \/>\n<meta name=\"twitter:label1\" content=\"Tempo estimado de leitura\" \/>\n\t<meta name=\"twitter:data1\" content=\"3 minutos\" \/>\n<script type=\"application\/ld+json\" class=\"yoast-schema-graph\">{\"@context\":\"https:\/\/schema.org\",\"@graph\":[{\"@type\":\"WebPage\",\"@id\":\"https:\/\/multi-gyn.com\/pt\/saude-vaginal\/geral\/visitar-o-ginecologista\/\",\"url\":\"https:\/\/multi-gyn.com\/pt\/saude-vaginal\/geral\/visitar-o-ginecologista\/\",\"name\":\"Visitar o ginecologista - Multi-Gyn\",\"isPartOf\":{\"@id\":\"https:\/\/multi-gyn.com\/pt\/#website\"},\"datePublished\":\"2022-12-11T17:40:54+00:00\",\"dateModified\":\"2025-04-28T09:42:42+00:00\",\"description\":\"Em primeiro lugar, o m\u00e9dico ou enfermeira ir\u00e1 colocar uma s\u00e9rie de quest\u00f5es para determinar o seu hist\u00f3rico m\u00e9dico com a maior precis\u00e3o poss\u00edvel.\",\"breadcrumb\":{\"@id\":\"https:\/\/multi-gyn.com\/pt\/saude-vaginal\/geral\/visitar-o-ginecologista\/#breadcrumb\"},\"inLanguage\":\"pt-PT\",\"potentialAction\":[{\"@type\":\"ReadAction\",\"target\":[\"https:\/\/multi-gyn.com\/pt\/saude-vaginal\/geral\/visitar-o-ginecologista\/\"]}]},{\"@type\":\"BreadcrumbList\",\"@id\":\"https:\/\/multi-gyn.com\/pt\/saude-vaginal\/geral\/visitar-o-ginecologista\/#breadcrumb\",\"itemListElement\":[{\"@type\":\"ListItem\",\"position\":1,\"name\":\"Home\",\"item\":\"https:\/\/multi-gyn.com\/pt\/\"},{\"@type\":\"ListItem\",\"position\":2,\"name\":\"Sa\u00fade vaginal\",\"item\":\"https:\/\/multi-gyn.com\/pt\/saude-vaginal\/\"},{\"@type\":\"ListItem\",\"position\":3,\"name\":\"\u00a0Geral\",\"item\":\"https:\/\/multi-gyn.com\/pt\/saude-vaginal\/geral\/\"},{\"@type\":\"ListItem\",\"position\":4,\"name\":\"Visitar o ginecologista\"}]},{\"@type\":\"WebSite\",\"@id\":\"https:\/\/multi-gyn.com\/pt\/#website\",\"url\":\"https:\/\/multi-gyn.com\/pt\/\",\"name\":\"Multi-Gyn\",\"description\":\"\",\"publisher\":{\"@id\":\"https:\/\/multi-gyn.com\/pt\/#organization\"},\"potentialAction\":[{\"@type\":\"SearchAction\",\"target\":{\"@type\":\"EntryPoint\",\"urlTemplate\":\"https:\/\/multi-gyn.com\/pt\/?s={search_term_string}\"},\"query-input\":{\"@type\":\"PropertyValueSpecification\",\"valueRequired\":true,\"valueName\":\"search_term_string\"}}],\"inLanguage\":\"pt-PT\"},{\"@type\":\"Organization\",\"@id\":\"https:\/\/multi-gyn.com\/pt\/#organization\",\"name\":\"Multi-Gyn\",\"url\":\"https:\/\/multi-gyn.com\/pt\/\",\"logo\":{\"@type\":\"ImageObject\",\"inLanguage\":\"pt-PT\",\"@id\":\"https:\/\/multi-gyn.com\/pt\/#\/schema\/logo\/image\/\",\"url\":\"https:\/\/multi-gyn.com\/app\/uploads\/sites\/34\/2022\/11\/multi-gyn-logo.png\",\"contentUrl\":\"https:\/\/multi-gyn.com\/app\/uploads\/sites\/34\/2022\/11\/multi-gyn-logo.png\",\"width\":149,\"height\":32,\"caption\":\"Multi-Gyn\"},\"image\":{\"@id\":\"https:\/\/multi-gyn.com\/pt\/#\/schema\/logo\/image\/\"}}]}<\/script>\n<!-- \/ Yoast SEO plugin. -->","yoast_head_json":{"title":"Visitar o ginecologista - Multi-Gyn","description":"Em primeiro lugar, o m\u00e9dico ou enfermeira ir\u00e1 colocar uma s\u00e9rie de quest\u00f5es para determinar o seu hist\u00f3rico m\u00e9dico com a maior precis\u00e3o poss\u00edvel.","robots":{"index":"index","follow":"follow","max-snippet":"max-snippet:-1","max-image-preview":"max-image-preview:large","max-video-preview":"max-video-preview:-1"},"canonical":"https:\/\/multi-gyn.com\/pt\/saude-vaginal\/geral\/visitar-o-ginecologista\/","og_locale":"pt_PT","og_type":"article","og_title":"Visitar o ginecologista - Multi-Gyn","og_description":"Em primeiro lugar, o m\u00e9dico ou enfermeira ir\u00e1 colocar uma s\u00e9rie de quest\u00f5es para determinar o seu hist\u00f3rico m\u00e9dico com a maior precis\u00e3o poss\u00edvel.","og_url":"https:\/\/multi-gyn.com\/pt\/saude-vaginal\/geral\/visitar-o-ginecologista\/","og_site_name":"Multi-Gyn","article_modified_time":"2025-04-28T09:42:42+00:00","twitter_card":"summary_large_image","twitter_misc":{"Tempo estimado de leitura":"3 minutos"},"schema":{"@context":"https:\/\/schema.org","@graph":[{"@type":"WebPage","@id":"https:\/\/multi-gyn.com\/pt\/saude-vaginal\/geral\/visitar-o-ginecologista\/","url":"https:\/\/multi-gyn.com\/pt\/saude-vaginal\/geral\/visitar-o-ginecologista\/","name":"Visitar o ginecologista - Multi-Gyn","isPartOf":{"@id":"https:\/\/multi-gyn.com\/pt\/#website"},"datePublished":"2022-12-11T17:40:54+00:00","dateModified":"2025-04-28T09:42:42+00:00","description":"Em primeiro lugar, o m\u00e9dico ou enfermeira ir\u00e1 colocar uma s\u00e9rie de quest\u00f5es para determinar o seu hist\u00f3rico m\u00e9dico com a maior precis\u00e3o poss\u00edvel.","breadcrumb":{"@id":"https:\/\/multi-gyn.com\/pt\/saude-vaginal\/geral\/visitar-o-ginecologista\/#breadcrumb"},"inLanguage":"pt-PT","potentialAction":[{"@type":"ReadAction","target":["https:\/\/multi-gyn.com\/pt\/saude-vaginal\/geral\/visitar-o-ginecologista\/"]}]},{"@type":"BreadcrumbList","@id":"https:\/\/multi-gyn.com\/pt\/saude-vaginal\/geral\/visitar-o-ginecologista\/#breadcrumb","itemListElement":[{"@type":"ListItem","position":1,"name":"Home","item":"https:\/\/multi-gyn.com\/pt\/"},{"@type":"ListItem","position":2,"name":"Sa\u00fade vaginal","item":"https:\/\/multi-gyn.com\/pt\/saude-vaginal\/"},{"@type":"ListItem","position":3,"name":"\u00a0Geral","item":"https:\/\/multi-gyn.com\/pt\/saude-vaginal\/geral\/"},{"@type":"ListItem","position":4,"name":"Visitar o ginecologista"}]},{"@type":"WebSite","@id":"https:\/\/multi-gyn.com\/pt\/#website","url":"https:\/\/multi-gyn.com\/pt\/","name":"Multi-Gyn","description":"","publisher":{"@id":"https:\/\/multi-gyn.com\/pt\/#organization"},"potentialAction":[{"@type":"SearchAction","target":{"@type":"EntryPoint","urlTemplate":"https:\/\/multi-gyn.com\/pt\/?s={search_term_string}"},"query-input":{"@type":"PropertyValueSpecification","valueRequired":true,"valueName":"search_term_string"}}],"inLanguage":"pt-PT"},{"@type":"Organization","@id":"https:\/\/multi-gyn.com\/pt\/#organization","name":"Multi-Gyn","url":"https:\/\/multi-gyn.com\/pt\/","logo":{"@type":"ImageObject","inLanguage":"pt-PT","@id":"https:\/\/multi-gyn.com\/pt\/#\/schema\/logo\/image\/","url":"https:\/\/multi-gyn.com\/app\/uploads\/sites\/34\/2022\/11\/multi-gyn-logo.png","contentUrl":"https:\/\/multi-gyn.com\/app\/uploads\/sites\/34\/2022\/11\/multi-gyn-logo.png","width":149,"height":32,"caption":"Multi-Gyn"},"image":{"@id":"https:\/\/multi-gyn.com\/pt\/#\/schema\/logo\/image\/"}}]}},"_links":{"self":[{"href":"https:\/\/multi-gyn.com\/pt\/wp-json\/wp\/v2\/pages\/548","targetHints":{"allow":["GET"]}}],"collection":[{"href":"https:\/\/multi-gyn.com\/pt\/wp-json\/wp\/v2\/pages"}],"about":[{"href":"https:\/\/multi-gyn.com\/pt\/wp-json\/wp\/v2\/types\/page"}],"author":[{"embeddable":true,"href":"https:\/\/multi-gyn.com\/pt\/wp-json\/wp\/v2\/users\/6"}],"replies":[{"embeddable":true,"href":"https:\/\/multi-gyn.com\/pt\/wp-json\/wp\/v2\/comments?post=548"}],"version-history":[{"count":1,"href":"https:\/\/multi-gyn.com\/pt\/wp-json\/wp\/v2\/pages\/548\/revisions"}],"predecessor-version":[{"id":550,"href":"https:\/\/multi-gyn.com\/pt\/wp-json\/wp\/v2\/pages\/548\/revisions\/550"}],"up":[{"embeddable":true,"href":"https:\/\/multi-gyn.com\/pt\/wp-json\/wp\/v2\/pages\/182"}],"wp:attachment":[{"href":"https:\/\/multi-gyn.com\/pt\/wp-json\/wp\/v2\/media?parent=548"}],"wp:term":[{"taxonomy":"from-article-database","embeddable":true,"href":"https:\/\/multi-gyn.com\/pt\/wp-json\/wp\/v2\/from-article-database?post=548"}],"curies":[{"name":"wp","href":"https:\/\/api.w.org\/{rel}","templated":true}]}}