{"id":552,"date":"2022-12-11T17:56:23","date_gmt":"2022-12-11T17:56:23","guid":{"rendered":"https:\/\/multi-gyn.com\/pt\/?page_id=552"},"modified":"2025-04-28T10:42:40","modified_gmt":"2025-04-28T09:42:40","slug":"anatomia-da-vagina","status":"publish","type":"page","link":"https:\/\/multi-gyn.com\/pt\/saude-vaginal\/geral\/anatomia-da-vagina\/","title":{"rendered":"Anatomia da vagina"},"content":{"rendered":"\n<div class=\"wp-block-karopharma-free-text pt-large pb-large bg-center bg-cover bg-no-repeat  is-style-primary\" style=\"background-image:url()\"><div class=\"free-text-wrapper container max-w-medium text-left\">\n<h1 class=\"wp-block-heading\">Anatomia da vagina<\/h1>\n\n\n\n<p class=\"is-style-paragraph-preamble\">A vagina \u00e9 um \u00f3rg\u00e3o muscular el\u00e1stico, que liga o \u00fatero aos \u00f3rg\u00e3os reprodutores externos. \u00c9 importante relembrar que a apar\u00eancia da nossa zona \u00edntima \u00e9 bastante individual \u2013 os genitais femininos podem diferenciar no formato, tamanho, cor, textura e na sua apar\u00eancia geral. Saiba mais sobre a anatomia da vagina para entender melhor de que forma esta parte fascinante do corpo feminino funciona.<\/p>\n<\/div><\/div>\n\n\n\n<div class=\"wp-block-karopharma-free-text pt-large pb-large bg-center bg-cover bg-no-repeat\" style=\"background-image:url()\"><div class=\"free-text-wrapper container max-w-medium text-left\">\n<h2 class=\"is-style-heading-h2 wp-block-heading\">Zona \u00edntima externa<\/h2>\n\n\n\n<p>A vagina est\u00e1 ligada \u00e0 vulva, o que inclui os l\u00e1bios exteriores ou l\u00e1bia, l\u00e1bios interiores, clit\u00f3ris e as aberturas exteriores da uretra e vagina. Por vezes as pessoas confundem a vulva com a vagina \u2013 a forma mais f\u00e1cil de n\u00e3o se esquecer \u00e9 que a vulva \u00e9 o que consegue ver quando observa a sua zona \u00edntima com um espelho. A vagina est\u00e1 situada dentro do corpo e a \u00fanica forma de a examinar completamente \u00e9 com um esp\u00e9culo, que \u00e9 aquilo que um ginecologista faz durante um exame Papanicolau.<\/p>\n\n\n\n<p>A abertura vaginal est\u00e1 escondida por dois conjuntos de l\u00e1bios \u2013 maiores e menores. Estes s\u00e3o os l\u00e1bios exteriores da vulva, que protegem a vagina de infe\u00e7\u00f5es e proporcionam est\u00edmulo durante as rela\u00e7\u00f5es sexuais. S\u00e3o muito sens\u00edveis. O clit\u00f3ris est\u00e1 escondido pelos l\u00e1bios. Este tecido suave do tamanho de uma ervilha \u00e9 prov\u00e1velmente a parte mais sens\u00edvel do corpo feminino. A estimula\u00e7\u00e3o do clit\u00f3ris proporciona excita\u00e7\u00e3o e pode conduzir a um orgasmo, fazendo do clit\u00f3ris um \u00f3rg\u00e3o muito importante para o prazer sexual. Quando est\u00e1 excitada, o seu clit\u00f3ris (e os seus l\u00e1bios) podem ficar maiores devido ao aumento da circula\u00e7\u00e3o sangu\u00ednea para a regi\u00e3o genital. Isto \u00e9 normal.<\/p>\n\n\n\n<p>A abertura da uretra est\u00e1 directamente em baixo do clit\u00f3ris. A urina vem da bexiga, atravessa pela uretra e sai por esta abertura. A abertura est\u00e1 fechada por um m\u00fasculo circular que permite reter a urina at\u00e9 chegarmos \u00e0 casa de banho. Por vezes este m\u00fasculo enfraquece, causando&nbsp;<a href=\"https:\/\/multi-gyn.com\/pt\/saude-vaginal\/cuidados\/exercicios-pelvicos-ou-kegel-para-uma-boa-saude-vaginal\/\">incontin\u00eancia urin\u00e1ria<\/a>.<\/p>\n\n\n\n<figure class=\"wp-block-image size-large is-resized\"><img loading=\"lazy\" decoding=\"async\" src=\"https:\/\/multi-gyn.com\/app\/uploads\/sites\/34\/2022\/12\/vagina1-1024x900.png\" alt=\"\" class=\"wp-image-554\" width=\"512\" height=\"450\" srcset=\"https:\/\/multi-gyn.com\/app\/uploads\/sites\/34\/2022\/12\/vagina1-1024x900.png 1024w, https:\/\/multi-gyn.com\/app\/uploads\/sites\/34\/2022\/12\/vagina1-320x281.png 320w, https:\/\/multi-gyn.com\/app\/uploads\/sites\/34\/2022\/12\/vagina1-768x675.png 768w, https:\/\/multi-gyn.com\/app\/uploads\/sites\/34\/2022\/12\/vagina1-1536x1350.png 1536w, https:\/\/multi-gyn.com\/app\/uploads\/sites\/34\/2022\/12\/vagina1-2048x1801.png 2048w, https:\/\/multi-gyn.com\/app\/uploads\/sites\/34\/2022\/12\/vagina1-600x527.png 600w\" sizes=\"auto, (max-width: 512px) 100vw, 512px\" \/><\/figure>\n\n\n\n<h2 class=\"is-style-heading-h2 wp-block-heading\">A vagina<\/h2>\n\n\n\n<p>A abertura da vagina \u00e9 por baixo da ureta. \u00c9 por aqui que o sangue menstrual sai e onde os tamp\u00f5es, copos menstruais, suposit\u00f3rios vaginais e hidratantes vaginais s\u00e3o inseridos. Durante a rela\u00e7\u00f5es sexuais, \u00e9 onde o p\u00e9nis penetra a vagina. O interior est\u00e1 coberto por tecido suave que varia na textura e hidrata\u00e7\u00e3o, dependendo de factores espec\u00edficos como excita\u00e7\u00e3o sexual, gravidez, doen\u00e7a, amamenta\u00e7\u00e3o, menstrua\u00e7\u00e3o e menopausa. Este tecido suave cont\u00e9m muitas gl\u00e2ndulas que segregam&nbsp;<a href=\"https:\/\/multi-gyn.com\/pt\/saude-vaginal\/desconfortos\/o-meu-corrimento-vaginal-e-normal\/\">corrimento fluido vaginal<\/a>, que \u00e9 necess\u00e1rio para a lubrifica\u00e7\u00e3o e protec\u00e7\u00e3o contra infe\u00e7\u00f5es. A vagina tem uma elasticidade fant\u00e1stica e estica o suficiente para se tornar o canal de nascimento para o beb\u00e9 desde o \u00fatero, tamb\u00e9m conhecido como ventre.<\/p>\n\n\n\n<figure class=\"wp-block-image size-large is-resized\"><img loading=\"lazy\" decoding=\"async\" src=\"https:\/\/multi-gyn.com\/app\/uploads\/sites\/34\/2022\/12\/vagina2-1024x888.png\" alt=\"\" class=\"wp-image-555\" width=\"512\" height=\"444\" srcset=\"https:\/\/multi-gyn.com\/app\/uploads\/sites\/34\/2022\/12\/vagina2-1024x888.png 1024w, https:\/\/multi-gyn.com\/app\/uploads\/sites\/34\/2022\/12\/vagina2-320x278.png 320w, https:\/\/multi-gyn.com\/app\/uploads\/sites\/34\/2022\/12\/vagina2-768x666.png 768w, https:\/\/multi-gyn.com\/app\/uploads\/sites\/34\/2022\/12\/vagina2-1536x1332.png 1536w, https:\/\/multi-gyn.com\/app\/uploads\/sites\/34\/2022\/12\/vagina2-2048x1776.png 2048w, https:\/\/multi-gyn.com\/app\/uploads\/sites\/34\/2022\/12\/vagina2-600x520.png 600w\" sizes=\"auto, (max-width: 512px) 100vw, 512px\" \/><\/figure>\n\n\n\n<p>Perto da abertura da vagina existe uma membrana fina chamada de h\u00edmen. Esta membrana pode romper na primeira vez que se realiza rela\u00e7\u00f5es sexuais, por vezes causando uma ligeira perda de sangue. Tamb\u00e9m pode romper devido a exerc\u00edcio f\u00edsico, desporto e exame interno.<\/p>\n\n\n\n<p>A vagina e outros \u00f3rg\u00e3os reprodutivos s\u00e3o mantidos no lugar pelos m\u00fasculos p\u00e9lvico. Estes m\u00fasculos previvem prolapsos e incontin\u00eancia e podem ser fortalecidos atrav\u00e9s de exerc\u00edcios p\u00e9lvicos, tamb\u00e9m conhecidos como&nbsp;<a href=\"https:\/\/multi-gyn.com\/pt\/saude-vaginal\/cuidados\/exercicios-pelvicos-ou-kegel-para-uma-boa-saude-vaginal\/\">exerc\u00edcios Kegel<\/a>.<\/p>\n\n\n\n<p>O outro extremo da vagina est\u00e1 ligado ao c\u00e9rvix, ou pesco\u00e7o do ventre. O c\u00e9rvix tem uma abertura muito pequena que ajuda a prevenir que qualquer coisa que n\u00e3o deva entrar, entre no \u00fatero. O c\u00e9rvix expande anormalmente durante o parto para permitir que o beb\u00e9 passe do \u00fatero para a vagina, e para o mundo exterior.<\/p>\n<\/div><\/div>\n","protected":false},"excerpt":{"rendered":"","protected":false},"author":6,"featured_media":0,"parent":182,"menu_order":0,"comment_status":"closed","ping_status":"closed","template":"","meta":{"_acf_changed":false,"footnotes":""},"from-article-database":[],"class_list":["post-552","page","type-page","status-publish","hentry"],"acf":[],"yoast_head":"<!-- This site is optimized with the Yoast SEO plugin v26.6 - https:\/\/yoast.com\/wordpress\/plugins\/seo\/ -->\n<title>Anatomia da vagina - Multi-Gyn<\/title>\n<meta name=\"description\" content=\"A vagina est\u00e1 ligada \u00e0 vulva, o que inclui os l\u00e1bios exteriores ou l\u00e1bia, l\u00e1bios interiores, clit\u00f3ris e as aberturas exteriores da uretra e vagina.\" \/>\n<meta name=\"robots\" content=\"index, follow, max-snippet:-1, max-image-preview:large, max-video-preview:-1\" \/>\n<link rel=\"canonical\" href=\"https:\/\/multi-gyn.com\/pt\/saude-vaginal\/geral\/anatomia-da-vagina\/\" \/>\n<meta property=\"og:locale\" content=\"pt_PT\" \/>\n<meta property=\"og:type\" content=\"article\" \/>\n<meta property=\"og:title\" content=\"Anatomia da vagina - Multi-Gyn\" \/>\n<meta property=\"og:description\" content=\"A vagina est\u00e1 ligada \u00e0 vulva, o que inclui os l\u00e1bios exteriores ou l\u00e1bia, l\u00e1bios interiores, clit\u00f3ris e as aberturas exteriores da uretra e vagina.\" \/>\n<meta property=\"og:url\" content=\"https:\/\/multi-gyn.com\/pt\/saude-vaginal\/geral\/anatomia-da-vagina\/\" \/>\n<meta property=\"og:site_name\" content=\"Multi-Gyn\" \/>\n<meta property=\"article:modified_time\" content=\"2025-04-28T09:42:40+00:00\" \/>\n<meta property=\"og:image\" content=\"https:\/\/multi-gyn.com\/app\/uploads\/sites\/34\/2022\/12\/vagina1-1024x900.png\" \/>\n\t<meta property=\"og:image:width\" content=\"1024\" \/>\n\t<meta property=\"og:image:height\" content=\"900\" \/>\n\t<meta property=\"og:image:type\" content=\"image\/png\" \/>\n<meta name=\"twitter:card\" content=\"summary_large_image\" \/>\n<meta name=\"twitter:label1\" content=\"Tempo estimado de leitura\" \/>\n\t<meta name=\"twitter:data1\" content=\"4 minutos\" \/>\n<script type=\"application\/ld+json\" class=\"yoast-schema-graph\">{\"@context\":\"https:\/\/schema.org\",\"@graph\":[{\"@type\":\"WebPage\",\"@id\":\"https:\/\/multi-gyn.com\/pt\/saude-vaginal\/geral\/anatomia-da-vagina\/\",\"url\":\"https:\/\/multi-gyn.com\/pt\/saude-vaginal\/geral\/anatomia-da-vagina\/\",\"name\":\"Anatomia da vagina - Multi-Gyn\",\"isPartOf\":{\"@id\":\"https:\/\/multi-gyn.com\/pt\/#website\"},\"primaryImageOfPage\":{\"@id\":\"https:\/\/multi-gyn.com\/pt\/saude-vaginal\/geral\/anatomia-da-vagina\/#primaryimage\"},\"image\":{\"@id\":\"https:\/\/multi-gyn.com\/pt\/saude-vaginal\/geral\/anatomia-da-vagina\/#primaryimage\"},\"thumbnailUrl\":\"https:\/\/multi-gyn.com\/app\/uploads\/sites\/34\/2022\/12\/vagina1-1024x900.png\",\"datePublished\":\"2022-12-11T17:56:23+00:00\",\"dateModified\":\"2025-04-28T09:42:40+00:00\",\"description\":\"A vagina est\u00e1 ligada \u00e0 vulva, o que inclui os l\u00e1bios exteriores ou l\u00e1bia, l\u00e1bios interiores, clit\u00f3ris e as aberturas exteriores da uretra e vagina.\",\"breadcrumb\":{\"@id\":\"https:\/\/multi-gyn.com\/pt\/saude-vaginal\/geral\/anatomia-da-vagina\/#breadcrumb\"},\"inLanguage\":\"pt-PT\",\"potentialAction\":[{\"@type\":\"ReadAction\",\"target\":[\"https:\/\/multi-gyn.com\/pt\/saude-vaginal\/geral\/anatomia-da-vagina\/\"]}]},{\"@type\":\"ImageObject\",\"inLanguage\":\"pt-PT\",\"@id\":\"https:\/\/multi-gyn.com\/pt\/saude-vaginal\/geral\/anatomia-da-vagina\/#primaryimage\",\"url\":\"https:\/\/multi-gyn.com\/app\/uploads\/sites\/34\/2022\/12\/vagina1-1024x900.png\",\"contentUrl\":\"https:\/\/multi-gyn.com\/app\/uploads\/sites\/34\/2022\/12\/vagina1-1024x900.png\"},{\"@type\":\"BreadcrumbList\",\"@id\":\"https:\/\/multi-gyn.com\/pt\/saude-vaginal\/geral\/anatomia-da-vagina\/#breadcrumb\",\"itemListElement\":[{\"@type\":\"ListItem\",\"position\":1,\"name\":\"Home\",\"item\":\"https:\/\/multi-gyn.com\/pt\/\"},{\"@type\":\"ListItem\",\"position\":2,\"name\":\"Sa\u00fade vaginal\",\"item\":\"https:\/\/multi-gyn.com\/pt\/saude-vaginal\/\"},{\"@type\":\"ListItem\",\"position\":3,\"name\":\"\u00a0Geral\",\"item\":\"https:\/\/multi-gyn.com\/pt\/saude-vaginal\/geral\/\"},{\"@type\":\"ListItem\",\"position\":4,\"name\":\"Anatomia da vagina\"}]},{\"@type\":\"WebSite\",\"@id\":\"https:\/\/multi-gyn.com\/pt\/#website\",\"url\":\"https:\/\/multi-gyn.com\/pt\/\",\"name\":\"Multi-Gyn\",\"description\":\"\",\"publisher\":{\"@id\":\"https:\/\/multi-gyn.com\/pt\/#organization\"},\"potentialAction\":[{\"@type\":\"SearchAction\",\"target\":{\"@type\":\"EntryPoint\",\"urlTemplate\":\"https:\/\/multi-gyn.com\/pt\/?s={search_term_string}\"},\"query-input\":{\"@type\":\"PropertyValueSpecification\",\"valueRequired\":true,\"valueName\":\"search_term_string\"}}],\"inLanguage\":\"pt-PT\"},{\"@type\":\"Organization\",\"@id\":\"https:\/\/multi-gyn.com\/pt\/#organization\",\"name\":\"Multi-Gyn\",\"url\":\"https:\/\/multi-gyn.com\/pt\/\",\"logo\":{\"@type\":\"ImageObject\",\"inLanguage\":\"pt-PT\",\"@id\":\"https:\/\/multi-gyn.com\/pt\/#\/schema\/logo\/image\/\",\"url\":\"https:\/\/multi-gyn.com\/app\/uploads\/sites\/34\/2022\/11\/multi-gyn-logo.png\",\"contentUrl\":\"https:\/\/multi-gyn.com\/app\/uploads\/sites\/34\/2022\/11\/multi-gyn-logo.png\",\"width\":149,\"height\":32,\"caption\":\"Multi-Gyn\"},\"image\":{\"@id\":\"https:\/\/multi-gyn.com\/pt\/#\/schema\/logo\/image\/\"}}]}<\/script>\n<!-- \/ Yoast SEO plugin. -->","yoast_head_json":{"title":"Anatomia da vagina - Multi-Gyn","description":"A vagina est\u00e1 ligada \u00e0 vulva, o que inclui os l\u00e1bios exteriores ou l\u00e1bia, l\u00e1bios interiores, clit\u00f3ris e as aberturas exteriores da uretra e vagina.","robots":{"index":"index","follow":"follow","max-snippet":"max-snippet:-1","max-image-preview":"max-image-preview:large","max-video-preview":"max-video-preview:-1"},"canonical":"https:\/\/multi-gyn.com\/pt\/saude-vaginal\/geral\/anatomia-da-vagina\/","og_locale":"pt_PT","og_type":"article","og_title":"Anatomia da vagina - Multi-Gyn","og_description":"A vagina est\u00e1 ligada \u00e0 vulva, o que inclui os l\u00e1bios exteriores ou l\u00e1bia, l\u00e1bios interiores, clit\u00f3ris e as aberturas exteriores da uretra e vagina.","og_url":"https:\/\/multi-gyn.com\/pt\/saude-vaginal\/geral\/anatomia-da-vagina\/","og_site_name":"Multi-Gyn","article_modified_time":"2025-04-28T09:42:40+00:00","og_image":[{"width":1024,"height":900,"url":"https:\/\/multi-gyn.com\/app\/uploads\/sites\/34\/2022\/12\/vagina1-1024x900.png","type":"image\/png"}],"twitter_card":"summary_large_image","twitter_misc":{"Tempo estimado de leitura":"4 minutos"},"schema":{"@context":"https:\/\/schema.org","@graph":[{"@type":"WebPage","@id":"https:\/\/multi-gyn.com\/pt\/saude-vaginal\/geral\/anatomia-da-vagina\/","url":"https:\/\/multi-gyn.com\/pt\/saude-vaginal\/geral\/anatomia-da-vagina\/","name":"Anatomia da vagina - Multi-Gyn","isPartOf":{"@id":"https:\/\/multi-gyn.com\/pt\/#website"},"primaryImageOfPage":{"@id":"https:\/\/multi-gyn.com\/pt\/saude-vaginal\/geral\/anatomia-da-vagina\/#primaryimage"},"image":{"@id":"https:\/\/multi-gyn.com\/pt\/saude-vaginal\/geral\/anatomia-da-vagina\/#primaryimage"},"thumbnailUrl":"https:\/\/multi-gyn.com\/app\/uploads\/sites\/34\/2022\/12\/vagina1-1024x900.png","datePublished":"2022-12-11T17:56:23+00:00","dateModified":"2025-04-28T09:42:40+00:00","description":"A vagina est\u00e1 ligada \u00e0 vulva, o que inclui os l\u00e1bios exteriores ou l\u00e1bia, l\u00e1bios interiores, clit\u00f3ris e as aberturas exteriores da uretra e vagina.","breadcrumb":{"@id":"https:\/\/multi-gyn.com\/pt\/saude-vaginal\/geral\/anatomia-da-vagina\/#breadcrumb"},"inLanguage":"pt-PT","potentialAction":[{"@type":"ReadAction","target":["https:\/\/multi-gyn.com\/pt\/saude-vaginal\/geral\/anatomia-da-vagina\/"]}]},{"@type":"ImageObject","inLanguage":"pt-PT","@id":"https:\/\/multi-gyn.com\/pt\/saude-vaginal\/geral\/anatomia-da-vagina\/#primaryimage","url":"https:\/\/multi-gyn.com\/app\/uploads\/sites\/34\/2022\/12\/vagina1-1024x900.png","contentUrl":"https:\/\/multi-gyn.com\/app\/uploads\/sites\/34\/2022\/12\/vagina1-1024x900.png"},{"@type":"BreadcrumbList","@id":"https:\/\/multi-gyn.com\/pt\/saude-vaginal\/geral\/anatomia-da-vagina\/#breadcrumb","itemListElement":[{"@type":"ListItem","position":1,"name":"Home","item":"https:\/\/multi-gyn.com\/pt\/"},{"@type":"ListItem","position":2,"name":"Sa\u00fade vaginal","item":"https:\/\/multi-gyn.com\/pt\/saude-vaginal\/"},{"@type":"ListItem","position":3,"name":"\u00a0Geral","item":"https:\/\/multi-gyn.com\/pt\/saude-vaginal\/geral\/"},{"@type":"ListItem","position":4,"name":"Anatomia da vagina"}]},{"@type":"WebSite","@id":"https:\/\/multi-gyn.com\/pt\/#website","url":"https:\/\/multi-gyn.com\/pt\/","name":"Multi-Gyn","description":"","publisher":{"@id":"https:\/\/multi-gyn.com\/pt\/#organization"},"potentialAction":[{"@type":"SearchAction","target":{"@type":"EntryPoint","urlTemplate":"https:\/\/multi-gyn.com\/pt\/?s={search_term_string}"},"query-input":{"@type":"PropertyValueSpecification","valueRequired":true,"valueName":"search_term_string"}}],"inLanguage":"pt-PT"},{"@type":"Organization","@id":"https:\/\/multi-gyn.com\/pt\/#organization","name":"Multi-Gyn","url":"https:\/\/multi-gyn.com\/pt\/","logo":{"@type":"ImageObject","inLanguage":"pt-PT","@id":"https:\/\/multi-gyn.com\/pt\/#\/schema\/logo\/image\/","url":"https:\/\/multi-gyn.com\/app\/uploads\/sites\/34\/2022\/11\/multi-gyn-logo.png","contentUrl":"https:\/\/multi-gyn.com\/app\/uploads\/sites\/34\/2022\/11\/multi-gyn-logo.png","width":149,"height":32,"caption":"Multi-Gyn"},"image":{"@id":"https:\/\/multi-gyn.com\/pt\/#\/schema\/logo\/image\/"}}]}},"_links":{"self":[{"href":"https:\/\/multi-gyn.com\/pt\/wp-json\/wp\/v2\/pages\/552","targetHints":{"allow":["GET"]}}],"collection":[{"href":"https:\/\/multi-gyn.com\/pt\/wp-json\/wp\/v2\/pages"}],"about":[{"href":"https:\/\/multi-gyn.com\/pt\/wp-json\/wp\/v2\/types\/page"}],"author":[{"embeddable":true,"href":"https:\/\/multi-gyn.com\/pt\/wp-json\/wp\/v2\/users\/6"}],"replies":[{"embeddable":true,"href":"https:\/\/multi-gyn.com\/pt\/wp-json\/wp\/v2\/comments?post=552"}],"version-history":[{"count":5,"href":"https:\/\/multi-gyn.com\/pt\/wp-json\/wp\/v2\/pages\/552\/revisions"}],"predecessor-version":[{"id":738,"href":"https:\/\/multi-gyn.com\/pt\/wp-json\/wp\/v2\/pages\/552\/revisions\/738"}],"up":[{"embeddable":true,"href":"https:\/\/multi-gyn.com\/pt\/wp-json\/wp\/v2\/pages\/182"}],"wp:attachment":[{"href":"https:\/\/multi-gyn.com\/pt\/wp-json\/wp\/v2\/media?parent=552"}],"wp:term":[{"taxonomy":"from-article-database","embeddable":true,"href":"https:\/\/multi-gyn.com\/pt\/wp-json\/wp\/v2\/from-article-database?post=552"}],"curies":[{"name":"wp","href":"https:\/\/api.w.org\/{rel}","templated":true}]}}