{"id":575,"date":"2022-12-11T18:43:35","date_gmt":"2022-12-11T18:43:35","guid":{"rendered":"https:\/\/multi-gyn.com\/pt\/?page_id=575"},"modified":"2025-04-28T10:42:38","modified_gmt":"2025-04-28T09:42:38","slug":"sensacao-de-ardor-na-vagina","status":"publish","type":"page","link":"https:\/\/multi-gyn.com\/pt\/saude-vaginal\/desconfortos\/sensacao-de-ardor-na-vagina\/","title":{"rendered":"Sensa\u00e7\u00e3o de ardor na vagina"},"content":{"rendered":"\n<div class=\"wp-block-karopharma-free-text pt-large pb-large bg-center bg-cover bg-no-repeat  is-style-primary\" style=\"background-image:url()\"><div class=\"free-text-wrapper container max-w-medium text-left\">\n<h1 class=\"wp-block-heading\">Sensa\u00e7\u00e3o de ardor na vagina<\/h1>\n\n\n\n<p class=\"is-style-paragraph-preamble\">Todas as mulheres experienciam desconfortos vaginais em algum momento das suas vidas. Os sintomas mais comuns incluem corrimento,\u00a0<a href=\"https:\/\/multi-gyn.com\/pt\/saude-vaginal\/desconfortos\/odor-vaginalo-que-causa-esse-cheiro-forte\/\">odor<\/a>,\u00a0<a href=\"https:\/\/multi-gyn.com\/pt\/saude-vaginal\/desconfortos\/prurido-vaginalqual-a-sua-causa\/\">prurido<\/a>, dor e ardor vaginal. Estes sintomas podem afetar seriamente a qualidade de vida. A sua vida \u00edntima pode ser particularmente afetada pois as rela\u00e7\u00f5es sexuais podem tornar-se muito desconfort\u00e1veis e at\u00e9 mesmo dolorosas.<\/p>\n<\/div><\/div>\n\n\n\n<div class=\"wp-block-karopharma-free-text pt-large pb-large bg-center bg-cover bg-no-repeat\" style=\"background-image:url()\"><div class=\"free-text-wrapper container max-w-medium text-left\">\n<p>A sensa\u00e7\u00e3o de ardor na zona \u00edntima \u00e9 geralmente um sinal de uma irrita\u00e7\u00e3o ou infe\u00e7\u00e3o. Pode ser causado por:<\/p>\n\n\n\n<ul class=\"is-style-default wp-block-list\"><li>Vaginose bacteriana<\/li><li>Fungos (tamb\u00e9m conhecida como candid\u00edase ou infe\u00e7\u00e3o por c\u00e2ndida)<\/li><li>Detergentes fortes, lo\u00e7\u00f5es, sprays vaginais, banhos de espuma, etc. Este tipo de produtos cont\u00e9m frequentemente irritantes e alerg\u00e9nicos que podem causar sensa\u00e7\u00e3o de ardor pouco tempo depois de serem aplicados.<\/li><li>Menopausa. Falta de estrog\u00e9nio provoca encolhimento e diminui\u00e7\u00e3o da espessura do tecido vaginal, e perda de lubrifica\u00e7\u00e3o necess\u00e1ria para rela\u00e7\u00f5es sexuais n\u00e3o dolorosas. Isto pode causar fric\u00e7\u00e3o e inflama\u00e7\u00e3o pois o tecido deixa de ser t\u00e3o el\u00e1stico e espesso como seria com n\u00edveis de estrog\u00e9nio mais elevados.<\/li><li>Tanto a falta de higiene com o excesso podem danificar a camada protectora da pele e abrir espa\u00e7os para micr\u00f3bios, irritantes e alerg\u00e9nicos. Usar sab\u00e3o regular ou detergentes fortes podem remover a superf\u00edcie da barreira da pele, causando inflama\u00e7\u00e3o e irrita\u00e7\u00e3o.<\/li><li>Altera\u00e7\u00f5es no valor do&nbsp;<a href=\"https:\/\/www.multi-gyn.pt\/geral\/ph-vaginal-a-sua-vagina-e-acida-ou-alcalina\/\">pH da vagina<\/a>. Isto pode ser causado por muitos factores, incluindo doen\u00e7as, medica\u00e7\u00e3o, sab\u00f5es agressivos e detergentes.<\/li><li>Antibi\u00f3ticos e antimic\u00f3ticos<\/li><li>Diabetes<\/li><li>Roupa interior sint\u00e9tica e roupa apertada<\/li><li>Irrita\u00e7\u00e3o causada por preservativos, espermicidas, lubrificantes e at\u00e9 mesmo esperma.<\/li><\/ul>\n\n\n\n<h2 class=\"is-style-heading-h2 wp-block-heading\">O que fazer se est\u00e1 com ardor vaginal?<\/h2>\n\n\n\n<p>Se suspeita que o seu ardor pode estar relacionado com um produto que utilizou recentemente, lave a \u00e1rea o mais depressa poss\u00edvel para remover os res\u00edduos e minimizar o efeito. Ap\u00f3s isso, use um produto suave e natural ou um gel vaginal com prebi\u00f3ticos para ajudar as bact\u00e9rias boas a recuperar e a proporcionar al\u00edvio imediato. Para prevenir este tipo de problemas, escolha produtos naturais que n\u00e3o contenham qu\u00edmicos agressivos, frag\u00e2ncias ou corantes.<\/p>\n\n\n\n<p>Caso ocorram outros sintomas, como por exemplo corrimento, odor, prurido ou dor, \u00e9 poss\u00edvel que tenha uma infe\u00e7\u00e3o. Verifique com o seu m\u00e9dico se \u00e9 esse o caso. Existem tratamentos bons e eficazes, sem antibi\u00f3tico ou antimic\u00f3tico, dispon\u00edvel para a vaginose bacteriana, candid\u00edase ou outros desequil\u00edbrios microbianos.<\/p>\n\n\n\n<p>Se est\u00e1 com ardor vaginal devido a secura, pe\u00e7a ao seu ginecologista uma solu\u00e7\u00e3o adequada. As suas op\u00e7\u00f5es incluem cremes de estrog\u00e9nio, hidratantes vaginais e lubrificantes. A grande diferen\u00e7a entre hidratantes e lubrificantes \u00e9 que o primeiro grupo de produtos tem o objectivo de proporcionar al\u00edvio mais prolongado. Isto \u00e9 ideal se a secura vaginal est\u00e1 a causar desconforto quando faz exerc\u00edcio ou anda. Lubrificantes s\u00e3o aplicados antes das rela\u00e7\u00f5es sexuais e ir\u00e3o proporcionar-lhe al\u00edvio de curta dura\u00e7\u00e3o, mas poder\u00e1 ajud\u00e1-la a ter rela\u00e7\u00f5es sexuais mais agrad\u00e1veis e sem dor.<\/p>\n\n\n\n<p>Quando irrita\u00e7\u00e3o e inflama\u00e7\u00e3o ocorrem, d\u00ea espa\u00e7o para que a sua vagina se cure e evite rela\u00e7\u00f5es sexuais at\u00e9 que os sintomas desapare\u00e7am completamente. Resista \u00e0 vontade de co\u00e7ar a zona afetada, pois ir\u00e1 apenas piorar a situa\u00e7\u00e3o, causando incha\u00e7o e dor.<\/p>\n<\/div><\/div>\n","protected":false},"excerpt":{"rendered":"","protected":false},"author":6,"featured_media":0,"parent":184,"menu_order":0,"comment_status":"closed","ping_status":"closed","template":"","meta":{"_acf_changed":false,"footnotes":""},"from-article-database":[],"class_list":["post-575","page","type-page","status-publish","hentry"],"acf":[],"yoast_head":"<!-- This site is optimized with the Yoast SEO plugin v26.6 - https:\/\/yoast.com\/wordpress\/plugins\/seo\/ -->\n<title>Sensa\u00e7\u00e3o de ardor na vagina - Multi-Gyn<\/title>\n<meta name=\"description\" content=\"Todas as mulheres experienciam desconfortos vaginais em algum momento das suas vidas. Os sintomas mais comuns incluem corrimento,\u00a0odor,\u00a0prurido, dor e ardor vaginal.\" \/>\n<meta name=\"robots\" content=\"index, follow, max-snippet:-1, max-image-preview:large, max-video-preview:-1\" \/>\n<link rel=\"canonical\" href=\"https:\/\/multi-gyn.com\/pt\/saude-vaginal\/desconfortos\/sensacao-de-ardor-na-vagina\/\" \/>\n<meta property=\"og:locale\" content=\"pt_PT\" \/>\n<meta property=\"og:type\" content=\"article\" \/>\n<meta property=\"og:title\" content=\"Sensa\u00e7\u00e3o de ardor na vagina - Multi-Gyn\" \/>\n<meta property=\"og:description\" content=\"Todas as mulheres experienciam desconfortos vaginais em algum momento das suas vidas. Os sintomas mais comuns incluem corrimento,\u00a0odor,\u00a0prurido, dor e ardor vaginal.\" \/>\n<meta property=\"og:url\" content=\"https:\/\/multi-gyn.com\/pt\/saude-vaginal\/desconfortos\/sensacao-de-ardor-na-vagina\/\" \/>\n<meta property=\"og:site_name\" content=\"Multi-Gyn\" \/>\n<meta property=\"article:modified_time\" content=\"2025-04-28T09:42:38+00:00\" \/>\n<meta name=\"twitter:card\" content=\"summary_large_image\" \/>\n<meta name=\"twitter:label1\" content=\"Tempo estimado de leitura\" \/>\n\t<meta name=\"twitter:data1\" content=\"3 minutos\" \/>\n<script type=\"application\/ld+json\" class=\"yoast-schema-graph\">{\"@context\":\"https:\/\/schema.org\",\"@graph\":[{\"@type\":\"WebPage\",\"@id\":\"https:\/\/multi-gyn.com\/pt\/saude-vaginal\/desconfortos\/sensacao-de-ardor-na-vagina\/\",\"url\":\"https:\/\/multi-gyn.com\/pt\/saude-vaginal\/desconfortos\/sensacao-de-ardor-na-vagina\/\",\"name\":\"Sensa\u00e7\u00e3o de ardor na vagina - Multi-Gyn\",\"isPartOf\":{\"@id\":\"https:\/\/multi-gyn.com\/pt\/#website\"},\"datePublished\":\"2022-12-11T18:43:35+00:00\",\"dateModified\":\"2025-04-28T09:42:38+00:00\",\"description\":\"Todas as mulheres experienciam desconfortos vaginais em algum momento das suas vidas. Os sintomas mais comuns incluem corrimento,\u00a0odor,\u00a0prurido, dor e ardor vaginal.\",\"breadcrumb\":{\"@id\":\"https:\/\/multi-gyn.com\/pt\/saude-vaginal\/desconfortos\/sensacao-de-ardor-na-vagina\/#breadcrumb\"},\"inLanguage\":\"pt-PT\",\"potentialAction\":[{\"@type\":\"ReadAction\",\"target\":[\"https:\/\/multi-gyn.com\/pt\/saude-vaginal\/desconfortos\/sensacao-de-ardor-na-vagina\/\"]}]},{\"@type\":\"BreadcrumbList\",\"@id\":\"https:\/\/multi-gyn.com\/pt\/saude-vaginal\/desconfortos\/sensacao-de-ardor-na-vagina\/#breadcrumb\",\"itemListElement\":[{\"@type\":\"ListItem\",\"position\":1,\"name\":\"Home\",\"item\":\"https:\/\/multi-gyn.com\/pt\/\"},{\"@type\":\"ListItem\",\"position\":2,\"name\":\"Sa\u00fade vaginal\",\"item\":\"https:\/\/multi-gyn.com\/pt\/saude-vaginal\/\"},{\"@type\":\"ListItem\",\"position\":3,\"name\":\"\u00a0Desconfortos\",\"item\":\"https:\/\/multi-gyn.com\/pt\/saude-vaginal\/desconfortos\/\"},{\"@type\":\"ListItem\",\"position\":4,\"name\":\"Sensa\u00e7\u00e3o de ardor na vagina\"}]},{\"@type\":\"WebSite\",\"@id\":\"https:\/\/multi-gyn.com\/pt\/#website\",\"url\":\"https:\/\/multi-gyn.com\/pt\/\",\"name\":\"Multi-Gyn\",\"description\":\"\",\"publisher\":{\"@id\":\"https:\/\/multi-gyn.com\/pt\/#organization\"},\"potentialAction\":[{\"@type\":\"SearchAction\",\"target\":{\"@type\":\"EntryPoint\",\"urlTemplate\":\"https:\/\/multi-gyn.com\/pt\/?s={search_term_string}\"},\"query-input\":{\"@type\":\"PropertyValueSpecification\",\"valueRequired\":true,\"valueName\":\"search_term_string\"}}],\"inLanguage\":\"pt-PT\"},{\"@type\":\"Organization\",\"@id\":\"https:\/\/multi-gyn.com\/pt\/#organization\",\"name\":\"Multi-Gyn\",\"url\":\"https:\/\/multi-gyn.com\/pt\/\",\"logo\":{\"@type\":\"ImageObject\",\"inLanguage\":\"pt-PT\",\"@id\":\"https:\/\/multi-gyn.com\/pt\/#\/schema\/logo\/image\/\",\"url\":\"https:\/\/multi-gyn.com\/app\/uploads\/sites\/34\/2022\/11\/multi-gyn-logo.png\",\"contentUrl\":\"https:\/\/multi-gyn.com\/app\/uploads\/sites\/34\/2022\/11\/multi-gyn-logo.png\",\"width\":149,\"height\":32,\"caption\":\"Multi-Gyn\"},\"image\":{\"@id\":\"https:\/\/multi-gyn.com\/pt\/#\/schema\/logo\/image\/\"}}]}<\/script>\n<!-- \/ Yoast SEO plugin. -->","yoast_head_json":{"title":"Sensa\u00e7\u00e3o de ardor na vagina - Multi-Gyn","description":"Todas as mulheres experienciam desconfortos vaginais em algum momento das suas vidas. Os sintomas mais comuns incluem corrimento,\u00a0odor,\u00a0prurido, dor e ardor vaginal.","robots":{"index":"index","follow":"follow","max-snippet":"max-snippet:-1","max-image-preview":"max-image-preview:large","max-video-preview":"max-video-preview:-1"},"canonical":"https:\/\/multi-gyn.com\/pt\/saude-vaginal\/desconfortos\/sensacao-de-ardor-na-vagina\/","og_locale":"pt_PT","og_type":"article","og_title":"Sensa\u00e7\u00e3o de ardor na vagina - Multi-Gyn","og_description":"Todas as mulheres experienciam desconfortos vaginais em algum momento das suas vidas. Os sintomas mais comuns incluem corrimento,\u00a0odor,\u00a0prurido, dor e ardor vaginal.","og_url":"https:\/\/multi-gyn.com\/pt\/saude-vaginal\/desconfortos\/sensacao-de-ardor-na-vagina\/","og_site_name":"Multi-Gyn","article_modified_time":"2025-04-28T09:42:38+00:00","twitter_card":"summary_large_image","twitter_misc":{"Tempo estimado de leitura":"3 minutos"},"schema":{"@context":"https:\/\/schema.org","@graph":[{"@type":"WebPage","@id":"https:\/\/multi-gyn.com\/pt\/saude-vaginal\/desconfortos\/sensacao-de-ardor-na-vagina\/","url":"https:\/\/multi-gyn.com\/pt\/saude-vaginal\/desconfortos\/sensacao-de-ardor-na-vagina\/","name":"Sensa\u00e7\u00e3o de ardor na vagina - Multi-Gyn","isPartOf":{"@id":"https:\/\/multi-gyn.com\/pt\/#website"},"datePublished":"2022-12-11T18:43:35+00:00","dateModified":"2025-04-28T09:42:38+00:00","description":"Todas as mulheres experienciam desconfortos vaginais em algum momento das suas vidas. Os sintomas mais comuns incluem corrimento,\u00a0odor,\u00a0prurido, dor e ardor vaginal.","breadcrumb":{"@id":"https:\/\/multi-gyn.com\/pt\/saude-vaginal\/desconfortos\/sensacao-de-ardor-na-vagina\/#breadcrumb"},"inLanguage":"pt-PT","potentialAction":[{"@type":"ReadAction","target":["https:\/\/multi-gyn.com\/pt\/saude-vaginal\/desconfortos\/sensacao-de-ardor-na-vagina\/"]}]},{"@type":"BreadcrumbList","@id":"https:\/\/multi-gyn.com\/pt\/saude-vaginal\/desconfortos\/sensacao-de-ardor-na-vagina\/#breadcrumb","itemListElement":[{"@type":"ListItem","position":1,"name":"Home","item":"https:\/\/multi-gyn.com\/pt\/"},{"@type":"ListItem","position":2,"name":"Sa\u00fade vaginal","item":"https:\/\/multi-gyn.com\/pt\/saude-vaginal\/"},{"@type":"ListItem","position":3,"name":"\u00a0Desconfortos","item":"https:\/\/multi-gyn.com\/pt\/saude-vaginal\/desconfortos\/"},{"@type":"ListItem","position":4,"name":"Sensa\u00e7\u00e3o de ardor na vagina"}]},{"@type":"WebSite","@id":"https:\/\/multi-gyn.com\/pt\/#website","url":"https:\/\/multi-gyn.com\/pt\/","name":"Multi-Gyn","description":"","publisher":{"@id":"https:\/\/multi-gyn.com\/pt\/#organization"},"potentialAction":[{"@type":"SearchAction","target":{"@type":"EntryPoint","urlTemplate":"https:\/\/multi-gyn.com\/pt\/?s={search_term_string}"},"query-input":{"@type":"PropertyValueSpecification","valueRequired":true,"valueName":"search_term_string"}}],"inLanguage":"pt-PT"},{"@type":"Organization","@id":"https:\/\/multi-gyn.com\/pt\/#organization","name":"Multi-Gyn","url":"https:\/\/multi-gyn.com\/pt\/","logo":{"@type":"ImageObject","inLanguage":"pt-PT","@id":"https:\/\/multi-gyn.com\/pt\/#\/schema\/logo\/image\/","url":"https:\/\/multi-gyn.com\/app\/uploads\/sites\/34\/2022\/11\/multi-gyn-logo.png","contentUrl":"https:\/\/multi-gyn.com\/app\/uploads\/sites\/34\/2022\/11\/multi-gyn-logo.png","width":149,"height":32,"caption":"Multi-Gyn"},"image":{"@id":"https:\/\/multi-gyn.com\/pt\/#\/schema\/logo\/image\/"}}]}},"_links":{"self":[{"href":"https:\/\/multi-gyn.com\/pt\/wp-json\/wp\/v2\/pages\/575","targetHints":{"allow":["GET"]}}],"collection":[{"href":"https:\/\/multi-gyn.com\/pt\/wp-json\/wp\/v2\/pages"}],"about":[{"href":"https:\/\/multi-gyn.com\/pt\/wp-json\/wp\/v2\/types\/page"}],"author":[{"embeddable":true,"href":"https:\/\/multi-gyn.com\/pt\/wp-json\/wp\/v2\/users\/6"}],"replies":[{"embeddable":true,"href":"https:\/\/multi-gyn.com\/pt\/wp-json\/wp\/v2\/comments?post=575"}],"version-history":[{"count":2,"href":"https:\/\/multi-gyn.com\/pt\/wp-json\/wp\/v2\/pages\/575\/revisions"}],"predecessor-version":[{"id":654,"href":"https:\/\/multi-gyn.com\/pt\/wp-json\/wp\/v2\/pages\/575\/revisions\/654"}],"up":[{"embeddable":true,"href":"https:\/\/multi-gyn.com\/pt\/wp-json\/wp\/v2\/pages\/184"}],"wp:attachment":[{"href":"https:\/\/multi-gyn.com\/pt\/wp-json\/wp\/v2\/media?parent=575"}],"wp:term":[{"taxonomy":"from-article-database","embeddable":true,"href":"https:\/\/multi-gyn.com\/pt\/wp-json\/wp\/v2\/from-article-database?post=575"}],"curies":[{"name":"wp","href":"https:\/\/api.w.org\/{rel}","templated":true}]}}