{"id":579,"date":"2022-12-11T19:13:41","date_gmt":"2022-12-11T19:13:41","guid":{"rendered":"https:\/\/multi-gyn.com\/pt\/?page_id=579"},"modified":"2025-04-28T10:42:36","modified_gmt":"2025-04-28T09:42:36","slug":"dor-vaginal","status":"publish","type":"page","link":"https:\/\/multi-gyn.com\/pt\/saude-vaginal\/desconfortos\/dor-vaginal\/","title":{"rendered":"Dor vaginal"},"content":{"rendered":"\n<div class=\"wp-block-karopharma-free-text pt-large pb-large bg-center bg-cover bg-no-repeat  is-style-primary\" style=\"background-image:url()\"><div class=\"free-text-wrapper container max-w-medium text-left\">\n<h1 class=\"wp-block-heading\">Dor vaginal<\/h1>\n\n\n\n<p class=\"is-style-paragraph-preamble\">Quando a dor vaginal surge, \u00e9 maioritariamente devido a uma infe\u00e7\u00e3o. Contudo, dor na \u00e1rea \u00edntima pode tamb\u00e9m ser causada por irrita\u00e7\u00e3o, secura vaginal e altera\u00e7\u00f5es hormonais. Outros sintomas que podem ocorrer ao mesmo tempo que dor s\u00e3o prurido, ardor, sensibilidade e sensa\u00e7\u00e3o latejante.<\/p>\n<\/div><\/div>\n\n\n\n<div class=\"wp-block-karopharma-free-text pt-large pb-large bg-center bg-cover bg-no-repeat\" style=\"background-image:url()\"><div class=\"free-text-wrapper container max-w-medium text-left\">\n<p>Algumas das causas mais comuns de dor vaginal incluem:<\/p>\n\n\n\n<ul class=\"is-style-default wp-block-list\"><li>Infe\u00e7\u00e3o vaginal f\u00fangica (candid\u00edase) \u2013 apesar de a candid\u00edase n\u00e3o causar a dor, \u00e9 causadora do prurido. Co\u00e7ar a \u00e1rea \u00edntima pode danificar a pele e provocar incha\u00e7o, eventualmente resultando em dor e sensibilidade. Em caso de ser propensa a infe\u00e7\u00f5es vaginais f\u00fangicas (candid\u00edase) ou est\u00e1 a tomar antibi\u00f3ticos, utilize um produto com prebi\u00f3ticos em paralelo que estimule as bact\u00e9rias saud\u00e1veis e reduza o risco de infe\u00e7\u00e3o.<\/li><li>Irrita\u00e7\u00e3o \u2013 utilizar produtos que contenham detergentes nocivos, qu\u00edmicos, frag\u00e2ncias ou corantes podem irritar a pele e causar inflama\u00e7\u00e3o, resultando em incha\u00e7o, dor e sensibilidade na \u00e1rea \u00edntima. Evite produtos que possam conter esses ingredientes como sab\u00e3o, banhos de espuma, sprays vaginais, lo\u00e7\u00f5es e cremes para o corpo.<\/li><li>Utilizar antibi\u00f3ticos ou medica\u00e7\u00e3o com ester\u00f3ides. Este grupo de medicamentos pode aumentar o risco de desenvolver uma infe\u00e7\u00e3o vaginal f\u00fangica (candid\u00edase).<\/li><li>Gravidez. Enquanto est\u00e1 gr\u00e1vida, as mulheres s\u00e3o mais propensas a desenvolver infe\u00e7\u00f5es vaginais f\u00fangicas (candid\u00edase) e dor vaginal derivada do incha\u00e7o.<\/li><li>Algumas DST\u2019s (doen\u00e7as sexualmente transmiss\u00edveis).<\/li><li>Secura vaginal. Quando a vagina n\u00e3o recebe lubrifica\u00e7\u00e3o natural suficiente, a penetra\u00e7\u00e3o durante rela\u00e7\u00f5es sexuais podem causar fric\u00e7\u00e3o e danos no tecido, resultando em inflama\u00e7\u00e3o e dor. Isto pode levar a perda de l\u00edbido ou deixar de apreciar rela\u00e7\u00f5es sexuais. Se tiver secura vaginal, tente utilizar um hidratante ou lubrificante para aliviar os sintomas. Um hidratante \u00e9 aplicado diariamente e tem um efeito duradouro, enquanto o lubrificante \u00e9 colocado antes das rela\u00e7\u00f5es sexuais e \u00e9 eficaz durante apenas um curto per\u00edodo de tempo.<\/li><\/ul>\n\n\n\n<ul class=\"is-style-default wp-block-list\"><li>Atrofia vaginal. Este problema \u00e9 causado pelo tecido vaginal ficar mais fino e menos el\u00e1stico devido \u00e0 redu\u00e7\u00e3o dos n\u00edveis de estrog\u00e9nio, que normalmente acontece na menopausa. As paredes vaginais que ficam finas e secas podem facilmente danificar-se e inflamar-se pela penetra\u00e7\u00e3o, resultando em ardor e dor.<\/li><\/ul>\n<\/div><\/div>\n","protected":false},"excerpt":{"rendered":"","protected":false},"author":6,"featured_media":0,"parent":184,"menu_order":0,"comment_status":"closed","ping_status":"closed","template":"","meta":{"_acf_changed":false,"footnotes":""},"from-article-database":[],"class_list":["post-579","page","type-page","status-publish","hentry"],"acf":[],"yoast_head":"<!-- This site is optimized with the Yoast SEO plugin v26.6 - https:\/\/yoast.com\/wordpress\/plugins\/seo\/ -->\n<title>Dor vaginal - Multi-Gyn<\/title>\n<meta name=\"description\" content=\"Quando a dor vaginal surge, \u00e9 maioritariamente devido a uma infe\u00e7\u00e3o. Contudo, dor na \u00e1rea \u00edntima pode tamb\u00e9m ser causada por irrita\u00e7\u00e3o, secura vaginal e altera\u00e7\u00f5es hormonais.\" \/>\n<meta name=\"robots\" content=\"index, follow, max-snippet:-1, max-image-preview:large, max-video-preview:-1\" \/>\n<link rel=\"canonical\" href=\"https:\/\/multi-gyn.com\/pt\/saude-vaginal\/desconfortos\/dor-vaginal\/\" \/>\n<meta property=\"og:locale\" content=\"pt_PT\" \/>\n<meta property=\"og:type\" content=\"article\" \/>\n<meta property=\"og:title\" content=\"Dor vaginal - Multi-Gyn\" \/>\n<meta property=\"og:description\" content=\"Quando a dor vaginal surge, \u00e9 maioritariamente devido a uma infe\u00e7\u00e3o. Contudo, dor na \u00e1rea \u00edntima pode tamb\u00e9m ser causada por irrita\u00e7\u00e3o, secura vaginal e altera\u00e7\u00f5es hormonais.\" \/>\n<meta property=\"og:url\" content=\"https:\/\/multi-gyn.com\/pt\/saude-vaginal\/desconfortos\/dor-vaginal\/\" \/>\n<meta property=\"og:site_name\" content=\"Multi-Gyn\" \/>\n<meta property=\"article:modified_time\" content=\"2025-04-28T09:42:36+00:00\" \/>\n<meta name=\"twitter:card\" content=\"summary_large_image\" \/>\n<meta name=\"twitter:label1\" content=\"Tempo estimado de leitura\" \/>\n\t<meta name=\"twitter:data1\" content=\"2 minutos\" \/>\n<script type=\"application\/ld+json\" class=\"yoast-schema-graph\">{\"@context\":\"https:\/\/schema.org\",\"@graph\":[{\"@type\":\"WebPage\",\"@id\":\"https:\/\/multi-gyn.com\/pt\/saude-vaginal\/desconfortos\/dor-vaginal\/\",\"url\":\"https:\/\/multi-gyn.com\/pt\/saude-vaginal\/desconfortos\/dor-vaginal\/\",\"name\":\"Dor vaginal - Multi-Gyn\",\"isPartOf\":{\"@id\":\"https:\/\/multi-gyn.com\/pt\/#website\"},\"datePublished\":\"2022-12-11T19:13:41+00:00\",\"dateModified\":\"2025-04-28T09:42:36+00:00\",\"description\":\"Quando a dor vaginal surge, \u00e9 maioritariamente devido a uma infe\u00e7\u00e3o. Contudo, dor na \u00e1rea \u00edntima pode tamb\u00e9m ser causada por irrita\u00e7\u00e3o, secura vaginal e altera\u00e7\u00f5es hormonais.\",\"breadcrumb\":{\"@id\":\"https:\/\/multi-gyn.com\/pt\/saude-vaginal\/desconfortos\/dor-vaginal\/#breadcrumb\"},\"inLanguage\":\"pt-PT\",\"potentialAction\":[{\"@type\":\"ReadAction\",\"target\":[\"https:\/\/multi-gyn.com\/pt\/saude-vaginal\/desconfortos\/dor-vaginal\/\"]}]},{\"@type\":\"BreadcrumbList\",\"@id\":\"https:\/\/multi-gyn.com\/pt\/saude-vaginal\/desconfortos\/dor-vaginal\/#breadcrumb\",\"itemListElement\":[{\"@type\":\"ListItem\",\"position\":1,\"name\":\"Home\",\"item\":\"https:\/\/multi-gyn.com\/pt\/\"},{\"@type\":\"ListItem\",\"position\":2,\"name\":\"Sa\u00fade vaginal\",\"item\":\"https:\/\/multi-gyn.com\/pt\/saude-vaginal\/\"},{\"@type\":\"ListItem\",\"position\":3,\"name\":\"\u00a0Desconfortos\",\"item\":\"https:\/\/multi-gyn.com\/pt\/saude-vaginal\/desconfortos\/\"},{\"@type\":\"ListItem\",\"position\":4,\"name\":\"Dor vaginal\"}]},{\"@type\":\"WebSite\",\"@id\":\"https:\/\/multi-gyn.com\/pt\/#website\",\"url\":\"https:\/\/multi-gyn.com\/pt\/\",\"name\":\"Multi-Gyn\",\"description\":\"\",\"publisher\":{\"@id\":\"https:\/\/multi-gyn.com\/pt\/#organization\"},\"potentialAction\":[{\"@type\":\"SearchAction\",\"target\":{\"@type\":\"EntryPoint\",\"urlTemplate\":\"https:\/\/multi-gyn.com\/pt\/?s={search_term_string}\"},\"query-input\":{\"@type\":\"PropertyValueSpecification\",\"valueRequired\":true,\"valueName\":\"search_term_string\"}}],\"inLanguage\":\"pt-PT\"},{\"@type\":\"Organization\",\"@id\":\"https:\/\/multi-gyn.com\/pt\/#organization\",\"name\":\"Multi-Gyn\",\"url\":\"https:\/\/multi-gyn.com\/pt\/\",\"logo\":{\"@type\":\"ImageObject\",\"inLanguage\":\"pt-PT\",\"@id\":\"https:\/\/multi-gyn.com\/pt\/#\/schema\/logo\/image\/\",\"url\":\"https:\/\/multi-gyn.com\/app\/uploads\/sites\/34\/2022\/11\/multi-gyn-logo.png\",\"contentUrl\":\"https:\/\/multi-gyn.com\/app\/uploads\/sites\/34\/2022\/11\/multi-gyn-logo.png\",\"width\":149,\"height\":32,\"caption\":\"Multi-Gyn\"},\"image\":{\"@id\":\"https:\/\/multi-gyn.com\/pt\/#\/schema\/logo\/image\/\"}}]}<\/script>\n<!-- \/ Yoast SEO plugin. -->","yoast_head_json":{"title":"Dor vaginal - Multi-Gyn","description":"Quando a dor vaginal surge, \u00e9 maioritariamente devido a uma infe\u00e7\u00e3o. Contudo, dor na \u00e1rea \u00edntima pode tamb\u00e9m ser causada por irrita\u00e7\u00e3o, secura vaginal e altera\u00e7\u00f5es hormonais.","robots":{"index":"index","follow":"follow","max-snippet":"max-snippet:-1","max-image-preview":"max-image-preview:large","max-video-preview":"max-video-preview:-1"},"canonical":"https:\/\/multi-gyn.com\/pt\/saude-vaginal\/desconfortos\/dor-vaginal\/","og_locale":"pt_PT","og_type":"article","og_title":"Dor vaginal - Multi-Gyn","og_description":"Quando a dor vaginal surge, \u00e9 maioritariamente devido a uma infe\u00e7\u00e3o. Contudo, dor na \u00e1rea \u00edntima pode tamb\u00e9m ser causada por irrita\u00e7\u00e3o, secura vaginal e altera\u00e7\u00f5es hormonais.","og_url":"https:\/\/multi-gyn.com\/pt\/saude-vaginal\/desconfortos\/dor-vaginal\/","og_site_name":"Multi-Gyn","article_modified_time":"2025-04-28T09:42:36+00:00","twitter_card":"summary_large_image","twitter_misc":{"Tempo estimado de leitura":"2 minutos"},"schema":{"@context":"https:\/\/schema.org","@graph":[{"@type":"WebPage","@id":"https:\/\/multi-gyn.com\/pt\/saude-vaginal\/desconfortos\/dor-vaginal\/","url":"https:\/\/multi-gyn.com\/pt\/saude-vaginal\/desconfortos\/dor-vaginal\/","name":"Dor vaginal - Multi-Gyn","isPartOf":{"@id":"https:\/\/multi-gyn.com\/pt\/#website"},"datePublished":"2022-12-11T19:13:41+00:00","dateModified":"2025-04-28T09:42:36+00:00","description":"Quando a dor vaginal surge, \u00e9 maioritariamente devido a uma infe\u00e7\u00e3o. Contudo, dor na \u00e1rea \u00edntima pode tamb\u00e9m ser causada por irrita\u00e7\u00e3o, secura vaginal e altera\u00e7\u00f5es hormonais.","breadcrumb":{"@id":"https:\/\/multi-gyn.com\/pt\/saude-vaginal\/desconfortos\/dor-vaginal\/#breadcrumb"},"inLanguage":"pt-PT","potentialAction":[{"@type":"ReadAction","target":["https:\/\/multi-gyn.com\/pt\/saude-vaginal\/desconfortos\/dor-vaginal\/"]}]},{"@type":"BreadcrumbList","@id":"https:\/\/multi-gyn.com\/pt\/saude-vaginal\/desconfortos\/dor-vaginal\/#breadcrumb","itemListElement":[{"@type":"ListItem","position":1,"name":"Home","item":"https:\/\/multi-gyn.com\/pt\/"},{"@type":"ListItem","position":2,"name":"Sa\u00fade vaginal","item":"https:\/\/multi-gyn.com\/pt\/saude-vaginal\/"},{"@type":"ListItem","position":3,"name":"\u00a0Desconfortos","item":"https:\/\/multi-gyn.com\/pt\/saude-vaginal\/desconfortos\/"},{"@type":"ListItem","position":4,"name":"Dor vaginal"}]},{"@type":"WebSite","@id":"https:\/\/multi-gyn.com\/pt\/#website","url":"https:\/\/multi-gyn.com\/pt\/","name":"Multi-Gyn","description":"","publisher":{"@id":"https:\/\/multi-gyn.com\/pt\/#organization"},"potentialAction":[{"@type":"SearchAction","target":{"@type":"EntryPoint","urlTemplate":"https:\/\/multi-gyn.com\/pt\/?s={search_term_string}"},"query-input":{"@type":"PropertyValueSpecification","valueRequired":true,"valueName":"search_term_string"}}],"inLanguage":"pt-PT"},{"@type":"Organization","@id":"https:\/\/multi-gyn.com\/pt\/#organization","name":"Multi-Gyn","url":"https:\/\/multi-gyn.com\/pt\/","logo":{"@type":"ImageObject","inLanguage":"pt-PT","@id":"https:\/\/multi-gyn.com\/pt\/#\/schema\/logo\/image\/","url":"https:\/\/multi-gyn.com\/app\/uploads\/sites\/34\/2022\/11\/multi-gyn-logo.png","contentUrl":"https:\/\/multi-gyn.com\/app\/uploads\/sites\/34\/2022\/11\/multi-gyn-logo.png","width":149,"height":32,"caption":"Multi-Gyn"},"image":{"@id":"https:\/\/multi-gyn.com\/pt\/#\/schema\/logo\/image\/"}}]}},"_links":{"self":[{"href":"https:\/\/multi-gyn.com\/pt\/wp-json\/wp\/v2\/pages\/579","targetHints":{"allow":["GET"]}}],"collection":[{"href":"https:\/\/multi-gyn.com\/pt\/wp-json\/wp\/v2\/pages"}],"about":[{"href":"https:\/\/multi-gyn.com\/pt\/wp-json\/wp\/v2\/types\/page"}],"author":[{"embeddable":true,"href":"https:\/\/multi-gyn.com\/pt\/wp-json\/wp\/v2\/users\/6"}],"replies":[{"embeddable":true,"href":"https:\/\/multi-gyn.com\/pt\/wp-json\/wp\/v2\/comments?post=579"}],"version-history":[{"count":1,"href":"https:\/\/multi-gyn.com\/pt\/wp-json\/wp\/v2\/pages\/579\/revisions"}],"predecessor-version":[{"id":581,"href":"https:\/\/multi-gyn.com\/pt\/wp-json\/wp\/v2\/pages\/579\/revisions\/581"}],"up":[{"embeddable":true,"href":"https:\/\/multi-gyn.com\/pt\/wp-json\/wp\/v2\/pages\/184"}],"wp:attachment":[{"href":"https:\/\/multi-gyn.com\/pt\/wp-json\/wp\/v2\/media?parent=579"}],"wp:term":[{"taxonomy":"from-article-database","embeddable":true,"href":"https:\/\/multi-gyn.com\/pt\/wp-json\/wp\/v2\/from-article-database?post=579"}],"curies":[{"name":"wp","href":"https:\/\/api.w.org\/{rel}","templated":true}]}}