{"id":583,"date":"2022-12-11T19:19:20","date_gmt":"2022-12-11T19:19:20","guid":{"rendered":"https:\/\/multi-gyn.com\/pt\/?page_id=583"},"modified":"2025-04-28T10:42:34","modified_gmt":"2025-04-28T09:42:34","slug":"as-calcas-de-ganga-podem-causar-infecoes-vaginais","status":"publish","type":"page","link":"https:\/\/multi-gyn.com\/pt\/saude-vaginal\/desconfortos\/as-calcas-de-ganga-podem-causar-infecoes-vaginais\/","title":{"rendered":"As cal\u00e7as de ganga podem causar infe\u00e7\u00f5es vaginais?"},"content":{"rendered":"\n<div class=\"wp-block-karopharma-free-text pt-large pb-large bg-center bg-cover bg-no-repeat  is-style-primary\" style=\"background-image:url()\"><div class=\"free-text-wrapper container max-w-medium text-left\">\n<h1 class=\"wp-block-heading\">As cal\u00e7as de ganga podem causar infe\u00e7\u00f5es vaginais?<\/h1>\n\n\n\n<p class=\"is-style-paragraph-preamble\">S\u00e3o o item fashion favorito de muitas mulheres, e bastante popular em mulheres de todas as idades. Vestem-se de forma perfeita e ficam bem \u2013 por isso porque \u00e9 que n\u00e3o deve utilizar as cal\u00e7as de ganga justas todos os dias? Acredite ou n\u00e3o, cal\u00e7as de ganga justas podem causar desconfortos vaginais e estimular o<a href=\"https:\/\/multi-gyn.com\/pt\/saude-vaginal\/geral\/a-flora-vaginal\/\">\u00a0crescimento excessivo de bact\u00e9rias<\/a>. Leia e saiba o porqu\u00ea.<\/p>\n<\/div><\/div>\n\n\n\n<div class=\"wp-block-karopharma-free-text pt-large pb-large bg-center bg-cover bg-no-repeat\" style=\"background-image:url()\"><div class=\"free-text-wrapper container max-w-medium text-left\">\n<h2 class=\"is-style-heading-h2 wp-block-heading\">D\u00ea descanso \u00e0s suas cal\u00e7as de ganga justas<\/h2>\n\n\n\n<p>N\u00e3o \u00e9 boa ideia usar as suas cal\u00e7as de ganga justas, todos os dias. Roupa sint\u00e9tica ou apertada, como cal\u00e7as de ganga justas, restringe a passagem e circula\u00e7\u00e3o de ar \u00e0 volta da sua virilha e vulva, mantendo calor e hidrata\u00e7\u00e3o na vagina. Podem tamb\u00e9m causar press\u00e3o, fric\u00e7\u00e3o e calor na sua zona \u00edntima. Esta combina\u00e7\u00e3o de efeitos cria o ambiente perfeito para desconfortos vaginais e problemas microbianos.<\/p>\n\n\n\n<h2 class=\"is-style-heading-h2 wp-block-heading\">Evite queimaduras de fric\u00e7\u00e3o!<\/h2>\n\n\n\n<p>A causa mais prov\u00e1vel de desconfortos vaginais por usar cal\u00e7as de ganga justas ou roupa interior sint\u00e9tica ou apertada, \u00e9 a irrita\u00e7\u00e3o do tecido devido a fric\u00e7\u00e3o contra a vulva.\u00a0<a href=\"https:\/\/multi-gyn.com\/pt\/saude-vaginal\/desconfortos\/sensacao-de-ardor-na-vagina\/\">Vermelhid\u00e3o, incha\u00e7o, ardor e prurido s\u00e3o irrita\u00e7\u00f5es comuns relacionadas com fric\u00e7\u00e3o<\/a>. Estas irrita\u00e7\u00f5es podem ser bastante desagrad\u00e1veis. N\u00e3o use roupa apertada todos os dias e evite tecidos sint\u00e9ticos que n\u00e3o s\u00e3o arejados e n\u00e3o permitem que o ar circule.<\/p>\n\n\n\n<h2 class=\"is-style-heading-h2 wp-block-heading\">Fa\u00e7a escolhas inteligentes para a sua roupa interior<\/h2>\n\n\n\n<p>Devido ao formato justo, as mulheres escolhem regularmente usar roupa interior sint\u00e9tica ou tanga por baixo das suas cal\u00e7as de ganga justas. Algod\u00e3o ou outro tecido natural respir\u00e1vel \u00e9 a melhor escolha di\u00e1ria como roupa interior, t\u00eam menos probabilidade de acumular calor e humidade. As tangas podem causar fric\u00e7\u00e3o na vulva e desenvolver prurido, irrita\u00e7\u00e3o e sensa\u00e7\u00e3o de ardor na zona \u00edntima. Tal como isto, o risco de transferir bact\u00e9rias do \u00e2nus para a vagina pode aumentar pois a tanga pressiona em ambas as zonas e tem mais probabilidade de se movimentar em roupas apertadas, como por exemplo cal\u00e7as de ganga apertadas.<\/p>\n\n\n\n<h2 class=\"is-style-heading-h2 wp-block-heading\">Apenas deixe a sua vagina respirar\u2026<\/h2>\n\n\n\n<p>Cal\u00e7as de ganga apertadas fecham a sua zona \u00edntima. \u00c9 importante que permita que circule ar nas suas virilhas e vulva. A sua zona \u00edntima deve ser respir\u00e1vel para evitar que acumule calor e humidade na sua vagina. Fungos e bact\u00e9rias desenvolvem-se em ambientes quentes e h\u00famidos, por isso n\u00e3o lhes d\u00ea essa oportunidade! Use fibras naturais e caso tenha utilizado roupas apertadas ou cal\u00e7as de ganga justas durante todo o dia \u2013 assim que chegar a casa dispa-as e vista algo largo e respir\u00e1vel. N\u00e3o use roupa apertada, como cal\u00e7as de ganga justas todos os dias.<\/p>\n\n\n\n<h2 class=\"is-style-heading-h2 wp-block-heading\">Respeite o equil\u00edbrio natural bacteriano<\/h2>\n\n\n\n<p>O equil\u00edbrio delicado da sua flora vaginal \u00e9 importante para uma boa sa\u00fade vaginal. O pH natural da sua vagina \u00e9 ligeiramente \u00e1cido e isto ajuda a interromper o crescimento excessivo de bact\u00e9rias nocivas. Quando o equil\u00edbrio da sua flora vaginal \u00e9 perturbado, a presen\u00e7a de bact\u00e9rias nocivas na vagina aumenta e causa diferentes sintomas vaginais tais como prurido, mau-odor e corrimento anormal. Isto pode tornar-se em uma candid\u00edase ou vaginose bacteriana. Usar fibras sint\u00e9ticas e cal\u00e7as apertadas restringe a circula\u00e7\u00e3o do ar e pode causar fric\u00e7\u00e3o e calor ao redor da vulva. Este ambiente pode ajudar a que bact\u00e9rias nocivas se multipliquem. Apesar de cal\u00e7as de ganga apertadas e roupa interior justa n\u00e3o causar problemas vaginais microbianos, podem contribuir para qualquer problema j\u00e1 existente e criar desconfortos dolorosos que podem desenvolver-se caso n\u00e3o sejam tratados. Seja vigilante relativamente \u00e0 sua sa\u00fade vaginal, escolha roupa interior de algod\u00e3o, permita que exista circula\u00e7\u00e3o de ar e use solu\u00e7\u00f5es de lavagem suaves e sem sab\u00e3o.<\/p>\n\n\n\n<p>Usar cal\u00e7as de ganga justas de vez em quando n\u00e3o far\u00e1 mal. E cal\u00e7as de ganga feitas de algod\u00e3o s\u00e3o melhores do que com tecidos sint\u00e9ticos. Assegure-se que usa roupa de interior de algod\u00e3o e n\u00e3o use cal\u00e7as de ganga ou de outro tipo apertadas todos os dias. Se tiver sintomas vaginais ap\u00f3s usar cal\u00e7as de ganga apertadas,\u00a0<a href=\"https:\/\/multi-gyn.com\/pt\/produtos\/multi-gyn-actigel\/\">Multi-Gyn ActiGel<\/a>\u00a0pode proporcionar-lhe al\u00edvio imediato e ajud\u00e1-la a restaurar o equil\u00edbrio delicado da sua flora vaginal.<\/p>\n<\/div><\/div>\n","protected":false},"excerpt":{"rendered":"","protected":false},"author":6,"featured_media":0,"parent":184,"menu_order":0,"comment_status":"closed","ping_status":"closed","template":"","meta":{"_acf_changed":false,"footnotes":""},"from-article-database":[],"class_list":["post-583","page","type-page","status-publish","hentry"],"acf":[],"yoast_head":"<!-- This site is optimized with the Yoast SEO plugin v26.6 - https:\/\/yoast.com\/wordpress\/plugins\/seo\/ -->\n<title>As cal\u00e7as de ganga podem causar infe\u00e7\u00f5es vaginais? - Multi-Gyn<\/title>\n<meta name=\"description\" content=\"N\u00e3o \u00e9 boa ideia usar as suas cal\u00e7as de ganga justas, todos os dias. Roupa sint\u00e9tica ou apertada, como cal\u00e7as de ganga justas, restringe a passagem e circula\u00e7\u00e3o de ar \u00e0 volta da sua virilha e vulva, mantendo calor e hidrata\u00e7\u00e3o na vagina.\" \/>\n<meta name=\"robots\" content=\"index, follow, max-snippet:-1, max-image-preview:large, max-video-preview:-1\" \/>\n<link rel=\"canonical\" href=\"https:\/\/multi-gyn.com\/pt\/saude-vaginal\/desconfortos\/as-calcas-de-ganga-podem-causar-infecoes-vaginais\/\" \/>\n<meta property=\"og:locale\" content=\"pt_PT\" \/>\n<meta property=\"og:type\" content=\"article\" \/>\n<meta property=\"og:title\" content=\"As cal\u00e7as de ganga podem causar infe\u00e7\u00f5es vaginais? - Multi-Gyn\" \/>\n<meta property=\"og:description\" content=\"N\u00e3o \u00e9 boa ideia usar as suas cal\u00e7as de ganga justas, todos os dias. Roupa sint\u00e9tica ou apertada, como cal\u00e7as de ganga justas, restringe a passagem e circula\u00e7\u00e3o de ar \u00e0 volta da sua virilha e vulva, mantendo calor e hidrata\u00e7\u00e3o na vagina.\" \/>\n<meta property=\"og:url\" content=\"https:\/\/multi-gyn.com\/pt\/saude-vaginal\/desconfortos\/as-calcas-de-ganga-podem-causar-infecoes-vaginais\/\" \/>\n<meta property=\"og:site_name\" content=\"Multi-Gyn\" \/>\n<meta property=\"article:modified_time\" content=\"2025-04-28T09:42:34+00:00\" \/>\n<meta name=\"twitter:card\" content=\"summary_large_image\" \/>\n<meta name=\"twitter:label1\" content=\"Tempo estimado de leitura\" \/>\n\t<meta name=\"twitter:data1\" content=\"4 minutos\" \/>\n<script type=\"application\/ld+json\" class=\"yoast-schema-graph\">{\"@context\":\"https:\/\/schema.org\",\"@graph\":[{\"@type\":\"WebPage\",\"@id\":\"https:\/\/multi-gyn.com\/pt\/saude-vaginal\/desconfortos\/as-calcas-de-ganga-podem-causar-infecoes-vaginais\/\",\"url\":\"https:\/\/multi-gyn.com\/pt\/saude-vaginal\/desconfortos\/as-calcas-de-ganga-podem-causar-infecoes-vaginais\/\",\"name\":\"As cal\u00e7as de ganga podem causar infe\u00e7\u00f5es vaginais? - Multi-Gyn\",\"isPartOf\":{\"@id\":\"https:\/\/multi-gyn.com\/pt\/#website\"},\"datePublished\":\"2022-12-11T19:19:20+00:00\",\"dateModified\":\"2025-04-28T09:42:34+00:00\",\"description\":\"N\u00e3o \u00e9 boa ideia usar as suas cal\u00e7as de ganga justas, todos os dias. Roupa sint\u00e9tica ou apertada, como cal\u00e7as de ganga justas, restringe a passagem e circula\u00e7\u00e3o de ar \u00e0 volta da sua virilha e vulva, mantendo calor e hidrata\u00e7\u00e3o na vagina.\",\"breadcrumb\":{\"@id\":\"https:\/\/multi-gyn.com\/pt\/saude-vaginal\/desconfortos\/as-calcas-de-ganga-podem-causar-infecoes-vaginais\/#breadcrumb\"},\"inLanguage\":\"pt-PT\",\"potentialAction\":[{\"@type\":\"ReadAction\",\"target\":[\"https:\/\/multi-gyn.com\/pt\/saude-vaginal\/desconfortos\/as-calcas-de-ganga-podem-causar-infecoes-vaginais\/\"]}]},{\"@type\":\"BreadcrumbList\",\"@id\":\"https:\/\/multi-gyn.com\/pt\/saude-vaginal\/desconfortos\/as-calcas-de-ganga-podem-causar-infecoes-vaginais\/#breadcrumb\",\"itemListElement\":[{\"@type\":\"ListItem\",\"position\":1,\"name\":\"Home\",\"item\":\"https:\/\/multi-gyn.com\/pt\/\"},{\"@type\":\"ListItem\",\"position\":2,\"name\":\"Sa\u00fade vaginal\",\"item\":\"https:\/\/multi-gyn.com\/pt\/saude-vaginal\/\"},{\"@type\":\"ListItem\",\"position\":3,\"name\":\"\u00a0Desconfortos\",\"item\":\"https:\/\/multi-gyn.com\/pt\/saude-vaginal\/desconfortos\/\"},{\"@type\":\"ListItem\",\"position\":4,\"name\":\"As cal\u00e7as de ganga podem causar infe\u00e7\u00f5es vaginais?\"}]},{\"@type\":\"WebSite\",\"@id\":\"https:\/\/multi-gyn.com\/pt\/#website\",\"url\":\"https:\/\/multi-gyn.com\/pt\/\",\"name\":\"Multi-Gyn\",\"description\":\"\",\"publisher\":{\"@id\":\"https:\/\/multi-gyn.com\/pt\/#organization\"},\"potentialAction\":[{\"@type\":\"SearchAction\",\"target\":{\"@type\":\"EntryPoint\",\"urlTemplate\":\"https:\/\/multi-gyn.com\/pt\/?s={search_term_string}\"},\"query-input\":{\"@type\":\"PropertyValueSpecification\",\"valueRequired\":true,\"valueName\":\"search_term_string\"}}],\"inLanguage\":\"pt-PT\"},{\"@type\":\"Organization\",\"@id\":\"https:\/\/multi-gyn.com\/pt\/#organization\",\"name\":\"Multi-Gyn\",\"url\":\"https:\/\/multi-gyn.com\/pt\/\",\"logo\":{\"@type\":\"ImageObject\",\"inLanguage\":\"pt-PT\",\"@id\":\"https:\/\/multi-gyn.com\/pt\/#\/schema\/logo\/image\/\",\"url\":\"https:\/\/multi-gyn.com\/app\/uploads\/sites\/34\/2022\/11\/multi-gyn-logo.png\",\"contentUrl\":\"https:\/\/multi-gyn.com\/app\/uploads\/sites\/34\/2022\/11\/multi-gyn-logo.png\",\"width\":149,\"height\":32,\"caption\":\"Multi-Gyn\"},\"image\":{\"@id\":\"https:\/\/multi-gyn.com\/pt\/#\/schema\/logo\/image\/\"}}]}<\/script>\n<!-- \/ Yoast SEO plugin. -->","yoast_head_json":{"title":"As cal\u00e7as de ganga podem causar infe\u00e7\u00f5es vaginais? - Multi-Gyn","description":"N\u00e3o \u00e9 boa ideia usar as suas cal\u00e7as de ganga justas, todos os dias. Roupa sint\u00e9tica ou apertada, como cal\u00e7as de ganga justas, restringe a passagem e circula\u00e7\u00e3o de ar \u00e0 volta da sua virilha e vulva, mantendo calor e hidrata\u00e7\u00e3o na vagina.","robots":{"index":"index","follow":"follow","max-snippet":"max-snippet:-1","max-image-preview":"max-image-preview:large","max-video-preview":"max-video-preview:-1"},"canonical":"https:\/\/multi-gyn.com\/pt\/saude-vaginal\/desconfortos\/as-calcas-de-ganga-podem-causar-infecoes-vaginais\/","og_locale":"pt_PT","og_type":"article","og_title":"As cal\u00e7as de ganga podem causar infe\u00e7\u00f5es vaginais? - Multi-Gyn","og_description":"N\u00e3o \u00e9 boa ideia usar as suas cal\u00e7as de ganga justas, todos os dias. Roupa sint\u00e9tica ou apertada, como cal\u00e7as de ganga justas, restringe a passagem e circula\u00e7\u00e3o de ar \u00e0 volta da sua virilha e vulva, mantendo calor e hidrata\u00e7\u00e3o na vagina.","og_url":"https:\/\/multi-gyn.com\/pt\/saude-vaginal\/desconfortos\/as-calcas-de-ganga-podem-causar-infecoes-vaginais\/","og_site_name":"Multi-Gyn","article_modified_time":"2025-04-28T09:42:34+00:00","twitter_card":"summary_large_image","twitter_misc":{"Tempo estimado de leitura":"4 minutos"},"schema":{"@context":"https:\/\/schema.org","@graph":[{"@type":"WebPage","@id":"https:\/\/multi-gyn.com\/pt\/saude-vaginal\/desconfortos\/as-calcas-de-ganga-podem-causar-infecoes-vaginais\/","url":"https:\/\/multi-gyn.com\/pt\/saude-vaginal\/desconfortos\/as-calcas-de-ganga-podem-causar-infecoes-vaginais\/","name":"As cal\u00e7as de ganga podem causar infe\u00e7\u00f5es vaginais? - Multi-Gyn","isPartOf":{"@id":"https:\/\/multi-gyn.com\/pt\/#website"},"datePublished":"2022-12-11T19:19:20+00:00","dateModified":"2025-04-28T09:42:34+00:00","description":"N\u00e3o \u00e9 boa ideia usar as suas cal\u00e7as de ganga justas, todos os dias. Roupa sint\u00e9tica ou apertada, como cal\u00e7as de ganga justas, restringe a passagem e circula\u00e7\u00e3o de ar \u00e0 volta da sua virilha e vulva, mantendo calor e hidrata\u00e7\u00e3o na vagina.","breadcrumb":{"@id":"https:\/\/multi-gyn.com\/pt\/saude-vaginal\/desconfortos\/as-calcas-de-ganga-podem-causar-infecoes-vaginais\/#breadcrumb"},"inLanguage":"pt-PT","potentialAction":[{"@type":"ReadAction","target":["https:\/\/multi-gyn.com\/pt\/saude-vaginal\/desconfortos\/as-calcas-de-ganga-podem-causar-infecoes-vaginais\/"]}]},{"@type":"BreadcrumbList","@id":"https:\/\/multi-gyn.com\/pt\/saude-vaginal\/desconfortos\/as-calcas-de-ganga-podem-causar-infecoes-vaginais\/#breadcrumb","itemListElement":[{"@type":"ListItem","position":1,"name":"Home","item":"https:\/\/multi-gyn.com\/pt\/"},{"@type":"ListItem","position":2,"name":"Sa\u00fade vaginal","item":"https:\/\/multi-gyn.com\/pt\/saude-vaginal\/"},{"@type":"ListItem","position":3,"name":"\u00a0Desconfortos","item":"https:\/\/multi-gyn.com\/pt\/saude-vaginal\/desconfortos\/"},{"@type":"ListItem","position":4,"name":"As cal\u00e7as de ganga podem causar infe\u00e7\u00f5es vaginais?"}]},{"@type":"WebSite","@id":"https:\/\/multi-gyn.com\/pt\/#website","url":"https:\/\/multi-gyn.com\/pt\/","name":"Multi-Gyn","description":"","publisher":{"@id":"https:\/\/multi-gyn.com\/pt\/#organization"},"potentialAction":[{"@type":"SearchAction","target":{"@type":"EntryPoint","urlTemplate":"https:\/\/multi-gyn.com\/pt\/?s={search_term_string}"},"query-input":{"@type":"PropertyValueSpecification","valueRequired":true,"valueName":"search_term_string"}}],"inLanguage":"pt-PT"},{"@type":"Organization","@id":"https:\/\/multi-gyn.com\/pt\/#organization","name":"Multi-Gyn","url":"https:\/\/multi-gyn.com\/pt\/","logo":{"@type":"ImageObject","inLanguage":"pt-PT","@id":"https:\/\/multi-gyn.com\/pt\/#\/schema\/logo\/image\/","url":"https:\/\/multi-gyn.com\/app\/uploads\/sites\/34\/2022\/11\/multi-gyn-logo.png","contentUrl":"https:\/\/multi-gyn.com\/app\/uploads\/sites\/34\/2022\/11\/multi-gyn-logo.png","width":149,"height":32,"caption":"Multi-Gyn"},"image":{"@id":"https:\/\/multi-gyn.com\/pt\/#\/schema\/logo\/image\/"}}]}},"_links":{"self":[{"href":"https:\/\/multi-gyn.com\/pt\/wp-json\/wp\/v2\/pages\/583","targetHints":{"allow":["GET"]}}],"collection":[{"href":"https:\/\/multi-gyn.com\/pt\/wp-json\/wp\/v2\/pages"}],"about":[{"href":"https:\/\/multi-gyn.com\/pt\/wp-json\/wp\/v2\/types\/page"}],"author":[{"embeddable":true,"href":"https:\/\/multi-gyn.com\/pt\/wp-json\/wp\/v2\/users\/6"}],"replies":[{"embeddable":true,"href":"https:\/\/multi-gyn.com\/pt\/wp-json\/wp\/v2\/comments?post=583"}],"version-history":[{"count":2,"href":"https:\/\/multi-gyn.com\/pt\/wp-json\/wp\/v2\/pages\/583\/revisions"}],"predecessor-version":[{"id":655,"href":"https:\/\/multi-gyn.com\/pt\/wp-json\/wp\/v2\/pages\/583\/revisions\/655"}],"up":[{"embeddable":true,"href":"https:\/\/multi-gyn.com\/pt\/wp-json\/wp\/v2\/pages\/184"}],"wp:attachment":[{"href":"https:\/\/multi-gyn.com\/pt\/wp-json\/wp\/v2\/media?parent=583"}],"wp:term":[{"taxonomy":"from-article-database","embeddable":true,"href":"https:\/\/multi-gyn.com\/pt\/wp-json\/wp\/v2\/from-article-database?post=583"}],"curies":[{"name":"wp","href":"https:\/\/api.w.org\/{rel}","templated":true}]}}