{"id":587,"date":"2022-12-11T19:26:11","date_gmt":"2022-12-11T19:26:11","guid":{"rendered":"https:\/\/multi-gyn.com\/pt\/?page_id=587"},"modified":"2025-04-28T10:42:32","modified_gmt":"2025-04-28T09:42:32","slug":"os-5-desconfortos-vaginais-mais-comuns","status":"publish","type":"page","link":"https:\/\/multi-gyn.com\/pt\/saude-vaginal\/desconfortos\/os-5-desconfortos-vaginais-mais-comuns\/","title":{"rendered":"Os 5 desconfortos vaginais mais comuns"},"content":{"rendered":"\n<div class=\"wp-block-karopharma-free-text pt-large pb-large bg-center bg-cover bg-no-repeat  is-style-primary\" style=\"background-image:url()\"><div class=\"free-text-wrapper container max-w-medium text-left\">\n<h1 class=\"wp-block-heading\">Os 5 desconfortos vaginais mais comuns<\/h1>\n\n\n\n<p class=\"is-style-paragraph-preamble\">Todas as mulheres ir\u00e3o experienciar algum tipo de desconforto vaginal em algum momento das suas vidas. Estes desconfortos podem ir de suaves a bastante desagrad\u00e1veis, sendo que a algumas mulheres pode afetar gravemente a sua qualidade de vida ou a sua vida sexual. Os 5 desconfortos vaginais mais comuns s\u00e3o prurido, ardor, secura vaginal, corrimento, algumas vezes acompanhado com mau odor e irrita\u00e7\u00e3o ou dor durante as rela\u00e7\u00f5es sexuais. A causa destes sintomas nem sempre \u00e9 bem definida ou facilmente diagnostic\u00e1vel, por isso \u00e9 importante que consulte o seu m\u00e9dico ou ginecologista se possuir um ou mais destes desconfortos.<\/p>\n<\/div><\/div>\n\n\n\n<div class=\"wp-block-karopharma-free-text pt-large pb-large bg-center bg-cover bg-no-repeat\" style=\"background-image:url()\"><div class=\"free-text-wrapper container max-w-medium text-left\">\n<h2 class=\"is-style-heading-h2 wp-block-heading\">Prurido vaginal<\/h2>\n\n\n\n<p>Purido vaginal pode ser causado por infe\u00e7\u00f5es, como candid\u00edase, vaginose bacteriana, ou DST\u2019s. Pode tamb\u00e9m ser causada por uma alergia ou rea\u00e7\u00e3o irritativa a alguma subst\u00e2ncia como perfumes, sab\u00f5es, amaciadores de roupa, etc. Outras causas incluem utilizar roupa interior sint\u00e9tica, fazer a depila\u00e7\u00e3o com gilete ou cera, fric\u00e7\u00e3o durante o exerc\u00edcio f\u00edsico ou secura vaginal. Enquanto as infe\u00e7\u00f5es podem reconhecer-se, na maioria dos casos, pela presen\u00e7a de um corrimento espec\u00edfico, as causas do prurido n\u00e3o apresentam um corrimento anormal, mas os tecidos da vagina e da vulva est\u00e3o constantemente inchados e vermelhos. Para detetar a causa do desconforto, tente remover os potenciais alerg\u00e9nicos da sua \u00e1rea \u00edntima: n\u00e3o utilize sab\u00e3o ou perfumes, pare de colocar amaciador na sua roupa interior, n\u00e3o fa\u00e7a a depila\u00e7\u00e3o com gilete ou cera durante um tempo, utilize cal\u00e7as apenas feitas de materiais naturais \u201crespir\u00e1veis\u201d. Se o problema persistir, contacte um profissional de sa\u00fade.<\/p>\n\n\n\n<h2 class=\"is-style-heading-h2 wp-block-heading\">Ardor vaginal<\/h2>\n\n\n\n<p>Uma sensa\u00e7\u00e3o de ardor na \u00e1rea da vagina \u00e9 geralmente causada por uma irrita\u00e7\u00e3o da pele como consequ\u00eancia de prurido e co\u00e7ar, ou devido a infe\u00e7\u00f5es da vagina ou da uretra. Esta sensa\u00e7\u00e3o pode iniciar-se de repente ou desenvolver-se durante v\u00e1rias semanas. \u00c9 importante contactar o seu m\u00e9dico que ir\u00e1 analisar o seu historial m\u00e9dico e realizar um exame vaginal, para inidicar o tratamento certo. Se a causa for uma infe\u00e7\u00e3o, o tratamento ir\u00e1 incluir antibi\u00f3ticos ou antimic\u00f3ticos. Poder\u00e1 levar alguns dias at\u00e9 que a terapia comece a fazer efeito, por isso \u00e9 uma boa ideia utilizar produtos que acalmem a pele e aliviem o prurido e irrita\u00e7\u00e3o. Estes produtos podem geralmente ser adquiridos atr\u00e1s do balc\u00e3o em formato de spray ou gel.<\/p>\n\n\n\n<h2 class=\"is-style-heading-h2 wp-block-heading\">Secura vaginal<\/h2>\n\n\n\n<p>Secura vaginal \u00e9 frequentemente ligada \u00e0 menopausa, mas mulheres de todas as idades podem sofrer da mesma. Os seus sintomas incluem prurido, ardor, dor durante rela\u00e7\u00f5es sexuais e sensibilidade na \u00e1rea \u00edntima. Apesar destes sintomas serem similares a outros desconfortos, a falta de corrimento anormal \u00e9 a grande diferen\u00e7a. Dependendo da causa, a secura vaginal pode ser tratada com terapias hormonais ou n\u00e3o-hormonais, aplicadas localmente ou oralmente. Hidratantes vaginais n\u00e3o-hormonais oferecem al\u00edvio r\u00e1pido e os seus efeitos podem durar uns dias. Lubrificantes vaginais, por outro lado, podem ser uma solu\u00e7\u00e3o instant\u00e2nea em caso de rela\u00e7\u00f5es sexuais dolorosas.<\/p>\n\n\n\n<h2 class=\"is-style-heading-h2 wp-block-heading\">Corrimento ou mau odor<\/h2>\n\n\n\n<p>Corrimento vaginal \u00e9 um fluido corporal que ajuda a manter a flora bacteriana, promove a lubrifica\u00e7\u00e3o durante rela\u00e7\u00f5es sexuais e protege os tecidos da \u00e1rea \u00edntima. A sua apar\u00eancia altera durante o ciclo menstrual e em diferentes fases da vida. Contudo, corrimento anormal \u2013 esbranqui\u00e7ado, espesso e grumoso, ou acinzentado, fino e com cheiro id\u00eantico a peixe &#8211; \u00e9 sinal de infe\u00e7\u00e3o vaginal (vaginose bacteriana ou candid\u00edase). Altera\u00e7\u00f5es anormais no corrimento podem ser tamb\u00e9m indicativos de DST\u2019s ou outro problema grave de sa\u00fade. Por isso, se notar altera\u00e7\u00f5es anormais no seu corrimento, contacte o seu m\u00e9dico ou ginecologista.<\/p>\n\n\n\n<h2 class=\"is-style-heading-h2 wp-block-heading\">Irrita\u00e7\u00e3o e dor, durante ou ap\u00f3s, rela\u00e7\u00f5es sexuais<\/h2>\n\n\n\n<p>Em circunst\u00e2ncias normais, as rela\u00e7\u00f5es sexuais devem ser sem dor. Irrita\u00e7\u00e3o e dor, durante ou ap\u00f3s, rela\u00e7\u00f5es sexuais podem ser causadas por muitos fatores. As causas mais comuns s\u00e3o a secura vaginal, infe\u00e7\u00f5es vaginais ou alergias, mas em alguns casos a dor pode ser ligada a problemas mais s\u00e9rios, como por exemplo trauma f\u00edsico (ap\u00f3s parto natural), trauma psicol\u00f3gico ou cancro. Se experiencia dor vaginal de qualquer tipo, \u00e9 importante partilhar com o seu m\u00e9dico, encontrar a causa e iniciar um tratamento adequado.<\/p>\n<\/div><\/div>\n","protected":false},"excerpt":{"rendered":"","protected":false},"author":6,"featured_media":0,"parent":184,"menu_order":0,"comment_status":"closed","ping_status":"closed","template":"","meta":{"_acf_changed":false,"footnotes":""},"from-article-database":[],"class_list":["post-587","page","type-page","status-publish","hentry"],"acf":[],"yoast_head":"<!-- This site is optimized with the Yoast SEO plugin v26.6 - https:\/\/yoast.com\/wordpress\/plugins\/seo\/ -->\n<title>Os 5 desconfortos vaginais mais comuns - Multi-Gyn<\/title>\n<meta name=\"description\" content=\"Todas as mulheres ir\u00e3o experienciar algum tipo de desconforto vaginal em algum momento das suas vidas\" \/>\n<meta name=\"robots\" content=\"index, follow, max-snippet:-1, max-image-preview:large, max-video-preview:-1\" \/>\n<link rel=\"canonical\" href=\"https:\/\/multi-gyn.com\/pt\/saude-vaginal\/desconfortos\/os-5-desconfortos-vaginais-mais-comuns\/\" \/>\n<meta property=\"og:locale\" content=\"pt_PT\" \/>\n<meta property=\"og:type\" content=\"article\" \/>\n<meta property=\"og:title\" content=\"Os 5 desconfortos vaginais mais comuns - Multi-Gyn\" \/>\n<meta property=\"og:description\" content=\"Todas as mulheres ir\u00e3o experienciar algum tipo de desconforto vaginal em algum momento das suas vidas\" \/>\n<meta property=\"og:url\" content=\"https:\/\/multi-gyn.com\/pt\/saude-vaginal\/desconfortos\/os-5-desconfortos-vaginais-mais-comuns\/\" \/>\n<meta property=\"og:site_name\" content=\"Multi-Gyn\" \/>\n<meta property=\"article:modified_time\" content=\"2025-04-28T09:42:32+00:00\" \/>\n<meta name=\"twitter:card\" content=\"summary_large_image\" \/>\n<meta name=\"twitter:label1\" content=\"Tempo estimado de leitura\" \/>\n\t<meta name=\"twitter:data1\" content=\"4 minutos\" \/>\n<script type=\"application\/ld+json\" class=\"yoast-schema-graph\">{\"@context\":\"https:\/\/schema.org\",\"@graph\":[{\"@type\":\"WebPage\",\"@id\":\"https:\/\/multi-gyn.com\/pt\/saude-vaginal\/desconfortos\/os-5-desconfortos-vaginais-mais-comuns\/\",\"url\":\"https:\/\/multi-gyn.com\/pt\/saude-vaginal\/desconfortos\/os-5-desconfortos-vaginais-mais-comuns\/\",\"name\":\"Os 5 desconfortos vaginais mais comuns - Multi-Gyn\",\"isPartOf\":{\"@id\":\"https:\/\/multi-gyn.com\/pt\/#website\"},\"datePublished\":\"2022-12-11T19:26:11+00:00\",\"dateModified\":\"2025-04-28T09:42:32+00:00\",\"description\":\"Todas as mulheres ir\u00e3o experienciar algum tipo de desconforto vaginal em algum momento das suas vidas\",\"breadcrumb\":{\"@id\":\"https:\/\/multi-gyn.com\/pt\/saude-vaginal\/desconfortos\/os-5-desconfortos-vaginais-mais-comuns\/#breadcrumb\"},\"inLanguage\":\"pt-PT\",\"potentialAction\":[{\"@type\":\"ReadAction\",\"target\":[\"https:\/\/multi-gyn.com\/pt\/saude-vaginal\/desconfortos\/os-5-desconfortos-vaginais-mais-comuns\/\"]}]},{\"@type\":\"BreadcrumbList\",\"@id\":\"https:\/\/multi-gyn.com\/pt\/saude-vaginal\/desconfortos\/os-5-desconfortos-vaginais-mais-comuns\/#breadcrumb\",\"itemListElement\":[{\"@type\":\"ListItem\",\"position\":1,\"name\":\"Home\",\"item\":\"https:\/\/multi-gyn.com\/pt\/\"},{\"@type\":\"ListItem\",\"position\":2,\"name\":\"Sa\u00fade vaginal\",\"item\":\"https:\/\/multi-gyn.com\/pt\/saude-vaginal\/\"},{\"@type\":\"ListItem\",\"position\":3,\"name\":\"\u00a0Desconfortos\",\"item\":\"https:\/\/multi-gyn.com\/pt\/saude-vaginal\/desconfortos\/\"},{\"@type\":\"ListItem\",\"position\":4,\"name\":\"Os 5 desconfortos vaginais mais comuns\"}]},{\"@type\":\"WebSite\",\"@id\":\"https:\/\/multi-gyn.com\/pt\/#website\",\"url\":\"https:\/\/multi-gyn.com\/pt\/\",\"name\":\"Multi-Gyn\",\"description\":\"\",\"publisher\":{\"@id\":\"https:\/\/multi-gyn.com\/pt\/#organization\"},\"potentialAction\":[{\"@type\":\"SearchAction\",\"target\":{\"@type\":\"EntryPoint\",\"urlTemplate\":\"https:\/\/multi-gyn.com\/pt\/?s={search_term_string}\"},\"query-input\":{\"@type\":\"PropertyValueSpecification\",\"valueRequired\":true,\"valueName\":\"search_term_string\"}}],\"inLanguage\":\"pt-PT\"},{\"@type\":\"Organization\",\"@id\":\"https:\/\/multi-gyn.com\/pt\/#organization\",\"name\":\"Multi-Gyn\",\"url\":\"https:\/\/multi-gyn.com\/pt\/\",\"logo\":{\"@type\":\"ImageObject\",\"inLanguage\":\"pt-PT\",\"@id\":\"https:\/\/multi-gyn.com\/pt\/#\/schema\/logo\/image\/\",\"url\":\"https:\/\/multi-gyn.com\/app\/uploads\/sites\/34\/2022\/11\/multi-gyn-logo.png\",\"contentUrl\":\"https:\/\/multi-gyn.com\/app\/uploads\/sites\/34\/2022\/11\/multi-gyn-logo.png\",\"width\":149,\"height\":32,\"caption\":\"Multi-Gyn\"},\"image\":{\"@id\":\"https:\/\/multi-gyn.com\/pt\/#\/schema\/logo\/image\/\"}}]}<\/script>\n<!-- \/ Yoast SEO plugin. -->","yoast_head_json":{"title":"Os 5 desconfortos vaginais mais comuns - Multi-Gyn","description":"Todas as mulheres ir\u00e3o experienciar algum tipo de desconforto vaginal em algum momento das suas vidas","robots":{"index":"index","follow":"follow","max-snippet":"max-snippet:-1","max-image-preview":"max-image-preview:large","max-video-preview":"max-video-preview:-1"},"canonical":"https:\/\/multi-gyn.com\/pt\/saude-vaginal\/desconfortos\/os-5-desconfortos-vaginais-mais-comuns\/","og_locale":"pt_PT","og_type":"article","og_title":"Os 5 desconfortos vaginais mais comuns - Multi-Gyn","og_description":"Todas as mulheres ir\u00e3o experienciar algum tipo de desconforto vaginal em algum momento das suas vidas","og_url":"https:\/\/multi-gyn.com\/pt\/saude-vaginal\/desconfortos\/os-5-desconfortos-vaginais-mais-comuns\/","og_site_name":"Multi-Gyn","article_modified_time":"2025-04-28T09:42:32+00:00","twitter_card":"summary_large_image","twitter_misc":{"Tempo estimado de leitura":"4 minutos"},"schema":{"@context":"https:\/\/schema.org","@graph":[{"@type":"WebPage","@id":"https:\/\/multi-gyn.com\/pt\/saude-vaginal\/desconfortos\/os-5-desconfortos-vaginais-mais-comuns\/","url":"https:\/\/multi-gyn.com\/pt\/saude-vaginal\/desconfortos\/os-5-desconfortos-vaginais-mais-comuns\/","name":"Os 5 desconfortos vaginais mais comuns - Multi-Gyn","isPartOf":{"@id":"https:\/\/multi-gyn.com\/pt\/#website"},"datePublished":"2022-12-11T19:26:11+00:00","dateModified":"2025-04-28T09:42:32+00:00","description":"Todas as mulheres ir\u00e3o experienciar algum tipo de desconforto vaginal em algum momento das suas vidas","breadcrumb":{"@id":"https:\/\/multi-gyn.com\/pt\/saude-vaginal\/desconfortos\/os-5-desconfortos-vaginais-mais-comuns\/#breadcrumb"},"inLanguage":"pt-PT","potentialAction":[{"@type":"ReadAction","target":["https:\/\/multi-gyn.com\/pt\/saude-vaginal\/desconfortos\/os-5-desconfortos-vaginais-mais-comuns\/"]}]},{"@type":"BreadcrumbList","@id":"https:\/\/multi-gyn.com\/pt\/saude-vaginal\/desconfortos\/os-5-desconfortos-vaginais-mais-comuns\/#breadcrumb","itemListElement":[{"@type":"ListItem","position":1,"name":"Home","item":"https:\/\/multi-gyn.com\/pt\/"},{"@type":"ListItem","position":2,"name":"Sa\u00fade vaginal","item":"https:\/\/multi-gyn.com\/pt\/saude-vaginal\/"},{"@type":"ListItem","position":3,"name":"\u00a0Desconfortos","item":"https:\/\/multi-gyn.com\/pt\/saude-vaginal\/desconfortos\/"},{"@type":"ListItem","position":4,"name":"Os 5 desconfortos vaginais mais comuns"}]},{"@type":"WebSite","@id":"https:\/\/multi-gyn.com\/pt\/#website","url":"https:\/\/multi-gyn.com\/pt\/","name":"Multi-Gyn","description":"","publisher":{"@id":"https:\/\/multi-gyn.com\/pt\/#organization"},"potentialAction":[{"@type":"SearchAction","target":{"@type":"EntryPoint","urlTemplate":"https:\/\/multi-gyn.com\/pt\/?s={search_term_string}"},"query-input":{"@type":"PropertyValueSpecification","valueRequired":true,"valueName":"search_term_string"}}],"inLanguage":"pt-PT"},{"@type":"Organization","@id":"https:\/\/multi-gyn.com\/pt\/#organization","name":"Multi-Gyn","url":"https:\/\/multi-gyn.com\/pt\/","logo":{"@type":"ImageObject","inLanguage":"pt-PT","@id":"https:\/\/multi-gyn.com\/pt\/#\/schema\/logo\/image\/","url":"https:\/\/multi-gyn.com\/app\/uploads\/sites\/34\/2022\/11\/multi-gyn-logo.png","contentUrl":"https:\/\/multi-gyn.com\/app\/uploads\/sites\/34\/2022\/11\/multi-gyn-logo.png","width":149,"height":32,"caption":"Multi-Gyn"},"image":{"@id":"https:\/\/multi-gyn.com\/pt\/#\/schema\/logo\/image\/"}}]}},"_links":{"self":[{"href":"https:\/\/multi-gyn.com\/pt\/wp-json\/wp\/v2\/pages\/587","targetHints":{"allow":["GET"]}}],"collection":[{"href":"https:\/\/multi-gyn.com\/pt\/wp-json\/wp\/v2\/pages"}],"about":[{"href":"https:\/\/multi-gyn.com\/pt\/wp-json\/wp\/v2\/types\/page"}],"author":[{"embeddable":true,"href":"https:\/\/multi-gyn.com\/pt\/wp-json\/wp\/v2\/users\/6"}],"replies":[{"embeddable":true,"href":"https:\/\/multi-gyn.com\/pt\/wp-json\/wp\/v2\/comments?post=587"}],"version-history":[{"count":2,"href":"https:\/\/multi-gyn.com\/pt\/wp-json\/wp\/v2\/pages\/587\/revisions"}],"predecessor-version":[{"id":737,"href":"https:\/\/multi-gyn.com\/pt\/wp-json\/wp\/v2\/pages\/587\/revisions\/737"}],"up":[{"embeddable":true,"href":"https:\/\/multi-gyn.com\/pt\/wp-json\/wp\/v2\/pages\/184"}],"wp:attachment":[{"href":"https:\/\/multi-gyn.com\/pt\/wp-json\/wp\/v2\/media?parent=587"}],"wp:term":[{"taxonomy":"from-article-database","embeddable":true,"href":"https:\/\/multi-gyn.com\/pt\/wp-json\/wp\/v2\/from-article-database?post=587"}],"curies":[{"name":"wp","href":"https:\/\/api.w.org\/{rel}","templated":true}]}}