{"id":591,"date":"2022-12-11T19:31:36","date_gmt":"2022-12-11T19:31:36","guid":{"rendered":"https:\/\/multi-gyn.com\/pt\/?page_id=591"},"modified":"2025-04-28T10:42:30","modified_gmt":"2025-04-28T09:42:30","slug":"odor-vaginalo-que-causa-esse-cheiro-forte","status":"publish","type":"page","link":"https:\/\/multi-gyn.com\/pt\/saude-vaginal\/desconfortos\/odor-vaginalo-que-causa-esse-cheiro-forte\/","title":{"rendered":"Odor vaginal:o que causa esse cheiro forte?"},"content":{"rendered":"\n<div class=\"wp-block-karopharma-free-text pt-large pb-large bg-center bg-cover bg-no-repeat  is-style-primary\" style=\"background-image:url()\"><div class=\"free-text-wrapper container max-w-medium text-left\">\n<h1 class=\"wp-block-heading\">Odor vaginal: o que causa esse cheiro forte?<\/h1>\n\n\n\n<p class=\"is-style-paragraph-preamble\">Todas as mulheres t\u00eam o seu pr\u00f3prio odor corporal. O mesmo se aplica \u00e0 vagina. \u00c9 completamente normal ter algum odor \u00edntimo. Se esse odor se tornar desagrad\u00e1vel poder\u00e1 ser a indica\u00e7\u00e3o de uma infe\u00e7\u00e3o vaginal. Mas como pode saber se o seu odor vaginal \u00e9 anormal?<\/p>\n<\/div><\/div>\n\n\n\n<div class=\"wp-block-karopharma-free-text pt-large pb-large bg-center bg-cover bg-no-repeat\" style=\"background-image:url()\"><div class=\"free-text-wrapper container max-w-medium text-left\">\n<p>Vamos come\u00e7ar por aquilo que \u00e9 considerado normal<\/p>\n\n\n\n<h2 class=\"is-style-heading-h2 wp-block-heading\">Cheiro vaginal normal<\/h2>\n\n\n\n<p>Qualquer mulher \u00e9 \u00fanica, bem como o seu odor vaginal. Contudo, a maioria das mulheres ir\u00e1 sentir um cheiro ligeiramente \u00e1cido. Isto deve-se \u00e0 presen\u00e7a de \u00e1cido l\u00e1tico na vagina.<\/p>\n\n\n\n<p>Quando os n\u00edveis hormonais se alteram, o odor vaginal pode tamb\u00e9m alterar. O odor tende a ser mais intenso durante a ovula\u00e7\u00e3o do que nos outros dias. Muitas mulheres notam tamb\u00e9m altera\u00e7\u00e3o no odor depois de rela\u00e7\u00f5es sexuais. Isto deve-se ao aumento tempor\u00e1rio do pH vaginal pelo esperma.<\/p>\n\n\n\n<p>Odor vaginal normal n\u00e3o tem de ser embara\u00e7oso, mas pode deix\u00e1-la desconfort\u00e1vel. Pode sentir-se insegura por achar que as outras pessoas poder\u00e3o senti-lo tamb\u00e9m. (Se refletir sobre isso, alguma vez notou odores vaginais de outras mulheres?)<\/p>\n\n\n\n<p>Se o odor come\u00e7ar a intensificar-se poder\u00e1 ser a indica\u00e7\u00e3o de uma vaginose bacteriana.<\/p>\n\n\n\n<h2 class=\"is-style-heading-h2 wp-block-heading\">O mau odor vaginal pode ser indicativo de doen\u00e7a?<\/h2>\n\n\n\n<p>Uma das causas mais comuns de odor vaginal \u00e9 a vaginose bacteriana, tamb\u00e9m conhecida como VB. Odor forte, id\u00eantico a peixe, \u00e9 um dos principais sintomas da infe\u00e7\u00e3o vaginal, que \u00e9 causada por um crescimento excessivo de bact\u00e9rias nocivas\/indesejadas na sua vagina. Outro sintoma da vaginose bacteriana \u00e9 um corrimento fluido branco acinzentado.<\/p>\n\n\n\n<p>Normalmente, esta infe\u00e7\u00e3o \u00e9 praticamente inofensiva e os sintomas ir\u00e3o desaparecer espontaneamente, por\u00e9m pode levar algum tempo. O tratamento para a VB \u00e9 feito geralmente com antibi\u00f3ticos mas infelizmente podem causar alguns efeitos secund\u00e1rios desagrad\u00e1veis como n\u00e1useas, v\u00f3mitos e resist\u00eancias no futuro.<\/p>\n\n\n\n<p>Como alternativa, existem produtos de cuidados \u00edntimos que podem ser adquiridos sem prescri\u00e7\u00e3o m\u00e9dica para o tratamento da vaginose bacteriana. Se escolher produtos com ingredientes naturais pode tratar a infe\u00e7\u00e3o e ao mesmo tempo restaurar a sua flora vaginal natural.<\/p>\n\n\n\n<p>Existem casos mais graves para o odor vaginal desagrad\u00e1vel. Se notar um cheiro com caracter\u00edsticas diferentes id\u00eanticas a peixe da VB, recomendamos que visite o seu m\u00e9dico.<\/p>\n<\/div><\/div>\n","protected":false},"excerpt":{"rendered":"","protected":false},"author":6,"featured_media":0,"parent":184,"menu_order":0,"comment_status":"closed","ping_status":"closed","template":"","meta":{"_acf_changed":false,"footnotes":""},"from-article-database":[],"class_list":["post-591","page","type-page","status-publish","hentry"],"acf":[],"yoast_head":"<!-- This site is optimized with the Yoast SEO plugin v26.6 - https:\/\/yoast.com\/wordpress\/plugins\/seo\/ -->\n<title>Odor vaginal:o que causa esse cheiro forte? - Multi-Gyn<\/title>\n<meta name=\"description\" content=\"Todas as mulheres t\u00eam o seu pr\u00f3prio odor corporal. O mesmo se aplica \u00e0 vagina. \u00c9 completamente normal ter algum odor \u00edntimo.\" \/>\n<meta name=\"robots\" content=\"index, follow, max-snippet:-1, max-image-preview:large, max-video-preview:-1\" \/>\n<link rel=\"canonical\" href=\"https:\/\/multi-gyn.com\/pt\/saude-vaginal\/desconfortos\/odor-vaginalo-que-causa-esse-cheiro-forte\/\" \/>\n<meta property=\"og:locale\" content=\"pt_PT\" \/>\n<meta property=\"og:type\" content=\"article\" \/>\n<meta property=\"og:title\" content=\"Odor vaginal:o que causa esse cheiro forte? - Multi-Gyn\" \/>\n<meta property=\"og:description\" content=\"Todas as mulheres t\u00eam o seu pr\u00f3prio odor corporal. O mesmo se aplica \u00e0 vagina. \u00c9 completamente normal ter algum odor \u00edntimo.\" \/>\n<meta property=\"og:url\" content=\"https:\/\/multi-gyn.com\/pt\/saude-vaginal\/desconfortos\/odor-vaginalo-que-causa-esse-cheiro-forte\/\" \/>\n<meta property=\"og:site_name\" content=\"Multi-Gyn\" \/>\n<meta property=\"article:modified_time\" content=\"2025-04-28T09:42:30+00:00\" \/>\n<meta name=\"twitter:card\" content=\"summary_large_image\" \/>\n<meta name=\"twitter:label1\" content=\"Tempo estimado de leitura\" \/>\n\t<meta name=\"twitter:data1\" content=\"3 minutos\" \/>\n<script type=\"application\/ld+json\" class=\"yoast-schema-graph\">{\"@context\":\"https:\/\/schema.org\",\"@graph\":[{\"@type\":\"WebPage\",\"@id\":\"https:\/\/multi-gyn.com\/pt\/saude-vaginal\/desconfortos\/odor-vaginalo-que-causa-esse-cheiro-forte\/\",\"url\":\"https:\/\/multi-gyn.com\/pt\/saude-vaginal\/desconfortos\/odor-vaginalo-que-causa-esse-cheiro-forte\/\",\"name\":\"Odor vaginal:o que causa esse cheiro forte? - Multi-Gyn\",\"isPartOf\":{\"@id\":\"https:\/\/multi-gyn.com\/pt\/#website\"},\"datePublished\":\"2022-12-11T19:31:36+00:00\",\"dateModified\":\"2025-04-28T09:42:30+00:00\",\"description\":\"Todas as mulheres t\u00eam o seu pr\u00f3prio odor corporal. O mesmo se aplica \u00e0 vagina. \u00c9 completamente normal ter algum odor \u00edntimo.\",\"breadcrumb\":{\"@id\":\"https:\/\/multi-gyn.com\/pt\/saude-vaginal\/desconfortos\/odor-vaginalo-que-causa-esse-cheiro-forte\/#breadcrumb\"},\"inLanguage\":\"pt-PT\",\"potentialAction\":[{\"@type\":\"ReadAction\",\"target\":[\"https:\/\/multi-gyn.com\/pt\/saude-vaginal\/desconfortos\/odor-vaginalo-que-causa-esse-cheiro-forte\/\"]}]},{\"@type\":\"BreadcrumbList\",\"@id\":\"https:\/\/multi-gyn.com\/pt\/saude-vaginal\/desconfortos\/odor-vaginalo-que-causa-esse-cheiro-forte\/#breadcrumb\",\"itemListElement\":[{\"@type\":\"ListItem\",\"position\":1,\"name\":\"Home\",\"item\":\"https:\/\/multi-gyn.com\/pt\/\"},{\"@type\":\"ListItem\",\"position\":2,\"name\":\"Sa\u00fade vaginal\",\"item\":\"https:\/\/multi-gyn.com\/pt\/saude-vaginal\/\"},{\"@type\":\"ListItem\",\"position\":3,\"name\":\"\u00a0Desconfortos\",\"item\":\"https:\/\/multi-gyn.com\/pt\/saude-vaginal\/desconfortos\/\"},{\"@type\":\"ListItem\",\"position\":4,\"name\":\"Odor vaginal:o que causa esse cheiro forte?\"}]},{\"@type\":\"WebSite\",\"@id\":\"https:\/\/multi-gyn.com\/pt\/#website\",\"url\":\"https:\/\/multi-gyn.com\/pt\/\",\"name\":\"Multi-Gyn\",\"description\":\"\",\"publisher\":{\"@id\":\"https:\/\/multi-gyn.com\/pt\/#organization\"},\"potentialAction\":[{\"@type\":\"SearchAction\",\"target\":{\"@type\":\"EntryPoint\",\"urlTemplate\":\"https:\/\/multi-gyn.com\/pt\/?s={search_term_string}\"},\"query-input\":{\"@type\":\"PropertyValueSpecification\",\"valueRequired\":true,\"valueName\":\"search_term_string\"}}],\"inLanguage\":\"pt-PT\"},{\"@type\":\"Organization\",\"@id\":\"https:\/\/multi-gyn.com\/pt\/#organization\",\"name\":\"Multi-Gyn\",\"url\":\"https:\/\/multi-gyn.com\/pt\/\",\"logo\":{\"@type\":\"ImageObject\",\"inLanguage\":\"pt-PT\",\"@id\":\"https:\/\/multi-gyn.com\/pt\/#\/schema\/logo\/image\/\",\"url\":\"https:\/\/multi-gyn.com\/app\/uploads\/sites\/34\/2022\/11\/multi-gyn-logo.png\",\"contentUrl\":\"https:\/\/multi-gyn.com\/app\/uploads\/sites\/34\/2022\/11\/multi-gyn-logo.png\",\"width\":149,\"height\":32,\"caption\":\"Multi-Gyn\"},\"image\":{\"@id\":\"https:\/\/multi-gyn.com\/pt\/#\/schema\/logo\/image\/\"}}]}<\/script>\n<!-- \/ Yoast SEO plugin. -->","yoast_head_json":{"title":"Odor vaginal:o que causa esse cheiro forte? - Multi-Gyn","description":"Todas as mulheres t\u00eam o seu pr\u00f3prio odor corporal. O mesmo se aplica \u00e0 vagina. \u00c9 completamente normal ter algum odor \u00edntimo.","robots":{"index":"index","follow":"follow","max-snippet":"max-snippet:-1","max-image-preview":"max-image-preview:large","max-video-preview":"max-video-preview:-1"},"canonical":"https:\/\/multi-gyn.com\/pt\/saude-vaginal\/desconfortos\/odor-vaginalo-que-causa-esse-cheiro-forte\/","og_locale":"pt_PT","og_type":"article","og_title":"Odor vaginal:o que causa esse cheiro forte? - Multi-Gyn","og_description":"Todas as mulheres t\u00eam o seu pr\u00f3prio odor corporal. O mesmo se aplica \u00e0 vagina. \u00c9 completamente normal ter algum odor \u00edntimo.","og_url":"https:\/\/multi-gyn.com\/pt\/saude-vaginal\/desconfortos\/odor-vaginalo-que-causa-esse-cheiro-forte\/","og_site_name":"Multi-Gyn","article_modified_time":"2025-04-28T09:42:30+00:00","twitter_card":"summary_large_image","twitter_misc":{"Tempo estimado de leitura":"3 minutos"},"schema":{"@context":"https:\/\/schema.org","@graph":[{"@type":"WebPage","@id":"https:\/\/multi-gyn.com\/pt\/saude-vaginal\/desconfortos\/odor-vaginalo-que-causa-esse-cheiro-forte\/","url":"https:\/\/multi-gyn.com\/pt\/saude-vaginal\/desconfortos\/odor-vaginalo-que-causa-esse-cheiro-forte\/","name":"Odor vaginal:o que causa esse cheiro forte? - Multi-Gyn","isPartOf":{"@id":"https:\/\/multi-gyn.com\/pt\/#website"},"datePublished":"2022-12-11T19:31:36+00:00","dateModified":"2025-04-28T09:42:30+00:00","description":"Todas as mulheres t\u00eam o seu pr\u00f3prio odor corporal. O mesmo se aplica \u00e0 vagina. \u00c9 completamente normal ter algum odor \u00edntimo.","breadcrumb":{"@id":"https:\/\/multi-gyn.com\/pt\/saude-vaginal\/desconfortos\/odor-vaginalo-que-causa-esse-cheiro-forte\/#breadcrumb"},"inLanguage":"pt-PT","potentialAction":[{"@type":"ReadAction","target":["https:\/\/multi-gyn.com\/pt\/saude-vaginal\/desconfortos\/odor-vaginalo-que-causa-esse-cheiro-forte\/"]}]},{"@type":"BreadcrumbList","@id":"https:\/\/multi-gyn.com\/pt\/saude-vaginal\/desconfortos\/odor-vaginalo-que-causa-esse-cheiro-forte\/#breadcrumb","itemListElement":[{"@type":"ListItem","position":1,"name":"Home","item":"https:\/\/multi-gyn.com\/pt\/"},{"@type":"ListItem","position":2,"name":"Sa\u00fade vaginal","item":"https:\/\/multi-gyn.com\/pt\/saude-vaginal\/"},{"@type":"ListItem","position":3,"name":"\u00a0Desconfortos","item":"https:\/\/multi-gyn.com\/pt\/saude-vaginal\/desconfortos\/"},{"@type":"ListItem","position":4,"name":"Odor vaginal:o que causa esse cheiro forte?"}]},{"@type":"WebSite","@id":"https:\/\/multi-gyn.com\/pt\/#website","url":"https:\/\/multi-gyn.com\/pt\/","name":"Multi-Gyn","description":"","publisher":{"@id":"https:\/\/multi-gyn.com\/pt\/#organization"},"potentialAction":[{"@type":"SearchAction","target":{"@type":"EntryPoint","urlTemplate":"https:\/\/multi-gyn.com\/pt\/?s={search_term_string}"},"query-input":{"@type":"PropertyValueSpecification","valueRequired":true,"valueName":"search_term_string"}}],"inLanguage":"pt-PT"},{"@type":"Organization","@id":"https:\/\/multi-gyn.com\/pt\/#organization","name":"Multi-Gyn","url":"https:\/\/multi-gyn.com\/pt\/","logo":{"@type":"ImageObject","inLanguage":"pt-PT","@id":"https:\/\/multi-gyn.com\/pt\/#\/schema\/logo\/image\/","url":"https:\/\/multi-gyn.com\/app\/uploads\/sites\/34\/2022\/11\/multi-gyn-logo.png","contentUrl":"https:\/\/multi-gyn.com\/app\/uploads\/sites\/34\/2022\/11\/multi-gyn-logo.png","width":149,"height":32,"caption":"Multi-Gyn"},"image":{"@id":"https:\/\/multi-gyn.com\/pt\/#\/schema\/logo\/image\/"}}]}},"_links":{"self":[{"href":"https:\/\/multi-gyn.com\/pt\/wp-json\/wp\/v2\/pages\/591","targetHints":{"allow":["GET"]}}],"collection":[{"href":"https:\/\/multi-gyn.com\/pt\/wp-json\/wp\/v2\/pages"}],"about":[{"href":"https:\/\/multi-gyn.com\/pt\/wp-json\/wp\/v2\/types\/page"}],"author":[{"embeddable":true,"href":"https:\/\/multi-gyn.com\/pt\/wp-json\/wp\/v2\/users\/6"}],"replies":[{"embeddable":true,"href":"https:\/\/multi-gyn.com\/pt\/wp-json\/wp\/v2\/comments?post=591"}],"version-history":[{"count":5,"href":"https:\/\/multi-gyn.com\/pt\/wp-json\/wp\/v2\/pages\/591\/revisions"}],"predecessor-version":[{"id":736,"href":"https:\/\/multi-gyn.com\/pt\/wp-json\/wp\/v2\/pages\/591\/revisions\/736"}],"up":[{"embeddable":true,"href":"https:\/\/multi-gyn.com\/pt\/wp-json\/wp\/v2\/pages\/184"}],"wp:attachment":[{"href":"https:\/\/multi-gyn.com\/pt\/wp-json\/wp\/v2\/media?parent=591"}],"wp:term":[{"taxonomy":"from-article-database","embeddable":true,"href":"https:\/\/multi-gyn.com\/pt\/wp-json\/wp\/v2\/from-article-database?post=591"}],"curies":[{"name":"wp","href":"https:\/\/api.w.org\/{rel}","templated":true}]}}