{"id":597,"date":"2022-12-11T19:42:02","date_gmt":"2022-12-11T19:42:02","guid":{"rendered":"https:\/\/multi-gyn.com\/pt\/?page_id=597"},"modified":"2025-04-28T10:42:28","modified_gmt":"2025-04-28T09:42:28","slug":"irritacoes-vaginais-e-labios-vaginais-inchados","status":"publish","type":"page","link":"https:\/\/multi-gyn.com\/pt\/saude-vaginal\/desconfortos\/irritacoes-vaginais-e-labios-vaginais-inchados\/","title":{"rendered":"Irrita\u00e7\u00f5es vaginais e l\u00e1bios vaginais inchados"},"content":{"rendered":"\n<div class=\"wp-block-karopharma-free-text pt-large pb-large bg-center bg-cover bg-no-repeat  is-style-primary\" style=\"background-image:url()\"><div class=\"free-text-wrapper container max-w-medium text-left\">\n<h1 class=\"wp-block-heading\">Irrita\u00e7\u00f5es vaginais e l\u00e1bios vaginais inchados<\/h1>\n\n\n\n<p class=\"is-style-paragraph-preamble\">Irrita\u00e7\u00f5es vaginais podem ser desconfort\u00e1veis, mas geralmente bastante dolorosas tamb\u00e9m, o que pode afetar a sua qualidade de vida. L\u00e1bios vaginais inchados podem fazer com que fique irrequieta, sem a capacidade de se sentar confortavelmente ou utilizar cal\u00e7as devido \u00e0 fric\u00e7\u00e3o, Esta situa\u00e7\u00e3o \u00e9 frequentemente acompanhada por outros sintomas, como por exemplo sensa\u00e7\u00e3o de ardor ou prurido vaginal. O incha\u00e7o pode ser generalizado, envolvendo os l\u00e1bios interiores e exteriores, ou localizado afectando apenas uma parte da vulva.<\/p>\n<\/div><\/div>\n\n\n\n<div class=\"wp-block-karopharma-free-text pt-large pb-large bg-center bg-cover bg-no-repeat\" style=\"background-image:url()\"><div class=\"free-text-wrapper container max-w-medium text-left\">\n<h2 class=\"is-style-heading-h2 wp-block-heading\">O que causa l\u00e1bios vaginais inchados?<\/h2>\n\n\n\n<p>Podem existir v\u00e1rias causas, algumas delas s\u00e3o:<\/p>\n\n\n\n<ul class=\"is-style-default wp-block-list\"><li>Irrita\u00e7\u00e3o ou uma reac\u00e7\u00e3o al\u00e9rgica. Neste caso, a irrita\u00e7\u00e3o tem mais probabilidade de ser causada por um produto, quer seja devido a sab\u00e3o, banho de espuma lo\u00e7\u00e3o, desodorizantes \u00edntimos, etc. Estes produtos cont\u00eam frequentemente qu\u00edmicos que irritam a pele delicada da zona \u00edntima, causando incha\u00e7o e dor. Este tipo de reac\u00e7\u00e3o pode at\u00e9 acontecer com produtos que j\u00e1 utiliza \u00e1 anos.<\/li><li>O incha\u00e7o surgiu depois de rela\u00e7\u00f5es sexuais? Poder\u00e1 ser al\u00e9rgica ao l\u00e1tex dos preservativos, ao lubrificante ou ao esperma do seu parceiro. O incha\u00e7o pode desenvolver-se devido a hematomas ap\u00f3s rela\u00e7\u00f5es sexuais, especialmente se n\u00e3o utilizou um lubrificante e a sua lubrifica\u00e7\u00e3o natural \u00e9 insuficiente.<\/li><li><a href=\"https:\/\/www.multi-gyn.pt\/infecoes\/infecao-vaginal-fungica\/\">Infe\u00e7\u00e3o vaginal f\u00fangica<\/a>. L\u00e1bios vaginais inchados \u00e9 um dos sintomas deste problema. Uma infe\u00e7\u00e3o vaginal f\u00fangica pode ser geralmente reconhecida se tiver um corrimento vaginal esbranqui\u00e7ado, espesso, id\u00eantico a requeij\u00e3o.<\/li><li><a href=\"https:\/\/www.multi-gyn.pt\/infecoes\/tudo-aquilo-que-necessita-de-saber-sobre-a-vaginose-bacteriana\/\">Vaginose bacteriana<\/a>. Os sintomas incluem geralmente um corrimento acinzentado l\u00edquido, com um odor forte id\u00eantico a peixe.<\/li><li>Gravidez. Durante a gravidez, a press\u00e3o nos \u00f3rg\u00e3os reprodutores e vasos sangu\u00edneos vai aumentado pelo peso do beb\u00e9. A circula\u00e7\u00e3o diminui, causando incha\u00e7o e dor na vulva.<\/li><li>Parto. Durante o parto a mulher pode ficar com danos no tecido que posteriormente resulta em incha\u00e7o e dor.<\/li><\/ul>\n\n\n\n<h2 class=\"is-style-heading-h2 wp-block-heading\">Como prevenir l\u00e1bios vaginais inchados?<\/h2>\n\n\n\n<p>Evite utilizar produtos que contenham detergentes fortes, qu\u00edmicos nocivos, perfumes ou corantes. Se tiver irrita\u00e7\u00f5es ap\u00f3s colocar um determinado produto, lave a zona imediatamente para remover o produto e minimizar os danos. Depois pode aplicar um produto calmante natural para reduzir os sintomas e acelerar a recupera\u00e7\u00e3o. Escolha um produto de lavagem \u00edntimo que contenha preferencialmente agentes de lavagem suaves e naturais. Evite quaisquer produtos, detergentes e toalhetes que contenham frag\u00e2ncias, sab\u00e3o alcalinos, detergentes ou conservantes.<\/p>\n\n\n\n<p>Se tiver com\u00a0secura vaginal, use um lubrificante durante as rela\u00e7\u00f5es sexuais ou aplique um hidratante vaginal diariamente para um efeito mais prolongado. Assim ir\u00e1 conseguir al\u00edvio prolongado da sua secura vaginal. Se j\u00e1 tinha irrita\u00e7\u00e3o antes, evite ter rela\u00e7\u00f5es sexuais at\u00e9 a \u00e1rea curar e os sintomas desaparecerem.<\/p>\n\n\n\n<p>Se tiver com candid\u00edase ou vaginose bacteriana, poder\u00e1 querer visitar o seu m\u00e9dico para receber tratamento apropriado. Poder\u00e1 tamb\u00e9m utilizar um produto \u00e0 base de prebi\u00f3ticos ou um produto com terapia anti adesiva que ir\u00e1 promover o crescimento das boas bact\u00e9rias e ajudar a reequilibrar a sua flora vaginal.<\/p>\n\n\n\n<p>Evite utilizar roupa apertada, especialmente enquanto tiver irrita\u00e7\u00f5es. Assegure-se que a sua roupa interior \u00e9 feita de material natural (algod\u00e3o permite que a pele respire, enquanto que os tecidos sint\u00e9ticos podem apenas piorar a irrita\u00e7\u00e3o). Tente dormir sem roupa interior para permitir \u00e0 pele respirar e recuperar durante a noite.<\/p>\n\n\n\n<p>Se est\u00e1 com l\u00e1bios vaginais inchados, tente acalmar a zona irritada (pode utilizar uma compressa fria ou tentar um banho frio). O frio ir\u00e1 reduzir o incha\u00e7o e temporariamente aliviar a dor.<\/p>\n\n\n\n<p>Evite co\u00e7ar a zona afetada. Isto pode danificar o tecido e os sintomas podem ficar ainda piores.<\/p>\n\n\n\n<p>Se o incha\u00e7o durar mais do que uma semana, assegure-se que visite o seu m\u00e9dico para detetar qual a raz\u00e3o da irrita\u00e7\u00e3o.<\/p>\n<\/div><\/div>\n","protected":false},"excerpt":{"rendered":"","protected":false},"author":6,"featured_media":0,"parent":184,"menu_order":0,"comment_status":"closed","ping_status":"closed","template":"","meta":{"_acf_changed":false,"footnotes":""},"from-article-database":[],"class_list":["post-597","page","type-page","status-publish","hentry"],"acf":[],"yoast_head":"<!-- This site is optimized with the Yoast SEO plugin v26.6 - https:\/\/yoast.com\/wordpress\/plugins\/seo\/ -->\n<title>Irrita\u00e7\u00f5es vaginais e l\u00e1bios vaginais inchados - Multi-Gyn<\/title>\n<meta name=\"description\" content=\"Irrita\u00e7\u00f5es vaginais podem ser desconfort\u00e1veis, mas geralmente bastante dolorosas tamb\u00e9m, o que pode afetar a sua qualidade de vida.\" \/>\n<meta name=\"robots\" content=\"index, follow, max-snippet:-1, max-image-preview:large, max-video-preview:-1\" \/>\n<link rel=\"canonical\" href=\"https:\/\/multi-gyn.com\/pt\/saude-vaginal\/desconfortos\/irritacoes-vaginais-e-labios-vaginais-inchados\/\" \/>\n<meta property=\"og:locale\" content=\"pt_PT\" \/>\n<meta property=\"og:type\" content=\"article\" \/>\n<meta property=\"og:title\" content=\"Irrita\u00e7\u00f5es vaginais e l\u00e1bios vaginais inchados - Multi-Gyn\" \/>\n<meta property=\"og:description\" content=\"Irrita\u00e7\u00f5es vaginais podem ser desconfort\u00e1veis, mas geralmente bastante dolorosas tamb\u00e9m, o que pode afetar a sua qualidade de vida.\" \/>\n<meta property=\"og:url\" content=\"https:\/\/multi-gyn.com\/pt\/saude-vaginal\/desconfortos\/irritacoes-vaginais-e-labios-vaginais-inchados\/\" \/>\n<meta property=\"og:site_name\" content=\"Multi-Gyn\" \/>\n<meta property=\"article:modified_time\" content=\"2025-04-28T09:42:28+00:00\" \/>\n<meta name=\"twitter:card\" content=\"summary_large_image\" \/>\n<meta name=\"twitter:label1\" content=\"Tempo estimado de leitura\" \/>\n\t<meta name=\"twitter:data1\" content=\"4 minutos\" \/>\n<script type=\"application\/ld+json\" class=\"yoast-schema-graph\">{\"@context\":\"https:\/\/schema.org\",\"@graph\":[{\"@type\":\"WebPage\",\"@id\":\"https:\/\/multi-gyn.com\/pt\/saude-vaginal\/desconfortos\/irritacoes-vaginais-e-labios-vaginais-inchados\/\",\"url\":\"https:\/\/multi-gyn.com\/pt\/saude-vaginal\/desconfortos\/irritacoes-vaginais-e-labios-vaginais-inchados\/\",\"name\":\"Irrita\u00e7\u00f5es vaginais e l\u00e1bios vaginais inchados - Multi-Gyn\",\"isPartOf\":{\"@id\":\"https:\/\/multi-gyn.com\/pt\/#website\"},\"datePublished\":\"2022-12-11T19:42:02+00:00\",\"dateModified\":\"2025-04-28T09:42:28+00:00\",\"description\":\"Irrita\u00e7\u00f5es vaginais podem ser desconfort\u00e1veis, mas geralmente bastante dolorosas tamb\u00e9m, o que pode afetar a sua qualidade de vida.\",\"breadcrumb\":{\"@id\":\"https:\/\/multi-gyn.com\/pt\/saude-vaginal\/desconfortos\/irritacoes-vaginais-e-labios-vaginais-inchados\/#breadcrumb\"},\"inLanguage\":\"pt-PT\",\"potentialAction\":[{\"@type\":\"ReadAction\",\"target\":[\"https:\/\/multi-gyn.com\/pt\/saude-vaginal\/desconfortos\/irritacoes-vaginais-e-labios-vaginais-inchados\/\"]}]},{\"@type\":\"BreadcrumbList\",\"@id\":\"https:\/\/multi-gyn.com\/pt\/saude-vaginal\/desconfortos\/irritacoes-vaginais-e-labios-vaginais-inchados\/#breadcrumb\",\"itemListElement\":[{\"@type\":\"ListItem\",\"position\":1,\"name\":\"Home\",\"item\":\"https:\/\/multi-gyn.com\/pt\/\"},{\"@type\":\"ListItem\",\"position\":2,\"name\":\"Sa\u00fade vaginal\",\"item\":\"https:\/\/multi-gyn.com\/pt\/saude-vaginal\/\"},{\"@type\":\"ListItem\",\"position\":3,\"name\":\"\u00a0Desconfortos\",\"item\":\"https:\/\/multi-gyn.com\/pt\/saude-vaginal\/desconfortos\/\"},{\"@type\":\"ListItem\",\"position\":4,\"name\":\"Irrita\u00e7\u00f5es vaginais e l\u00e1bios vaginais inchados\"}]},{\"@type\":\"WebSite\",\"@id\":\"https:\/\/multi-gyn.com\/pt\/#website\",\"url\":\"https:\/\/multi-gyn.com\/pt\/\",\"name\":\"Multi-Gyn\",\"description\":\"\",\"publisher\":{\"@id\":\"https:\/\/multi-gyn.com\/pt\/#organization\"},\"potentialAction\":[{\"@type\":\"SearchAction\",\"target\":{\"@type\":\"EntryPoint\",\"urlTemplate\":\"https:\/\/multi-gyn.com\/pt\/?s={search_term_string}\"},\"query-input\":{\"@type\":\"PropertyValueSpecification\",\"valueRequired\":true,\"valueName\":\"search_term_string\"}}],\"inLanguage\":\"pt-PT\"},{\"@type\":\"Organization\",\"@id\":\"https:\/\/multi-gyn.com\/pt\/#organization\",\"name\":\"Multi-Gyn\",\"url\":\"https:\/\/multi-gyn.com\/pt\/\",\"logo\":{\"@type\":\"ImageObject\",\"inLanguage\":\"pt-PT\",\"@id\":\"https:\/\/multi-gyn.com\/pt\/#\/schema\/logo\/image\/\",\"url\":\"https:\/\/multi-gyn.com\/app\/uploads\/sites\/34\/2022\/11\/multi-gyn-logo.png\",\"contentUrl\":\"https:\/\/multi-gyn.com\/app\/uploads\/sites\/34\/2022\/11\/multi-gyn-logo.png\",\"width\":149,\"height\":32,\"caption\":\"Multi-Gyn\"},\"image\":{\"@id\":\"https:\/\/multi-gyn.com\/pt\/#\/schema\/logo\/image\/\"}}]}<\/script>\n<!-- \/ Yoast SEO plugin. -->","yoast_head_json":{"title":"Irrita\u00e7\u00f5es vaginais e l\u00e1bios vaginais inchados - Multi-Gyn","description":"Irrita\u00e7\u00f5es vaginais podem ser desconfort\u00e1veis, mas geralmente bastante dolorosas tamb\u00e9m, o que pode afetar a sua qualidade de vida.","robots":{"index":"index","follow":"follow","max-snippet":"max-snippet:-1","max-image-preview":"max-image-preview:large","max-video-preview":"max-video-preview:-1"},"canonical":"https:\/\/multi-gyn.com\/pt\/saude-vaginal\/desconfortos\/irritacoes-vaginais-e-labios-vaginais-inchados\/","og_locale":"pt_PT","og_type":"article","og_title":"Irrita\u00e7\u00f5es vaginais e l\u00e1bios vaginais inchados - Multi-Gyn","og_description":"Irrita\u00e7\u00f5es vaginais podem ser desconfort\u00e1veis, mas geralmente bastante dolorosas tamb\u00e9m, o que pode afetar a sua qualidade de vida.","og_url":"https:\/\/multi-gyn.com\/pt\/saude-vaginal\/desconfortos\/irritacoes-vaginais-e-labios-vaginais-inchados\/","og_site_name":"Multi-Gyn","article_modified_time":"2025-04-28T09:42:28+00:00","twitter_card":"summary_large_image","twitter_misc":{"Tempo estimado de leitura":"4 minutos"},"schema":{"@context":"https:\/\/schema.org","@graph":[{"@type":"WebPage","@id":"https:\/\/multi-gyn.com\/pt\/saude-vaginal\/desconfortos\/irritacoes-vaginais-e-labios-vaginais-inchados\/","url":"https:\/\/multi-gyn.com\/pt\/saude-vaginal\/desconfortos\/irritacoes-vaginais-e-labios-vaginais-inchados\/","name":"Irrita\u00e7\u00f5es vaginais e l\u00e1bios vaginais inchados - Multi-Gyn","isPartOf":{"@id":"https:\/\/multi-gyn.com\/pt\/#website"},"datePublished":"2022-12-11T19:42:02+00:00","dateModified":"2025-04-28T09:42:28+00:00","description":"Irrita\u00e7\u00f5es vaginais podem ser desconfort\u00e1veis, mas geralmente bastante dolorosas tamb\u00e9m, o que pode afetar a sua qualidade de vida.","breadcrumb":{"@id":"https:\/\/multi-gyn.com\/pt\/saude-vaginal\/desconfortos\/irritacoes-vaginais-e-labios-vaginais-inchados\/#breadcrumb"},"inLanguage":"pt-PT","potentialAction":[{"@type":"ReadAction","target":["https:\/\/multi-gyn.com\/pt\/saude-vaginal\/desconfortos\/irritacoes-vaginais-e-labios-vaginais-inchados\/"]}]},{"@type":"BreadcrumbList","@id":"https:\/\/multi-gyn.com\/pt\/saude-vaginal\/desconfortos\/irritacoes-vaginais-e-labios-vaginais-inchados\/#breadcrumb","itemListElement":[{"@type":"ListItem","position":1,"name":"Home","item":"https:\/\/multi-gyn.com\/pt\/"},{"@type":"ListItem","position":2,"name":"Sa\u00fade vaginal","item":"https:\/\/multi-gyn.com\/pt\/saude-vaginal\/"},{"@type":"ListItem","position":3,"name":"\u00a0Desconfortos","item":"https:\/\/multi-gyn.com\/pt\/saude-vaginal\/desconfortos\/"},{"@type":"ListItem","position":4,"name":"Irrita\u00e7\u00f5es vaginais e l\u00e1bios vaginais inchados"}]},{"@type":"WebSite","@id":"https:\/\/multi-gyn.com\/pt\/#website","url":"https:\/\/multi-gyn.com\/pt\/","name":"Multi-Gyn","description":"","publisher":{"@id":"https:\/\/multi-gyn.com\/pt\/#organization"},"potentialAction":[{"@type":"SearchAction","target":{"@type":"EntryPoint","urlTemplate":"https:\/\/multi-gyn.com\/pt\/?s={search_term_string}"},"query-input":{"@type":"PropertyValueSpecification","valueRequired":true,"valueName":"search_term_string"}}],"inLanguage":"pt-PT"},{"@type":"Organization","@id":"https:\/\/multi-gyn.com\/pt\/#organization","name":"Multi-Gyn","url":"https:\/\/multi-gyn.com\/pt\/","logo":{"@type":"ImageObject","inLanguage":"pt-PT","@id":"https:\/\/multi-gyn.com\/pt\/#\/schema\/logo\/image\/","url":"https:\/\/multi-gyn.com\/app\/uploads\/sites\/34\/2022\/11\/multi-gyn-logo.png","contentUrl":"https:\/\/multi-gyn.com\/app\/uploads\/sites\/34\/2022\/11\/multi-gyn-logo.png","width":149,"height":32,"caption":"Multi-Gyn"},"image":{"@id":"https:\/\/multi-gyn.com\/pt\/#\/schema\/logo\/image\/"}}]}},"_links":{"self":[{"href":"https:\/\/multi-gyn.com\/pt\/wp-json\/wp\/v2\/pages\/597","targetHints":{"allow":["GET"]}}],"collection":[{"href":"https:\/\/multi-gyn.com\/pt\/wp-json\/wp\/v2\/pages"}],"about":[{"href":"https:\/\/multi-gyn.com\/pt\/wp-json\/wp\/v2\/types\/page"}],"author":[{"embeddable":true,"href":"https:\/\/multi-gyn.com\/pt\/wp-json\/wp\/v2\/users\/6"}],"replies":[{"embeddable":true,"href":"https:\/\/multi-gyn.com\/pt\/wp-json\/wp\/v2\/comments?post=597"}],"version-history":[{"count":2,"href":"https:\/\/multi-gyn.com\/pt\/wp-json\/wp\/v2\/pages\/597\/revisions"}],"predecessor-version":[{"id":735,"href":"https:\/\/multi-gyn.com\/pt\/wp-json\/wp\/v2\/pages\/597\/revisions\/735"}],"up":[{"embeddable":true,"href":"https:\/\/multi-gyn.com\/pt\/wp-json\/wp\/v2\/pages\/184"}],"wp:attachment":[{"href":"https:\/\/multi-gyn.com\/pt\/wp-json\/wp\/v2\/media?parent=597"}],"wp:term":[{"taxonomy":"from-article-database","embeddable":true,"href":"https:\/\/multi-gyn.com\/pt\/wp-json\/wp\/v2\/from-article-database?post=597"}],"curies":[{"name":"wp","href":"https:\/\/api.w.org\/{rel}","templated":true}]}}