{"id":601,"date":"2022-12-11T19:45:59","date_gmt":"2022-12-11T19:45:59","guid":{"rendered":"https:\/\/multi-gyn.com\/pt\/?page_id=601"},"modified":"2025-04-28T10:42:26","modified_gmt":"2025-04-28T09:42:26","slug":"odor-forte-identico-a-peixe","status":"publish","type":"page","link":"https:\/\/multi-gyn.com\/pt\/saude-vaginal\/desconfortos\/odor-forte-identico-a-peixe\/","title":{"rendered":"Odor forte, id\u00eantico a peixe"},"content":{"rendered":"\n<div class=\"wp-block-karopharma-free-text pt-large pb-large bg-center bg-cover bg-no-repeat  is-style-primary\" style=\"background-image:url()\"><div class=\"free-text-wrapper container max-w-medium text-left\">\n<h1 class=\"wp-block-heading\">Odor forte, id\u00eantico a peixe<\/h1>\n\n\n\n<p class=\"is-style-paragraph-preamble\">J\u00e1 pensou a que cheira a sua vagina? Todas as mulheres s\u00e3o diferentes: diferentes tons de pele, cor de cabelo, for\u00e7a de unhas, e todas cheiram de maneira diferente. Um corrimento normal ter\u00e1 geralmente um cheiro estranho, e pode ser espesso ou fino, mais ou menos abundante, dependendo do momento do ciclo mensal e o equil\u00edbrio hormonal do momento. Prestando aten\u00e7\u00e3o ao corrimento normal podemos aprender a prever a nossa ovula\u00e7\u00e3o e menstrua\u00e7\u00e3o. E n\u00e3o s\u00f3, devemos tamb\u00e9m saber reconhecer sintomas como altera\u00e7\u00f5es anormais na cor, aumento da quantidade, odor forte id\u00eantico a peixe, e saber como descreve-los quando partilhados com o m\u00e9dico ou ginecologista.<\/p>\n<\/div><\/div>\n\n\n\n<div class=\"wp-block-karopharma-free-text pt-large pb-large bg-center bg-cover bg-no-repeat\" style=\"background-image:url()\"><div class=\"free-text-wrapper container max-w-medium text-left\">\n<h2 class=\"is-style-heading-h2 wp-block-heading\">O que provoca um odor forte, id\u00eantico a cheiro a peixe?<\/h2>\n\n\n\n<p>Uma flora vaginal saud\u00e1vel consiste em boas bact\u00e9rias (conhecidas como lactobacilos), mas tamb\u00e9m cont\u00e9m quantidades consider\u00e1veis de microrganismos nocivos. Eles s\u00e3o mantidos sobre controlo por diversos fatores na vagina: o pH baixo, subst\u00e2ncias antimicrobianas produzidas pela mucosa vaginal ou pelos lactobacilos. Os lactobacilos normalmente mant\u00eam esta condi\u00e7\u00e3o constante, mas por vezes agentes externos (tratamento com antibi\u00f3ticos, esperma alcalino, higiene incorreta da vagina) ou fatores internos (altera\u00e7\u00f5es hormonais) podem perturbar este equil\u00edbrio e permitir um crescimento excessivo das bact\u00e9rias nocivas, o que resulta numa infe\u00e7\u00e3o vaginal ou desconforto. Uma das infe\u00e7\u00f5es \u00e9 a vaginose bacteriana e \u00e9 caraterizada por um corrimento branco acinzentado, um odor forte id\u00eantico a peixe, irrita\u00e7\u00e3o e dor na \u00e1rea \u00edntima, pode ocasionalmente provocar prurido e vermelhid\u00e3o. Como consequ\u00eancia de um desequil\u00edbrio bacteriano e a redu\u00e7\u00e3o do n\u00famero de lactobacilos, o pH vaginal torna-se menos \u00e1cido.<\/p>\n\n\n\n<h2 class=\"is-style-heading-h2 wp-block-heading\">O que deve fazer em caso de possuir estes sintomas?<\/h2>\n\n\n\n<p>A vaginose bacteriana pode ser apenas um problema ligeiro, por norma controlado, que pode desaparecer ap\u00f3s algum tempo, mas em alguns casos (gravidez, imunodefici\u00eancia, etc.) pode ter consequ\u00eancias mais graves. O m\u00e9dico ir\u00e1 avaliar o seu caso e prescrever o tratamento certo, que poder\u00e1 incluir antibi\u00f3ticos. A alternativa aos antibi\u00f3ticos \u00e9 utilizar produtos naturais, que restauram o pH da vagina, n\u00e3o possuem efeitos secund\u00e1rios, e permitem que as bact\u00e9rias saud\u00e1veis restabele\u00e7am o equil\u00edbrio da flora do ambiente vaginal.<\/p>\n<\/div><\/div>\n","protected":false},"excerpt":{"rendered":"","protected":false},"author":6,"featured_media":0,"parent":184,"menu_order":0,"comment_status":"closed","ping_status":"closed","template":"","meta":{"_acf_changed":false,"footnotes":""},"from-article-database":[],"class_list":["post-601","page","type-page","status-publish","hentry"],"acf":[],"yoast_head":"<!-- This site is optimized with the Yoast SEO plugin v26.6 - https:\/\/yoast.com\/wordpress\/plugins\/seo\/ -->\n<title>Odor forte, id\u00eantico a peixe - Multi-Gyn<\/title>\n<meta name=\"description\" content=\"J\u00e1 pensou a que cheira a sua vagina? Todas as mulheres s\u00e3o diferentes: diferentes tons de pele, cor de cabelo, for\u00e7a de unhas, e todas cheiram de maneira diferente.\" \/>\n<meta name=\"robots\" content=\"index, follow, max-snippet:-1, max-image-preview:large, max-video-preview:-1\" \/>\n<link rel=\"canonical\" href=\"https:\/\/multi-gyn.com\/pt\/saude-vaginal\/desconfortos\/odor-forte-identico-a-peixe\/\" \/>\n<meta property=\"og:locale\" content=\"pt_PT\" \/>\n<meta property=\"og:type\" content=\"article\" \/>\n<meta property=\"og:title\" content=\"Odor forte, id\u00eantico a peixe - Multi-Gyn\" \/>\n<meta property=\"og:description\" content=\"J\u00e1 pensou a que cheira a sua vagina? Todas as mulheres s\u00e3o diferentes: diferentes tons de pele, cor de cabelo, for\u00e7a de unhas, e todas cheiram de maneira diferente.\" \/>\n<meta property=\"og:url\" content=\"https:\/\/multi-gyn.com\/pt\/saude-vaginal\/desconfortos\/odor-forte-identico-a-peixe\/\" \/>\n<meta property=\"og:site_name\" content=\"Multi-Gyn\" \/>\n<meta property=\"article:modified_time\" content=\"2025-04-28T09:42:26+00:00\" \/>\n<meta name=\"twitter:card\" content=\"summary_large_image\" \/>\n<meta name=\"twitter:label1\" content=\"Tempo estimado de leitura\" \/>\n\t<meta name=\"twitter:data1\" content=\"2 minutos\" \/>\n<script type=\"application\/ld+json\" class=\"yoast-schema-graph\">{\"@context\":\"https:\/\/schema.org\",\"@graph\":[{\"@type\":\"WebPage\",\"@id\":\"https:\/\/multi-gyn.com\/pt\/saude-vaginal\/desconfortos\/odor-forte-identico-a-peixe\/\",\"url\":\"https:\/\/multi-gyn.com\/pt\/saude-vaginal\/desconfortos\/odor-forte-identico-a-peixe\/\",\"name\":\"Odor forte, id\u00eantico a peixe - Multi-Gyn\",\"isPartOf\":{\"@id\":\"https:\/\/multi-gyn.com\/pt\/#website\"},\"datePublished\":\"2022-12-11T19:45:59+00:00\",\"dateModified\":\"2025-04-28T09:42:26+00:00\",\"description\":\"J\u00e1 pensou a que cheira a sua vagina? Todas as mulheres s\u00e3o diferentes: diferentes tons de pele, cor de cabelo, for\u00e7a de unhas, e todas cheiram de maneira diferente.\",\"breadcrumb\":{\"@id\":\"https:\/\/multi-gyn.com\/pt\/saude-vaginal\/desconfortos\/odor-forte-identico-a-peixe\/#breadcrumb\"},\"inLanguage\":\"pt-PT\",\"potentialAction\":[{\"@type\":\"ReadAction\",\"target\":[\"https:\/\/multi-gyn.com\/pt\/saude-vaginal\/desconfortos\/odor-forte-identico-a-peixe\/\"]}]},{\"@type\":\"BreadcrumbList\",\"@id\":\"https:\/\/multi-gyn.com\/pt\/saude-vaginal\/desconfortos\/odor-forte-identico-a-peixe\/#breadcrumb\",\"itemListElement\":[{\"@type\":\"ListItem\",\"position\":1,\"name\":\"Home\",\"item\":\"https:\/\/multi-gyn.com\/pt\/\"},{\"@type\":\"ListItem\",\"position\":2,\"name\":\"Sa\u00fade vaginal\",\"item\":\"https:\/\/multi-gyn.com\/pt\/saude-vaginal\/\"},{\"@type\":\"ListItem\",\"position\":3,\"name\":\"\u00a0Desconfortos\",\"item\":\"https:\/\/multi-gyn.com\/pt\/saude-vaginal\/desconfortos\/\"},{\"@type\":\"ListItem\",\"position\":4,\"name\":\"Odor forte, id\u00eantico a peixe\"}]},{\"@type\":\"WebSite\",\"@id\":\"https:\/\/multi-gyn.com\/pt\/#website\",\"url\":\"https:\/\/multi-gyn.com\/pt\/\",\"name\":\"Multi-Gyn\",\"description\":\"\",\"publisher\":{\"@id\":\"https:\/\/multi-gyn.com\/pt\/#organization\"},\"potentialAction\":[{\"@type\":\"SearchAction\",\"target\":{\"@type\":\"EntryPoint\",\"urlTemplate\":\"https:\/\/multi-gyn.com\/pt\/?s={search_term_string}\"},\"query-input\":{\"@type\":\"PropertyValueSpecification\",\"valueRequired\":true,\"valueName\":\"search_term_string\"}}],\"inLanguage\":\"pt-PT\"},{\"@type\":\"Organization\",\"@id\":\"https:\/\/multi-gyn.com\/pt\/#organization\",\"name\":\"Multi-Gyn\",\"url\":\"https:\/\/multi-gyn.com\/pt\/\",\"logo\":{\"@type\":\"ImageObject\",\"inLanguage\":\"pt-PT\",\"@id\":\"https:\/\/multi-gyn.com\/pt\/#\/schema\/logo\/image\/\",\"url\":\"https:\/\/multi-gyn.com\/app\/uploads\/sites\/34\/2022\/11\/multi-gyn-logo.png\",\"contentUrl\":\"https:\/\/multi-gyn.com\/app\/uploads\/sites\/34\/2022\/11\/multi-gyn-logo.png\",\"width\":149,\"height\":32,\"caption\":\"Multi-Gyn\"},\"image\":{\"@id\":\"https:\/\/multi-gyn.com\/pt\/#\/schema\/logo\/image\/\"}}]}<\/script>\n<!-- \/ Yoast SEO plugin. -->","yoast_head_json":{"title":"Odor forte, id\u00eantico a peixe - Multi-Gyn","description":"J\u00e1 pensou a que cheira a sua vagina? Todas as mulheres s\u00e3o diferentes: diferentes tons de pele, cor de cabelo, for\u00e7a de unhas, e todas cheiram de maneira diferente.","robots":{"index":"index","follow":"follow","max-snippet":"max-snippet:-1","max-image-preview":"max-image-preview:large","max-video-preview":"max-video-preview:-1"},"canonical":"https:\/\/multi-gyn.com\/pt\/saude-vaginal\/desconfortos\/odor-forte-identico-a-peixe\/","og_locale":"pt_PT","og_type":"article","og_title":"Odor forte, id\u00eantico a peixe - Multi-Gyn","og_description":"J\u00e1 pensou a que cheira a sua vagina? Todas as mulheres s\u00e3o diferentes: diferentes tons de pele, cor de cabelo, for\u00e7a de unhas, e todas cheiram de maneira diferente.","og_url":"https:\/\/multi-gyn.com\/pt\/saude-vaginal\/desconfortos\/odor-forte-identico-a-peixe\/","og_site_name":"Multi-Gyn","article_modified_time":"2025-04-28T09:42:26+00:00","twitter_card":"summary_large_image","twitter_misc":{"Tempo estimado de leitura":"2 minutos"},"schema":{"@context":"https:\/\/schema.org","@graph":[{"@type":"WebPage","@id":"https:\/\/multi-gyn.com\/pt\/saude-vaginal\/desconfortos\/odor-forte-identico-a-peixe\/","url":"https:\/\/multi-gyn.com\/pt\/saude-vaginal\/desconfortos\/odor-forte-identico-a-peixe\/","name":"Odor forte, id\u00eantico a peixe - Multi-Gyn","isPartOf":{"@id":"https:\/\/multi-gyn.com\/pt\/#website"},"datePublished":"2022-12-11T19:45:59+00:00","dateModified":"2025-04-28T09:42:26+00:00","description":"J\u00e1 pensou a que cheira a sua vagina? Todas as mulheres s\u00e3o diferentes: diferentes tons de pele, cor de cabelo, for\u00e7a de unhas, e todas cheiram de maneira diferente.","breadcrumb":{"@id":"https:\/\/multi-gyn.com\/pt\/saude-vaginal\/desconfortos\/odor-forte-identico-a-peixe\/#breadcrumb"},"inLanguage":"pt-PT","potentialAction":[{"@type":"ReadAction","target":["https:\/\/multi-gyn.com\/pt\/saude-vaginal\/desconfortos\/odor-forte-identico-a-peixe\/"]}]},{"@type":"BreadcrumbList","@id":"https:\/\/multi-gyn.com\/pt\/saude-vaginal\/desconfortos\/odor-forte-identico-a-peixe\/#breadcrumb","itemListElement":[{"@type":"ListItem","position":1,"name":"Home","item":"https:\/\/multi-gyn.com\/pt\/"},{"@type":"ListItem","position":2,"name":"Sa\u00fade vaginal","item":"https:\/\/multi-gyn.com\/pt\/saude-vaginal\/"},{"@type":"ListItem","position":3,"name":"\u00a0Desconfortos","item":"https:\/\/multi-gyn.com\/pt\/saude-vaginal\/desconfortos\/"},{"@type":"ListItem","position":4,"name":"Odor forte, id\u00eantico a peixe"}]},{"@type":"WebSite","@id":"https:\/\/multi-gyn.com\/pt\/#website","url":"https:\/\/multi-gyn.com\/pt\/","name":"Multi-Gyn","description":"","publisher":{"@id":"https:\/\/multi-gyn.com\/pt\/#organization"},"potentialAction":[{"@type":"SearchAction","target":{"@type":"EntryPoint","urlTemplate":"https:\/\/multi-gyn.com\/pt\/?s={search_term_string}"},"query-input":{"@type":"PropertyValueSpecification","valueRequired":true,"valueName":"search_term_string"}}],"inLanguage":"pt-PT"},{"@type":"Organization","@id":"https:\/\/multi-gyn.com\/pt\/#organization","name":"Multi-Gyn","url":"https:\/\/multi-gyn.com\/pt\/","logo":{"@type":"ImageObject","inLanguage":"pt-PT","@id":"https:\/\/multi-gyn.com\/pt\/#\/schema\/logo\/image\/","url":"https:\/\/multi-gyn.com\/app\/uploads\/sites\/34\/2022\/11\/multi-gyn-logo.png","contentUrl":"https:\/\/multi-gyn.com\/app\/uploads\/sites\/34\/2022\/11\/multi-gyn-logo.png","width":149,"height":32,"caption":"Multi-Gyn"},"image":{"@id":"https:\/\/multi-gyn.com\/pt\/#\/schema\/logo\/image\/"}}]}},"_links":{"self":[{"href":"https:\/\/multi-gyn.com\/pt\/wp-json\/wp\/v2\/pages\/601","targetHints":{"allow":["GET"]}}],"collection":[{"href":"https:\/\/multi-gyn.com\/pt\/wp-json\/wp\/v2\/pages"}],"about":[{"href":"https:\/\/multi-gyn.com\/pt\/wp-json\/wp\/v2\/types\/page"}],"author":[{"embeddable":true,"href":"https:\/\/multi-gyn.com\/pt\/wp-json\/wp\/v2\/users\/6"}],"replies":[{"embeddable":true,"href":"https:\/\/multi-gyn.com\/pt\/wp-json\/wp\/v2\/comments?post=601"}],"version-history":[{"count":1,"href":"https:\/\/multi-gyn.com\/pt\/wp-json\/wp\/v2\/pages\/601\/revisions"}],"predecessor-version":[{"id":603,"href":"https:\/\/multi-gyn.com\/pt\/wp-json\/wp\/v2\/pages\/601\/revisions\/603"}],"up":[{"embeddable":true,"href":"https:\/\/multi-gyn.com\/pt\/wp-json\/wp\/v2\/pages\/184"}],"wp:attachment":[{"href":"https:\/\/multi-gyn.com\/pt\/wp-json\/wp\/v2\/media?parent=601"}],"wp:term":[{"taxonomy":"from-article-database","embeddable":true,"href":"https:\/\/multi-gyn.com\/pt\/wp-json\/wp\/v2\/from-article-database?post=601"}],"curies":[{"name":"wp","href":"https:\/\/api.w.org\/{rel}","templated":true}]}}