{"id":609,"date":"2022-12-11T19:55:46","date_gmt":"2022-12-11T19:55:46","guid":{"rendered":"https:\/\/multi-gyn.com\/pt\/?page_id=609"},"modified":"2025-04-28T10:42:22","modified_gmt":"2025-04-28T09:42:22","slug":"desconfortos-intimos-externos","status":"publish","type":"page","link":"https:\/\/multi-gyn.com\/pt\/saude-vaginal\/desconfortos\/desconfortos-intimos-externos\/","title":{"rendered":"Desconfortos \u00edntimos externos"},"content":{"rendered":"\n<div class=\"wp-block-karopharma-free-text pt-large pb-large bg-center bg-cover bg-no-repeat  is-style-primary\" style=\"background-image:url()\"><div class=\"free-text-wrapper container max-w-medium text-left\">\n<h1 class=\"wp-block-heading\">Desconfortos \u00edntimos externos<\/h1>\n\n\n\n<p class=\"is-style-paragraph-preamble\">\u00c9 seguro dizer que quase todas as mulheres experienciaram algum tipo de desconforto \u00edntimo na zona externa \u2013 irrita\u00e7\u00e3o, prurido vaginal, incha\u00e7o, vermelhid\u00e3o, dor, sensibilidade, hemorr\u00f3idas ou les\u00f5es nos tecidos sens\u00edveis. Estes desconfortos ocorrem quando a pele n\u00e3o tem a capacidade de resistir a fatores externos nocivos, ou n\u00e3o recupera durante o per\u00edodo recomend\u00e1vel, e as les\u00f5es tornam-se cada vez mais graves.<\/p>\n<\/div><\/div>\n\n\n\n<div class=\"wp-block-karopharma-free-text pt-large pb-large bg-center bg-cover bg-no-repeat\" style=\"background-image:url()\"><div class=\"free-text-wrapper container max-w-medium text-left\">\n<p>Kegel exercises are beneficial for all women and can be particularly helpful if you:<\/p>\n\n\n\n<ul class=\"is-style-default wp-block-list\"><li>Detergentes e qu\u00edmicos agressivos<\/li><li>Lavagens excessivas<\/li><li>Produtos de higiene inapropriados que removem a camada protetora superior da pele, o que interrompe a lubrifica\u00e7\u00e3o natural e as propriedades de hidrata\u00e7\u00e3o, expondo a regi\u00e3o \u00edntima a bact\u00e9rias nocivas e irritantes<\/li><li>Fric\u00e7\u00e3o causada por roupas apertadas ou exerc\u00edcio f\u00edsico<\/li><li>Sangue menstrual<\/li><li>Rela\u00e7\u00f5es sexuais sem lubrifica\u00e7\u00e3o suficiente<\/li><li>Certas infe\u00e7\u00f5es<\/li><li>Menopausa e altera\u00e7\u00f5es hormonais<\/li><li>Efeitos secund\u00e1rios de certos medicamentos<\/li><li>Constipa\u00e7\u00f5es<\/li><li>Gravidez (press\u00e3o na regi\u00e3o \u00edntima aumenta o risco de fissuras anais ou hemorr\u00f3idas)<\/li><li>Parto natural<\/li><\/ul>\n\n\n\n<h2 class=\"is-style-heading-h2 wp-block-heading\">Como prevenir desconfortos \u00edntimos externos<\/h2>\n\n\n\n<p>Para prevenir que n\u00e3o se desenvolvam desconfortos ou minimiz\u00e1-los caso esteja a experienci\u00e1-los, dever\u00e1:<\/p>\n\n\n\n<ul class=\"is-style-default wp-block-list\"><li>Desenvolver bons h\u00e1bitos de higiene. N\u00e3o lave a sua vagina demasiadas vezes &#8211; use \u00e1gua ou produtos de limpeza \u00edntima sem sab\u00e3o ou detergentes, 1 vez por dia. N\u00e3o utilize regularmente sabonetes, detergentes fortes ou produtos que contenham qu\u00edmicos fortes. Escolha produtos baseados em ingredientes naturais com pH \u00e1cido. Aplica-se o mesmo a pensos higi\u00e9nicos \u2013 escolha aqueles que s\u00e3o direcionados para a \u00e1rea vaginal e que n\u00e3o contenham qu\u00edmicos agressivos, cores ou perfumes.<\/li><li>Evite utilizar cal\u00e7as de ganga apertadas, leggings e cal\u00e7\u00f5es justos, roupa interior sint\u00e9tica durante longos per\u00edodos de tempo. Este tipo de roupa aumenta a temperatura na zona \u00edntima e causam fric\u00e7\u00e3o mec\u00e2nica, o que faz com que danifiquem a camada superior da pele, criando o ambiente perfeito para que os micr\u00f3bios se desenvolvam.<\/li><li>Substitua os seus pensos higi\u00e9nicos e tamp\u00f5es a cada 3-4 horas, antes de ir dormir e assim que se levanta de manh\u00e3.<\/li><li>Utilize papel higi\u00e9nico sem cor, nem cheiro. Limpe-se de frente para tr\u00e1s.<\/li><li>Quando efetuar a depila\u00e7\u00e3o da sua zona \u00edntima escolha uma t\u00e9cnica que n\u00e3o irrite a sua pele. Hidrate a pele antes de realizar a depila\u00e7\u00e3o e aplique um produto calmante ap\u00f3s para prevenir a irrita\u00e7\u00e3o.<\/li><li>Para secar a zona \u00edntima, utilize sempre uma toalha suave e limpa. Passe suavemente, em vez de esfregar.<\/li><li>Se tiver secura vaginal, antes de realizar rela\u00e7\u00f5es sexuais aplique um lubrificante ou hidratante vaginal.<\/li><li>Evite produtos que contenham frag\u00e2ncias, cores, preservativos e outros aditivos que possam irritar a pele sens\u00edvel da \u00e1rea vaginal.<\/li><\/ul>\n\n\n\n<p>Se experienciar algum sintoma na sua \u00e1rea \u00edntima, escolha produtos naturais que aliviem e apoiem a recupera\u00e7\u00e3o da \u00e1rea danificada.<\/p>\n<\/div><\/div>\n","protected":false},"excerpt":{"rendered":"","protected":false},"author":6,"featured_media":0,"parent":184,"menu_order":0,"comment_status":"closed","ping_status":"closed","template":"","meta":{"_acf_changed":false,"footnotes":""},"from-article-database":[],"class_list":["post-609","page","type-page","status-publish","hentry"],"acf":[],"yoast_head":"<!-- This site is optimized with the Yoast SEO plugin v26.6 - https:\/\/yoast.com\/wordpress\/plugins\/seo\/ -->\n<title>Desconfortos \u00edntimos externos - Multi-Gyn<\/title>\n<meta name=\"description\" content=\"\u00c9 seguro dizer que quase todas as mulheres experienciaram algum tipo de desconforto \u00edntimo na zona externa \u2013 irrita\u00e7\u00e3o, prurido vaginal, incha\u00e7o, vermelhid\u00e3o, dor, sensibilidade, hemorr\u00f3idas ou les\u00f5es nos tecidos sens\u00edveis.\" \/>\n<meta name=\"robots\" content=\"index, follow, max-snippet:-1, max-image-preview:large, max-video-preview:-1\" \/>\n<link rel=\"canonical\" href=\"https:\/\/multi-gyn.com\/pt\/saude-vaginal\/desconfortos\/desconfortos-intimos-externos\/\" \/>\n<meta property=\"og:locale\" content=\"pt_PT\" \/>\n<meta property=\"og:type\" content=\"article\" \/>\n<meta property=\"og:title\" content=\"Desconfortos \u00edntimos externos - Multi-Gyn\" \/>\n<meta property=\"og:description\" content=\"\u00c9 seguro dizer que quase todas as mulheres experienciaram algum tipo de desconforto \u00edntimo na zona externa \u2013 irrita\u00e7\u00e3o, prurido vaginal, incha\u00e7o, vermelhid\u00e3o, dor, sensibilidade, hemorr\u00f3idas ou les\u00f5es nos tecidos sens\u00edveis.\" \/>\n<meta property=\"og:url\" content=\"https:\/\/multi-gyn.com\/pt\/saude-vaginal\/desconfortos\/desconfortos-intimos-externos\/\" \/>\n<meta property=\"og:site_name\" content=\"Multi-Gyn\" \/>\n<meta property=\"article:modified_time\" content=\"2025-04-28T09:42:22+00:00\" \/>\n<meta name=\"twitter:card\" content=\"summary_large_image\" \/>\n<meta name=\"twitter:label1\" content=\"Tempo estimado de leitura\" \/>\n\t<meta name=\"twitter:data1\" content=\"3 minutos\" \/>\n<script type=\"application\/ld+json\" class=\"yoast-schema-graph\">{\"@context\":\"https:\/\/schema.org\",\"@graph\":[{\"@type\":\"WebPage\",\"@id\":\"https:\/\/multi-gyn.com\/pt\/saude-vaginal\/desconfortos\/desconfortos-intimos-externos\/\",\"url\":\"https:\/\/multi-gyn.com\/pt\/saude-vaginal\/desconfortos\/desconfortos-intimos-externos\/\",\"name\":\"Desconfortos \u00edntimos externos - Multi-Gyn\",\"isPartOf\":{\"@id\":\"https:\/\/multi-gyn.com\/pt\/#website\"},\"datePublished\":\"2022-12-11T19:55:46+00:00\",\"dateModified\":\"2025-04-28T09:42:22+00:00\",\"description\":\"\u00c9 seguro dizer que quase todas as mulheres experienciaram algum tipo de desconforto \u00edntimo na zona externa \u2013 irrita\u00e7\u00e3o, prurido vaginal, incha\u00e7o, vermelhid\u00e3o, dor, sensibilidade, hemorr\u00f3idas ou les\u00f5es nos tecidos sens\u00edveis.\",\"breadcrumb\":{\"@id\":\"https:\/\/multi-gyn.com\/pt\/saude-vaginal\/desconfortos\/desconfortos-intimos-externos\/#breadcrumb\"},\"inLanguage\":\"pt-PT\",\"potentialAction\":[{\"@type\":\"ReadAction\",\"target\":[\"https:\/\/multi-gyn.com\/pt\/saude-vaginal\/desconfortos\/desconfortos-intimos-externos\/\"]}]},{\"@type\":\"BreadcrumbList\",\"@id\":\"https:\/\/multi-gyn.com\/pt\/saude-vaginal\/desconfortos\/desconfortos-intimos-externos\/#breadcrumb\",\"itemListElement\":[{\"@type\":\"ListItem\",\"position\":1,\"name\":\"Home\",\"item\":\"https:\/\/multi-gyn.com\/pt\/\"},{\"@type\":\"ListItem\",\"position\":2,\"name\":\"Sa\u00fade vaginal\",\"item\":\"https:\/\/multi-gyn.com\/pt\/saude-vaginal\/\"},{\"@type\":\"ListItem\",\"position\":3,\"name\":\"\u00a0Desconfortos\",\"item\":\"https:\/\/multi-gyn.com\/pt\/saude-vaginal\/desconfortos\/\"},{\"@type\":\"ListItem\",\"position\":4,\"name\":\"Desconfortos \u00edntimos externos\"}]},{\"@type\":\"WebSite\",\"@id\":\"https:\/\/multi-gyn.com\/pt\/#website\",\"url\":\"https:\/\/multi-gyn.com\/pt\/\",\"name\":\"Multi-Gyn\",\"description\":\"\",\"publisher\":{\"@id\":\"https:\/\/multi-gyn.com\/pt\/#organization\"},\"potentialAction\":[{\"@type\":\"SearchAction\",\"target\":{\"@type\":\"EntryPoint\",\"urlTemplate\":\"https:\/\/multi-gyn.com\/pt\/?s={search_term_string}\"},\"query-input\":{\"@type\":\"PropertyValueSpecification\",\"valueRequired\":true,\"valueName\":\"search_term_string\"}}],\"inLanguage\":\"pt-PT\"},{\"@type\":\"Organization\",\"@id\":\"https:\/\/multi-gyn.com\/pt\/#organization\",\"name\":\"Multi-Gyn\",\"url\":\"https:\/\/multi-gyn.com\/pt\/\",\"logo\":{\"@type\":\"ImageObject\",\"inLanguage\":\"pt-PT\",\"@id\":\"https:\/\/multi-gyn.com\/pt\/#\/schema\/logo\/image\/\",\"url\":\"https:\/\/multi-gyn.com\/app\/uploads\/sites\/34\/2022\/11\/multi-gyn-logo.png\",\"contentUrl\":\"https:\/\/multi-gyn.com\/app\/uploads\/sites\/34\/2022\/11\/multi-gyn-logo.png\",\"width\":149,\"height\":32,\"caption\":\"Multi-Gyn\"},\"image\":{\"@id\":\"https:\/\/multi-gyn.com\/pt\/#\/schema\/logo\/image\/\"}}]}<\/script>\n<!-- \/ Yoast SEO plugin. -->","yoast_head_json":{"title":"Desconfortos \u00edntimos externos - Multi-Gyn","description":"\u00c9 seguro dizer que quase todas as mulheres experienciaram algum tipo de desconforto \u00edntimo na zona externa \u2013 irrita\u00e7\u00e3o, prurido vaginal, incha\u00e7o, vermelhid\u00e3o, dor, sensibilidade, hemorr\u00f3idas ou les\u00f5es nos tecidos sens\u00edveis.","robots":{"index":"index","follow":"follow","max-snippet":"max-snippet:-1","max-image-preview":"max-image-preview:large","max-video-preview":"max-video-preview:-1"},"canonical":"https:\/\/multi-gyn.com\/pt\/saude-vaginal\/desconfortos\/desconfortos-intimos-externos\/","og_locale":"pt_PT","og_type":"article","og_title":"Desconfortos \u00edntimos externos - Multi-Gyn","og_description":"\u00c9 seguro dizer que quase todas as mulheres experienciaram algum tipo de desconforto \u00edntimo na zona externa \u2013 irrita\u00e7\u00e3o, prurido vaginal, incha\u00e7o, vermelhid\u00e3o, dor, sensibilidade, hemorr\u00f3idas ou les\u00f5es nos tecidos sens\u00edveis.","og_url":"https:\/\/multi-gyn.com\/pt\/saude-vaginal\/desconfortos\/desconfortos-intimos-externos\/","og_site_name":"Multi-Gyn","article_modified_time":"2025-04-28T09:42:22+00:00","twitter_card":"summary_large_image","twitter_misc":{"Tempo estimado de leitura":"3 minutos"},"schema":{"@context":"https:\/\/schema.org","@graph":[{"@type":"WebPage","@id":"https:\/\/multi-gyn.com\/pt\/saude-vaginal\/desconfortos\/desconfortos-intimos-externos\/","url":"https:\/\/multi-gyn.com\/pt\/saude-vaginal\/desconfortos\/desconfortos-intimos-externos\/","name":"Desconfortos \u00edntimos externos - Multi-Gyn","isPartOf":{"@id":"https:\/\/multi-gyn.com\/pt\/#website"},"datePublished":"2022-12-11T19:55:46+00:00","dateModified":"2025-04-28T09:42:22+00:00","description":"\u00c9 seguro dizer que quase todas as mulheres experienciaram algum tipo de desconforto \u00edntimo na zona externa \u2013 irrita\u00e7\u00e3o, prurido vaginal, incha\u00e7o, vermelhid\u00e3o, dor, sensibilidade, hemorr\u00f3idas ou les\u00f5es nos tecidos sens\u00edveis.","breadcrumb":{"@id":"https:\/\/multi-gyn.com\/pt\/saude-vaginal\/desconfortos\/desconfortos-intimos-externos\/#breadcrumb"},"inLanguage":"pt-PT","potentialAction":[{"@type":"ReadAction","target":["https:\/\/multi-gyn.com\/pt\/saude-vaginal\/desconfortos\/desconfortos-intimos-externos\/"]}]},{"@type":"BreadcrumbList","@id":"https:\/\/multi-gyn.com\/pt\/saude-vaginal\/desconfortos\/desconfortos-intimos-externos\/#breadcrumb","itemListElement":[{"@type":"ListItem","position":1,"name":"Home","item":"https:\/\/multi-gyn.com\/pt\/"},{"@type":"ListItem","position":2,"name":"Sa\u00fade vaginal","item":"https:\/\/multi-gyn.com\/pt\/saude-vaginal\/"},{"@type":"ListItem","position":3,"name":"\u00a0Desconfortos","item":"https:\/\/multi-gyn.com\/pt\/saude-vaginal\/desconfortos\/"},{"@type":"ListItem","position":4,"name":"Desconfortos \u00edntimos externos"}]},{"@type":"WebSite","@id":"https:\/\/multi-gyn.com\/pt\/#website","url":"https:\/\/multi-gyn.com\/pt\/","name":"Multi-Gyn","description":"","publisher":{"@id":"https:\/\/multi-gyn.com\/pt\/#organization"},"potentialAction":[{"@type":"SearchAction","target":{"@type":"EntryPoint","urlTemplate":"https:\/\/multi-gyn.com\/pt\/?s={search_term_string}"},"query-input":{"@type":"PropertyValueSpecification","valueRequired":true,"valueName":"search_term_string"}}],"inLanguage":"pt-PT"},{"@type":"Organization","@id":"https:\/\/multi-gyn.com\/pt\/#organization","name":"Multi-Gyn","url":"https:\/\/multi-gyn.com\/pt\/","logo":{"@type":"ImageObject","inLanguage":"pt-PT","@id":"https:\/\/multi-gyn.com\/pt\/#\/schema\/logo\/image\/","url":"https:\/\/multi-gyn.com\/app\/uploads\/sites\/34\/2022\/11\/multi-gyn-logo.png","contentUrl":"https:\/\/multi-gyn.com\/app\/uploads\/sites\/34\/2022\/11\/multi-gyn-logo.png","width":149,"height":32,"caption":"Multi-Gyn"},"image":{"@id":"https:\/\/multi-gyn.com\/pt\/#\/schema\/logo\/image\/"}}]}},"_links":{"self":[{"href":"https:\/\/multi-gyn.com\/pt\/wp-json\/wp\/v2\/pages\/609","targetHints":{"allow":["GET"]}}],"collection":[{"href":"https:\/\/multi-gyn.com\/pt\/wp-json\/wp\/v2\/pages"}],"about":[{"href":"https:\/\/multi-gyn.com\/pt\/wp-json\/wp\/v2\/types\/page"}],"author":[{"embeddable":true,"href":"https:\/\/multi-gyn.com\/pt\/wp-json\/wp\/v2\/users\/6"}],"replies":[{"embeddable":true,"href":"https:\/\/multi-gyn.com\/pt\/wp-json\/wp\/v2\/comments?post=609"}],"version-history":[{"count":1,"href":"https:\/\/multi-gyn.com\/pt\/wp-json\/wp\/v2\/pages\/609\/revisions"}],"predecessor-version":[{"id":611,"href":"https:\/\/multi-gyn.com\/pt\/wp-json\/wp\/v2\/pages\/609\/revisions\/611"}],"up":[{"embeddable":true,"href":"https:\/\/multi-gyn.com\/pt\/wp-json\/wp\/v2\/pages\/184"}],"wp:attachment":[{"href":"https:\/\/multi-gyn.com\/pt\/wp-json\/wp\/v2\/media?parent=609"}],"wp:term":[{"taxonomy":"from-article-database","embeddable":true,"href":"https:\/\/multi-gyn.com\/pt\/wp-json\/wp\/v2\/from-article-database?post=609"}],"curies":[{"name":"wp","href":"https:\/\/api.w.org\/{rel}","templated":true}]}}