{"id":613,"date":"2022-12-11T20:01:39","date_gmt":"2022-12-11T20:01:39","guid":{"rendered":"https:\/\/multi-gyn.com\/pt\/?page_id=613"},"modified":"2025-04-28T10:42:20","modified_gmt":"2025-04-28T09:42:20","slug":"prurido-vaginalqual-a-sua-causa","status":"publish","type":"page","link":"https:\/\/multi-gyn.com\/pt\/saude-vaginal\/desconfortos\/prurido-vaginalqual-a-sua-causa\/","title":{"rendered":"Prurido vaginal:qual a sua causa?"},"content":{"rendered":"\n<div class=\"wp-block-karopharma-free-text pt-large pb-large bg-center bg-cover bg-no-repeat  is-style-primary\" style=\"background-image:url()\"><div class=\"free-text-wrapper container max-w-medium text-left\">\n<h1 class=\"wp-block-heading\">Prurido vaginal:<br>qual a sua causa?<\/h1>\n\n\n\n<p class=\"is-style-paragraph-preamble\">Provavelmente, um dos problemas vaginais mais desconfort\u00e1veis \u00e9 o prurido. Pode ser um problema bastante embara\u00e7oso, n\u00e3o sendo recomend\u00e1vel \u201cco\u00e7ar\u201d a \u00e1rea afetada. Ter prurido constante na sua \u00e1rea \u00edntima pode ter um grande impacto nas suas atividades di\u00e1rias. Antes de tratar o prurido vaginal, \u00e9 importante primeiro saber a causa. Estes s\u00e3o os mais comuns:<\/p>\n<\/div><\/div>\n\n\n\n<div class=\"wp-block-karopharma-free-text pt-large pb-large bg-center bg-cover bg-no-repeat\" style=\"background-image:url()\"><div class=\"free-text-wrapper container max-w-medium text-left\">\n<h2 class=\"is-style-heading-h2 wp-block-heading\">Infe\u00e7\u00e3o vaginal f\u00fangica<\/h2>\n\n\n\n<p>Uma das principais causas do prurido vaginal \u00e9 uma infe\u00e7\u00e3o f\u00fangica, tamb\u00e9m conhecida como c\u00e2ndida ou candid\u00edase. Uma infe\u00e7\u00e3o vaginal f\u00fangica (ex: candid\u00edase) \u00e9 causada pelo crescimento excessivo de c\u00e9lulas f\u00fangicas na vagina na zona interna, ou externa. Corrimento espesso esbranqui\u00e7ado, ardor e prurido s\u00e3o sintomas dessa infe\u00e7\u00e3o.<\/p>\n\n\n\n<p>Uma infe\u00e7\u00e3o vaginal f\u00fangica (ex: candid\u00edase) \u00e9 praticamente inofensiva e os sintomas desaparecem, contudo pode ser bastante desconfort\u00e1vel. Para isto, existem variadas op\u00e7\u00f5es para o tratamento da c\u00e2ndida ou para al\u00edvio dos sintomas. Pode utilizar medica\u00e7\u00e3o antif\u00fangica (antimic\u00f3ticos) para tratar a infe\u00e7\u00e3o. S\u00e3o muito eficazes, mas a medica\u00e7\u00e3o pode causar efeitos secund\u00e1rios e infe\u00e7\u00f5es recorrentes.<\/p>\n\n\n\n<p>A outra op\u00e7\u00e3o para aliviar os sintomas, pode ser atrav\u00e9s de produtos de cuidados \u00edntimos que podem ser adquiridos na Farm\u00e1cia local. Se escolher um produto com ingredientes naturais poder\u00e1 prevenir as recorr\u00eancias.<\/p>\n\n\n\n<h2 class=\"is-style-heading-h2 wp-block-heading\">Secura vaginal<\/h2>\n\n\n\n<p>Outra causa de prurido \u00e9 a secura vaginal. A maioria das mulheres ir\u00e1 associ\u00e1-la \u00e0 menopausa, contudo mulheres de qualquer idade podem sofrer de secura vaginal. Para al\u00e9m do prurido, a secura vaginal pode ser acompanhada de outros desconfortos como ardor, sensibilidade e dor durante as rela\u00e7\u00f5es sexuais.<\/p>\n\n\n\n<p>A secura vaginal ocorre normalmente quando existe uma queda dos n\u00edveis de estrog\u00e9nio, por exemplo devido \u00e0 gravidez, medica\u00e7\u00e3o (contracetivos), stress, depress\u00e3o ou menopausa. Se quiser tratar a secura vaginal pode tomar medica\u00e7\u00e3o para aumentar os n\u00edveis de estrog\u00e9nio. A outra op\u00e7\u00e3o \u00e9 aliviar diretamente a secura vaginal utilizando lubrificantes ou produtos que estimulem a hidrata\u00e7\u00e3o natural.<\/p>\n\n\n\n<h2 class=\"is-style-heading-h2 wp-block-heading\">Outras causas do prurido vaginal<\/h2>\n\n\n\n<p>Para al\u00e9m de infe\u00e7\u00f5es vaginais f\u00fangicas e secura vaginal, existem outras causas para o prurido vaginal. Apesar de n\u00e3o ser comum, a vaginose bacteriana pode tamb\u00e9m provocar prurido em alguns casos. Vaginose bacteriana \u00e9 uma infe\u00e7\u00e3o causada pelo crescimento excessivo de bact\u00e9rias nocivas na vagina.<\/p>\n\n\n\n<p>Sintomas como corrimento branco acinzentado com um odor forte a peixe, podem ser bastante desconfort\u00e1veis, mas desaparecem ap\u00f3s algum tempo. Se desejar tratar a vaginose bacteriana pode tomar antibi\u00f3ticos ou utilizar produtos de cuidados \u00edntimos naturais que n\u00e3o tenham efeitos secund\u00e1rios.<\/p>\n\n\n\n<p>Por fim, o prurido vaginal pode tamb\u00e9m ser causado por irrita\u00e7\u00e3o de qu\u00edmicos provenientes de sab\u00f5es ou perfumes, ou por uma DST (Doen\u00e7a Sexualmente Transmiss\u00edvel). Se suspeitar de DST, contacte o seu m\u00e9dico.<\/p>\n<\/div><\/div>\n","protected":false},"excerpt":{"rendered":"","protected":false},"author":6,"featured_media":0,"parent":184,"menu_order":0,"comment_status":"closed","ping_status":"closed","template":"","meta":{"_acf_changed":false,"footnotes":""},"from-article-database":[],"class_list":["post-613","page","type-page","status-publish","hentry"],"acf":[],"yoast_head":"<!-- This site is optimized with the Yoast SEO plugin v26.6 - https:\/\/yoast.com\/wordpress\/plugins\/seo\/ -->\n<title>Prurido vaginal:qual a sua causa? - Multi-Gyn<\/title>\n<meta name=\"description\" content=\"Uma das principais causas do prurido vaginal \u00e9 uma infe\u00e7\u00e3o f\u00fangica, tamb\u00e9m conhecida como c\u00e2ndida ou candid\u00edase.\" \/>\n<meta name=\"robots\" content=\"index, follow, max-snippet:-1, max-image-preview:large, max-video-preview:-1\" \/>\n<link rel=\"canonical\" href=\"https:\/\/multi-gyn.com\/pt\/saude-vaginal\/desconfortos\/prurido-vaginalqual-a-sua-causa\/\" \/>\n<meta property=\"og:locale\" content=\"pt_PT\" \/>\n<meta property=\"og:type\" content=\"article\" \/>\n<meta property=\"og:title\" content=\"Prurido vaginal:qual a sua causa? - Multi-Gyn\" \/>\n<meta property=\"og:description\" content=\"Uma das principais causas do prurido vaginal \u00e9 uma infe\u00e7\u00e3o f\u00fangica, tamb\u00e9m conhecida como c\u00e2ndida ou candid\u00edase.\" \/>\n<meta property=\"og:url\" content=\"https:\/\/multi-gyn.com\/pt\/saude-vaginal\/desconfortos\/prurido-vaginalqual-a-sua-causa\/\" \/>\n<meta property=\"og:site_name\" content=\"Multi-Gyn\" \/>\n<meta property=\"article:modified_time\" content=\"2025-04-28T09:42:20+00:00\" \/>\n<meta name=\"twitter:card\" content=\"summary_large_image\" \/>\n<meta name=\"twitter:label1\" content=\"Tempo estimado de leitura\" \/>\n\t<meta name=\"twitter:data1\" content=\"3 minutos\" \/>\n<script type=\"application\/ld+json\" class=\"yoast-schema-graph\">{\"@context\":\"https:\/\/schema.org\",\"@graph\":[{\"@type\":\"WebPage\",\"@id\":\"https:\/\/multi-gyn.com\/pt\/saude-vaginal\/desconfortos\/prurido-vaginalqual-a-sua-causa\/\",\"url\":\"https:\/\/multi-gyn.com\/pt\/saude-vaginal\/desconfortos\/prurido-vaginalqual-a-sua-causa\/\",\"name\":\"Prurido vaginal:qual a sua causa? - Multi-Gyn\",\"isPartOf\":{\"@id\":\"https:\/\/multi-gyn.com\/pt\/#website\"},\"datePublished\":\"2022-12-11T20:01:39+00:00\",\"dateModified\":\"2025-04-28T09:42:20+00:00\",\"description\":\"Uma das principais causas do prurido vaginal \u00e9 uma infe\u00e7\u00e3o f\u00fangica, tamb\u00e9m conhecida como c\u00e2ndida ou candid\u00edase.\",\"breadcrumb\":{\"@id\":\"https:\/\/multi-gyn.com\/pt\/saude-vaginal\/desconfortos\/prurido-vaginalqual-a-sua-causa\/#breadcrumb\"},\"inLanguage\":\"pt-PT\",\"potentialAction\":[{\"@type\":\"ReadAction\",\"target\":[\"https:\/\/multi-gyn.com\/pt\/saude-vaginal\/desconfortos\/prurido-vaginalqual-a-sua-causa\/\"]}]},{\"@type\":\"BreadcrumbList\",\"@id\":\"https:\/\/multi-gyn.com\/pt\/saude-vaginal\/desconfortos\/prurido-vaginalqual-a-sua-causa\/#breadcrumb\",\"itemListElement\":[{\"@type\":\"ListItem\",\"position\":1,\"name\":\"Home\",\"item\":\"https:\/\/multi-gyn.com\/pt\/\"},{\"@type\":\"ListItem\",\"position\":2,\"name\":\"Sa\u00fade vaginal\",\"item\":\"https:\/\/multi-gyn.com\/pt\/saude-vaginal\/\"},{\"@type\":\"ListItem\",\"position\":3,\"name\":\"\u00a0Desconfortos\",\"item\":\"https:\/\/multi-gyn.com\/pt\/saude-vaginal\/desconfortos\/\"},{\"@type\":\"ListItem\",\"position\":4,\"name\":\"Prurido vaginal:qual a sua causa?\"}]},{\"@type\":\"WebSite\",\"@id\":\"https:\/\/multi-gyn.com\/pt\/#website\",\"url\":\"https:\/\/multi-gyn.com\/pt\/\",\"name\":\"Multi-Gyn\",\"description\":\"\",\"publisher\":{\"@id\":\"https:\/\/multi-gyn.com\/pt\/#organization\"},\"potentialAction\":[{\"@type\":\"SearchAction\",\"target\":{\"@type\":\"EntryPoint\",\"urlTemplate\":\"https:\/\/multi-gyn.com\/pt\/?s={search_term_string}\"},\"query-input\":{\"@type\":\"PropertyValueSpecification\",\"valueRequired\":true,\"valueName\":\"search_term_string\"}}],\"inLanguage\":\"pt-PT\"},{\"@type\":\"Organization\",\"@id\":\"https:\/\/multi-gyn.com\/pt\/#organization\",\"name\":\"Multi-Gyn\",\"url\":\"https:\/\/multi-gyn.com\/pt\/\",\"logo\":{\"@type\":\"ImageObject\",\"inLanguage\":\"pt-PT\",\"@id\":\"https:\/\/multi-gyn.com\/pt\/#\/schema\/logo\/image\/\",\"url\":\"https:\/\/multi-gyn.com\/app\/uploads\/sites\/34\/2022\/11\/multi-gyn-logo.png\",\"contentUrl\":\"https:\/\/multi-gyn.com\/app\/uploads\/sites\/34\/2022\/11\/multi-gyn-logo.png\",\"width\":149,\"height\":32,\"caption\":\"Multi-Gyn\"},\"image\":{\"@id\":\"https:\/\/multi-gyn.com\/pt\/#\/schema\/logo\/image\/\"}}]}<\/script>\n<!-- \/ Yoast SEO plugin. -->","yoast_head_json":{"title":"Prurido vaginal:qual a sua causa? - Multi-Gyn","description":"Uma das principais causas do prurido vaginal \u00e9 uma infe\u00e7\u00e3o f\u00fangica, tamb\u00e9m conhecida como c\u00e2ndida ou candid\u00edase.","robots":{"index":"index","follow":"follow","max-snippet":"max-snippet:-1","max-image-preview":"max-image-preview:large","max-video-preview":"max-video-preview:-1"},"canonical":"https:\/\/multi-gyn.com\/pt\/saude-vaginal\/desconfortos\/prurido-vaginalqual-a-sua-causa\/","og_locale":"pt_PT","og_type":"article","og_title":"Prurido vaginal:qual a sua causa? - Multi-Gyn","og_description":"Uma das principais causas do prurido vaginal \u00e9 uma infe\u00e7\u00e3o f\u00fangica, tamb\u00e9m conhecida como c\u00e2ndida ou candid\u00edase.","og_url":"https:\/\/multi-gyn.com\/pt\/saude-vaginal\/desconfortos\/prurido-vaginalqual-a-sua-causa\/","og_site_name":"Multi-Gyn","article_modified_time":"2025-04-28T09:42:20+00:00","twitter_card":"summary_large_image","twitter_misc":{"Tempo estimado de leitura":"3 minutos"},"schema":{"@context":"https:\/\/schema.org","@graph":[{"@type":"WebPage","@id":"https:\/\/multi-gyn.com\/pt\/saude-vaginal\/desconfortos\/prurido-vaginalqual-a-sua-causa\/","url":"https:\/\/multi-gyn.com\/pt\/saude-vaginal\/desconfortos\/prurido-vaginalqual-a-sua-causa\/","name":"Prurido vaginal:qual a sua causa? - Multi-Gyn","isPartOf":{"@id":"https:\/\/multi-gyn.com\/pt\/#website"},"datePublished":"2022-12-11T20:01:39+00:00","dateModified":"2025-04-28T09:42:20+00:00","description":"Uma das principais causas do prurido vaginal \u00e9 uma infe\u00e7\u00e3o f\u00fangica, tamb\u00e9m conhecida como c\u00e2ndida ou candid\u00edase.","breadcrumb":{"@id":"https:\/\/multi-gyn.com\/pt\/saude-vaginal\/desconfortos\/prurido-vaginalqual-a-sua-causa\/#breadcrumb"},"inLanguage":"pt-PT","potentialAction":[{"@type":"ReadAction","target":["https:\/\/multi-gyn.com\/pt\/saude-vaginal\/desconfortos\/prurido-vaginalqual-a-sua-causa\/"]}]},{"@type":"BreadcrumbList","@id":"https:\/\/multi-gyn.com\/pt\/saude-vaginal\/desconfortos\/prurido-vaginalqual-a-sua-causa\/#breadcrumb","itemListElement":[{"@type":"ListItem","position":1,"name":"Home","item":"https:\/\/multi-gyn.com\/pt\/"},{"@type":"ListItem","position":2,"name":"Sa\u00fade vaginal","item":"https:\/\/multi-gyn.com\/pt\/saude-vaginal\/"},{"@type":"ListItem","position":3,"name":"\u00a0Desconfortos","item":"https:\/\/multi-gyn.com\/pt\/saude-vaginal\/desconfortos\/"},{"@type":"ListItem","position":4,"name":"Prurido vaginal:qual a sua causa?"}]},{"@type":"WebSite","@id":"https:\/\/multi-gyn.com\/pt\/#website","url":"https:\/\/multi-gyn.com\/pt\/","name":"Multi-Gyn","description":"","publisher":{"@id":"https:\/\/multi-gyn.com\/pt\/#organization"},"potentialAction":[{"@type":"SearchAction","target":{"@type":"EntryPoint","urlTemplate":"https:\/\/multi-gyn.com\/pt\/?s={search_term_string}"},"query-input":{"@type":"PropertyValueSpecification","valueRequired":true,"valueName":"search_term_string"}}],"inLanguage":"pt-PT"},{"@type":"Organization","@id":"https:\/\/multi-gyn.com\/pt\/#organization","name":"Multi-Gyn","url":"https:\/\/multi-gyn.com\/pt\/","logo":{"@type":"ImageObject","inLanguage":"pt-PT","@id":"https:\/\/multi-gyn.com\/pt\/#\/schema\/logo\/image\/","url":"https:\/\/multi-gyn.com\/app\/uploads\/sites\/34\/2022\/11\/multi-gyn-logo.png","contentUrl":"https:\/\/multi-gyn.com\/app\/uploads\/sites\/34\/2022\/11\/multi-gyn-logo.png","width":149,"height":32,"caption":"Multi-Gyn"},"image":{"@id":"https:\/\/multi-gyn.com\/pt\/#\/schema\/logo\/image\/"}}]}},"_links":{"self":[{"href":"https:\/\/multi-gyn.com\/pt\/wp-json\/wp\/v2\/pages\/613","targetHints":{"allow":["GET"]}}],"collection":[{"href":"https:\/\/multi-gyn.com\/pt\/wp-json\/wp\/v2\/pages"}],"about":[{"href":"https:\/\/multi-gyn.com\/pt\/wp-json\/wp\/v2\/types\/page"}],"author":[{"embeddable":true,"href":"https:\/\/multi-gyn.com\/pt\/wp-json\/wp\/v2\/users\/6"}],"replies":[{"embeddable":true,"href":"https:\/\/multi-gyn.com\/pt\/wp-json\/wp\/v2\/comments?post=613"}],"version-history":[{"count":1,"href":"https:\/\/multi-gyn.com\/pt\/wp-json\/wp\/v2\/pages\/613\/revisions"}],"predecessor-version":[{"id":615,"href":"https:\/\/multi-gyn.com\/pt\/wp-json\/wp\/v2\/pages\/613\/revisions\/615"}],"up":[{"embeddable":true,"href":"https:\/\/multi-gyn.com\/pt\/wp-json\/wp\/v2\/pages\/184"}],"wp:attachment":[{"href":"https:\/\/multi-gyn.com\/pt\/wp-json\/wp\/v2\/media?parent=613"}],"wp:term":[{"taxonomy":"from-article-database","embeddable":true,"href":"https:\/\/multi-gyn.com\/pt\/wp-json\/wp\/v2\/from-article-database?post=613"}],"curies":[{"name":"wp","href":"https:\/\/api.w.org\/{rel}","templated":true}]}}