{"id":617,"date":"2022-12-11T20:07:15","date_gmt":"2022-12-11T20:07:15","guid":{"rendered":"https:\/\/multi-gyn.com\/pt\/?page_id=617"},"modified":"2025-04-28T10:42:17","modified_gmt":"2025-04-28T09:42:17","slug":"secura-vaginalcausas-e-tratamento","status":"publish","type":"page","link":"https:\/\/multi-gyn.com\/pt\/saude-vaginal\/desconfortos\/secura-vaginalcausas-e-tratamento\/","title":{"rendered":"Secura vaginal:causas e tratamento"},"content":{"rendered":"\n<div class=\"wp-block-karopharma-free-text pt-large pb-large bg-center bg-cover bg-no-repeat  is-style-primary\" style=\"background-image:url()\"><div class=\"free-text-wrapper container max-w-medium text-left\">\n<h1 class=\"wp-block-heading\">Secura vaginal:causas e tratamento<\/h1>\n\n\n\n<p class=\"is-style-paragraph-preamble\">A maioria das mulheres ir\u00e1 experienciar secura vaginal em algum momento das suas vidas. Pode ser algo bastante desconfort\u00e1vel e poder\u00e1 ser a causa de outros desconfortos como prurido vaginal, ardor e sensibilidade.<\/p>\n<\/div><\/div>\n\n\n\n<div class=\"wp-block-karopharma-free-text pt-large pb-large bg-center bg-cover bg-no-repeat\" style=\"background-image:url()\"><div class=\"free-text-wrapper container max-w-medium text-left\">\n<p>Usualmente, as mulheres associam secura vaginal com a menopausa. Isto n\u00e3o \u00e9 completamente verdade pois poder\u00e1 acontecer a mulheres de qualquer idade. Contudo, \u00e9 um sintoma muito comum durante a menopausa. Existem muitas outras causas.<\/p>\n\n\n\n<h2 class=\"is-style-heading-h2 wp-block-heading\">Causas da secura vaginal<\/h2>\n\n\n\n<p>Existem imensas causas para a secura vaginal. Uma das causas mais comuns \u00e9 a diminui\u00e7\u00e3o dos n\u00edveis de estrog\u00e9nio. Estrog\u00e9nio \u00e9 uma hormona feminina que suporta uma vagina saud\u00e1vel atrav\u00e9s da manuten\u00e7\u00e3o da lubrifica\u00e7\u00e3o natural das paredes da vagina e da sua elasticidade e acidez. Quando os n\u00edveis de estrog\u00e9nio diminuem, as paredes vaginais tornam-se menos el\u00e1sticas, mais fr\u00e1geis e menos lubrificadas.<\/p>\n\n\n\n<p>A diminui\u00e7\u00e3o dos n\u00edveis de estrog\u00e9nio pode ter v\u00e1rias causas. A menopausa \u00e9 uma delas, bem como a gravidez e a amamenta\u00e7\u00e3o. Tratamentos de radia\u00e7\u00e3o, quimioterapia e tratamentos com hormonas podem tamb\u00e9m ter impacto nos n\u00edveis de estrog\u00e9nio, causando secura vaginal.<\/p>\n\n\n\n<p>A lubrifica\u00e7\u00e3o natural da vagina pode ser afetada por variadas formas de medica\u00e7\u00e3o, por exemplo, para gripes, alergias, diabetes e tens\u00e3o arterial elevada.<\/p>\n\n\n\n<h2 class=\"is-style-heading-h2 wp-block-heading\">Sintomas<\/h2>\n\n\n\n<p>A secura vaginal pode ser acompanhada por outros desconfortos vaginais, como:<\/p>\n\n\n\n<ul class=\"is-style-default wp-block-list\"><li>Prurido<\/li><li>Ardor<\/li><li>Picadas<\/li><li>Sensibilidade<\/li><li>Dor durante rela\u00e7\u00f5es sexuais<\/li><\/ul>\n\n\n\n<h2 class=\"is-style-heading-h2 wp-block-heading\">O que pode ser feito para a secura vaginal?<\/h2>\n\n\n\n<p>Considerando que existem imensas causas diferentes, pode dificultar o encontro do tratamento certo. Um dos tratamentos mais comuns \u00e9 aumentar a hidrata\u00e7\u00e3o vaginal atrav\u00e9s de geles ou lubrificantes. Outra forma de tratar a secura vaginal \u00e9 aumentar os n\u00edveis de estrog\u00e9nio.<\/p>\n\n\n\n<p>Na Farm\u00e1cia consegue encontrar in\u00fameros produtos de cuidados \u00edntimos desde lubrificantes regulares a produtos que restauram a hidrata\u00e7\u00e3o natural da vagina. Assegure-se que escolhe um produto que tenha ingredientes naturais, que ir\u00e1 aliviar os seus sintomas e estimular a hidrata\u00e7\u00e3o natural.<\/p>\n<\/div><\/div>\n","protected":false},"excerpt":{"rendered":"","protected":false},"author":6,"featured_media":0,"parent":184,"menu_order":0,"comment_status":"closed","ping_status":"closed","template":"","meta":{"_acf_changed":false,"footnotes":""},"from-article-database":[],"class_list":["post-617","page","type-page","status-publish","hentry"],"acf":[],"yoast_head":"<!-- This site is optimized with the Yoast SEO plugin v26.6 - https:\/\/yoast.com\/wordpress\/plugins\/seo\/ -->\n<title>Secura vaginal:causas e tratamento - Multi-Gyn<\/title>\n<meta name=\"description\" content=\"Usualmente, as mulheres associam secura vaginal com a menopausa. Isto n\u00e3o \u00e9 completamente verdade pois poder\u00e1 acontecer a mulheres de qualquer idade.\" \/>\n<meta name=\"robots\" content=\"index, follow, max-snippet:-1, max-image-preview:large, max-video-preview:-1\" \/>\n<link rel=\"canonical\" href=\"https:\/\/multi-gyn.com\/pt\/saude-vaginal\/desconfortos\/secura-vaginalcausas-e-tratamento\/\" \/>\n<meta property=\"og:locale\" content=\"pt_PT\" \/>\n<meta property=\"og:type\" content=\"article\" \/>\n<meta property=\"og:title\" content=\"Secura vaginal:causas e tratamento - Multi-Gyn\" \/>\n<meta property=\"og:description\" content=\"Usualmente, as mulheres associam secura vaginal com a menopausa. Isto n\u00e3o \u00e9 completamente verdade pois poder\u00e1 acontecer a mulheres de qualquer idade.\" \/>\n<meta property=\"og:url\" content=\"https:\/\/multi-gyn.com\/pt\/saude-vaginal\/desconfortos\/secura-vaginalcausas-e-tratamento\/\" \/>\n<meta property=\"og:site_name\" content=\"Multi-Gyn\" \/>\n<meta property=\"article:modified_time\" content=\"2025-04-28T09:42:17+00:00\" \/>\n<meta name=\"twitter:card\" content=\"summary_large_image\" \/>\n<meta name=\"twitter:label1\" content=\"Tempo estimado de leitura\" \/>\n\t<meta name=\"twitter:data1\" content=\"2 minutos\" \/>\n<script type=\"application\/ld+json\" class=\"yoast-schema-graph\">{\"@context\":\"https:\/\/schema.org\",\"@graph\":[{\"@type\":\"WebPage\",\"@id\":\"https:\/\/multi-gyn.com\/pt\/saude-vaginal\/desconfortos\/secura-vaginalcausas-e-tratamento\/\",\"url\":\"https:\/\/multi-gyn.com\/pt\/saude-vaginal\/desconfortos\/secura-vaginalcausas-e-tratamento\/\",\"name\":\"Secura vaginal:causas e tratamento - Multi-Gyn\",\"isPartOf\":{\"@id\":\"https:\/\/multi-gyn.com\/pt\/#website\"},\"datePublished\":\"2022-12-11T20:07:15+00:00\",\"dateModified\":\"2025-04-28T09:42:17+00:00\",\"description\":\"Usualmente, as mulheres associam secura vaginal com a menopausa. Isto n\u00e3o \u00e9 completamente verdade pois poder\u00e1 acontecer a mulheres de qualquer idade.\",\"breadcrumb\":{\"@id\":\"https:\/\/multi-gyn.com\/pt\/saude-vaginal\/desconfortos\/secura-vaginalcausas-e-tratamento\/#breadcrumb\"},\"inLanguage\":\"pt-PT\",\"potentialAction\":[{\"@type\":\"ReadAction\",\"target\":[\"https:\/\/multi-gyn.com\/pt\/saude-vaginal\/desconfortos\/secura-vaginalcausas-e-tratamento\/\"]}]},{\"@type\":\"BreadcrumbList\",\"@id\":\"https:\/\/multi-gyn.com\/pt\/saude-vaginal\/desconfortos\/secura-vaginalcausas-e-tratamento\/#breadcrumb\",\"itemListElement\":[{\"@type\":\"ListItem\",\"position\":1,\"name\":\"Home\",\"item\":\"https:\/\/multi-gyn.com\/pt\/\"},{\"@type\":\"ListItem\",\"position\":2,\"name\":\"Sa\u00fade vaginal\",\"item\":\"https:\/\/multi-gyn.com\/pt\/saude-vaginal\/\"},{\"@type\":\"ListItem\",\"position\":3,\"name\":\"\u00a0Desconfortos\",\"item\":\"https:\/\/multi-gyn.com\/pt\/saude-vaginal\/desconfortos\/\"},{\"@type\":\"ListItem\",\"position\":4,\"name\":\"Secura vaginal:causas e tratamento\"}]},{\"@type\":\"WebSite\",\"@id\":\"https:\/\/multi-gyn.com\/pt\/#website\",\"url\":\"https:\/\/multi-gyn.com\/pt\/\",\"name\":\"Multi-Gyn\",\"description\":\"\",\"publisher\":{\"@id\":\"https:\/\/multi-gyn.com\/pt\/#organization\"},\"potentialAction\":[{\"@type\":\"SearchAction\",\"target\":{\"@type\":\"EntryPoint\",\"urlTemplate\":\"https:\/\/multi-gyn.com\/pt\/?s={search_term_string}\"},\"query-input\":{\"@type\":\"PropertyValueSpecification\",\"valueRequired\":true,\"valueName\":\"search_term_string\"}}],\"inLanguage\":\"pt-PT\"},{\"@type\":\"Organization\",\"@id\":\"https:\/\/multi-gyn.com\/pt\/#organization\",\"name\":\"Multi-Gyn\",\"url\":\"https:\/\/multi-gyn.com\/pt\/\",\"logo\":{\"@type\":\"ImageObject\",\"inLanguage\":\"pt-PT\",\"@id\":\"https:\/\/multi-gyn.com\/pt\/#\/schema\/logo\/image\/\",\"url\":\"https:\/\/multi-gyn.com\/app\/uploads\/sites\/34\/2022\/11\/multi-gyn-logo.png\",\"contentUrl\":\"https:\/\/multi-gyn.com\/app\/uploads\/sites\/34\/2022\/11\/multi-gyn-logo.png\",\"width\":149,\"height\":32,\"caption\":\"Multi-Gyn\"},\"image\":{\"@id\":\"https:\/\/multi-gyn.com\/pt\/#\/schema\/logo\/image\/\"}}]}<\/script>\n<!-- \/ Yoast SEO plugin. -->","yoast_head_json":{"title":"Secura vaginal:causas e tratamento - Multi-Gyn","description":"Usualmente, as mulheres associam secura vaginal com a menopausa. Isto n\u00e3o \u00e9 completamente verdade pois poder\u00e1 acontecer a mulheres de qualquer idade.","robots":{"index":"index","follow":"follow","max-snippet":"max-snippet:-1","max-image-preview":"max-image-preview:large","max-video-preview":"max-video-preview:-1"},"canonical":"https:\/\/multi-gyn.com\/pt\/saude-vaginal\/desconfortos\/secura-vaginalcausas-e-tratamento\/","og_locale":"pt_PT","og_type":"article","og_title":"Secura vaginal:causas e tratamento - Multi-Gyn","og_description":"Usualmente, as mulheres associam secura vaginal com a menopausa. Isto n\u00e3o \u00e9 completamente verdade pois poder\u00e1 acontecer a mulheres de qualquer idade.","og_url":"https:\/\/multi-gyn.com\/pt\/saude-vaginal\/desconfortos\/secura-vaginalcausas-e-tratamento\/","og_site_name":"Multi-Gyn","article_modified_time":"2025-04-28T09:42:17+00:00","twitter_card":"summary_large_image","twitter_misc":{"Tempo estimado de leitura":"2 minutos"},"schema":{"@context":"https:\/\/schema.org","@graph":[{"@type":"WebPage","@id":"https:\/\/multi-gyn.com\/pt\/saude-vaginal\/desconfortos\/secura-vaginalcausas-e-tratamento\/","url":"https:\/\/multi-gyn.com\/pt\/saude-vaginal\/desconfortos\/secura-vaginalcausas-e-tratamento\/","name":"Secura vaginal:causas e tratamento - Multi-Gyn","isPartOf":{"@id":"https:\/\/multi-gyn.com\/pt\/#website"},"datePublished":"2022-12-11T20:07:15+00:00","dateModified":"2025-04-28T09:42:17+00:00","description":"Usualmente, as mulheres associam secura vaginal com a menopausa. Isto n\u00e3o \u00e9 completamente verdade pois poder\u00e1 acontecer a mulheres de qualquer idade.","breadcrumb":{"@id":"https:\/\/multi-gyn.com\/pt\/saude-vaginal\/desconfortos\/secura-vaginalcausas-e-tratamento\/#breadcrumb"},"inLanguage":"pt-PT","potentialAction":[{"@type":"ReadAction","target":["https:\/\/multi-gyn.com\/pt\/saude-vaginal\/desconfortos\/secura-vaginalcausas-e-tratamento\/"]}]},{"@type":"BreadcrumbList","@id":"https:\/\/multi-gyn.com\/pt\/saude-vaginal\/desconfortos\/secura-vaginalcausas-e-tratamento\/#breadcrumb","itemListElement":[{"@type":"ListItem","position":1,"name":"Home","item":"https:\/\/multi-gyn.com\/pt\/"},{"@type":"ListItem","position":2,"name":"Sa\u00fade vaginal","item":"https:\/\/multi-gyn.com\/pt\/saude-vaginal\/"},{"@type":"ListItem","position":3,"name":"\u00a0Desconfortos","item":"https:\/\/multi-gyn.com\/pt\/saude-vaginal\/desconfortos\/"},{"@type":"ListItem","position":4,"name":"Secura vaginal:causas e tratamento"}]},{"@type":"WebSite","@id":"https:\/\/multi-gyn.com\/pt\/#website","url":"https:\/\/multi-gyn.com\/pt\/","name":"Multi-Gyn","description":"","publisher":{"@id":"https:\/\/multi-gyn.com\/pt\/#organization"},"potentialAction":[{"@type":"SearchAction","target":{"@type":"EntryPoint","urlTemplate":"https:\/\/multi-gyn.com\/pt\/?s={search_term_string}"},"query-input":{"@type":"PropertyValueSpecification","valueRequired":true,"valueName":"search_term_string"}}],"inLanguage":"pt-PT"},{"@type":"Organization","@id":"https:\/\/multi-gyn.com\/pt\/#organization","name":"Multi-Gyn","url":"https:\/\/multi-gyn.com\/pt\/","logo":{"@type":"ImageObject","inLanguage":"pt-PT","@id":"https:\/\/multi-gyn.com\/pt\/#\/schema\/logo\/image\/","url":"https:\/\/multi-gyn.com\/app\/uploads\/sites\/34\/2022\/11\/multi-gyn-logo.png","contentUrl":"https:\/\/multi-gyn.com\/app\/uploads\/sites\/34\/2022\/11\/multi-gyn-logo.png","width":149,"height":32,"caption":"Multi-Gyn"},"image":{"@id":"https:\/\/multi-gyn.com\/pt\/#\/schema\/logo\/image\/"}}]}},"_links":{"self":[{"href":"https:\/\/multi-gyn.com\/pt\/wp-json\/wp\/v2\/pages\/617","targetHints":{"allow":["GET"]}}],"collection":[{"href":"https:\/\/multi-gyn.com\/pt\/wp-json\/wp\/v2\/pages"}],"about":[{"href":"https:\/\/multi-gyn.com\/pt\/wp-json\/wp\/v2\/types\/page"}],"author":[{"embeddable":true,"href":"https:\/\/multi-gyn.com\/pt\/wp-json\/wp\/v2\/users\/6"}],"replies":[{"embeddable":true,"href":"https:\/\/multi-gyn.com\/pt\/wp-json\/wp\/v2\/comments?post=617"}],"version-history":[{"count":3,"href":"https:\/\/multi-gyn.com\/pt\/wp-json\/wp\/v2\/pages\/617\/revisions"}],"predecessor-version":[{"id":641,"href":"https:\/\/multi-gyn.com\/pt\/wp-json\/wp\/v2\/pages\/617\/revisions\/641"}],"up":[{"embeddable":true,"href":"https:\/\/multi-gyn.com\/pt\/wp-json\/wp\/v2\/pages\/184"}],"wp:attachment":[{"href":"https:\/\/multi-gyn.com\/pt\/wp-json\/wp\/v2\/media?parent=617"}],"wp:term":[{"taxonomy":"from-article-database","embeddable":true,"href":"https:\/\/multi-gyn.com\/pt\/wp-json\/wp\/v2\/from-article-database?post=617"}],"curies":[{"name":"wp","href":"https:\/\/api.w.org\/{rel}","templated":true}]}}