{"id":8,"date":"2022-11-22T07:41:38","date_gmt":"2022-11-22T07:41:38","guid":{"rendered":"https:\/\/multi-gyn.com\/pt\/?page_id=8"},"modified":"2026-03-13T10:57:57","modified_gmt":"2026-03-13T10:57:57","slug":"multi-gyn","status":"publish","type":"page","link":"https:\/\/multi-gyn.com\/pt\/","title":{"rendered":"P\u00e1gina inicial"},"content":{"rendered":"\n<div class=\"wp-block-karopharma-free-text pt-large pb-large bg-center bg-cover bg-no-repeat\" style=\"background-image:url(https:\/\/multi-gyn.com\/cdn-cgi\/image\/format=auto\/app\/uploads\/sites\/34\/2025\/10\/Multi-Gyn_1920x750_Banner_About.jpg)\"><div class=\"free-text-wrapper container max-w-small text-left\">\n<div style=\"height:500px\" aria-hidden=\"true\" class=\"wp-block-spacer is-style-responsive-medium\"><\/div>\n\n\n\n<h1 class=\"wp-block-heading has-text-align-center is-style-heading-huge has-white-color has-text-color\"><strong>Volte ao seu melhor com Multi-Gyn<\/strong><\/h1>\n\n\n\n<div style=\"height:500px\" aria-hidden=\"true\" class=\"wp-block-spacer is-style-responsive-medium\"><\/div>\n<\/div><\/div>\n\n\n\n<div class=\"wp-block-karopharma-free-text pt-large pb-large bg-center bg-cover bg-no-repeat\" style=\"background-image:url()\"><div class=\"free-text-wrapper container max-w-medium text-left\">\n<p class=\"is-style-paragraph-preamble\">Do odor ao prurido, da secura ao corrimento, a linha de produtos naturais da Multi-Gyn \u00e9 clinicamente comprovada para reduzir o desconforto vaginal de infe\u00e7\u00f5es comuns, como vaginose bacteriana e candid\u00edase vaginal, fazendo com que volte ao seu melhor rapidamente.<\/p>\n<\/div><\/div>\n\n\n\n<div class=\"wp-block-karopharma-free-text pt-large pb-small bg-center bg-cover bg-no-repeat  is-style-primary\" style=\"background-image:url()\"><div class=\"free-text-wrapper container max-w-medium text-left\">\n<h2 class=\"wp-block-heading\"><strong>Os nossos produtos<\/strong><\/h2>\n\n\n\n<p class=\"is-style-paragraph-preamble\">Com uma base natural, livre de hormonas e clinicamente comprovado para reduzir desconfortos vaginais.<\/p>\n<\/div><\/div>\n\n\n<div class=\"product-list wp-block-karopharma-product-list is-style-primary\" data-testid=\"product-list\">\n      <div class=\"swiper-container\">\n      <div class=\"swiper\">\n        <div class=\"swiper-wrapper\">\n                      <div class=\"swiper-slide\">\n              <div class=\"product-card\" data-testid=\"product-card\">\n  <a\n    href=https:\/\/multi-gyn.com\/pt\/produtos\/multi-gyn-duche-vaginal-e-pastilhas\/\n    class=\"product-card-link\"\n    title=\"Multi-Gyn Duche Vaginal e Pastilhas\"\n  >\n  <figure class=\"product-card-image\" data-testid=\"product-image\">\n                          <img decoding=\"async\" src=\"https:\/\/multi-gyn.com\/cdn-cgi\/image\/width=700,format=auto\/app\/uploads\/sites\/34\/2022\/12\/MultiGyn_VaginalDouche_INT_Unpacked_A01.png\"\n        srcset=\"https:\/\/multi-gyn.com\/cdn-cgi\/image\/width=250,format=auto\/app\/uploads\/sites\/34\/2022\/12\/MultiGyn_VaginalDouche_INT_Unpacked_A01.png 250w,\n                https:\/\/multi-gyn.com\/cdn-cgi\/image\/width=500,format=auto\/app\/uploads\/sites\/34\/2022\/12\/MultiGyn_VaginalDouche_INT_Unpacked_A01.png 500w,\n                https:\/\/multi-gyn.com\/cdn-cgi\/image\/width=700,format=auto\/app\/uploads\/sites\/34\/2022\/12\/MultiGyn_VaginalDouche_INT_Unpacked_A01.png 700w\"\n        sizes=\"(max-width: 400px) 250px, (max-width: 800px) 500px, 700px\"\n        alt=\"MultiGyn_VaginalDouche_INT_Unpacked_A01\"\n        class=\"img\">\n            <\/figure>\n    <div class=\"product-card-content\">\n      <div class=\"heading-wrapper\">\n        <h2 class=\"heading\">Multi-Gyn Duche Vaginal e Pastilhas<\/h2>\n      <\/div>\n      <div class=\"product-card-description\">Previne e trata desconfortos vaginais<\/div>\n                      <\/div>\n  <\/a>\n      <div class=\"button-wrapper\">\n    <a\n      href=https:\/\/multi-gyn.com\/pt\/produtos\/multi-gyn-duche-vaginal-e-pastilhas\/\n      target=_self\n      class=\"theme-button button-primary-color rounded-button\"\n      rel=\"noopener\"\n      title=\"Ler mais\"\n    >\n       Ler mais\n    <\/a>\n<\/div>  <\/div>\n            <\/div>\n                      <div class=\"swiper-slide\">\n              <div class=\"product-card\" data-testid=\"product-card\">\n  <a\n    href=https:\/\/multi-gyn.com\/pt\/produtos\/multi-gyn-femiwash\/\n    class=\"product-card-link\"\n    title=\"Multi-Gyn FemiWash\"\n  >\n  <figure class=\"product-card-image\" data-testid=\"product-image\">\n                          <img decoding=\"async\" src=\"https:\/\/multi-gyn.com\/cdn-cgi\/image\/width=700,format=auto\/app\/uploads\/sites\/34\/2022\/12\/MultiGyn-FemiWash.png\"\n        srcset=\"https:\/\/multi-gyn.com\/cdn-cgi\/image\/width=250,format=auto\/app\/uploads\/sites\/34\/2022\/12\/MultiGyn-FemiWash.png 250w,\n                https:\/\/multi-gyn.com\/cdn-cgi\/image\/width=500,format=auto\/app\/uploads\/sites\/34\/2022\/12\/MultiGyn-FemiWash.png 500w,\n                https:\/\/multi-gyn.com\/cdn-cgi\/image\/width=700,format=auto\/app\/uploads\/sites\/34\/2022\/12\/MultiGyn-FemiWash.png 700w\"\n        sizes=\"(max-width: 400px) 250px, (max-width: 800px) 500px, 700px\"\n        alt=\"Multi-Gyn FemiWash\"\n        class=\"img\">\n            <\/figure>\n    <div class=\"product-card-content\">\n      <div class=\"heading-wrapper\">\n        <h2 class=\"heading\">Multi-Gyn FemiWash<\/h2>\n      <\/div>\n      <div class=\"product-card-description\">Para uma higiene \u00edntima suave e livre de sab\u00e3o<\/div>\n                      <\/div>\n  <\/a>\n      <div class=\"button-wrapper\">\n    <a\n      href=https:\/\/multi-gyn.com\/pt\/produtos\/multi-gyn-femiwash\/\n      target=_self\n      class=\"theme-button button-primary-color rounded-button\"\n      rel=\"noopener\"\n      title=\"Ler mais\"\n    >\n       Ler mais\n    <\/a>\n<\/div>  <\/div>\n            <\/div>\n                      <div class=\"swiper-slide\">\n              <div class=\"product-card\" data-testid=\"product-card\">\n  <a\n    href=https:\/\/multi-gyn.com\/pt\/produtos\/multi-gyn-liquigel\/\n    class=\"product-card-link\"\n    title=\"Multi-Gyn LiquiGel\"\n  >\n  <figure class=\"product-card-image\" data-testid=\"product-image\">\n                          <img decoding=\"async\" src=\"https:\/\/multi-gyn.com\/cdn-cgi\/image\/width=700,format=auto\/app\/uploads\/sites\/34\/2022\/12\/Multi-Gyn-liguigel.png\"\n        srcset=\"https:\/\/multi-gyn.com\/cdn-cgi\/image\/width=250,format=auto\/app\/uploads\/sites\/34\/2022\/12\/Multi-Gyn-liguigel.png 250w,\n                https:\/\/multi-gyn.com\/cdn-cgi\/image\/width=500,format=auto\/app\/uploads\/sites\/34\/2022\/12\/Multi-Gyn-liguigel.png 500w,\n                https:\/\/multi-gyn.com\/cdn-cgi\/image\/width=700,format=auto\/app\/uploads\/sites\/34\/2022\/12\/Multi-Gyn-liguigel.png 700w\"\n        sizes=\"(max-width: 400px) 250px, (max-width: 800px) 500px, 700px\"\n        alt=\"Multi-Gyn-liguigel\"\n        class=\"img\">\n            <\/figure>\n    <div class=\"product-card-content\">\n      <div class=\"heading-wrapper\">\n        <h2 class=\"heading\">Multi-Gyn LiquiGel<\/h2>\n      <\/div>\n      <div class=\"product-card-description\">Trata e alivia a secura vaginal<\/div>\n                      <\/div>\n  <\/a>\n      <div class=\"button-wrapper\">\n    <a\n      href=https:\/\/multi-gyn.com\/pt\/produtos\/multi-gyn-liquigel\/\n      target=_self\n      class=\"theme-button button-primary-color rounded-button\"\n      rel=\"noopener\"\n      title=\"Ler mais\"\n    >\n       Ler mais\n    <\/a>\n<\/div>  <\/div>\n            <\/div>\n                      <div class=\"swiper-slide\">\n              <div class=\"product-card\" data-testid=\"product-card\">\n  <a\n    href=https:\/\/multi-gyn.com\/pt\/produtos\/multi-gyn-floraplus\/\n    class=\"product-card-link\"\n    title=\"Multi-Gyn FloraPlus\"\n  >\n  <figure class=\"product-card-image\" data-testid=\"product-image\">\n                          <img decoding=\"async\" src=\"https:\/\/multi-gyn.com\/cdn-cgi\/image\/width=700,format=auto\/app\/uploads\/sites\/34\/2022\/12\/multi-gyn-floraplus-1-1024x1024-1.png\"\n        srcset=\"https:\/\/multi-gyn.com\/cdn-cgi\/image\/width=250,format=auto\/app\/uploads\/sites\/34\/2022\/12\/multi-gyn-floraplus-1-1024x1024-1.png 250w,\n                https:\/\/multi-gyn.com\/cdn-cgi\/image\/width=500,format=auto\/app\/uploads\/sites\/34\/2022\/12\/multi-gyn-floraplus-1-1024x1024-1.png 500w,\n                https:\/\/multi-gyn.com\/cdn-cgi\/image\/width=700,format=auto\/app\/uploads\/sites\/34\/2022\/12\/multi-gyn-floraplus-1-1024x1024-1.png 700w\"\n        sizes=\"(max-width: 400px) 250px, (max-width: 800px) 500px, 700px\"\n        alt=\"multi-gyn-floraplus-1-1024x1024-1\"\n        class=\"img\">\n            <\/figure>\n    <div class=\"product-card-content\">\n      <div class=\"heading-wrapper\">\n        <h2 class=\"heading\">Multi-Gyn FloraPlus<\/h2>\n      <\/div>\n      <div class=\"product-card-description\">Previne e trata problemas f\u00fangicos vaginais (candid\u00edase)<\/div>\n                      <\/div>\n  <\/a>\n      <div class=\"button-wrapper\">\n    <a\n      href=https:\/\/multi-gyn.com\/pt\/produtos\/multi-gyn-floraplus\/\n      target=_self\n      class=\"theme-button button-primary-color rounded-button\"\n      rel=\"noopener\"\n      title=\"Ler mais\"\n    >\n       Ler mais\n    <\/a>\n<\/div>  <\/div>\n            <\/div>\n                      <div class=\"swiper-slide\">\n              <div class=\"product-card\" data-testid=\"product-card\">\n  <a\n    href=https:\/\/multi-gyn.com\/pt\/produtos\/multi-gyn-actigel\/\n    class=\"product-card-link\"\n    title=\"Multi-Gyn ActiGel\"\n  >\n  <figure class=\"product-card-image\" data-testid=\"product-image\">\n                          <img decoding=\"async\" src=\"https:\/\/multi-gyn.com\/cdn-cgi\/image\/width=700,format=auto\/app\/uploads\/sites\/34\/2022\/12\/multi-gyn-actigel-1-1024x1024-1.png\"\n        srcset=\"https:\/\/multi-gyn.com\/cdn-cgi\/image\/width=250,format=auto\/app\/uploads\/sites\/34\/2022\/12\/multi-gyn-actigel-1-1024x1024-1.png 250w,\n                https:\/\/multi-gyn.com\/cdn-cgi\/image\/width=500,format=auto\/app\/uploads\/sites\/34\/2022\/12\/multi-gyn-actigel-1-1024x1024-1.png 500w,\n                https:\/\/multi-gyn.com\/cdn-cgi\/image\/width=700,format=auto\/app\/uploads\/sites\/34\/2022\/12\/multi-gyn-actigel-1-1024x1024-1.png 700w\"\n        sizes=\"(max-width: 400px) 250px, (max-width: 800px) 500px, 700px\"\n        alt=\"multi-gyn-actigel-1-1024x1024-1\"\n        class=\"img\">\n            <\/figure>\n    <div class=\"product-card-content\">\n      <div class=\"heading-wrapper\">\n        <h2 class=\"heading\">Multi-Gyn ActiGel<\/h2>\n      <\/div>\n      <div class=\"product-card-description\">Previne e trata desconfortos vaginais<\/div>\n                      <\/div>\n  <\/a>\n      <div class=\"button-wrapper\">\n    <a\n      href=https:\/\/multi-gyn.com\/pt\/produtos\/multi-gyn-actigel\/\n      target=_self\n      class=\"theme-button button-primary-color rounded-button\"\n      rel=\"noopener\"\n      title=\"Ler mais\"\n    >\n       Ler mais\n    <\/a>\n<\/div>  <\/div>\n            <\/div>\n                  <\/div>\n        <div class=\"swiper-scrollbar\"><\/div>\n      <\/div>\n    <\/div>\n  <\/div>\n\n\n\n<section class=\"wp-block-karopharma-image-with-text image-with-text image-with-text__not-full-width\"><div class=\"image-with-text-container \"><div class=\"image-with-text-container-image-container\"><img decoding=\"async\" loading=\"lazy\" src=\"https:\/\/multi-gyn.com\/cdn-cgi\/image\/format=auto\/app\/uploads\/sites\/34\/2025\/10\/Multi-Gyn_800x534_Banner_Vaginal-pH-Balance2.jpg\" alt=\"Multi-Gyn_800x534_Banner_Vaginal pH Balance2\"\/><\/div><div class=\"image-with-text-container-content\" style=\"text-align:left\" data-test=\"content\"><div class=\"content\"><h2><strong>Estamos juntos!<\/strong><\/h2><p class=\"body\" data-test=\"body\">Nascemos para estar no nosso melhor, mas 1 em cada 3 de n\u00f3s sofrer\u00e1 de VB, sem saber o que \u00e9 ou como trat\u00e1-la. Acha que conseguiu? Vamos p\u00f4-la no bom caminho.<\/p>\n<div class=\"wp-block-buttons is-layout-flex wp-block-buttons-is-layout-flex\"><\/div>\n<\/div><\/div><\/div><\/section>\n","protected":false},"excerpt":{"rendered":"","protected":false},"author":2,"featured_media":0,"parent":0,"menu_order":0,"comment_status":"closed","ping_status":"closed","template":"","meta":{"_acf_changed":false,"footnotes":""},"from-article-database":[],"class_list":["post-8","page","type-page","status-publish","hentry"],"acf":[],"yoast_head":"<!-- This site is optimized with the Yoast SEO plugin v26.6 - https:\/\/yoast.com\/wordpress\/plugins\/seo\/ -->\n<title>P\u00e1gina inicial - Multi-Gyn<\/title>\n<meta name=\"description\" content=\"A linha de produtos naturais da multi-gyn \u00e9 clinicamente comprovada para reduzir o desconforto vaginal de infe\u00e7\u00f5es comuns, como vaginose bacteriana e candid\u00edase vaginal\" \/>\n<meta name=\"robots\" content=\"index, follow, max-snippet:-1, max-image-preview:large, max-video-preview:-1\" \/>\n<link rel=\"canonical\" href=\"https:\/\/multi-gyn.com\/pt\/\" \/>\n<meta property=\"og:locale\" content=\"pt_PT\" \/>\n<meta property=\"og:type\" content=\"article\" \/>\n<meta property=\"og:title\" content=\"P\u00e1gina inicial - Multi-Gyn\" \/>\n<meta property=\"og:description\" content=\"A linha de produtos naturais da multi-gyn \u00e9 clinicamente comprovada para reduzir o desconforto vaginal de infe\u00e7\u00f5es comuns, como vaginose bacteriana e candid\u00edase vaginal\" \/>\n<meta property=\"og:url\" content=\"https:\/\/multi-gyn.com\/pt\/\" \/>\n<meta property=\"og:site_name\" content=\"Multi-Gyn\" \/>\n<meta property=\"article:modified_time\" content=\"2026-03-13T10:57:57+00:00\" \/>\n<meta property=\"og:image\" content=\"https:\/\/multi-gyn.com\/cdn-cgi\/image\/format=auto\/app\/uploads\/sites\/34\/2025\/10\/Multi-Gyn_800x534_Banner_Vaginal-pH-Balance2.jpg\" \/>\n<meta name=\"twitter:card\" content=\"summary_large_image\" \/>\n<meta name=\"twitter:label1\" content=\"Tempo estimado de leitura\" \/>\n\t<meta name=\"twitter:data1\" content=\"1 minuto\" \/>\n<script type=\"application\/ld+json\" class=\"yoast-schema-graph\">{\"@context\":\"https:\/\/schema.org\",\"@graph\":[{\"@type\":\"WebPage\",\"@id\":\"https:\/\/multi-gyn.com\/pt\/\",\"url\":\"https:\/\/multi-gyn.com\/pt\/\",\"name\":\"P\u00e1gina inicial - Multi-Gyn\",\"isPartOf\":{\"@id\":\"https:\/\/multi-gyn.com\/pt\/#website\"},\"primaryImageOfPage\":{\"@id\":\"https:\/\/multi-gyn.com\/pt\/#primaryimage\"},\"image\":{\"@id\":\"https:\/\/multi-gyn.com\/pt\/#primaryimage\"},\"thumbnailUrl\":\"https:\/\/multi-gyn.com\/cdn-cgi\/image\/format=auto\/app\/uploads\/sites\/34\/2025\/10\/Multi-Gyn_800x534_Banner_Vaginal-pH-Balance2.jpg\",\"datePublished\":\"2022-11-22T07:41:38+00:00\",\"dateModified\":\"2026-03-13T10:57:57+00:00\",\"description\":\"A linha de produtos naturais da multi-gyn \u00e9 clinicamente comprovada para reduzir o desconforto vaginal de infe\u00e7\u00f5es comuns, como vaginose bacteriana e candid\u00edase vaginal\",\"breadcrumb\":{\"@id\":\"https:\/\/multi-gyn.com\/pt\/#breadcrumb\"},\"inLanguage\":\"pt-PT\",\"potentialAction\":[{\"@type\":\"ReadAction\",\"target\":[\"https:\/\/multi-gyn.com\/pt\/\"]}]},{\"@type\":\"ImageObject\",\"inLanguage\":\"pt-PT\",\"@id\":\"https:\/\/multi-gyn.com\/pt\/#primaryimage\",\"url\":\"https:\/\/multi-gyn.com\/cdn-cgi\/image\/format=auto\/app\/uploads\/sites\/34\/2025\/10\/Multi-Gyn_800x534_Banner_Vaginal-pH-Balance2.jpg\",\"contentUrl\":\"https:\/\/multi-gyn.com\/cdn-cgi\/image\/format=auto\/app\/uploads\/sites\/34\/2025\/10\/Multi-Gyn_800x534_Banner_Vaginal-pH-Balance2.jpg\"},{\"@type\":\"BreadcrumbList\",\"@id\":\"https:\/\/multi-gyn.com\/pt\/#breadcrumb\",\"itemListElement\":[{\"@type\":\"ListItem\",\"position\":1,\"name\":\"Home\",\"item\":\"https:\/\/multi-gyn.com\/pt\/\"},{\"@type\":\"ListItem\",\"position\":2,\"name\":\"P\u00e1gina inicial\"}]},{\"@type\":\"WebSite\",\"@id\":\"https:\/\/multi-gyn.com\/pt\/#website\",\"url\":\"https:\/\/multi-gyn.com\/pt\/\",\"name\":\"Multi-Gyn\",\"description\":\"\",\"publisher\":{\"@id\":\"https:\/\/multi-gyn.com\/pt\/#organization\"},\"potentialAction\":[{\"@type\":\"SearchAction\",\"target\":{\"@type\":\"EntryPoint\",\"urlTemplate\":\"https:\/\/multi-gyn.com\/pt\/?s={search_term_string}\"},\"query-input\":{\"@type\":\"PropertyValueSpecification\",\"valueRequired\":true,\"valueName\":\"search_term_string\"}}],\"inLanguage\":\"pt-PT\"},{\"@type\":\"Organization\",\"@id\":\"https:\/\/multi-gyn.com\/pt\/#organization\",\"name\":\"Multi-Gyn\",\"url\":\"https:\/\/multi-gyn.com\/pt\/\",\"logo\":{\"@type\":\"ImageObject\",\"inLanguage\":\"pt-PT\",\"@id\":\"https:\/\/multi-gyn.com\/pt\/#\/schema\/logo\/image\/\",\"url\":\"https:\/\/multi-gyn.com\/app\/uploads\/sites\/34\/2022\/11\/multi-gyn-logo.png\",\"contentUrl\":\"https:\/\/multi-gyn.com\/app\/uploads\/sites\/34\/2022\/11\/multi-gyn-logo.png\",\"width\":149,\"height\":32,\"caption\":\"Multi-Gyn\"},\"image\":{\"@id\":\"https:\/\/multi-gyn.com\/pt\/#\/schema\/logo\/image\/\"}}]}<\/script>\n<!-- \/ Yoast SEO plugin. -->","yoast_head_json":{"title":"P\u00e1gina inicial - Multi-Gyn","description":"A linha de produtos naturais da multi-gyn \u00e9 clinicamente comprovada para reduzir o desconforto vaginal de infe\u00e7\u00f5es comuns, como vaginose bacteriana e candid\u00edase vaginal","robots":{"index":"index","follow":"follow","max-snippet":"max-snippet:-1","max-image-preview":"max-image-preview:large","max-video-preview":"max-video-preview:-1"},"canonical":"https:\/\/multi-gyn.com\/pt\/","og_locale":"pt_PT","og_type":"article","og_title":"P\u00e1gina inicial - Multi-Gyn","og_description":"A linha de produtos naturais da multi-gyn \u00e9 clinicamente comprovada para reduzir o desconforto vaginal de infe\u00e7\u00f5es comuns, como vaginose bacteriana e candid\u00edase vaginal","og_url":"https:\/\/multi-gyn.com\/pt\/","og_site_name":"Multi-Gyn","article_modified_time":"2026-03-13T10:57:57+00:00","og_image":[{"url":"https:\/\/multi-gyn.com\/cdn-cgi\/image\/format=auto\/app\/uploads\/sites\/34\/2025\/10\/Multi-Gyn_800x534_Banner_Vaginal-pH-Balance2.jpg","type":"","width":"","height":""}],"twitter_card":"summary_large_image","twitter_misc":{"Tempo estimado de leitura":"1 minuto"},"schema":{"@context":"https:\/\/schema.org","@graph":[{"@type":"WebPage","@id":"https:\/\/multi-gyn.com\/pt\/","url":"https:\/\/multi-gyn.com\/pt\/","name":"P\u00e1gina inicial - Multi-Gyn","isPartOf":{"@id":"https:\/\/multi-gyn.com\/pt\/#website"},"primaryImageOfPage":{"@id":"https:\/\/multi-gyn.com\/pt\/#primaryimage"},"image":{"@id":"https:\/\/multi-gyn.com\/pt\/#primaryimage"},"thumbnailUrl":"https:\/\/multi-gyn.com\/cdn-cgi\/image\/format=auto\/app\/uploads\/sites\/34\/2025\/10\/Multi-Gyn_800x534_Banner_Vaginal-pH-Balance2.jpg","datePublished":"2022-11-22T07:41:38+00:00","dateModified":"2026-03-13T10:57:57+00:00","description":"A linha de produtos naturais da multi-gyn \u00e9 clinicamente comprovada para reduzir o desconforto vaginal de infe\u00e7\u00f5es comuns, como vaginose bacteriana e candid\u00edase vaginal","breadcrumb":{"@id":"https:\/\/multi-gyn.com\/pt\/#breadcrumb"},"inLanguage":"pt-PT","potentialAction":[{"@type":"ReadAction","target":["https:\/\/multi-gyn.com\/pt\/"]}]},{"@type":"ImageObject","inLanguage":"pt-PT","@id":"https:\/\/multi-gyn.com\/pt\/#primaryimage","url":"https:\/\/multi-gyn.com\/cdn-cgi\/image\/format=auto\/app\/uploads\/sites\/34\/2025\/10\/Multi-Gyn_800x534_Banner_Vaginal-pH-Balance2.jpg","contentUrl":"https:\/\/multi-gyn.com\/cdn-cgi\/image\/format=auto\/app\/uploads\/sites\/34\/2025\/10\/Multi-Gyn_800x534_Banner_Vaginal-pH-Balance2.jpg"},{"@type":"BreadcrumbList","@id":"https:\/\/multi-gyn.com\/pt\/#breadcrumb","itemListElement":[{"@type":"ListItem","position":1,"name":"Home","item":"https:\/\/multi-gyn.com\/pt\/"},{"@type":"ListItem","position":2,"name":"P\u00e1gina inicial"}]},{"@type":"WebSite","@id":"https:\/\/multi-gyn.com\/pt\/#website","url":"https:\/\/multi-gyn.com\/pt\/","name":"Multi-Gyn","description":"","publisher":{"@id":"https:\/\/multi-gyn.com\/pt\/#organization"},"potentialAction":[{"@type":"SearchAction","target":{"@type":"EntryPoint","urlTemplate":"https:\/\/multi-gyn.com\/pt\/?s={search_term_string}"},"query-input":{"@type":"PropertyValueSpecification","valueRequired":true,"valueName":"search_term_string"}}],"inLanguage":"pt-PT"},{"@type":"Organization","@id":"https:\/\/multi-gyn.com\/pt\/#organization","name":"Multi-Gyn","url":"https:\/\/multi-gyn.com\/pt\/","logo":{"@type":"ImageObject","inLanguage":"pt-PT","@id":"https:\/\/multi-gyn.com\/pt\/#\/schema\/logo\/image\/","url":"https:\/\/multi-gyn.com\/app\/uploads\/sites\/34\/2022\/11\/multi-gyn-logo.png","contentUrl":"https:\/\/multi-gyn.com\/app\/uploads\/sites\/34\/2022\/11\/multi-gyn-logo.png","width":149,"height":32,"caption":"Multi-Gyn"},"image":{"@id":"https:\/\/multi-gyn.com\/pt\/#\/schema\/logo\/image\/"}}]}},"_links":{"self":[{"href":"https:\/\/multi-gyn.com\/pt\/wp-json\/wp\/v2\/pages\/8","targetHints":{"allow":["GET"]}}],"collection":[{"href":"https:\/\/multi-gyn.com\/pt\/wp-json\/wp\/v2\/pages"}],"about":[{"href":"https:\/\/multi-gyn.com\/pt\/wp-json\/wp\/v2\/types\/page"}],"author":[{"embeddable":true,"href":"https:\/\/multi-gyn.com\/pt\/wp-json\/wp\/v2\/users\/2"}],"replies":[{"embeddable":true,"href":"https:\/\/multi-gyn.com\/pt\/wp-json\/wp\/v2\/comments?post=8"}],"version-history":[{"count":10,"href":"https:\/\/multi-gyn.com\/pt\/wp-json\/wp\/v2\/pages\/8\/revisions"}],"predecessor-version":[{"id":775,"href":"https:\/\/multi-gyn.com\/pt\/wp-json\/wp\/v2\/pages\/8\/revisions\/775"}],"wp:attachment":[{"href":"https:\/\/multi-gyn.com\/pt\/wp-json\/wp\/v2\/media?parent=8"}],"wp:term":[{"taxonomy":"from-article-database","embeddable":true,"href":"https:\/\/multi-gyn.com\/pt\/wp-json\/wp\/v2\/from-article-database?post=8"}],"curies":[{"name":"wp","href":"https:\/\/api.w.org\/{rel}","templated":true}]}}