{"id":105,"date":"2022-12-06T10:14:51","date_gmt":"2022-12-06T10:14:51","guid":{"rendered":"https:\/\/multi-gyn.com\/pt\/?post_type=product&#038;p=105"},"modified":"2025-04-28T10:44:21","modified_gmt":"2025-04-28T09:44:21","slug":"multi-gyn-actigel","status":"publish","type":"product","link":"https:\/\/multi-gyn.com\/pt\/produtos\/multi-gyn-actigel\/","title":{"rendered":"Multi-Gyn ActiGel"},"content":{"rendered":"\n<div class=\"wp-block-karopharma-accordions is-style-secondary\"><div class=\"container\">\n<details class=\"wp-block-karopharma-accordion\"><summary><h2 class=\"accordion-title\">Quantas vezes necessito de utilizar Multi-Gyn ActiGel?<\/h2><\/summary><div class=\"accordion-content\">\n<p>Para tratamento de desconfortos vaginais, aconselhamos utilizar Multi-Gyn ActiGel durante 5 dias consecutivos, duas vezes por dia.<\/p>\n<\/div><\/details>\n\n\n\n<details class=\"wp-block-karopharma-accordion\"><summary><h2 class=\"accordion-title\">Quando irei sentir o efeito?<\/h2><\/summary><div class=\"accordion-content\">\n<p>Pode sentir efeito imediato, especialmente em sintomas como irrita\u00e7\u00e3o ou prurido. Contudo, poder\u00e1 variar de pessoa para pessoa.<\/p>\n<\/div><\/details>\n\n\n\n<details class=\"wp-block-karopharma-accordion\"><summary><h2 class=\"accordion-title\">Multi-Gyn ActiGel tem efeitos secund\u00e1rios?<\/h2><\/summary><div class=\"accordion-content\">\n<p>N\u00e3o. N\u00e3o s\u00e3o conhecidos efeitos secund\u00e1rios.<\/p>\n<\/div><\/details>\n\n\n\n<details class=\"wp-block-karopharma-accordion\"><summary><h2 class=\"accordion-title\">Os meus desconfortos desapareceram, necessito de continuar a utilizar Multi-Gyn ActiGel?<\/h2><\/summary><div class=\"accordion-content\">\n<p>N\u00e3o. N\u00e3o necessita de continuar a utilizar Multi-Gyn ActiGel. Se quiser, pode continuar a utilizar Multi-Gyn ActiGel v\u00e1rias vezes por semana.<\/p>\n<\/div><\/details>\n\n\n\n<details class=\"wp-block-karopharma-accordion\"><summary><h2 class=\"accordion-title\">Multi-Gyn ActiGel interfere com a toma de antibi\u00f3ticos?<\/h2><\/summary><div class=\"accordion-content\">\n<p>N\u00e3o, Multi-Gyn ActiGel n\u00e3o interfere com a toma de antibi\u00f3ticos de uma forma negativa. Na verdade, aconselhamos que utilize Multi-Gyn ActiGel em conjunto, ou ap\u00f3s de qualquer tipo de tratamento com antibi\u00f3ticos.<\/p>\n<\/div><\/details>\n\n\n\n<details class=\"wp-block-karopharma-accordion\"><summary><h2 class=\"accordion-title\">Tenho de utilizar o tubo completo?<\/h2><\/summary><div class=\"accordion-content\">\n<p>Utilizar Multi-Gyn ActiGel proporciona al\u00edvio direto dos seus desconfortos. Apenas a quantidade de um dedo (2 cc) serve para ser eficaz.<\/p>\n<\/div><\/details>\n<\/div><\/div>\n","protected":false},"excerpt":{"rendered":"<p>Previne e trata desconfortos vaginais<\/p>\n","protected":false},"featured_media":189,"comment_status":"closed","ping_status":"closed","template":"","meta":{"_acf_changed":false,"footnotes":""},"product_brand":[],"product_cat":[20],"product_tag":[],"class_list":{"0":"post-105","1":"product","2":"type-product","3":"status-publish","4":"has-post-thumbnail","6":"product_cat-prevencao-e-tratamento","8":"first","9":"instock","10":"shipping-taxable","11":"product-type-simple"},"acf":[],"yoast_head":"<!-- This site is optimized with the Yoast SEO plugin v26.6 - https:\/\/yoast.com\/wordpress\/plugins\/seo\/ -->\n<title>Multi-Gyn ActiGel - Multi-Gyn<\/title>\n<meta name=\"description\" content=\"Previne e trata desconfortos vaginais\" \/>\n<meta name=\"robots\" content=\"index, follow, max-snippet:-1, max-image-preview:large, max-video-preview:-1\" \/>\n<link rel=\"canonical\" href=\"https:\/\/multi-gyn.com\/pt\/produtos\/multi-gyn-actigel\/\" \/>\n<meta property=\"og:locale\" content=\"pt_PT\" \/>\n<meta property=\"og:type\" content=\"article\" \/>\n<meta property=\"og:title\" content=\"Multi-Gyn ActiGel - Multi-Gyn\" \/>\n<meta property=\"og:description\" content=\"Previne e trata desconfortos vaginais\" \/>\n<meta property=\"og:url\" content=\"https:\/\/multi-gyn.com\/pt\/produtos\/multi-gyn-actigel\/\" \/>\n<meta property=\"og:site_name\" content=\"Multi-Gyn\" \/>\n<meta property=\"article:modified_time\" content=\"2025-04-28T09:44:21+00:00\" \/>\n<meta property=\"og:image\" content=\"https:\/\/multi-gyn.com\/app\/uploads\/sites\/34\/2022\/12\/multi-gyn-actigel-1-1024x1024-1.png\" \/>\n\t<meta property=\"og:image:width\" content=\"1024\" \/>\n\t<meta property=\"og:image:height\" content=\"1024\" \/>\n\t<meta property=\"og:image:type\" content=\"image\/png\" \/>\n<meta name=\"twitter:card\" content=\"summary_large_image\" \/>\n<meta name=\"twitter:label1\" content=\"Tempo estimado de leitura\" \/>\n\t<meta name=\"twitter:data1\" content=\"1 minuto\" \/>\n<script type=\"application\/ld+json\" class=\"yoast-schema-graph\">{\"@context\":\"https:\/\/schema.org\",\"@graph\":[{\"@type\":\"WebPage\",\"@id\":\"https:\/\/multi-gyn.com\/pt\/produtos\/multi-gyn-actigel\/\",\"url\":\"https:\/\/multi-gyn.com\/pt\/produtos\/multi-gyn-actigel\/\",\"name\":\"Multi-Gyn ActiGel - Multi-Gyn\",\"isPartOf\":{\"@id\":\"https:\/\/multi-gyn.com\/pt\/#website\"},\"primaryImageOfPage\":{\"@id\":\"https:\/\/multi-gyn.com\/pt\/produtos\/multi-gyn-actigel\/#primaryimage\"},\"image\":{\"@id\":\"https:\/\/multi-gyn.com\/pt\/produtos\/multi-gyn-actigel\/#primaryimage\"},\"thumbnailUrl\":\"https:\/\/multi-gyn.com\/app\/uploads\/sites\/34\/2022\/12\/multi-gyn-actigel-1-1024x1024-1.png\",\"datePublished\":\"2022-12-06T10:14:51+00:00\",\"dateModified\":\"2025-04-28T09:44:21+00:00\",\"description\":\"Previne e trata desconfortos vaginais\",\"breadcrumb\":{\"@id\":\"https:\/\/multi-gyn.com\/pt\/produtos\/multi-gyn-actigel\/#breadcrumb\"},\"inLanguage\":\"pt-PT\",\"potentialAction\":[{\"@type\":\"ReadAction\",\"target\":[\"https:\/\/multi-gyn.com\/pt\/produtos\/multi-gyn-actigel\/\"]}]},{\"@type\":\"ImageObject\",\"inLanguage\":\"pt-PT\",\"@id\":\"https:\/\/multi-gyn.com\/pt\/produtos\/multi-gyn-actigel\/#primaryimage\",\"url\":\"https:\/\/multi-gyn.com\/app\/uploads\/sites\/34\/2022\/12\/multi-gyn-actigel-1-1024x1024-1.png\",\"contentUrl\":\"https:\/\/multi-gyn.com\/app\/uploads\/sites\/34\/2022\/12\/multi-gyn-actigel-1-1024x1024-1.png\",\"width\":1024,\"height\":1024,\"caption\":\"multi-gyn-actigel-1-1024x1024-1\"},{\"@type\":\"BreadcrumbList\",\"@id\":\"https:\/\/multi-gyn.com\/pt\/produtos\/multi-gyn-actigel\/#breadcrumb\",\"itemListElement\":[{\"@type\":\"ListItem\",\"position\":1,\"name\":\"Home\",\"item\":\"https:\/\/multi-gyn.com\/pt\/\"},{\"@type\":\"ListItem\",\"position\":2,\"name\":\"Produtos\",\"item\":\"https:\/\/multi-gyn.com\/pt\/produtos\/\"},{\"@type\":\"ListItem\",\"position\":3,\"name\":\"Multi-Gyn ActiGel\"}]},{\"@type\":\"WebSite\",\"@id\":\"https:\/\/multi-gyn.com\/pt\/#website\",\"url\":\"https:\/\/multi-gyn.com\/pt\/\",\"name\":\"Multi-Gyn\",\"description\":\"\",\"publisher\":{\"@id\":\"https:\/\/multi-gyn.com\/pt\/#organization\"},\"potentialAction\":[{\"@type\":\"SearchAction\",\"target\":{\"@type\":\"EntryPoint\",\"urlTemplate\":\"https:\/\/multi-gyn.com\/pt\/?s={search_term_string}\"},\"query-input\":{\"@type\":\"PropertyValueSpecification\",\"valueRequired\":true,\"valueName\":\"search_term_string\"}}],\"inLanguage\":\"pt-PT\"},{\"@type\":\"Organization\",\"@id\":\"https:\/\/multi-gyn.com\/pt\/#organization\",\"name\":\"Multi-Gyn\",\"url\":\"https:\/\/multi-gyn.com\/pt\/\",\"logo\":{\"@type\":\"ImageObject\",\"inLanguage\":\"pt-PT\",\"@id\":\"https:\/\/multi-gyn.com\/pt\/#\/schema\/logo\/image\/\",\"url\":\"https:\/\/multi-gyn.com\/app\/uploads\/sites\/34\/2022\/11\/multi-gyn-logo.png\",\"contentUrl\":\"https:\/\/multi-gyn.com\/app\/uploads\/sites\/34\/2022\/11\/multi-gyn-logo.png\",\"width\":149,\"height\":32,\"caption\":\"Multi-Gyn\"},\"image\":{\"@id\":\"https:\/\/multi-gyn.com\/pt\/#\/schema\/logo\/image\/\"}}]}<\/script>\n<!-- \/ Yoast SEO plugin. -->","yoast_head_json":{"title":"Multi-Gyn ActiGel - Multi-Gyn","description":"Previne e trata desconfortos vaginais","robots":{"index":"index","follow":"follow","max-snippet":"max-snippet:-1","max-image-preview":"max-image-preview:large","max-video-preview":"max-video-preview:-1"},"canonical":"https:\/\/multi-gyn.com\/pt\/produtos\/multi-gyn-actigel\/","og_locale":"pt_PT","og_type":"article","og_title":"Multi-Gyn ActiGel - Multi-Gyn","og_description":"Previne e trata desconfortos vaginais","og_url":"https:\/\/multi-gyn.com\/pt\/produtos\/multi-gyn-actigel\/","og_site_name":"Multi-Gyn","article_modified_time":"2025-04-28T09:44:21+00:00","og_image":[{"width":1024,"height":1024,"url":"https:\/\/multi-gyn.com\/app\/uploads\/sites\/34\/2022\/12\/multi-gyn-actigel-1-1024x1024-1.png","type":"image\/png"}],"twitter_card":"summary_large_image","twitter_misc":{"Tempo estimado de leitura":"1 minuto"},"schema":{"@context":"https:\/\/schema.org","@graph":[{"@type":"WebPage","@id":"https:\/\/multi-gyn.com\/pt\/produtos\/multi-gyn-actigel\/","url":"https:\/\/multi-gyn.com\/pt\/produtos\/multi-gyn-actigel\/","name":"Multi-Gyn ActiGel - Multi-Gyn","isPartOf":{"@id":"https:\/\/multi-gyn.com\/pt\/#website"},"primaryImageOfPage":{"@id":"https:\/\/multi-gyn.com\/pt\/produtos\/multi-gyn-actigel\/#primaryimage"},"image":{"@id":"https:\/\/multi-gyn.com\/pt\/produtos\/multi-gyn-actigel\/#primaryimage"},"thumbnailUrl":"https:\/\/multi-gyn.com\/app\/uploads\/sites\/34\/2022\/12\/multi-gyn-actigel-1-1024x1024-1.png","datePublished":"2022-12-06T10:14:51+00:00","dateModified":"2025-04-28T09:44:21+00:00","description":"Previne e trata desconfortos vaginais","breadcrumb":{"@id":"https:\/\/multi-gyn.com\/pt\/produtos\/multi-gyn-actigel\/#breadcrumb"},"inLanguage":"pt-PT","potentialAction":[{"@type":"ReadAction","target":["https:\/\/multi-gyn.com\/pt\/produtos\/multi-gyn-actigel\/"]}]},{"@type":"ImageObject","inLanguage":"pt-PT","@id":"https:\/\/multi-gyn.com\/pt\/produtos\/multi-gyn-actigel\/#primaryimage","url":"https:\/\/multi-gyn.com\/app\/uploads\/sites\/34\/2022\/12\/multi-gyn-actigel-1-1024x1024-1.png","contentUrl":"https:\/\/multi-gyn.com\/app\/uploads\/sites\/34\/2022\/12\/multi-gyn-actigel-1-1024x1024-1.png","width":1024,"height":1024,"caption":"multi-gyn-actigel-1-1024x1024-1"},{"@type":"BreadcrumbList","@id":"https:\/\/multi-gyn.com\/pt\/produtos\/multi-gyn-actigel\/#breadcrumb","itemListElement":[{"@type":"ListItem","position":1,"name":"Home","item":"https:\/\/multi-gyn.com\/pt\/"},{"@type":"ListItem","position":2,"name":"Produtos","item":"https:\/\/multi-gyn.com\/pt\/produtos\/"},{"@type":"ListItem","position":3,"name":"Multi-Gyn ActiGel"}]},{"@type":"WebSite","@id":"https:\/\/multi-gyn.com\/pt\/#website","url":"https:\/\/multi-gyn.com\/pt\/","name":"Multi-Gyn","description":"","publisher":{"@id":"https:\/\/multi-gyn.com\/pt\/#organization"},"potentialAction":[{"@type":"SearchAction","target":{"@type":"EntryPoint","urlTemplate":"https:\/\/multi-gyn.com\/pt\/?s={search_term_string}"},"query-input":{"@type":"PropertyValueSpecification","valueRequired":true,"valueName":"search_term_string"}}],"inLanguage":"pt-PT"},{"@type":"Organization","@id":"https:\/\/multi-gyn.com\/pt\/#organization","name":"Multi-Gyn","url":"https:\/\/multi-gyn.com\/pt\/","logo":{"@type":"ImageObject","inLanguage":"pt-PT","@id":"https:\/\/multi-gyn.com\/pt\/#\/schema\/logo\/image\/","url":"https:\/\/multi-gyn.com\/app\/uploads\/sites\/34\/2022\/11\/multi-gyn-logo.png","contentUrl":"https:\/\/multi-gyn.com\/app\/uploads\/sites\/34\/2022\/11\/multi-gyn-logo.png","width":149,"height":32,"caption":"Multi-Gyn"},"image":{"@id":"https:\/\/multi-gyn.com\/pt\/#\/schema\/logo\/image\/"}}]}},"_links":{"self":[{"href":"https:\/\/multi-gyn.com\/pt\/wp-json\/wp\/v2\/product\/105","targetHints":{"allow":["GET"]}}],"collection":[{"href":"https:\/\/multi-gyn.com\/pt\/wp-json\/wp\/v2\/product"}],"about":[{"href":"https:\/\/multi-gyn.com\/pt\/wp-json\/wp\/v2\/types\/product"}],"replies":[{"embeddable":true,"href":"https:\/\/multi-gyn.com\/pt\/wp-json\/wp\/v2\/comments?post=105"}],"version-history":[{"count":9,"href":"https:\/\/multi-gyn.com\/pt\/wp-json\/wp\/v2\/product\/105\/revisions"}],"predecessor-version":[{"id":750,"href":"https:\/\/multi-gyn.com\/pt\/wp-json\/wp\/v2\/product\/105\/revisions\/750"}],"wp:featuredmedia":[{"embeddable":true,"href":"https:\/\/multi-gyn.com\/pt\/wp-json\/wp\/v2\/media\/189"}],"wp:attachment":[{"href":"https:\/\/multi-gyn.com\/pt\/wp-json\/wp\/v2\/media?parent=105"}],"wp:term":[{"taxonomy":"product_brand","embeddable":true,"href":"https:\/\/multi-gyn.com\/pt\/wp-json\/wp\/v2\/product_brand?post=105"},{"taxonomy":"product_cat","embeddable":true,"href":"https:\/\/multi-gyn.com\/pt\/wp-json\/wp\/v2\/product_cat?post=105"},{"taxonomy":"product_tag","embeddable":true,"href":"https:\/\/multi-gyn.com\/pt\/wp-json\/wp\/v2\/product_tag?post=105"}],"curies":[{"name":"wp","href":"https:\/\/api.w.org\/{rel}","templated":true}]}}