{"id":129,"date":"2022-12-06T10:52:13","date_gmt":"2022-12-06T10:52:13","guid":{"rendered":"https:\/\/multi-gyn.com\/pt\/?post_type=product&#038;p=129"},"modified":"2025-04-28T10:44:13","modified_gmt":"2025-04-28T09:44:13","slug":"multi-gyn-duche-vaginal-e-pastilhas","status":"publish","type":"product","link":"https:\/\/multi-gyn.com\/pt\/produtos\/multi-gyn-duche-vaginal-e-pastilhas\/","title":{"rendered":"Multi-Gyn Duche Vaginal e Pastilhas"},"content":{"rendered":"\n<div class=\"wp-block-karopharma-accordions is-style-secondary\"><div class=\"container\">\n<details class=\"wp-block-karopharma-accordion\"><summary><h2 class=\"accordion-title\">Quantas vezes posso utilizar o Multi-Gyn Duche Vaginal?<\/h2><\/summary><div class=\"accordion-content\">\n<p>Aconselhamos a utiliza\u00e7\u00e3o do Duche Vaginal ap\u00f3s a menstrua\u00e7\u00e3o ou rela\u00e7\u00f5es sexuais n\u00e3o protegidas. N\u00e3o existe necessidade de utilizar o Duche Vaginal mais frequentemente do que o aconselhado.<\/p>\n<\/div><\/details>\n\n\n\n<details class=\"wp-block-karopharma-accordion\"><summary><h2 class=\"accordion-title\">Posso utilizar Multi-Gyn Pastilhas sem o Duche Vaginal?<\/h2><\/summary><div class=\"accordion-content\">\n<p>N\u00e3o, Multi-Gyn Pastilhas s\u00e3o apenas para utilizar com o Duche Vaginal.<\/p>\n<\/div><\/details>\n\n\n\n<details class=\"wp-block-karopharma-accordion\"><summary><h2 class=\"accordion-title\">Tenho de utilizar o l\u00edquido todo?<\/h2><\/summary><div class=\"accordion-content\">\n<p>N\u00e3o, basta apenas que aperte uma vez o frasco.<\/p>\n<\/div><\/details>\n\n\n\n<details class=\"wp-block-karopharma-accordion\"><summary><h2 class=\"accordion-title\">Posso reutilizar o l\u00edquido do Duche Vaginal?<\/h2><\/summary><div class=\"accordion-content\">\n<p>N\u00e3o, absolutamente n\u00e3o. O l\u00edquido pode ser utilizado apenas uma vez.<\/p>\n<\/div><\/details>\n\n\n\n<details class=\"wp-block-karopharma-accordion\"><summary><h2 class=\"accordion-title\">\u00c9 dif\u00edcil inserir o Multi-Gyn Duche Vaginal?<\/h2><\/summary><div class=\"accordion-content\">\n<p>N\u00e3o, n\u00e3o \u00e9 dificil utilizar o Duche Vaginal. Contudo, dever\u00e1 estar relaxada e numa posi\u00e7\u00e3o \u00e0 sua escolha num lugar confort\u00e1vel. Para mais informa\u00e7\u00e3o sobre como utilizar o Multi-Gyn Duche vaginal, por favor veja o folheto.<\/p>\n<\/div><\/details>\n\n\n\n<details class=\"wp-block-karopharma-accordion\"><summary><h2 class=\"accordion-title\">Posso utilizar o Multi-Gyn Duche Vaginal com \u00e1gua?<\/h2><\/summary><div class=\"accordion-content\">\n<p>Sim, pode at\u00e9 utilizar o Multi-Gyn Duche Vaginal apenas com \u00e1gua t\u00e9pida.<\/p>\n<\/div><\/details>\n<\/div><\/div>\n","protected":false},"excerpt":{"rendered":"<p>Previne e trata desconfortos vaginais<\/p>\n","protected":false},"featured_media":204,"comment_status":"closed","ping_status":"closed","template":"","meta":{"_acf_changed":false,"footnotes":""},"product_brand":[],"product_cat":[19],"product_tag":[],"class_list":{"0":"post-129","1":"product","2":"type-product","3":"status-publish","4":"has-post-thumbnail","6":"product_cat-cuidado-vaginal","8":"first","9":"instock","10":"shipping-taxable","11":"product-type-simple"},"acf":[],"yoast_head":"<!-- This site is optimized with the Yoast SEO plugin v26.6 - https:\/\/yoast.com\/wordpress\/plugins\/seo\/ -->\n<title>Multi-Gyn Duche Vaginal e Pastilhas - Multi-Gyn<\/title>\n<meta name=\"description\" content=\"Previne e trata desconfortos vaginais\" \/>\n<meta name=\"robots\" content=\"index, follow, max-snippet:-1, max-image-preview:large, max-video-preview:-1\" \/>\n<link rel=\"canonical\" href=\"https:\/\/multi-gyn.com\/pt\/produtos\/multi-gyn-duche-vaginal-e-pastilhas\/\" \/>\n<meta property=\"og:locale\" content=\"pt_PT\" \/>\n<meta property=\"og:type\" content=\"article\" \/>\n<meta property=\"og:title\" content=\"Multi-Gyn Duche Vaginal e Pastilhas - Multi-Gyn\" \/>\n<meta property=\"og:description\" content=\"Previne e trata desconfortos vaginais\" \/>\n<meta property=\"og:url\" content=\"https:\/\/multi-gyn.com\/pt\/produtos\/multi-gyn-duche-vaginal-e-pastilhas\/\" \/>\n<meta property=\"og:site_name\" content=\"Multi-Gyn\" \/>\n<meta property=\"article:modified_time\" content=\"2025-04-28T09:44:13+00:00\" \/>\n<meta property=\"og:image\" content=\"https:\/\/multi-gyn.com\/app\/uploads\/sites\/34\/2022\/12\/MultiGyn_VaginalDouche_INT_Unpacked_A01-683x1024.png\" \/>\n\t<meta property=\"og:image:width\" content=\"683\" \/>\n\t<meta property=\"og:image:height\" content=\"1024\" \/>\n\t<meta property=\"og:image:type\" content=\"image\/png\" \/>\n<meta name=\"twitter:card\" content=\"summary_large_image\" \/>\n<meta name=\"twitter:label1\" content=\"Tempo estimado de leitura\" \/>\n\t<meta name=\"twitter:data1\" content=\"1 minuto\" \/>\n<script type=\"application\/ld+json\" class=\"yoast-schema-graph\">{\"@context\":\"https:\/\/schema.org\",\"@graph\":[{\"@type\":\"WebPage\",\"@id\":\"https:\/\/multi-gyn.com\/pt\/produtos\/multi-gyn-duche-vaginal-e-pastilhas\/\",\"url\":\"https:\/\/multi-gyn.com\/pt\/produtos\/multi-gyn-duche-vaginal-e-pastilhas\/\",\"name\":\"Multi-Gyn Duche Vaginal e Pastilhas - Multi-Gyn\",\"isPartOf\":{\"@id\":\"https:\/\/multi-gyn.com\/pt\/#website\"},\"primaryImageOfPage\":{\"@id\":\"https:\/\/multi-gyn.com\/pt\/produtos\/multi-gyn-duche-vaginal-e-pastilhas\/#primaryimage\"},\"image\":{\"@id\":\"https:\/\/multi-gyn.com\/pt\/produtos\/multi-gyn-duche-vaginal-e-pastilhas\/#primaryimage\"},\"thumbnailUrl\":\"https:\/\/multi-gyn.com\/app\/uploads\/sites\/34\/2022\/12\/MultiGyn_VaginalDouche_INT_Unpacked_A01.png\",\"datePublished\":\"2022-12-06T10:52:13+00:00\",\"dateModified\":\"2025-04-28T09:44:13+00:00\",\"description\":\"Previne e trata desconfortos vaginais\",\"breadcrumb\":{\"@id\":\"https:\/\/multi-gyn.com\/pt\/produtos\/multi-gyn-duche-vaginal-e-pastilhas\/#breadcrumb\"},\"inLanguage\":\"pt-PT\",\"potentialAction\":[{\"@type\":\"ReadAction\",\"target\":[\"https:\/\/multi-gyn.com\/pt\/produtos\/multi-gyn-duche-vaginal-e-pastilhas\/\"]}]},{\"@type\":\"ImageObject\",\"inLanguage\":\"pt-PT\",\"@id\":\"https:\/\/multi-gyn.com\/pt\/produtos\/multi-gyn-duche-vaginal-e-pastilhas\/#primaryimage\",\"url\":\"https:\/\/multi-gyn.com\/app\/uploads\/sites\/34\/2022\/12\/MultiGyn_VaginalDouche_INT_Unpacked_A01.png\",\"contentUrl\":\"https:\/\/multi-gyn.com\/app\/uploads\/sites\/34\/2022\/12\/MultiGyn_VaginalDouche_INT_Unpacked_A01.png\",\"width\":4000,\"height\":6000,\"caption\":\"MultiGyn_VaginalDouche_INT_Unpacked_A01\"},{\"@type\":\"BreadcrumbList\",\"@id\":\"https:\/\/multi-gyn.com\/pt\/produtos\/multi-gyn-duche-vaginal-e-pastilhas\/#breadcrumb\",\"itemListElement\":[{\"@type\":\"ListItem\",\"position\":1,\"name\":\"Home\",\"item\":\"https:\/\/multi-gyn.com\/pt\/\"},{\"@type\":\"ListItem\",\"position\":2,\"name\":\"Produtos\",\"item\":\"https:\/\/multi-gyn.com\/pt\/produtos\/\"},{\"@type\":\"ListItem\",\"position\":3,\"name\":\"Multi-Gyn Duche Vaginal e Pastilhas\"}]},{\"@type\":\"WebSite\",\"@id\":\"https:\/\/multi-gyn.com\/pt\/#website\",\"url\":\"https:\/\/multi-gyn.com\/pt\/\",\"name\":\"Multi-Gyn\",\"description\":\"\",\"publisher\":{\"@id\":\"https:\/\/multi-gyn.com\/pt\/#organization\"},\"potentialAction\":[{\"@type\":\"SearchAction\",\"target\":{\"@type\":\"EntryPoint\",\"urlTemplate\":\"https:\/\/multi-gyn.com\/pt\/?s={search_term_string}\"},\"query-input\":{\"@type\":\"PropertyValueSpecification\",\"valueRequired\":true,\"valueName\":\"search_term_string\"}}],\"inLanguage\":\"pt-PT\"},{\"@type\":\"Organization\",\"@id\":\"https:\/\/multi-gyn.com\/pt\/#organization\",\"name\":\"Multi-Gyn\",\"url\":\"https:\/\/multi-gyn.com\/pt\/\",\"logo\":{\"@type\":\"ImageObject\",\"inLanguage\":\"pt-PT\",\"@id\":\"https:\/\/multi-gyn.com\/pt\/#\/schema\/logo\/image\/\",\"url\":\"https:\/\/multi-gyn.com\/app\/uploads\/sites\/34\/2022\/11\/multi-gyn-logo.png\",\"contentUrl\":\"https:\/\/multi-gyn.com\/app\/uploads\/sites\/34\/2022\/11\/multi-gyn-logo.png\",\"width\":149,\"height\":32,\"caption\":\"Multi-Gyn\"},\"image\":{\"@id\":\"https:\/\/multi-gyn.com\/pt\/#\/schema\/logo\/image\/\"}}]}<\/script>\n<!-- \/ Yoast SEO plugin. -->","yoast_head_json":{"title":"Multi-Gyn Duche Vaginal e Pastilhas - Multi-Gyn","description":"Previne e trata desconfortos vaginais","robots":{"index":"index","follow":"follow","max-snippet":"max-snippet:-1","max-image-preview":"max-image-preview:large","max-video-preview":"max-video-preview:-1"},"canonical":"https:\/\/multi-gyn.com\/pt\/produtos\/multi-gyn-duche-vaginal-e-pastilhas\/","og_locale":"pt_PT","og_type":"article","og_title":"Multi-Gyn Duche Vaginal e Pastilhas - Multi-Gyn","og_description":"Previne e trata desconfortos vaginais","og_url":"https:\/\/multi-gyn.com\/pt\/produtos\/multi-gyn-duche-vaginal-e-pastilhas\/","og_site_name":"Multi-Gyn","article_modified_time":"2025-04-28T09:44:13+00:00","og_image":[{"width":683,"height":1024,"url":"https:\/\/multi-gyn.com\/app\/uploads\/sites\/34\/2022\/12\/MultiGyn_VaginalDouche_INT_Unpacked_A01-683x1024.png","type":"image\/png"}],"twitter_card":"summary_large_image","twitter_misc":{"Tempo estimado de leitura":"1 minuto"},"schema":{"@context":"https:\/\/schema.org","@graph":[{"@type":"WebPage","@id":"https:\/\/multi-gyn.com\/pt\/produtos\/multi-gyn-duche-vaginal-e-pastilhas\/","url":"https:\/\/multi-gyn.com\/pt\/produtos\/multi-gyn-duche-vaginal-e-pastilhas\/","name":"Multi-Gyn Duche Vaginal e Pastilhas - Multi-Gyn","isPartOf":{"@id":"https:\/\/multi-gyn.com\/pt\/#website"},"primaryImageOfPage":{"@id":"https:\/\/multi-gyn.com\/pt\/produtos\/multi-gyn-duche-vaginal-e-pastilhas\/#primaryimage"},"image":{"@id":"https:\/\/multi-gyn.com\/pt\/produtos\/multi-gyn-duche-vaginal-e-pastilhas\/#primaryimage"},"thumbnailUrl":"https:\/\/multi-gyn.com\/app\/uploads\/sites\/34\/2022\/12\/MultiGyn_VaginalDouche_INT_Unpacked_A01.png","datePublished":"2022-12-06T10:52:13+00:00","dateModified":"2025-04-28T09:44:13+00:00","description":"Previne e trata desconfortos vaginais","breadcrumb":{"@id":"https:\/\/multi-gyn.com\/pt\/produtos\/multi-gyn-duche-vaginal-e-pastilhas\/#breadcrumb"},"inLanguage":"pt-PT","potentialAction":[{"@type":"ReadAction","target":["https:\/\/multi-gyn.com\/pt\/produtos\/multi-gyn-duche-vaginal-e-pastilhas\/"]}]},{"@type":"ImageObject","inLanguage":"pt-PT","@id":"https:\/\/multi-gyn.com\/pt\/produtos\/multi-gyn-duche-vaginal-e-pastilhas\/#primaryimage","url":"https:\/\/multi-gyn.com\/app\/uploads\/sites\/34\/2022\/12\/MultiGyn_VaginalDouche_INT_Unpacked_A01.png","contentUrl":"https:\/\/multi-gyn.com\/app\/uploads\/sites\/34\/2022\/12\/MultiGyn_VaginalDouche_INT_Unpacked_A01.png","width":4000,"height":6000,"caption":"MultiGyn_VaginalDouche_INT_Unpacked_A01"},{"@type":"BreadcrumbList","@id":"https:\/\/multi-gyn.com\/pt\/produtos\/multi-gyn-duche-vaginal-e-pastilhas\/#breadcrumb","itemListElement":[{"@type":"ListItem","position":1,"name":"Home","item":"https:\/\/multi-gyn.com\/pt\/"},{"@type":"ListItem","position":2,"name":"Produtos","item":"https:\/\/multi-gyn.com\/pt\/produtos\/"},{"@type":"ListItem","position":3,"name":"Multi-Gyn Duche Vaginal e Pastilhas"}]},{"@type":"WebSite","@id":"https:\/\/multi-gyn.com\/pt\/#website","url":"https:\/\/multi-gyn.com\/pt\/","name":"Multi-Gyn","description":"","publisher":{"@id":"https:\/\/multi-gyn.com\/pt\/#organization"},"potentialAction":[{"@type":"SearchAction","target":{"@type":"EntryPoint","urlTemplate":"https:\/\/multi-gyn.com\/pt\/?s={search_term_string}"},"query-input":{"@type":"PropertyValueSpecification","valueRequired":true,"valueName":"search_term_string"}}],"inLanguage":"pt-PT"},{"@type":"Organization","@id":"https:\/\/multi-gyn.com\/pt\/#organization","name":"Multi-Gyn","url":"https:\/\/multi-gyn.com\/pt\/","logo":{"@type":"ImageObject","inLanguage":"pt-PT","@id":"https:\/\/multi-gyn.com\/pt\/#\/schema\/logo\/image\/","url":"https:\/\/multi-gyn.com\/app\/uploads\/sites\/34\/2022\/11\/multi-gyn-logo.png","contentUrl":"https:\/\/multi-gyn.com\/app\/uploads\/sites\/34\/2022\/11\/multi-gyn-logo.png","width":149,"height":32,"caption":"Multi-Gyn"},"image":{"@id":"https:\/\/multi-gyn.com\/pt\/#\/schema\/logo\/image\/"}}]}},"_links":{"self":[{"href":"https:\/\/multi-gyn.com\/pt\/wp-json\/wp\/v2\/product\/129","targetHints":{"allow":["GET"]}}],"collection":[{"href":"https:\/\/multi-gyn.com\/pt\/wp-json\/wp\/v2\/product"}],"about":[{"href":"https:\/\/multi-gyn.com\/pt\/wp-json\/wp\/v2\/types\/product"}],"replies":[{"embeddable":true,"href":"https:\/\/multi-gyn.com\/pt\/wp-json\/wp\/v2\/comments?post=129"}],"version-history":[{"count":9,"href":"https:\/\/multi-gyn.com\/pt\/wp-json\/wp\/v2\/product\/129\/revisions"}],"predecessor-version":[{"id":747,"href":"https:\/\/multi-gyn.com\/pt\/wp-json\/wp\/v2\/product\/129\/revisions\/747"}],"wp:featuredmedia":[{"embeddable":true,"href":"https:\/\/multi-gyn.com\/pt\/wp-json\/wp\/v2\/media\/204"}],"wp:attachment":[{"href":"https:\/\/multi-gyn.com\/pt\/wp-json\/wp\/v2\/media?parent=129"}],"wp:term":[{"taxonomy":"product_brand","embeddable":true,"href":"https:\/\/multi-gyn.com\/pt\/wp-json\/wp\/v2\/product_brand?post=129"},{"taxonomy":"product_cat","embeddable":true,"href":"https:\/\/multi-gyn.com\/pt\/wp-json\/wp\/v2\/product_cat?post=129"},{"taxonomy":"product_tag","embeddable":true,"href":"https:\/\/multi-gyn.com\/pt\/wp-json\/wp\/v2\/product_tag?post=129"}],"curies":[{"name":"wp","href":"https:\/\/api.w.org\/{rel}","templated":true}]}}