{"id":46,"date":"2022-09-01T15:42:30","date_gmt":"2022-09-01T13:42:30","guid":{"rendered":"https:\/\/multi-gyn.com\/rebrand-ro\/?page_id=46"},"modified":"2025-10-10T13:43:43","modified_gmt":"2025-10-10T10:43:43","slug":"cautare-de-produse","status":"publish","type":"page","link":"https:\/\/multi-gyn.com\/ro\/cautare-de-produse\/","title":{"rendered":"C\u0103utare de produse"},"content":{"rendered":"\n<div class=\"wp-block-karopharma-free-text pt-large pb-large bg-center bg-cover bg-no-repeat\" style=\"background-image:url(https:\/\/multi-gyn.com\/cdn-cgi\/image\/format=auto\/app\/uploads\/sites\/25\/2025\/10\/Multi-Gyn_1920x750_Banner_FindSolution.jpg)\"><div class=\"free-text-wrapper container max-w-large text-left\">\n<div style=\"height:100px\" aria-hidden=\"true\" class=\"wp-block-spacer is-style-responsive-medium\"><\/div>\n\n\n\n<h1 class=\"wp-block-heading has-text-align-center is-style-heading-huge has-white-color has-text-color\">Care produs din gama Multi-Gyn este cel potrivit pentru dumneavoastr\u0103?<\/h1>\n\n\n\n<div style=\"height:100px\" aria-hidden=\"true\" class=\"wp-block-spacer is-style-responsive-medium\"><\/div>\n<\/div><\/div>\n\n\n\n<div class=\"wp-block-karopharma-free-text pt-large pb-large bg-center bg-cover bg-no-repeat  is-style-primary\" style=\"background-image:url()\"><div class=\"free-text-wrapper container max-w-medium text-center\">\n<p class=\"has-text-align-center is-style-paragraph-preamble\">Nu este \u00eentotdeauna u\u0219or s\u0103 v\u0103 da\u021bi seama ce ave\u021bi \u0219i care ar putea fi solu\u021bia potrivit\u0103. Este u\u0219or s\u0103 confunda\u021bi aftele vaginale cu vaginoza bacterian\u0103 \u0219i invers. \u0218i de unde \u0219ti\u021bi dac\u0103 ave\u021bi usc\u0103ciune vaginal\u0103? \u00cencerca\u021bi selectorul nostru de produse dac\u0103 nu sunte\u021bi sigur\u0103 ce se \u00eent\u00e2mpl\u0103. V\u0103 poate ajuta s\u0103 v\u0103 orienta\u021bi c\u0103tre tratamentul potrivit.<\/p>\n\n\n\n<button data-tf-popup=\"wOwM2xvp\" data-tf-iframe-props=\"title=UK-- Multi-Gyn -- Find Solution 2022\" data-tf-medium=\"snippet\" style=\"all:unset;font-family:Helvetica,Arial,sans-serif;display:inline-block;max-width:100%;white-space:nowrap;overflow:hidden;text-overflow:ellipsis;background-color:#753cbe;color:#FFFFFF;font-size:20px;border-radius:25px;padding:0 33px;font-weight:bold;height:50px;cursor:pointer;line-height:50px;text-align:center;margin:0;text-decoration:none;\">Porni\u021bi c\u0103utarea solu\u021biei<\/button><script src=\"\/\/embed.typeform.com\/next\/embed.js\"><\/script>\n<\/div><\/div>\n\n\n<div class=\"product-list wp-block-karopharma-product-list\" data-testid=\"product-list\">\n      <div class=\"swiper-container\">\n      <div class=\"swiper\">\n        <div class=\"swiper-wrapper\">\n                      <div class=\"swiper-slide\">\n              <div class=\"product-card\" data-testid=\"product-card\">\n  <a\n    href=https:\/\/multi-gyn.com\/ro\/produs\/multi-gyn-liquigel\/\n    class=\"product-card-link\"\n    title=\"Multi-Gyn LiquiGel\"\n  >\n  <figure class=\"product-card-image\" data-testid=\"product-image\">\n                          <img decoding=\"async\" src=\"https:\/\/multi-gyn.com\/cdn-cgi\/image\/width=700,format=auto\/app\/uploads\/sites\/25\/2022\/09\/Multi-Gyn-LiquiGel.png\"\n        srcset=\"https:\/\/multi-gyn.com\/cdn-cgi\/image\/width=250,format=auto\/app\/uploads\/sites\/25\/2022\/09\/Multi-Gyn-LiquiGel.png 250w,\n                https:\/\/multi-gyn.com\/cdn-cgi\/image\/width=500,format=auto\/app\/uploads\/sites\/25\/2022\/09\/Multi-Gyn-LiquiGel.png 500w,\n                https:\/\/multi-gyn.com\/cdn-cgi\/image\/width=700,format=auto\/app\/uploads\/sites\/25\/2022\/09\/Multi-Gyn-LiquiGel.png 700w\"\n        sizes=\"(max-width: 400px) 250px, (max-width: 800px) 500px, 700px\"\n        alt=\"\"\n        class=\"img\">\n            <\/figure>\n    <div class=\"product-card-content\">\n      <div class=\"heading-wrapper\">\n        <h2 class=\"heading\">Multi-Gyn LiquiGel<\/h2>\n      <\/div>\n      <div class=\"product-card-description\">Trateaz\u0103 \u0219i amelioreaz\u0103 usc\u0103ciunea vaginal\u0103<\/div>\n                      <\/div>\n  <\/a>\n          <div class=\"button-wrapper buy-now no-resellers\" data-testid=\"buy-now\">\n          <div class=\"buy-now-container dropdown-container\">\n    <a\n      class=\"theme-button button-primary-color rounded-button\"\n      href=\"https:\/\/comenzi.farmaciatei.ro\/ingrijire-personala\/ingrijire-intima\/ingrijire-intima-avansata\/gel-pentru-prevenirea-si-tratarea-uscaciunii-vaginale-liquigel-multi-gyn-50-ml-bioclin-p388840\" onclick=\"dataLayer.push({'event':'ga_event', 'eventCategory':'Click on Reseller', 'eventAction':'Farmacia Tei', 'eventLabel':'Multi-Gyn LiquiGel', 'eventValue': undefined})\" rel=\"noopener\" target=\"_blank\" title=\"Farmacia Tei\"\n      data-testid=\"buy-now-reseller\">\n      Cump\u0103r\u0103 acum\n    <\/a>\n    <\/div>\n  <\/div>\n  <\/div>\n            <\/div>\n                      <div class=\"swiper-slide\">\n              <div class=\"product-card\" data-testid=\"product-card\">\n  <a\n    href=https:\/\/multi-gyn.com\/ro\/produs\/multi-gyn-tablete\/\n    class=\"product-card-link\"\n    title=\"Multi-Gyn Tablete\"\n  >\n  <figure class=\"product-card-image\" data-testid=\"product-image\">\n                          <img decoding=\"async\" src=\"https:\/\/multi-gyn.com\/cdn-cgi\/image\/width=700,format=auto\/app\/uploads\/sites\/25\/2022\/09\/MultiGynVaginalTablets10TubeINTFrontNoPerspectiveA01cropped-1400x1400-1-1024x1024-1.png\"\n        srcset=\"https:\/\/multi-gyn.com\/cdn-cgi\/image\/width=250,format=auto\/app\/uploads\/sites\/25\/2022\/09\/MultiGynVaginalTablets10TubeINTFrontNoPerspectiveA01cropped-1400x1400-1-1024x1024-1.png 250w,\n                https:\/\/multi-gyn.com\/cdn-cgi\/image\/width=500,format=auto\/app\/uploads\/sites\/25\/2022\/09\/MultiGynVaginalTablets10TubeINTFrontNoPerspectiveA01cropped-1400x1400-1-1024x1024-1.png 500w,\n                https:\/\/multi-gyn.com\/cdn-cgi\/image\/width=700,format=auto\/app\/uploads\/sites\/25\/2022\/09\/MultiGynVaginalTablets10TubeINTFrontNoPerspectiveA01cropped-1400x1400-1-1024x1024-1.png 700w\"\n        sizes=\"(max-width: 400px) 250px, (max-width: 800px) 500px, 700px\"\n        alt=\"\"\n        class=\"img\">\n            <\/figure>\n    <div class=\"product-card-content\">\n      <div class=\"heading-wrapper\">\n        <h2 class=\"heading\">Multi-Gyn Tablete<\/h2>\n      <\/div>\n      <div class=\"product-card-description\">Pentru prepararea unei solu\u021bii de cl\u0103tire pentru du\u0219ul vaginal<\/div>\n                      <\/div>\n  <\/a>\n          <div class=\"button-wrapper buy-now no-resellers\" data-testid=\"buy-now\">\n          <div class=\"buy-now-container dropdown-container\">\n    <a\n      class=\"theme-button button-primary-color rounded-button\"\n      href=\"https:\/\/comenzi.farmaciatei.ro\/ingrijire-personala\/ingrijire-intima\/ingrijire-intima-avansata\/multi-gyn-tablete-pentru-prevenirea-infectiilor-vaginale-10-tablete-bioclin-p302121\" onclick=\"dataLayer.push({'event':'ga_event', 'eventCategory':'Click on Reseller', 'eventAction':'Farmacia Tei', 'eventLabel':'Multi-Gyn Tablete', 'eventValue': undefined})\" rel=\"noopener\" target=\"_blank\" title=\"Farmacia Tei\"\n      data-testid=\"buy-now-reseller\">\n      Cump\u0103r\u0103 acum\n    <\/a>\n    <\/div>\n  <\/div>\n  <\/div>\n            <\/div>\n                      <div class=\"swiper-slide\">\n              <div class=\"product-card\" data-testid=\"product-card\">\n  <a\n    href=https:\/\/multi-gyn.com\/ro\/produs\/multi-gyn-irigator-tablete\/\n    class=\"product-card-link\"\n    title=\"Multi-Gyn Irigator &#038; Tablete\"\n  >\n  <figure class=\"product-card-image\" data-testid=\"product-image\">\n                          <img decoding=\"async\" src=\"https:\/\/multi-gyn.com\/cdn-cgi\/image\/width=700,format=auto\/app\/uploads\/sites\/25\/2022\/09\/MultiGynVaginalDoucheINTUnpackedA01cropped-1400x1400-1-1024x1024-1.png\"\n        srcset=\"https:\/\/multi-gyn.com\/cdn-cgi\/image\/width=250,format=auto\/app\/uploads\/sites\/25\/2022\/09\/MultiGynVaginalDoucheINTUnpackedA01cropped-1400x1400-1-1024x1024-1.png 250w,\n                https:\/\/multi-gyn.com\/cdn-cgi\/image\/width=500,format=auto\/app\/uploads\/sites\/25\/2022\/09\/MultiGynVaginalDoucheINTUnpackedA01cropped-1400x1400-1-1024x1024-1.png 500w,\n                https:\/\/multi-gyn.com\/cdn-cgi\/image\/width=700,format=auto\/app\/uploads\/sites\/25\/2022\/09\/MultiGynVaginalDoucheINTUnpackedA01cropped-1400x1400-1-1024x1024-1.png 700w\"\n        sizes=\"(max-width: 400px) 250px, (max-width: 800px) 500px, 700px\"\n        alt=\"\"\n        class=\"img\">\n            <\/figure>\n    <div class=\"product-card-content\">\n      <div class=\"heading-wrapper\">\n        <h2 class=\"heading\">Multi-Gyn Irigator &#038; Tablete<\/h2>\n      <\/div>\n      <div class=\"product-card-description\">Pentru cur\u0103\u021barea optim\u0103 a vaginului<\/div>\n                      <\/div>\n  <\/a>\n          <div class=\"button-wrapper buy-now no-resellers\" data-testid=\"buy-now\">\n          <div class=\"buy-now-container dropdown-container\">\n    <a\n      class=\"theme-button button-primary-color rounded-button\"\n      href=\"https:\/\/comenzi.farmaciatei.ro\/ingrijire-personala\/ingrijire-intima\/ingrijire-intima-avansata\/irigator-vaginal-si-tablete-efervescente-pentru-igiena-vaginala-multi-gyn-bioclin-p335433\" onclick=\"dataLayer.push({'event':'ga_event', 'eventCategory':'Click on Reseller', 'eventAction':'Farmacia Tei', 'eventLabel':'Multi-Gyn Irigator &amp; Tablete', 'eventValue': undefined})\" rel=\"noopener\" target=\"_blank\" title=\"Farmacia Tei\"\n      data-testid=\"buy-now-reseller\">\n      Cump\u0103r\u0103 acum\n    <\/a>\n    <\/div>\n  <\/div>\n  <\/div>\n            <\/div>\n                      <div class=\"swiper-slide\">\n              <div class=\"product-card\" data-testid=\"product-card\">\n  <a\n    href=https:\/\/multi-gyn.com\/ro\/produs\/multi-gyn-floraplus\/\n    class=\"product-card-link\"\n    title=\"Multi-Gyn FloraPlus\"\n  >\n  <figure class=\"product-card-image\" data-testid=\"product-image\">\n                          <img decoding=\"async\" src=\"https:\/\/multi-gyn.com\/cdn-cgi\/image\/width=700,format=auto\/app\/uploads\/sites\/25\/2022\/09\/MultiGynFloraPlusINTUnpackedA01cropped-1-1400x1400-1-1024x1024-1.png\"\n        srcset=\"https:\/\/multi-gyn.com\/cdn-cgi\/image\/width=250,format=auto\/app\/uploads\/sites\/25\/2022\/09\/MultiGynFloraPlusINTUnpackedA01cropped-1-1400x1400-1-1024x1024-1.png 250w,\n                https:\/\/multi-gyn.com\/cdn-cgi\/image\/width=500,format=auto\/app\/uploads\/sites\/25\/2022\/09\/MultiGynFloraPlusINTUnpackedA01cropped-1-1400x1400-1-1024x1024-1.png 500w,\n                https:\/\/multi-gyn.com\/cdn-cgi\/image\/width=700,format=auto\/app\/uploads\/sites\/25\/2022\/09\/MultiGynFloraPlusINTUnpackedA01cropped-1-1400x1400-1-1024x1024-1.png 700w\"\n        sizes=\"(max-width: 400px) 250px, (max-width: 800px) 500px, 700px\"\n        alt=\"\"\n        class=\"img\">\n            <\/figure>\n    <div class=\"product-card-content\">\n      <div class=\"heading-wrapper\">\n        <h2 class=\"heading\">Multi-Gyn FloraPlus<\/h2>\n      <\/div>\n      <div class=\"product-card-description\">Trateaz\u0103 simptomele candidozei vaginale<\/div>\n                      <\/div>\n  <\/a>\n          <div class=\"button-wrapper buy-now no-resellers\" data-testid=\"buy-now\">\n          <div class=\"buy-now-container dropdown-container\">\n    <a\n      class=\"theme-button button-primary-color rounded-button\"\n      href=\"https:\/\/comenzi.farmaciatei.ro\/ingrijire-personala\/ingrijire-intima\/ingrijire-intima-avansata\/gel-pentru-infectii-vaginale-flora-plus-multi-gyn-5-ml-x-5-monodoze-bioclin-p310286\" onclick=\"dataLayer.push({'event':'ga_event', 'eventCategory':'Click on Reseller', 'eventAction':'Farmacia Tei', 'eventLabel':'Multi-Gyn FloraPlus', 'eventValue': undefined})\" rel=\"noopener\" target=\"_blank\" title=\"Farmacia Tei\"\n      data-testid=\"buy-now-reseller\">\n      Cump\u0103r\u0103 acum\n    <\/a>\n    <\/div>\n  <\/div>\n  <\/div>\n            <\/div>\n                      <div class=\"swiper-slide\">\n              <div class=\"product-card\" data-testid=\"product-card\">\n  <a\n    href=https:\/\/multi-gyn.com\/ro\/produs\/multi-gyn-femiwash\/\n    class=\"product-card-link\"\n    title=\"Multi-Gyn FemiWash\"\n  >\n  <figure class=\"product-card-image\" data-testid=\"product-image\">\n                          <img decoding=\"async\" src=\"https:\/\/multi-gyn.com\/cdn-cgi\/image\/width=700,format=auto\/app\/uploads\/sites\/25\/2022\/09\/MultiGynFemiWash100BottleINTFrontNoPerspectiveA01cropped-1400x1400-1-1024x1024-1.png\"\n        srcset=\"https:\/\/multi-gyn.com\/cdn-cgi\/image\/width=250,format=auto\/app\/uploads\/sites\/25\/2022\/09\/MultiGynFemiWash100BottleINTFrontNoPerspectiveA01cropped-1400x1400-1-1024x1024-1.png 250w,\n                https:\/\/multi-gyn.com\/cdn-cgi\/image\/width=500,format=auto\/app\/uploads\/sites\/25\/2022\/09\/MultiGynFemiWash100BottleINTFrontNoPerspectiveA01cropped-1400x1400-1-1024x1024-1.png 500w,\n                https:\/\/multi-gyn.com\/cdn-cgi\/image\/width=700,format=auto\/app\/uploads\/sites\/25\/2022\/09\/MultiGynFemiWash100BottleINTFrontNoPerspectiveA01cropped-1400x1400-1-1024x1024-1.png 700w\"\n        sizes=\"(max-width: 400px) 250px, (max-width: 800px) 500px, 700px\"\n        alt=\"\"\n        class=\"img\">\n            <\/figure>\n    <div class=\"product-card-content\">\n      <div class=\"heading-wrapper\">\n        <h2 class=\"heading\">Multi-Gyn FemiWash<\/h2>\n      <\/div>\n      <div class=\"product-card-description\">Cur\u0103\u021b\u0103 delicat \u0219i \u00eemprosp\u0103teaz\u0103 zona intim\u0103<\/div>\n                      <\/div>\n  <\/a>\n          <div class=\"button-wrapper buy-now \" data-testid=\"buy-now\">\n      <div class=\"buy-now-container dropdown-container\">\n      <div class=\"theme-button button-primary-color dropdown-link\" aria-label=\"Cump\u0103r\u0103 acum\">\n          Cump\u0103r\u0103 acum <i class=\"dropdown\"><\/i>\n      <\/div>\n      <ul class=\"reseller-list submenu\">\n                    <li>\n              <a\n                href=\"https:\/\/www.catena.ro\/multi-gyn-femiwash-x-100ml\" onclick=\"dataLayer.push({'event':'ga_event', 'eventCategory':'Click on Reseller', 'eventAction':'Catena', 'eventLabel':'Multi-Gyn FemiWash', 'eventValue': undefined})\" rel=\"noopener\" target=\"_blank\" title=\"Catena\"\n                data-testid=\"buy-now-reseller\">\n                <i class=\"fa-solid fa-arrow-right\"><\/i> Catena\n              <\/a>\n          <\/li>\n                    <li>\n              <a\n                href=\"https:\/\/comenzi.farmaciatei.ro\/ingrijire-personala\/ingrijire-intima\/ingrijire-intima-avansata\/femiwash-multi-gyn-pentru-curatare-si-igiena-intima-100-ml-bioclin-p302120\" onclick=\"dataLayer.push({'event':'ga_event', 'eventCategory':'Click on Reseller', 'eventAction':'Farmacia Tei', 'eventLabel':'Multi-Gyn FemiWash', 'eventValue': undefined})\" rel=\"noopener\" target=\"_blank\" title=\"Farmacia Tei\"\n                data-testid=\"buy-now-reseller\">\n                <i class=\"fa-solid fa-arrow-right\"><\/i> Farmacia Tei\n              <\/a>\n          <\/li>\n                <\/ul>\n    <\/div>\n  <\/div>\n  <\/div>\n            <\/div>\n                      <div class=\"swiper-slide\">\n              <div class=\"product-card\" data-testid=\"product-card\">\n  <a\n    href=https:\/\/multi-gyn.com\/ro\/produs\/multi-gyn-actigel\/\n    class=\"product-card-link\"\n    title=\"Multi-Gyn ActiGel\"\n  >\n  <figure class=\"product-card-image\" data-testid=\"product-image\">\n                          <img decoding=\"async\" src=\"https:\/\/multi-gyn.com\/cdn-cgi\/image\/width=700,format=auto\/app\/uploads\/sites\/25\/2022\/09\/MultiGynActiGel50INTUnpackedA01cropped-1400x1400-1-1024x1024-1.png\"\n        srcset=\"https:\/\/multi-gyn.com\/cdn-cgi\/image\/width=250,format=auto\/app\/uploads\/sites\/25\/2022\/09\/MultiGynActiGel50INTUnpackedA01cropped-1400x1400-1-1024x1024-1.png 250w,\n                https:\/\/multi-gyn.com\/cdn-cgi\/image\/width=500,format=auto\/app\/uploads\/sites\/25\/2022\/09\/MultiGynActiGel50INTUnpackedA01cropped-1400x1400-1-1024x1024-1.png 500w,\n                https:\/\/multi-gyn.com\/cdn-cgi\/image\/width=700,format=auto\/app\/uploads\/sites\/25\/2022\/09\/MultiGynActiGel50INTUnpackedA01cropped-1400x1400-1-1024x1024-1.png 700w\"\n        sizes=\"(max-width: 400px) 250px, (max-width: 800px) 500px, 700px\"\n        alt=\"\"\n        class=\"img\">\n            <\/figure>\n    <div class=\"product-card-content\">\n      <div class=\"heading-wrapper\">\n        <h2 class=\"heading\">Multi-Gyn ActiGel<\/h2>\n      <\/div>\n      <div class=\"product-card-description\">Trateaz\u0103 vaginoza bacterian\u0103<\/div>\n                      <\/div>\n  <\/a>\n          <div class=\"button-wrapper buy-now no-resellers\" data-testid=\"buy-now\">\n          <div class=\"buy-now-container dropdown-container\">\n    <a\n      class=\"theme-button button-primary-color rounded-button\"\n      href=\"https:\/\/comenzi.farmaciatei.ro\/ingrijire-personala\/ingrijire-intima\/ingrijire-intima-avansata\/actigel-multi-gyn-pentru-prevenirea-si-tratarea-disconfortului-vaginal-50-ml-bioclin-p302118\" onclick=\"dataLayer.push({'event':'ga_event', 'eventCategory':'Click on Reseller', 'eventAction':'Farmacia Tei', 'eventLabel':'Multi-Gyn ActiGel', 'eventValue': undefined})\" rel=\"noopener\" target=\"_blank\" title=\"Farmacia Tei\"\n      data-testid=\"buy-now-reseller\">\n      Cump\u0103r\u0103 acum\n    <\/a>\n    <\/div>\n  <\/div>\n  <\/div>\n            <\/div>\n                  <\/div>\n        <div class=\"swiper-scrollbar\"><\/div>\n      <\/div>\n    <\/div>\n  <\/div>\n","protected":false},"excerpt":{"rendered":"","protected":false},"author":2,"featured_media":0,"parent":0,"menu_order":0,"comment_status":"closed","ping_status":"closed","template":"","meta":{"_acf_changed":false,"footnotes":""},"from-article-database":[],"class_list":["post-46","page","type-page","status-publish","hentry"],"acf":[],"yoast_head":"<!-- This site is optimized with the Yoast SEO plugin v26.6 - https:\/\/yoast.com\/wordpress\/plugins\/seo\/ -->\n<title>C\u0103utare de produse - Multi-Gyn<\/title>\n<meta name=\"description\" content=\"Nu este \u00eentotdeauna u\u0219or s\u0103 v\u0103 da\u021bi seama ce ave\u021bi \u0219i care ar putea fi solu\u021bia potrivit\u0103.\" \/>\n<meta name=\"robots\" content=\"index, follow, max-snippet:-1, max-image-preview:large, max-video-preview:-1\" \/>\n<link rel=\"canonical\" href=\"https:\/\/multi-gyn.com\/ro\/cautare-de-produse\/\" \/>\n<meta property=\"og:locale\" content=\"ro_RO\" \/>\n<meta property=\"og:type\" content=\"article\" \/>\n<meta property=\"og:title\" content=\"C\u0103utare de produse - Multi-Gyn\" \/>\n<meta property=\"og:description\" content=\"Nu este \u00eentotdeauna u\u0219or s\u0103 v\u0103 da\u021bi seama ce ave\u021bi \u0219i care ar putea fi solu\u021bia potrivit\u0103.\" \/>\n<meta property=\"og:url\" content=\"https:\/\/multi-gyn.com\/ro\/cautare-de-produse\/\" \/>\n<meta property=\"og:site_name\" content=\"Multi-Gyn\" \/>\n<meta property=\"article:modified_time\" content=\"2025-10-10T10:43:43+00:00\" \/>\n<meta property=\"og:image\" content=\"https:\/\/multi-gyn.com\/app\/uploads\/sites\/25\/2022\/11\/solution-hero.jpeg\" \/>\n\t<meta property=\"og:image:width\" content=\"1920\" \/>\n\t<meta property=\"og:image:height\" content=\"982\" \/>\n\t<meta property=\"og:image:type\" content=\"image\/jpeg\" \/>\n<meta name=\"twitter:card\" content=\"summary_large_image\" \/>\n<meta name=\"twitter:label1\" content=\"Timp estimat pentru citire\" \/>\n\t<meta name=\"twitter:data1\" content=\"1 minut\" \/>\n<script type=\"application\/ld+json\" class=\"yoast-schema-graph\">{\"@context\":\"https:\/\/schema.org\",\"@graph\":[{\"@type\":\"WebPage\",\"@id\":\"https:\/\/multi-gyn.com\/ro\/cautare-de-produse\/\",\"url\":\"https:\/\/multi-gyn.com\/ro\/cautare-de-produse\/\",\"name\":\"C\u0103utare de produse - Multi-Gyn\",\"isPartOf\":{\"@id\":\"https:\/\/multi-gyn.com\/ro\/#website\"},\"datePublished\":\"2022-09-01T13:42:30+00:00\",\"dateModified\":\"2025-10-10T10:43:43+00:00\",\"description\":\"Nu este \u00eentotdeauna u\u0219or s\u0103 v\u0103 da\u021bi seama ce ave\u021bi \u0219i care ar putea fi solu\u021bia potrivit\u0103.\",\"breadcrumb\":{\"@id\":\"https:\/\/multi-gyn.com\/ro\/cautare-de-produse\/#breadcrumb\"},\"inLanguage\":\"ro-RO\",\"potentialAction\":[{\"@type\":\"ReadAction\",\"target\":[\"https:\/\/multi-gyn.com\/ro\/cautare-de-produse\/\"]}]},{\"@type\":\"BreadcrumbList\",\"@id\":\"https:\/\/multi-gyn.com\/ro\/cautare-de-produse\/#breadcrumb\",\"itemListElement\":[{\"@type\":\"ListItem\",\"position\":1,\"name\":\"Home\",\"item\":\"https:\/\/multi-gyn.com\/ro\/\"},{\"@type\":\"ListItem\",\"position\":2,\"name\":\"C\u0103utare de produse\"}]},{\"@type\":\"WebSite\",\"@id\":\"https:\/\/multi-gyn.com\/ro\/#website\",\"url\":\"https:\/\/multi-gyn.com\/ro\/\",\"name\":\"Multi-Gyn\",\"description\":\"\",\"publisher\":{\"@id\":\"https:\/\/multi-gyn.com\/ro\/#organization\"},\"potentialAction\":[{\"@type\":\"SearchAction\",\"target\":{\"@type\":\"EntryPoint\",\"urlTemplate\":\"https:\/\/multi-gyn.com\/ro\/?s={search_term_string}\"},\"query-input\":{\"@type\":\"PropertyValueSpecification\",\"valueRequired\":true,\"valueName\":\"search_term_string\"}}],\"inLanguage\":\"ro-RO\"},{\"@type\":\"Organization\",\"@id\":\"https:\/\/multi-gyn.com\/ro\/#organization\",\"name\":\"Multi-Gyn\",\"url\":\"https:\/\/multi-gyn.com\/ro\/\",\"logo\":{\"@type\":\"ImageObject\",\"inLanguage\":\"ro-RO\",\"@id\":\"https:\/\/multi-gyn.com\/ro\/#\/schema\/logo\/image\/\",\"url\":\"https:\/\/multi-gyn.com\/app\/uploads\/sites\/25\/2022\/08\/multi-gyn-logo.png\",\"contentUrl\":\"https:\/\/multi-gyn.com\/app\/uploads\/sites\/25\/2022\/08\/multi-gyn-logo.png\",\"width\":149,\"height\":32,\"caption\":\"Multi-Gyn\"},\"image\":{\"@id\":\"https:\/\/multi-gyn.com\/ro\/#\/schema\/logo\/image\/\"}}]}<\/script>\n<!-- \/ Yoast SEO plugin. -->","yoast_head_json":{"title":"C\u0103utare de produse - Multi-Gyn","description":"Nu este \u00eentotdeauna u\u0219or s\u0103 v\u0103 da\u021bi seama ce ave\u021bi \u0219i care ar putea fi solu\u021bia potrivit\u0103.","robots":{"index":"index","follow":"follow","max-snippet":"max-snippet:-1","max-image-preview":"max-image-preview:large","max-video-preview":"max-video-preview:-1"},"canonical":"https:\/\/multi-gyn.com\/ro\/cautare-de-produse\/","og_locale":"ro_RO","og_type":"article","og_title":"C\u0103utare de produse - Multi-Gyn","og_description":"Nu este \u00eentotdeauna u\u0219or s\u0103 v\u0103 da\u021bi seama ce ave\u021bi \u0219i care ar putea fi solu\u021bia potrivit\u0103.","og_url":"https:\/\/multi-gyn.com\/ro\/cautare-de-produse\/","og_site_name":"Multi-Gyn","article_modified_time":"2025-10-10T10:43:43+00:00","og_image":[{"width":1920,"height":982,"url":"https:\/\/multi-gyn.com\/app\/uploads\/sites\/25\/2022\/11\/solution-hero.jpeg","type":"image\/jpeg"}],"twitter_card":"summary_large_image","twitter_misc":{"Timp estimat pentru citire":"1 minut"},"schema":{"@context":"https:\/\/schema.org","@graph":[{"@type":"WebPage","@id":"https:\/\/multi-gyn.com\/ro\/cautare-de-produse\/","url":"https:\/\/multi-gyn.com\/ro\/cautare-de-produse\/","name":"C\u0103utare de produse - Multi-Gyn","isPartOf":{"@id":"https:\/\/multi-gyn.com\/ro\/#website"},"datePublished":"2022-09-01T13:42:30+00:00","dateModified":"2025-10-10T10:43:43+00:00","description":"Nu este \u00eentotdeauna u\u0219or s\u0103 v\u0103 da\u021bi seama ce ave\u021bi \u0219i care ar putea fi solu\u021bia potrivit\u0103.","breadcrumb":{"@id":"https:\/\/multi-gyn.com\/ro\/cautare-de-produse\/#breadcrumb"},"inLanguage":"ro-RO","potentialAction":[{"@type":"ReadAction","target":["https:\/\/multi-gyn.com\/ro\/cautare-de-produse\/"]}]},{"@type":"BreadcrumbList","@id":"https:\/\/multi-gyn.com\/ro\/cautare-de-produse\/#breadcrumb","itemListElement":[{"@type":"ListItem","position":1,"name":"Home","item":"https:\/\/multi-gyn.com\/ro\/"},{"@type":"ListItem","position":2,"name":"C\u0103utare de produse"}]},{"@type":"WebSite","@id":"https:\/\/multi-gyn.com\/ro\/#website","url":"https:\/\/multi-gyn.com\/ro\/","name":"Multi-Gyn","description":"","publisher":{"@id":"https:\/\/multi-gyn.com\/ro\/#organization"},"potentialAction":[{"@type":"SearchAction","target":{"@type":"EntryPoint","urlTemplate":"https:\/\/multi-gyn.com\/ro\/?s={search_term_string}"},"query-input":{"@type":"PropertyValueSpecification","valueRequired":true,"valueName":"search_term_string"}}],"inLanguage":"ro-RO"},{"@type":"Organization","@id":"https:\/\/multi-gyn.com\/ro\/#organization","name":"Multi-Gyn","url":"https:\/\/multi-gyn.com\/ro\/","logo":{"@type":"ImageObject","inLanguage":"ro-RO","@id":"https:\/\/multi-gyn.com\/ro\/#\/schema\/logo\/image\/","url":"https:\/\/multi-gyn.com\/app\/uploads\/sites\/25\/2022\/08\/multi-gyn-logo.png","contentUrl":"https:\/\/multi-gyn.com\/app\/uploads\/sites\/25\/2022\/08\/multi-gyn-logo.png","width":149,"height":32,"caption":"Multi-Gyn"},"image":{"@id":"https:\/\/multi-gyn.com\/ro\/#\/schema\/logo\/image\/"}}]}},"_links":{"self":[{"href":"https:\/\/multi-gyn.com\/ro\/wp-json\/wp\/v2\/pages\/46","targetHints":{"allow":["GET"]}}],"collection":[{"href":"https:\/\/multi-gyn.com\/ro\/wp-json\/wp\/v2\/pages"}],"about":[{"href":"https:\/\/multi-gyn.com\/ro\/wp-json\/wp\/v2\/types\/page"}],"author":[{"embeddable":true,"href":"https:\/\/multi-gyn.com\/ro\/wp-json\/wp\/v2\/users\/2"}],"replies":[{"embeddable":true,"href":"https:\/\/multi-gyn.com\/ro\/wp-json\/wp\/v2\/comments?post=46"}],"version-history":[{"count":7,"href":"https:\/\/multi-gyn.com\/ro\/wp-json\/wp\/v2\/pages\/46\/revisions"}],"predecessor-version":[{"id":227,"href":"https:\/\/multi-gyn.com\/ro\/wp-json\/wp\/v2\/pages\/46\/revisions\/227"}],"wp:attachment":[{"href":"https:\/\/multi-gyn.com\/ro\/wp-json\/wp\/v2\/media?parent=46"}],"wp:term":[{"taxonomy":"from-article-database","embeddable":true,"href":"https:\/\/multi-gyn.com\/ro\/wp-json\/wp\/v2\/from-article-database?post=46"}],"curies":[{"name":"wp","href":"https:\/\/api.w.org\/{rel}","templated":true}]}}