{"id":55,"date":"2022-09-01T15:45:14","date_gmt":"2022-09-01T13:45:14","guid":{"rendered":"https:\/\/multi-gyn.com\/rebrand-ro\/?page_id=55"},"modified":"2024-08-21T12:44:19","modified_gmt":"2024-08-21T09:44:19","slug":"vaginoza-bacteriana","status":"publish","type":"page","link":"https:\/\/multi-gyn.com\/ro\/cautare-de-produse\/vaginoza-bacteriana\/","title":{"rendered":"Vaginoza bacterian\u0103"},"content":{"rendered":"\n<div class=\"wp-block-karopharma-free-text pt-large pb-large bg-center bg-cover bg-no-repeat\" style=\"background-image:url(https:\/\/multi-gyn.com\/cdn-cgi\/image\/format=auto\/app\/uploads\/sites\/25\/2022\/11\/iStock-1192627547Cropt-scaled-1.jpeg)\"><div class=\"free-text-wrapper container max-w-medium text-left\">\n<div style=\"height:100px\" aria-hidden=\"true\" class=\"wp-block-spacer is-style-responsive-medium\"><\/div>\n\n\n\n<h1 class=\"has-white-color has-text-color wp-block-heading\">Vaginoza bacterian\u0103 &#8211; o infec\u021bie nepl\u0103cut\u0103<\/h1>\n\n\n\n<div style=\"height:100px\" aria-hidden=\"true\" class=\"wp-block-spacer is-style-responsive-medium\"><\/div>\n<\/div><\/div>\n\n\n\n<div class=\"wp-block-karopharma-free-text pt-large pb-large bg-center bg-contain bg-no-repeat  undefined is-style-primary\" style=\"background-image:url()\"><div class=\"free-text-wrapper container max-w-medium text-left\">\n<p class=\"is-style-paragraph-preamble\">Majoritatea vaginelor miros pu\u021bin din c\u00e2nd \u00een c\u00e2nd \u0219i, de obicei, nu este nimic de \u00eengrijorat. Dar dac\u0103 mirosul provenit din tractul vaginal este puternic \u0219i aminte\u0219te de mirosul de pe\u0219te, ar putea fi un semn de vaginoz\u0103 bacterian\u0103 sau VB.<\/p>\n\n\n\n<p>Vaginoza bacterian\u0103 este cea mai frecvent\u0103 infec\u021bie vaginal\u0103 care provoac\u0103 miros vaginal, afect\u00e2nd una din patru femei din Europa. Femeile aflate la v\u00e2rsta fertil\u0103 prezint\u0103 cel mai mare risc pentru VB, dar infec\u021bia este posibil\u0103 la orice v\u00e2rst\u0103. De\u0219i VB este cauzat\u0103 de un dezechilibru bacterian \u0219i nu este considerat\u0103 o boal\u0103 cu transmitere sexual\u0103, v\u0103 poate cre\u0219te riscul de a contracta o boal\u0103 mai grav\u0103, de exemplu, chlamydia. Vestea bun\u0103 este c\u0103 VB este u\u0219or de tratat \u0219i prevenit cu produse naturale pe care le pute\u021bi cump\u0103ra online sau la farmacia dvs. local\u0103.<\/p>\n<\/div><\/div>\n\n\n\n<div class=\"wp-block-karopharma-free-text pt-large pb-large bg-center bg-contain bg-no-repeat  undefined\" style=\"background-image:url()\"><div class=\"free-text-wrapper container max-w-medium text-left\">\n<h2 class=\"wp-block-heading\" id=\"wie-man-bv-behandelt\">Cum se trateaz\u0103 vaginoza bacterian\u0103<\/h2>\n\n\n\n<p>Pentru a trata vaginoza bacterian\u0103 cu Multi-Gyn ActiGel, pur \u0219i simplu stoarce\u021bi o cantitate mic\u0103 pe v\u00e2rful degetelor \u0219i aplica\u021bi-o \u00een jurul deschiderii vaginale de cel pu\u021bin dou\u0103 ori pe zi timp de cel pu\u021bin cinci zile.<\/p>\n\n\n\n<p>Deoarece gelul este un produs natural f\u0103r\u0103 efecte secundare, \u00eel pute\u021bi folosi de c\u00e2te ori dori\u021bi pentru a sus\u021bine s\u0103n\u0103tatea vaginal\u0103 \u0219i a preveni infec\u021biile cu VB, precum \u0219i cu fungi. Folosi\u021bi-l pentru a sc\u0103pa de simptomele tulbur\u0103toare ale VB \u0219i<\/p>\n\n\n\n<p>pentru a v\u0103 \u00eembun\u0103t\u0103\u021bi calitatea vie\u021bii.<\/p>\n<\/div><\/div>\n\n\n<div class=\"product-list wp-block-karopharma-product-list\" data-testid=\"product-list\">\n      <div class=\"swiper-container\">\n      <div class=\"swiper\">\n        <div class=\"swiper-wrapper\">\n                      <div class=\"swiper-slide\">\n              <div class=\"product-card\" data-testid=\"product-card\">\n  <a\n    href=https:\/\/multi-gyn.com\/ro\/produs\/multi-gyn-liquigel\/\n    class=\"product-card-link\"\n    title=\"Multi-Gyn LiquiGel\"\n  >\n  <figure class=\"product-card-image\" data-testid=\"product-image\">\n                          <img decoding=\"async\" src=\"https:\/\/multi-gyn.com\/cdn-cgi\/image\/width=700,format=auto\/app\/uploads\/sites\/25\/2022\/09\/Multi-Gyn-LiquiGel.png\"\n        srcset=\"https:\/\/multi-gyn.com\/cdn-cgi\/image\/width=250,format=auto\/app\/uploads\/sites\/25\/2022\/09\/Multi-Gyn-LiquiGel.png 250w,\n                https:\/\/multi-gyn.com\/cdn-cgi\/image\/width=500,format=auto\/app\/uploads\/sites\/25\/2022\/09\/Multi-Gyn-LiquiGel.png 500w,\n                https:\/\/multi-gyn.com\/cdn-cgi\/image\/width=700,format=auto\/app\/uploads\/sites\/25\/2022\/09\/Multi-Gyn-LiquiGel.png 700w\"\n        sizes=\"(max-width: 400px) 250px, (max-width: 800px) 500px, 700px\"\n        alt=\"\"\n        class=\"img\">\n            <\/figure>\n    <div class=\"product-card-content\">\n      <div class=\"heading-wrapper\">\n        <h2 class=\"heading\">Multi-Gyn LiquiGel<\/h2>\n      <\/div>\n      <div class=\"product-card-description\">Trateaz\u0103 \u0219i amelioreaz\u0103 usc\u0103ciunea vaginal\u0103<\/div>\n                      <\/div>\n  <\/a>\n          <div class=\"button-wrapper buy-now no-resellers\" data-testid=\"buy-now\">\n          <div class=\"buy-now-container dropdown-container\">\n    <a\n      class=\"theme-button button-primary-color rounded-button\"\n      href=\"https:\/\/comenzi.farmaciatei.ro\/ingrijire-personala\/ingrijire-intima\/ingrijire-intima-avansata\/gel-pentru-prevenirea-si-tratarea-uscaciunii-vaginale-liquigel-multi-gyn-50-ml-bioclin-p388840\" onclick=\"dataLayer.push({'event':'ga_event', 'eventCategory':'Click on Reseller', 'eventAction':'Farmacia Tei', 'eventLabel':'Multi-Gyn LiquiGel', 'eventValue': undefined})\" rel=\"noopener\" target=\"_blank\" title=\"Farmacia Tei\"\n      data-testid=\"buy-now-reseller\">\n      Cump\u0103r\u0103 acum\n    <\/a>\n    <\/div>\n  <\/div>\n  <\/div>\n            <\/div>\n                      <div class=\"swiper-slide\">\n              <div class=\"product-card\" data-testid=\"product-card\">\n  <a\n    href=https:\/\/multi-gyn.com\/ro\/produs\/multi-gyn-tablete\/\n    class=\"product-card-link\"\n    title=\"Multi-Gyn Tablete\"\n  >\n  <figure class=\"product-card-image\" data-testid=\"product-image\">\n                          <img decoding=\"async\" src=\"https:\/\/multi-gyn.com\/cdn-cgi\/image\/width=700,format=auto\/app\/uploads\/sites\/25\/2022\/09\/MultiGynVaginalTablets10TubeINTFrontNoPerspectiveA01cropped-1400x1400-1-1024x1024-1.png\"\n        srcset=\"https:\/\/multi-gyn.com\/cdn-cgi\/image\/width=250,format=auto\/app\/uploads\/sites\/25\/2022\/09\/MultiGynVaginalTablets10TubeINTFrontNoPerspectiveA01cropped-1400x1400-1-1024x1024-1.png 250w,\n                https:\/\/multi-gyn.com\/cdn-cgi\/image\/width=500,format=auto\/app\/uploads\/sites\/25\/2022\/09\/MultiGynVaginalTablets10TubeINTFrontNoPerspectiveA01cropped-1400x1400-1-1024x1024-1.png 500w,\n                https:\/\/multi-gyn.com\/cdn-cgi\/image\/width=700,format=auto\/app\/uploads\/sites\/25\/2022\/09\/MultiGynVaginalTablets10TubeINTFrontNoPerspectiveA01cropped-1400x1400-1-1024x1024-1.png 700w\"\n        sizes=\"(max-width: 400px) 250px, (max-width: 800px) 500px, 700px\"\n        alt=\"\"\n        class=\"img\">\n            <\/figure>\n    <div class=\"product-card-content\">\n      <div class=\"heading-wrapper\">\n        <h2 class=\"heading\">Multi-Gyn Tablete<\/h2>\n      <\/div>\n      <div class=\"product-card-description\">Pentru prepararea unei solu\u021bii de cl\u0103tire pentru du\u0219ul vaginal<\/div>\n                      <\/div>\n  <\/a>\n          <div class=\"button-wrapper buy-now no-resellers\" data-testid=\"buy-now\">\n          <div class=\"buy-now-container dropdown-container\">\n    <a\n      class=\"theme-button button-primary-color rounded-button\"\n      href=\"https:\/\/comenzi.farmaciatei.ro\/ingrijire-personala\/ingrijire-intima\/ingrijire-intima-avansata\/multi-gyn-tablete-pentru-prevenirea-infectiilor-vaginale-10-tablete-bioclin-p302121\" onclick=\"dataLayer.push({'event':'ga_event', 'eventCategory':'Click on Reseller', 'eventAction':'Farmacia Tei', 'eventLabel':'Multi-Gyn Tablete', 'eventValue': undefined})\" rel=\"noopener\" target=\"_blank\" title=\"Farmacia Tei\"\n      data-testid=\"buy-now-reseller\">\n      Cump\u0103r\u0103 acum\n    <\/a>\n    <\/div>\n  <\/div>\n  <\/div>\n            <\/div>\n                      <div class=\"swiper-slide\">\n              <div class=\"product-card\" data-testid=\"product-card\">\n  <a\n    href=https:\/\/multi-gyn.com\/ro\/produs\/multi-gyn-irigator-tablete\/\n    class=\"product-card-link\"\n    title=\"Multi-Gyn Irigator &#038; Tablete\"\n  >\n  <figure class=\"product-card-image\" data-testid=\"product-image\">\n                          <img decoding=\"async\" src=\"https:\/\/multi-gyn.com\/cdn-cgi\/image\/width=700,format=auto\/app\/uploads\/sites\/25\/2022\/09\/MultiGynVaginalDoucheINTUnpackedA01cropped-1400x1400-1-1024x1024-1.png\"\n        srcset=\"https:\/\/multi-gyn.com\/cdn-cgi\/image\/width=250,format=auto\/app\/uploads\/sites\/25\/2022\/09\/MultiGynVaginalDoucheINTUnpackedA01cropped-1400x1400-1-1024x1024-1.png 250w,\n                https:\/\/multi-gyn.com\/cdn-cgi\/image\/width=500,format=auto\/app\/uploads\/sites\/25\/2022\/09\/MultiGynVaginalDoucheINTUnpackedA01cropped-1400x1400-1-1024x1024-1.png 500w,\n                https:\/\/multi-gyn.com\/cdn-cgi\/image\/width=700,format=auto\/app\/uploads\/sites\/25\/2022\/09\/MultiGynVaginalDoucheINTUnpackedA01cropped-1400x1400-1-1024x1024-1.png 700w\"\n        sizes=\"(max-width: 400px) 250px, (max-width: 800px) 500px, 700px\"\n        alt=\"\"\n        class=\"img\">\n            <\/figure>\n    <div class=\"product-card-content\">\n      <div class=\"heading-wrapper\">\n        <h2 class=\"heading\">Multi-Gyn Irigator &#038; Tablete<\/h2>\n      <\/div>\n      <div class=\"product-card-description\">Pentru cur\u0103\u021barea optim\u0103 a vaginului<\/div>\n                      <\/div>\n  <\/a>\n          <div class=\"button-wrapper buy-now no-resellers\" data-testid=\"buy-now\">\n          <div class=\"buy-now-container dropdown-container\">\n    <a\n      class=\"theme-button button-primary-color rounded-button\"\n      href=\"https:\/\/comenzi.farmaciatei.ro\/ingrijire-personala\/ingrijire-intima\/ingrijire-intima-avansata\/irigator-vaginal-si-tablete-efervescente-pentru-igiena-vaginala-multi-gyn-bioclin-p335433\" onclick=\"dataLayer.push({'event':'ga_event', 'eventCategory':'Click on Reseller', 'eventAction':'Farmacia Tei', 'eventLabel':'Multi-Gyn Irigator &amp; Tablete', 'eventValue': undefined})\" rel=\"noopener\" target=\"_blank\" title=\"Farmacia Tei\"\n      data-testid=\"buy-now-reseller\">\n      Cump\u0103r\u0103 acum\n    <\/a>\n    <\/div>\n  <\/div>\n  <\/div>\n            <\/div>\n                      <div class=\"swiper-slide\">\n              <div class=\"product-card\" data-testid=\"product-card\">\n  <a\n    href=https:\/\/multi-gyn.com\/ro\/produs\/multi-gyn-floraplus\/\n    class=\"product-card-link\"\n    title=\"Multi-Gyn FloraPlus\"\n  >\n  <figure class=\"product-card-image\" data-testid=\"product-image\">\n                          <img decoding=\"async\" src=\"https:\/\/multi-gyn.com\/cdn-cgi\/image\/width=700,format=auto\/app\/uploads\/sites\/25\/2022\/09\/MultiGynFloraPlusINTUnpackedA01cropped-1-1400x1400-1-1024x1024-1.png\"\n        srcset=\"https:\/\/multi-gyn.com\/cdn-cgi\/image\/width=250,format=auto\/app\/uploads\/sites\/25\/2022\/09\/MultiGynFloraPlusINTUnpackedA01cropped-1-1400x1400-1-1024x1024-1.png 250w,\n                https:\/\/multi-gyn.com\/cdn-cgi\/image\/width=500,format=auto\/app\/uploads\/sites\/25\/2022\/09\/MultiGynFloraPlusINTUnpackedA01cropped-1-1400x1400-1-1024x1024-1.png 500w,\n                https:\/\/multi-gyn.com\/cdn-cgi\/image\/width=700,format=auto\/app\/uploads\/sites\/25\/2022\/09\/MultiGynFloraPlusINTUnpackedA01cropped-1-1400x1400-1-1024x1024-1.png 700w\"\n        sizes=\"(max-width: 400px) 250px, (max-width: 800px) 500px, 700px\"\n        alt=\"\"\n        class=\"img\">\n            <\/figure>\n    <div class=\"product-card-content\">\n      <div class=\"heading-wrapper\">\n        <h2 class=\"heading\">Multi-Gyn FloraPlus<\/h2>\n      <\/div>\n      <div class=\"product-card-description\">Trateaz\u0103 simptomele candidozei vaginale<\/div>\n                      <\/div>\n  <\/a>\n          <div class=\"button-wrapper buy-now no-resellers\" data-testid=\"buy-now\">\n          <div class=\"buy-now-container dropdown-container\">\n    <a\n      class=\"theme-button button-primary-color rounded-button\"\n      href=\"https:\/\/comenzi.farmaciatei.ro\/ingrijire-personala\/ingrijire-intima\/ingrijire-intima-avansata\/gel-pentru-infectii-vaginale-flora-plus-multi-gyn-5-ml-x-5-monodoze-bioclin-p310286\" onclick=\"dataLayer.push({'event':'ga_event', 'eventCategory':'Click on Reseller', 'eventAction':'Farmacia Tei', 'eventLabel':'Multi-Gyn FloraPlus', 'eventValue': undefined})\" rel=\"noopener\" target=\"_blank\" title=\"Farmacia Tei\"\n      data-testid=\"buy-now-reseller\">\n      Cump\u0103r\u0103 acum\n    <\/a>\n    <\/div>\n  <\/div>\n  <\/div>\n            <\/div>\n                      <div class=\"swiper-slide\">\n              <div class=\"product-card\" data-testid=\"product-card\">\n  <a\n    href=https:\/\/multi-gyn.com\/ro\/produs\/multi-gyn-femiwash\/\n    class=\"product-card-link\"\n    title=\"Multi-Gyn FemiWash\"\n  >\n  <figure class=\"product-card-image\" data-testid=\"product-image\">\n                          <img decoding=\"async\" src=\"https:\/\/multi-gyn.com\/cdn-cgi\/image\/width=700,format=auto\/app\/uploads\/sites\/25\/2022\/09\/MultiGynFemiWash100BottleINTFrontNoPerspectiveA01cropped-1400x1400-1-1024x1024-1.png\"\n        srcset=\"https:\/\/multi-gyn.com\/cdn-cgi\/image\/width=250,format=auto\/app\/uploads\/sites\/25\/2022\/09\/MultiGynFemiWash100BottleINTFrontNoPerspectiveA01cropped-1400x1400-1-1024x1024-1.png 250w,\n                https:\/\/multi-gyn.com\/cdn-cgi\/image\/width=500,format=auto\/app\/uploads\/sites\/25\/2022\/09\/MultiGynFemiWash100BottleINTFrontNoPerspectiveA01cropped-1400x1400-1-1024x1024-1.png 500w,\n                https:\/\/multi-gyn.com\/cdn-cgi\/image\/width=700,format=auto\/app\/uploads\/sites\/25\/2022\/09\/MultiGynFemiWash100BottleINTFrontNoPerspectiveA01cropped-1400x1400-1-1024x1024-1.png 700w\"\n        sizes=\"(max-width: 400px) 250px, (max-width: 800px) 500px, 700px\"\n        alt=\"\"\n        class=\"img\">\n            <\/figure>\n    <div class=\"product-card-content\">\n      <div class=\"heading-wrapper\">\n        <h2 class=\"heading\">Multi-Gyn FemiWash<\/h2>\n      <\/div>\n      <div class=\"product-card-description\">Cur\u0103\u021b\u0103 delicat \u0219i \u00eemprosp\u0103teaz\u0103 zona intim\u0103<\/div>\n                      <\/div>\n  <\/a>\n          <div class=\"button-wrapper buy-now \" data-testid=\"buy-now\">\n      <div class=\"buy-now-container dropdown-container\">\n      <div class=\"theme-button button-primary-color dropdown-link\" aria-label=\"Cump\u0103r\u0103 acum\">\n          Cump\u0103r\u0103 acum <i class=\"dropdown\"><\/i>\n      <\/div>\n      <ul class=\"reseller-list submenu\">\n                    <li>\n              <a\n                href=\"https:\/\/www.catena.ro\/multi-gyn-femiwash-x-100ml\" onclick=\"dataLayer.push({'event':'ga_event', 'eventCategory':'Click on Reseller', 'eventAction':'Catena', 'eventLabel':'Multi-Gyn FemiWash', 'eventValue': undefined})\" rel=\"noopener\" target=\"_blank\" title=\"Catena\"\n                data-testid=\"buy-now-reseller\">\n                <i class=\"fa-solid fa-arrow-right\"><\/i> Catena\n              <\/a>\n          <\/li>\n                    <li>\n              <a\n                href=\"https:\/\/comenzi.farmaciatei.ro\/ingrijire-personala\/ingrijire-intima\/ingrijire-intima-avansata\/femiwash-multi-gyn-pentru-curatare-si-igiena-intima-100-ml-bioclin-p302120\" onclick=\"dataLayer.push({'event':'ga_event', 'eventCategory':'Click on Reseller', 'eventAction':'Farmacia Tei', 'eventLabel':'Multi-Gyn FemiWash', 'eventValue': undefined})\" rel=\"noopener\" target=\"_blank\" title=\"Farmacia Tei\"\n                data-testid=\"buy-now-reseller\">\n                <i class=\"fa-solid fa-arrow-right\"><\/i> Farmacia Tei\n              <\/a>\n          <\/li>\n                <\/ul>\n    <\/div>\n  <\/div>\n  <\/div>\n            <\/div>\n                      <div class=\"swiper-slide\">\n              <div class=\"product-card\" data-testid=\"product-card\">\n  <a\n    href=https:\/\/multi-gyn.com\/ro\/produs\/multi-gyn-actigel\/\n    class=\"product-card-link\"\n    title=\"Multi-Gyn ActiGel\"\n  >\n  <figure class=\"product-card-image\" data-testid=\"product-image\">\n                          <img decoding=\"async\" src=\"https:\/\/multi-gyn.com\/cdn-cgi\/image\/width=700,format=auto\/app\/uploads\/sites\/25\/2022\/09\/MultiGynActiGel50INTUnpackedA01cropped-1400x1400-1-1024x1024-1.png\"\n        srcset=\"https:\/\/multi-gyn.com\/cdn-cgi\/image\/width=250,format=auto\/app\/uploads\/sites\/25\/2022\/09\/MultiGynActiGel50INTUnpackedA01cropped-1400x1400-1-1024x1024-1.png 250w,\n                https:\/\/multi-gyn.com\/cdn-cgi\/image\/width=500,format=auto\/app\/uploads\/sites\/25\/2022\/09\/MultiGynActiGel50INTUnpackedA01cropped-1400x1400-1-1024x1024-1.png 500w,\n                https:\/\/multi-gyn.com\/cdn-cgi\/image\/width=700,format=auto\/app\/uploads\/sites\/25\/2022\/09\/MultiGynActiGel50INTUnpackedA01cropped-1400x1400-1-1024x1024-1.png 700w\"\n        sizes=\"(max-width: 400px) 250px, (max-width: 800px) 500px, 700px\"\n        alt=\"\"\n        class=\"img\">\n            <\/figure>\n    <div class=\"product-card-content\">\n      <div class=\"heading-wrapper\">\n        <h2 class=\"heading\">Multi-Gyn ActiGel<\/h2>\n      <\/div>\n      <div class=\"product-card-description\">Trateaz\u0103 vaginoza bacterian\u0103<\/div>\n                      <\/div>\n  <\/a>\n          <div class=\"button-wrapper buy-now no-resellers\" data-testid=\"buy-now\">\n          <div class=\"buy-now-container dropdown-container\">\n    <a\n      class=\"theme-button button-primary-color rounded-button\"\n      href=\"https:\/\/comenzi.farmaciatei.ro\/ingrijire-personala\/ingrijire-intima\/ingrijire-intima-avansata\/actigel-multi-gyn-pentru-prevenirea-si-tratarea-disconfortului-vaginal-50-ml-bioclin-p302118\" onclick=\"dataLayer.push({'event':'ga_event', 'eventCategory':'Click on Reseller', 'eventAction':'Farmacia Tei', 'eventLabel':'Multi-Gyn ActiGel', 'eventValue': undefined})\" rel=\"noopener\" target=\"_blank\" title=\"Farmacia Tei\"\n      data-testid=\"buy-now-reseller\">\n      Cump\u0103r\u0103 acum\n    <\/a>\n    <\/div>\n  <\/div>\n  <\/div>\n            <\/div>\n                  <\/div>\n        <div class=\"swiper-scrollbar\"><\/div>\n      <\/div>\n    <\/div>\n  <\/div>\n","protected":false},"excerpt":{"rendered":"","protected":false},"author":2,"featured_media":0,"parent":46,"menu_order":0,"comment_status":"closed","ping_status":"closed","template":"","meta":{"_acf_changed":false,"footnotes":""},"from-article-database":[],"class_list":["post-55","page","type-page","status-publish","hentry"],"acf":[],"yoast_head":"<!-- This site is optimized with the Yoast SEO plugin v26.6 - https:\/\/yoast.com\/wordpress\/plugins\/seo\/ -->\n<title>Vaginoza bacterian\u0103 - Multi-Gyn<\/title>\n<meta name=\"description\" content=\"Majoritatea vaginelor miros pu\u021bin din c\u00e2nd \u00een c\u00e2nd \u0219i, de obicei, nu este nimic de \u00eengrijorat.\" \/>\n<meta name=\"robots\" content=\"index, follow, max-snippet:-1, max-image-preview:large, max-video-preview:-1\" \/>\n<link rel=\"canonical\" href=\"https:\/\/multi-gyn.com\/ro\/cautare-de-produse\/vaginoza-bacteriana\/\" \/>\n<meta property=\"og:locale\" content=\"ro_RO\" \/>\n<meta property=\"og:type\" content=\"article\" \/>\n<meta property=\"og:title\" content=\"Vaginoza bacterian\u0103 - Multi-Gyn\" \/>\n<meta property=\"og:description\" content=\"Majoritatea vaginelor miros pu\u021bin din c\u00e2nd \u00een c\u00e2nd \u0219i, de obicei, nu este nimic de \u00eengrijorat.\" \/>\n<meta property=\"og:url\" content=\"https:\/\/multi-gyn.com\/ro\/cautare-de-produse\/vaginoza-bacteriana\/\" \/>\n<meta property=\"og:site_name\" content=\"Multi-Gyn\" \/>\n<meta property=\"article:modified_time\" content=\"2024-08-21T09:44:19+00:00\" \/>\n<meta name=\"twitter:card\" content=\"summary_large_image\" \/>\n<meta name=\"twitter:label1\" content=\"Timp estimat pentru citire\" \/>\n\t<meta name=\"twitter:data1\" content=\"2 minute\" \/>\n<script type=\"application\/ld+json\" class=\"yoast-schema-graph\">{\"@context\":\"https:\/\/schema.org\",\"@graph\":[{\"@type\":\"WebPage\",\"@id\":\"https:\/\/multi-gyn.com\/ro\/cautare-de-produse\/vaginoza-bacteriana\/\",\"url\":\"https:\/\/multi-gyn.com\/ro\/cautare-de-produse\/vaginoza-bacteriana\/\",\"name\":\"Vaginoza bacterian\u0103 - Multi-Gyn\",\"isPartOf\":{\"@id\":\"https:\/\/multi-gyn.com\/ro\/#website\"},\"datePublished\":\"2022-09-01T13:45:14+00:00\",\"dateModified\":\"2024-08-21T09:44:19+00:00\",\"description\":\"Majoritatea vaginelor miros pu\u021bin din c\u00e2nd \u00een c\u00e2nd \u0219i, de obicei, nu este nimic de \u00eengrijorat.\",\"breadcrumb\":{\"@id\":\"https:\/\/multi-gyn.com\/ro\/cautare-de-produse\/vaginoza-bacteriana\/#breadcrumb\"},\"inLanguage\":\"ro-RO\",\"potentialAction\":[{\"@type\":\"ReadAction\",\"target\":[\"https:\/\/multi-gyn.com\/ro\/cautare-de-produse\/vaginoza-bacteriana\/\"]}]},{\"@type\":\"BreadcrumbList\",\"@id\":\"https:\/\/multi-gyn.com\/ro\/cautare-de-produse\/vaginoza-bacteriana\/#breadcrumb\",\"itemListElement\":[{\"@type\":\"ListItem\",\"position\":1,\"name\":\"Home\",\"item\":\"https:\/\/multi-gyn.com\/ro\/\"},{\"@type\":\"ListItem\",\"position\":2,\"name\":\"C\u0103utare de produse\",\"item\":\"https:\/\/multi-gyn.com\/ro\/cautare-de-produse\/\"},{\"@type\":\"ListItem\",\"position\":3,\"name\":\"Vaginoza bacterian\u0103\"}]},{\"@type\":\"WebSite\",\"@id\":\"https:\/\/multi-gyn.com\/ro\/#website\",\"url\":\"https:\/\/multi-gyn.com\/ro\/\",\"name\":\"Multi-Gyn\",\"description\":\"\",\"publisher\":{\"@id\":\"https:\/\/multi-gyn.com\/ro\/#organization\"},\"potentialAction\":[{\"@type\":\"SearchAction\",\"target\":{\"@type\":\"EntryPoint\",\"urlTemplate\":\"https:\/\/multi-gyn.com\/ro\/?s={search_term_string}\"},\"query-input\":{\"@type\":\"PropertyValueSpecification\",\"valueRequired\":true,\"valueName\":\"search_term_string\"}}],\"inLanguage\":\"ro-RO\"},{\"@type\":\"Organization\",\"@id\":\"https:\/\/multi-gyn.com\/ro\/#organization\",\"name\":\"Multi-Gyn\",\"url\":\"https:\/\/multi-gyn.com\/ro\/\",\"logo\":{\"@type\":\"ImageObject\",\"inLanguage\":\"ro-RO\",\"@id\":\"https:\/\/multi-gyn.com\/ro\/#\/schema\/logo\/image\/\",\"url\":\"https:\/\/multi-gyn.com\/app\/uploads\/sites\/25\/2022\/08\/multi-gyn-logo.png\",\"contentUrl\":\"https:\/\/multi-gyn.com\/app\/uploads\/sites\/25\/2022\/08\/multi-gyn-logo.png\",\"width\":149,\"height\":32,\"caption\":\"Multi-Gyn\"},\"image\":{\"@id\":\"https:\/\/multi-gyn.com\/ro\/#\/schema\/logo\/image\/\"}}]}<\/script>\n<!-- \/ Yoast SEO plugin. -->","yoast_head_json":{"title":"Vaginoza bacterian\u0103 - Multi-Gyn","description":"Majoritatea vaginelor miros pu\u021bin din c\u00e2nd \u00een c\u00e2nd \u0219i, de obicei, nu este nimic de \u00eengrijorat.","robots":{"index":"index","follow":"follow","max-snippet":"max-snippet:-1","max-image-preview":"max-image-preview:large","max-video-preview":"max-video-preview:-1"},"canonical":"https:\/\/multi-gyn.com\/ro\/cautare-de-produse\/vaginoza-bacteriana\/","og_locale":"ro_RO","og_type":"article","og_title":"Vaginoza bacterian\u0103 - Multi-Gyn","og_description":"Majoritatea vaginelor miros pu\u021bin din c\u00e2nd \u00een c\u00e2nd \u0219i, de obicei, nu este nimic de \u00eengrijorat.","og_url":"https:\/\/multi-gyn.com\/ro\/cautare-de-produse\/vaginoza-bacteriana\/","og_site_name":"Multi-Gyn","article_modified_time":"2024-08-21T09:44:19+00:00","twitter_card":"summary_large_image","twitter_misc":{"Timp estimat pentru citire":"2 minute"},"schema":{"@context":"https:\/\/schema.org","@graph":[{"@type":"WebPage","@id":"https:\/\/multi-gyn.com\/ro\/cautare-de-produse\/vaginoza-bacteriana\/","url":"https:\/\/multi-gyn.com\/ro\/cautare-de-produse\/vaginoza-bacteriana\/","name":"Vaginoza bacterian\u0103 - Multi-Gyn","isPartOf":{"@id":"https:\/\/multi-gyn.com\/ro\/#website"},"datePublished":"2022-09-01T13:45:14+00:00","dateModified":"2024-08-21T09:44:19+00:00","description":"Majoritatea vaginelor miros pu\u021bin din c\u00e2nd \u00een c\u00e2nd \u0219i, de obicei, nu este nimic de \u00eengrijorat.","breadcrumb":{"@id":"https:\/\/multi-gyn.com\/ro\/cautare-de-produse\/vaginoza-bacteriana\/#breadcrumb"},"inLanguage":"ro-RO","potentialAction":[{"@type":"ReadAction","target":["https:\/\/multi-gyn.com\/ro\/cautare-de-produse\/vaginoza-bacteriana\/"]}]},{"@type":"BreadcrumbList","@id":"https:\/\/multi-gyn.com\/ro\/cautare-de-produse\/vaginoza-bacteriana\/#breadcrumb","itemListElement":[{"@type":"ListItem","position":1,"name":"Home","item":"https:\/\/multi-gyn.com\/ro\/"},{"@type":"ListItem","position":2,"name":"C\u0103utare de produse","item":"https:\/\/multi-gyn.com\/ro\/cautare-de-produse\/"},{"@type":"ListItem","position":3,"name":"Vaginoza bacterian\u0103"}]},{"@type":"WebSite","@id":"https:\/\/multi-gyn.com\/ro\/#website","url":"https:\/\/multi-gyn.com\/ro\/","name":"Multi-Gyn","description":"","publisher":{"@id":"https:\/\/multi-gyn.com\/ro\/#organization"},"potentialAction":[{"@type":"SearchAction","target":{"@type":"EntryPoint","urlTemplate":"https:\/\/multi-gyn.com\/ro\/?s={search_term_string}"},"query-input":{"@type":"PropertyValueSpecification","valueRequired":true,"valueName":"search_term_string"}}],"inLanguage":"ro-RO"},{"@type":"Organization","@id":"https:\/\/multi-gyn.com\/ro\/#organization","name":"Multi-Gyn","url":"https:\/\/multi-gyn.com\/ro\/","logo":{"@type":"ImageObject","inLanguage":"ro-RO","@id":"https:\/\/multi-gyn.com\/ro\/#\/schema\/logo\/image\/","url":"https:\/\/multi-gyn.com\/app\/uploads\/sites\/25\/2022\/08\/multi-gyn-logo.png","contentUrl":"https:\/\/multi-gyn.com\/app\/uploads\/sites\/25\/2022\/08\/multi-gyn-logo.png","width":149,"height":32,"caption":"Multi-Gyn"},"image":{"@id":"https:\/\/multi-gyn.com\/ro\/#\/schema\/logo\/image\/"}}]}},"_links":{"self":[{"href":"https:\/\/multi-gyn.com\/ro\/wp-json\/wp\/v2\/pages\/55","targetHints":{"allow":["GET"]}}],"collection":[{"href":"https:\/\/multi-gyn.com\/ro\/wp-json\/wp\/v2\/pages"}],"about":[{"href":"https:\/\/multi-gyn.com\/ro\/wp-json\/wp\/v2\/types\/page"}],"author":[{"embeddable":true,"href":"https:\/\/multi-gyn.com\/ro\/wp-json\/wp\/v2\/users\/2"}],"replies":[{"embeddable":true,"href":"https:\/\/multi-gyn.com\/ro\/wp-json\/wp\/v2\/comments?post=55"}],"version-history":[{"count":2,"href":"https:\/\/multi-gyn.com\/ro\/wp-json\/wp\/v2\/pages\/55\/revisions"}],"predecessor-version":[{"id":132,"href":"https:\/\/multi-gyn.com\/ro\/wp-json\/wp\/v2\/pages\/55\/revisions\/132"}],"up":[{"embeddable":true,"href":"https:\/\/multi-gyn.com\/ro\/wp-json\/wp\/v2\/pages\/46"}],"wp:attachment":[{"href":"https:\/\/multi-gyn.com\/ro\/wp-json\/wp\/v2\/media?parent=55"}],"wp:term":[{"taxonomy":"from-article-database","embeddable":true,"href":"https:\/\/multi-gyn.com\/ro\/wp-json\/wp\/v2\/from-article-database?post=55"}],"curies":[{"name":"wp","href":"https:\/\/api.w.org\/{rel}","templated":true}]}}