{"id":78,"date":"2022-09-02T08:24:46","date_gmt":"2022-09-02T06:24:46","guid":{"rendered":"https:\/\/multi-gyn.com\/rebrand-ro\/?post_type=product&#038;p=78"},"modified":"2025-04-28T12:49:58","modified_gmt":"2025-04-28T09:49:58","slug":"multi-gyn-floraplus","status":"publish","type":"product","link":"https:\/\/multi-gyn.com\/ro\/produs\/multi-gyn-floraplus\/","title":{"rendered":"Multi-Gyn FloraPlus"},"content":{"rendered":"\n<div class=\"wp-block-karopharma-accordions is-style-secondary\"><div class=\"container\">\n<details class=\"wp-block-karopharma-accordion\"><summary><h2 class=\"accordion-title\">C\u00e2nd voi sim\u021bi efectul?<\/h2><\/summary><div class=\"accordion-content\">\n<p>Difer\u0103 de la persoan\u0103 la persoan\u0103, dar pute\u021bi sim\u021bi o ameliorare imediat\u0103 a simptomelor.<\/p>\n<\/div><\/details>\n\n\n\n<details class=\"wp-block-karopharma-accordion\"><summary><h2 class=\"accordion-title\">Trebuie s\u0103-l folosesc timp de 5 zile consecutiv?<\/h2><\/summary><div class=\"accordion-content\">\n<p>Da, v\u0103 sf\u0103tuim s\u0103 utiliza\u021bi toate cele 5 tuburi pentru cel mai bun efect.<\/p>\n<\/div><\/details>\n\n\n\n<details class=\"wp-block-karopharma-accordion\"><summary><h2 class=\"accordion-title\">Multi-Gyn FloraPlus are efecte secundare?<\/h2><\/summary><div class=\"accordion-content\">\n<p>Nu, produsul nu are efecte secundare cunoscute.<\/p>\n<\/div><\/details>\n\n\n\n<details class=\"wp-block-karopharma-accordion\"><summary><h2 class=\"accordion-title\">De ce este Multi-Gyn FloraPlus diferit de alte tratamente vaginale pentru infec\u021biile fungice?<\/h2><\/summary><div class=\"accordion-content\">\n<p>Multi-Gyn FloraPlus are un efect direct asupra simptomelor \u0219i este un produs natural care nu afecteaz\u0103 negativ flora vaginal\u0103. Multi-Gyn FloraPlus ajut\u0103 bacteriile bune s\u0103 creasc\u0103 \u0219i s\u0103 inhibe cre\u0219terea candidei albicans.<\/p>\n<\/div><\/details>\n<\/div><\/div>\n","protected":false},"excerpt":{"rendered":"<p>Trateaz\u0103 simptomele candidozei vaginale<\/p>\n","protected":false},"featured_media":79,"comment_status":"closed","ping_status":"closed","template":"","meta":{"_acf_changed":false,"footnotes":""},"product_brand":[],"product_cat":[18],"product_tag":[],"class_list":{"0":"post-78","1":"product","2":"type-product","3":"status-publish","4":"has-post-thumbnail","6":"product_cat-tratament","8":"first","9":"instock","10":"shipping-taxable","11":"product-type-simple"},"acf":[],"yoast_head":"<!-- This site is optimized with the Yoast SEO plugin v26.6 - https:\/\/yoast.com\/wordpress\/plugins\/seo\/ -->\n<title>Multi-Gyn FloraPlus - Multi-Gyn<\/title>\n<meta name=\"description\" content=\"Multi-Gyn\u00ae FloraPlus trateaz\u0103 simptomele aftelor vaginale, cum ar fi m\u00e2nc\u0103rimea, irita\u021bia pielii \u0219i scurgerile albe granulare.\" \/>\n<meta name=\"robots\" content=\"index, follow, max-snippet:-1, max-image-preview:large, max-video-preview:-1\" \/>\n<link rel=\"canonical\" href=\"https:\/\/multi-gyn.com\/ro\/produs\/multi-gyn-floraplus\/\" \/>\n<meta property=\"og:locale\" content=\"ro_RO\" \/>\n<meta property=\"og:type\" content=\"article\" \/>\n<meta property=\"og:title\" content=\"Multi-Gyn FloraPlus - Multi-Gyn\" \/>\n<meta property=\"og:description\" content=\"Multi-Gyn\u00ae FloraPlus trateaz\u0103 simptomele aftelor vaginale, cum ar fi m\u00e2nc\u0103rimea, irita\u021bia pielii \u0219i scurgerile albe granulare.\" \/>\n<meta property=\"og:url\" content=\"https:\/\/multi-gyn.com\/ro\/produs\/multi-gyn-floraplus\/\" \/>\n<meta property=\"og:site_name\" content=\"Multi-Gyn\" \/>\n<meta property=\"article:modified_time\" content=\"2025-04-28T09:49:58+00:00\" \/>\n<meta property=\"og:image\" content=\"https:\/\/multi-gyn.com\/app\/uploads\/sites\/25\/2022\/09\/MultiGynFloraPlusINTUnpackedA01cropped-1-1400x1400-1-1024x1024-1.png\" \/>\n\t<meta property=\"og:image:width\" content=\"1024\" \/>\n\t<meta property=\"og:image:height\" content=\"1024\" \/>\n\t<meta property=\"og:image:type\" content=\"image\/png\" \/>\n<meta name=\"twitter:card\" content=\"summary_large_image\" \/>\n<meta name=\"twitter:label1\" content=\"Timp estimat pentru citire\" \/>\n\t<meta name=\"twitter:data1\" content=\"1 minut\" \/>\n<script type=\"application\/ld+json\" class=\"yoast-schema-graph\">{\"@context\":\"https:\/\/schema.org\",\"@graph\":[{\"@type\":\"WebPage\",\"@id\":\"https:\/\/multi-gyn.com\/ro\/produs\/multi-gyn-floraplus\/\",\"url\":\"https:\/\/multi-gyn.com\/ro\/produs\/multi-gyn-floraplus\/\",\"name\":\"Multi-Gyn FloraPlus - Multi-Gyn\",\"isPartOf\":{\"@id\":\"https:\/\/multi-gyn.com\/ro\/#website\"},\"primaryImageOfPage\":{\"@id\":\"https:\/\/multi-gyn.com\/ro\/produs\/multi-gyn-floraplus\/#primaryimage\"},\"image\":{\"@id\":\"https:\/\/multi-gyn.com\/ro\/produs\/multi-gyn-floraplus\/#primaryimage\"},\"thumbnailUrl\":\"https:\/\/multi-gyn.com\/app\/uploads\/sites\/25\/2022\/09\/MultiGynFloraPlusINTUnpackedA01cropped-1-1400x1400-1-1024x1024-1.png\",\"datePublished\":\"2022-09-02T06:24:46+00:00\",\"dateModified\":\"2025-04-28T09:49:58+00:00\",\"description\":\"Multi-Gyn\u00ae FloraPlus trateaz\u0103 simptomele aftelor vaginale, cum ar fi m\u00e2nc\u0103rimea, irita\u021bia pielii \u0219i scurgerile albe granulare.\",\"breadcrumb\":{\"@id\":\"https:\/\/multi-gyn.com\/ro\/produs\/multi-gyn-floraplus\/#breadcrumb\"},\"inLanguage\":\"ro-RO\",\"potentialAction\":[{\"@type\":\"ReadAction\",\"target\":[\"https:\/\/multi-gyn.com\/ro\/produs\/multi-gyn-floraplus\/\"]}]},{\"@type\":\"ImageObject\",\"inLanguage\":\"ro-RO\",\"@id\":\"https:\/\/multi-gyn.com\/ro\/produs\/multi-gyn-floraplus\/#primaryimage\",\"url\":\"https:\/\/multi-gyn.com\/app\/uploads\/sites\/25\/2022\/09\/MultiGynFloraPlusINTUnpackedA01cropped-1-1400x1400-1-1024x1024-1.png\",\"contentUrl\":\"https:\/\/multi-gyn.com\/app\/uploads\/sites\/25\/2022\/09\/MultiGynFloraPlusINTUnpackedA01cropped-1-1400x1400-1-1024x1024-1.png\",\"width\":1024,\"height\":1024},{\"@type\":\"BreadcrumbList\",\"@id\":\"https:\/\/multi-gyn.com\/ro\/produs\/multi-gyn-floraplus\/#breadcrumb\",\"itemListElement\":[{\"@type\":\"ListItem\",\"position\":1,\"name\":\"Home\",\"item\":\"https:\/\/multi-gyn.com\/ro\/\"},{\"@type\":\"ListItem\",\"position\":2,\"name\":\"Produsele\",\"item\":\"https:\/\/multi-gyn.com\/ro\/produsele\/\"},{\"@type\":\"ListItem\",\"position\":3,\"name\":\"Multi-Gyn FloraPlus\"}]},{\"@type\":\"WebSite\",\"@id\":\"https:\/\/multi-gyn.com\/ro\/#website\",\"url\":\"https:\/\/multi-gyn.com\/ro\/\",\"name\":\"Multi-Gyn\",\"description\":\"\",\"publisher\":{\"@id\":\"https:\/\/multi-gyn.com\/ro\/#organization\"},\"potentialAction\":[{\"@type\":\"SearchAction\",\"target\":{\"@type\":\"EntryPoint\",\"urlTemplate\":\"https:\/\/multi-gyn.com\/ro\/?s={search_term_string}\"},\"query-input\":{\"@type\":\"PropertyValueSpecification\",\"valueRequired\":true,\"valueName\":\"search_term_string\"}}],\"inLanguage\":\"ro-RO\"},{\"@type\":\"Organization\",\"@id\":\"https:\/\/multi-gyn.com\/ro\/#organization\",\"name\":\"Multi-Gyn\",\"url\":\"https:\/\/multi-gyn.com\/ro\/\",\"logo\":{\"@type\":\"ImageObject\",\"inLanguage\":\"ro-RO\",\"@id\":\"https:\/\/multi-gyn.com\/ro\/#\/schema\/logo\/image\/\",\"url\":\"https:\/\/multi-gyn.com\/app\/uploads\/sites\/25\/2022\/08\/multi-gyn-logo.png\",\"contentUrl\":\"https:\/\/multi-gyn.com\/app\/uploads\/sites\/25\/2022\/08\/multi-gyn-logo.png\",\"width\":149,\"height\":32,\"caption\":\"Multi-Gyn\"},\"image\":{\"@id\":\"https:\/\/multi-gyn.com\/ro\/#\/schema\/logo\/image\/\"}}]}<\/script>\n<!-- \/ Yoast SEO plugin. -->","yoast_head_json":{"title":"Multi-Gyn FloraPlus - Multi-Gyn","description":"Multi-Gyn\u00ae FloraPlus trateaz\u0103 simptomele aftelor vaginale, cum ar fi m\u00e2nc\u0103rimea, irita\u021bia pielii \u0219i scurgerile albe granulare.","robots":{"index":"index","follow":"follow","max-snippet":"max-snippet:-1","max-image-preview":"max-image-preview:large","max-video-preview":"max-video-preview:-1"},"canonical":"https:\/\/multi-gyn.com\/ro\/produs\/multi-gyn-floraplus\/","og_locale":"ro_RO","og_type":"article","og_title":"Multi-Gyn FloraPlus - Multi-Gyn","og_description":"Multi-Gyn\u00ae FloraPlus trateaz\u0103 simptomele aftelor vaginale, cum ar fi m\u00e2nc\u0103rimea, irita\u021bia pielii \u0219i scurgerile albe granulare.","og_url":"https:\/\/multi-gyn.com\/ro\/produs\/multi-gyn-floraplus\/","og_site_name":"Multi-Gyn","article_modified_time":"2025-04-28T09:49:58+00:00","og_image":[{"width":1024,"height":1024,"url":"https:\/\/multi-gyn.com\/app\/uploads\/sites\/25\/2022\/09\/MultiGynFloraPlusINTUnpackedA01cropped-1-1400x1400-1-1024x1024-1.png","type":"image\/png"}],"twitter_card":"summary_large_image","twitter_misc":{"Timp estimat pentru citire":"1 minut"},"schema":{"@context":"https:\/\/schema.org","@graph":[{"@type":"WebPage","@id":"https:\/\/multi-gyn.com\/ro\/produs\/multi-gyn-floraplus\/","url":"https:\/\/multi-gyn.com\/ro\/produs\/multi-gyn-floraplus\/","name":"Multi-Gyn FloraPlus - Multi-Gyn","isPartOf":{"@id":"https:\/\/multi-gyn.com\/ro\/#website"},"primaryImageOfPage":{"@id":"https:\/\/multi-gyn.com\/ro\/produs\/multi-gyn-floraplus\/#primaryimage"},"image":{"@id":"https:\/\/multi-gyn.com\/ro\/produs\/multi-gyn-floraplus\/#primaryimage"},"thumbnailUrl":"https:\/\/multi-gyn.com\/app\/uploads\/sites\/25\/2022\/09\/MultiGynFloraPlusINTUnpackedA01cropped-1-1400x1400-1-1024x1024-1.png","datePublished":"2022-09-02T06:24:46+00:00","dateModified":"2025-04-28T09:49:58+00:00","description":"Multi-Gyn\u00ae FloraPlus trateaz\u0103 simptomele aftelor vaginale, cum ar fi m\u00e2nc\u0103rimea, irita\u021bia pielii \u0219i scurgerile albe granulare.","breadcrumb":{"@id":"https:\/\/multi-gyn.com\/ro\/produs\/multi-gyn-floraplus\/#breadcrumb"},"inLanguage":"ro-RO","potentialAction":[{"@type":"ReadAction","target":["https:\/\/multi-gyn.com\/ro\/produs\/multi-gyn-floraplus\/"]}]},{"@type":"ImageObject","inLanguage":"ro-RO","@id":"https:\/\/multi-gyn.com\/ro\/produs\/multi-gyn-floraplus\/#primaryimage","url":"https:\/\/multi-gyn.com\/app\/uploads\/sites\/25\/2022\/09\/MultiGynFloraPlusINTUnpackedA01cropped-1-1400x1400-1-1024x1024-1.png","contentUrl":"https:\/\/multi-gyn.com\/app\/uploads\/sites\/25\/2022\/09\/MultiGynFloraPlusINTUnpackedA01cropped-1-1400x1400-1-1024x1024-1.png","width":1024,"height":1024},{"@type":"BreadcrumbList","@id":"https:\/\/multi-gyn.com\/ro\/produs\/multi-gyn-floraplus\/#breadcrumb","itemListElement":[{"@type":"ListItem","position":1,"name":"Home","item":"https:\/\/multi-gyn.com\/ro\/"},{"@type":"ListItem","position":2,"name":"Produsele","item":"https:\/\/multi-gyn.com\/ro\/produsele\/"},{"@type":"ListItem","position":3,"name":"Multi-Gyn FloraPlus"}]},{"@type":"WebSite","@id":"https:\/\/multi-gyn.com\/ro\/#website","url":"https:\/\/multi-gyn.com\/ro\/","name":"Multi-Gyn","description":"","publisher":{"@id":"https:\/\/multi-gyn.com\/ro\/#organization"},"potentialAction":[{"@type":"SearchAction","target":{"@type":"EntryPoint","urlTemplate":"https:\/\/multi-gyn.com\/ro\/?s={search_term_string}"},"query-input":{"@type":"PropertyValueSpecification","valueRequired":true,"valueName":"search_term_string"}}],"inLanguage":"ro-RO"},{"@type":"Organization","@id":"https:\/\/multi-gyn.com\/ro\/#organization","name":"Multi-Gyn","url":"https:\/\/multi-gyn.com\/ro\/","logo":{"@type":"ImageObject","inLanguage":"ro-RO","@id":"https:\/\/multi-gyn.com\/ro\/#\/schema\/logo\/image\/","url":"https:\/\/multi-gyn.com\/app\/uploads\/sites\/25\/2022\/08\/multi-gyn-logo.png","contentUrl":"https:\/\/multi-gyn.com\/app\/uploads\/sites\/25\/2022\/08\/multi-gyn-logo.png","width":149,"height":32,"caption":"Multi-Gyn"},"image":{"@id":"https:\/\/multi-gyn.com\/ro\/#\/schema\/logo\/image\/"}}]}},"_links":{"self":[{"href":"https:\/\/multi-gyn.com\/ro\/wp-json\/wp\/v2\/product\/78","targetHints":{"allow":["GET"]}}],"collection":[{"href":"https:\/\/multi-gyn.com\/ro\/wp-json\/wp\/v2\/product"}],"about":[{"href":"https:\/\/multi-gyn.com\/ro\/wp-json\/wp\/v2\/types\/product"}],"replies":[{"embeddable":true,"href":"https:\/\/multi-gyn.com\/ro\/wp-json\/wp\/v2\/comments?post=78"}],"version-history":[{"count":7,"href":"https:\/\/multi-gyn.com\/ro\/wp-json\/wp\/v2\/product\/78\/revisions"}],"predecessor-version":[{"id":211,"href":"https:\/\/multi-gyn.com\/ro\/wp-json\/wp\/v2\/product\/78\/revisions\/211"}],"wp:featuredmedia":[{"embeddable":true,"href":"https:\/\/multi-gyn.com\/ro\/wp-json\/wp\/v2\/media\/79"}],"wp:attachment":[{"href":"https:\/\/multi-gyn.com\/ro\/wp-json\/wp\/v2\/media?parent=78"}],"wp:term":[{"taxonomy":"product_brand","embeddable":true,"href":"https:\/\/multi-gyn.com\/ro\/wp-json\/wp\/v2\/product_brand?post=78"},{"taxonomy":"product_cat","embeddable":true,"href":"https:\/\/multi-gyn.com\/ro\/wp-json\/wp\/v2\/product_cat?post=78"},{"taxonomy":"product_tag","embeddable":true,"href":"https:\/\/multi-gyn.com\/ro\/wp-json\/wp\/v2\/product_tag?post=78"}],"curies":[{"name":"wp","href":"https:\/\/api.w.org\/{rel}","templated":true}]}}