{"id":82,"date":"2022-09-02T08:28:24","date_gmt":"2022-09-02T06:28:24","guid":{"rendered":"https:\/\/multi-gyn.com\/rebrand-ro\/?post_type=product&#038;p=82"},"modified":"2025-04-28T12:48:14","modified_gmt":"2025-04-28T09:48:14","slug":"multi-gyn-irigator-tablete","status":"publish","type":"product","link":"https:\/\/multi-gyn.com\/ro\/produs\/multi-gyn-irigator-tablete\/","title":{"rendered":"Multi-Gyn Irigator &#038; Tablete"},"content":{"rendered":"\n<div class=\"wp-block-karopharma-accordions is-style-secondary\"><div class=\"container\">\n<details class=\"wp-block-karopharma-accordion\"><summary><h2 class=\"accordion-title\">C\u00e2t de des pot folosi irigatorul vaginal Multi-Gyn?<\/h2><\/summary><div class=\"accordion-content\">\n<p>Unele femei sunt mai susceptibile la disconforturile vaginale dec\u00e2t altele datorit\u0103 stilului de via\u021b\u0103, activit\u0103\u021bii sexuale sau menstrua\u021biei. \u00cen func\u021bie de nevoile de igien\u0103 personal\u0103, irigatorul vaginal Multi-Gyn poate fi utilizat mai des; cu toate acestea, nu este recomandat s\u0103 utiliza\u021bi irigatorul vaginal Multi-Gyn mai mult de o dat\u0103 pe s\u0103pt\u0103m\u00e2n\u0103, cu excep\u021bia cazului \u00een care medicul recomand\u0103 altfel.<\/p>\n<\/div><\/details>\n\n\n\n<details class=\"wp-block-karopharma-accordion\"><summary><h2 class=\"accordion-title\">Pot utiliza tabletele Multi-Gyn f\u0103r\u0103 irigatorul vaginal?<\/h2><\/summary><div class=\"accordion-content\">\n<p>Nu, se folosesc numai cu irigatorul Multi-Gyn.<\/p>\n<\/div><\/details>\n\n\n\n<details class=\"wp-block-karopharma-accordion\"><summary><h2 class=\"accordion-title\">Trebuie s\u0103 folosesc tot fluidul?<\/h2><\/summary><div class=\"accordion-content\">\n<p>Nu, o ap\u0103sare bl\u00e2nd\u0103 a recipientului este suficient\u0103.<\/p>\n<\/div><\/details>\n\n\n\n<details class=\"wp-block-karopharma-accordion\"><summary><h2 class=\"accordion-title\">Pot reutiliza fluidul?<\/h2><\/summary><div class=\"accordion-content\">\n<p>Nu, absolut nu. Lichidul poate fi utilizat o singur\u0103 dat\u0103.<\/p>\n<\/div><\/details>\n\n\n\n<details class=\"wp-block-karopharma-accordion\"><summary><h2 class=\"accordion-title\">Este dificil s\u0103 folosesc irigatorul Multi-Gyn?<\/h2><\/summary><div class=\"accordion-content\">\n<p>Nu, nu este dificil s\u0103 folosi\u021bi un irigator vaginal. Cu toate acestea, asigura\u021bi-v\u0103 c\u0103 sunte\u021bi relaxat\u0103 \u0219i c\u0103 sta\u021bi \u00eentr-un spa\u021biu confortabil. Pentru mai multe informa\u021bii despre modul de utilizare a irigatorului vaginal Multi-Gyn, v\u0103 rug\u0103m s\u0103 consulta\u021bi prospectul.<\/p>\n<\/div><\/details>\n\n\n\n<details class=\"wp-block-karopharma-accordion\"><summary><h2 class=\"accordion-title\">Pot folosi irigatorul vaginal Multi-Gyn cu ap\u0103?<\/h2><\/summary><div class=\"accordion-content\">\n<p>Da, pute\u021bi utiliza, de asemenea, irigatorul vaginal Multi-Gyn doar cu ap\u0103 c\u0103ldu\u021b\u0103. Cu toate acestea, se recomand\u0103 utilizarea cu tabletele efervescente pentru a ob\u021bine o solu\u021bie optim\u0103 de cl\u0103tire care s\u0103 fie adaptat\u0103 valorii pH-ului vaginului.<\/p>\n<\/div><\/details>\n<\/div><\/div>\n","protected":false},"excerpt":{"rendered":"<p>Pentru cur\u0103\u021barea optim\u0103 a vaginului<\/p>\n","protected":false},"featured_media":83,"comment_status":"closed","ping_status":"closed","template":"","meta":{"_acf_changed":false,"footnotes":""},"product_brand":[],"product_cat":[19],"product_tag":[],"class_list":{"0":"post-82","1":"product","2":"type-product","3":"status-publish","4":"has-post-thumbnail","6":"product_cat-igiena-si-ingrijirea","8":"first","9":"instock","10":"shipping-taxable","11":"product-type-simple"},"acf":[],"yoast_head":"<!-- This site is optimized with the Yoast SEO plugin v26.6 - https:\/\/yoast.com\/wordpress\/plugins\/seo\/ -->\n<title>Multi-Gyn Irigator &amp; Tablete - Multi-Gyn<\/title>\n<meta name=\"description\" content=\"Du\u0219ul vaginal Multi-Gyn \u0219i tabletele efervescente sunt ideale pentru igiena vaginal\u0103 zilnic\u0103.\" \/>\n<meta name=\"robots\" content=\"index, follow, max-snippet:-1, max-image-preview:large, max-video-preview:-1\" \/>\n<link rel=\"canonical\" href=\"https:\/\/multi-gyn.com\/ro\/produs\/multi-gyn-irigator-tablete\/\" \/>\n<meta property=\"og:locale\" content=\"ro_RO\" \/>\n<meta property=\"og:type\" content=\"article\" \/>\n<meta property=\"og:title\" content=\"Multi-Gyn Irigator &amp; Tablete - Multi-Gyn\" \/>\n<meta property=\"og:description\" content=\"Du\u0219ul vaginal Multi-Gyn \u0219i tabletele efervescente sunt ideale pentru igiena vaginal\u0103 zilnic\u0103.\" \/>\n<meta property=\"og:url\" content=\"https:\/\/multi-gyn.com\/ro\/produs\/multi-gyn-irigator-tablete\/\" \/>\n<meta property=\"og:site_name\" content=\"Multi-Gyn\" \/>\n<meta property=\"article:modified_time\" content=\"2025-04-28T09:48:14+00:00\" \/>\n<meta property=\"og:image\" content=\"https:\/\/multi-gyn.com\/app\/uploads\/sites\/25\/2022\/09\/MultiGynVaginalDoucheINTUnpackedA01cropped-1400x1400-1-1024x1024-1.png\" \/>\n\t<meta property=\"og:image:width\" content=\"1024\" \/>\n\t<meta property=\"og:image:height\" content=\"1024\" \/>\n\t<meta property=\"og:image:type\" content=\"image\/png\" \/>\n<meta name=\"twitter:card\" content=\"summary_large_image\" \/>\n<meta name=\"twitter:label1\" content=\"Timp estimat pentru citire\" \/>\n\t<meta name=\"twitter:data1\" content=\"2 minute\" \/>\n<script type=\"application\/ld+json\" class=\"yoast-schema-graph\">{\"@context\":\"https:\/\/schema.org\",\"@graph\":[{\"@type\":\"WebPage\",\"@id\":\"https:\/\/multi-gyn.com\/ro\/produs\/multi-gyn-irigator-tablete\/\",\"url\":\"https:\/\/multi-gyn.com\/ro\/produs\/multi-gyn-irigator-tablete\/\",\"name\":\"Multi-Gyn Irigator & Tablete - Multi-Gyn\",\"isPartOf\":{\"@id\":\"https:\/\/multi-gyn.com\/ro\/#website\"},\"primaryImageOfPage\":{\"@id\":\"https:\/\/multi-gyn.com\/ro\/produs\/multi-gyn-irigator-tablete\/#primaryimage\"},\"image\":{\"@id\":\"https:\/\/multi-gyn.com\/ro\/produs\/multi-gyn-irigator-tablete\/#primaryimage\"},\"thumbnailUrl\":\"https:\/\/multi-gyn.com\/app\/uploads\/sites\/25\/2022\/09\/MultiGynVaginalDoucheINTUnpackedA01cropped-1400x1400-1-1024x1024-1.png\",\"datePublished\":\"2022-09-02T06:28:24+00:00\",\"dateModified\":\"2025-04-28T09:48:14+00:00\",\"description\":\"Du\u0219ul vaginal Multi-Gyn \u0219i tabletele efervescente sunt ideale pentru igiena vaginal\u0103 zilnic\u0103.\",\"breadcrumb\":{\"@id\":\"https:\/\/multi-gyn.com\/ro\/produs\/multi-gyn-irigator-tablete\/#breadcrumb\"},\"inLanguage\":\"ro-RO\",\"potentialAction\":[{\"@type\":\"ReadAction\",\"target\":[\"https:\/\/multi-gyn.com\/ro\/produs\/multi-gyn-irigator-tablete\/\"]}]},{\"@type\":\"ImageObject\",\"inLanguage\":\"ro-RO\",\"@id\":\"https:\/\/multi-gyn.com\/ro\/produs\/multi-gyn-irigator-tablete\/#primaryimage\",\"url\":\"https:\/\/multi-gyn.com\/app\/uploads\/sites\/25\/2022\/09\/MultiGynVaginalDoucheINTUnpackedA01cropped-1400x1400-1-1024x1024-1.png\",\"contentUrl\":\"https:\/\/multi-gyn.com\/app\/uploads\/sites\/25\/2022\/09\/MultiGynVaginalDoucheINTUnpackedA01cropped-1400x1400-1-1024x1024-1.png\",\"width\":1024,\"height\":1024},{\"@type\":\"BreadcrumbList\",\"@id\":\"https:\/\/multi-gyn.com\/ro\/produs\/multi-gyn-irigator-tablete\/#breadcrumb\",\"itemListElement\":[{\"@type\":\"ListItem\",\"position\":1,\"name\":\"Home\",\"item\":\"https:\/\/multi-gyn.com\/ro\/\"},{\"@type\":\"ListItem\",\"position\":2,\"name\":\"Produsele\",\"item\":\"https:\/\/multi-gyn.com\/ro\/produsele\/\"},{\"@type\":\"ListItem\",\"position\":3,\"name\":\"Multi-Gyn Irigator &#038; Tablete\"}]},{\"@type\":\"WebSite\",\"@id\":\"https:\/\/multi-gyn.com\/ro\/#website\",\"url\":\"https:\/\/multi-gyn.com\/ro\/\",\"name\":\"Multi-Gyn\",\"description\":\"\",\"publisher\":{\"@id\":\"https:\/\/multi-gyn.com\/ro\/#organization\"},\"potentialAction\":[{\"@type\":\"SearchAction\",\"target\":{\"@type\":\"EntryPoint\",\"urlTemplate\":\"https:\/\/multi-gyn.com\/ro\/?s={search_term_string}\"},\"query-input\":{\"@type\":\"PropertyValueSpecification\",\"valueRequired\":true,\"valueName\":\"search_term_string\"}}],\"inLanguage\":\"ro-RO\"},{\"@type\":\"Organization\",\"@id\":\"https:\/\/multi-gyn.com\/ro\/#organization\",\"name\":\"Multi-Gyn\",\"url\":\"https:\/\/multi-gyn.com\/ro\/\",\"logo\":{\"@type\":\"ImageObject\",\"inLanguage\":\"ro-RO\",\"@id\":\"https:\/\/multi-gyn.com\/ro\/#\/schema\/logo\/image\/\",\"url\":\"https:\/\/multi-gyn.com\/app\/uploads\/sites\/25\/2022\/08\/multi-gyn-logo.png\",\"contentUrl\":\"https:\/\/multi-gyn.com\/app\/uploads\/sites\/25\/2022\/08\/multi-gyn-logo.png\",\"width\":149,\"height\":32,\"caption\":\"Multi-Gyn\"},\"image\":{\"@id\":\"https:\/\/multi-gyn.com\/ro\/#\/schema\/logo\/image\/\"}}]}<\/script>\n<!-- \/ Yoast SEO plugin. -->","yoast_head_json":{"title":"Multi-Gyn Irigator & Tablete - Multi-Gyn","description":"Du\u0219ul vaginal Multi-Gyn \u0219i tabletele efervescente sunt ideale pentru igiena vaginal\u0103 zilnic\u0103.","robots":{"index":"index","follow":"follow","max-snippet":"max-snippet:-1","max-image-preview":"max-image-preview:large","max-video-preview":"max-video-preview:-1"},"canonical":"https:\/\/multi-gyn.com\/ro\/produs\/multi-gyn-irigator-tablete\/","og_locale":"ro_RO","og_type":"article","og_title":"Multi-Gyn Irigator & Tablete - Multi-Gyn","og_description":"Du\u0219ul vaginal Multi-Gyn \u0219i tabletele efervescente sunt ideale pentru igiena vaginal\u0103 zilnic\u0103.","og_url":"https:\/\/multi-gyn.com\/ro\/produs\/multi-gyn-irigator-tablete\/","og_site_name":"Multi-Gyn","article_modified_time":"2025-04-28T09:48:14+00:00","og_image":[{"width":1024,"height":1024,"url":"https:\/\/multi-gyn.com\/app\/uploads\/sites\/25\/2022\/09\/MultiGynVaginalDoucheINTUnpackedA01cropped-1400x1400-1-1024x1024-1.png","type":"image\/png"}],"twitter_card":"summary_large_image","twitter_misc":{"Timp estimat pentru citire":"2 minute"},"schema":{"@context":"https:\/\/schema.org","@graph":[{"@type":"WebPage","@id":"https:\/\/multi-gyn.com\/ro\/produs\/multi-gyn-irigator-tablete\/","url":"https:\/\/multi-gyn.com\/ro\/produs\/multi-gyn-irigator-tablete\/","name":"Multi-Gyn Irigator & Tablete - Multi-Gyn","isPartOf":{"@id":"https:\/\/multi-gyn.com\/ro\/#website"},"primaryImageOfPage":{"@id":"https:\/\/multi-gyn.com\/ro\/produs\/multi-gyn-irigator-tablete\/#primaryimage"},"image":{"@id":"https:\/\/multi-gyn.com\/ro\/produs\/multi-gyn-irigator-tablete\/#primaryimage"},"thumbnailUrl":"https:\/\/multi-gyn.com\/app\/uploads\/sites\/25\/2022\/09\/MultiGynVaginalDoucheINTUnpackedA01cropped-1400x1400-1-1024x1024-1.png","datePublished":"2022-09-02T06:28:24+00:00","dateModified":"2025-04-28T09:48:14+00:00","description":"Du\u0219ul vaginal Multi-Gyn \u0219i tabletele efervescente sunt ideale pentru igiena vaginal\u0103 zilnic\u0103.","breadcrumb":{"@id":"https:\/\/multi-gyn.com\/ro\/produs\/multi-gyn-irigator-tablete\/#breadcrumb"},"inLanguage":"ro-RO","potentialAction":[{"@type":"ReadAction","target":["https:\/\/multi-gyn.com\/ro\/produs\/multi-gyn-irigator-tablete\/"]}]},{"@type":"ImageObject","inLanguage":"ro-RO","@id":"https:\/\/multi-gyn.com\/ro\/produs\/multi-gyn-irigator-tablete\/#primaryimage","url":"https:\/\/multi-gyn.com\/app\/uploads\/sites\/25\/2022\/09\/MultiGynVaginalDoucheINTUnpackedA01cropped-1400x1400-1-1024x1024-1.png","contentUrl":"https:\/\/multi-gyn.com\/app\/uploads\/sites\/25\/2022\/09\/MultiGynVaginalDoucheINTUnpackedA01cropped-1400x1400-1-1024x1024-1.png","width":1024,"height":1024},{"@type":"BreadcrumbList","@id":"https:\/\/multi-gyn.com\/ro\/produs\/multi-gyn-irigator-tablete\/#breadcrumb","itemListElement":[{"@type":"ListItem","position":1,"name":"Home","item":"https:\/\/multi-gyn.com\/ro\/"},{"@type":"ListItem","position":2,"name":"Produsele","item":"https:\/\/multi-gyn.com\/ro\/produsele\/"},{"@type":"ListItem","position":3,"name":"Multi-Gyn Irigator &#038; Tablete"}]},{"@type":"WebSite","@id":"https:\/\/multi-gyn.com\/ro\/#website","url":"https:\/\/multi-gyn.com\/ro\/","name":"Multi-Gyn","description":"","publisher":{"@id":"https:\/\/multi-gyn.com\/ro\/#organization"},"potentialAction":[{"@type":"SearchAction","target":{"@type":"EntryPoint","urlTemplate":"https:\/\/multi-gyn.com\/ro\/?s={search_term_string}"},"query-input":{"@type":"PropertyValueSpecification","valueRequired":true,"valueName":"search_term_string"}}],"inLanguage":"ro-RO"},{"@type":"Organization","@id":"https:\/\/multi-gyn.com\/ro\/#organization","name":"Multi-Gyn","url":"https:\/\/multi-gyn.com\/ro\/","logo":{"@type":"ImageObject","inLanguage":"ro-RO","@id":"https:\/\/multi-gyn.com\/ro\/#\/schema\/logo\/image\/","url":"https:\/\/multi-gyn.com\/app\/uploads\/sites\/25\/2022\/08\/multi-gyn-logo.png","contentUrl":"https:\/\/multi-gyn.com\/app\/uploads\/sites\/25\/2022\/08\/multi-gyn-logo.png","width":149,"height":32,"caption":"Multi-Gyn"},"image":{"@id":"https:\/\/multi-gyn.com\/ro\/#\/schema\/logo\/image\/"}}]}},"_links":{"self":[{"href":"https:\/\/multi-gyn.com\/ro\/wp-json\/wp\/v2\/product\/82","targetHints":{"allow":["GET"]}}],"collection":[{"href":"https:\/\/multi-gyn.com\/ro\/wp-json\/wp\/v2\/product"}],"about":[{"href":"https:\/\/multi-gyn.com\/ro\/wp-json\/wp\/v2\/types\/product"}],"replies":[{"embeddable":true,"href":"https:\/\/multi-gyn.com\/ro\/wp-json\/wp\/v2\/comments?post=82"}],"version-history":[{"count":6,"href":"https:\/\/multi-gyn.com\/ro\/wp-json\/wp\/v2\/product\/82\/revisions"}],"predecessor-version":[{"id":208,"href":"https:\/\/multi-gyn.com\/ro\/wp-json\/wp\/v2\/product\/82\/revisions\/208"}],"wp:featuredmedia":[{"embeddable":true,"href":"https:\/\/multi-gyn.com\/ro\/wp-json\/wp\/v2\/media\/83"}],"wp:attachment":[{"href":"https:\/\/multi-gyn.com\/ro\/wp-json\/wp\/v2\/media?parent=82"}],"wp:term":[{"taxonomy":"product_brand","embeddable":true,"href":"https:\/\/multi-gyn.com\/ro\/wp-json\/wp\/v2\/product_brand?post=82"},{"taxonomy":"product_cat","embeddable":true,"href":"https:\/\/multi-gyn.com\/ro\/wp-json\/wp\/v2\/product_cat?post=82"},{"taxonomy":"product_tag","embeddable":true,"href":"https:\/\/multi-gyn.com\/ro\/wp-json\/wp\/v2\/product_tag?post=82"}],"curies":[{"name":"wp","href":"https:\/\/api.w.org\/{rel}","templated":true}]}}