{"id":90,"date":"2022-09-02T08:55:23","date_gmt":"2022-09-02T06:55:23","guid":{"rendered":"https:\/\/multi-gyn.com\/rebrand-ro\/?post_type=product&#038;p=90"},"modified":"2025-04-28T12:44:15","modified_gmt":"2025-04-28T09:44:15","slug":"multi-gyn-liquigel","status":"publish","type":"product","link":"https:\/\/multi-gyn.com\/ro\/produs\/multi-gyn-liquigel\/","title":{"rendered":"Multi-Gyn LiquiGel"},"content":{"rendered":"\n<div class=\"wp-block-karopharma-accordions is-style-secondary\"><div class=\"container\">\n<details class=\"wp-block-karopharma-accordion\"><summary><h2 class=\"accordion-title\">C\u00e2t de des trebuie s\u0103 folosesc Multi-Gyn LiquiGel?<\/h2><\/summary><div class=\"accordion-content\">\n<p>Aplica\u021bi Multi-Gyn LiquiGel cel pu\u021bin o dat\u0103 pe zi sau oric\u00e2nd ave\u021bi nevoie de ameliorare.<\/p>\n<\/div><\/details>\n\n\n\n<details class=\"wp-block-karopharma-accordion\"><summary><h2 class=\"accordion-title\">Pot folosi Multi-Gyn LiquiGel \u00een timpul menopauzei?<\/h2><\/summary><div class=\"accordion-content\">\n<p>Da, Multi-Gyn LiquiGel este destinat tuturor femeilor care sufer\u0103 de usc\u0103ciune vaginal\u0103. Acest lucru poate avea diverse cauze, cum ar fi modific\u0103ri hormonale, utilizarea medicamentelor, boli cronice, menstrua\u021bie, dup\u0103 na\u0219tere, dup\u0103 utilizarea tampoanelor etc.<\/p>\n<\/div><\/details>\n\n\n\n<details class=\"wp-block-karopharma-accordion\"><summary><h2 class=\"accordion-title\">Pot folosi Multi-Gyn LiquiGel ca lubrifiant?<\/h2><\/summary><div class=\"accordion-content\">\n<p>Pute\u021bi utiliza Multi-Gyn LiquiGel ca lubrifiant, dar este destinat rezolv\u0103rii problemelor pentru femeile care sufer\u0103 de usc\u0103ciune vaginal\u0103 din cauza modific\u0103rilor hormonale sau a utiliz\u0103rii cronice a medicamentelor. C\u00e2nd utiliza\u021bi prezervative, v\u0103 rug\u0103m s\u0103 utiliza\u021bi numai prezervative din poliizopren f\u0103r\u0103 latex.<\/p>\n<\/div><\/details>\n<\/div><\/div>\n","protected":false},"excerpt":{"rendered":"<p>Trateaz\u0103 \u0219i amelioreaz\u0103 usc\u0103ciunea vaginal\u0103<\/p>\n","protected":false},"featured_media":91,"comment_status":"closed","ping_status":"closed","template":"","meta":{"_acf_changed":false,"footnotes":""},"product_brand":[],"product_cat":[18],"product_tag":[],"class_list":{"0":"post-90","1":"product","2":"type-product","3":"status-publish","4":"has-post-thumbnail","6":"product_cat-tratament","8":"first","9":"instock","10":"shipping-taxable","11":"product-type-simple"},"acf":[],"yoast_head":"<!-- This site is optimized with the Yoast SEO plugin v26.6 - https:\/\/yoast.com\/wordpress\/plugins\/seo\/ -->\n<title>Multi-Gyn LiquiGel - Multi-Gyn<\/title>\n<meta name=\"description\" content=\"Multi-Gyn LiquiGel trateaz\u0103 \u0219i amelioreaz\u0103 imediat irita\u021bia pielii \u0219i alte simptome cauzate de usc\u0103ciunea vaginal\u0103.\" \/>\n<meta name=\"robots\" content=\"index, follow, max-snippet:-1, max-image-preview:large, max-video-preview:-1\" \/>\n<link rel=\"canonical\" href=\"https:\/\/multi-gyn.com\/ro\/produs\/multi-gyn-liquigel\/\" \/>\n<meta property=\"og:locale\" content=\"ro_RO\" \/>\n<meta property=\"og:type\" content=\"article\" \/>\n<meta property=\"og:title\" content=\"Multi-Gyn LiquiGel - Multi-Gyn\" \/>\n<meta property=\"og:description\" content=\"Multi-Gyn LiquiGel trateaz\u0103 \u0219i amelioreaz\u0103 imediat irita\u021bia pielii \u0219i alte simptome cauzate de usc\u0103ciunea vaginal\u0103.\" \/>\n<meta property=\"og:url\" content=\"https:\/\/multi-gyn.com\/ro\/produs\/multi-gyn-liquigel\/\" \/>\n<meta property=\"og:site_name\" content=\"Multi-Gyn\" \/>\n<meta property=\"article:modified_time\" content=\"2025-04-28T09:44:15+00:00\" \/>\n<meta property=\"og:image\" content=\"https:\/\/multi-gyn.com\/app\/uploads\/sites\/25\/2022\/09\/Multi-Gyn-LiquiGel.png\" \/>\n\t<meta property=\"og:image:width\" content=\"1000\" \/>\n\t<meta property=\"og:image:height\" content=\"1000\" \/>\n\t<meta property=\"og:image:type\" content=\"image\/png\" \/>\n<meta name=\"twitter:card\" content=\"summary_large_image\" \/>\n<meta name=\"twitter:label1\" content=\"Timp estimat pentru citire\" \/>\n\t<meta name=\"twitter:data1\" content=\"1 minut\" \/>\n<script type=\"application\/ld+json\" class=\"yoast-schema-graph\">{\"@context\":\"https:\/\/schema.org\",\"@graph\":[{\"@type\":\"WebPage\",\"@id\":\"https:\/\/multi-gyn.com\/ro\/produs\/multi-gyn-liquigel\/\",\"url\":\"https:\/\/multi-gyn.com\/ro\/produs\/multi-gyn-liquigel\/\",\"name\":\"Multi-Gyn LiquiGel - Multi-Gyn\",\"isPartOf\":{\"@id\":\"https:\/\/multi-gyn.com\/ro\/#website\"},\"primaryImageOfPage\":{\"@id\":\"https:\/\/multi-gyn.com\/ro\/produs\/multi-gyn-liquigel\/#primaryimage\"},\"image\":{\"@id\":\"https:\/\/multi-gyn.com\/ro\/produs\/multi-gyn-liquigel\/#primaryimage\"},\"thumbnailUrl\":\"https:\/\/multi-gyn.com\/app\/uploads\/sites\/25\/2022\/09\/Multi-Gyn-LiquiGel.png\",\"datePublished\":\"2022-09-02T06:55:23+00:00\",\"dateModified\":\"2025-04-28T09:44:15+00:00\",\"description\":\"Multi-Gyn LiquiGel trateaz\u0103 \u0219i amelioreaz\u0103 imediat irita\u021bia pielii \u0219i alte simptome cauzate de usc\u0103ciunea vaginal\u0103.\",\"breadcrumb\":{\"@id\":\"https:\/\/multi-gyn.com\/ro\/produs\/multi-gyn-liquigel\/#breadcrumb\"},\"inLanguage\":\"ro-RO\",\"potentialAction\":[{\"@type\":\"ReadAction\",\"target\":[\"https:\/\/multi-gyn.com\/ro\/produs\/multi-gyn-liquigel\/\"]}]},{\"@type\":\"ImageObject\",\"inLanguage\":\"ro-RO\",\"@id\":\"https:\/\/multi-gyn.com\/ro\/produs\/multi-gyn-liquigel\/#primaryimage\",\"url\":\"https:\/\/multi-gyn.com\/app\/uploads\/sites\/25\/2022\/09\/Multi-Gyn-LiquiGel.png\",\"contentUrl\":\"https:\/\/multi-gyn.com\/app\/uploads\/sites\/25\/2022\/09\/Multi-Gyn-LiquiGel.png\",\"width\":1000,\"height\":1000},{\"@type\":\"BreadcrumbList\",\"@id\":\"https:\/\/multi-gyn.com\/ro\/produs\/multi-gyn-liquigel\/#breadcrumb\",\"itemListElement\":[{\"@type\":\"ListItem\",\"position\":1,\"name\":\"Home\",\"item\":\"https:\/\/multi-gyn.com\/ro\/\"},{\"@type\":\"ListItem\",\"position\":2,\"name\":\"Produsele\",\"item\":\"https:\/\/multi-gyn.com\/ro\/produsele\/\"},{\"@type\":\"ListItem\",\"position\":3,\"name\":\"Multi-Gyn LiquiGel\"}]},{\"@type\":\"WebSite\",\"@id\":\"https:\/\/multi-gyn.com\/ro\/#website\",\"url\":\"https:\/\/multi-gyn.com\/ro\/\",\"name\":\"Multi-Gyn\",\"description\":\"\",\"publisher\":{\"@id\":\"https:\/\/multi-gyn.com\/ro\/#organization\"},\"potentialAction\":[{\"@type\":\"SearchAction\",\"target\":{\"@type\":\"EntryPoint\",\"urlTemplate\":\"https:\/\/multi-gyn.com\/ro\/?s={search_term_string}\"},\"query-input\":{\"@type\":\"PropertyValueSpecification\",\"valueRequired\":true,\"valueName\":\"search_term_string\"}}],\"inLanguage\":\"ro-RO\"},{\"@type\":\"Organization\",\"@id\":\"https:\/\/multi-gyn.com\/ro\/#organization\",\"name\":\"Multi-Gyn\",\"url\":\"https:\/\/multi-gyn.com\/ro\/\",\"logo\":{\"@type\":\"ImageObject\",\"inLanguage\":\"ro-RO\",\"@id\":\"https:\/\/multi-gyn.com\/ro\/#\/schema\/logo\/image\/\",\"url\":\"https:\/\/multi-gyn.com\/app\/uploads\/sites\/25\/2022\/08\/multi-gyn-logo.png\",\"contentUrl\":\"https:\/\/multi-gyn.com\/app\/uploads\/sites\/25\/2022\/08\/multi-gyn-logo.png\",\"width\":149,\"height\":32,\"caption\":\"Multi-Gyn\"},\"image\":{\"@id\":\"https:\/\/multi-gyn.com\/ro\/#\/schema\/logo\/image\/\"}}]}<\/script>\n<!-- \/ Yoast SEO plugin. -->","yoast_head_json":{"title":"Multi-Gyn LiquiGel - Multi-Gyn","description":"Multi-Gyn LiquiGel trateaz\u0103 \u0219i amelioreaz\u0103 imediat irita\u021bia pielii \u0219i alte simptome cauzate de usc\u0103ciunea vaginal\u0103.","robots":{"index":"index","follow":"follow","max-snippet":"max-snippet:-1","max-image-preview":"max-image-preview:large","max-video-preview":"max-video-preview:-1"},"canonical":"https:\/\/multi-gyn.com\/ro\/produs\/multi-gyn-liquigel\/","og_locale":"ro_RO","og_type":"article","og_title":"Multi-Gyn LiquiGel - Multi-Gyn","og_description":"Multi-Gyn LiquiGel trateaz\u0103 \u0219i amelioreaz\u0103 imediat irita\u021bia pielii \u0219i alte simptome cauzate de usc\u0103ciunea vaginal\u0103.","og_url":"https:\/\/multi-gyn.com\/ro\/produs\/multi-gyn-liquigel\/","og_site_name":"Multi-Gyn","article_modified_time":"2025-04-28T09:44:15+00:00","og_image":[{"width":1000,"height":1000,"url":"https:\/\/multi-gyn.com\/app\/uploads\/sites\/25\/2022\/09\/Multi-Gyn-LiquiGel.png","type":"image\/png"}],"twitter_card":"summary_large_image","twitter_misc":{"Timp estimat pentru citire":"1 minut"},"schema":{"@context":"https:\/\/schema.org","@graph":[{"@type":"WebPage","@id":"https:\/\/multi-gyn.com\/ro\/produs\/multi-gyn-liquigel\/","url":"https:\/\/multi-gyn.com\/ro\/produs\/multi-gyn-liquigel\/","name":"Multi-Gyn LiquiGel - Multi-Gyn","isPartOf":{"@id":"https:\/\/multi-gyn.com\/ro\/#website"},"primaryImageOfPage":{"@id":"https:\/\/multi-gyn.com\/ro\/produs\/multi-gyn-liquigel\/#primaryimage"},"image":{"@id":"https:\/\/multi-gyn.com\/ro\/produs\/multi-gyn-liquigel\/#primaryimage"},"thumbnailUrl":"https:\/\/multi-gyn.com\/app\/uploads\/sites\/25\/2022\/09\/Multi-Gyn-LiquiGel.png","datePublished":"2022-09-02T06:55:23+00:00","dateModified":"2025-04-28T09:44:15+00:00","description":"Multi-Gyn LiquiGel trateaz\u0103 \u0219i amelioreaz\u0103 imediat irita\u021bia pielii \u0219i alte simptome cauzate de usc\u0103ciunea vaginal\u0103.","breadcrumb":{"@id":"https:\/\/multi-gyn.com\/ro\/produs\/multi-gyn-liquigel\/#breadcrumb"},"inLanguage":"ro-RO","potentialAction":[{"@type":"ReadAction","target":["https:\/\/multi-gyn.com\/ro\/produs\/multi-gyn-liquigel\/"]}]},{"@type":"ImageObject","inLanguage":"ro-RO","@id":"https:\/\/multi-gyn.com\/ro\/produs\/multi-gyn-liquigel\/#primaryimage","url":"https:\/\/multi-gyn.com\/app\/uploads\/sites\/25\/2022\/09\/Multi-Gyn-LiquiGel.png","contentUrl":"https:\/\/multi-gyn.com\/app\/uploads\/sites\/25\/2022\/09\/Multi-Gyn-LiquiGel.png","width":1000,"height":1000},{"@type":"BreadcrumbList","@id":"https:\/\/multi-gyn.com\/ro\/produs\/multi-gyn-liquigel\/#breadcrumb","itemListElement":[{"@type":"ListItem","position":1,"name":"Home","item":"https:\/\/multi-gyn.com\/ro\/"},{"@type":"ListItem","position":2,"name":"Produsele","item":"https:\/\/multi-gyn.com\/ro\/produsele\/"},{"@type":"ListItem","position":3,"name":"Multi-Gyn LiquiGel"}]},{"@type":"WebSite","@id":"https:\/\/multi-gyn.com\/ro\/#website","url":"https:\/\/multi-gyn.com\/ro\/","name":"Multi-Gyn","description":"","publisher":{"@id":"https:\/\/multi-gyn.com\/ro\/#organization"},"potentialAction":[{"@type":"SearchAction","target":{"@type":"EntryPoint","urlTemplate":"https:\/\/multi-gyn.com\/ro\/?s={search_term_string}"},"query-input":{"@type":"PropertyValueSpecification","valueRequired":true,"valueName":"search_term_string"}}],"inLanguage":"ro-RO"},{"@type":"Organization","@id":"https:\/\/multi-gyn.com\/ro\/#organization","name":"Multi-Gyn","url":"https:\/\/multi-gyn.com\/ro\/","logo":{"@type":"ImageObject","inLanguage":"ro-RO","@id":"https:\/\/multi-gyn.com\/ro\/#\/schema\/logo\/image\/","url":"https:\/\/multi-gyn.com\/app\/uploads\/sites\/25\/2022\/08\/multi-gyn-logo.png","contentUrl":"https:\/\/multi-gyn.com\/app\/uploads\/sites\/25\/2022\/08\/multi-gyn-logo.png","width":149,"height":32,"caption":"Multi-Gyn"},"image":{"@id":"https:\/\/multi-gyn.com\/ro\/#\/schema\/logo\/image\/"}}]}},"_links":{"self":[{"href":"https:\/\/multi-gyn.com\/ro\/wp-json\/wp\/v2\/product\/90","targetHints":{"allow":["GET"]}}],"collection":[{"href":"https:\/\/multi-gyn.com\/ro\/wp-json\/wp\/v2\/product"}],"about":[{"href":"https:\/\/multi-gyn.com\/ro\/wp-json\/wp\/v2\/types\/product"}],"replies":[{"embeddable":true,"href":"https:\/\/multi-gyn.com\/ro\/wp-json\/wp\/v2\/comments?post=90"}],"version-history":[{"count":6,"href":"https:\/\/multi-gyn.com\/ro\/wp-json\/wp\/v2\/product\/90\/revisions"}],"predecessor-version":[{"id":206,"href":"https:\/\/multi-gyn.com\/ro\/wp-json\/wp\/v2\/product\/90\/revisions\/206"}],"wp:featuredmedia":[{"embeddable":true,"href":"https:\/\/multi-gyn.com\/ro\/wp-json\/wp\/v2\/media\/91"}],"wp:attachment":[{"href":"https:\/\/multi-gyn.com\/ro\/wp-json\/wp\/v2\/media?parent=90"}],"wp:term":[{"taxonomy":"product_brand","embeddable":true,"href":"https:\/\/multi-gyn.com\/ro\/wp-json\/wp\/v2\/product_brand?post=90"},{"taxonomy":"product_cat","embeddable":true,"href":"https:\/\/multi-gyn.com\/ro\/wp-json\/wp\/v2\/product_cat?post=90"},{"taxonomy":"product_tag","embeddable":true,"href":"https:\/\/multi-gyn.com\/ro\/wp-json\/wp\/v2\/product_tag?post=90"}],"curies":[{"name":"wp","href":"https:\/\/api.w.org\/{rel}","templated":true}]}}