{"id":191,"date":"2022-12-09T15:17:40","date_gmt":"2022-12-09T14:17:40","guid":{"rendered":"https:\/\/multi-gyn.com\/rs\/?page_id=191"},"modified":"2022-12-12T10:50:25","modified_gmt":"2022-12-12T09:50:25","slug":"lecenje-suvoce-vagine","status":"publish","type":"page","link":"https:\/\/multi-gyn.com\/rs\/zdravlje-vagine\/prevencija\/lecenje-suvoce-vagine\/","title":{"rendered":"Le\u010denje suvo\u0107e vagine"},"content":{"rendered":"\n<div class=\"wp-block-karopharma-free-text pt-large pb-large bg-center bg-cover bg-no-repeat  is-style-primary\" style=\"background-image:url()\"><div class=\"free-text-wrapper container max-w-medium text-left\">\n<h1 class=\"wp-block-heading\"><strong>Le\u010denje suvo\u0107e vagine<\/strong><\/h1>\n\n\n\n<p class=\"is-style-paragraph-preamble\">Da li ste imali iritaciju intimne regije? Ili druge tegobe kao \u0161to su svrab, peckanje (tokom mokrenja), svetlo krvarenje tokom nakon odnosa, bol prilikom penetracije, vaginalne tegobe ili zapaljenje? To bi moglo zna\u010diti da patite od suvo\u0107e vagine.<\/p>\n<\/div><\/div>\n\n\n\n<div class=\"wp-block-karopharma-free-text pt-large pb-large bg-center bg-cover bg-no-repeat\" style=\"background-image:url()\"><div class=\"free-text-wrapper container max-w-medium text-left\">\n<p>Ovaj uslov je \u010dest simptom menopauze, ali se mo\u017ee javiti u bilo kom starosnom dobu. Drugi uobi\u010dajeni krivci za ovo su hormonalne promene koje se de\u0161avaju posle poro\u0111aja ili tokom dojenja, tokom le\u010denja raka ili u toku odre\u0111enog le\u010denja.<\/p>\n\n\n\n<p>Suvo\u0107a mo\u017ee biti izazvana stresom i anksiozno\u0161\u0107u, prekomernim ve\u017ebanjem, alkoholom, kofeinom ili cigaretama. Iako suvo\u0107a vagine mo\u017ee izgledati kao manja iritacija, ozbiljno mo\u017ee da smanji kvalitet \u017eivota. Le\u010denje suvo\u0107e vagine je veoma va\u017eno, ne samo za fizi\u010dku dobit \u017eene, nego i za njeno emotivno stanje i zdravu vezu. Evo nekih od naj\u010de\u0161\u0107ih tretmana koji mogu da pomognu u ovoj prilici:<\/p>\n\n\n\n<h3 class=\"is-style-heading-h2 wp-block-heading\"><strong>Tretman estrogenom<\/strong><\/h3>\n\n\n\n<p>Glavni razlog suvo\u0107e je pad estrogena, hormona koji obezbe\u0111uje vla\u017enost i elasti\u010dnost vagine. Zato su mnogi tretmani zasnovani na nadoknadi smanjenog nivoa prirodnog estrogena. Hormonalna terapija mo\u017ee biti oralna, naro\u010dito ako su prisutni drugi simptomi menopauze, povr\u0161inska (hormonski flasteri) ili vaginalna.<\/p>\n\n\n\n<p>Vaginalni estrogeni tretmani obuhvataju estrogeni prsten, tablete ili kremu. Me\u0111utim, va\u017eno je znati da hormonalna terapija \u010desto mo\u017ee uzrokovati vrlo neprijatne ili \u010dak opasne sporedne efekte, kao \u0161to su ve\u0107i rizik od mo\u017edanog udara ili krvih ugru\u0161aka. Razgovarajte sa svojim ginekologom pre dono\u0161enja odluke i dajte priliku alternativnim tretmanima koji mogu biti efikasni i bezbedni.<\/p>\n\n\n\n<h3 class=\"is-style-heading-h2 wp-block-heading\"><strong>Tretmani bez estrogena<\/strong><\/h3>\n\n\n\n<p>Pored hormonalne terapije, mo\u017eete probati vaginalnu kremu koja \u0107e redovnom upotrebom odr\u017eati vla\u017enost i elasti\u010dnost vaginalnog tkiva, \u010dime vas osloba\u0111a od simptoma kao \u0161to su iritacija, peckanje ili osetljivost, koji ne mogu biti povezani sa seksualnim odnosom.<\/p>\n\n\n\n<p>\u017dene mogu da do\u017eive suvo\u0107u vagine i bolan odnos ako nisu dovoljno uzbu\u0111ene \u2013 dakle, predigra je va\u017ena kako bi se spre\u010dila neprijatnost. Me\u0111utim, lubrikanti mogu smanjiti trenje izazvano penetracijom i nude privremeno olak\u0161anje od bola tokom seksa. Oni mogu biti na bazi vode, silikona ili ulja (imajte na umu da lubrikanti na bazi ulja ne treba da se koriste sa lateks kondomima jer \u010desto dovode do toga da se probu\u0161e i ostavlja Vas izlo\u017eenim seksualno prenosivim infekcijama ili neplaniranoj trudno\u0107i).<\/p>\n\n\n\n<p>Osnovna razlika izme\u0111u lubrikanata i hidratanata je ta \u0161to hidratanti nude vi\u0161e od dugoro\u010dnog efekta,dok se lubrikanti koriste pre odnosa, da privremeno ubla\u017ee bol i trenje.<\/p>\n<\/div><\/div>\n","protected":false},"excerpt":{"rendered":"","protected":false},"author":6,"featured_media":0,"parent":649,"menu_order":0,"comment_status":"closed","ping_status":"closed","template":"","meta":{"_acf_changed":false,"footnotes":""},"from-article-database":[],"class_list":["post-191","page","type-page","status-publish","hentry"],"acf":[],"yoast_head":"<!-- This site is optimized with the Yoast SEO plugin v26.6 - https:\/\/yoast.com\/wordpress\/plugins\/seo\/ -->\n<title>Le\u010denje suvo\u0107e vagine - Multi-Gyn<\/title>\n<meta name=\"description\" content=\"Da li ste imali iritaciju intimne regije? Ili druge tegobe kao \u0161to su svrab, peckanje (tokom mokrenja), svetlo krvarenje tokom nakon odnosa, bol prilikom penetracije, vaginalne tegobe ili zapaljenje? To bi moglo zna\u010diti da patite od suvo\u0107e vagine.\" \/>\n<meta name=\"robots\" content=\"index, follow, max-snippet:-1, max-image-preview:large, max-video-preview:-1\" \/>\n<link rel=\"canonical\" href=\"https:\/\/multi-gyn.com\/rs\/zdravlje-vagine\/prevencija\/lecenje-suvoce-vagine\/\" \/>\n<meta property=\"og:locale\" content=\"sr_RS\" \/>\n<meta property=\"og:type\" content=\"article\" \/>\n<meta property=\"og:title\" content=\"Le\u010denje suvo\u0107e vagine - Multi-Gyn\" \/>\n<meta property=\"og:description\" content=\"Da li ste imali iritaciju intimne regije? Ili druge tegobe kao \u0161to su svrab, peckanje (tokom mokrenja), svetlo krvarenje tokom nakon odnosa, bol prilikom penetracije, vaginalne tegobe ili zapaljenje? To bi moglo zna\u010diti da patite od suvo\u0107e vagine.\" \/>\n<meta property=\"og:url\" content=\"https:\/\/multi-gyn.com\/rs\/zdravlje-vagine\/prevencija\/lecenje-suvoce-vagine\/\" \/>\n<meta property=\"og:site_name\" content=\"Multi-Gyn\" \/>\n<meta property=\"article:modified_time\" content=\"2022-12-12T09:50:25+00:00\" \/>\n<meta name=\"twitter:card\" content=\"summary_large_image\" \/>\n<meta name=\"twitter:label1\" content=\"\u041f\u0440\u043e\u0446\u0435\u045a\u0435\u043d\u043e \u0432\u0440\u0435\u043c\u0435 \u0447\u0438\u0442\u0430\u045a\u0430\" \/>\n\t<meta name=\"twitter:data1\" content=\"3 \u043c\u0438\u043d\u0443\u0442\u0430\" \/>\n<script type=\"application\/ld+json\" class=\"yoast-schema-graph\">{\"@context\":\"https:\/\/schema.org\",\"@graph\":[{\"@type\":\"WebPage\",\"@id\":\"https:\/\/multi-gyn.com\/rs\/zdravlje-vagine\/prevencija\/lecenje-suvoce-vagine\/\",\"url\":\"https:\/\/multi-gyn.com\/rs\/zdravlje-vagine\/prevencija\/lecenje-suvoce-vagine\/\",\"name\":\"Le\u010denje suvo\u0107e vagine - Multi-Gyn\",\"isPartOf\":{\"@id\":\"https:\/\/multi-gyn.com\/rs\/#website\"},\"datePublished\":\"2022-12-09T14:17:40+00:00\",\"dateModified\":\"2022-12-12T09:50:25+00:00\",\"description\":\"Da li ste imali iritaciju intimne regije? Ili druge tegobe kao \u0161to su svrab, peckanje (tokom mokrenja), svetlo krvarenje tokom nakon odnosa, bol prilikom penetracije, vaginalne tegobe ili zapaljenje? To bi moglo zna\u010diti da patite od suvo\u0107e vagine.\",\"breadcrumb\":{\"@id\":\"https:\/\/multi-gyn.com\/rs\/zdravlje-vagine\/prevencija\/lecenje-suvoce-vagine\/#breadcrumb\"},\"inLanguage\":\"sr-RS\",\"potentialAction\":[{\"@type\":\"ReadAction\",\"target\":[\"https:\/\/multi-gyn.com\/rs\/zdravlje-vagine\/prevencija\/lecenje-suvoce-vagine\/\"]}]},{\"@type\":\"BreadcrumbList\",\"@id\":\"https:\/\/multi-gyn.com\/rs\/zdravlje-vagine\/prevencija\/lecenje-suvoce-vagine\/#breadcrumb\",\"itemListElement\":[{\"@type\":\"ListItem\",\"position\":1,\"name\":\"Home\",\"item\":\"https:\/\/multi-gyn.com\/rs\/\"},{\"@type\":\"ListItem\",\"position\":2,\"name\":\"Zdravlje vagine\",\"item\":\"https:\/\/multi-gyn.com\/rs\/zdravlje-vagine\/\"},{\"@type\":\"ListItem\",\"position\":3,\"name\":\"Prevencija\",\"item\":\"https:\/\/multi-gyn.com\/rs\/zdravlje-vagine\/prevencija\/\"},{\"@type\":\"ListItem\",\"position\":4,\"name\":\"Le\u010denje suvo\u0107e vagine\"}]},{\"@type\":\"WebSite\",\"@id\":\"https:\/\/multi-gyn.com\/rs\/#website\",\"url\":\"https:\/\/multi-gyn.com\/rs\/\",\"name\":\"Multi-Gyn\",\"description\":\"\",\"publisher\":{\"@id\":\"https:\/\/multi-gyn.com\/rs\/#organization\"},\"potentialAction\":[{\"@type\":\"SearchAction\",\"target\":{\"@type\":\"EntryPoint\",\"urlTemplate\":\"https:\/\/multi-gyn.com\/rs\/?s={search_term_string}\"},\"query-input\":{\"@type\":\"PropertyValueSpecification\",\"valueRequired\":true,\"valueName\":\"search_term_string\"}}],\"inLanguage\":\"sr-RS\"},{\"@type\":\"Organization\",\"@id\":\"https:\/\/multi-gyn.com\/rs\/#organization\",\"name\":\"Multi-Gyn\",\"url\":\"https:\/\/multi-gyn.com\/rs\/\",\"logo\":{\"@type\":\"ImageObject\",\"inLanguage\":\"sr-RS\",\"@id\":\"https:\/\/multi-gyn.com\/rs\/#\/schema\/logo\/image\/\",\"url\":\"https:\/\/multi-gyn.com\/app\/uploads\/sites\/35\/2022\/11\/multi-gyn-logo.png\",\"contentUrl\":\"https:\/\/multi-gyn.com\/app\/uploads\/sites\/35\/2022\/11\/multi-gyn-logo.png\",\"width\":149,\"height\":32,\"caption\":\"Multi-Gyn\"},\"image\":{\"@id\":\"https:\/\/multi-gyn.com\/rs\/#\/schema\/logo\/image\/\"}}]}<\/script>\n<!-- \/ Yoast SEO plugin. -->","yoast_head_json":{"title":"Le\u010denje suvo\u0107e vagine - Multi-Gyn","description":"Da li ste imali iritaciju intimne regije? Ili druge tegobe kao \u0161to su svrab, peckanje (tokom mokrenja), svetlo krvarenje tokom nakon odnosa, bol prilikom penetracije, vaginalne tegobe ili zapaljenje? To bi moglo zna\u010diti da patite od suvo\u0107e vagine.","robots":{"index":"index","follow":"follow","max-snippet":"max-snippet:-1","max-image-preview":"max-image-preview:large","max-video-preview":"max-video-preview:-1"},"canonical":"https:\/\/multi-gyn.com\/rs\/zdravlje-vagine\/prevencija\/lecenje-suvoce-vagine\/","og_locale":"sr_RS","og_type":"article","og_title":"Le\u010denje suvo\u0107e vagine - Multi-Gyn","og_description":"Da li ste imali iritaciju intimne regije? Ili druge tegobe kao \u0161to su svrab, peckanje (tokom mokrenja), svetlo krvarenje tokom nakon odnosa, bol prilikom penetracije, vaginalne tegobe ili zapaljenje? To bi moglo zna\u010diti da patite od suvo\u0107e vagine.","og_url":"https:\/\/multi-gyn.com\/rs\/zdravlje-vagine\/prevencija\/lecenje-suvoce-vagine\/","og_site_name":"Multi-Gyn","article_modified_time":"2022-12-12T09:50:25+00:00","twitter_card":"summary_large_image","twitter_misc":{"\u041f\u0440\u043e\u0446\u0435\u045a\u0435\u043d\u043e \u0432\u0440\u0435\u043c\u0435 \u0447\u0438\u0442\u0430\u045a\u0430":"3 \u043c\u0438\u043d\u0443\u0442\u0430"},"schema":{"@context":"https:\/\/schema.org","@graph":[{"@type":"WebPage","@id":"https:\/\/multi-gyn.com\/rs\/zdravlje-vagine\/prevencija\/lecenje-suvoce-vagine\/","url":"https:\/\/multi-gyn.com\/rs\/zdravlje-vagine\/prevencija\/lecenje-suvoce-vagine\/","name":"Le\u010denje suvo\u0107e vagine - Multi-Gyn","isPartOf":{"@id":"https:\/\/multi-gyn.com\/rs\/#website"},"datePublished":"2022-12-09T14:17:40+00:00","dateModified":"2022-12-12T09:50:25+00:00","description":"Da li ste imali iritaciju intimne regije? Ili druge tegobe kao \u0161to su svrab, peckanje (tokom mokrenja), svetlo krvarenje tokom nakon odnosa, bol prilikom penetracije, vaginalne tegobe ili zapaljenje? To bi moglo zna\u010diti da patite od suvo\u0107e vagine.","breadcrumb":{"@id":"https:\/\/multi-gyn.com\/rs\/zdravlje-vagine\/prevencija\/lecenje-suvoce-vagine\/#breadcrumb"},"inLanguage":"sr-RS","potentialAction":[{"@type":"ReadAction","target":["https:\/\/multi-gyn.com\/rs\/zdravlje-vagine\/prevencija\/lecenje-suvoce-vagine\/"]}]},{"@type":"BreadcrumbList","@id":"https:\/\/multi-gyn.com\/rs\/zdravlje-vagine\/prevencija\/lecenje-suvoce-vagine\/#breadcrumb","itemListElement":[{"@type":"ListItem","position":1,"name":"Home","item":"https:\/\/multi-gyn.com\/rs\/"},{"@type":"ListItem","position":2,"name":"Zdravlje vagine","item":"https:\/\/multi-gyn.com\/rs\/zdravlje-vagine\/"},{"@type":"ListItem","position":3,"name":"Prevencija","item":"https:\/\/multi-gyn.com\/rs\/zdravlje-vagine\/prevencija\/"},{"@type":"ListItem","position":4,"name":"Le\u010denje suvo\u0107e vagine"}]},{"@type":"WebSite","@id":"https:\/\/multi-gyn.com\/rs\/#website","url":"https:\/\/multi-gyn.com\/rs\/","name":"Multi-Gyn","description":"","publisher":{"@id":"https:\/\/multi-gyn.com\/rs\/#organization"},"potentialAction":[{"@type":"SearchAction","target":{"@type":"EntryPoint","urlTemplate":"https:\/\/multi-gyn.com\/rs\/?s={search_term_string}"},"query-input":{"@type":"PropertyValueSpecification","valueRequired":true,"valueName":"search_term_string"}}],"inLanguage":"sr-RS"},{"@type":"Organization","@id":"https:\/\/multi-gyn.com\/rs\/#organization","name":"Multi-Gyn","url":"https:\/\/multi-gyn.com\/rs\/","logo":{"@type":"ImageObject","inLanguage":"sr-RS","@id":"https:\/\/multi-gyn.com\/rs\/#\/schema\/logo\/image\/","url":"https:\/\/multi-gyn.com\/app\/uploads\/sites\/35\/2022\/11\/multi-gyn-logo.png","contentUrl":"https:\/\/multi-gyn.com\/app\/uploads\/sites\/35\/2022\/11\/multi-gyn-logo.png","width":149,"height":32,"caption":"Multi-Gyn"},"image":{"@id":"https:\/\/multi-gyn.com\/rs\/#\/schema\/logo\/image\/"}}]}},"_links":{"self":[{"href":"https:\/\/multi-gyn.com\/rs\/wp-json\/wp\/v2\/pages\/191","targetHints":{"allow":["GET"]}}],"collection":[{"href":"https:\/\/multi-gyn.com\/rs\/wp-json\/wp\/v2\/pages"}],"about":[{"href":"https:\/\/multi-gyn.com\/rs\/wp-json\/wp\/v2\/types\/page"}],"author":[{"embeddable":true,"href":"https:\/\/multi-gyn.com\/rs\/wp-json\/wp\/v2\/users\/6"}],"replies":[{"embeddable":true,"href":"https:\/\/multi-gyn.com\/rs\/wp-json\/wp\/v2\/comments?post=191"}],"version-history":[{"count":1,"href":"https:\/\/multi-gyn.com\/rs\/wp-json\/wp\/v2\/pages\/191\/revisions"}],"predecessor-version":[{"id":202,"href":"https:\/\/multi-gyn.com\/rs\/wp-json\/wp\/v2\/pages\/191\/revisions\/202"}],"up":[{"embeddable":true,"href":"https:\/\/multi-gyn.com\/rs\/wp-json\/wp\/v2\/pages\/649"}],"wp:attachment":[{"href":"https:\/\/multi-gyn.com\/rs\/wp-json\/wp\/v2\/media?parent=191"}],"wp:term":[{"taxonomy":"from-article-database","embeddable":true,"href":"https:\/\/multi-gyn.com\/rs\/wp-json\/wp\/v2\/from-article-database?post=191"}],"curies":[{"name":"wp","href":"https:\/\/api.w.org\/{rel}","templated":true}]}}