{"id":204,"date":"2022-12-09T15:22:30","date_gmt":"2022-12-09T14:22:30","guid":{"rendered":"https:\/\/multi-gyn.com\/rs\/?page_id=204"},"modified":"2022-12-12T10:50:08","modified_gmt":"2022-12-12T09:50:08","slug":"kako-leciti-bakterijsku-vaginozu","status":"publish","type":"page","link":"https:\/\/multi-gyn.com\/rs\/zdravlje-vagine\/prevencija\/kako-leciti-bakterijsku-vaginozu\/","title":{"rendered":"Kako le\u010diti bakterijsku vaginozu"},"content":{"rendered":"\n<div class=\"wp-block-karopharma-free-text pt-large pb-large bg-center bg-cover bg-no-repeat  is-style-primary\" style=\"background-image:url()\"><div class=\"free-text-wrapper container max-w-medium text-left\">\n<h1 class=\"wp-block-heading\"><strong><strong>Kako le\u010diti bakterijsku vaginozu<\/strong><\/strong><\/h1>\n\n\n\n<p class=\"is-style-paragraph-preamble\">Bakterijska vaginoza ili BV je jedan od uzroka vaginalnog sekreta i mirisa zbog \u010dega \u017eene tra\u017ee medicinsku pomo\u0107. Ovo se de\u0161ava zbog neravnote\u017ee vaginalne flore, \u0161to rezultira prekomernim rastom \u201clo\u0161ih\u201d bakterija. Pored neugodnih simptoma, ako se ne le\u010di, BV mo\u017ee pove\u0107ati rizik od dobijanja SPB kao \u0161to su HIV ili herpes. Tako\u0111e pove\u0107ava rizik od poba\u010daja ili prevremenog poro\u0111aja ako se desi tokom trudno\u0107e, a \u017eena sa BV \u010de\u0161\u0107e dobija infekciju nakon karli\u010dnih procedura kao \u0161to su carski rez ili histerektomija. To su samo neki od razloga za\u0161to je toliko va\u017eno da se bakterijske vaginoze le\u010de odgovaraju\u0107im lekovima pre nego \u0161to do\u0111e do pojave komplikacija.<\/p>\n<\/div><\/div>\n\n\n\n<div class=\"wp-block-karopharma-free-text pt-large pb-large bg-center bg-cover bg-no-repeat\" style=\"background-image:url()\"><div class=\"free-text-wrapper container max-w-medium text-left\">\n<h3 class=\"is-style-heading-h2 wp-block-heading\"><strong>Kako se dijagnostikuje BV?<\/strong><\/h3>\n\n\n\n<p>Podrazumeva se da, ako ste primetili promene u sekretu, neprijatan miris poput ribe, svrab, peckanje ili druge vaginalne tegobe, trebalo bi da posetite svog lekara ako problemi i dalje postoje. Ne stidite se &#8211; \u0161to vi\u0161e informacija mo\u017eete dati svom lekaru, lak\u0161e \u0107e biti za njega\/nju da pravilno postavi dijagnozu.<\/p>\n\n\n\n<p>Va\u0161 lekar mo\u017ee da izvr\u0161i pregled karlice, gde \u0107e mo\u0107i vizuelno da pregleda vaginu i cerviks. Va\u0161 lekar mo\u017ee da uzme uzorak (sa \u0161tapi\u0107em) sa vaginalnog zida da proveri mikroskopske znakove za odre\u0111ene infekcije. Ovaj postupak nije bolan, iako mo\u017ee biti malo neprijatan, tako da mo\u017eete da odahnete i opustite se \u0161to je vi\u0161e mogu\u0107e.<\/p>\n\n\n\n<p>Drugi test koji Va\u0161 lekar mo\u017ee da obavlja se zove test \u2013 kap kalijum hidroksida pome\u0161a sa uzorkom sekreta. U slu\u010daju bakterijske infekcije, oseti\u0107e se miris ribe, koji potvr\u0111uje dijagnozu. Jo\u0161 jedan znak koji mo\u017ee da potvrdi dijagnozu je vaginalni Ph \u010diji je nivo ve\u0107i od 4,5.<\/p>\n\n\n\n<h3 class=\"is-style-heading-h2 wp-block-heading\"><strong>Le\u010denje bakterijske vaginoze<\/strong><\/h3>\n\n\n\n<p>Oko 30%infekcija se re\u0161e same, zahvaljuju\u0107i na\u0161im odbrambenim mehanizmima. Me\u0111utim, ako simptomi koje smo gore spomenuli ne prolaze za nekoliko dana, neophodna je odgovaraju\u0107a terapija, naro\u010dito tokom trudno\u0107e. Iako postoje ne antibiotski lekovi, Va\u0161 lekar \u0107e najverovatnije prepisati antibiotike za terapiju BV.<\/p>\n\n\n\n<p>Naj\u010de\u0161\u0107e antibiotski re\u017eim uklju\u010duje:<\/p>\n\n\n\n<ul class=\"is-style-default wp-block-list\"><li>Metronidazol* tablete ili vaginalni gel<\/li><li>Klindamicin** tablete, vaginalna krema ili vaginalne supozitorije<\/li><li>Tinidazol* tablete<\/li><\/ul>\n\n\n\n<p>* Izbegavajte kori\u0161\u0107enje alkohola tokom terapije antibioticima i do 24h nakon poslednje tablete kako bi se spre\u010dila mu\u010dnina ili bol u stomaku.<\/p>\n\n\n\n<p>** Klindamicin krema i vaginalne supozitorije mogu oslabiti lateks kondoma i dijafragmu jo\u0161 5 dana posle upotrebe.<\/p>\n\n\n\n<p>Pored spomenutih sporednih efekata, antibiotici mogu poremetiti vaginalnu floru, \u0161to mo\u017ee dovesti do gljivi\u010dne infekcije ili do ponavljanja BV. Obnovite Va\u0161u povoljnu vaginalnu floru (laktobacile) tokom ili nakon zavr\u0161ene atibiotske terapije kori\u0161\u0107enem prebiotika koji stimuli\u0161u rast dobrih bakterija i odr\u017eavaju vaginu zdravom i uravnote\u017eenom.<\/p>\n\n\n\n<p>Alternativa antibioticima je kori\u0161\u0107enje prirodnih proizvoda, koji obnavljaju pH vagine, imaju malo ili nimalo ne\u017eeljenih efekata i podsti\u010du rast dobrih bakterija kako bi ponovo uspostavili ravnote\u017eu flore u vaginalnoj sredini.<\/p>\n<\/div><\/div>\n","protected":false},"excerpt":{"rendered":"","protected":false},"author":6,"featured_media":0,"parent":649,"menu_order":0,"comment_status":"closed","ping_status":"closed","template":"","meta":{"_acf_changed":false,"footnotes":""},"from-article-database":[],"class_list":["post-204","page","type-page","status-publish","hentry"],"acf":[],"yoast_head":"<!-- This site is optimized with the Yoast SEO plugin v26.6 - https:\/\/yoast.com\/wordpress\/plugins\/seo\/ -->\n<title>Kako le\u010diti bakterijsku vaginozu - Multi-Gyn<\/title>\n<meta name=\"description\" content=\"Bakterijska vaginoza ili BV je jedan od uzroka vaginalnog sekreta i mirisa zbog \u010dega \u017eene tra\u017ee medicinsku pomo\u0107. Ovo se de\u0161ava zbog neravnote\u017ee vaginalne flore, \u0161to rezultira prekomernim rastom \u201clo\u0161ih\u201d bakterija. Pored neugodnih simptoma, ako se ne le\u010di, BV mo\u017ee pove\u0107ati rizik od dobijanja SPB kao \u0161to su HIV ili herpes.\" \/>\n<meta name=\"robots\" content=\"index, follow, max-snippet:-1, max-image-preview:large, max-video-preview:-1\" \/>\n<link rel=\"canonical\" href=\"https:\/\/multi-gyn.com\/rs\/zdravlje-vagine\/prevencija\/kako-leciti-bakterijsku-vaginozu\/\" \/>\n<meta property=\"og:locale\" content=\"sr_RS\" \/>\n<meta property=\"og:type\" content=\"article\" \/>\n<meta property=\"og:title\" content=\"Kako le\u010diti bakterijsku vaginozu - Multi-Gyn\" \/>\n<meta property=\"og:description\" content=\"Bakterijska vaginoza ili BV je jedan od uzroka vaginalnog sekreta i mirisa zbog \u010dega \u017eene tra\u017ee medicinsku pomo\u0107. Ovo se de\u0161ava zbog neravnote\u017ee vaginalne flore, \u0161to rezultira prekomernim rastom \u201clo\u0161ih\u201d bakterija. Pored neugodnih simptoma, ako se ne le\u010di, BV mo\u017ee pove\u0107ati rizik od dobijanja SPB kao \u0161to su HIV ili herpes.\" \/>\n<meta property=\"og:url\" content=\"https:\/\/multi-gyn.com\/rs\/zdravlje-vagine\/prevencija\/kako-leciti-bakterijsku-vaginozu\/\" \/>\n<meta property=\"og:site_name\" content=\"Multi-Gyn\" \/>\n<meta property=\"article:modified_time\" content=\"2022-12-12T09:50:08+00:00\" \/>\n<meta name=\"twitter:card\" content=\"summary_large_image\" \/>\n<meta name=\"twitter:label1\" content=\"\u041f\u0440\u043e\u0446\u0435\u045a\u0435\u043d\u043e \u0432\u0440\u0435\u043c\u0435 \u0447\u0438\u0442\u0430\u045a\u0430\" \/>\n\t<meta name=\"twitter:data1\" content=\"3 \u043c\u0438\u043d\u0443\u0442\u0430\" \/>\n<script type=\"application\/ld+json\" class=\"yoast-schema-graph\">{\"@context\":\"https:\/\/schema.org\",\"@graph\":[{\"@type\":\"WebPage\",\"@id\":\"https:\/\/multi-gyn.com\/rs\/zdravlje-vagine\/prevencija\/kako-leciti-bakterijsku-vaginozu\/\",\"url\":\"https:\/\/multi-gyn.com\/rs\/zdravlje-vagine\/prevencija\/kako-leciti-bakterijsku-vaginozu\/\",\"name\":\"Kako le\u010diti bakterijsku vaginozu - Multi-Gyn\",\"isPartOf\":{\"@id\":\"https:\/\/multi-gyn.com\/rs\/#website\"},\"datePublished\":\"2022-12-09T14:22:30+00:00\",\"dateModified\":\"2022-12-12T09:50:08+00:00\",\"description\":\"Bakterijska vaginoza ili BV je jedan od uzroka vaginalnog sekreta i mirisa zbog \u010dega \u017eene tra\u017ee medicinsku pomo\u0107. Ovo se de\u0161ava zbog neravnote\u017ee vaginalne flore, \u0161to rezultira prekomernim rastom \u201clo\u0161ih\u201d bakterija. Pored neugodnih simptoma, ako se ne le\u010di, BV mo\u017ee pove\u0107ati rizik od dobijanja SPB kao \u0161to su HIV ili herpes.\",\"breadcrumb\":{\"@id\":\"https:\/\/multi-gyn.com\/rs\/zdravlje-vagine\/prevencija\/kako-leciti-bakterijsku-vaginozu\/#breadcrumb\"},\"inLanguage\":\"sr-RS\",\"potentialAction\":[{\"@type\":\"ReadAction\",\"target\":[\"https:\/\/multi-gyn.com\/rs\/zdravlje-vagine\/prevencija\/kako-leciti-bakterijsku-vaginozu\/\"]}]},{\"@type\":\"BreadcrumbList\",\"@id\":\"https:\/\/multi-gyn.com\/rs\/zdravlje-vagine\/prevencija\/kako-leciti-bakterijsku-vaginozu\/#breadcrumb\",\"itemListElement\":[{\"@type\":\"ListItem\",\"position\":1,\"name\":\"Home\",\"item\":\"https:\/\/multi-gyn.com\/rs\/\"},{\"@type\":\"ListItem\",\"position\":2,\"name\":\"Zdravlje vagine\",\"item\":\"https:\/\/multi-gyn.com\/rs\/zdravlje-vagine\/\"},{\"@type\":\"ListItem\",\"position\":3,\"name\":\"Prevencija\",\"item\":\"https:\/\/multi-gyn.com\/rs\/zdravlje-vagine\/prevencija\/\"},{\"@type\":\"ListItem\",\"position\":4,\"name\":\"Kako le\u010diti bakterijsku vaginozu\"}]},{\"@type\":\"WebSite\",\"@id\":\"https:\/\/multi-gyn.com\/rs\/#website\",\"url\":\"https:\/\/multi-gyn.com\/rs\/\",\"name\":\"Multi-Gyn\",\"description\":\"\",\"publisher\":{\"@id\":\"https:\/\/multi-gyn.com\/rs\/#organization\"},\"potentialAction\":[{\"@type\":\"SearchAction\",\"target\":{\"@type\":\"EntryPoint\",\"urlTemplate\":\"https:\/\/multi-gyn.com\/rs\/?s={search_term_string}\"},\"query-input\":{\"@type\":\"PropertyValueSpecification\",\"valueRequired\":true,\"valueName\":\"search_term_string\"}}],\"inLanguage\":\"sr-RS\"},{\"@type\":\"Organization\",\"@id\":\"https:\/\/multi-gyn.com\/rs\/#organization\",\"name\":\"Multi-Gyn\",\"url\":\"https:\/\/multi-gyn.com\/rs\/\",\"logo\":{\"@type\":\"ImageObject\",\"inLanguage\":\"sr-RS\",\"@id\":\"https:\/\/multi-gyn.com\/rs\/#\/schema\/logo\/image\/\",\"url\":\"https:\/\/multi-gyn.com\/app\/uploads\/sites\/35\/2022\/11\/multi-gyn-logo.png\",\"contentUrl\":\"https:\/\/multi-gyn.com\/app\/uploads\/sites\/35\/2022\/11\/multi-gyn-logo.png\",\"width\":149,\"height\":32,\"caption\":\"Multi-Gyn\"},\"image\":{\"@id\":\"https:\/\/multi-gyn.com\/rs\/#\/schema\/logo\/image\/\"}}]}<\/script>\n<!-- \/ Yoast SEO plugin. -->","yoast_head_json":{"title":"Kako le\u010diti bakterijsku vaginozu - Multi-Gyn","description":"Bakterijska vaginoza ili BV je jedan od uzroka vaginalnog sekreta i mirisa zbog \u010dega \u017eene tra\u017ee medicinsku pomo\u0107. Ovo se de\u0161ava zbog neravnote\u017ee vaginalne flore, \u0161to rezultira prekomernim rastom \u201clo\u0161ih\u201d bakterija. Pored neugodnih simptoma, ako se ne le\u010di, BV mo\u017ee pove\u0107ati rizik od dobijanja SPB kao \u0161to su HIV ili herpes.","robots":{"index":"index","follow":"follow","max-snippet":"max-snippet:-1","max-image-preview":"max-image-preview:large","max-video-preview":"max-video-preview:-1"},"canonical":"https:\/\/multi-gyn.com\/rs\/zdravlje-vagine\/prevencija\/kako-leciti-bakterijsku-vaginozu\/","og_locale":"sr_RS","og_type":"article","og_title":"Kako le\u010diti bakterijsku vaginozu - Multi-Gyn","og_description":"Bakterijska vaginoza ili BV je jedan od uzroka vaginalnog sekreta i mirisa zbog \u010dega \u017eene tra\u017ee medicinsku pomo\u0107. Ovo se de\u0161ava zbog neravnote\u017ee vaginalne flore, \u0161to rezultira prekomernim rastom \u201clo\u0161ih\u201d bakterija. Pored neugodnih simptoma, ako se ne le\u010di, BV mo\u017ee pove\u0107ati rizik od dobijanja SPB kao \u0161to su HIV ili herpes.","og_url":"https:\/\/multi-gyn.com\/rs\/zdravlje-vagine\/prevencija\/kako-leciti-bakterijsku-vaginozu\/","og_site_name":"Multi-Gyn","article_modified_time":"2022-12-12T09:50:08+00:00","twitter_card":"summary_large_image","twitter_misc":{"\u041f\u0440\u043e\u0446\u0435\u045a\u0435\u043d\u043e \u0432\u0440\u0435\u043c\u0435 \u0447\u0438\u0442\u0430\u045a\u0430":"3 \u043c\u0438\u043d\u0443\u0442\u0430"},"schema":{"@context":"https:\/\/schema.org","@graph":[{"@type":"WebPage","@id":"https:\/\/multi-gyn.com\/rs\/zdravlje-vagine\/prevencija\/kako-leciti-bakterijsku-vaginozu\/","url":"https:\/\/multi-gyn.com\/rs\/zdravlje-vagine\/prevencija\/kako-leciti-bakterijsku-vaginozu\/","name":"Kako le\u010diti bakterijsku vaginozu - Multi-Gyn","isPartOf":{"@id":"https:\/\/multi-gyn.com\/rs\/#website"},"datePublished":"2022-12-09T14:22:30+00:00","dateModified":"2022-12-12T09:50:08+00:00","description":"Bakterijska vaginoza ili BV je jedan od uzroka vaginalnog sekreta i mirisa zbog \u010dega \u017eene tra\u017ee medicinsku pomo\u0107. Ovo se de\u0161ava zbog neravnote\u017ee vaginalne flore, \u0161to rezultira prekomernim rastom \u201clo\u0161ih\u201d bakterija. Pored neugodnih simptoma, ako se ne le\u010di, BV mo\u017ee pove\u0107ati rizik od dobijanja SPB kao \u0161to su HIV ili herpes.","breadcrumb":{"@id":"https:\/\/multi-gyn.com\/rs\/zdravlje-vagine\/prevencija\/kako-leciti-bakterijsku-vaginozu\/#breadcrumb"},"inLanguage":"sr-RS","potentialAction":[{"@type":"ReadAction","target":["https:\/\/multi-gyn.com\/rs\/zdravlje-vagine\/prevencija\/kako-leciti-bakterijsku-vaginozu\/"]}]},{"@type":"BreadcrumbList","@id":"https:\/\/multi-gyn.com\/rs\/zdravlje-vagine\/prevencija\/kako-leciti-bakterijsku-vaginozu\/#breadcrumb","itemListElement":[{"@type":"ListItem","position":1,"name":"Home","item":"https:\/\/multi-gyn.com\/rs\/"},{"@type":"ListItem","position":2,"name":"Zdravlje vagine","item":"https:\/\/multi-gyn.com\/rs\/zdravlje-vagine\/"},{"@type":"ListItem","position":3,"name":"Prevencija","item":"https:\/\/multi-gyn.com\/rs\/zdravlje-vagine\/prevencija\/"},{"@type":"ListItem","position":4,"name":"Kako le\u010diti bakterijsku vaginozu"}]},{"@type":"WebSite","@id":"https:\/\/multi-gyn.com\/rs\/#website","url":"https:\/\/multi-gyn.com\/rs\/","name":"Multi-Gyn","description":"","publisher":{"@id":"https:\/\/multi-gyn.com\/rs\/#organization"},"potentialAction":[{"@type":"SearchAction","target":{"@type":"EntryPoint","urlTemplate":"https:\/\/multi-gyn.com\/rs\/?s={search_term_string}"},"query-input":{"@type":"PropertyValueSpecification","valueRequired":true,"valueName":"search_term_string"}}],"inLanguage":"sr-RS"},{"@type":"Organization","@id":"https:\/\/multi-gyn.com\/rs\/#organization","name":"Multi-Gyn","url":"https:\/\/multi-gyn.com\/rs\/","logo":{"@type":"ImageObject","inLanguage":"sr-RS","@id":"https:\/\/multi-gyn.com\/rs\/#\/schema\/logo\/image\/","url":"https:\/\/multi-gyn.com\/app\/uploads\/sites\/35\/2022\/11\/multi-gyn-logo.png","contentUrl":"https:\/\/multi-gyn.com\/app\/uploads\/sites\/35\/2022\/11\/multi-gyn-logo.png","width":149,"height":32,"caption":"Multi-Gyn"},"image":{"@id":"https:\/\/multi-gyn.com\/rs\/#\/schema\/logo\/image\/"}}]}},"_links":{"self":[{"href":"https:\/\/multi-gyn.com\/rs\/wp-json\/wp\/v2\/pages\/204","targetHints":{"allow":["GET"]}}],"collection":[{"href":"https:\/\/multi-gyn.com\/rs\/wp-json\/wp\/v2\/pages"}],"about":[{"href":"https:\/\/multi-gyn.com\/rs\/wp-json\/wp\/v2\/types\/page"}],"author":[{"embeddable":true,"href":"https:\/\/multi-gyn.com\/rs\/wp-json\/wp\/v2\/users\/6"}],"replies":[{"embeddable":true,"href":"https:\/\/multi-gyn.com\/rs\/wp-json\/wp\/v2\/comments?post=204"}],"version-history":[{"count":1,"href":"https:\/\/multi-gyn.com\/rs\/wp-json\/wp\/v2\/pages\/204\/revisions"}],"predecessor-version":[{"id":205,"href":"https:\/\/multi-gyn.com\/rs\/wp-json\/wp\/v2\/pages\/204\/revisions\/205"}],"up":[{"embeddable":true,"href":"https:\/\/multi-gyn.com\/rs\/wp-json\/wp\/v2\/pages\/649"}],"wp:attachment":[{"href":"https:\/\/multi-gyn.com\/rs\/wp-json\/wp\/v2\/media?parent=204"}],"wp:term":[{"taxonomy":"from-article-database","embeddable":true,"href":"https:\/\/multi-gyn.com\/rs\/wp-json\/wp\/v2\/from-article-database?post=204"}],"curies":[{"name":"wp","href":"https:\/\/api.w.org\/{rel}","templated":true}]}}