{"id":206,"date":"2022-12-09T15:26:47","date_gmt":"2022-12-09T14:26:47","guid":{"rendered":"https:\/\/multi-gyn.com\/rs\/?page_id=206"},"modified":"2022-12-12T10:49:56","modified_gmt":"2022-12-12T09:49:56","slug":"kako-spreciti-bakterijsku-vaginozu","status":"publish","type":"page","link":"https:\/\/multi-gyn.com\/rs\/zdravlje-vagine\/prevencija\/kako-spreciti-bakterijsku-vaginozu\/","title":{"rendered":"Kako spre\u010diti bakterijsku vaginozu"},"content":{"rendered":"\n<div class=\"wp-block-karopharma-free-text pt-large pb-large bg-center bg-cover bg-no-repeat  is-style-primary\" style=\"background-image:url()\"><div class=\"free-text-wrapper container max-w-medium text-left\">\n<h1 class=\"wp-block-heading\"><strong><strong><strong>Kako spre\u010diti bakterijsku vaginozu<\/strong><\/strong><\/strong><\/h1>\n\n\n\n<p class=\"is-style-paragraph-preamble\">Bakterijska vaginoza ili BV je disbalans vaginalne flore. Ovo je jedna od naj\u010de\u0161\u0107ih vaginalnih infekcija kod \u017eena. Postoji \u0161iroko rasprostranjeno uverenje da je bakterijska vaginoza SPB, me\u0111utim, to nije uvek slu\u010daj. BV se tako\u0111e javlja kod \u017eena koje nisu imale seksualne odnose ili koje su godinama sa istim partnerom. Tako\u0111e, bakteriska vaginoza ne mo\u017ee da se prenosi izme\u0111u ljudi.<\/p>\n<\/div><\/div>\n\n\n\n<div class=\"wp-block-karopharma-free-text pt-large pb-large bg-center bg-cover bg-no-repeat\" style=\"background-image:url()\"><div class=\"free-text-wrapper container max-w-medium text-left\">\n<p>Bakterijska vaginoza je prekomeran rast \u0161tetnih bakterija. U zdravoj vagini, ove \u0161tetne bakterije se dr\u017ee pod kontrolom niskim pH vagine koji poti\u010de od mle\u010dne kiseline koju proizvode dobri laktobacili flore. Me\u0111utim, vaginalni pH se mo\u017ee pove\u0107ati (smanjena kiselost), na primer smanjenjem broja laktobacila zbog antibiotske terapije ili neutralizacijom niske pH alkalnom spermom. U ovoj situaciji, \u0161tetne bakterije mogu iskoristiti priliku za rast i izazivaju vaginalne tegobe.<\/p>\n\n\n\n<p>Naj\u010de\u0161\u0107i simptomi BV obuhvataju promene u sekretu (\u010desto \u0107e sekret biti beli ili sivkast, penast), promene u mirisu (obi\u010dno je jak miris koji podse\u0107a na ribu), peckanje prilikom mokrenja, srab i iritacija u vaginalnom podru\u010dju. Neki od ovih simptoma li\u010de na znake sor-a, tako da je veoma va\u017eno postaviti ta\u010dnu dijagnozu pre po\u010detka odgovaraju\u0107e terapije.<\/p>\n\n\n\n<p>Postoje, me\u0111utim, koraci koje mo\u017eete pratiti kako biste spre\u010dili bakterijsku vaginozu.<\/p>\n\n\n\n<h3 class=\"is-style-heading-h2 wp-block-heading\"><strong>\u0160ta mo\u017eete uraditi da smanjite rizik od bakterijske vaginoze?<\/strong><\/h3>\n\n\n\n<ul class=\"is-style-default wp-block-list\"><li>Informi\u0161ite se \u2013 i ovaj \u010dlanak je Va\u0161 prvi korak u pravom smeru! Veoma je va\u017eno da budete u stanju da prepoznate simptome bakterijske vaginoze i znate kada je pravo vreme da potra\u017eite stru\u010dnu pomo\u0107.<\/li><li>Praktikujte siguran seks \u2013 ograni\u010dite broj seksualnih partnera i uvek koristite odgovaraju\u0107u za\u0161titu prilikom seksa.<\/li><li>Izbegavajte iritaciju u vaginalnom region \u2013 to zna\u010di izbegavanje kada i \u0111akuzija, kori\u0161\u0107enje prirodnih intimnih pranja koji ne sadr\u017ee sapune ili jake hemikalije, miri\u0161ljave higijenske ulo\u0161ke i tampone. Ne zaboravite da dobro osu\u0161ite intimnu zonu posle tu\u0161iranja tapkanjem mekim, \u010distim pe\u0161kirom.<\/li><li>daberite pamu\u010dan donji ve\u0161 umesto sinteti\u010dkih materijala koji ne dozvoljavaju ko\u017ei da di\u0161e. Ovo dovodi do pove\u0107anja temperature i vla\u017enosti, stvaraju\u0107i savr\u0161eno okru\u017eenje za razvoj i napredovanje bakterija. Kad god je mogu\u0107e, spavajte bez donjeg rublja.<\/li><li>Odaberite pamu\u010dan donji ve\u0161 umesto sinteti\u010dkih materijala koji ne dozvoljavaju ko\u017ei da di\u0161e. Ovo dovodi do pove\u0107anja temperature i vla\u017enosti, stvaraju\u0107i savr\u0161eno okru\u017eenje za razvoj i napredovanje bakterija. Kad god je mogu\u0107e, spavajte bez donjeg rublja.<\/li><li>Neki nau\u010dnici tvrde da bi idealan na\u010din prevencije bakterijske vaginoze bio stimulacija za\u0161titne laktobacilusne flore. Ova obnova dobre vaginalne flore je va\u017ena jer antibiotsko le\u010denje BV remeti laktobacilusnu floru, \u0161to rezultira velikim brojem ponovljenih infekcija. Stimulacija laktobacilusne flore mo\u017ee da se postigne kori\u0161\u0107enjem prebiotksih proizvoda koji podr\u017eavaju prirodne laktobacile. Tako\u0111e se, mo\u017ee uzeti u obzir, upotreba prirodnih proizvoda koji le\u010de BV ali ne uti\u010du na laktobacile.<\/li><\/ul>\n<\/div><\/div>\n","protected":false},"excerpt":{"rendered":"","protected":false},"author":6,"featured_media":0,"parent":649,"menu_order":0,"comment_status":"closed","ping_status":"closed","template":"","meta":{"_acf_changed":false,"footnotes":""},"from-article-database":[],"class_list":["post-206","page","type-page","status-publish","hentry"],"acf":[],"yoast_head":"<!-- This site is optimized with the Yoast SEO plugin v26.6 - https:\/\/yoast.com\/wordpress\/plugins\/seo\/ -->\n<title>Kako spre\u010diti bakterijsku vaginozu - Multi-Gyn<\/title>\n<meta name=\"description\" content=\"Postoji \u0161iroko rasprostranjeno uverenje da je bakterijska vaginoza SPB, me\u0111utim, to nije uvek slu\u010daj. BV se tako\u0111e javlja kod \u017eena koje nisu imale seksualne odnose ili koje su godinama sa istim partnerom. Tako\u0111e, bakteriska vaginoza ne mo\u017ee da se prenosi izme\u0111u ljudi.\" \/>\n<meta name=\"robots\" content=\"index, follow, max-snippet:-1, max-image-preview:large, max-video-preview:-1\" \/>\n<link rel=\"canonical\" href=\"https:\/\/multi-gyn.com\/rs\/zdravlje-vagine\/prevencija\/kako-spreciti-bakterijsku-vaginozu\/\" \/>\n<meta property=\"og:locale\" content=\"sr_RS\" \/>\n<meta property=\"og:type\" content=\"article\" \/>\n<meta property=\"og:title\" content=\"Kako spre\u010diti bakterijsku vaginozu - Multi-Gyn\" \/>\n<meta property=\"og:description\" content=\"Postoji \u0161iroko rasprostranjeno uverenje da je bakterijska vaginoza SPB, me\u0111utim, to nije uvek slu\u010daj. BV se tako\u0111e javlja kod \u017eena koje nisu imale seksualne odnose ili koje su godinama sa istim partnerom. Tako\u0111e, bakteriska vaginoza ne mo\u017ee da se prenosi izme\u0111u ljudi.\" \/>\n<meta property=\"og:url\" content=\"https:\/\/multi-gyn.com\/rs\/zdravlje-vagine\/prevencija\/kako-spreciti-bakterijsku-vaginozu\/\" \/>\n<meta property=\"og:site_name\" content=\"Multi-Gyn\" \/>\n<meta property=\"article:modified_time\" content=\"2022-12-12T09:49:56+00:00\" \/>\n<meta name=\"twitter:card\" content=\"summary_large_image\" \/>\n<meta name=\"twitter:label1\" content=\"\u041f\u0440\u043e\u0446\u0435\u045a\u0435\u043d\u043e \u0432\u0440\u0435\u043c\u0435 \u0447\u0438\u0442\u0430\u045a\u0430\" \/>\n\t<meta name=\"twitter:data1\" content=\"3 \u043c\u0438\u043d\u0443\u0442\u0430\" \/>\n<script type=\"application\/ld+json\" class=\"yoast-schema-graph\">{\"@context\":\"https:\/\/schema.org\",\"@graph\":[{\"@type\":\"WebPage\",\"@id\":\"https:\/\/multi-gyn.com\/rs\/zdravlje-vagine\/prevencija\/kako-spreciti-bakterijsku-vaginozu\/\",\"url\":\"https:\/\/multi-gyn.com\/rs\/zdravlje-vagine\/prevencija\/kako-spreciti-bakterijsku-vaginozu\/\",\"name\":\"Kako spre\u010diti bakterijsku vaginozu - Multi-Gyn\",\"isPartOf\":{\"@id\":\"https:\/\/multi-gyn.com\/rs\/#website\"},\"datePublished\":\"2022-12-09T14:26:47+00:00\",\"dateModified\":\"2022-12-12T09:49:56+00:00\",\"description\":\"Postoji \u0161iroko rasprostranjeno uverenje da je bakterijska vaginoza SPB, me\u0111utim, to nije uvek slu\u010daj. BV se tako\u0111e javlja kod \u017eena koje nisu imale seksualne odnose ili koje su godinama sa istim partnerom. Tako\u0111e, bakteriska vaginoza ne mo\u017ee da se prenosi izme\u0111u ljudi.\",\"breadcrumb\":{\"@id\":\"https:\/\/multi-gyn.com\/rs\/zdravlje-vagine\/prevencija\/kako-spreciti-bakterijsku-vaginozu\/#breadcrumb\"},\"inLanguage\":\"sr-RS\",\"potentialAction\":[{\"@type\":\"ReadAction\",\"target\":[\"https:\/\/multi-gyn.com\/rs\/zdravlje-vagine\/prevencija\/kako-spreciti-bakterijsku-vaginozu\/\"]}]},{\"@type\":\"BreadcrumbList\",\"@id\":\"https:\/\/multi-gyn.com\/rs\/zdravlje-vagine\/prevencija\/kako-spreciti-bakterijsku-vaginozu\/#breadcrumb\",\"itemListElement\":[{\"@type\":\"ListItem\",\"position\":1,\"name\":\"Home\",\"item\":\"https:\/\/multi-gyn.com\/rs\/\"},{\"@type\":\"ListItem\",\"position\":2,\"name\":\"Zdravlje vagine\",\"item\":\"https:\/\/multi-gyn.com\/rs\/zdravlje-vagine\/\"},{\"@type\":\"ListItem\",\"position\":3,\"name\":\"Prevencija\",\"item\":\"https:\/\/multi-gyn.com\/rs\/zdravlje-vagine\/prevencija\/\"},{\"@type\":\"ListItem\",\"position\":4,\"name\":\"Kako spre\u010diti bakterijsku vaginozu\"}]},{\"@type\":\"WebSite\",\"@id\":\"https:\/\/multi-gyn.com\/rs\/#website\",\"url\":\"https:\/\/multi-gyn.com\/rs\/\",\"name\":\"Multi-Gyn\",\"description\":\"\",\"publisher\":{\"@id\":\"https:\/\/multi-gyn.com\/rs\/#organization\"},\"potentialAction\":[{\"@type\":\"SearchAction\",\"target\":{\"@type\":\"EntryPoint\",\"urlTemplate\":\"https:\/\/multi-gyn.com\/rs\/?s={search_term_string}\"},\"query-input\":{\"@type\":\"PropertyValueSpecification\",\"valueRequired\":true,\"valueName\":\"search_term_string\"}}],\"inLanguage\":\"sr-RS\"},{\"@type\":\"Organization\",\"@id\":\"https:\/\/multi-gyn.com\/rs\/#organization\",\"name\":\"Multi-Gyn\",\"url\":\"https:\/\/multi-gyn.com\/rs\/\",\"logo\":{\"@type\":\"ImageObject\",\"inLanguage\":\"sr-RS\",\"@id\":\"https:\/\/multi-gyn.com\/rs\/#\/schema\/logo\/image\/\",\"url\":\"https:\/\/multi-gyn.com\/app\/uploads\/sites\/35\/2022\/11\/multi-gyn-logo.png\",\"contentUrl\":\"https:\/\/multi-gyn.com\/app\/uploads\/sites\/35\/2022\/11\/multi-gyn-logo.png\",\"width\":149,\"height\":32,\"caption\":\"Multi-Gyn\"},\"image\":{\"@id\":\"https:\/\/multi-gyn.com\/rs\/#\/schema\/logo\/image\/\"}}]}<\/script>\n<!-- \/ Yoast SEO plugin. -->","yoast_head_json":{"title":"Kako spre\u010diti bakterijsku vaginozu - Multi-Gyn","description":"Postoji \u0161iroko rasprostranjeno uverenje da je bakterijska vaginoza SPB, me\u0111utim, to nije uvek slu\u010daj. BV se tako\u0111e javlja kod \u017eena koje nisu imale seksualne odnose ili koje su godinama sa istim partnerom. Tako\u0111e, bakteriska vaginoza ne mo\u017ee da se prenosi izme\u0111u ljudi.","robots":{"index":"index","follow":"follow","max-snippet":"max-snippet:-1","max-image-preview":"max-image-preview:large","max-video-preview":"max-video-preview:-1"},"canonical":"https:\/\/multi-gyn.com\/rs\/zdravlje-vagine\/prevencija\/kako-spreciti-bakterijsku-vaginozu\/","og_locale":"sr_RS","og_type":"article","og_title":"Kako spre\u010diti bakterijsku vaginozu - Multi-Gyn","og_description":"Postoji \u0161iroko rasprostranjeno uverenje da je bakterijska vaginoza SPB, me\u0111utim, to nije uvek slu\u010daj. BV se tako\u0111e javlja kod \u017eena koje nisu imale seksualne odnose ili koje su godinama sa istim partnerom. Tako\u0111e, bakteriska vaginoza ne mo\u017ee da se prenosi izme\u0111u ljudi.","og_url":"https:\/\/multi-gyn.com\/rs\/zdravlje-vagine\/prevencija\/kako-spreciti-bakterijsku-vaginozu\/","og_site_name":"Multi-Gyn","article_modified_time":"2022-12-12T09:49:56+00:00","twitter_card":"summary_large_image","twitter_misc":{"\u041f\u0440\u043e\u0446\u0435\u045a\u0435\u043d\u043e \u0432\u0440\u0435\u043c\u0435 \u0447\u0438\u0442\u0430\u045a\u0430":"3 \u043c\u0438\u043d\u0443\u0442\u0430"},"schema":{"@context":"https:\/\/schema.org","@graph":[{"@type":"WebPage","@id":"https:\/\/multi-gyn.com\/rs\/zdravlje-vagine\/prevencija\/kako-spreciti-bakterijsku-vaginozu\/","url":"https:\/\/multi-gyn.com\/rs\/zdravlje-vagine\/prevencija\/kako-spreciti-bakterijsku-vaginozu\/","name":"Kako spre\u010diti bakterijsku vaginozu - Multi-Gyn","isPartOf":{"@id":"https:\/\/multi-gyn.com\/rs\/#website"},"datePublished":"2022-12-09T14:26:47+00:00","dateModified":"2022-12-12T09:49:56+00:00","description":"Postoji \u0161iroko rasprostranjeno uverenje da je bakterijska vaginoza SPB, me\u0111utim, to nije uvek slu\u010daj. BV se tako\u0111e javlja kod \u017eena koje nisu imale seksualne odnose ili koje su godinama sa istim partnerom. Tako\u0111e, bakteriska vaginoza ne mo\u017ee da se prenosi izme\u0111u ljudi.","breadcrumb":{"@id":"https:\/\/multi-gyn.com\/rs\/zdravlje-vagine\/prevencija\/kako-spreciti-bakterijsku-vaginozu\/#breadcrumb"},"inLanguage":"sr-RS","potentialAction":[{"@type":"ReadAction","target":["https:\/\/multi-gyn.com\/rs\/zdravlje-vagine\/prevencija\/kako-spreciti-bakterijsku-vaginozu\/"]}]},{"@type":"BreadcrumbList","@id":"https:\/\/multi-gyn.com\/rs\/zdravlje-vagine\/prevencija\/kako-spreciti-bakterijsku-vaginozu\/#breadcrumb","itemListElement":[{"@type":"ListItem","position":1,"name":"Home","item":"https:\/\/multi-gyn.com\/rs\/"},{"@type":"ListItem","position":2,"name":"Zdravlje vagine","item":"https:\/\/multi-gyn.com\/rs\/zdravlje-vagine\/"},{"@type":"ListItem","position":3,"name":"Prevencija","item":"https:\/\/multi-gyn.com\/rs\/zdravlje-vagine\/prevencija\/"},{"@type":"ListItem","position":4,"name":"Kako spre\u010diti bakterijsku vaginozu"}]},{"@type":"WebSite","@id":"https:\/\/multi-gyn.com\/rs\/#website","url":"https:\/\/multi-gyn.com\/rs\/","name":"Multi-Gyn","description":"","publisher":{"@id":"https:\/\/multi-gyn.com\/rs\/#organization"},"potentialAction":[{"@type":"SearchAction","target":{"@type":"EntryPoint","urlTemplate":"https:\/\/multi-gyn.com\/rs\/?s={search_term_string}"},"query-input":{"@type":"PropertyValueSpecification","valueRequired":true,"valueName":"search_term_string"}}],"inLanguage":"sr-RS"},{"@type":"Organization","@id":"https:\/\/multi-gyn.com\/rs\/#organization","name":"Multi-Gyn","url":"https:\/\/multi-gyn.com\/rs\/","logo":{"@type":"ImageObject","inLanguage":"sr-RS","@id":"https:\/\/multi-gyn.com\/rs\/#\/schema\/logo\/image\/","url":"https:\/\/multi-gyn.com\/app\/uploads\/sites\/35\/2022\/11\/multi-gyn-logo.png","contentUrl":"https:\/\/multi-gyn.com\/app\/uploads\/sites\/35\/2022\/11\/multi-gyn-logo.png","width":149,"height":32,"caption":"Multi-Gyn"},"image":{"@id":"https:\/\/multi-gyn.com\/rs\/#\/schema\/logo\/image\/"}}]}},"_links":{"self":[{"href":"https:\/\/multi-gyn.com\/rs\/wp-json\/wp\/v2\/pages\/206","targetHints":{"allow":["GET"]}}],"collection":[{"href":"https:\/\/multi-gyn.com\/rs\/wp-json\/wp\/v2\/pages"}],"about":[{"href":"https:\/\/multi-gyn.com\/rs\/wp-json\/wp\/v2\/types\/page"}],"author":[{"embeddable":true,"href":"https:\/\/multi-gyn.com\/rs\/wp-json\/wp\/v2\/users\/6"}],"replies":[{"embeddable":true,"href":"https:\/\/multi-gyn.com\/rs\/wp-json\/wp\/v2\/comments?post=206"}],"version-history":[{"count":1,"href":"https:\/\/multi-gyn.com\/rs\/wp-json\/wp\/v2\/pages\/206\/revisions"}],"predecessor-version":[{"id":208,"href":"https:\/\/multi-gyn.com\/rs\/wp-json\/wp\/v2\/pages\/206\/revisions\/208"}],"up":[{"embeddable":true,"href":"https:\/\/multi-gyn.com\/rs\/wp-json\/wp\/v2\/pages\/649"}],"wp:attachment":[{"href":"https:\/\/multi-gyn.com\/rs\/wp-json\/wp\/v2\/media?parent=206"}],"wp:term":[{"taxonomy":"from-article-database","embeddable":true,"href":"https:\/\/multi-gyn.com\/rs\/wp-json\/wp\/v2\/from-article-database?post=206"}],"curies":[{"name":"wp","href":"https:\/\/api.w.org\/{rel}","templated":true}]}}