{"id":245,"date":"2022-12-09T15:48:46","date_gmt":"2022-12-09T14:48:46","guid":{"rendered":"https:\/\/multi-gyn.com\/rs\/?page_id=245"},"modified":"2023-03-13T10:46:27","modified_gmt":"2023-03-13T09:46:27","slug":"poseta-ginekologu","status":"publish","type":"page","link":"https:\/\/multi-gyn.com\/rs\/zdravlje-vagine\/opsti\/poseta-ginekologu\/","title":{"rendered":"Poseta ginekologu"},"content":{"rendered":"\n<div class=\"wp-block-karopharma-free-text pt-large pb-large bg-center bg-cover bg-no-repeat  is-style-primary\" style=\"background-image:url()\"><div class=\"free-text-wrapper container max-w-medium text-left\">\n<h1 class=\"wp-block-heading\"><strong><strong><strong>Poseta ginekologu<\/strong><\/strong><\/strong><\/h1>\n\n\n\n<p class=\"is-style-paragraph-preamble\">Posete ginekologu su normalni deo \u017eivota \u017eene. U reproduktivnom periodu, \u017eena bi trebalo da vidi svog ginekologa onoliko \u010desto koliko je to potrebno. Trudnice, s druge strane, treba da imaju redovne lekarske preglede. Ako imate tremu pred ginekolo\u0161ki pregled ili se pripremate za prvu posetu, pogledajte listu situacija koje mo\u017eete da o\u010dekujete prilikom posete ginekologu.<\/p>\n<\/div><\/div>\n\n\n\n<div class=\"wp-block-karopharma-free-text pt-large pb-large bg-center bg-cover bg-no-repeat\" style=\"background-image:url()\"><div class=\"free-text-wrapper container max-w-medium text-left\">\n<h3 class=\"is-style-heading-h2 wp-block-heading\"><strong>Medicinska istorija<\/strong><\/h3>\n\n\n\n<p>Prvo, lekar ili medicinksa sestra \u0107e vam postaviti niz pitanja kako bi se utvrdila va\u0161a medicinska istorija \u0161to je ta\u010dnije mogu\u0107e. Ovo \u0107e obuhvatiti pitanja o va\u0161em op\u0161tem zdravlju, svim hroni\u010dnim i genetskim bolestima, kao i na\u010dinu \u017eivota i navikama poput pu\u0161enja ili konzumiranja alkohola. Oni \u0107e tako\u0111e pitati o va\u0161em menstrualnom ciklusu, kada ste imali prvu menstruaciju, da li su va\u0161i ciklusi redovni i da li imate gr\u010deve tokom krvarenja. Pitanja \u0107e obuhvatiti i to da li ste ikada imali SPB, sve prethodne terapije i da li ste koristili kontraceptivna sredstva. Ne stidite se \u2013 sve informacije koje delite sa va\u0161im lekarom su poverljive i poma\u017eu da se stvori preciznija slika o va\u0161em reproduktivnom zdravlju. Ako imate bilo kakvih pitanja, sada je pravo vreme da ih postavite.<\/p>\n\n\n\n<h3 class=\"is-style-heading-h2 wp-block-heading\"><strong>Ginekolo\u0161ki pregled<\/strong><\/h3>\n\n\n\n<p>Re\u0107i\u0107e vam da skinete donji ve\u0161, sednete na krevet i stavite noge na odgovaraju\u0107e naslone, tako da su ra\u0161irene, dozvoljavaju\u0107i lekaru da uradi pregled va\u0161e intimne regije. Duboko udahnite i udobno se smestite \u2013 najva\u017enija stvar je da se opustite. Na taj na\u010din \u0107e pregled biti manje neprijatan i bezbolan.<\/p>\n\n\n\n<p>Sam pregled se sastoji od spolja\u0161nje vizuelne inspekcije i stavljanja spekuluma (metalni alat koji otvara vaginu i odr\u017eava je otvorenom tokom pregleda). Lekar \u0107e ru\u010dno pregledati vaginu, matericu i jajnike, nakon \u010dega \u0107e se uzeti vaginalni ili cervikalni bris. Bris mo\u017ee da pru\u017ei detaljniji uvid u zdravlje vagine I grli\u0107a materice.<\/p>\n\n\n\n<h3 class=\"is-style-heading-h2 wp-block-heading\"><strong>Papanikolau test<\/strong><\/h3>\n\n\n\n<p>Pregled mo\u017ee uklju\u010divati Papanikolau test koji mo\u017ee otkriti potencijalne prekancerozne i kancerozne promene u grli\u0107u materice. Lekar \u0107e uzeti bris iz va\u0161eg grli\u0107a materice, koji \u0107e kasnije analizirati pod mikroskopom kako bi tra\u017eio bilo kakve abnormalnosti.<\/p>\n\n\n\n<h3 class=\"is-style-heading-h2 wp-block-heading\"><strong>Testiranje SPB<\/strong><\/h3>\n\n\n\n<p>Sve seksualno aktivne \u017eene treba redovno da se testiraju na SPB (seksualno prenosive bolesti) \u2013 neki od ovih testova se obavljaju preko vaginalnog brisa, dok drugi zahtevaju testiranje krvi.<\/p>\n\n\n\n<p>Na kraju, va\u0161 lekar bi trebao da vam objasni rezultate nekih testova koje ste radili, propi\u0161e odgovaraju\u0107u terapiju i objasni tok terapije i koje promene \u017eivotnog stila treba da u\u010dinite (privremeno ili trajno). Ako imate bilo kakvih pitanja ili briga, ne ustru\u010davajte se da pitate.<\/p>\n<\/div><\/div>\n","protected":false},"excerpt":{"rendered":"","protected":false},"author":6,"featured_media":0,"parent":647,"menu_order":0,"comment_status":"closed","ping_status":"closed","template":"","meta":{"_acf_changed":false,"footnotes":""},"from-article-database":[],"class_list":["post-245","page","type-page","status-publish","hentry"],"acf":[],"yoast_head":"<!-- This site is optimized with the Yoast SEO plugin v26.6 - https:\/\/yoast.com\/wordpress\/plugins\/seo\/ -->\n<title>Poseta ginekologu - Multi-Gyn<\/title>\n<meta name=\"description\" content=\"Posete ginekologu su deo \u017eivota \u017eene. U reproduktivnom period, \u017eena bi trebalo da vidi svog lekara onoliko \u010desto koliko je to potrebno. Trudnice, s druge strane, treba da imaju redovne lekarske preglede. Ako se ne ose\u0107ate veoma prijatno za ginekolo\u0161ki pregled ili se pripremate za prvu posetu, pogledajte listu stvari koje mo\u017eete da o\u010dekujete prilikom posete ginekologu.\" \/>\n<meta name=\"robots\" content=\"index, follow, max-snippet:-1, max-image-preview:large, max-video-preview:-1\" \/>\n<link rel=\"canonical\" href=\"https:\/\/multi-gyn.com\/rs\/zdravlje-vagine\/opsti\/poseta-ginekologu\/\" \/>\n<meta property=\"og:locale\" content=\"sr_RS\" \/>\n<meta property=\"og:type\" content=\"article\" \/>\n<meta property=\"og:title\" content=\"Poseta ginekologu - Multi-Gyn\" \/>\n<meta property=\"og:description\" content=\"Posete ginekologu su deo \u017eivota \u017eene. U reproduktivnom period, \u017eena bi trebalo da vidi svog lekara onoliko \u010desto koliko je to potrebno. Trudnice, s druge strane, treba da imaju redovne lekarske preglede. Ako se ne ose\u0107ate veoma prijatno za ginekolo\u0161ki pregled ili se pripremate za prvu posetu, pogledajte listu stvari koje mo\u017eete da o\u010dekujete prilikom posete ginekologu.\" \/>\n<meta property=\"og:url\" content=\"https:\/\/multi-gyn.com\/rs\/zdravlje-vagine\/opsti\/poseta-ginekologu\/\" \/>\n<meta property=\"og:site_name\" content=\"Multi-Gyn\" \/>\n<meta property=\"article:modified_time\" content=\"2023-03-13T09:46:27+00:00\" \/>\n<meta name=\"twitter:card\" content=\"summary_large_image\" \/>\n<meta name=\"twitter:label1\" content=\"\u041f\u0440\u043e\u0446\u0435\u045a\u0435\u043d\u043e \u0432\u0440\u0435\u043c\u0435 \u0447\u0438\u0442\u0430\u045a\u0430\" \/>\n\t<meta name=\"twitter:data1\" content=\"3 \u043c\u0438\u043d\u0443\u0442\u0430\" \/>\n<script type=\"application\/ld+json\" class=\"yoast-schema-graph\">{\"@context\":\"https:\/\/schema.org\",\"@graph\":[{\"@type\":\"WebPage\",\"@id\":\"https:\/\/multi-gyn.com\/rs\/zdravlje-vagine\/opsti\/poseta-ginekologu\/\",\"url\":\"https:\/\/multi-gyn.com\/rs\/zdravlje-vagine\/opsti\/poseta-ginekologu\/\",\"name\":\"Poseta ginekologu - Multi-Gyn\",\"isPartOf\":{\"@id\":\"https:\/\/multi-gyn.com\/rs\/#website\"},\"datePublished\":\"2022-12-09T14:48:46+00:00\",\"dateModified\":\"2023-03-13T09:46:27+00:00\",\"description\":\"Posete ginekologu su deo \u017eivota \u017eene. U reproduktivnom period, \u017eena bi trebalo da vidi svog lekara onoliko \u010desto koliko je to potrebno. Trudnice, s druge strane, treba da imaju redovne lekarske preglede. Ako se ne ose\u0107ate veoma prijatno za ginekolo\u0161ki pregled ili se pripremate za prvu posetu, pogledajte listu stvari koje mo\u017eete da o\u010dekujete prilikom posete ginekologu.\",\"breadcrumb\":{\"@id\":\"https:\/\/multi-gyn.com\/rs\/zdravlje-vagine\/opsti\/poseta-ginekologu\/#breadcrumb\"},\"inLanguage\":\"sr-RS\",\"potentialAction\":[{\"@type\":\"ReadAction\",\"target\":[\"https:\/\/multi-gyn.com\/rs\/zdravlje-vagine\/opsti\/poseta-ginekologu\/\"]}]},{\"@type\":\"BreadcrumbList\",\"@id\":\"https:\/\/multi-gyn.com\/rs\/zdravlje-vagine\/opsti\/poseta-ginekologu\/#breadcrumb\",\"itemListElement\":[{\"@type\":\"ListItem\",\"position\":1,\"name\":\"Home\",\"item\":\"https:\/\/multi-gyn.com\/rs\/\"},{\"@type\":\"ListItem\",\"position\":2,\"name\":\"Zdravlje vagine\",\"item\":\"https:\/\/multi-gyn.com\/rs\/zdravlje-vagine\/\"},{\"@type\":\"ListItem\",\"position\":3,\"name\":\"Opsti\",\"item\":\"https:\/\/multi-gyn.com\/rs\/zdravlje-vagine\/opsti\/\"},{\"@type\":\"ListItem\",\"position\":4,\"name\":\"Poseta ginekologu\"}]},{\"@type\":\"WebSite\",\"@id\":\"https:\/\/multi-gyn.com\/rs\/#website\",\"url\":\"https:\/\/multi-gyn.com\/rs\/\",\"name\":\"Multi-Gyn\",\"description\":\"\",\"publisher\":{\"@id\":\"https:\/\/multi-gyn.com\/rs\/#organization\"},\"potentialAction\":[{\"@type\":\"SearchAction\",\"target\":{\"@type\":\"EntryPoint\",\"urlTemplate\":\"https:\/\/multi-gyn.com\/rs\/?s={search_term_string}\"},\"query-input\":{\"@type\":\"PropertyValueSpecification\",\"valueRequired\":true,\"valueName\":\"search_term_string\"}}],\"inLanguage\":\"sr-RS\"},{\"@type\":\"Organization\",\"@id\":\"https:\/\/multi-gyn.com\/rs\/#organization\",\"name\":\"Multi-Gyn\",\"url\":\"https:\/\/multi-gyn.com\/rs\/\",\"logo\":{\"@type\":\"ImageObject\",\"inLanguage\":\"sr-RS\",\"@id\":\"https:\/\/multi-gyn.com\/rs\/#\/schema\/logo\/image\/\",\"url\":\"https:\/\/multi-gyn.com\/app\/uploads\/sites\/35\/2022\/11\/multi-gyn-logo.png\",\"contentUrl\":\"https:\/\/multi-gyn.com\/app\/uploads\/sites\/35\/2022\/11\/multi-gyn-logo.png\",\"width\":149,\"height\":32,\"caption\":\"Multi-Gyn\"},\"image\":{\"@id\":\"https:\/\/multi-gyn.com\/rs\/#\/schema\/logo\/image\/\"}}]}<\/script>\n<!-- \/ Yoast SEO plugin. -->","yoast_head_json":{"title":"Poseta ginekologu - Multi-Gyn","description":"Posete ginekologu su deo \u017eivota \u017eene. U reproduktivnom period, \u017eena bi trebalo da vidi svog lekara onoliko \u010desto koliko je to potrebno. Trudnice, s druge strane, treba da imaju redovne lekarske preglede. Ako se ne ose\u0107ate veoma prijatno za ginekolo\u0161ki pregled ili se pripremate za prvu posetu, pogledajte listu stvari koje mo\u017eete da o\u010dekujete prilikom posete ginekologu.","robots":{"index":"index","follow":"follow","max-snippet":"max-snippet:-1","max-image-preview":"max-image-preview:large","max-video-preview":"max-video-preview:-1"},"canonical":"https:\/\/multi-gyn.com\/rs\/zdravlje-vagine\/opsti\/poseta-ginekologu\/","og_locale":"sr_RS","og_type":"article","og_title":"Poseta ginekologu - Multi-Gyn","og_description":"Posete ginekologu su deo \u017eivota \u017eene. U reproduktivnom period, \u017eena bi trebalo da vidi svog lekara onoliko \u010desto koliko je to potrebno. Trudnice, s druge strane, treba da imaju redovne lekarske preglede. Ako se ne ose\u0107ate veoma prijatno za ginekolo\u0161ki pregled ili se pripremate za prvu posetu, pogledajte listu stvari koje mo\u017eete da o\u010dekujete prilikom posete ginekologu.","og_url":"https:\/\/multi-gyn.com\/rs\/zdravlje-vagine\/opsti\/poseta-ginekologu\/","og_site_name":"Multi-Gyn","article_modified_time":"2023-03-13T09:46:27+00:00","twitter_card":"summary_large_image","twitter_misc":{"\u041f\u0440\u043e\u0446\u0435\u045a\u0435\u043d\u043e \u0432\u0440\u0435\u043c\u0435 \u0447\u0438\u0442\u0430\u045a\u0430":"3 \u043c\u0438\u043d\u0443\u0442\u0430"},"schema":{"@context":"https:\/\/schema.org","@graph":[{"@type":"WebPage","@id":"https:\/\/multi-gyn.com\/rs\/zdravlje-vagine\/opsti\/poseta-ginekologu\/","url":"https:\/\/multi-gyn.com\/rs\/zdravlje-vagine\/opsti\/poseta-ginekologu\/","name":"Poseta ginekologu - Multi-Gyn","isPartOf":{"@id":"https:\/\/multi-gyn.com\/rs\/#website"},"datePublished":"2022-12-09T14:48:46+00:00","dateModified":"2023-03-13T09:46:27+00:00","description":"Posete ginekologu su deo \u017eivota \u017eene. U reproduktivnom period, \u017eena bi trebalo da vidi svog lekara onoliko \u010desto koliko je to potrebno. Trudnice, s druge strane, treba da imaju redovne lekarske preglede. Ako se ne ose\u0107ate veoma prijatno za ginekolo\u0161ki pregled ili se pripremate za prvu posetu, pogledajte listu stvari koje mo\u017eete da o\u010dekujete prilikom posete ginekologu.","breadcrumb":{"@id":"https:\/\/multi-gyn.com\/rs\/zdravlje-vagine\/opsti\/poseta-ginekologu\/#breadcrumb"},"inLanguage":"sr-RS","potentialAction":[{"@type":"ReadAction","target":["https:\/\/multi-gyn.com\/rs\/zdravlje-vagine\/opsti\/poseta-ginekologu\/"]}]},{"@type":"BreadcrumbList","@id":"https:\/\/multi-gyn.com\/rs\/zdravlje-vagine\/opsti\/poseta-ginekologu\/#breadcrumb","itemListElement":[{"@type":"ListItem","position":1,"name":"Home","item":"https:\/\/multi-gyn.com\/rs\/"},{"@type":"ListItem","position":2,"name":"Zdravlje vagine","item":"https:\/\/multi-gyn.com\/rs\/zdravlje-vagine\/"},{"@type":"ListItem","position":3,"name":"Opsti","item":"https:\/\/multi-gyn.com\/rs\/zdravlje-vagine\/opsti\/"},{"@type":"ListItem","position":4,"name":"Poseta ginekologu"}]},{"@type":"WebSite","@id":"https:\/\/multi-gyn.com\/rs\/#website","url":"https:\/\/multi-gyn.com\/rs\/","name":"Multi-Gyn","description":"","publisher":{"@id":"https:\/\/multi-gyn.com\/rs\/#organization"},"potentialAction":[{"@type":"SearchAction","target":{"@type":"EntryPoint","urlTemplate":"https:\/\/multi-gyn.com\/rs\/?s={search_term_string}"},"query-input":{"@type":"PropertyValueSpecification","valueRequired":true,"valueName":"search_term_string"}}],"inLanguage":"sr-RS"},{"@type":"Organization","@id":"https:\/\/multi-gyn.com\/rs\/#organization","name":"Multi-Gyn","url":"https:\/\/multi-gyn.com\/rs\/","logo":{"@type":"ImageObject","inLanguage":"sr-RS","@id":"https:\/\/multi-gyn.com\/rs\/#\/schema\/logo\/image\/","url":"https:\/\/multi-gyn.com\/app\/uploads\/sites\/35\/2022\/11\/multi-gyn-logo.png","contentUrl":"https:\/\/multi-gyn.com\/app\/uploads\/sites\/35\/2022\/11\/multi-gyn-logo.png","width":149,"height":32,"caption":"Multi-Gyn"},"image":{"@id":"https:\/\/multi-gyn.com\/rs\/#\/schema\/logo\/image\/"}}]}},"_links":{"self":[{"href":"https:\/\/multi-gyn.com\/rs\/wp-json\/wp\/v2\/pages\/245","targetHints":{"allow":["GET"]}}],"collection":[{"href":"https:\/\/multi-gyn.com\/rs\/wp-json\/wp\/v2\/pages"}],"about":[{"href":"https:\/\/multi-gyn.com\/rs\/wp-json\/wp\/v2\/types\/page"}],"author":[{"embeddable":true,"href":"https:\/\/multi-gyn.com\/rs\/wp-json\/wp\/v2\/users\/6"}],"replies":[{"embeddable":true,"href":"https:\/\/multi-gyn.com\/rs\/wp-json\/wp\/v2\/comments?post=245"}],"version-history":[{"count":5,"href":"https:\/\/multi-gyn.com\/rs\/wp-json\/wp\/v2\/pages\/245\/revisions"}],"predecessor-version":[{"id":816,"href":"https:\/\/multi-gyn.com\/rs\/wp-json\/wp\/v2\/pages\/245\/revisions\/816"}],"up":[{"embeddable":true,"href":"https:\/\/multi-gyn.com\/rs\/wp-json\/wp\/v2\/pages\/647"}],"wp:attachment":[{"href":"https:\/\/multi-gyn.com\/rs\/wp-json\/wp\/v2\/media?parent=245"}],"wp:term":[{"taxonomy":"from-article-database","embeddable":true,"href":"https:\/\/multi-gyn.com\/rs\/wp-json\/wp\/v2\/from-article-database?post=245"}],"curies":[{"name":"wp","href":"https:\/\/api.w.org\/{rel}","templated":true}]}}