{"id":252,"date":"2022-12-09T15:54:43","date_gmt":"2022-12-09T14:54:43","guid":{"rendered":"https:\/\/multi-gyn.com\/rs\/?page_id=252"},"modified":"2022-12-12T10:44:17","modified_gmt":"2022-12-12T09:44:17","slug":"vaginalna-flora","status":"publish","type":"page","link":"https:\/\/multi-gyn.com\/rs\/zdravlje-vagine\/opsti\/vaginalna-flora\/","title":{"rendered":"Vaginalna flora"},"content":{"rendered":"\n<div class=\"wp-block-karopharma-free-text pt-large pb-large bg-center bg-cover bg-no-repeat  is-style-primary\" style=\"background-image:url()\"><div class=\"free-text-wrapper container max-w-medium text-left\">\n<h1 class=\"wp-block-heading\"><strong><strong><strong>Vaginalna flora<\/strong><\/strong><\/strong><\/h1>\n\n\n\n<p class=\"is-style-paragraph-preamble\">Mo\u017ee delovati te\u0161ko za poverovati, ali nove tehnike mapiranja gena pokazuju da od 100 triliona \u0107elija prisutnih u ljudskom telu, samo oko 1\/10 njih zapravo \u010dine \u010doveka. Ostalih 90% prirada mikroorganizmima \u2013 bakterijama, virusima i drugim mikrobima. Nije ni \u010dudo \u0161to je toliko va\u017eno za na\u0161e zdravlje da se delikatna ravnote\u017ea mikroba koji \u017eive u na\u0161em organizmu odr\u017eava \u2013 a isto va\u017ei i za na\u0161u vaginu tako\u0111e.<\/p>\n<\/div><\/div>\n\n\n\n<div class=\"wp-block-karopharma-free-text pt-large pb-large bg-center bg-cover bg-no-repeat\" style=\"background-image:url()\"><div class=\"free-text-wrapper container max-w-medium text-left\">\n<p>Skoro sve \u017eene \u0107e u jednom dobu svog \u017eivota patiti od bakterijske vaginoze, gljivi\u010dne infekcije ili urinarne infekcije. Glavni uzrok visoke pojave vaginalnih bolesti je neravnote\u017ea vaginalne flore. Drugim re\u010dima, ravnote\u017ea se prekida bilo zbog smanjenja broja dobrih bakterija ili zbog preteranog rasta \u201clo\u0161ih\u201d bakterija ili gljivica. Smanjenje broja dobrih bakterija i prekomeran rast \u0161tetnih mikroba je \u010desto povezan. Kada se to desi, Va\u0161e telo mo\u017ee da uspeva da se izbori sa infekcijom i vrati u stanje ravnote\u017ee ili \u0107e mo\u017eda biti potrebno malo pomo\u0107i spolja u obliku lekova, proizvoda koji sadr\u017ee prebiotike ili promene na\u010dina \u017eivota.<\/p>\n\n\n\n<h3 class=\"is-style-heading-h2 wp-block-heading\"><strong>\u0160ta se smatra zdravom vaginom?<\/strong><\/h3>\n\n\n\n<p>Zdrava vagina je naseljena \u201cdobrim\u201d bakterijama laktobacilima. Ove bakterije se smatraju nekom vrstom \u010duvara vagine &#8211; oni mogu da inhibiraju rast potencijalno \u0161tetnih bakterija\/gljivica proizvode\u0107i mle\u010dnu kiselinu i vodonik peroksid i spre\u010davaju da se lo\u0161e bakterije vezuju za zidove vagine. Mle\u010dna kiselina poma\u017ee odr\u017eavanju kisele sredine vagine, dok vodonik peroksid poma\u017ee ubijanju lo\u0161ih bakterija.<\/p>\n\n\n\n<p>Postoje mnogi faktori koji mogu da poremete delikatnu ravnote\u017eu koja postoji unutar vagine &#8211; neki od njih su o\u0161te\u0107enja tkiva izazvana poro\u0111ajem; zdravstveni problemi, stres, odre\u0111eni lekovi, tesna ode\u0107a ili sinteti\u010dki donji ve\u0161; neadekvatna higijena; iritansi prisutni u losionima, kupkama ili drugim kozmeti\u010dkim proizvodima; trenje izazvano penetracijom ako \u017eena nije dovoljno uzbu\u0111ena u toku seksualnog odnosa; hormonalne promene i dr.<\/p>\n\n\n\n<h3 class=\"is-style-heading-h2 wp-block-heading\"><strong>Poreme\u0107ena ravnote\u017ea<\/strong><\/h3>\n\n\n\n<p>Ukoliko je vaginalna flora ugro\u017eena, za\u0161titna uloga laktobacila (dobrih bakterija) je smanjena. Zbog smanjenog broja laktobacila, proizvodi se manje mle\u010dne kiseline i uti\u010de na nizak za\u0161titini nivo pH. Kao rezultat toga, lo\u0161e bakterije koriste priliku da prekomerno rastu, \u0161to dovodi do pojave bakterijske infekcije.<\/p>\n\n\n\n<p>Tokom turdno\u0107e, koli\u010dina i raznovrsnost vaginalnih laktobacila je \u010desto smanjena, izla\u017eu\u0107i trudnice ve\u0107em riziku od infekcije. Simptomi povezani sa neravnote\u017eom vaginalne flore obuhvataju neprijatan sekret, miris, svrab, iritaciju, crvenilo, otok prilikom mokrenja ili u toku seksualnog odnosa, peckanje, osetljivost i tegobe.<\/p>\n\n\n\n<p>Uravnote\u017eena vaginalna flora poma\u017ee da se spre\u010di bakterijska i gljivi\u010dna infekcija i od klju\u010dnog je zna\u010daja za zdravlje vagine. Da bi se smanjio rizik od neravnote\u017ee vaginalne flore, razvijaju se dobre higijenske navike i prate op\u0161te preporuke kako da se brinete o svojoj intimnoj zoni. Tako\u0111e, mo\u017eete koristiti proizvode koji sadr\u017ee sastojske koji podr\u017eavaju rast dobrih bakterija kako bi se spre\u010dile mogu\u0107e infekcije i pomogao oporavak ukoliko su se ve\u0107 razvili simptomi.<\/p>\n<\/div><\/div>\n","protected":false},"excerpt":{"rendered":"","protected":false},"author":6,"featured_media":0,"parent":647,"menu_order":0,"comment_status":"closed","ping_status":"closed","template":"","meta":{"_acf_changed":false,"footnotes":""},"from-article-database":[],"class_list":["post-252","page","type-page","status-publish","hentry"],"acf":[],"yoast_head":"<!-- This site is optimized with the Yoast SEO plugin v26.6 - https:\/\/yoast.com\/wordpress\/plugins\/seo\/ -->\n<title>Vaginalna flora - Multi-Gyn<\/title>\n<meta name=\"description\" content=\"Mo\u017ee delovati te\u0161ko za poverovati, ali nove tehnike mapiranja gena pokazuju da od 100 triliona \u0107elija prisutnih u ljudskom telu, samo oko 1\/10 njih zapravo \u010dine \u010doveka. Ostalih 90% prirada mikroorganizmima \u2013 bakterijama, virusima i drugim mikrobima. Nije ni \u010dudo \u0161to je toliko va\u017eno za na\u0161e zdravlje da se delikatna ravnote\u017ea mikroba koji \u017eive u na\u0161em organizmu odr\u017eava \u2013 a isto va\u017ei i za na\u0161u vaginu tako\u0111e.\" \/>\n<meta name=\"robots\" content=\"index, follow, max-snippet:-1, max-image-preview:large, max-video-preview:-1\" \/>\n<link rel=\"canonical\" href=\"https:\/\/multi-gyn.com\/rs\/zdravlje-vagine\/opsti\/vaginalna-flora\/\" \/>\n<meta property=\"og:locale\" content=\"sr_RS\" \/>\n<meta property=\"og:type\" content=\"article\" \/>\n<meta property=\"og:title\" content=\"Vaginalna flora - Multi-Gyn\" \/>\n<meta property=\"og:description\" content=\"Mo\u017ee delovati te\u0161ko za poverovati, ali nove tehnike mapiranja gena pokazuju da od 100 triliona \u0107elija prisutnih u ljudskom telu, samo oko 1\/10 njih zapravo \u010dine \u010doveka. Ostalih 90% prirada mikroorganizmima \u2013 bakterijama, virusima i drugim mikrobima. Nije ni \u010dudo \u0161to je toliko va\u017eno za na\u0161e zdravlje da se delikatna ravnote\u017ea mikroba koji \u017eive u na\u0161em organizmu odr\u017eava \u2013 a isto va\u017ei i za na\u0161u vaginu tako\u0111e.\" \/>\n<meta property=\"og:url\" content=\"https:\/\/multi-gyn.com\/rs\/zdravlje-vagine\/opsti\/vaginalna-flora\/\" \/>\n<meta property=\"og:site_name\" content=\"Multi-Gyn\" \/>\n<meta property=\"article:modified_time\" content=\"2022-12-12T09:44:17+00:00\" \/>\n<meta name=\"twitter:card\" content=\"summary_large_image\" \/>\n<meta name=\"twitter:label1\" content=\"\u041f\u0440\u043e\u0446\u0435\u045a\u0435\u043d\u043e \u0432\u0440\u0435\u043c\u0435 \u0447\u0438\u0442\u0430\u045a\u0430\" \/>\n\t<meta name=\"twitter:data1\" content=\"3 \u043c\u0438\u043d\u0443\u0442\u0430\" \/>\n<script type=\"application\/ld+json\" class=\"yoast-schema-graph\">{\"@context\":\"https:\/\/schema.org\",\"@graph\":[{\"@type\":\"WebPage\",\"@id\":\"https:\/\/multi-gyn.com\/rs\/zdravlje-vagine\/opsti\/vaginalna-flora\/\",\"url\":\"https:\/\/multi-gyn.com\/rs\/zdravlje-vagine\/opsti\/vaginalna-flora\/\",\"name\":\"Vaginalna flora - Multi-Gyn\",\"isPartOf\":{\"@id\":\"https:\/\/multi-gyn.com\/rs\/#website\"},\"datePublished\":\"2022-12-09T14:54:43+00:00\",\"dateModified\":\"2022-12-12T09:44:17+00:00\",\"description\":\"Mo\u017ee delovati te\u0161ko za poverovati, ali nove tehnike mapiranja gena pokazuju da od 100 triliona \u0107elija prisutnih u ljudskom telu, samo oko 1\/10 njih zapravo \u010dine \u010doveka. Ostalih 90% prirada mikroorganizmima \u2013 bakterijama, virusima i drugim mikrobima. Nije ni \u010dudo \u0161to je toliko va\u017eno za na\u0161e zdravlje da se delikatna ravnote\u017ea mikroba koji \u017eive u na\u0161em organizmu odr\u017eava \u2013 a isto va\u017ei i za na\u0161u vaginu tako\u0111e.\",\"breadcrumb\":{\"@id\":\"https:\/\/multi-gyn.com\/rs\/zdravlje-vagine\/opsti\/vaginalna-flora\/#breadcrumb\"},\"inLanguage\":\"sr-RS\",\"potentialAction\":[{\"@type\":\"ReadAction\",\"target\":[\"https:\/\/multi-gyn.com\/rs\/zdravlje-vagine\/opsti\/vaginalna-flora\/\"]}]},{\"@type\":\"BreadcrumbList\",\"@id\":\"https:\/\/multi-gyn.com\/rs\/zdravlje-vagine\/opsti\/vaginalna-flora\/#breadcrumb\",\"itemListElement\":[{\"@type\":\"ListItem\",\"position\":1,\"name\":\"Home\",\"item\":\"https:\/\/multi-gyn.com\/rs\/\"},{\"@type\":\"ListItem\",\"position\":2,\"name\":\"Zdravlje vagine\",\"item\":\"https:\/\/multi-gyn.com\/rs\/zdravlje-vagine\/\"},{\"@type\":\"ListItem\",\"position\":3,\"name\":\"Opsti\",\"item\":\"https:\/\/multi-gyn.com\/rs\/zdravlje-vagine\/opsti\/\"},{\"@type\":\"ListItem\",\"position\":4,\"name\":\"Vaginalna flora\"}]},{\"@type\":\"WebSite\",\"@id\":\"https:\/\/multi-gyn.com\/rs\/#website\",\"url\":\"https:\/\/multi-gyn.com\/rs\/\",\"name\":\"Multi-Gyn\",\"description\":\"\",\"publisher\":{\"@id\":\"https:\/\/multi-gyn.com\/rs\/#organization\"},\"potentialAction\":[{\"@type\":\"SearchAction\",\"target\":{\"@type\":\"EntryPoint\",\"urlTemplate\":\"https:\/\/multi-gyn.com\/rs\/?s={search_term_string}\"},\"query-input\":{\"@type\":\"PropertyValueSpecification\",\"valueRequired\":true,\"valueName\":\"search_term_string\"}}],\"inLanguage\":\"sr-RS\"},{\"@type\":\"Organization\",\"@id\":\"https:\/\/multi-gyn.com\/rs\/#organization\",\"name\":\"Multi-Gyn\",\"url\":\"https:\/\/multi-gyn.com\/rs\/\",\"logo\":{\"@type\":\"ImageObject\",\"inLanguage\":\"sr-RS\",\"@id\":\"https:\/\/multi-gyn.com\/rs\/#\/schema\/logo\/image\/\",\"url\":\"https:\/\/multi-gyn.com\/app\/uploads\/sites\/35\/2022\/11\/multi-gyn-logo.png\",\"contentUrl\":\"https:\/\/multi-gyn.com\/app\/uploads\/sites\/35\/2022\/11\/multi-gyn-logo.png\",\"width\":149,\"height\":32,\"caption\":\"Multi-Gyn\"},\"image\":{\"@id\":\"https:\/\/multi-gyn.com\/rs\/#\/schema\/logo\/image\/\"}}]}<\/script>\n<!-- \/ Yoast SEO plugin. -->","yoast_head_json":{"title":"Vaginalna flora - Multi-Gyn","description":"Mo\u017ee delovati te\u0161ko za poverovati, ali nove tehnike mapiranja gena pokazuju da od 100 triliona \u0107elija prisutnih u ljudskom telu, samo oko 1\/10 njih zapravo \u010dine \u010doveka. Ostalih 90% prirada mikroorganizmima \u2013 bakterijama, virusima i drugim mikrobima. Nije ni \u010dudo \u0161to je toliko va\u017eno za na\u0161e zdravlje da se delikatna ravnote\u017ea mikroba koji \u017eive u na\u0161em organizmu odr\u017eava \u2013 a isto va\u017ei i za na\u0161u vaginu tako\u0111e.","robots":{"index":"index","follow":"follow","max-snippet":"max-snippet:-1","max-image-preview":"max-image-preview:large","max-video-preview":"max-video-preview:-1"},"canonical":"https:\/\/multi-gyn.com\/rs\/zdravlje-vagine\/opsti\/vaginalna-flora\/","og_locale":"sr_RS","og_type":"article","og_title":"Vaginalna flora - Multi-Gyn","og_description":"Mo\u017ee delovati te\u0161ko za poverovati, ali nove tehnike mapiranja gena pokazuju da od 100 triliona \u0107elija prisutnih u ljudskom telu, samo oko 1\/10 njih zapravo \u010dine \u010doveka. Ostalih 90% prirada mikroorganizmima \u2013 bakterijama, virusima i drugim mikrobima. Nije ni \u010dudo \u0161to je toliko va\u017eno za na\u0161e zdravlje da se delikatna ravnote\u017ea mikroba koji \u017eive u na\u0161em organizmu odr\u017eava \u2013 a isto va\u017ei i za na\u0161u vaginu tako\u0111e.","og_url":"https:\/\/multi-gyn.com\/rs\/zdravlje-vagine\/opsti\/vaginalna-flora\/","og_site_name":"Multi-Gyn","article_modified_time":"2022-12-12T09:44:17+00:00","twitter_card":"summary_large_image","twitter_misc":{"\u041f\u0440\u043e\u0446\u0435\u045a\u0435\u043d\u043e \u0432\u0440\u0435\u043c\u0435 \u0447\u0438\u0442\u0430\u045a\u0430":"3 \u043c\u0438\u043d\u0443\u0442\u0430"},"schema":{"@context":"https:\/\/schema.org","@graph":[{"@type":"WebPage","@id":"https:\/\/multi-gyn.com\/rs\/zdravlje-vagine\/opsti\/vaginalna-flora\/","url":"https:\/\/multi-gyn.com\/rs\/zdravlje-vagine\/opsti\/vaginalna-flora\/","name":"Vaginalna flora - Multi-Gyn","isPartOf":{"@id":"https:\/\/multi-gyn.com\/rs\/#website"},"datePublished":"2022-12-09T14:54:43+00:00","dateModified":"2022-12-12T09:44:17+00:00","description":"Mo\u017ee delovati te\u0161ko za poverovati, ali nove tehnike mapiranja gena pokazuju da od 100 triliona \u0107elija prisutnih u ljudskom telu, samo oko 1\/10 njih zapravo \u010dine \u010doveka. Ostalih 90% prirada mikroorganizmima \u2013 bakterijama, virusima i drugim mikrobima. Nije ni \u010dudo \u0161to je toliko va\u017eno za na\u0161e zdravlje da se delikatna ravnote\u017ea mikroba koji \u017eive u na\u0161em organizmu odr\u017eava \u2013 a isto va\u017ei i za na\u0161u vaginu tako\u0111e.","breadcrumb":{"@id":"https:\/\/multi-gyn.com\/rs\/zdravlje-vagine\/opsti\/vaginalna-flora\/#breadcrumb"},"inLanguage":"sr-RS","potentialAction":[{"@type":"ReadAction","target":["https:\/\/multi-gyn.com\/rs\/zdravlje-vagine\/opsti\/vaginalna-flora\/"]}]},{"@type":"BreadcrumbList","@id":"https:\/\/multi-gyn.com\/rs\/zdravlje-vagine\/opsti\/vaginalna-flora\/#breadcrumb","itemListElement":[{"@type":"ListItem","position":1,"name":"Home","item":"https:\/\/multi-gyn.com\/rs\/"},{"@type":"ListItem","position":2,"name":"Zdravlje vagine","item":"https:\/\/multi-gyn.com\/rs\/zdravlje-vagine\/"},{"@type":"ListItem","position":3,"name":"Opsti","item":"https:\/\/multi-gyn.com\/rs\/zdravlje-vagine\/opsti\/"},{"@type":"ListItem","position":4,"name":"Vaginalna flora"}]},{"@type":"WebSite","@id":"https:\/\/multi-gyn.com\/rs\/#website","url":"https:\/\/multi-gyn.com\/rs\/","name":"Multi-Gyn","description":"","publisher":{"@id":"https:\/\/multi-gyn.com\/rs\/#organization"},"potentialAction":[{"@type":"SearchAction","target":{"@type":"EntryPoint","urlTemplate":"https:\/\/multi-gyn.com\/rs\/?s={search_term_string}"},"query-input":{"@type":"PropertyValueSpecification","valueRequired":true,"valueName":"search_term_string"}}],"inLanguage":"sr-RS"},{"@type":"Organization","@id":"https:\/\/multi-gyn.com\/rs\/#organization","name":"Multi-Gyn","url":"https:\/\/multi-gyn.com\/rs\/","logo":{"@type":"ImageObject","inLanguage":"sr-RS","@id":"https:\/\/multi-gyn.com\/rs\/#\/schema\/logo\/image\/","url":"https:\/\/multi-gyn.com\/app\/uploads\/sites\/35\/2022\/11\/multi-gyn-logo.png","contentUrl":"https:\/\/multi-gyn.com\/app\/uploads\/sites\/35\/2022\/11\/multi-gyn-logo.png","width":149,"height":32,"caption":"Multi-Gyn"},"image":{"@id":"https:\/\/multi-gyn.com\/rs\/#\/schema\/logo\/image\/"}}]}},"_links":{"self":[{"href":"https:\/\/multi-gyn.com\/rs\/wp-json\/wp\/v2\/pages\/252","targetHints":{"allow":["GET"]}}],"collection":[{"href":"https:\/\/multi-gyn.com\/rs\/wp-json\/wp\/v2\/pages"}],"about":[{"href":"https:\/\/multi-gyn.com\/rs\/wp-json\/wp\/v2\/types\/page"}],"author":[{"embeddable":true,"href":"https:\/\/multi-gyn.com\/rs\/wp-json\/wp\/v2\/users\/6"}],"replies":[{"embeddable":true,"href":"https:\/\/multi-gyn.com\/rs\/wp-json\/wp\/v2\/comments?post=252"}],"version-history":[{"count":1,"href":"https:\/\/multi-gyn.com\/rs\/wp-json\/wp\/v2\/pages\/252\/revisions"}],"predecessor-version":[{"id":262,"href":"https:\/\/multi-gyn.com\/rs\/wp-json\/wp\/v2\/pages\/252\/revisions\/262"}],"up":[{"embeddable":true,"href":"https:\/\/multi-gyn.com\/rs\/wp-json\/wp\/v2\/pages\/647"}],"wp:attachment":[{"href":"https:\/\/multi-gyn.com\/rs\/wp-json\/wp\/v2\/media?parent=252"}],"wp:term":[{"taxonomy":"from-article-database","embeddable":true,"href":"https:\/\/multi-gyn.com\/rs\/wp-json\/wp\/v2\/from-article-database?post=252"}],"curies":[{"name":"wp","href":"https:\/\/api.w.org\/{rel}","templated":true}]}}