{"id":264,"date":"2022-12-09T15:59:44","date_gmt":"2022-12-09T14:59:44","guid":{"rendered":"https:\/\/multi-gyn.com\/rs\/?page_id=264"},"modified":"2023-03-30T16:02:14","modified_gmt":"2023-03-30T14:02:14","slug":"anatomija","status":"publish","type":"page","link":"https:\/\/multi-gyn.com\/rs\/zdravlje-vagine\/opsti\/anatomija\/","title":{"rendered":"Anatomija"},"content":{"rendered":"\n<div class=\"wp-block-karopharma-free-text pt-large pb-large bg-center bg-cover bg-no-repeat  is-style-primary\" style=\"background-image:url()\"><div class=\"free-text-wrapper container max-w-medium text-left\">\n<h1 class=\"wp-block-heading\"><strong><strong><strong>Anatomija<\/strong><\/strong><\/strong><\/h1>\n\n\n\n<p class=\"is-style-paragraph-preamble\">Vagina je elasti\u010dan, mi\u0161i\u0107ni organ koji povezuje matericu i spoljne reproduktivne organe. Va\u017eno je razumeti da je izgled intimne regije individualan \u2013 \u017eenske genitalije se razlikuju po obliku, veli\u010dini, boji, teksturi i uop\u0161te &#8211; po izgledu. Nau\u010dite vi\u0161e o anatomiji vagine da biste bolje razumeli kako ovaj fascinantni deo \u017eenskog tela funkcioni\u0161e.<\/p>\n<\/div><\/div>\n\n\n\n<div class=\"wp-block-karopharma-free-text pt-large pb-large bg-center bg-cover bg-no-repeat\" style=\"background-image:url()\"><div class=\"free-text-wrapper container max-w-medium text-left\">\n<h3 class=\"is-style-heading-h2 wp-block-heading\"><strong>Spoljna intimna regija<\/strong><\/h3>\n\n\n\n<p>Spolja vidljivo je vulva. Nju \u010dine: velike i male usne, klitoris, trem vagine, tremna glavica, Bartolinijeve \u017elezde i male tremne \u017elezde. Vagina se nalazi unutar tela i jedini na\u010din da se potpuno pregleda je pomo\u0107u spekuluma, \u0161to je upravo ono \u0161to ginekolozi rade.<\/p>\n\n\n\n<p>Vaginalni otvor je sakriven uz pomoc velikih i malih usana. One \u0161tite vaginu od infekcija, a tako\u0111e pru\u017eaju stimulaciju tokom seksualnog odnosa. One su veoma osetljive. Sakriven delom tkiva malih usana je klitoris. Ovo mekano tvivo, veli\u010dine gra\u0161ka je verovatno najosetljiviji deo \u017eenskog tela. Stimulacija klitorisa izaziva uzbu\u0111enje i mo\u017ee dovesti do orgazma, \u010dine\u0107i klitoris veoma va\u017enim organom za seksualno u\u017eivanje. Kad je nadra\u017een, klitoris, kao i usne, mo\u017ee se uve\u0107ati usled poja\u010dane cirkulacije krvi. Ovo je sasvim normalno.<\/p>\n\n\n\n<p>Otvor uretre je direktno ispod klitorisa. Urin koji izlazi iz be\u0161ike putuje kroz uretru i izlazi kroz ovaj otvor. Sama uretra je zatvorena okruglim mi\u0161i\u0107em, koji nam omogu\u0107ava da zadr\u017eimo urin dok ne stignemo do toaleta. Ponekad, ovaj mi\u0161i\u0107 mo\u017ee oslabiti, izazivaju\u0107i urinarnu inkontinenciju.<\/p>\n<\/div><\/div>\n\n\n\n<div class=\"wp-block-image\"><figure class=\"aligncenter size-full\"><img loading=\"lazy\" decoding=\"async\" width=\"540\" height=\"488\" src=\"https:\/\/multi-gyn.com\/app\/uploads\/sites\/35\/2023\/03\/vagina.png\" alt=\"vagina\" class=\"wp-image-817\" srcset=\"https:\/\/multi-gyn.com\/app\/uploads\/sites\/35\/2023\/03\/vagina.png 540w, https:\/\/multi-gyn.com\/app\/uploads\/sites\/35\/2023\/03\/vagina-320x289.png 320w\" sizes=\"auto, (max-width: 540px) 100vw, 540px\" \/><\/figure><\/div>\n\n\n\n<div class=\"wp-block-karopharma-free-text pt-large pb-large bg-center bg-cover bg-no-repeat\" style=\"background-image:url()\"><div class=\"free-text-wrapper container max-w-medium text-left\">\n<p class=\"has-text-align-center is-style-paragraph-preamble\"><em><mark style=\"background-color:rgba(0, 0, 0, 0)\" class=\"has-inline-color has-primary-color\">&#8222;Va\u017eno je zapamtiti da je izgled na\u0161e intimne regije veoma individualan-genitalije mogu da se razlikuju po obliku, veli\u010dini, boji, teksturi i u sveukupnom izgledu.&#8220;<\/mark><\/em><\/p>\n\n\n\n<h3 class=\"is-style-heading-h2 wp-block-heading\"><strong>Vagina<\/strong><\/h3>\n\n\n\n<p>Vaginalni otvor je ispod uretre. Ovde menstrualna krv izlazi iz tela. Ovde se ubacuju tamponi, vaginalete i lubrikanti. Tokom seksa, tu penis penetrira vaginu. Unutra\u0161njost vagine je pokrivena mekim tkivom koje varira u teksturi i stepenu vla\u017enosti u zavisnosti od specifi\u010dnih faktora, kao \u0161to su seksualno uzbu\u0111enje, trudno\u0107a, bolest, dojenje, menstruacija ili menopauza. Ovo meko tkivo sadr\u017ei mnoge \u017elezde koje lu\u010de vaginalnu sekret, koja je neophodna za lubrikaciju i za\u0161titu od infekcija. Vagina je veoma elasti\u010dna i raste\u017ee se dovoljno da postane poro\u0111ajni kanal, kroz koji se beba ra\u0111a iz materice.<\/p>\n\n\n\n<div class=\"wp-block-image\"><figure class=\"aligncenter size-large is-resized\"><img loading=\"lazy\" decoding=\"async\" src=\"https:\/\/multi-gyn.com\/app\/uploads\/sites\/35\/2022\/12\/vagina2-1024x888.jpeg\" alt=\"\" class=\"wp-image-275\" width=\"512\" height=\"444\" srcset=\"https:\/\/multi-gyn.com\/app\/uploads\/sites\/35\/2022\/12\/vagina2-1024x888.jpeg 1024w, https:\/\/multi-gyn.com\/app\/uploads\/sites\/35\/2022\/12\/vagina2-320x278.jpeg 320w, https:\/\/multi-gyn.com\/app\/uploads\/sites\/35\/2022\/12\/vagina2-768x666.jpeg 768w, https:\/\/multi-gyn.com\/app\/uploads\/sites\/35\/2022\/12\/vagina2-1536x1332.jpeg 1536w, https:\/\/multi-gyn.com\/app\/uploads\/sites\/35\/2022\/12\/vagina2-2048x1776.jpeg 2048w, https:\/\/multi-gyn.com\/app\/uploads\/sites\/35\/2022\/12\/vagina2-600x520.jpeg 600w\" sizes=\"auto, (max-width: 512px) 100vw, 512px\" \/><\/figure><\/div>\n\n\n\n<p>Blizu vaginalnog otvora, nalazi se tanka membrana po imenu himen. Ova membrana mo\u017ee biti probijena tokom prvog seksualnog odnosa, ponekad izazivajuci blago krvarenje. Tako\u0111e mo\u017ee biti probijena tokom fizi\u010dke ve\u017ebe, sporta ili pregleda.<\/p>\n\n\n\n<p>Vaginu i ostale reproduktivne organe, na mestu dr\u017ee mi\u0161i\u0107i karli\u010dnog poda. Ovi mi\u0161i\u0107i spre\u010davaju prolaps i inkontinenciju a mogu biti oja\u010dani ve\u017ebama za ja\u010danje karli\u010dnog poda, poznatim kao Kegelove ve\u017ebe.<\/p>\n\n\n\n<p>Drugi kraj vagine je povezan sa grli\u0107em materice ili vratom materice. Grli\u0107 materice ima veoma mali otvor koji spre\u010dava da bilo \u0161ta u\u0111e u matericu. Grli\u0107 materice se izuzetno pro\u0161iri tokom poro\u0111aja da bi dozvolio da beba pro\u0111e iz materice kroz vaginu u spolja\u0161nji svet.<\/p>\n<\/div><\/div>\n","protected":false},"excerpt":{"rendered":"","protected":false},"author":6,"featured_media":0,"parent":647,"menu_order":0,"comment_status":"closed","ping_status":"closed","template":"","meta":{"_acf_changed":false,"footnotes":""},"from-article-database":[],"class_list":["post-264","page","type-page","status-publish","hentry"],"acf":[],"yoast_head":"<!-- This site is optimized with the Yoast SEO plugin v26.6 - https:\/\/yoast.com\/wordpress\/plugins\/seo\/ -->\n<title>Anatomija - Multi-Gyn<\/title>\n<meta name=\"description\" content=\"Vagina je elasti\u010dan, mi\u0161i\u0107ast organ koji povezuje matericu I spoljne reproduktivne organe. Va\u017eno je zapamtiti da je izgled intimne regije individualan \u2013 \u017eenske genitalije se razlikuju po obliku, veli\u010dini, boji, teksturi, I uop\u0161te, po izgledu. Nau\u010dite vi\u0161e o anatomiji vagine da biste bolje razumeli kako ovaj fascinantni deo \u017eenskog tela funkcioni\u0161e.\" \/>\n<meta name=\"robots\" content=\"index, follow, max-snippet:-1, max-image-preview:large, max-video-preview:-1\" \/>\n<link rel=\"canonical\" href=\"https:\/\/multi-gyn.com\/rs\/zdravlje-vagine\/opsti\/anatomija\/\" \/>\n<meta property=\"og:locale\" content=\"sr_RS\" \/>\n<meta property=\"og:type\" content=\"article\" \/>\n<meta property=\"og:title\" content=\"Anatomija - Multi-Gyn\" \/>\n<meta property=\"og:description\" content=\"Vagina je elasti\u010dan, mi\u0161i\u0107ast organ koji povezuje matericu I spoljne reproduktivne organe. Va\u017eno je zapamtiti da je izgled intimne regije individualan \u2013 \u017eenske genitalije se razlikuju po obliku, veli\u010dini, boji, teksturi, I uop\u0161te, po izgledu. Nau\u010dite vi\u0161e o anatomiji vagine da biste bolje razumeli kako ovaj fascinantni deo \u017eenskog tela funkcioni\u0161e.\" \/>\n<meta property=\"og:url\" content=\"https:\/\/multi-gyn.com\/rs\/zdravlje-vagine\/opsti\/anatomija\/\" \/>\n<meta property=\"og:site_name\" content=\"Multi-Gyn\" \/>\n<meta property=\"article:modified_time\" content=\"2023-03-30T14:02:14+00:00\" \/>\n<meta property=\"og:image\" content=\"https:\/\/multi-gyn.com\/app\/uploads\/sites\/35\/2023\/03\/vagina.png\" \/>\n<meta name=\"twitter:card\" content=\"summary_large_image\" \/>\n<meta name=\"twitter:label1\" content=\"\u041f\u0440\u043e\u0446\u0435\u045a\u0435\u043d\u043e \u0432\u0440\u0435\u043c\u0435 \u0447\u0438\u0442\u0430\u045a\u0430\" \/>\n\t<meta name=\"twitter:data1\" content=\"3 \u043c\u0438\u043d\u0443\u0442\u0430\" \/>\n<script type=\"application\/ld+json\" class=\"yoast-schema-graph\">{\"@context\":\"https:\/\/schema.org\",\"@graph\":[{\"@type\":\"WebPage\",\"@id\":\"https:\/\/multi-gyn.com\/rs\/zdravlje-vagine\/opsti\/anatomija\/\",\"url\":\"https:\/\/multi-gyn.com\/rs\/zdravlje-vagine\/opsti\/anatomija\/\",\"name\":\"Anatomija - Multi-Gyn\",\"isPartOf\":{\"@id\":\"https:\/\/multi-gyn.com\/rs\/#website\"},\"primaryImageOfPage\":{\"@id\":\"https:\/\/multi-gyn.com\/rs\/zdravlje-vagine\/opsti\/anatomija\/#primaryimage\"},\"image\":{\"@id\":\"https:\/\/multi-gyn.com\/rs\/zdravlje-vagine\/opsti\/anatomija\/#primaryimage\"},\"thumbnailUrl\":\"https:\/\/multi-gyn.com\/app\/uploads\/sites\/35\/2023\/03\/vagina.png\",\"datePublished\":\"2022-12-09T14:59:44+00:00\",\"dateModified\":\"2023-03-30T14:02:14+00:00\",\"description\":\"Vagina je elasti\u010dan, mi\u0161i\u0107ast organ koji povezuje matericu I spoljne reproduktivne organe. Va\u017eno je zapamtiti da je izgled intimne regije individualan \u2013 \u017eenske genitalije se razlikuju po obliku, veli\u010dini, boji, teksturi, I uop\u0161te, po izgledu. Nau\u010dite vi\u0161e o anatomiji vagine da biste bolje razumeli kako ovaj fascinantni deo \u017eenskog tela funkcioni\u0161e.\",\"breadcrumb\":{\"@id\":\"https:\/\/multi-gyn.com\/rs\/zdravlje-vagine\/opsti\/anatomija\/#breadcrumb\"},\"inLanguage\":\"sr-RS\",\"potentialAction\":[{\"@type\":\"ReadAction\",\"target\":[\"https:\/\/multi-gyn.com\/rs\/zdravlje-vagine\/opsti\/anatomija\/\"]}]},{\"@type\":\"ImageObject\",\"inLanguage\":\"sr-RS\",\"@id\":\"https:\/\/multi-gyn.com\/rs\/zdravlje-vagine\/opsti\/anatomija\/#primaryimage\",\"url\":\"https:\/\/multi-gyn.com\/app\/uploads\/sites\/35\/2023\/03\/vagina.png\",\"contentUrl\":\"https:\/\/multi-gyn.com\/app\/uploads\/sites\/35\/2023\/03\/vagina.png\"},{\"@type\":\"BreadcrumbList\",\"@id\":\"https:\/\/multi-gyn.com\/rs\/zdravlje-vagine\/opsti\/anatomija\/#breadcrumb\",\"itemListElement\":[{\"@type\":\"ListItem\",\"position\":1,\"name\":\"Home\",\"item\":\"https:\/\/multi-gyn.com\/rs\/\"},{\"@type\":\"ListItem\",\"position\":2,\"name\":\"Zdravlje vagine\",\"item\":\"https:\/\/multi-gyn.com\/rs\/zdravlje-vagine\/\"},{\"@type\":\"ListItem\",\"position\":3,\"name\":\"Opsti\",\"item\":\"https:\/\/multi-gyn.com\/rs\/zdravlje-vagine\/opsti\/\"},{\"@type\":\"ListItem\",\"position\":4,\"name\":\"Anatomija\"}]},{\"@type\":\"WebSite\",\"@id\":\"https:\/\/multi-gyn.com\/rs\/#website\",\"url\":\"https:\/\/multi-gyn.com\/rs\/\",\"name\":\"Multi-Gyn\",\"description\":\"\",\"publisher\":{\"@id\":\"https:\/\/multi-gyn.com\/rs\/#organization\"},\"potentialAction\":[{\"@type\":\"SearchAction\",\"target\":{\"@type\":\"EntryPoint\",\"urlTemplate\":\"https:\/\/multi-gyn.com\/rs\/?s={search_term_string}\"},\"query-input\":{\"@type\":\"PropertyValueSpecification\",\"valueRequired\":true,\"valueName\":\"search_term_string\"}}],\"inLanguage\":\"sr-RS\"},{\"@type\":\"Organization\",\"@id\":\"https:\/\/multi-gyn.com\/rs\/#organization\",\"name\":\"Multi-Gyn\",\"url\":\"https:\/\/multi-gyn.com\/rs\/\",\"logo\":{\"@type\":\"ImageObject\",\"inLanguage\":\"sr-RS\",\"@id\":\"https:\/\/multi-gyn.com\/rs\/#\/schema\/logo\/image\/\",\"url\":\"https:\/\/multi-gyn.com\/app\/uploads\/sites\/35\/2022\/11\/multi-gyn-logo.png\",\"contentUrl\":\"https:\/\/multi-gyn.com\/app\/uploads\/sites\/35\/2022\/11\/multi-gyn-logo.png\",\"width\":149,\"height\":32,\"caption\":\"Multi-Gyn\"},\"image\":{\"@id\":\"https:\/\/multi-gyn.com\/rs\/#\/schema\/logo\/image\/\"}}]}<\/script>\n<!-- \/ Yoast SEO plugin. -->","yoast_head_json":{"title":"Anatomija - Multi-Gyn","description":"Vagina je elasti\u010dan, mi\u0161i\u0107ast organ koji povezuje matericu I spoljne reproduktivne organe. Va\u017eno je zapamtiti da je izgled intimne regije individualan \u2013 \u017eenske genitalije se razlikuju po obliku, veli\u010dini, boji, teksturi, I uop\u0161te, po izgledu. Nau\u010dite vi\u0161e o anatomiji vagine da biste bolje razumeli kako ovaj fascinantni deo \u017eenskog tela funkcioni\u0161e.","robots":{"index":"index","follow":"follow","max-snippet":"max-snippet:-1","max-image-preview":"max-image-preview:large","max-video-preview":"max-video-preview:-1"},"canonical":"https:\/\/multi-gyn.com\/rs\/zdravlje-vagine\/opsti\/anatomija\/","og_locale":"sr_RS","og_type":"article","og_title":"Anatomija - Multi-Gyn","og_description":"Vagina je elasti\u010dan, mi\u0161i\u0107ast organ koji povezuje matericu I spoljne reproduktivne organe. Va\u017eno je zapamtiti da je izgled intimne regije individualan \u2013 \u017eenske genitalije se razlikuju po obliku, veli\u010dini, boji, teksturi, I uop\u0161te, po izgledu. Nau\u010dite vi\u0161e o anatomiji vagine da biste bolje razumeli kako ovaj fascinantni deo \u017eenskog tela funkcioni\u0161e.","og_url":"https:\/\/multi-gyn.com\/rs\/zdravlje-vagine\/opsti\/anatomija\/","og_site_name":"Multi-Gyn","article_modified_time":"2023-03-30T14:02:14+00:00","og_image":[{"url":"https:\/\/multi-gyn.com\/app\/uploads\/sites\/35\/2023\/03\/vagina.png","type":"","width":"","height":""}],"twitter_card":"summary_large_image","twitter_misc":{"\u041f\u0440\u043e\u0446\u0435\u045a\u0435\u043d\u043e \u0432\u0440\u0435\u043c\u0435 \u0447\u0438\u0442\u0430\u045a\u0430":"3 \u043c\u0438\u043d\u0443\u0442\u0430"},"schema":{"@context":"https:\/\/schema.org","@graph":[{"@type":"WebPage","@id":"https:\/\/multi-gyn.com\/rs\/zdravlje-vagine\/opsti\/anatomija\/","url":"https:\/\/multi-gyn.com\/rs\/zdravlje-vagine\/opsti\/anatomija\/","name":"Anatomija - Multi-Gyn","isPartOf":{"@id":"https:\/\/multi-gyn.com\/rs\/#website"},"primaryImageOfPage":{"@id":"https:\/\/multi-gyn.com\/rs\/zdravlje-vagine\/opsti\/anatomija\/#primaryimage"},"image":{"@id":"https:\/\/multi-gyn.com\/rs\/zdravlje-vagine\/opsti\/anatomija\/#primaryimage"},"thumbnailUrl":"https:\/\/multi-gyn.com\/app\/uploads\/sites\/35\/2023\/03\/vagina.png","datePublished":"2022-12-09T14:59:44+00:00","dateModified":"2023-03-30T14:02:14+00:00","description":"Vagina je elasti\u010dan, mi\u0161i\u0107ast organ koji povezuje matericu I spoljne reproduktivne organe. Va\u017eno je zapamtiti da je izgled intimne regije individualan \u2013 \u017eenske genitalije se razlikuju po obliku, veli\u010dini, boji, teksturi, I uop\u0161te, po izgledu. Nau\u010dite vi\u0161e o anatomiji vagine da biste bolje razumeli kako ovaj fascinantni deo \u017eenskog tela funkcioni\u0161e.","breadcrumb":{"@id":"https:\/\/multi-gyn.com\/rs\/zdravlje-vagine\/opsti\/anatomija\/#breadcrumb"},"inLanguage":"sr-RS","potentialAction":[{"@type":"ReadAction","target":["https:\/\/multi-gyn.com\/rs\/zdravlje-vagine\/opsti\/anatomija\/"]}]},{"@type":"ImageObject","inLanguage":"sr-RS","@id":"https:\/\/multi-gyn.com\/rs\/zdravlje-vagine\/opsti\/anatomija\/#primaryimage","url":"https:\/\/multi-gyn.com\/app\/uploads\/sites\/35\/2023\/03\/vagina.png","contentUrl":"https:\/\/multi-gyn.com\/app\/uploads\/sites\/35\/2023\/03\/vagina.png"},{"@type":"BreadcrumbList","@id":"https:\/\/multi-gyn.com\/rs\/zdravlje-vagine\/opsti\/anatomija\/#breadcrumb","itemListElement":[{"@type":"ListItem","position":1,"name":"Home","item":"https:\/\/multi-gyn.com\/rs\/"},{"@type":"ListItem","position":2,"name":"Zdravlje vagine","item":"https:\/\/multi-gyn.com\/rs\/zdravlje-vagine\/"},{"@type":"ListItem","position":3,"name":"Opsti","item":"https:\/\/multi-gyn.com\/rs\/zdravlje-vagine\/opsti\/"},{"@type":"ListItem","position":4,"name":"Anatomija"}]},{"@type":"WebSite","@id":"https:\/\/multi-gyn.com\/rs\/#website","url":"https:\/\/multi-gyn.com\/rs\/","name":"Multi-Gyn","description":"","publisher":{"@id":"https:\/\/multi-gyn.com\/rs\/#organization"},"potentialAction":[{"@type":"SearchAction","target":{"@type":"EntryPoint","urlTemplate":"https:\/\/multi-gyn.com\/rs\/?s={search_term_string}"},"query-input":{"@type":"PropertyValueSpecification","valueRequired":true,"valueName":"search_term_string"}}],"inLanguage":"sr-RS"},{"@type":"Organization","@id":"https:\/\/multi-gyn.com\/rs\/#organization","name":"Multi-Gyn","url":"https:\/\/multi-gyn.com\/rs\/","logo":{"@type":"ImageObject","inLanguage":"sr-RS","@id":"https:\/\/multi-gyn.com\/rs\/#\/schema\/logo\/image\/","url":"https:\/\/multi-gyn.com\/app\/uploads\/sites\/35\/2022\/11\/multi-gyn-logo.png","contentUrl":"https:\/\/multi-gyn.com\/app\/uploads\/sites\/35\/2022\/11\/multi-gyn-logo.png","width":149,"height":32,"caption":"Multi-Gyn"},"image":{"@id":"https:\/\/multi-gyn.com\/rs\/#\/schema\/logo\/image\/"}}]}},"_links":{"self":[{"href":"https:\/\/multi-gyn.com\/rs\/wp-json\/wp\/v2\/pages\/264","targetHints":{"allow":["GET"]}}],"collection":[{"href":"https:\/\/multi-gyn.com\/rs\/wp-json\/wp\/v2\/pages"}],"about":[{"href":"https:\/\/multi-gyn.com\/rs\/wp-json\/wp\/v2\/types\/page"}],"author":[{"embeddable":true,"href":"https:\/\/multi-gyn.com\/rs\/wp-json\/wp\/v2\/users\/6"}],"replies":[{"embeddable":true,"href":"https:\/\/multi-gyn.com\/rs\/wp-json\/wp\/v2\/comments?post=264"}],"version-history":[{"count":10,"href":"https:\/\/multi-gyn.com\/rs\/wp-json\/wp\/v2\/pages\/264\/revisions"}],"predecessor-version":[{"id":820,"href":"https:\/\/multi-gyn.com\/rs\/wp-json\/wp\/v2\/pages\/264\/revisions\/820"}],"up":[{"embeddable":true,"href":"https:\/\/multi-gyn.com\/rs\/wp-json\/wp\/v2\/pages\/647"}],"wp:attachment":[{"href":"https:\/\/multi-gyn.com\/rs\/wp-json\/wp\/v2\/media?parent=264"}],"wp:term":[{"taxonomy":"from-article-database","embeddable":true,"href":"https:\/\/multi-gyn.com\/rs\/wp-json\/wp\/v2\/from-article-database?post=264"}],"curies":[{"name":"wp","href":"https:\/\/api.w.org\/{rel}","templated":true}]}}