{"id":279,"date":"2022-12-09T16:06:10","date_gmt":"2022-12-09T15:06:10","guid":{"rendered":"https:\/\/multi-gyn.com\/rs\/?page_id=279"},"modified":"2023-03-07T10:02:53","modified_gmt":"2023-03-07T09:02:53","slug":"intimna-higijena-da-ili-ne","status":"publish","type":"page","link":"https:\/\/multi-gyn.com\/rs\/zdravlje-vagine\/nega\/intimna-higijena-da-ili-ne\/","title":{"rendered":"Intimna higijena da ili ne?"},"content":{"rendered":"\n<div class=\"wp-block-karopharma-free-text pt-large pb-large bg-center bg-cover bg-no-repeat  is-style-primary\" style=\"background-image:url()\"><div class=\"free-text-wrapper container max-w-medium text-left\">\n<h1 class=\"wp-block-heading\"><strong><strong><strong>Intimna higijena da ili ne?<\/strong><\/strong><\/strong><\/h1>\n\n\n\n<p class=\"is-style-paragraph-preamble\">Pravilna intimna higijena povoljno uti\u010de na na\u0161e reproduktivno zdravlje. Mo\u017ee smanjiti rizik od nastanka vaginalnih infkecija, ubrzati oporavak i spre\u010diti pojavu simptoma kao \u0161to su iritacija i sekret.<\/p>\n<\/div><\/div>\n\n\n\n<div class=\"wp-block-karopharma-free-text pt-large pb-large bg-center bg-cover bg-no-repeat\" style=\"background-image:url()\"><div class=\"free-text-wrapper container max-w-medium text-left\">\n<p><strong>DA: Higijena intimne regije se preporu\u010duje jednom dnevno.<\/strong><br>Prilikom tu\u0161iranja potrebno je da koristite mlaku vodu ili blago sredstvo za intimnu higijenu, jednom dnevno.<\/p>\n\n\n\n<p><strong>NE: Upotreba sapuna<\/strong><br>Sapun je alkalan i veoma agresivan za blagu i osetljivu ko\u017eu intimne regije. Uvek birajte prirodne proizvode za intimnu higijenu, koji ne sadr\u017ee parfeme, konzervanse, mirise i boje.<\/p>\n\n\n\n<p><strong>DA: Koristite intimne maramice ako niste u mogu\u0107nosti da se istu\u0161irate.<\/strong><br>Naro\u010dito, tokom perioda letnjih meseci ili kada putujete.<\/p>\n\n\n\n<p><strong>NE: Nosite sinteti\u010dki i uzak donji ve\u0161.<\/strong><br>Sinteti\u010dke tkanine ne dozvoljavaju ko\u017ei da di\u0161e, dovode do pove\u0107anja temperature i vla\u017enosti u intimnoj zoni. Uske haljine stvaraju trenje, koje mo\u017ee prouzrokovati znojenje ko\u017ee.  Kombinacija sinteti\u010dkog i uskog ve\u0161a sa pove\u0107anjem toplote i vlage, stvara idealne uslove za razvoj vaginalne infekcije. Birajte prirodne materijale i izbegavajte usku ode\u0107u za du\u017ei vremenski period.<\/p>\n\n\n\n<p><strong>DA: Bri\u0161ite se od napred ka pozadi.<\/strong><br>Ukoliko se bri\u0161ete od nazad ka napred, vrlo lako \u0107ete preneti bakterije od anusa do vagine. Koristite toalet papir bez mirisa i boje, kako bi izbegli mogu\u0107e iritacije.<\/p>\n\n\n\n<p><strong>NE: Koristite miris ili dezodorans za intimnu regiju.<\/strong><br>Svaka vagina ima jedinstven miris i ukoliko nisu prisutne nikakve tegobe, miris ne bi trebalo da bude jak i neprijatan. Jak i neprijatan miris mo\u017ee biti jedan od znakova infekcije.<\/p>\n\n\n\n<p><strong>DA: Koristite umiruju\u0107e proizvode nakon uklanjanja stidnih dlaka.<\/strong><br>Bilo da stidne dlake uklanjate brija\u010dem, voskom ili kremom za depilaciju uvek hidrirajte ko\u017eu nakon procedure primenjuju\u0107i prirodne, umiruju\u0107e proizvode u cilju spre\u010davanja iritacije intimne regije.<\/p>\n\n\n\n<p><strong>NE: Provodite ceo dan nose\u0107i isti donji ve\u0161, higijenski ulo\u017eak ili tampon.<\/strong><br>Higijenski ulo\u0161ci i tamponi nisu namnjeni da se koriste du\u017ei vremenski period, naro\u010dito jer je menstrualna krv u direktnom kontaktu sa ko\u017eom. Sli\u010dno je i sa sinteti\u010dkim rubljem koje spre\u010dava ko\u017eu da di\u0161e, iritira je pove\u0107ava rizik za razvoj infekcije. Preporu\u010duje se menjanje ulo\u017eaka i tampona na svaka 3 do 4 sata, neposredno pre odlaska u krevet i nakon ustanjanja.<\/p>\n\n\n\n<p><strong>DA: Tapkanje umesto trljanja.<\/strong><br>Nakon tu\u0161iranja, koristite mek, \u010dist pe\u0161kir i tapkajte Va\u0161u intimnu regiju ne\u017eno da biste je u potpunosti osu\u0161ili.<\/p>\n\n\n\n<p><strong>NE: Koristite proizvode koji sadr\u017ee alergene ili iritanse.<\/strong><br>Ovo se odnosi na losione, sprejeve, kupke za tu\u0161iranje i ostala sredstava za higijenu. Izbegavati proizvode koji u sebi sadr\u017ee mirise, boje, deterd\u017eente, parabene i konzervanse.<\/p>\n<\/div><\/div>\n","protected":false},"excerpt":{"rendered":"","protected":false},"author":6,"featured_media":0,"parent":645,"menu_order":0,"comment_status":"closed","ping_status":"closed","template":"","meta":{"_acf_changed":false,"footnotes":""},"from-article-database":[],"class_list":["post-279","page","type-page","status-publish","hentry"],"acf":[],"yoast_head":"<!-- This site is optimized with the Yoast SEO plugin v26.6 - https:\/\/yoast.com\/wordpress\/plugins\/seo\/ -->\n<title>Intimna higijena da ili ne? - Multi-Gyn<\/title>\n<meta name=\"description\" content=\"Pravilna vaginalna higijena mo\u017ee dovesti do druga\u010dijeg pogled na na\u0161e reproduktivno zdravlje. To mo\u017ee smanjiti rizik od nastanka infekcija, mo\u017ee ubrzati oporavak i spre\u010diti pojavu neprijatnih simptoma kao \u0161to su iritacija i sekret. Pogledajte neke od najva\u017enijih da i ne za vaginalnu higijenu.\" \/>\n<meta name=\"robots\" content=\"index, follow, max-snippet:-1, max-image-preview:large, max-video-preview:-1\" \/>\n<link rel=\"canonical\" href=\"https:\/\/multi-gyn.com\/rs\/zdravlje-vagine\/nega\/intimna-higijena-da-ili-ne\/\" \/>\n<meta property=\"og:locale\" content=\"sr_RS\" \/>\n<meta property=\"og:type\" content=\"article\" \/>\n<meta property=\"og:title\" content=\"Intimna higijena da ili ne? - Multi-Gyn\" \/>\n<meta property=\"og:description\" content=\"Pravilna vaginalna higijena mo\u017ee dovesti do druga\u010dijeg pogled na na\u0161e reproduktivno zdravlje. To mo\u017ee smanjiti rizik od nastanka infekcija, mo\u017ee ubrzati oporavak i spre\u010diti pojavu neprijatnih simptoma kao \u0161to su iritacija i sekret. Pogledajte neke od najva\u017enijih da i ne za vaginalnu higijenu.\" \/>\n<meta property=\"og:url\" content=\"https:\/\/multi-gyn.com\/rs\/zdravlje-vagine\/nega\/intimna-higijena-da-ili-ne\/\" \/>\n<meta property=\"og:site_name\" content=\"Multi-Gyn\" \/>\n<meta property=\"article:modified_time\" content=\"2023-03-07T09:02:53+00:00\" \/>\n<meta name=\"twitter:card\" content=\"summary_large_image\" \/>\n<meta name=\"twitter:label1\" content=\"\u041f\u0440\u043e\u0446\u0435\u045a\u0435\u043d\u043e \u0432\u0440\u0435\u043c\u0435 \u0447\u0438\u0442\u0430\u045a\u0430\" \/>\n\t<meta name=\"twitter:data1\" content=\"3 \u043c\u0438\u043d\u0443\u0442\u0430\" \/>\n<script type=\"application\/ld+json\" class=\"yoast-schema-graph\">{\"@context\":\"https:\/\/schema.org\",\"@graph\":[{\"@type\":\"WebPage\",\"@id\":\"https:\/\/multi-gyn.com\/rs\/zdravlje-vagine\/nega\/intimna-higijena-da-ili-ne\/\",\"url\":\"https:\/\/multi-gyn.com\/rs\/zdravlje-vagine\/nega\/intimna-higijena-da-ili-ne\/\",\"name\":\"Intimna higijena da ili ne? - Multi-Gyn\",\"isPartOf\":{\"@id\":\"https:\/\/multi-gyn.com\/rs\/#website\"},\"datePublished\":\"2022-12-09T15:06:10+00:00\",\"dateModified\":\"2023-03-07T09:02:53+00:00\",\"description\":\"Pravilna vaginalna higijena mo\u017ee dovesti do druga\u010dijeg pogled na na\u0161e reproduktivno zdravlje. To mo\u017ee smanjiti rizik od nastanka infekcija, mo\u017ee ubrzati oporavak i spre\u010diti pojavu neprijatnih simptoma kao \u0161to su iritacija i sekret. Pogledajte neke od najva\u017enijih da i ne za vaginalnu higijenu.\",\"breadcrumb\":{\"@id\":\"https:\/\/multi-gyn.com\/rs\/zdravlje-vagine\/nega\/intimna-higijena-da-ili-ne\/#breadcrumb\"},\"inLanguage\":\"sr-RS\",\"potentialAction\":[{\"@type\":\"ReadAction\",\"target\":[\"https:\/\/multi-gyn.com\/rs\/zdravlje-vagine\/nega\/intimna-higijena-da-ili-ne\/\"]}]},{\"@type\":\"BreadcrumbList\",\"@id\":\"https:\/\/multi-gyn.com\/rs\/zdravlje-vagine\/nega\/intimna-higijena-da-ili-ne\/#breadcrumb\",\"itemListElement\":[{\"@type\":\"ListItem\",\"position\":1,\"name\":\"Home\",\"item\":\"https:\/\/multi-gyn.com\/rs\/\"},{\"@type\":\"ListItem\",\"position\":2,\"name\":\"Zdravlje vagine\",\"item\":\"https:\/\/multi-gyn.com\/rs\/zdravlje-vagine\/\"},{\"@type\":\"ListItem\",\"position\":3,\"name\":\"Nega\",\"item\":\"https:\/\/multi-gyn.com\/rs\/zdravlje-vagine\/nega\/\"},{\"@type\":\"ListItem\",\"position\":4,\"name\":\"Intimna higijena da ili ne?\"}]},{\"@type\":\"WebSite\",\"@id\":\"https:\/\/multi-gyn.com\/rs\/#website\",\"url\":\"https:\/\/multi-gyn.com\/rs\/\",\"name\":\"Multi-Gyn\",\"description\":\"\",\"publisher\":{\"@id\":\"https:\/\/multi-gyn.com\/rs\/#organization\"},\"potentialAction\":[{\"@type\":\"SearchAction\",\"target\":{\"@type\":\"EntryPoint\",\"urlTemplate\":\"https:\/\/multi-gyn.com\/rs\/?s={search_term_string}\"},\"query-input\":{\"@type\":\"PropertyValueSpecification\",\"valueRequired\":true,\"valueName\":\"search_term_string\"}}],\"inLanguage\":\"sr-RS\"},{\"@type\":\"Organization\",\"@id\":\"https:\/\/multi-gyn.com\/rs\/#organization\",\"name\":\"Multi-Gyn\",\"url\":\"https:\/\/multi-gyn.com\/rs\/\",\"logo\":{\"@type\":\"ImageObject\",\"inLanguage\":\"sr-RS\",\"@id\":\"https:\/\/multi-gyn.com\/rs\/#\/schema\/logo\/image\/\",\"url\":\"https:\/\/multi-gyn.com\/app\/uploads\/sites\/35\/2022\/11\/multi-gyn-logo.png\",\"contentUrl\":\"https:\/\/multi-gyn.com\/app\/uploads\/sites\/35\/2022\/11\/multi-gyn-logo.png\",\"width\":149,\"height\":32,\"caption\":\"Multi-Gyn\"},\"image\":{\"@id\":\"https:\/\/multi-gyn.com\/rs\/#\/schema\/logo\/image\/\"}}]}<\/script>\n<!-- \/ Yoast SEO plugin. -->","yoast_head_json":{"title":"Intimna higijena da ili ne? - Multi-Gyn","description":"Pravilna vaginalna higijena mo\u017ee dovesti do druga\u010dijeg pogled na na\u0161e reproduktivno zdravlje. To mo\u017ee smanjiti rizik od nastanka infekcija, mo\u017ee ubrzati oporavak i spre\u010diti pojavu neprijatnih simptoma kao \u0161to su iritacija i sekret. Pogledajte neke od najva\u017enijih da i ne za vaginalnu higijenu.","robots":{"index":"index","follow":"follow","max-snippet":"max-snippet:-1","max-image-preview":"max-image-preview:large","max-video-preview":"max-video-preview:-1"},"canonical":"https:\/\/multi-gyn.com\/rs\/zdravlje-vagine\/nega\/intimna-higijena-da-ili-ne\/","og_locale":"sr_RS","og_type":"article","og_title":"Intimna higijena da ili ne? - Multi-Gyn","og_description":"Pravilna vaginalna higijena mo\u017ee dovesti do druga\u010dijeg pogled na na\u0161e reproduktivno zdravlje. To mo\u017ee smanjiti rizik od nastanka infekcija, mo\u017ee ubrzati oporavak i spre\u010diti pojavu neprijatnih simptoma kao \u0161to su iritacija i sekret. Pogledajte neke od najva\u017enijih da i ne za vaginalnu higijenu.","og_url":"https:\/\/multi-gyn.com\/rs\/zdravlje-vagine\/nega\/intimna-higijena-da-ili-ne\/","og_site_name":"Multi-Gyn","article_modified_time":"2023-03-07T09:02:53+00:00","twitter_card":"summary_large_image","twitter_misc":{"\u041f\u0440\u043e\u0446\u0435\u045a\u0435\u043d\u043e \u0432\u0440\u0435\u043c\u0435 \u0447\u0438\u0442\u0430\u045a\u0430":"3 \u043c\u0438\u043d\u0443\u0442\u0430"},"schema":{"@context":"https:\/\/schema.org","@graph":[{"@type":"WebPage","@id":"https:\/\/multi-gyn.com\/rs\/zdravlje-vagine\/nega\/intimna-higijena-da-ili-ne\/","url":"https:\/\/multi-gyn.com\/rs\/zdravlje-vagine\/nega\/intimna-higijena-da-ili-ne\/","name":"Intimna higijena da ili ne? - Multi-Gyn","isPartOf":{"@id":"https:\/\/multi-gyn.com\/rs\/#website"},"datePublished":"2022-12-09T15:06:10+00:00","dateModified":"2023-03-07T09:02:53+00:00","description":"Pravilna vaginalna higijena mo\u017ee dovesti do druga\u010dijeg pogled na na\u0161e reproduktivno zdravlje. To mo\u017ee smanjiti rizik od nastanka infekcija, mo\u017ee ubrzati oporavak i spre\u010diti pojavu neprijatnih simptoma kao \u0161to su iritacija i sekret. Pogledajte neke od najva\u017enijih da i ne za vaginalnu higijenu.","breadcrumb":{"@id":"https:\/\/multi-gyn.com\/rs\/zdravlje-vagine\/nega\/intimna-higijena-da-ili-ne\/#breadcrumb"},"inLanguage":"sr-RS","potentialAction":[{"@type":"ReadAction","target":["https:\/\/multi-gyn.com\/rs\/zdravlje-vagine\/nega\/intimna-higijena-da-ili-ne\/"]}]},{"@type":"BreadcrumbList","@id":"https:\/\/multi-gyn.com\/rs\/zdravlje-vagine\/nega\/intimna-higijena-da-ili-ne\/#breadcrumb","itemListElement":[{"@type":"ListItem","position":1,"name":"Home","item":"https:\/\/multi-gyn.com\/rs\/"},{"@type":"ListItem","position":2,"name":"Zdravlje vagine","item":"https:\/\/multi-gyn.com\/rs\/zdravlje-vagine\/"},{"@type":"ListItem","position":3,"name":"Nega","item":"https:\/\/multi-gyn.com\/rs\/zdravlje-vagine\/nega\/"},{"@type":"ListItem","position":4,"name":"Intimna higijena da ili ne?"}]},{"@type":"WebSite","@id":"https:\/\/multi-gyn.com\/rs\/#website","url":"https:\/\/multi-gyn.com\/rs\/","name":"Multi-Gyn","description":"","publisher":{"@id":"https:\/\/multi-gyn.com\/rs\/#organization"},"potentialAction":[{"@type":"SearchAction","target":{"@type":"EntryPoint","urlTemplate":"https:\/\/multi-gyn.com\/rs\/?s={search_term_string}"},"query-input":{"@type":"PropertyValueSpecification","valueRequired":true,"valueName":"search_term_string"}}],"inLanguage":"sr-RS"},{"@type":"Organization","@id":"https:\/\/multi-gyn.com\/rs\/#organization","name":"Multi-Gyn","url":"https:\/\/multi-gyn.com\/rs\/","logo":{"@type":"ImageObject","inLanguage":"sr-RS","@id":"https:\/\/multi-gyn.com\/rs\/#\/schema\/logo\/image\/","url":"https:\/\/multi-gyn.com\/app\/uploads\/sites\/35\/2022\/11\/multi-gyn-logo.png","contentUrl":"https:\/\/multi-gyn.com\/app\/uploads\/sites\/35\/2022\/11\/multi-gyn-logo.png","width":149,"height":32,"caption":"Multi-Gyn"},"image":{"@id":"https:\/\/multi-gyn.com\/rs\/#\/schema\/logo\/image\/"}}]}},"_links":{"self":[{"href":"https:\/\/multi-gyn.com\/rs\/wp-json\/wp\/v2\/pages\/279","targetHints":{"allow":["GET"]}}],"collection":[{"href":"https:\/\/multi-gyn.com\/rs\/wp-json\/wp\/v2\/pages"}],"about":[{"href":"https:\/\/multi-gyn.com\/rs\/wp-json\/wp\/v2\/types\/page"}],"author":[{"embeddable":true,"href":"https:\/\/multi-gyn.com\/rs\/wp-json\/wp\/v2\/users\/6"}],"replies":[{"embeddable":true,"href":"https:\/\/multi-gyn.com\/rs\/wp-json\/wp\/v2\/comments?post=279"}],"version-history":[{"count":7,"href":"https:\/\/multi-gyn.com\/rs\/wp-json\/wp\/v2\/pages\/279\/revisions"}],"predecessor-version":[{"id":741,"href":"https:\/\/multi-gyn.com\/rs\/wp-json\/wp\/v2\/pages\/279\/revisions\/741"}],"up":[{"embeddable":true,"href":"https:\/\/multi-gyn.com\/rs\/wp-json\/wp\/v2\/pages\/645"}],"wp:attachment":[{"href":"https:\/\/multi-gyn.com\/rs\/wp-json\/wp\/v2\/media?parent=279"}],"wp:term":[{"taxonomy":"from-article-database","embeddable":true,"href":"https:\/\/multi-gyn.com\/rs\/wp-json\/wp\/v2\/from-article-database?post=279"}],"curies":[{"name":"wp","href":"https:\/\/api.w.org\/{rel}","templated":true}]}}