{"id":301,"date":"2022-12-09T16:10:46","date_gmt":"2022-12-09T15:10:46","guid":{"rendered":"https:\/\/multi-gyn.com\/rs\/?page_id=301"},"modified":"2022-12-12T10:40:27","modified_gmt":"2022-12-12T09:40:27","slug":"kako-da-brinete-o-vasj-vagini-tokom-leta","status":"publish","type":"page","link":"https:\/\/multi-gyn.com\/rs\/zdravlje-vagine\/nega\/kako-da-brinete-o-vasj-vagini-tokom-leta\/","title":{"rendered":"Kako da brinete o Va\u0161j vagini tokom leta"},"content":{"rendered":"\n<div class=\"wp-block-karopharma-free-text pt-large pb-large bg-center bg-cover bg-no-repeat  is-style-primary\" style=\"background-image:url()\"><div class=\"free-text-wrapper container max-w-medium text-left\">\n<h1 class=\"wp-block-heading\"><strong><strong><strong>Kako da brinete o Va\u0161j vagini tokom leta<\/strong><\/strong><\/strong><\/h1>\n\n\n\n<p class=\"is-style-paragraph-preamble\">Letnje vreme zna\u010di da je Va\u0161a vagina osetljivija nego ina\u010de &#8211; toplota, znojenje, putovanja, plivanje samo su neke od stvari koje mogu da izazovu vaginalne tegobe. Evo nekoliko saveta o tome kako da se brinete o svojoj vagini tokom letnjih meseci.<\/p>\n<\/div><\/div>\n\n\n\n<div class=\"wp-block-karopharma-free-text pt-large pb-large bg-center bg-cover bg-no-repeat\" style=\"background-image:url()\"><div class=\"free-text-wrapper container max-w-medium text-left\">\n<ul class=\"is-style-default wp-block-list\"><li>Ako ve\u0107inu Va\u0161ih radnih sati provodite sede\u0107i za pisa\u0107im stolom, dugo putujete ili planirate putovanje, imajte na umu da dugotrajno sedenje ne\u0107e samo izazvati bolove u le\u0111ima i ramenima nego tako\u0111e mo\u017ee da pove\u0107a rizik od gljivi\u010dne vaginalne infekcije. Kada sedite u jednom polo\u017eaju, Va\u0161a intimna regija se zagreva, protok vazduha se smanjuje i pove\u0107ava vla\u017enost. Vla\u017ena, topla podru\u010dja su savr\u0161ena za rast mikroba i izazivaje infekcije.<\/li><li>No\u0161enje tesnih farmerki i uskih \u0161ortseva tokom toplih meseci samo pove\u0107avaju ve\u0107 \u0161tetan efekat uske ode\u0107e. Trenje, toplota i vlaga mogu da izazovu iritaciju i pove\u0107avaju rizik od sor-a, a ovaj efekat je dodatno nagla\u0161en znojem koji je u bliskom kontaktu sa ko\u017eom. Ako se ne mo\u017eete rastati od svojih omiljenih komada, poku\u0161ajte da ih ne nosite svaki dan. Izaberite ode\u0107u i donji ve\u0161 napravljen od prirodnih materijala, tako da Va\u0161a ko\u017ea mo\u017ee da di\u0161e.<\/li><li>Tokom leta, mi se mnogo vi\u0161e depiliramo i brijemo nego tokom zimskih meseci, a ponekad idemo toliko daleko da bi imali glatku ko\u017eu. To mo\u017ee dovesti do iritacije i svraba. Da biste spre\u010dili ovo, brijte se svaki drugi dan da bi dozvolili ko\u017ei da di\u0161e. Hidrirajte ko\u017eu pre tretmana i primenite prirodne umiruju\u0107e proizvode nakon toga.<\/li><li>Leto je doba godine kada se mnoge \u017eene ose\u0107aju avanturisti\u010dki kada je u pitanju seks. Korisitite za\u0161titu u cilju spre\u010davanja infekcije i SPB. Tako\u0111e, ne zaboravite podmazivanje. Vla\u017enost vagine je potrebna za bezbolan, udoban odnos, tako da ako imate problema sa prirodnom hidratacijom, koristite proizvod koji mo\u017ee da Vam pomogne sa ovim. Lubrikanti \u0107e Vam omogu\u0107iti da u\u017eivate u seksu bez bola, ali ako ste u potrazi za dugotrajnim re\u0161enjem, naro\u010dito ako do\u017eivljavate trenje tokom ve\u017ebanja ili \u010dak hoda, probajte vaginalnu kremu koja se mo\u017ee primenjivati svakodnevno i ima dugotrajan efekat.<\/li><li>Odlazak na odmor i poku\u0161avate da u\u0161tedite ne\u0161to prostora u svom koferu? Mo\u017eete odlu\u010diti da ostavite neke od kozmeti\u010dkih proizvoda koji zauzimaju dosta prostora za pakovanje. Me\u0111utim, ostavljaju\u0107i proizvode za intimno pranje i planiranje da ih zamenite sa redovnim sapunom ili kupkom mo\u017ee Vas dovesti u nevolju. Jaki deterd\u017eenti mogu lako o\u0161tetiti povr\u0161inske slojeve osetljive ko\u017ee intimne regije, poremetiti pH vrednost i izazvati iritaciju. Jednostavno koristite vodu ili prirodan, ne\u017ean proizvod koji sadr\u017ei blage deterd\u017eente i nalaze se na odgovaraju\u0107im pH vrednostima intimne regije.<\/li><li>Kada putujete, nosite pakovanje blagih intimnih maramica koje bi bilo po\u017eeljno da su biorazgradive &#8211; ovo \u0107e Vam omogu\u0107iti da odr\u017eite higijenu i ose\u0107aj sve\u017eine gde god da ste, \u010dak iako tu\u0161 nije dostupan.<\/li><\/ul>\n<\/div><\/div>\n","protected":false},"excerpt":{"rendered":"","protected":false},"author":6,"featured_media":0,"parent":645,"menu_order":0,"comment_status":"closed","ping_status":"closed","template":"","meta":{"_acf_changed":false,"footnotes":""},"from-article-database":[],"class_list":["post-301","page","type-page","status-publish","hentry"],"acf":[],"yoast_head":"<!-- This site is optimized with the Yoast SEO plugin v26.6 - https:\/\/yoast.com\/wordpress\/plugins\/seo\/ -->\n<title>Kako da brinete o Va\u0161j vagini tokom leta - Multi-Gyn<\/title>\n<meta name=\"description\" content=\"Letnje vreme zna\u010di da je Va\u0161a vagina osetljivija nego ina\u010de - toplota, znojenje, putovanja, plivanje samo su neke od stvari koje mogu da izazovu vaginalne tegobe. Evo nekoliko saveta o tome kako da se brinete o svojoj vagini tokom letnjih meseci.\" \/>\n<meta name=\"robots\" content=\"index, follow, max-snippet:-1, max-image-preview:large, max-video-preview:-1\" \/>\n<link rel=\"canonical\" href=\"https:\/\/multi-gyn.com\/rs\/zdravlje-vagine\/nega\/kako-da-brinete-o-vasj-vagini-tokom-leta\/\" \/>\n<meta property=\"og:locale\" content=\"sr_RS\" \/>\n<meta property=\"og:type\" content=\"article\" \/>\n<meta property=\"og:title\" content=\"Kako da brinete o Va\u0161j vagini tokom leta - Multi-Gyn\" \/>\n<meta property=\"og:description\" content=\"Letnje vreme zna\u010di da je Va\u0161a vagina osetljivija nego ina\u010de - toplota, znojenje, putovanja, plivanje samo su neke od stvari koje mogu da izazovu vaginalne tegobe. Evo nekoliko saveta o tome kako da se brinete o svojoj vagini tokom letnjih meseci.\" \/>\n<meta property=\"og:url\" content=\"https:\/\/multi-gyn.com\/rs\/zdravlje-vagine\/nega\/kako-da-brinete-o-vasj-vagini-tokom-leta\/\" \/>\n<meta property=\"og:site_name\" content=\"Multi-Gyn\" \/>\n<meta property=\"article:modified_time\" content=\"2022-12-12T09:40:27+00:00\" \/>\n<meta name=\"twitter:card\" content=\"summary_large_image\" \/>\n<meta name=\"twitter:label1\" content=\"\u041f\u0440\u043e\u0446\u0435\u045a\u0435\u043d\u043e \u0432\u0440\u0435\u043c\u0435 \u0447\u0438\u0442\u0430\u045a\u0430\" \/>\n\t<meta name=\"twitter:data1\" content=\"3 \u043c\u0438\u043d\u0443\u0442\u0430\" \/>\n<script type=\"application\/ld+json\" class=\"yoast-schema-graph\">{\"@context\":\"https:\/\/schema.org\",\"@graph\":[{\"@type\":\"WebPage\",\"@id\":\"https:\/\/multi-gyn.com\/rs\/zdravlje-vagine\/nega\/kako-da-brinete-o-vasj-vagini-tokom-leta\/\",\"url\":\"https:\/\/multi-gyn.com\/rs\/zdravlje-vagine\/nega\/kako-da-brinete-o-vasj-vagini-tokom-leta\/\",\"name\":\"Kako da brinete o Va\u0161j vagini tokom leta - Multi-Gyn\",\"isPartOf\":{\"@id\":\"https:\/\/multi-gyn.com\/rs\/#website\"},\"datePublished\":\"2022-12-09T15:10:46+00:00\",\"dateModified\":\"2022-12-12T09:40:27+00:00\",\"description\":\"Letnje vreme zna\u010di da je Va\u0161a vagina osetljivija nego ina\u010de - toplota, znojenje, putovanja, plivanje samo su neke od stvari koje mogu da izazovu vaginalne tegobe. Evo nekoliko saveta o tome kako da se brinete o svojoj vagini tokom letnjih meseci.\",\"breadcrumb\":{\"@id\":\"https:\/\/multi-gyn.com\/rs\/zdravlje-vagine\/nega\/kako-da-brinete-o-vasj-vagini-tokom-leta\/#breadcrumb\"},\"inLanguage\":\"sr-RS\",\"potentialAction\":[{\"@type\":\"ReadAction\",\"target\":[\"https:\/\/multi-gyn.com\/rs\/zdravlje-vagine\/nega\/kako-da-brinete-o-vasj-vagini-tokom-leta\/\"]}]},{\"@type\":\"BreadcrumbList\",\"@id\":\"https:\/\/multi-gyn.com\/rs\/zdravlje-vagine\/nega\/kako-da-brinete-o-vasj-vagini-tokom-leta\/#breadcrumb\",\"itemListElement\":[{\"@type\":\"ListItem\",\"position\":1,\"name\":\"Home\",\"item\":\"https:\/\/multi-gyn.com\/rs\/\"},{\"@type\":\"ListItem\",\"position\":2,\"name\":\"Zdravlje vagine\",\"item\":\"https:\/\/multi-gyn.com\/rs\/zdravlje-vagine\/\"},{\"@type\":\"ListItem\",\"position\":3,\"name\":\"Nega\",\"item\":\"https:\/\/multi-gyn.com\/rs\/zdravlje-vagine\/nega\/\"},{\"@type\":\"ListItem\",\"position\":4,\"name\":\"Kako da brinete o Va\u0161j vagini tokom leta\"}]},{\"@type\":\"WebSite\",\"@id\":\"https:\/\/multi-gyn.com\/rs\/#website\",\"url\":\"https:\/\/multi-gyn.com\/rs\/\",\"name\":\"Multi-Gyn\",\"description\":\"\",\"publisher\":{\"@id\":\"https:\/\/multi-gyn.com\/rs\/#organization\"},\"potentialAction\":[{\"@type\":\"SearchAction\",\"target\":{\"@type\":\"EntryPoint\",\"urlTemplate\":\"https:\/\/multi-gyn.com\/rs\/?s={search_term_string}\"},\"query-input\":{\"@type\":\"PropertyValueSpecification\",\"valueRequired\":true,\"valueName\":\"search_term_string\"}}],\"inLanguage\":\"sr-RS\"},{\"@type\":\"Organization\",\"@id\":\"https:\/\/multi-gyn.com\/rs\/#organization\",\"name\":\"Multi-Gyn\",\"url\":\"https:\/\/multi-gyn.com\/rs\/\",\"logo\":{\"@type\":\"ImageObject\",\"inLanguage\":\"sr-RS\",\"@id\":\"https:\/\/multi-gyn.com\/rs\/#\/schema\/logo\/image\/\",\"url\":\"https:\/\/multi-gyn.com\/app\/uploads\/sites\/35\/2022\/11\/multi-gyn-logo.png\",\"contentUrl\":\"https:\/\/multi-gyn.com\/app\/uploads\/sites\/35\/2022\/11\/multi-gyn-logo.png\",\"width\":149,\"height\":32,\"caption\":\"Multi-Gyn\"},\"image\":{\"@id\":\"https:\/\/multi-gyn.com\/rs\/#\/schema\/logo\/image\/\"}}]}<\/script>\n<!-- \/ Yoast SEO plugin. -->","yoast_head_json":{"title":"Kako da brinete o Va\u0161j vagini tokom leta - Multi-Gyn","description":"Letnje vreme zna\u010di da je Va\u0161a vagina osetljivija nego ina\u010de - toplota, znojenje, putovanja, plivanje samo su neke od stvari koje mogu da izazovu vaginalne tegobe. Evo nekoliko saveta o tome kako da se brinete o svojoj vagini tokom letnjih meseci.","robots":{"index":"index","follow":"follow","max-snippet":"max-snippet:-1","max-image-preview":"max-image-preview:large","max-video-preview":"max-video-preview:-1"},"canonical":"https:\/\/multi-gyn.com\/rs\/zdravlje-vagine\/nega\/kako-da-brinete-o-vasj-vagini-tokom-leta\/","og_locale":"sr_RS","og_type":"article","og_title":"Kako da brinete o Va\u0161j vagini tokom leta - Multi-Gyn","og_description":"Letnje vreme zna\u010di da je Va\u0161a vagina osetljivija nego ina\u010de - toplota, znojenje, putovanja, plivanje samo su neke od stvari koje mogu da izazovu vaginalne tegobe. Evo nekoliko saveta o tome kako da se brinete o svojoj vagini tokom letnjih meseci.","og_url":"https:\/\/multi-gyn.com\/rs\/zdravlje-vagine\/nega\/kako-da-brinete-o-vasj-vagini-tokom-leta\/","og_site_name":"Multi-Gyn","article_modified_time":"2022-12-12T09:40:27+00:00","twitter_card":"summary_large_image","twitter_misc":{"\u041f\u0440\u043e\u0446\u0435\u045a\u0435\u043d\u043e \u0432\u0440\u0435\u043c\u0435 \u0447\u0438\u0442\u0430\u045a\u0430":"3 \u043c\u0438\u043d\u0443\u0442\u0430"},"schema":{"@context":"https:\/\/schema.org","@graph":[{"@type":"WebPage","@id":"https:\/\/multi-gyn.com\/rs\/zdravlje-vagine\/nega\/kako-da-brinete-o-vasj-vagini-tokom-leta\/","url":"https:\/\/multi-gyn.com\/rs\/zdravlje-vagine\/nega\/kako-da-brinete-o-vasj-vagini-tokom-leta\/","name":"Kako da brinete o Va\u0161j vagini tokom leta - Multi-Gyn","isPartOf":{"@id":"https:\/\/multi-gyn.com\/rs\/#website"},"datePublished":"2022-12-09T15:10:46+00:00","dateModified":"2022-12-12T09:40:27+00:00","description":"Letnje vreme zna\u010di da je Va\u0161a vagina osetljivija nego ina\u010de - toplota, znojenje, putovanja, plivanje samo su neke od stvari koje mogu da izazovu vaginalne tegobe. Evo nekoliko saveta o tome kako da se brinete o svojoj vagini tokom letnjih meseci.","breadcrumb":{"@id":"https:\/\/multi-gyn.com\/rs\/zdravlje-vagine\/nega\/kako-da-brinete-o-vasj-vagini-tokom-leta\/#breadcrumb"},"inLanguage":"sr-RS","potentialAction":[{"@type":"ReadAction","target":["https:\/\/multi-gyn.com\/rs\/zdravlje-vagine\/nega\/kako-da-brinete-o-vasj-vagini-tokom-leta\/"]}]},{"@type":"BreadcrumbList","@id":"https:\/\/multi-gyn.com\/rs\/zdravlje-vagine\/nega\/kako-da-brinete-o-vasj-vagini-tokom-leta\/#breadcrumb","itemListElement":[{"@type":"ListItem","position":1,"name":"Home","item":"https:\/\/multi-gyn.com\/rs\/"},{"@type":"ListItem","position":2,"name":"Zdravlje vagine","item":"https:\/\/multi-gyn.com\/rs\/zdravlje-vagine\/"},{"@type":"ListItem","position":3,"name":"Nega","item":"https:\/\/multi-gyn.com\/rs\/zdravlje-vagine\/nega\/"},{"@type":"ListItem","position":4,"name":"Kako da brinete o Va\u0161j vagini tokom leta"}]},{"@type":"WebSite","@id":"https:\/\/multi-gyn.com\/rs\/#website","url":"https:\/\/multi-gyn.com\/rs\/","name":"Multi-Gyn","description":"","publisher":{"@id":"https:\/\/multi-gyn.com\/rs\/#organization"},"potentialAction":[{"@type":"SearchAction","target":{"@type":"EntryPoint","urlTemplate":"https:\/\/multi-gyn.com\/rs\/?s={search_term_string}"},"query-input":{"@type":"PropertyValueSpecification","valueRequired":true,"valueName":"search_term_string"}}],"inLanguage":"sr-RS"},{"@type":"Organization","@id":"https:\/\/multi-gyn.com\/rs\/#organization","name":"Multi-Gyn","url":"https:\/\/multi-gyn.com\/rs\/","logo":{"@type":"ImageObject","inLanguage":"sr-RS","@id":"https:\/\/multi-gyn.com\/rs\/#\/schema\/logo\/image\/","url":"https:\/\/multi-gyn.com\/app\/uploads\/sites\/35\/2022\/11\/multi-gyn-logo.png","contentUrl":"https:\/\/multi-gyn.com\/app\/uploads\/sites\/35\/2022\/11\/multi-gyn-logo.png","width":149,"height":32,"caption":"Multi-Gyn"},"image":{"@id":"https:\/\/multi-gyn.com\/rs\/#\/schema\/logo\/image\/"}}]}},"_links":{"self":[{"href":"https:\/\/multi-gyn.com\/rs\/wp-json\/wp\/v2\/pages\/301","targetHints":{"allow":["GET"]}}],"collection":[{"href":"https:\/\/multi-gyn.com\/rs\/wp-json\/wp\/v2\/pages"}],"about":[{"href":"https:\/\/multi-gyn.com\/rs\/wp-json\/wp\/v2\/types\/page"}],"author":[{"embeddable":true,"href":"https:\/\/multi-gyn.com\/rs\/wp-json\/wp\/v2\/users\/6"}],"replies":[{"embeddable":true,"href":"https:\/\/multi-gyn.com\/rs\/wp-json\/wp\/v2\/comments?post=301"}],"version-history":[{"count":1,"href":"https:\/\/multi-gyn.com\/rs\/wp-json\/wp\/v2\/pages\/301\/revisions"}],"predecessor-version":[{"id":315,"href":"https:\/\/multi-gyn.com\/rs\/wp-json\/wp\/v2\/pages\/301\/revisions\/315"}],"up":[{"embeddable":true,"href":"https:\/\/multi-gyn.com\/rs\/wp-json\/wp\/v2\/pages\/645"}],"wp:attachment":[{"href":"https:\/\/multi-gyn.com\/rs\/wp-json\/wp\/v2\/media?parent=301"}],"wp:term":[{"taxonomy":"from-article-database","embeddable":true,"href":"https:\/\/multi-gyn.com\/rs\/wp-json\/wp\/v2\/from-article-database?post=301"}],"curies":[{"name":"wp","href":"https:\/\/api.w.org\/{rel}","templated":true}]}}