{"id":317,"date":"2022-12-09T16:12:53","date_gmt":"2022-12-09T15:12:53","guid":{"rendered":"https:\/\/multi-gyn.com\/rs\/?page_id=317"},"modified":"2022-12-12T10:40:41","modified_gmt":"2022-12-12T09:40:41","slug":"da-li-znate-sta-odredjuje-pravilnu-intimnu-higijenu","status":"publish","type":"page","link":"https:\/\/multi-gyn.com\/rs\/zdravlje-vagine\/nega\/da-li-znate-sta-odredjuje-pravilnu-intimnu-higijenu\/","title":{"rendered":"Da li znate \u0161ta odre\u0111uje pravilnu intimnu higijenu?"},"content":{"rendered":"\n<div class=\"wp-block-karopharma-free-text pt-large pb-large bg-center bg-cover bg-no-repeat  is-style-primary\" style=\"background-image:url()\"><div class=\"free-text-wrapper container max-w-medium text-left\">\n<h1 class=\"wp-block-heading\"><strong><strong><strong>Da li znate \u0161ta odre\u0111uje pravilnu intimnu higijenu?<\/strong><\/strong><\/strong><\/h1>\n\n\n\n<p class=\"is-style-paragraph-preamble\">\u010cesto se ka\u017ee da je lo\u0161a higijena zapravo gora nego da nema higijene uop\u0161te. Ovo nije preterano &#8211; lo\u0161e higijenske navike mogu biti uzrok neravnote\u017ee i infekcije Va\u0161e intimne regije. Pogledajte odgovore na naj\u010de\u0161\u0107e postavljana pitanja u vezi onoga \u0161to odre\u0111uje pravilnu intimnu higijenu.<\/p>\n<\/div><\/div>\n\n\n\n<div class=\"wp-block-karopharma-free-text pt-large pb-large bg-center bg-cover bg-no-repeat\" style=\"background-image:url()\"><div class=\"free-text-wrapper container max-w-medium text-left\">\n<h3 class=\"is-style-heading-h2 wp-block-heading\"><strong>\u010ci\u0161\u0107enje intimne zone<\/strong><\/h3>\n\n\n\n<p><strong>Koliko \u010desto treba da perem intimnu zonu?<\/strong><br>Pranje Va\u0161u intimnu zonu sa mlakom vodom ili intimnim sredstvom jednom dnevno je savr\u0161ena mera za dobro intimno zdravlje. Me\u0111utim, tokom toplih meseci, u toku ili nakon ve\u017ebanja, mo\u017eete osetiti potrebu za \u010de\u0161\u0107im pranjem. To je u redu, dokle god se perete mlakom vodom treba da se tu\u0161irate nekoliko puta dnevno. Ne zaboravite da temeljno osu\u0161ite svoju intimnu regiju mekim \u010distim pe\u0161kirom i blagim tapkanjem.<\/p>\n\n\n\n<p><strong>Koju vrstu sapuna treba da koristim za moju intimu?<\/strong><br>Nikada ne koristite redovan sapun. On je previse agresivan za ne\u017enu ko\u017eu intimne regije. Sapun mo\u017ee da o\u0161teti za\u0161titnu barijeruna povr\u0161ini ko\u017ee, ostavljaju\u0107i otvorena vrata za potencijalnu infekciju. Izaberite prirodan proizvod koji ne sadr\u017ei sapun ili jake deterd\u017eente, parfeme, boje ili konzervanse ili jednostavno koristite mlaku vodu.<\/p>\n\n\n\n<p><strong>Da li mogu da oristim intimne maramice za odr\u017eavanje higijena?<\/strong><br>Intimne maramice su savr\u0161eno re\u0161enje kada ste u pokretu \u2013 bilo prilikom putovanja, tokom leta ili kada se preterano znojite, maramice Vam mogu dati osve\u017eenje koje Vam je potrebno. Uverite se da su maramice koje ste odabrali specijalno dizajnirane za intimnu regiju i da ne sadr\u017ee nikakve jake hemikalije, mirise ili boje.<\/p>\n\n\n\n<p class=\"has-text-align-center\"><em>&#8222;Nikada ne koristite redovan sapun. On je previ\u0161e agresivan za ne\u017enu ko\u017eu intimne zone&#8220;<\/em><\/p>\n\n\n\n<h3 class=\"is-style-heading-h2 wp-block-heading\"><strong>Ostali saveti za intimnu negu<\/strong><\/h3>\n\n\n\n<p><strong>Da li je pamu\u010dni ve\u0161 zaista tako va\u017ean?<\/strong><br>Sinteti\u010dke tkanine spre\u010davaju ko\u017ei da di\u0161e. To pove\u0107ava znojenje i toplotu u intimnoj regijii, a kao \u0161to verovatno znate, vla\u017ene i tamne oblasti bez dovoljnog protoka vazduha su savr\u0161ena podloga za razvoj mikroba. No\u0161enje uske ode\u0107e, kao \u0161to su tesne farmerke, helanke i uski \u0161ortsevi izazivaju trenje i mogu da o\u0161tete tkivo ko\u017ee. To otvara vrata da mikrobi pro\u0111u za\u0161titnu barijeru ko\u017ee i izazovu infekciju. Zato je va\u017eno da se ograni\u010di no\u0161enje ovakve ode\u0107e i \u010dipkanog rublja samo u posebnim prilikama, dok treba nositi pamu\u010dni donji ve\u0161 svakodnevno. Jo\u0161 jenda stvar koju mo\u017eete u\u010diniti za dobro zdravlje vagine je spavanje bez donjeg ve\u0161a. Ovo omogu\u0107ava \u201cvazduh\u201d Va\u0161oj intimnoj regiji i oporavak preko no\u0107i.<\/p>\n\n\n\n<p><strong>Za\u0161to stru\u010dnjaci preporu\u010duju da se ne koriste obojeni i miri\u0161ljavi toalet papir?<\/strong><br>Aroma i farba koje se koriste za dodavanje boje i mirisa na toalet papir (I druge proizvode kao \u0161to su losioni, vaginalni sprejevi i kupke za tu\u0161iranje), su zajedni\u010dki iritansi koji mogu da izazovu neugodne simptome kao \u0161to su iritacija i sekret. Zato treba izbegavati sve proizode koji sadr\u017ee ove hemikalije. Govore\u0107i o higijeni prilikom kori\u0161\u0107enja toaleta, nikada se ne bri\u0161ite od nazad ka napred &#8211; uradite li to bakterije iz anusa lako mogu da se prenesu do vagine, uzrokuju\u0107i infekciju.<\/p>\n\n\n\n<p><strong>Da li mogu da primenjujem parfem na moju intimnu zonu?<\/strong>&nbsp;Svaka vagina ima jedinstven miris i to nije razlog za brigu. Naravno, ako primetite jak miris, to mo\u017ee biti prili\u010dno neprijatno. Primena parfema ili vaginalnih sprejeva mo\u017ee izazvati iritaciju i simptome kao \u0161to su sekret, svrab, peckanje pa \u010dak i neprijatan miris.<\/p>\n\n\n\n<p><strong>Koliko \u010desto treba da menjam ulo\u0161ke?<\/strong><br>Svaka 3 do 4 sata. Isto va\u017ei i za jastu\u010di\u0107e i tampone gde je rizik od iritacije jo\u0161 ve\u0107i, budu\u0107i da je menstrualna krv u direktnom kontaktu sa ko\u017eom.<\/p>\n<\/div><\/div>\n","protected":false},"excerpt":{"rendered":"","protected":false},"author":6,"featured_media":0,"parent":645,"menu_order":0,"comment_status":"closed","ping_status":"closed","template":"","meta":{"_acf_changed":false,"footnotes":""},"from-article-database":[],"class_list":["post-317","page","type-page","status-publish","hentry"],"acf":[],"yoast_head":"<!-- This site is optimized with the Yoast SEO plugin v26.6 - https:\/\/yoast.com\/wordpress\/plugins\/seo\/ -->\n<title>Da li znate \u0161ta odre\u0111uje pravilnu intimnu higijenu? - Multi-Gyn<\/title>\n<meta name=\"description\" content=\"\u010cesto se ka\u017ee da je lo\u0161a higijena zapravo gora nego da nema higijene uop\u0161te. Ovo nije preterano - lo\u0161e higijenske navike mogu biti uzrok neravnote\u017ee i infekcije Va\u0161e intimne regije. Pogledajte odgovore na naj\u010de\u0161\u0107e postavljana pitanja u vezi onoga \u0161to odre\u0111uje pravilnu intimnu higijenu.\" \/>\n<meta name=\"robots\" content=\"index, follow, max-snippet:-1, max-image-preview:large, max-video-preview:-1\" \/>\n<link rel=\"canonical\" href=\"https:\/\/multi-gyn.com\/rs\/zdravlje-vagine\/nega\/da-li-znate-sta-odredjuje-pravilnu-intimnu-higijenu\/\" \/>\n<meta property=\"og:locale\" content=\"sr_RS\" \/>\n<meta property=\"og:type\" content=\"article\" \/>\n<meta property=\"og:title\" content=\"Da li znate \u0161ta odre\u0111uje pravilnu intimnu higijenu? - Multi-Gyn\" \/>\n<meta property=\"og:description\" content=\"\u010cesto se ka\u017ee da je lo\u0161a higijena zapravo gora nego da nema higijene uop\u0161te. Ovo nije preterano - lo\u0161e higijenske navike mogu biti uzrok neravnote\u017ee i infekcije Va\u0161e intimne regije. Pogledajte odgovore na naj\u010de\u0161\u0107e postavljana pitanja u vezi onoga \u0161to odre\u0111uje pravilnu intimnu higijenu.\" \/>\n<meta property=\"og:url\" content=\"https:\/\/multi-gyn.com\/rs\/zdravlje-vagine\/nega\/da-li-znate-sta-odredjuje-pravilnu-intimnu-higijenu\/\" \/>\n<meta property=\"og:site_name\" content=\"Multi-Gyn\" \/>\n<meta property=\"article:modified_time\" content=\"2022-12-12T09:40:41+00:00\" \/>\n<meta name=\"twitter:card\" content=\"summary_large_image\" \/>\n<meta name=\"twitter:label1\" content=\"\u041f\u0440\u043e\u0446\u0435\u045a\u0435\u043d\u043e \u0432\u0440\u0435\u043c\u0435 \u0447\u0438\u0442\u0430\u045a\u0430\" \/>\n\t<meta name=\"twitter:data1\" content=\"4 \u043c\u0438\u043d\u0443\u0442\u0430\" \/>\n<script type=\"application\/ld+json\" class=\"yoast-schema-graph\">{\"@context\":\"https:\/\/schema.org\",\"@graph\":[{\"@type\":\"WebPage\",\"@id\":\"https:\/\/multi-gyn.com\/rs\/zdravlje-vagine\/nega\/da-li-znate-sta-odredjuje-pravilnu-intimnu-higijenu\/\",\"url\":\"https:\/\/multi-gyn.com\/rs\/zdravlje-vagine\/nega\/da-li-znate-sta-odredjuje-pravilnu-intimnu-higijenu\/\",\"name\":\"Da li znate \u0161ta odre\u0111uje pravilnu intimnu higijenu? - Multi-Gyn\",\"isPartOf\":{\"@id\":\"https:\/\/multi-gyn.com\/rs\/#website\"},\"datePublished\":\"2022-12-09T15:12:53+00:00\",\"dateModified\":\"2022-12-12T09:40:41+00:00\",\"description\":\"\u010cesto se ka\u017ee da je lo\u0161a higijena zapravo gora nego da nema higijene uop\u0161te. Ovo nije preterano - lo\u0161e higijenske navike mogu biti uzrok neravnote\u017ee i infekcije Va\u0161e intimne regije. Pogledajte odgovore na naj\u010de\u0161\u0107e postavljana pitanja u vezi onoga \u0161to odre\u0111uje pravilnu intimnu higijenu.\",\"breadcrumb\":{\"@id\":\"https:\/\/multi-gyn.com\/rs\/zdravlje-vagine\/nega\/da-li-znate-sta-odredjuje-pravilnu-intimnu-higijenu\/#breadcrumb\"},\"inLanguage\":\"sr-RS\",\"potentialAction\":[{\"@type\":\"ReadAction\",\"target\":[\"https:\/\/multi-gyn.com\/rs\/zdravlje-vagine\/nega\/da-li-znate-sta-odredjuje-pravilnu-intimnu-higijenu\/\"]}]},{\"@type\":\"BreadcrumbList\",\"@id\":\"https:\/\/multi-gyn.com\/rs\/zdravlje-vagine\/nega\/da-li-znate-sta-odredjuje-pravilnu-intimnu-higijenu\/#breadcrumb\",\"itemListElement\":[{\"@type\":\"ListItem\",\"position\":1,\"name\":\"Home\",\"item\":\"https:\/\/multi-gyn.com\/rs\/\"},{\"@type\":\"ListItem\",\"position\":2,\"name\":\"Zdravlje vagine\",\"item\":\"https:\/\/multi-gyn.com\/rs\/zdravlje-vagine\/\"},{\"@type\":\"ListItem\",\"position\":3,\"name\":\"Nega\",\"item\":\"https:\/\/multi-gyn.com\/rs\/zdravlje-vagine\/nega\/\"},{\"@type\":\"ListItem\",\"position\":4,\"name\":\"Da li znate \u0161ta odre\u0111uje pravilnu intimnu higijenu?\"}]},{\"@type\":\"WebSite\",\"@id\":\"https:\/\/multi-gyn.com\/rs\/#website\",\"url\":\"https:\/\/multi-gyn.com\/rs\/\",\"name\":\"Multi-Gyn\",\"description\":\"\",\"publisher\":{\"@id\":\"https:\/\/multi-gyn.com\/rs\/#organization\"},\"potentialAction\":[{\"@type\":\"SearchAction\",\"target\":{\"@type\":\"EntryPoint\",\"urlTemplate\":\"https:\/\/multi-gyn.com\/rs\/?s={search_term_string}\"},\"query-input\":{\"@type\":\"PropertyValueSpecification\",\"valueRequired\":true,\"valueName\":\"search_term_string\"}}],\"inLanguage\":\"sr-RS\"},{\"@type\":\"Organization\",\"@id\":\"https:\/\/multi-gyn.com\/rs\/#organization\",\"name\":\"Multi-Gyn\",\"url\":\"https:\/\/multi-gyn.com\/rs\/\",\"logo\":{\"@type\":\"ImageObject\",\"inLanguage\":\"sr-RS\",\"@id\":\"https:\/\/multi-gyn.com\/rs\/#\/schema\/logo\/image\/\",\"url\":\"https:\/\/multi-gyn.com\/app\/uploads\/sites\/35\/2022\/11\/multi-gyn-logo.png\",\"contentUrl\":\"https:\/\/multi-gyn.com\/app\/uploads\/sites\/35\/2022\/11\/multi-gyn-logo.png\",\"width\":149,\"height\":32,\"caption\":\"Multi-Gyn\"},\"image\":{\"@id\":\"https:\/\/multi-gyn.com\/rs\/#\/schema\/logo\/image\/\"}}]}<\/script>\n<!-- \/ Yoast SEO plugin. -->","yoast_head_json":{"title":"Da li znate \u0161ta odre\u0111uje pravilnu intimnu higijenu? - Multi-Gyn","description":"\u010cesto se ka\u017ee da je lo\u0161a higijena zapravo gora nego da nema higijene uop\u0161te. Ovo nije preterano - lo\u0161e higijenske navike mogu biti uzrok neravnote\u017ee i infekcije Va\u0161e intimne regije. Pogledajte odgovore na naj\u010de\u0161\u0107e postavljana pitanja u vezi onoga \u0161to odre\u0111uje pravilnu intimnu higijenu.","robots":{"index":"index","follow":"follow","max-snippet":"max-snippet:-1","max-image-preview":"max-image-preview:large","max-video-preview":"max-video-preview:-1"},"canonical":"https:\/\/multi-gyn.com\/rs\/zdravlje-vagine\/nega\/da-li-znate-sta-odredjuje-pravilnu-intimnu-higijenu\/","og_locale":"sr_RS","og_type":"article","og_title":"Da li znate \u0161ta odre\u0111uje pravilnu intimnu higijenu? - Multi-Gyn","og_description":"\u010cesto se ka\u017ee da je lo\u0161a higijena zapravo gora nego da nema higijene uop\u0161te. Ovo nije preterano - lo\u0161e higijenske navike mogu biti uzrok neravnote\u017ee i infekcije Va\u0161e intimne regije. Pogledajte odgovore na naj\u010de\u0161\u0107e postavljana pitanja u vezi onoga \u0161to odre\u0111uje pravilnu intimnu higijenu.","og_url":"https:\/\/multi-gyn.com\/rs\/zdravlje-vagine\/nega\/da-li-znate-sta-odredjuje-pravilnu-intimnu-higijenu\/","og_site_name":"Multi-Gyn","article_modified_time":"2022-12-12T09:40:41+00:00","twitter_card":"summary_large_image","twitter_misc":{"\u041f\u0440\u043e\u0446\u0435\u045a\u0435\u043d\u043e \u0432\u0440\u0435\u043c\u0435 \u0447\u0438\u0442\u0430\u045a\u0430":"4 \u043c\u0438\u043d\u0443\u0442\u0430"},"schema":{"@context":"https:\/\/schema.org","@graph":[{"@type":"WebPage","@id":"https:\/\/multi-gyn.com\/rs\/zdravlje-vagine\/nega\/da-li-znate-sta-odredjuje-pravilnu-intimnu-higijenu\/","url":"https:\/\/multi-gyn.com\/rs\/zdravlje-vagine\/nega\/da-li-znate-sta-odredjuje-pravilnu-intimnu-higijenu\/","name":"Da li znate \u0161ta odre\u0111uje pravilnu intimnu higijenu? - Multi-Gyn","isPartOf":{"@id":"https:\/\/multi-gyn.com\/rs\/#website"},"datePublished":"2022-12-09T15:12:53+00:00","dateModified":"2022-12-12T09:40:41+00:00","description":"\u010cesto se ka\u017ee da je lo\u0161a higijena zapravo gora nego da nema higijene uop\u0161te. Ovo nije preterano - lo\u0161e higijenske navike mogu biti uzrok neravnote\u017ee i infekcije Va\u0161e intimne regije. Pogledajte odgovore na naj\u010de\u0161\u0107e postavljana pitanja u vezi onoga \u0161to odre\u0111uje pravilnu intimnu higijenu.","breadcrumb":{"@id":"https:\/\/multi-gyn.com\/rs\/zdravlje-vagine\/nega\/da-li-znate-sta-odredjuje-pravilnu-intimnu-higijenu\/#breadcrumb"},"inLanguage":"sr-RS","potentialAction":[{"@type":"ReadAction","target":["https:\/\/multi-gyn.com\/rs\/zdravlje-vagine\/nega\/da-li-znate-sta-odredjuje-pravilnu-intimnu-higijenu\/"]}]},{"@type":"BreadcrumbList","@id":"https:\/\/multi-gyn.com\/rs\/zdravlje-vagine\/nega\/da-li-znate-sta-odredjuje-pravilnu-intimnu-higijenu\/#breadcrumb","itemListElement":[{"@type":"ListItem","position":1,"name":"Home","item":"https:\/\/multi-gyn.com\/rs\/"},{"@type":"ListItem","position":2,"name":"Zdravlje vagine","item":"https:\/\/multi-gyn.com\/rs\/zdravlje-vagine\/"},{"@type":"ListItem","position":3,"name":"Nega","item":"https:\/\/multi-gyn.com\/rs\/zdravlje-vagine\/nega\/"},{"@type":"ListItem","position":4,"name":"Da li znate \u0161ta odre\u0111uje pravilnu intimnu higijenu?"}]},{"@type":"WebSite","@id":"https:\/\/multi-gyn.com\/rs\/#website","url":"https:\/\/multi-gyn.com\/rs\/","name":"Multi-Gyn","description":"","publisher":{"@id":"https:\/\/multi-gyn.com\/rs\/#organization"},"potentialAction":[{"@type":"SearchAction","target":{"@type":"EntryPoint","urlTemplate":"https:\/\/multi-gyn.com\/rs\/?s={search_term_string}"},"query-input":{"@type":"PropertyValueSpecification","valueRequired":true,"valueName":"search_term_string"}}],"inLanguage":"sr-RS"},{"@type":"Organization","@id":"https:\/\/multi-gyn.com\/rs\/#organization","name":"Multi-Gyn","url":"https:\/\/multi-gyn.com\/rs\/","logo":{"@type":"ImageObject","inLanguage":"sr-RS","@id":"https:\/\/multi-gyn.com\/rs\/#\/schema\/logo\/image\/","url":"https:\/\/multi-gyn.com\/app\/uploads\/sites\/35\/2022\/11\/multi-gyn-logo.png","contentUrl":"https:\/\/multi-gyn.com\/app\/uploads\/sites\/35\/2022\/11\/multi-gyn-logo.png","width":149,"height":32,"caption":"Multi-Gyn"},"image":{"@id":"https:\/\/multi-gyn.com\/rs\/#\/schema\/logo\/image\/"}}]}},"_links":{"self":[{"href":"https:\/\/multi-gyn.com\/rs\/wp-json\/wp\/v2\/pages\/317","targetHints":{"allow":["GET"]}}],"collection":[{"href":"https:\/\/multi-gyn.com\/rs\/wp-json\/wp\/v2\/pages"}],"about":[{"href":"https:\/\/multi-gyn.com\/rs\/wp-json\/wp\/v2\/types\/page"}],"author":[{"embeddable":true,"href":"https:\/\/multi-gyn.com\/rs\/wp-json\/wp\/v2\/users\/6"}],"replies":[{"embeddable":true,"href":"https:\/\/multi-gyn.com\/rs\/wp-json\/wp\/v2\/comments?post=317"}],"version-history":[{"count":1,"href":"https:\/\/multi-gyn.com\/rs\/wp-json\/wp\/v2\/pages\/317\/revisions"}],"predecessor-version":[{"id":324,"href":"https:\/\/multi-gyn.com\/rs\/wp-json\/wp\/v2\/pages\/317\/revisions\/324"}],"up":[{"embeddable":true,"href":"https:\/\/multi-gyn.com\/rs\/wp-json\/wp\/v2\/pages\/645"}],"wp:attachment":[{"href":"https:\/\/multi-gyn.com\/rs\/wp-json\/wp\/v2\/media?parent=317"}],"wp:term":[{"taxonomy":"from-article-database","embeddable":true,"href":"https:\/\/multi-gyn.com\/rs\/wp-json\/wp\/v2\/from-article-database?post=317"}],"curies":[{"name":"wp","href":"https:\/\/api.w.org\/{rel}","templated":true}]}}