{"id":326,"date":"2022-12-09T16:15:30","date_gmt":"2022-12-09T15:15:30","guid":{"rendered":"https:\/\/multi-gyn.com\/rs\/?page_id=326"},"modified":"2022-12-12T10:40:55","modified_gmt":"2022-12-12T09:40:55","slug":"intimna-higijena-manje-je-vise","status":"publish","type":"page","link":"https:\/\/multi-gyn.com\/rs\/zdravlje-vagine\/nega\/intimna-higijena-manje-je-vise\/","title":{"rendered":"Intimna higijena \u2013 manje je vi\u0161e"},"content":{"rendered":"\n<div class=\"wp-block-karopharma-free-text pt-large pb-large bg-center bg-cover bg-no-repeat  is-style-primary\" style=\"background-image:url()\"><div class=\"free-text-wrapper container max-w-medium text-left\">\n<h1 class=\"wp-block-heading\"><strong><strong>Intimna higijena \u2013 manje je vi\u0161e<\/strong><\/strong><\/h1>\n\n\n\n<p class=\"is-style-paragraph-preamble\">Mo\u017eda ste \u010duli da lo\u0161a intimna higijena mo\u017ee izazvati vi\u0161e \u0161tete nego da se higijena uop\u0161te ne vr\u0161i. To mo\u017ee zvu\u010dati kao preterivanje, ali je to apsolutno ta\u010dno. Lo\u0161e higijenske navike mogu na \u0161tete Va\u0161em vaginalnom zdravlju, tako da treba da se uverite da razumete i pratite neke od osnovnih principa koji odre\u0111uju pravilnu intimnu higijenu.<\/p>\n<\/div><\/div>\n\n\n\n<div class=\"wp-block-karopharma-free-text pt-large pb-large bg-center bg-cover bg-no-repeat\" style=\"background-image:url()\"><div class=\"free-text-wrapper container max-w-medium text-left\">\n<p>Nije retka pojava da \u017eene prouzrokuju \u0161tetu svom intimnom zdravlju jednostavno misle\u0107i da se pravilna intimna higijena zasniva na pravilu \u201c\u0161to vi\u0161e, to bolje\u201d. Pogledajte za\u0161to je manje vi\u0161e kada je u pitanju briga o Va\u0161i intimnim delovima.<\/p>\n\n\n\n<h3 class=\"is-style-heading-h2 wp-block-heading\"><strong>Za\u0161titni mehanizmi na\u0161eg tela<\/strong><\/h3>\n\n\n\n<p>Ljudsko telo je napravljeno da bude u ravnote\u017ei. Na\u0161e celo telo je povezano, stvaraju\u0107i veoma slo\u017een mehanizam zasnovan na preciznim i osetljivim principima odr\u017eavanja ravnote\u017ee kako bi efikasno funkcionisalo i ostalo zdravo. To je razlog za\u0161to je vagina doma\u0107in milionima bakterija, koje \u017eive mirno u savr\u0161enoj ravnote\u017ei, ne dovode\u0107i do problema.<\/p>\n\n\n\n<p>To je tako sve dok odnos dobrih i lo\u0161ih bakterija nije ugro\u017een. Kada se smanjuje broj dobrih bakterija, lo\u0161e bakterije po\u010dinju obilno da rastu. Prekomeran rast lo\u0161ih bakterija dovodi do infekcija kao \u0161to je bakterijska vaginoza koja se manifestuje neprijantim simptomima, odnosno sekretom, mirisom poput ribe, peckanjem, svrabom i iritacijom. Da bi se zaustavila infekcija, treba da preokrenemo proces &#8211; smanjiti broj lo\u0161ih i stimulisati rast dobrih bakterija.<\/p>\n\n\n\n<p class=\"has-text-align-center\"><em>&#8222;Va\u017eno je imati na umu da je ko\u017ea koja pokriva intimnu regiju tanka i veoma ostljiva. Svaka vrsta grubog postupanja, kao \u0161to su preterano pranje, trljanje, trenje ili jaki deterd\u017eenti mogu izazvati iritaciju i infekciju.&#8220;<\/em><\/p>\n\n\n\n<p>Kada je u pitanju za\u0161titna uloga ko\u017ee, va\u017eno je razumeti strukturu ko\u017ee i kako se mo\u017ee o\u0161tetiti. Povr\u0161ina na\u0161e ko\u017ee je prekrivena za\u0161titnom barijerom. Ova prepreka je glavna odbrambena kapija koja \u0161titi unutra\u0161njost na\u0161eg tela od iritacije i infekcije.<\/p>\n\n\n\n<p>Za\u0161titna barijera mo\u017ee lako da se o\u0161teti pomo\u0107u jakih deterd\u017eenata i obi\u010dnog sapuna. Ovi proizvodi skidaju povr\u0161inski sloj, ostavljaju\u0107i ko\u017eu neza\u0161ti\u0107enom i otvorenom. To je zato \u0161to kori\u0161\u0107enje neprikladnih proizvoda za pranje ili pre\u010desto pranje, mogu o\u0161tetiti za\u0161titni sloj ko\u017ee i izlo\u017eiti Vas riziku od infekcije.<\/p>\n\n\n\n<h3 class=\"is-style-heading-h2 wp-block-heading\"><strong>\u0160ta ta\u010dno zna\u010di \u201cmanje je vi\u0161e\u201d<\/strong><\/h3>\n\n\n\n<p>Va\u017eno je imati na umu da je ko\u017ea koja pokriva intimnu zonu tanka i veoma ostljiva. Svaka vrsta grubog postupanja, kao \u0161to su preterano pranje, trljanje, trenje ili jaki deterd\u017eenti mogu izazvati iritaciju i infekciju. Perite se jednom dnevno pomo\u0107u vode ili ne\u017enih, prirodnih proizvoda koji ne sadr\u017ee nikakve parfeme ili druge potencijalno iritiraju\u0107e supstance.<\/p>\n\n\n\n<p>Osu\u0161ite intimno podru\u010dje temeljno, mekim, \u010distim pe\u0161kirom &#8211; tapkajte ne\u017eno, ne trljajte. Ako ose\u0107ate potrebu da se operete \u010de\u0161\u0107e (posebno tokom menstrualnog krvarenja, nakon ve\u017ebanja ili kada se pekomerno znojite) mo\u017eete koristiti nemiri\u0161ljave intimne maramice ili se jednostavno oprati koriste\u0107i obi\u010dnu vodu.<\/p>\n<\/div><\/div>\n","protected":false},"excerpt":{"rendered":"","protected":false},"author":6,"featured_media":0,"parent":645,"menu_order":0,"comment_status":"closed","ping_status":"closed","template":"","meta":{"_acf_changed":false,"footnotes":""},"from-article-database":[],"class_list":["post-326","page","type-page","status-publish","hentry"],"acf":[],"yoast_head":"<!-- This site is optimized with the Yoast SEO plugin v26.6 - https:\/\/yoast.com\/wordpress\/plugins\/seo\/ -->\n<title>Intimna higijena \u2013 manje je vi\u0161e - Multi-Gyn<\/title>\n<meta name=\"description\" content=\"Mo\u017eda ste \u010duli da lo\u0161a intimna higijena mo\u017ee izazvati vi\u0161e \u0161tete nego da se higijena uop\u0161te ne vr\u0161i. To mo\u017ee zvu\u010dati kao preterivanje, ali je to apsolutno ta\u010dno. Lo\u0161e higijenske navike mogu na \u0161tete Va\u0161em vaginalnom zdravlju, tako da treba da se uverite da razumete i pratite neke od osnovnih principa koji odre\u0111uju pravilnu intimnu higijenu.\" \/>\n<meta name=\"robots\" content=\"index, follow, max-snippet:-1, max-image-preview:large, max-video-preview:-1\" \/>\n<link rel=\"canonical\" href=\"https:\/\/multi-gyn.com\/rs\/zdravlje-vagine\/nega\/intimna-higijena-manje-je-vise\/\" \/>\n<meta property=\"og:locale\" content=\"sr_RS\" \/>\n<meta property=\"og:type\" content=\"article\" \/>\n<meta property=\"og:title\" content=\"Intimna higijena \u2013 manje je vi\u0161e - Multi-Gyn\" \/>\n<meta property=\"og:description\" content=\"Mo\u017eda ste \u010duli da lo\u0161a intimna higijena mo\u017ee izazvati vi\u0161e \u0161tete nego da se higijena uop\u0161te ne vr\u0161i. To mo\u017ee zvu\u010dati kao preterivanje, ali je to apsolutno ta\u010dno. Lo\u0161e higijenske navike mogu na \u0161tete Va\u0161em vaginalnom zdravlju, tako da treba da se uverite da razumete i pratite neke od osnovnih principa koji odre\u0111uju pravilnu intimnu higijenu.\" \/>\n<meta property=\"og:url\" content=\"https:\/\/multi-gyn.com\/rs\/zdravlje-vagine\/nega\/intimna-higijena-manje-je-vise\/\" \/>\n<meta property=\"og:site_name\" content=\"Multi-Gyn\" \/>\n<meta property=\"article:modified_time\" content=\"2022-12-12T09:40:55+00:00\" \/>\n<meta name=\"twitter:card\" content=\"summary_large_image\" \/>\n<meta name=\"twitter:label1\" content=\"\u041f\u0440\u043e\u0446\u0435\u045a\u0435\u043d\u043e \u0432\u0440\u0435\u043c\u0435 \u0447\u0438\u0442\u0430\u045a\u0430\" \/>\n\t<meta name=\"twitter:data1\" content=\"3 \u043c\u0438\u043d\u0443\u0442\u0430\" \/>\n<script type=\"application\/ld+json\" class=\"yoast-schema-graph\">{\"@context\":\"https:\/\/schema.org\",\"@graph\":[{\"@type\":\"WebPage\",\"@id\":\"https:\/\/multi-gyn.com\/rs\/zdravlje-vagine\/nega\/intimna-higijena-manje-je-vise\/\",\"url\":\"https:\/\/multi-gyn.com\/rs\/zdravlje-vagine\/nega\/intimna-higijena-manje-je-vise\/\",\"name\":\"Intimna higijena \u2013 manje je vi\u0161e - Multi-Gyn\",\"isPartOf\":{\"@id\":\"https:\/\/multi-gyn.com\/rs\/#website\"},\"datePublished\":\"2022-12-09T15:15:30+00:00\",\"dateModified\":\"2022-12-12T09:40:55+00:00\",\"description\":\"Mo\u017eda ste \u010duli da lo\u0161a intimna higijena mo\u017ee izazvati vi\u0161e \u0161tete nego da se higijena uop\u0161te ne vr\u0161i. To mo\u017ee zvu\u010dati kao preterivanje, ali je to apsolutno ta\u010dno. Lo\u0161e higijenske navike mogu na \u0161tete Va\u0161em vaginalnom zdravlju, tako da treba da se uverite da razumete i pratite neke od osnovnih principa koji odre\u0111uju pravilnu intimnu higijenu.\",\"breadcrumb\":{\"@id\":\"https:\/\/multi-gyn.com\/rs\/zdravlje-vagine\/nega\/intimna-higijena-manje-je-vise\/#breadcrumb\"},\"inLanguage\":\"sr-RS\",\"potentialAction\":[{\"@type\":\"ReadAction\",\"target\":[\"https:\/\/multi-gyn.com\/rs\/zdravlje-vagine\/nega\/intimna-higijena-manje-je-vise\/\"]}]},{\"@type\":\"BreadcrumbList\",\"@id\":\"https:\/\/multi-gyn.com\/rs\/zdravlje-vagine\/nega\/intimna-higijena-manje-je-vise\/#breadcrumb\",\"itemListElement\":[{\"@type\":\"ListItem\",\"position\":1,\"name\":\"Home\",\"item\":\"https:\/\/multi-gyn.com\/rs\/\"},{\"@type\":\"ListItem\",\"position\":2,\"name\":\"Zdravlje vagine\",\"item\":\"https:\/\/multi-gyn.com\/rs\/zdravlje-vagine\/\"},{\"@type\":\"ListItem\",\"position\":3,\"name\":\"Nega\",\"item\":\"https:\/\/multi-gyn.com\/rs\/zdravlje-vagine\/nega\/\"},{\"@type\":\"ListItem\",\"position\":4,\"name\":\"Intimna higijena \u2013 manje je vi\u0161e\"}]},{\"@type\":\"WebSite\",\"@id\":\"https:\/\/multi-gyn.com\/rs\/#website\",\"url\":\"https:\/\/multi-gyn.com\/rs\/\",\"name\":\"Multi-Gyn\",\"description\":\"\",\"publisher\":{\"@id\":\"https:\/\/multi-gyn.com\/rs\/#organization\"},\"potentialAction\":[{\"@type\":\"SearchAction\",\"target\":{\"@type\":\"EntryPoint\",\"urlTemplate\":\"https:\/\/multi-gyn.com\/rs\/?s={search_term_string}\"},\"query-input\":{\"@type\":\"PropertyValueSpecification\",\"valueRequired\":true,\"valueName\":\"search_term_string\"}}],\"inLanguage\":\"sr-RS\"},{\"@type\":\"Organization\",\"@id\":\"https:\/\/multi-gyn.com\/rs\/#organization\",\"name\":\"Multi-Gyn\",\"url\":\"https:\/\/multi-gyn.com\/rs\/\",\"logo\":{\"@type\":\"ImageObject\",\"inLanguage\":\"sr-RS\",\"@id\":\"https:\/\/multi-gyn.com\/rs\/#\/schema\/logo\/image\/\",\"url\":\"https:\/\/multi-gyn.com\/app\/uploads\/sites\/35\/2022\/11\/multi-gyn-logo.png\",\"contentUrl\":\"https:\/\/multi-gyn.com\/app\/uploads\/sites\/35\/2022\/11\/multi-gyn-logo.png\",\"width\":149,\"height\":32,\"caption\":\"Multi-Gyn\"},\"image\":{\"@id\":\"https:\/\/multi-gyn.com\/rs\/#\/schema\/logo\/image\/\"}}]}<\/script>\n<!-- \/ Yoast SEO plugin. -->","yoast_head_json":{"title":"Intimna higijena \u2013 manje je vi\u0161e - Multi-Gyn","description":"Mo\u017eda ste \u010duli da lo\u0161a intimna higijena mo\u017ee izazvati vi\u0161e \u0161tete nego da se higijena uop\u0161te ne vr\u0161i. To mo\u017ee zvu\u010dati kao preterivanje, ali je to apsolutno ta\u010dno. Lo\u0161e higijenske navike mogu na \u0161tete Va\u0161em vaginalnom zdravlju, tako da treba da se uverite da razumete i pratite neke od osnovnih principa koji odre\u0111uju pravilnu intimnu higijenu.","robots":{"index":"index","follow":"follow","max-snippet":"max-snippet:-1","max-image-preview":"max-image-preview:large","max-video-preview":"max-video-preview:-1"},"canonical":"https:\/\/multi-gyn.com\/rs\/zdravlje-vagine\/nega\/intimna-higijena-manje-je-vise\/","og_locale":"sr_RS","og_type":"article","og_title":"Intimna higijena \u2013 manje je vi\u0161e - Multi-Gyn","og_description":"Mo\u017eda ste \u010duli da lo\u0161a intimna higijena mo\u017ee izazvati vi\u0161e \u0161tete nego da se higijena uop\u0161te ne vr\u0161i. To mo\u017ee zvu\u010dati kao preterivanje, ali je to apsolutno ta\u010dno. Lo\u0161e higijenske navike mogu na \u0161tete Va\u0161em vaginalnom zdravlju, tako da treba da se uverite da razumete i pratite neke od osnovnih principa koji odre\u0111uju pravilnu intimnu higijenu.","og_url":"https:\/\/multi-gyn.com\/rs\/zdravlje-vagine\/nega\/intimna-higijena-manje-je-vise\/","og_site_name":"Multi-Gyn","article_modified_time":"2022-12-12T09:40:55+00:00","twitter_card":"summary_large_image","twitter_misc":{"\u041f\u0440\u043e\u0446\u0435\u045a\u0435\u043d\u043e \u0432\u0440\u0435\u043c\u0435 \u0447\u0438\u0442\u0430\u045a\u0430":"3 \u043c\u0438\u043d\u0443\u0442\u0430"},"schema":{"@context":"https:\/\/schema.org","@graph":[{"@type":"WebPage","@id":"https:\/\/multi-gyn.com\/rs\/zdravlje-vagine\/nega\/intimna-higijena-manje-je-vise\/","url":"https:\/\/multi-gyn.com\/rs\/zdravlje-vagine\/nega\/intimna-higijena-manje-je-vise\/","name":"Intimna higijena \u2013 manje je vi\u0161e - Multi-Gyn","isPartOf":{"@id":"https:\/\/multi-gyn.com\/rs\/#website"},"datePublished":"2022-12-09T15:15:30+00:00","dateModified":"2022-12-12T09:40:55+00:00","description":"Mo\u017eda ste \u010duli da lo\u0161a intimna higijena mo\u017ee izazvati vi\u0161e \u0161tete nego da se higijena uop\u0161te ne vr\u0161i. To mo\u017ee zvu\u010dati kao preterivanje, ali je to apsolutno ta\u010dno. Lo\u0161e higijenske navike mogu na \u0161tete Va\u0161em vaginalnom zdravlju, tako da treba da se uverite da razumete i pratite neke od osnovnih principa koji odre\u0111uju pravilnu intimnu higijenu.","breadcrumb":{"@id":"https:\/\/multi-gyn.com\/rs\/zdravlje-vagine\/nega\/intimna-higijena-manje-je-vise\/#breadcrumb"},"inLanguage":"sr-RS","potentialAction":[{"@type":"ReadAction","target":["https:\/\/multi-gyn.com\/rs\/zdravlje-vagine\/nega\/intimna-higijena-manje-je-vise\/"]}]},{"@type":"BreadcrumbList","@id":"https:\/\/multi-gyn.com\/rs\/zdravlje-vagine\/nega\/intimna-higijena-manje-je-vise\/#breadcrumb","itemListElement":[{"@type":"ListItem","position":1,"name":"Home","item":"https:\/\/multi-gyn.com\/rs\/"},{"@type":"ListItem","position":2,"name":"Zdravlje vagine","item":"https:\/\/multi-gyn.com\/rs\/zdravlje-vagine\/"},{"@type":"ListItem","position":3,"name":"Nega","item":"https:\/\/multi-gyn.com\/rs\/zdravlje-vagine\/nega\/"},{"@type":"ListItem","position":4,"name":"Intimna higijena \u2013 manje je vi\u0161e"}]},{"@type":"WebSite","@id":"https:\/\/multi-gyn.com\/rs\/#website","url":"https:\/\/multi-gyn.com\/rs\/","name":"Multi-Gyn","description":"","publisher":{"@id":"https:\/\/multi-gyn.com\/rs\/#organization"},"potentialAction":[{"@type":"SearchAction","target":{"@type":"EntryPoint","urlTemplate":"https:\/\/multi-gyn.com\/rs\/?s={search_term_string}"},"query-input":{"@type":"PropertyValueSpecification","valueRequired":true,"valueName":"search_term_string"}}],"inLanguage":"sr-RS"},{"@type":"Organization","@id":"https:\/\/multi-gyn.com\/rs\/#organization","name":"Multi-Gyn","url":"https:\/\/multi-gyn.com\/rs\/","logo":{"@type":"ImageObject","inLanguage":"sr-RS","@id":"https:\/\/multi-gyn.com\/rs\/#\/schema\/logo\/image\/","url":"https:\/\/multi-gyn.com\/app\/uploads\/sites\/35\/2022\/11\/multi-gyn-logo.png","contentUrl":"https:\/\/multi-gyn.com\/app\/uploads\/sites\/35\/2022\/11\/multi-gyn-logo.png","width":149,"height":32,"caption":"Multi-Gyn"},"image":{"@id":"https:\/\/multi-gyn.com\/rs\/#\/schema\/logo\/image\/"}}]}},"_links":{"self":[{"href":"https:\/\/multi-gyn.com\/rs\/wp-json\/wp\/v2\/pages\/326","targetHints":{"allow":["GET"]}}],"collection":[{"href":"https:\/\/multi-gyn.com\/rs\/wp-json\/wp\/v2\/pages"}],"about":[{"href":"https:\/\/multi-gyn.com\/rs\/wp-json\/wp\/v2\/types\/page"}],"author":[{"embeddable":true,"href":"https:\/\/multi-gyn.com\/rs\/wp-json\/wp\/v2\/users\/6"}],"replies":[{"embeddable":true,"href":"https:\/\/multi-gyn.com\/rs\/wp-json\/wp\/v2\/comments?post=326"}],"version-history":[{"count":1,"href":"https:\/\/multi-gyn.com\/rs\/wp-json\/wp\/v2\/pages\/326\/revisions"}],"predecessor-version":[{"id":336,"href":"https:\/\/multi-gyn.com\/rs\/wp-json\/wp\/v2\/pages\/326\/revisions\/336"}],"up":[{"embeddable":true,"href":"https:\/\/multi-gyn.com\/rs\/wp-json\/wp\/v2\/pages\/645"}],"wp:attachment":[{"href":"https:\/\/multi-gyn.com\/rs\/wp-json\/wp\/v2\/media?parent=326"}],"wp:term":[{"taxonomy":"from-article-database","embeddable":true,"href":"https:\/\/multi-gyn.com\/rs\/wp-json\/wp\/v2\/from-article-database?post=326"}],"curies":[{"name":"wp","href":"https:\/\/api.w.org\/{rel}","templated":true}]}}