{"id":338,"date":"2022-12-09T16:17:21","date_gmt":"2022-12-09T15:17:21","guid":{"rendered":"https:\/\/multi-gyn.com\/rs\/?page_id=338"},"modified":"2022-12-12T10:41:13","modified_gmt":"2022-12-12T09:41:13","slug":"da-li-je-parenje-i-ispiranje-dobro-za-vasu-vaginu","status":"publish","type":"page","link":"https:\/\/multi-gyn.com\/rs\/zdravlje-vagine\/nega\/da-li-je-parenje-i-ispiranje-dobro-za-vasu-vaginu\/","title":{"rendered":"Da li je parenje I ispiranje dobro za va\u0161u vaginu?"},"content":{"rendered":"\n<div class=\"wp-block-karopharma-free-text pt-large pb-large bg-center bg-cover bg-no-repeat  is-style-primary\" style=\"background-image:url()\"><div class=\"free-text-wrapper container max-w-medium text-left\">\n<h1 class=\"wp-block-heading\"><strong><strong><strong>Da li je parenje I ispiranje dobro za va\u0161u vaginu?<\/strong><\/strong><\/strong><\/h1>\n\n\n\n<p class=\"is-style-paragraph-preamble\"><strong>Vaginalno parenje<\/strong>, poznato I kao Yoni\u00a0<strong>parenje<\/strong>, je drevni obi\u010daj gde \u017eena \u010du\u010dne ili sedne preko kipu\u0107e vode koja sadr\u017ei razne biljke poput ruzmarina, mugvorta, bosiljka I pelvina.\u00a0<strong>Parenje<\/strong>\u00a0je ritual koji \u010disti I pru\u017ea energiju, I poma\u017ee dobrom balansu \u017eenskih hormona. Doktori imaju pome\u0161ana ose\u0107anja kad je u pitanju efikasnost ru\u010dnog \u010di\u0161\u0107enja vagine ispiranjem ili kori\u0161\u0107enje drugih tehnika, kao \u0161to je parenje. To je zato \u0161to je vagina veoma sposobna da \u010disti samu sebe, I svaki agresivni na\u010din \u010di\u0161\u0107enja mo\u017ee naneti vi\u0161e \u0161tete nego koristi. Me\u0111u \u017eenama jako popularan sajt glumice Gvinet Paltrou je dao pozitivne kritike u vezi sa koristima parenja, ali mi nismo ube\u0111eni, evo I za\u0161to:<\/p>\n<\/div><\/div>\n\n\n\n<div class=\"wp-block-karopharma-free-text pt-large pb-large bg-center bg-cover bg-no-repeat\" style=\"background-image:url()\"><div class=\"free-text-wrapper container max-w-medium text-left\">\n<h3 class=\"is-style-heading-h2 wp-block-heading\"><strong>Da li je vaginalno parenje vredno rizika?<\/strong><\/h3>\n\n\n\n<p>Mi ne mislimo tako.<\/p>\n\n\n\n<p>Para je veoma vrela, \u010desto toplija od temperature klju\u010danja!Rizik od opekotina po va\u0161u vulvu I vaginalno tkivo je veoma visok. To bi bilo izuzetno bolno I neprijatno, I moglo bi voditi drugim problemima, kao \u0161to je infekcija koja mo\u017ee nastati na mestu opekotine.Osim potencijalne \u0161tete po vulvu, ostatak perineuma, uklju\u010duju\u0107i&nbsp;<a href=\"https:\/\/www.multi-gyn.rs\/opsti\/anatomija-vagine\/\">anus I uretru<\/a>&nbsp;mogu biti o\u0161te\u0107eni parom. Ovo bi bilo jako bolno, I moglo bi voditi jos ve\u0107im komplikacijama.<\/p>\n\n\n\n<p>\u010ci\u0161\u0107enje vagine parom mo\u017ee biti isu\u0161uju\u0107e, a ovo uzurpira prirodan balans vaginalnih bakterija.&nbsp;<a href=\"https:\/\/www.multi-gyn.rs\/tegobe\/suvoca-vagine-uzroci-i-lecenje\/\">Vaginalna suvo\u0107a<\/a>&nbsp;je neprijatna, a disbalans vaginaolne flore mo\u017ee voditi mikropskim problemima, kao \u0161to su otok, svrab I iritacija, bakterijski vaginozis ili gljivi\u010dne infekcije<\/p>\n\n\n\n<p>Tvrdnje o balansiranju hormona ne deluju verodostojno. Hormoni se ne proizvode u vagini ili materici I nije verovatno da bi para stigla do jajnika I uticala na hormone koji se tamo proizvode<\/p>\n\n\n\n<p>Efikasnost pare kao \u201c\u010dista\u010da materice\u201d je tako\u0111e pod znakom pitanja. Para koja ulazi u vaginu te\u0161ko da mo\u017ee da stigne do materice, a I flora materice bi svakako trebalo da ostane netaknuta, a ne o\u010di\u0161\u0107ena.<\/p>\n\n\n\n<h3 class=\"is-style-heading-h2 wp-block-heading\"><strong>Da li je ispiranje bolja opcija?<\/strong><\/h3>\n\n\n\n<p>\u017dene koje koriste ru\u010dni tu\u0161 za pranje vulve, mogu je time ispirati bez obzira da li su toga svesne ili ne.Ispiranje nije neophodno, jer je vagina jako dobra u odr\u017eavanju sopstvene higijene. Uprkos tome postoje situacije u kojima bi bilo korisno koristiti posebno dizajnirane vaginalne irigatore.<\/p>\n\n\n\n<p>Ne preporu\u010dujemo svakodnevno kori\u0161\u0107enje vaginalnog irigatora. Preporu\u010dljivo je ne\u017eno ispirati vaginu nakon ciklusa ili seksualnog odnosa. Nema potrebe za \u010de\u0161\u0107im ispiranjem od toga<\/p>\n\n\n\n<p>Postarajte se da izaberete prirodnu, blagu te\u010dnost za\u00a0ispiranje, I ergonomski dizajn, kao kod Multi-Gyn vaginalnog irigatora. Uvek budite pa\u017eljivi kada stavljate ne\u0161to u svoju vaginu, budite opu\u0161teni, I smestite se udobno pre nego \u0161to zapo\u010dnete.<\/p>\n<\/div><\/div>\n","protected":false},"excerpt":{"rendered":"","protected":false},"author":6,"featured_media":0,"parent":645,"menu_order":0,"comment_status":"closed","ping_status":"closed","template":"","meta":{"_acf_changed":false,"footnotes":""},"from-article-database":[],"class_list":["post-338","page","type-page","status-publish","hentry"],"acf":[],"yoast_head":"<!-- This site is optimized with the Yoast SEO plugin v26.6 - https:\/\/yoast.com\/wordpress\/plugins\/seo\/ -->\n<title>Da li je parenje I ispiranje dobro za va\u0161u vaginu? - Multi-Gyn<\/title>\n<meta name=\"description\" content=\"Vaginalno parenje, poznato I kao Yoni\u00a0parenje, je drevni obi\u010daj gde \u017eena \u010du\u010dne ili sedne preko kipu\u0107e vode koja sadr\u017ei razne biljke poput ruzmarina, mugvorta, bosiljka I pelvina.\u00a0Parenje\u00a0je ritual koji \u010disti I pru\u017ea energiju, I poma\u017ee dobrom balansu \u017eenskih hormona.\" \/>\n<meta name=\"robots\" content=\"index, follow, max-snippet:-1, max-image-preview:large, max-video-preview:-1\" \/>\n<link rel=\"canonical\" href=\"https:\/\/multi-gyn.com\/rs\/zdravlje-vagine\/nega\/da-li-je-parenje-i-ispiranje-dobro-za-vasu-vaginu\/\" \/>\n<meta property=\"og:locale\" content=\"sr_RS\" \/>\n<meta property=\"og:type\" content=\"article\" \/>\n<meta property=\"og:title\" content=\"Da li je parenje I ispiranje dobro za va\u0161u vaginu? - Multi-Gyn\" \/>\n<meta property=\"og:description\" content=\"Vaginalno parenje, poznato I kao Yoni\u00a0parenje, je drevni obi\u010daj gde \u017eena \u010du\u010dne ili sedne preko kipu\u0107e vode koja sadr\u017ei razne biljke poput ruzmarina, mugvorta, bosiljka I pelvina.\u00a0Parenje\u00a0je ritual koji \u010disti I pru\u017ea energiju, I poma\u017ee dobrom balansu \u017eenskih hormona.\" \/>\n<meta property=\"og:url\" content=\"https:\/\/multi-gyn.com\/rs\/zdravlje-vagine\/nega\/da-li-je-parenje-i-ispiranje-dobro-za-vasu-vaginu\/\" \/>\n<meta property=\"og:site_name\" content=\"Multi-Gyn\" \/>\n<meta property=\"article:modified_time\" content=\"2022-12-12T09:41:13+00:00\" \/>\n<meta name=\"twitter:card\" content=\"summary_large_image\" \/>\n<meta name=\"twitter:label1\" content=\"\u041f\u0440\u043e\u0446\u0435\u045a\u0435\u043d\u043e \u0432\u0440\u0435\u043c\u0435 \u0447\u0438\u0442\u0430\u045a\u0430\" \/>\n\t<meta name=\"twitter:data1\" content=\"3 \u043c\u0438\u043d\u0443\u0442\u0430\" \/>\n<script type=\"application\/ld+json\" class=\"yoast-schema-graph\">{\"@context\":\"https:\/\/schema.org\",\"@graph\":[{\"@type\":\"WebPage\",\"@id\":\"https:\/\/multi-gyn.com\/rs\/zdravlje-vagine\/nega\/da-li-je-parenje-i-ispiranje-dobro-za-vasu-vaginu\/\",\"url\":\"https:\/\/multi-gyn.com\/rs\/zdravlje-vagine\/nega\/da-li-je-parenje-i-ispiranje-dobro-za-vasu-vaginu\/\",\"name\":\"Da li je parenje I ispiranje dobro za va\u0161u vaginu? - Multi-Gyn\",\"isPartOf\":{\"@id\":\"https:\/\/multi-gyn.com\/rs\/#website\"},\"datePublished\":\"2022-12-09T15:17:21+00:00\",\"dateModified\":\"2022-12-12T09:41:13+00:00\",\"description\":\"Vaginalno parenje, poznato I kao Yoni\u00a0parenje, je drevni obi\u010daj gde \u017eena \u010du\u010dne ili sedne preko kipu\u0107e vode koja sadr\u017ei razne biljke poput ruzmarina, mugvorta, bosiljka I pelvina.\u00a0Parenje\u00a0je ritual koji \u010disti I pru\u017ea energiju, I poma\u017ee dobrom balansu \u017eenskih hormona.\",\"breadcrumb\":{\"@id\":\"https:\/\/multi-gyn.com\/rs\/zdravlje-vagine\/nega\/da-li-je-parenje-i-ispiranje-dobro-za-vasu-vaginu\/#breadcrumb\"},\"inLanguage\":\"sr-RS\",\"potentialAction\":[{\"@type\":\"ReadAction\",\"target\":[\"https:\/\/multi-gyn.com\/rs\/zdravlje-vagine\/nega\/da-li-je-parenje-i-ispiranje-dobro-za-vasu-vaginu\/\"]}]},{\"@type\":\"BreadcrumbList\",\"@id\":\"https:\/\/multi-gyn.com\/rs\/zdravlje-vagine\/nega\/da-li-je-parenje-i-ispiranje-dobro-za-vasu-vaginu\/#breadcrumb\",\"itemListElement\":[{\"@type\":\"ListItem\",\"position\":1,\"name\":\"Home\",\"item\":\"https:\/\/multi-gyn.com\/rs\/\"},{\"@type\":\"ListItem\",\"position\":2,\"name\":\"Zdravlje vagine\",\"item\":\"https:\/\/multi-gyn.com\/rs\/zdravlje-vagine\/\"},{\"@type\":\"ListItem\",\"position\":3,\"name\":\"Nega\",\"item\":\"https:\/\/multi-gyn.com\/rs\/zdravlje-vagine\/nega\/\"},{\"@type\":\"ListItem\",\"position\":4,\"name\":\"Da li je parenje I ispiranje dobro za va\u0161u vaginu?\"}]},{\"@type\":\"WebSite\",\"@id\":\"https:\/\/multi-gyn.com\/rs\/#website\",\"url\":\"https:\/\/multi-gyn.com\/rs\/\",\"name\":\"Multi-Gyn\",\"description\":\"\",\"publisher\":{\"@id\":\"https:\/\/multi-gyn.com\/rs\/#organization\"},\"potentialAction\":[{\"@type\":\"SearchAction\",\"target\":{\"@type\":\"EntryPoint\",\"urlTemplate\":\"https:\/\/multi-gyn.com\/rs\/?s={search_term_string}\"},\"query-input\":{\"@type\":\"PropertyValueSpecification\",\"valueRequired\":true,\"valueName\":\"search_term_string\"}}],\"inLanguage\":\"sr-RS\"},{\"@type\":\"Organization\",\"@id\":\"https:\/\/multi-gyn.com\/rs\/#organization\",\"name\":\"Multi-Gyn\",\"url\":\"https:\/\/multi-gyn.com\/rs\/\",\"logo\":{\"@type\":\"ImageObject\",\"inLanguage\":\"sr-RS\",\"@id\":\"https:\/\/multi-gyn.com\/rs\/#\/schema\/logo\/image\/\",\"url\":\"https:\/\/multi-gyn.com\/app\/uploads\/sites\/35\/2022\/11\/multi-gyn-logo.png\",\"contentUrl\":\"https:\/\/multi-gyn.com\/app\/uploads\/sites\/35\/2022\/11\/multi-gyn-logo.png\",\"width\":149,\"height\":32,\"caption\":\"Multi-Gyn\"},\"image\":{\"@id\":\"https:\/\/multi-gyn.com\/rs\/#\/schema\/logo\/image\/\"}}]}<\/script>\n<!-- \/ Yoast SEO plugin. -->","yoast_head_json":{"title":"Da li je parenje I ispiranje dobro za va\u0161u vaginu? - Multi-Gyn","description":"Vaginalno parenje, poznato I kao Yoni\u00a0parenje, je drevni obi\u010daj gde \u017eena \u010du\u010dne ili sedne preko kipu\u0107e vode koja sadr\u017ei razne biljke poput ruzmarina, mugvorta, bosiljka I pelvina.\u00a0Parenje\u00a0je ritual koji \u010disti I pru\u017ea energiju, I poma\u017ee dobrom balansu \u017eenskih hormona.","robots":{"index":"index","follow":"follow","max-snippet":"max-snippet:-1","max-image-preview":"max-image-preview:large","max-video-preview":"max-video-preview:-1"},"canonical":"https:\/\/multi-gyn.com\/rs\/zdravlje-vagine\/nega\/da-li-je-parenje-i-ispiranje-dobro-za-vasu-vaginu\/","og_locale":"sr_RS","og_type":"article","og_title":"Da li je parenje I ispiranje dobro za va\u0161u vaginu? - Multi-Gyn","og_description":"Vaginalno parenje, poznato I kao Yoni\u00a0parenje, je drevni obi\u010daj gde \u017eena \u010du\u010dne ili sedne preko kipu\u0107e vode koja sadr\u017ei razne biljke poput ruzmarina, mugvorta, bosiljka I pelvina.\u00a0Parenje\u00a0je ritual koji \u010disti I pru\u017ea energiju, I poma\u017ee dobrom balansu \u017eenskih hormona.","og_url":"https:\/\/multi-gyn.com\/rs\/zdravlje-vagine\/nega\/da-li-je-parenje-i-ispiranje-dobro-za-vasu-vaginu\/","og_site_name":"Multi-Gyn","article_modified_time":"2022-12-12T09:41:13+00:00","twitter_card":"summary_large_image","twitter_misc":{"\u041f\u0440\u043e\u0446\u0435\u045a\u0435\u043d\u043e \u0432\u0440\u0435\u043c\u0435 \u0447\u0438\u0442\u0430\u045a\u0430":"3 \u043c\u0438\u043d\u0443\u0442\u0430"},"schema":{"@context":"https:\/\/schema.org","@graph":[{"@type":"WebPage","@id":"https:\/\/multi-gyn.com\/rs\/zdravlje-vagine\/nega\/da-li-je-parenje-i-ispiranje-dobro-za-vasu-vaginu\/","url":"https:\/\/multi-gyn.com\/rs\/zdravlje-vagine\/nega\/da-li-je-parenje-i-ispiranje-dobro-za-vasu-vaginu\/","name":"Da li je parenje I ispiranje dobro za va\u0161u vaginu? - Multi-Gyn","isPartOf":{"@id":"https:\/\/multi-gyn.com\/rs\/#website"},"datePublished":"2022-12-09T15:17:21+00:00","dateModified":"2022-12-12T09:41:13+00:00","description":"Vaginalno parenje, poznato I kao Yoni\u00a0parenje, je drevni obi\u010daj gde \u017eena \u010du\u010dne ili sedne preko kipu\u0107e vode koja sadr\u017ei razne biljke poput ruzmarina, mugvorta, bosiljka I pelvina.\u00a0Parenje\u00a0je ritual koji \u010disti I pru\u017ea energiju, I poma\u017ee dobrom balansu \u017eenskih hormona.","breadcrumb":{"@id":"https:\/\/multi-gyn.com\/rs\/zdravlje-vagine\/nega\/da-li-je-parenje-i-ispiranje-dobro-za-vasu-vaginu\/#breadcrumb"},"inLanguage":"sr-RS","potentialAction":[{"@type":"ReadAction","target":["https:\/\/multi-gyn.com\/rs\/zdravlje-vagine\/nega\/da-li-je-parenje-i-ispiranje-dobro-za-vasu-vaginu\/"]}]},{"@type":"BreadcrumbList","@id":"https:\/\/multi-gyn.com\/rs\/zdravlje-vagine\/nega\/da-li-je-parenje-i-ispiranje-dobro-za-vasu-vaginu\/#breadcrumb","itemListElement":[{"@type":"ListItem","position":1,"name":"Home","item":"https:\/\/multi-gyn.com\/rs\/"},{"@type":"ListItem","position":2,"name":"Zdravlje vagine","item":"https:\/\/multi-gyn.com\/rs\/zdravlje-vagine\/"},{"@type":"ListItem","position":3,"name":"Nega","item":"https:\/\/multi-gyn.com\/rs\/zdravlje-vagine\/nega\/"},{"@type":"ListItem","position":4,"name":"Da li je parenje I ispiranje dobro za va\u0161u vaginu?"}]},{"@type":"WebSite","@id":"https:\/\/multi-gyn.com\/rs\/#website","url":"https:\/\/multi-gyn.com\/rs\/","name":"Multi-Gyn","description":"","publisher":{"@id":"https:\/\/multi-gyn.com\/rs\/#organization"},"potentialAction":[{"@type":"SearchAction","target":{"@type":"EntryPoint","urlTemplate":"https:\/\/multi-gyn.com\/rs\/?s={search_term_string}"},"query-input":{"@type":"PropertyValueSpecification","valueRequired":true,"valueName":"search_term_string"}}],"inLanguage":"sr-RS"},{"@type":"Organization","@id":"https:\/\/multi-gyn.com\/rs\/#organization","name":"Multi-Gyn","url":"https:\/\/multi-gyn.com\/rs\/","logo":{"@type":"ImageObject","inLanguage":"sr-RS","@id":"https:\/\/multi-gyn.com\/rs\/#\/schema\/logo\/image\/","url":"https:\/\/multi-gyn.com\/app\/uploads\/sites\/35\/2022\/11\/multi-gyn-logo.png","contentUrl":"https:\/\/multi-gyn.com\/app\/uploads\/sites\/35\/2022\/11\/multi-gyn-logo.png","width":149,"height":32,"caption":"Multi-Gyn"},"image":{"@id":"https:\/\/multi-gyn.com\/rs\/#\/schema\/logo\/image\/"}}]}},"_links":{"self":[{"href":"https:\/\/multi-gyn.com\/rs\/wp-json\/wp\/v2\/pages\/338","targetHints":{"allow":["GET"]}}],"collection":[{"href":"https:\/\/multi-gyn.com\/rs\/wp-json\/wp\/v2\/pages"}],"about":[{"href":"https:\/\/multi-gyn.com\/rs\/wp-json\/wp\/v2\/types\/page"}],"author":[{"embeddable":true,"href":"https:\/\/multi-gyn.com\/rs\/wp-json\/wp\/v2\/users\/6"}],"replies":[{"embeddable":true,"href":"https:\/\/multi-gyn.com\/rs\/wp-json\/wp\/v2\/comments?post=338"}],"version-history":[{"count":1,"href":"https:\/\/multi-gyn.com\/rs\/wp-json\/wp\/v2\/pages\/338\/revisions"}],"predecessor-version":[{"id":348,"href":"https:\/\/multi-gyn.com\/rs\/wp-json\/wp\/v2\/pages\/338\/revisions\/348"}],"up":[{"embeddable":true,"href":"https:\/\/multi-gyn.com\/rs\/wp-json\/wp\/v2\/pages\/645"}],"wp:attachment":[{"href":"https:\/\/multi-gyn.com\/rs\/wp-json\/wp\/v2\/media?parent=338"}],"wp:term":[{"taxonomy":"from-article-database","embeddable":true,"href":"https:\/\/multi-gyn.com\/rs\/wp-json\/wp\/v2\/from-article-database?post=338"}],"curies":[{"name":"wp","href":"https:\/\/api.w.org\/{rel}","templated":true}]}}