{"id":350,"date":"2022-12-09T16:19:57","date_gmt":"2022-12-09T15:19:57","guid":{"rendered":"https:\/\/multi-gyn.com\/rs\/?page_id=350"},"modified":"2022-12-12T10:41:25","modified_gmt":"2022-12-12T09:41:25","slug":"da-li-hrana-koju-jedem-utice-na-zdravlje-moje-vagine","status":"publish","type":"page","link":"https:\/\/multi-gyn.com\/rs\/zdravlje-vagine\/nega\/da-li-hrana-koju-jedem-utice-na-zdravlje-moje-vagine\/","title":{"rendered":"Da li hrana koju jedem uti\u010de na zdravlje moje vagine"},"content":{"rendered":"\n<div class=\"wp-block-karopharma-free-text pt-large pb-large bg-center bg-cover bg-no-repeat  is-style-primary\" style=\"background-image:url()\"><div class=\"free-text-wrapper container max-w-medium text-left\">\n<h1 class=\"wp-block-heading\"><strong><strong><strong>Da li hrana koju jedem uti\u010de na zdravlje moje vagine<\/strong><\/strong><\/strong><\/h1>\n\n\n\n<p class=\"is-style-paragraph-preamble\">Balansirana ishrana je va\u017ena za svaki aspect va\u0161eg zdravlja. Va\u0161em telu su potrebni odre\u0111eni nitritijenti da bi funkcionisalo optimalno. Lo\u0161a ishrana mo\u017ee uticati na\u00a0zdravlje vagine, I mo\u017ee u\u010diniti da budete podlo\u017eniji uobi\u010dajenim problemima povezanim sa slabim imunim sistemom. Ono \u0161to jedete I pijete tako\u0111e mo\u017ee uticati na\u00a0pH vrednost va\u0161e vagine\u00a0I mo\u017ee doprineti nivou vla\u017enosti, odnosno suvo\u0107e. Ukoliko ste dijabeti\u010dar ili imate neke zdravstvene probleme koji su podlo\u017eni uticaju onoga \u0161to jedete, kao \u0161to je gojaznost ili alergije na odre\u0111ene tipove hrane, bitno je proveriti \u0161ta bi trebalo da uklju\u010dite ili uklonite iz svoje ishrane sa va\u0161im lekarom.<\/p>\n<\/div><\/div>\n\n\n\n<div class=\"wp-block-karopharma-free-text pt-large pb-large bg-center bg-cover bg-no-repeat\" style=\"background-image:url()\"><div class=\"free-text-wrapper container max-w-medium text-left\">\n<h2 class=\"is-style-heading-h2 wp-block-heading\"><strong>Koje namirnice su dobre za zdravlje moje vagine?<\/strong><\/h2>\n\n\n\n<p>Za va\u0161e op\u0161te zdravlje, uklju\u010duju\u0107i I efikasno funkcionisanje va\u0161e vagine, najbolja je raznovrsna I balansirana ishrana. Kao osnovno pravilo, treba pratiti smernice koje preporu\u010duju ishranu bogatu vlaknima, proteinima I esencijalnim nitritijentima, kao \u0161to su vitamini, minerali, I masne kiseline. Trebalo bi izbegavati, ili veoma ograni\u010diti, procesuirane, I masne, \u0161e\u0107erne ugljene hidrate u va\u0161oj dnevnoj ishrani. Nutricionisti \u010desto preporu\u010duju da jedete hranu \u201cu duginim bojama\u201d, \u0161to zna\u010di, da bi trebalo uklju\u010diti hranu razli\u010ditih boja, npr. Od crvenih papri\u010dica do plavih borovnica.Ovo je zbog toga \u0161to prirodna boja odre\u0111ene hrane \u201codaje\u201d nivo odre\u0111enih nutritijenata, tako da konzumacija \u0161arenolike hrane pru\u017ea dobar varijetet esencijalnih vitamina I mineral, I odr\u017eava va\u0161u ishranu interesantnom I balansiranom.Povr\u0107e, uklju\u010duju\u0107i I mahunarke, kao \u0161to su so\u010divo I pasulj, \u017eitarice kao kinin I ovas, ora\u0161asti plodovi I semenke su dobri biljni izvori vlakana, protein I esencijalnih nutritijenata.<\/p>\n\n\n\n<h2 class=\"is-style-heading-h2 wp-block-heading\"><strong>Napomena o \u0161e\u0107eru<\/strong><\/h2>\n\n\n\n<p>Konzumiranjem sve\u017eeg vo\u0107a obezbe\u0111ujete unos vitamina I mineral, a najbolji je na\u010din snabdevanja \u0161e\u0107erom. Prera\u0111eno ili konzervisano vo\u0107e kao I vo\u0107ni sokovi, samo stvaraju skok nivoa \u0161e\u0107era u organizmu, jer se \u0161e\u0107er brzo apsorbuje u krvotok. Kada jedete vo\u0107e, sa korom (kada je to mogu\u0107e) vlakna I druge hranljive supstance poma\u017eu u sporom otpu\u0161tanju \u0161e\u0107era u krvotok, \u0161to zna\u010di da \u0107e Vam nivo \u0161e\u0107era biti stabilan. Manje je verovatno da \u0107e nivo \u0161e\u0107era brzo sko\u010diti a onda naglo pasti. Neki lekari smatraju da \u0161e\u0107er pogor\u0161ava gljivi\u010dne probleme. Ukoliko imate probleme sa gljivi\u010dnim infekcijama, najbolje je ograni\u010diti koli\u010dinu \u0161e\u0107era u Va\u0161oj ishrani.<\/p>\n\n\n\n<h3 class=\"is-style-heading-h2 wp-block-heading\"><strong>Pet namirnica koje pobolj\u0161avaju vaginalno zdravlje<\/strong><\/h3>\n\n\n\n<p><strong>Jogurt\u00a0<\/strong>sa \u017eivim ili aktivnim\u00a0dobrim bakterijama, kao \u0161to su laktobacili, mo\u017ee doprineti odr\u017eavanju zdrave, blago kisele sredine vagine<\/p>\n\n\n\n<p><strong>Soja<\/strong>&nbsp;je odli\u010dan izvor proteina I drugih hranljivih materija kod vegana, ali I fitoestrogena koji imaju funkciju lubrikacije vagine za njeno normalno funkcionisanje. Izbegavajte proizvode od soje koji imitiraju oblike mesa npr: soja burgeri, soja slanina itd. Ovi oblici soje su preterano prera\u0111eni, puni soli I nezdravih aditiva.<\/p>\n\n\n\n<p><strong>Avokado<\/strong>\u00a0sadr\u017ei puno vitamina I minerala, kao \u0161to je vitamin E\u00a0koji poma\u017ee u vaginalnoj funkciji vla\u017eenja<\/p>\n\n\n\n<p><strong>Bademi<\/strong>, drugi&nbsp;<strong>ora\u0161asti plodovi I semenke<\/strong>, imaju visok sadr\u017eaj cinka koji je koristan u Va\u0161oj ishrani. Cink je va\u017ean mineral za produkciju hormona I pridonosi ja\u010danju imunog sistema<\/p>\n\n\n\n<h2 class=\"is-style-heading-h2 wp-block-heading\"><strong>Hrana za izbegavanje<\/strong><\/h2>\n\n\n\n<p>Previ\u0161e jedne vrste namirnica, \u010dak I vo\u0107a, nije dobra ideja. Ciljajte na raznosvrsnost I ravnote\u017eu u ishrani. Visoko prera\u0111ena hrana ima visok sadr\u017eaj soli, masno\u0107a I \u0161e\u0107era; preterano konzumiranje alkohola I cofeina treba izbegavati. Op\u0161te pravilo: hrana koja je dobra za Va\u0161 ceo organizam je dobra I za Va\u0161u vaginu tako\u0111e.<\/p>\n\n\n\n<p><strong>Pijte dosta vode<\/strong>. Mnoge \u017eene ne poiju dovoljno vode. Adekvatna hidracija je veoma va\u017ena za zdravlje vagine. Alkohol dehidrira organizam I kovertuje \u0161e\u0107er -obazrivo ga konzumirajte. Zamenite drugi kapu\u0107ino ili \u010dasu belog vina za \u010da\u0161u vode ili za \u0161olju \u010daja bez kofeina. Oseti\u0107ete korist.<\/p>\n<\/div><\/div>\n","protected":false},"excerpt":{"rendered":"","protected":false},"author":6,"featured_media":0,"parent":645,"menu_order":0,"comment_status":"closed","ping_status":"closed","template":"","meta":{"_acf_changed":false,"footnotes":""},"from-article-database":[],"class_list":["post-350","page","type-page","status-publish","hentry"],"acf":[],"yoast_head":"<!-- This site is optimized with the Yoast SEO plugin v26.6 - https:\/\/yoast.com\/wordpress\/plugins\/seo\/ -->\n<title>Da li hrana koju jedem uti\u010de na zdravlje moje vagine - Multi-Gyn<\/title>\n<meta name=\"description\" content=\"Balansirana ishrana je va\u017ena za svaki aspect va\u0161eg zdravlja. Va\u0161em telu su potrebni odre\u0111eni nitritijenti da bi funkcionisalo optimalno. Lo\u0161a ishrana mo\u017ee uticati na\u00a0zdravlje vagine, I mo\u017ee u\u010diniti da budete podlo\u017eniji uobi\u010dajenim problemima povezanim sa slabim imunim sistemom.\" \/>\n<meta name=\"robots\" content=\"index, follow, max-snippet:-1, max-image-preview:large, max-video-preview:-1\" \/>\n<link rel=\"canonical\" href=\"https:\/\/multi-gyn.com\/rs\/zdravlje-vagine\/nega\/da-li-hrana-koju-jedem-utice-na-zdravlje-moje-vagine\/\" \/>\n<meta property=\"og:locale\" content=\"sr_RS\" \/>\n<meta property=\"og:type\" content=\"article\" \/>\n<meta property=\"og:title\" content=\"Da li hrana koju jedem uti\u010de na zdravlje moje vagine - Multi-Gyn\" \/>\n<meta property=\"og:description\" content=\"Balansirana ishrana je va\u017ena za svaki aspect va\u0161eg zdravlja. Va\u0161em telu su potrebni odre\u0111eni nitritijenti da bi funkcionisalo optimalno. Lo\u0161a ishrana mo\u017ee uticati na\u00a0zdravlje vagine, I mo\u017ee u\u010diniti da budete podlo\u017eniji uobi\u010dajenim problemima povezanim sa slabim imunim sistemom.\" \/>\n<meta property=\"og:url\" content=\"https:\/\/multi-gyn.com\/rs\/zdravlje-vagine\/nega\/da-li-hrana-koju-jedem-utice-na-zdravlje-moje-vagine\/\" \/>\n<meta property=\"og:site_name\" content=\"Multi-Gyn\" \/>\n<meta property=\"article:modified_time\" content=\"2022-12-12T09:41:25+00:00\" \/>\n<meta name=\"twitter:card\" content=\"summary_large_image\" \/>\n<meta name=\"twitter:label1\" content=\"\u041f\u0440\u043e\u0446\u0435\u045a\u0435\u043d\u043e \u0432\u0440\u0435\u043c\u0435 \u0447\u0438\u0442\u0430\u045a\u0430\" \/>\n\t<meta name=\"twitter:data1\" content=\"4 \u043c\u0438\u043d\u0443\u0442\u0430\" \/>\n<script type=\"application\/ld+json\" class=\"yoast-schema-graph\">{\"@context\":\"https:\/\/schema.org\",\"@graph\":[{\"@type\":\"WebPage\",\"@id\":\"https:\/\/multi-gyn.com\/rs\/zdravlje-vagine\/nega\/da-li-hrana-koju-jedem-utice-na-zdravlje-moje-vagine\/\",\"url\":\"https:\/\/multi-gyn.com\/rs\/zdravlje-vagine\/nega\/da-li-hrana-koju-jedem-utice-na-zdravlje-moje-vagine\/\",\"name\":\"Da li hrana koju jedem uti\u010de na zdravlje moje vagine - Multi-Gyn\",\"isPartOf\":{\"@id\":\"https:\/\/multi-gyn.com\/rs\/#website\"},\"datePublished\":\"2022-12-09T15:19:57+00:00\",\"dateModified\":\"2022-12-12T09:41:25+00:00\",\"description\":\"Balansirana ishrana je va\u017ena za svaki aspect va\u0161eg zdravlja. Va\u0161em telu su potrebni odre\u0111eni nitritijenti da bi funkcionisalo optimalno. Lo\u0161a ishrana mo\u017ee uticati na\u00a0zdravlje vagine, I mo\u017ee u\u010diniti da budete podlo\u017eniji uobi\u010dajenim problemima povezanim sa slabim imunim sistemom.\",\"breadcrumb\":{\"@id\":\"https:\/\/multi-gyn.com\/rs\/zdravlje-vagine\/nega\/da-li-hrana-koju-jedem-utice-na-zdravlje-moje-vagine\/#breadcrumb\"},\"inLanguage\":\"sr-RS\",\"potentialAction\":[{\"@type\":\"ReadAction\",\"target\":[\"https:\/\/multi-gyn.com\/rs\/zdravlje-vagine\/nega\/da-li-hrana-koju-jedem-utice-na-zdravlje-moje-vagine\/\"]}]},{\"@type\":\"BreadcrumbList\",\"@id\":\"https:\/\/multi-gyn.com\/rs\/zdravlje-vagine\/nega\/da-li-hrana-koju-jedem-utice-na-zdravlje-moje-vagine\/#breadcrumb\",\"itemListElement\":[{\"@type\":\"ListItem\",\"position\":1,\"name\":\"Home\",\"item\":\"https:\/\/multi-gyn.com\/rs\/\"},{\"@type\":\"ListItem\",\"position\":2,\"name\":\"Zdravlje vagine\",\"item\":\"https:\/\/multi-gyn.com\/rs\/zdravlje-vagine\/\"},{\"@type\":\"ListItem\",\"position\":3,\"name\":\"Nega\",\"item\":\"https:\/\/multi-gyn.com\/rs\/zdravlje-vagine\/nega\/\"},{\"@type\":\"ListItem\",\"position\":4,\"name\":\"Da li hrana koju jedem uti\u010de na zdravlje moje vagine\"}]},{\"@type\":\"WebSite\",\"@id\":\"https:\/\/multi-gyn.com\/rs\/#website\",\"url\":\"https:\/\/multi-gyn.com\/rs\/\",\"name\":\"Multi-Gyn\",\"description\":\"\",\"publisher\":{\"@id\":\"https:\/\/multi-gyn.com\/rs\/#organization\"},\"potentialAction\":[{\"@type\":\"SearchAction\",\"target\":{\"@type\":\"EntryPoint\",\"urlTemplate\":\"https:\/\/multi-gyn.com\/rs\/?s={search_term_string}\"},\"query-input\":{\"@type\":\"PropertyValueSpecification\",\"valueRequired\":true,\"valueName\":\"search_term_string\"}}],\"inLanguage\":\"sr-RS\"},{\"@type\":\"Organization\",\"@id\":\"https:\/\/multi-gyn.com\/rs\/#organization\",\"name\":\"Multi-Gyn\",\"url\":\"https:\/\/multi-gyn.com\/rs\/\",\"logo\":{\"@type\":\"ImageObject\",\"inLanguage\":\"sr-RS\",\"@id\":\"https:\/\/multi-gyn.com\/rs\/#\/schema\/logo\/image\/\",\"url\":\"https:\/\/multi-gyn.com\/app\/uploads\/sites\/35\/2022\/11\/multi-gyn-logo.png\",\"contentUrl\":\"https:\/\/multi-gyn.com\/app\/uploads\/sites\/35\/2022\/11\/multi-gyn-logo.png\",\"width\":149,\"height\":32,\"caption\":\"Multi-Gyn\"},\"image\":{\"@id\":\"https:\/\/multi-gyn.com\/rs\/#\/schema\/logo\/image\/\"}}]}<\/script>\n<!-- \/ Yoast SEO plugin. -->","yoast_head_json":{"title":"Da li hrana koju jedem uti\u010de na zdravlje moje vagine - Multi-Gyn","description":"Balansirana ishrana je va\u017ena za svaki aspect va\u0161eg zdravlja. Va\u0161em telu su potrebni odre\u0111eni nitritijenti da bi funkcionisalo optimalno. Lo\u0161a ishrana mo\u017ee uticati na\u00a0zdravlje vagine, I mo\u017ee u\u010diniti da budete podlo\u017eniji uobi\u010dajenim problemima povezanim sa slabim imunim sistemom.","robots":{"index":"index","follow":"follow","max-snippet":"max-snippet:-1","max-image-preview":"max-image-preview:large","max-video-preview":"max-video-preview:-1"},"canonical":"https:\/\/multi-gyn.com\/rs\/zdravlje-vagine\/nega\/da-li-hrana-koju-jedem-utice-na-zdravlje-moje-vagine\/","og_locale":"sr_RS","og_type":"article","og_title":"Da li hrana koju jedem uti\u010de na zdravlje moje vagine - Multi-Gyn","og_description":"Balansirana ishrana je va\u017ena za svaki aspect va\u0161eg zdravlja. Va\u0161em telu su potrebni odre\u0111eni nitritijenti da bi funkcionisalo optimalno. Lo\u0161a ishrana mo\u017ee uticati na\u00a0zdravlje vagine, I mo\u017ee u\u010diniti da budete podlo\u017eniji uobi\u010dajenim problemima povezanim sa slabim imunim sistemom.","og_url":"https:\/\/multi-gyn.com\/rs\/zdravlje-vagine\/nega\/da-li-hrana-koju-jedem-utice-na-zdravlje-moje-vagine\/","og_site_name":"Multi-Gyn","article_modified_time":"2022-12-12T09:41:25+00:00","twitter_card":"summary_large_image","twitter_misc":{"\u041f\u0440\u043e\u0446\u0435\u045a\u0435\u043d\u043e \u0432\u0440\u0435\u043c\u0435 \u0447\u0438\u0442\u0430\u045a\u0430":"4 \u043c\u0438\u043d\u0443\u0442\u0430"},"schema":{"@context":"https:\/\/schema.org","@graph":[{"@type":"WebPage","@id":"https:\/\/multi-gyn.com\/rs\/zdravlje-vagine\/nega\/da-li-hrana-koju-jedem-utice-na-zdravlje-moje-vagine\/","url":"https:\/\/multi-gyn.com\/rs\/zdravlje-vagine\/nega\/da-li-hrana-koju-jedem-utice-na-zdravlje-moje-vagine\/","name":"Da li hrana koju jedem uti\u010de na zdravlje moje vagine - Multi-Gyn","isPartOf":{"@id":"https:\/\/multi-gyn.com\/rs\/#website"},"datePublished":"2022-12-09T15:19:57+00:00","dateModified":"2022-12-12T09:41:25+00:00","description":"Balansirana ishrana je va\u017ena za svaki aspect va\u0161eg zdravlja. Va\u0161em telu su potrebni odre\u0111eni nitritijenti da bi funkcionisalo optimalno. Lo\u0161a ishrana mo\u017ee uticati na\u00a0zdravlje vagine, I mo\u017ee u\u010diniti da budete podlo\u017eniji uobi\u010dajenim problemima povezanim sa slabim imunim sistemom.","breadcrumb":{"@id":"https:\/\/multi-gyn.com\/rs\/zdravlje-vagine\/nega\/da-li-hrana-koju-jedem-utice-na-zdravlje-moje-vagine\/#breadcrumb"},"inLanguage":"sr-RS","potentialAction":[{"@type":"ReadAction","target":["https:\/\/multi-gyn.com\/rs\/zdravlje-vagine\/nega\/da-li-hrana-koju-jedem-utice-na-zdravlje-moje-vagine\/"]}]},{"@type":"BreadcrumbList","@id":"https:\/\/multi-gyn.com\/rs\/zdravlje-vagine\/nega\/da-li-hrana-koju-jedem-utice-na-zdravlje-moje-vagine\/#breadcrumb","itemListElement":[{"@type":"ListItem","position":1,"name":"Home","item":"https:\/\/multi-gyn.com\/rs\/"},{"@type":"ListItem","position":2,"name":"Zdravlje vagine","item":"https:\/\/multi-gyn.com\/rs\/zdravlje-vagine\/"},{"@type":"ListItem","position":3,"name":"Nega","item":"https:\/\/multi-gyn.com\/rs\/zdravlje-vagine\/nega\/"},{"@type":"ListItem","position":4,"name":"Da li hrana koju jedem uti\u010de na zdravlje moje vagine"}]},{"@type":"WebSite","@id":"https:\/\/multi-gyn.com\/rs\/#website","url":"https:\/\/multi-gyn.com\/rs\/","name":"Multi-Gyn","description":"","publisher":{"@id":"https:\/\/multi-gyn.com\/rs\/#organization"},"potentialAction":[{"@type":"SearchAction","target":{"@type":"EntryPoint","urlTemplate":"https:\/\/multi-gyn.com\/rs\/?s={search_term_string}"},"query-input":{"@type":"PropertyValueSpecification","valueRequired":true,"valueName":"search_term_string"}}],"inLanguage":"sr-RS"},{"@type":"Organization","@id":"https:\/\/multi-gyn.com\/rs\/#organization","name":"Multi-Gyn","url":"https:\/\/multi-gyn.com\/rs\/","logo":{"@type":"ImageObject","inLanguage":"sr-RS","@id":"https:\/\/multi-gyn.com\/rs\/#\/schema\/logo\/image\/","url":"https:\/\/multi-gyn.com\/app\/uploads\/sites\/35\/2022\/11\/multi-gyn-logo.png","contentUrl":"https:\/\/multi-gyn.com\/app\/uploads\/sites\/35\/2022\/11\/multi-gyn-logo.png","width":149,"height":32,"caption":"Multi-Gyn"},"image":{"@id":"https:\/\/multi-gyn.com\/rs\/#\/schema\/logo\/image\/"}}]}},"_links":{"self":[{"href":"https:\/\/multi-gyn.com\/rs\/wp-json\/wp\/v2\/pages\/350","targetHints":{"allow":["GET"]}}],"collection":[{"href":"https:\/\/multi-gyn.com\/rs\/wp-json\/wp\/v2\/pages"}],"about":[{"href":"https:\/\/multi-gyn.com\/rs\/wp-json\/wp\/v2\/types\/page"}],"author":[{"embeddable":true,"href":"https:\/\/multi-gyn.com\/rs\/wp-json\/wp\/v2\/users\/6"}],"replies":[{"embeddable":true,"href":"https:\/\/multi-gyn.com\/rs\/wp-json\/wp\/v2\/comments?post=350"}],"version-history":[{"count":1,"href":"https:\/\/multi-gyn.com\/rs\/wp-json\/wp\/v2\/pages\/350\/revisions"}],"predecessor-version":[{"id":357,"href":"https:\/\/multi-gyn.com\/rs\/wp-json\/wp\/v2\/pages\/350\/revisions\/357"}],"up":[{"embeddable":true,"href":"https:\/\/multi-gyn.com\/rs\/wp-json\/wp\/v2\/pages\/645"}],"wp:attachment":[{"href":"https:\/\/multi-gyn.com\/rs\/wp-json\/wp\/v2\/media?parent=350"}],"wp:term":[{"taxonomy":"from-article-database","embeddable":true,"href":"https:\/\/multi-gyn.com\/rs\/wp-json\/wp\/v2\/from-article-database?post=350"}],"curies":[{"name":"wp","href":"https:\/\/api.w.org\/{rel}","templated":true}]}}