{"id":363,"date":"2022-12-12T08:27:42","date_gmt":"2022-12-12T07:27:42","guid":{"rendered":"https:\/\/multi-gyn.com\/rs\/?page_id=363"},"modified":"2023-02-10T12:41:57","modified_gmt":"2023-02-10T11:41:57","slug":"da-li-su-tampon-losi-za-moju-vaginu","status":"publish","type":"page","link":"https:\/\/multi-gyn.com\/rs\/zdravlje-vagine\/infekcije\/da-li-su-tampon-losi-za-moju-vaginu\/","title":{"rendered":"Da li su tampon lo\u0161i za moju vaginu?"},"content":{"rendered":"\n<div class=\"wp-block-karopharma-free-text pt-large pb-large bg-center bg-cover bg-no-repeat  is-style-primary\" style=\"background-image:url()\"><div class=\"free-text-wrapper container max-w-medium text-left\">\n<h1 class=\"wp-block-heading\"><strong><strong><strong>Da li je upotreba tampona \u0161tetna za vaginu?<\/strong><\/strong><\/strong><\/h1>\n\n\n\n<p class=\"is-style-paragraph-preamble\">Mnoge \u017eene koriste tampone tokom ciklusa. Prakti\u010dniji su od ulo\u017eaka, diskretni i pru\u017eaju slobodu u vo\u0111enju aktivnog dnevnog \u017eivota. Me\u0111utim, jedna od aktuelnih tema na dru\u0161tvenim mre\u017eama, u poslednje vreme, je da li su tamponi bezbedni za upotrebu.<\/p>\n\n\n\n<p class=\"is-style-paragraph-preamble\">\u010citajte dalje, kako bi saznali vi\u0161e na ovu temu.<\/p>\n<\/div><\/div>\n\n\n\n<div class=\"wp-block-karopharma-free-text pt-large pb-large bg-center bg-cover bg-no-repeat\" style=\"background-image:url()\"><div class=\"free-text-wrapper container max-w-medium text-left\">\n<h2 class=\"is-style-heading-h2 wp-block-heading\"><strong>Da li su tamponi bezbedni?<\/strong><\/h2>\n\n\n\n<p>Trenutno nema nikakvih dokaza i istra\u017eivanja o samoj \u0161tetnosti tampona. Redovno menjanje tampona i dobra vaginalna higijena poma\u017eu u prevenciji \u010destih vaginalnih tegoba.<\/p>\n\n\n\n<p>Tamponi se obi\u010dno prave od pamuka i viskoze, u kombinaciji sa plastikom i drugim sinteti\u010dkim materijalima i hemikalijama, kako bi se pove\u0107ala mo\u0107 apsorpcije. Preporu\u010dljivo je koristiti organske, pamu\u010dne tampone ili izabrati bolje ekolo\u0161ko re\u0161enje, kao \u0161to je menstrualna \u010da\u0161ica, koja se mo\u017ee koristiti vi\u0161e puta.<\/p>\n\n\n\n<h2 class=\"is-style-heading-h2 wp-block-heading\"><strong>Koliko \u010desto bi trebalo da menjam tampon?<\/strong><\/h2>\n\n\n\n<p>Vagina je veoma dobra u odr\u017eavanju sopstvene higijene. Zdrava vagina odr\u017eava ekosistem mikroorganizama i te\u010dnosti, koji reguli\u0161u pH i odr\u017eavaju je na nivou koji spre\u010dava rast \u0161tetnih bakterija.<\/p>\n\n\n\n<p>Tokom menstruacije va\u0161e telo nastavlja sa proizvodnjom normalnih vaginalnih te\u010dnosti i dobrih bakterija, koje vaginu odr\u017eavaju zdravom.<br>Tamponi su dizajnirani da imaju veliku mo\u0107 upijanja i pored efikasnog upijanja menstrualne krvi, tako\u0111e upijaju i prirodne bakterije i te\u010dnosti.<br>Ova mo\u0107 upijanja tampona, mo\u017ee usporiti sposobnost vagine da odr\u017eava sopstvenu higijenu, pH vrednost, \u0161to potencijalno mo\u017ee dovesti do iritacija i infekcija.<\/p>\n\n\n\n<p>Preporu\u010duje se menjanje tampona na svaka 3-4 sata, pre odlaska na spavanje i nakon ustajanja.<\/p>\n\n\n\n<h4 class=\"is-style-heading-h2 wp-block-heading\"><strong>Izaberite adekvatne tampone, u skladu sa ja\u010dinom menstrualnog krvarenja<\/strong><\/h4>\n\n\n\n<p>Veoma je bitno izabrati tampon koji je adekvatan va\u0161em menstrualnom krvarenju. Upotrebom tampona sa velikom mo\u0107i upijanja i ostavljaju\u0107i ga unutra predugo, stvara se idealno tlo za razvoj infekcije. Ako primetite promene u boji, teksturi ili mirisu uobi\u010dajenog vaginalnog sekreta,, trebalo bi odmah da prekinete sa upotrebom tampona. Nemojte koristiti tampone za upijanje i uklanjanje vaginalnog sekreta, jer mo\u017ee izazvati ozbiljnu infekciju.<\/p>\n\n\n\n<p>Redovna vaginalna higijena je veoma bitna tokom ciklusa. Ne\u017ena vaginalna kupka ili te\u010dnost za ispiranje mogu vam biti od izuzetne pomo\u0107i tokom ciklusa. Izbegavajte mirisne ili alkalne proizvode koji mogu naru\u0161iti pH vrednost vagine. Uz redovnu higijenu intimne regije i \u010destu promenu tampona ili ulo\u017eaka, smanjujemo mogu\u0107nost pojave vaginalnih tegoba.<\/p>\n\n\n\n<h2 class=\"is-style-heading-h2 wp-block-heading\"><strong>\u0160ta je sindrom toksi\u010dnog \u0161oka?<\/strong><\/h2>\n\n\n\n<p>Osamdesetih godina, postojala je velika zabrinutost za upotrebu tampona. Od tada, proizvo\u0111a\u010di su unapredili svoje proizvode i podigli svest o adekvatnoj vaginalnoj higijeni, pa je pojava sindroma toksi\u010dnog \u0161oka izuzetno redka.<\/p>\n\n\n\n<h2 class=\"is-style-heading-h2 wp-block-heading\"><strong>Da li tamponi izazivaju toksi\u010dni \u0161ok?<\/strong><\/h2>\n\n\n\n<p>Tamponi ne izazivaju toksi\u010dni \u0161ok, ali mogu poja\u010dati rizik. Direktna veza izme\u0111u upotrebe tampona i pojave toksi\u010dnog \u0161oka nije najjasnija, ali upotreba tampona sa jakom mo\u0107i upijanja, predstavlja jedan od rizika. Pored upotrebe tampona, sindrom toksi\u010dnog \u0161oka se dovodi u vezu sa ranama na ko\u017ei, operacijama ili poro\u0111ajem, upotrebom materijala za previjanje rana, kontraceptivnim sun\u0111erima i dijafragmom, ukoliko se koriste predugo.<\/p>\n\n\n\n<p>Simptomi toksi\u010dnog \u0161oka su veoma sli\u010dni simptomima gripa i nije ih lako prepoznati. Mogu nastupiti iznenada.<br>Ukoliko koristite tampone i sumnjate da ste razvili infekciju, obavezno se konsultujte sa svojim lekarom.<\/p>\n<\/div><\/div>\n","protected":false},"excerpt":{"rendered":"","protected":false},"author":6,"featured_media":0,"parent":643,"menu_order":0,"comment_status":"closed","ping_status":"closed","template":"","meta":{"_acf_changed":false,"footnotes":""},"from-article-database":[],"class_list":["post-363","page","type-page","status-publish","hentry"],"acf":[],"yoast_head":"<!-- This site is optimized with the Yoast SEO plugin v26.6 - https:\/\/yoast.com\/wordpress\/plugins\/seo\/ -->\n<title>Da li su tampon lo\u0161i za moju vaginu? - Multi-Gyn<\/title>\n<meta name=\"description\" content=\"ivota.U poslednje vreme je bilo mnogo interesovanja na dru\u0161tvenim mre\u017eama o tome da li su tampon \u0161tetni po zdravlje. \u010citajte dalje da saznate vi\u0161e.\" \/>\n<meta name=\"robots\" content=\"index, follow, max-snippet:-1, max-image-preview:large, max-video-preview:-1\" \/>\n<link rel=\"canonical\" href=\"https:\/\/multi-gyn.com\/rs\/zdravlje-vagine\/infekcije\/da-li-su-tampon-losi-za-moju-vaginu\/\" \/>\n<meta property=\"og:locale\" content=\"sr_RS\" \/>\n<meta property=\"og:type\" content=\"article\" \/>\n<meta property=\"og:title\" content=\"Da li su tampon lo\u0161i za moju vaginu? - Multi-Gyn\" \/>\n<meta property=\"og:description\" content=\"ivota.U poslednje vreme je bilo mnogo interesovanja na dru\u0161tvenim mre\u017eama o tome da li su tampon \u0161tetni po zdravlje. \u010citajte dalje da saznate vi\u0161e.\" \/>\n<meta property=\"og:url\" content=\"https:\/\/multi-gyn.com\/rs\/zdravlje-vagine\/infekcije\/da-li-su-tampon-losi-za-moju-vaginu\/\" \/>\n<meta property=\"og:site_name\" content=\"Multi-Gyn\" \/>\n<meta property=\"article:modified_time\" content=\"2023-02-10T11:41:57+00:00\" \/>\n<meta name=\"twitter:card\" content=\"summary_large_image\" \/>\n<meta name=\"twitter:label1\" content=\"\u041f\u0440\u043e\u0446\u0435\u045a\u0435\u043d\u043e \u0432\u0440\u0435\u043c\u0435 \u0447\u0438\u0442\u0430\u045a\u0430\" \/>\n\t<meta name=\"twitter:data1\" content=\"3 \u043c\u0438\u043d\u0443\u0442\u0430\" \/>\n<script type=\"application\/ld+json\" class=\"yoast-schema-graph\">{\"@context\":\"https:\/\/schema.org\",\"@graph\":[{\"@type\":\"WebPage\",\"@id\":\"https:\/\/multi-gyn.com\/rs\/zdravlje-vagine\/infekcije\/da-li-su-tampon-losi-za-moju-vaginu\/\",\"url\":\"https:\/\/multi-gyn.com\/rs\/zdravlje-vagine\/infekcije\/da-li-su-tampon-losi-za-moju-vaginu\/\",\"name\":\"Da li su tampon lo\u0161i za moju vaginu? - Multi-Gyn\",\"isPartOf\":{\"@id\":\"https:\/\/multi-gyn.com\/rs\/#website\"},\"datePublished\":\"2022-12-12T07:27:42+00:00\",\"dateModified\":\"2023-02-10T11:41:57+00:00\",\"description\":\"ivota.U poslednje vreme je bilo mnogo interesovanja na dru\u0161tvenim mre\u017eama o tome da li su tampon \u0161tetni po zdravlje. \u010citajte dalje da saznate vi\u0161e.\",\"breadcrumb\":{\"@id\":\"https:\/\/multi-gyn.com\/rs\/zdravlje-vagine\/infekcije\/da-li-su-tampon-losi-za-moju-vaginu\/#breadcrumb\"},\"inLanguage\":\"sr-RS\",\"potentialAction\":[{\"@type\":\"ReadAction\",\"target\":[\"https:\/\/multi-gyn.com\/rs\/zdravlje-vagine\/infekcije\/da-li-su-tampon-losi-za-moju-vaginu\/\"]}]},{\"@type\":\"BreadcrumbList\",\"@id\":\"https:\/\/multi-gyn.com\/rs\/zdravlje-vagine\/infekcije\/da-li-su-tampon-losi-za-moju-vaginu\/#breadcrumb\",\"itemListElement\":[{\"@type\":\"ListItem\",\"position\":1,\"name\":\"Home\",\"item\":\"https:\/\/multi-gyn.com\/rs\/\"},{\"@type\":\"ListItem\",\"position\":2,\"name\":\"Zdravlje vagine\",\"item\":\"https:\/\/multi-gyn.com\/rs\/zdravlje-vagine\/\"},{\"@type\":\"ListItem\",\"position\":3,\"name\":\"Infekcije\",\"item\":\"https:\/\/multi-gyn.com\/rs\/zdravlje-vagine\/infekcije\/\"},{\"@type\":\"ListItem\",\"position\":4,\"name\":\"Da li su tampon lo\u0161i za moju vaginu?\"}]},{\"@type\":\"WebSite\",\"@id\":\"https:\/\/multi-gyn.com\/rs\/#website\",\"url\":\"https:\/\/multi-gyn.com\/rs\/\",\"name\":\"Multi-Gyn\",\"description\":\"\",\"publisher\":{\"@id\":\"https:\/\/multi-gyn.com\/rs\/#organization\"},\"potentialAction\":[{\"@type\":\"SearchAction\",\"target\":{\"@type\":\"EntryPoint\",\"urlTemplate\":\"https:\/\/multi-gyn.com\/rs\/?s={search_term_string}\"},\"query-input\":{\"@type\":\"PropertyValueSpecification\",\"valueRequired\":true,\"valueName\":\"search_term_string\"}}],\"inLanguage\":\"sr-RS\"},{\"@type\":\"Organization\",\"@id\":\"https:\/\/multi-gyn.com\/rs\/#organization\",\"name\":\"Multi-Gyn\",\"url\":\"https:\/\/multi-gyn.com\/rs\/\",\"logo\":{\"@type\":\"ImageObject\",\"inLanguage\":\"sr-RS\",\"@id\":\"https:\/\/multi-gyn.com\/rs\/#\/schema\/logo\/image\/\",\"url\":\"https:\/\/multi-gyn.com\/app\/uploads\/sites\/35\/2022\/11\/multi-gyn-logo.png\",\"contentUrl\":\"https:\/\/multi-gyn.com\/app\/uploads\/sites\/35\/2022\/11\/multi-gyn-logo.png\",\"width\":149,\"height\":32,\"caption\":\"Multi-Gyn\"},\"image\":{\"@id\":\"https:\/\/multi-gyn.com\/rs\/#\/schema\/logo\/image\/\"}}]}<\/script>\n<!-- \/ Yoast SEO plugin. -->","yoast_head_json":{"title":"Da li su tampon lo\u0161i za moju vaginu? - Multi-Gyn","description":"ivota.U poslednje vreme je bilo mnogo interesovanja na dru\u0161tvenim mre\u017eama o tome da li su tampon \u0161tetni po zdravlje. \u010citajte dalje da saznate vi\u0161e.","robots":{"index":"index","follow":"follow","max-snippet":"max-snippet:-1","max-image-preview":"max-image-preview:large","max-video-preview":"max-video-preview:-1"},"canonical":"https:\/\/multi-gyn.com\/rs\/zdravlje-vagine\/infekcije\/da-li-su-tampon-losi-za-moju-vaginu\/","og_locale":"sr_RS","og_type":"article","og_title":"Da li su tampon lo\u0161i za moju vaginu? - Multi-Gyn","og_description":"ivota.U poslednje vreme je bilo mnogo interesovanja na dru\u0161tvenim mre\u017eama o tome da li su tampon \u0161tetni po zdravlje. \u010citajte dalje da saznate vi\u0161e.","og_url":"https:\/\/multi-gyn.com\/rs\/zdravlje-vagine\/infekcije\/da-li-su-tampon-losi-za-moju-vaginu\/","og_site_name":"Multi-Gyn","article_modified_time":"2023-02-10T11:41:57+00:00","twitter_card":"summary_large_image","twitter_misc":{"\u041f\u0440\u043e\u0446\u0435\u045a\u0435\u043d\u043e \u0432\u0440\u0435\u043c\u0435 \u0447\u0438\u0442\u0430\u045a\u0430":"3 \u043c\u0438\u043d\u0443\u0442\u0430"},"schema":{"@context":"https:\/\/schema.org","@graph":[{"@type":"WebPage","@id":"https:\/\/multi-gyn.com\/rs\/zdravlje-vagine\/infekcije\/da-li-su-tampon-losi-za-moju-vaginu\/","url":"https:\/\/multi-gyn.com\/rs\/zdravlje-vagine\/infekcije\/da-li-su-tampon-losi-za-moju-vaginu\/","name":"Da li su tampon lo\u0161i za moju vaginu? - Multi-Gyn","isPartOf":{"@id":"https:\/\/multi-gyn.com\/rs\/#website"},"datePublished":"2022-12-12T07:27:42+00:00","dateModified":"2023-02-10T11:41:57+00:00","description":"ivota.U poslednje vreme je bilo mnogo interesovanja na dru\u0161tvenim mre\u017eama o tome da li su tampon \u0161tetni po zdravlje. \u010citajte dalje da saznate vi\u0161e.","breadcrumb":{"@id":"https:\/\/multi-gyn.com\/rs\/zdravlje-vagine\/infekcije\/da-li-su-tampon-losi-za-moju-vaginu\/#breadcrumb"},"inLanguage":"sr-RS","potentialAction":[{"@type":"ReadAction","target":["https:\/\/multi-gyn.com\/rs\/zdravlje-vagine\/infekcije\/da-li-su-tampon-losi-za-moju-vaginu\/"]}]},{"@type":"BreadcrumbList","@id":"https:\/\/multi-gyn.com\/rs\/zdravlje-vagine\/infekcije\/da-li-su-tampon-losi-za-moju-vaginu\/#breadcrumb","itemListElement":[{"@type":"ListItem","position":1,"name":"Home","item":"https:\/\/multi-gyn.com\/rs\/"},{"@type":"ListItem","position":2,"name":"Zdravlje vagine","item":"https:\/\/multi-gyn.com\/rs\/zdravlje-vagine\/"},{"@type":"ListItem","position":3,"name":"Infekcije","item":"https:\/\/multi-gyn.com\/rs\/zdravlje-vagine\/infekcije\/"},{"@type":"ListItem","position":4,"name":"Da li su tampon lo\u0161i za moju vaginu?"}]},{"@type":"WebSite","@id":"https:\/\/multi-gyn.com\/rs\/#website","url":"https:\/\/multi-gyn.com\/rs\/","name":"Multi-Gyn","description":"","publisher":{"@id":"https:\/\/multi-gyn.com\/rs\/#organization"},"potentialAction":[{"@type":"SearchAction","target":{"@type":"EntryPoint","urlTemplate":"https:\/\/multi-gyn.com\/rs\/?s={search_term_string}"},"query-input":{"@type":"PropertyValueSpecification","valueRequired":true,"valueName":"search_term_string"}}],"inLanguage":"sr-RS"},{"@type":"Organization","@id":"https:\/\/multi-gyn.com\/rs\/#organization","name":"Multi-Gyn","url":"https:\/\/multi-gyn.com\/rs\/","logo":{"@type":"ImageObject","inLanguage":"sr-RS","@id":"https:\/\/multi-gyn.com\/rs\/#\/schema\/logo\/image\/","url":"https:\/\/multi-gyn.com\/app\/uploads\/sites\/35\/2022\/11\/multi-gyn-logo.png","contentUrl":"https:\/\/multi-gyn.com\/app\/uploads\/sites\/35\/2022\/11\/multi-gyn-logo.png","width":149,"height":32,"caption":"Multi-Gyn"},"image":{"@id":"https:\/\/multi-gyn.com\/rs\/#\/schema\/logo\/image\/"}}]}},"_links":{"self":[{"href":"https:\/\/multi-gyn.com\/rs\/wp-json\/wp\/v2\/pages\/363","targetHints":{"allow":["GET"]}}],"collection":[{"href":"https:\/\/multi-gyn.com\/rs\/wp-json\/wp\/v2\/pages"}],"about":[{"href":"https:\/\/multi-gyn.com\/rs\/wp-json\/wp\/v2\/types\/page"}],"author":[{"embeddable":true,"href":"https:\/\/multi-gyn.com\/rs\/wp-json\/wp\/v2\/users\/6"}],"replies":[{"embeddable":true,"href":"https:\/\/multi-gyn.com\/rs\/wp-json\/wp\/v2\/comments?post=363"}],"version-history":[{"count":9,"href":"https:\/\/multi-gyn.com\/rs\/wp-json\/wp\/v2\/pages\/363\/revisions"}],"predecessor-version":[{"id":694,"href":"https:\/\/multi-gyn.com\/rs\/wp-json\/wp\/v2\/pages\/363\/revisions\/694"}],"up":[{"embeddable":true,"href":"https:\/\/multi-gyn.com\/rs\/wp-json\/wp\/v2\/pages\/643"}],"wp:attachment":[{"href":"https:\/\/multi-gyn.com\/rs\/wp-json\/wp\/v2\/media?parent=363"}],"wp:term":[{"taxonomy":"from-article-database","embeddable":true,"href":"https:\/\/multi-gyn.com\/rs\/wp-json\/wp\/v2\/from-article-database?post=363"}],"curies":[{"name":"wp","href":"https:\/\/api.w.org\/{rel}","templated":true}]}}