{"id":372,"date":"2022-12-12T08:29:21","date_gmt":"2022-12-12T07:29:21","guid":{"rendered":"https:\/\/multi-gyn.com\/rs\/?page_id=372"},"modified":"2023-02-13T07:37:28","modified_gmt":"2023-02-13T06:37:28","slug":"vaginalne-infekcije-i-antibiotici","status":"publish","type":"page","link":"https:\/\/multi-gyn.com\/rs\/zdravlje-vagine\/infekcije\/vaginalne-infekcije-i-antibiotici\/","title":{"rendered":"Vaginalne infekcije i antibiotici"},"content":{"rendered":"\n<div class=\"wp-block-karopharma-free-text pt-large pb-large bg-center bg-cover bg-no-repeat  is-style-primary\" style=\"background-image:url()\"><div class=\"free-text-wrapper container max-w-medium text-left\">\n<h1 class=\"wp-block-heading\"><strong><strong><strong>Vaginalne infekcije i antibiotici<\/strong><\/strong><\/strong><\/h1>\n\n\n\n<p class=\"is-style-paragraph-preamble\">Vaginalne infekcije mogu biti izazvane razli\u010ditim faktorima. Jedan od naj\u010de\u0161\u0107ih uzroka ovih infekcija, jeste upotreba antibiotika.<\/p>\n\n\n\n<p class=\"is-style-paragraph-preamble\">Saznajte vi\u0161e o tome kako anitbiotici mogu da poremete vaginalnu mikrofloru i kako spre\u010diti nastanak vaginalnih tegoba nastalih usled primene antibiotika.<\/p>\n<\/div><\/div>\n\n\n\n<div class=\"wp-block-karopharma-free-text pt-large pb-large bg-center bg-cover bg-no-repeat\" style=\"background-image:url()\"><div class=\"free-text-wrapper container max-w-medium text-left\">\n<h3 class=\"wp-block-heading\"><strong>Kako deluju antibiotici?<\/strong><\/h3>\n\n\n\n<p>Antibiotici su grupa lekova \u010diji mehanizam dejstva se zasniva na ubijanju bakterija ili spre\u010dvanju njihovog razmno\u017eavanja i \u0161irenja i na taj na\u010din poma\u017eu organizmu da se izbori sa infekcijom. Ova grupa lekova ima veoma \u0161iroku primenu kod razli\u010ditih upornih i rekurentnih infekcija.<\/p>\n\n\n\n<p>Anitibiotici su veoma efikasna i sigurna grupa lekova ali nisu selktivni- \u0161to zna\u010di da osim \u0161to ubijaju bakterije koje napadaju na\u0161 organizam, smanjuju i broj dobrih bakterija koje su normlano prisutne u na\u0161em organizmu. Ubijanje dobrih bakterija je ne\u017eeljeni efekat svake antibiotske terapije.<\/p>\n\n\n\n<h3 class=\"wp-block-heading\"><strong>Vaginalne infekcije nakon upotrebe antibiotika<\/strong><\/h3>\n\n\n\n<p>Smanjenje broja dobrih bakterija, daje prostora za rast lo\u0161im bakterijama i gljivicama. To je razlog za\u0161to je uobi\u010dajeno za \u017eene da se nakon upotrebe antibiotika ili dok su jo\u0161 uvek na terapiji, suo\u010davaju sa bakterijskom vaginozom ili gljivi\u010dnom infekcijom. \u010cesto se de\u0161ava kod \u017eena koje koriste antibiotike za le\u010denje, pored postoje\u0107e vaginalne infekcije, ali nakon tretirane incijalne infekcije, pojavljuje sekundarna.<br>To se de\u0161ava iz razloga \u0161to je vaginalna flora naru\u0161ena tokom terapije antibioticima, \u0161to dovodi do pove\u0107anog rizika za ponovno javljanje bakterijske vaginoze ili gljivi\u010dne infekcije, \u0161to zahteva dodatnu terapiju.<\/p>\n\n\n\n<p>Da bi ste se za\u0161titili od vaginalnih infekcija uzrokovanih upotrebom antibiotika, potrebno je da koristite proizvode koji u sebi sadr\u017ee prebiotike. Prebiotici podsti\u010du rast dobrih bakterija i poma\u017eu oporavak vaginalne flore. Na ovaj na\u010din, prebiotici poma\u017eu u spre\u010davanju vaginalnih infekcija prouzrokovanih antibioticima ili drugim faktorima i ubrzavaju oporavak nakon pojavljivanja simptoma.<\/p>\n<\/div><\/div>\n","protected":false},"excerpt":{"rendered":"","protected":false},"author":6,"featured_media":0,"parent":643,"menu_order":0,"comment_status":"closed","ping_status":"closed","template":"","meta":{"_acf_changed":false,"footnotes":""},"from-article-database":[],"class_list":["post-372","page","type-page","status-publish","hentry"],"acf":[],"yoast_head":"<!-- This site is optimized with the Yoast SEO plugin v26.6 - https:\/\/yoast.com\/wordpress\/plugins\/seo\/ -->\n<title>Vaginalne infekcije i antibiotici - Multi-Gyn<\/title>\n<meta name=\"description\" content=\"Vaginalne infekcije mogu biti izazvane mnogim faktorima. Jedan od naj\u010de\u0161\u0107ih uzroka ovih infekcija je primena antibiotika. Saznajte vi\u0161e o tome kako antibiotici mogu da poremete ravnote\u017eu vaginalne flore i kako spre\u010diti nastanak vaginalnih tegoba kao nuspojava terapije antibioticima.\" \/>\n<meta name=\"robots\" content=\"index, follow, max-snippet:-1, max-image-preview:large, max-video-preview:-1\" \/>\n<link rel=\"canonical\" href=\"https:\/\/multi-gyn.com\/rs\/zdravlje-vagine\/infekcije\/vaginalne-infekcije-i-antibiotici\/\" \/>\n<meta property=\"og:locale\" content=\"sr_RS\" \/>\n<meta property=\"og:type\" content=\"article\" \/>\n<meta property=\"og:title\" content=\"Vaginalne infekcije i antibiotici - Multi-Gyn\" \/>\n<meta property=\"og:description\" content=\"Vaginalne infekcije mogu biti izazvane mnogim faktorima. Jedan od naj\u010de\u0161\u0107ih uzroka ovih infekcija je primena antibiotika. Saznajte vi\u0161e o tome kako antibiotici mogu da poremete ravnote\u017eu vaginalne flore i kako spre\u010diti nastanak vaginalnih tegoba kao nuspojava terapije antibioticima.\" \/>\n<meta property=\"og:url\" content=\"https:\/\/multi-gyn.com\/rs\/zdravlje-vagine\/infekcije\/vaginalne-infekcije-i-antibiotici\/\" \/>\n<meta property=\"og:site_name\" content=\"Multi-Gyn\" \/>\n<meta property=\"article:modified_time\" content=\"2023-02-13T06:37:28+00:00\" \/>\n<meta name=\"twitter:card\" content=\"summary_large_image\" \/>\n<meta name=\"twitter:label1\" content=\"\u041f\u0440\u043e\u0446\u0435\u045a\u0435\u043d\u043e \u0432\u0440\u0435\u043c\u0435 \u0447\u0438\u0442\u0430\u045a\u0430\" \/>\n\t<meta name=\"twitter:data1\" content=\"2 \u043c\u0438\u043d\u0443\u0442\u0430\" \/>\n<script type=\"application\/ld+json\" class=\"yoast-schema-graph\">{\"@context\":\"https:\/\/schema.org\",\"@graph\":[{\"@type\":\"WebPage\",\"@id\":\"https:\/\/multi-gyn.com\/rs\/zdravlje-vagine\/infekcije\/vaginalne-infekcije-i-antibiotici\/\",\"url\":\"https:\/\/multi-gyn.com\/rs\/zdravlje-vagine\/infekcije\/vaginalne-infekcije-i-antibiotici\/\",\"name\":\"Vaginalne infekcije i antibiotici - Multi-Gyn\",\"isPartOf\":{\"@id\":\"https:\/\/multi-gyn.com\/rs\/#website\"},\"datePublished\":\"2022-12-12T07:29:21+00:00\",\"dateModified\":\"2023-02-13T06:37:28+00:00\",\"description\":\"Vaginalne infekcije mogu biti izazvane mnogim faktorima. Jedan od naj\u010de\u0161\u0107ih uzroka ovih infekcija je primena antibiotika. Saznajte vi\u0161e o tome kako antibiotici mogu da poremete ravnote\u017eu vaginalne flore i kako spre\u010diti nastanak vaginalnih tegoba kao nuspojava terapije antibioticima.\",\"breadcrumb\":{\"@id\":\"https:\/\/multi-gyn.com\/rs\/zdravlje-vagine\/infekcije\/vaginalne-infekcije-i-antibiotici\/#breadcrumb\"},\"inLanguage\":\"sr-RS\",\"potentialAction\":[{\"@type\":\"ReadAction\",\"target\":[\"https:\/\/multi-gyn.com\/rs\/zdravlje-vagine\/infekcije\/vaginalne-infekcije-i-antibiotici\/\"]}]},{\"@type\":\"BreadcrumbList\",\"@id\":\"https:\/\/multi-gyn.com\/rs\/zdravlje-vagine\/infekcije\/vaginalne-infekcije-i-antibiotici\/#breadcrumb\",\"itemListElement\":[{\"@type\":\"ListItem\",\"position\":1,\"name\":\"Home\",\"item\":\"https:\/\/multi-gyn.com\/rs\/\"},{\"@type\":\"ListItem\",\"position\":2,\"name\":\"Zdravlje vagine\",\"item\":\"https:\/\/multi-gyn.com\/rs\/zdravlje-vagine\/\"},{\"@type\":\"ListItem\",\"position\":3,\"name\":\"Infekcije\",\"item\":\"https:\/\/multi-gyn.com\/rs\/zdravlje-vagine\/infekcije\/\"},{\"@type\":\"ListItem\",\"position\":4,\"name\":\"Vaginalne infekcije i antibiotici\"}]},{\"@type\":\"WebSite\",\"@id\":\"https:\/\/multi-gyn.com\/rs\/#website\",\"url\":\"https:\/\/multi-gyn.com\/rs\/\",\"name\":\"Multi-Gyn\",\"description\":\"\",\"publisher\":{\"@id\":\"https:\/\/multi-gyn.com\/rs\/#organization\"},\"potentialAction\":[{\"@type\":\"SearchAction\",\"target\":{\"@type\":\"EntryPoint\",\"urlTemplate\":\"https:\/\/multi-gyn.com\/rs\/?s={search_term_string}\"},\"query-input\":{\"@type\":\"PropertyValueSpecification\",\"valueRequired\":true,\"valueName\":\"search_term_string\"}}],\"inLanguage\":\"sr-RS\"},{\"@type\":\"Organization\",\"@id\":\"https:\/\/multi-gyn.com\/rs\/#organization\",\"name\":\"Multi-Gyn\",\"url\":\"https:\/\/multi-gyn.com\/rs\/\",\"logo\":{\"@type\":\"ImageObject\",\"inLanguage\":\"sr-RS\",\"@id\":\"https:\/\/multi-gyn.com\/rs\/#\/schema\/logo\/image\/\",\"url\":\"https:\/\/multi-gyn.com\/app\/uploads\/sites\/35\/2022\/11\/multi-gyn-logo.png\",\"contentUrl\":\"https:\/\/multi-gyn.com\/app\/uploads\/sites\/35\/2022\/11\/multi-gyn-logo.png\",\"width\":149,\"height\":32,\"caption\":\"Multi-Gyn\"},\"image\":{\"@id\":\"https:\/\/multi-gyn.com\/rs\/#\/schema\/logo\/image\/\"}}]}<\/script>\n<!-- \/ Yoast SEO plugin. -->","yoast_head_json":{"title":"Vaginalne infekcije i antibiotici - Multi-Gyn","description":"Vaginalne infekcije mogu biti izazvane mnogim faktorima. Jedan od naj\u010de\u0161\u0107ih uzroka ovih infekcija je primena antibiotika. Saznajte vi\u0161e o tome kako antibiotici mogu da poremete ravnote\u017eu vaginalne flore i kako spre\u010diti nastanak vaginalnih tegoba kao nuspojava terapije antibioticima.","robots":{"index":"index","follow":"follow","max-snippet":"max-snippet:-1","max-image-preview":"max-image-preview:large","max-video-preview":"max-video-preview:-1"},"canonical":"https:\/\/multi-gyn.com\/rs\/zdravlje-vagine\/infekcije\/vaginalne-infekcije-i-antibiotici\/","og_locale":"sr_RS","og_type":"article","og_title":"Vaginalne infekcije i antibiotici - Multi-Gyn","og_description":"Vaginalne infekcije mogu biti izazvane mnogim faktorima. Jedan od naj\u010de\u0161\u0107ih uzroka ovih infekcija je primena antibiotika. Saznajte vi\u0161e o tome kako antibiotici mogu da poremete ravnote\u017eu vaginalne flore i kako spre\u010diti nastanak vaginalnih tegoba kao nuspojava terapije antibioticima.","og_url":"https:\/\/multi-gyn.com\/rs\/zdravlje-vagine\/infekcije\/vaginalne-infekcije-i-antibiotici\/","og_site_name":"Multi-Gyn","article_modified_time":"2023-02-13T06:37:28+00:00","twitter_card":"summary_large_image","twitter_misc":{"\u041f\u0440\u043e\u0446\u0435\u045a\u0435\u043d\u043e \u0432\u0440\u0435\u043c\u0435 \u0447\u0438\u0442\u0430\u045a\u0430":"2 \u043c\u0438\u043d\u0443\u0442\u0430"},"schema":{"@context":"https:\/\/schema.org","@graph":[{"@type":"WebPage","@id":"https:\/\/multi-gyn.com\/rs\/zdravlje-vagine\/infekcije\/vaginalne-infekcije-i-antibiotici\/","url":"https:\/\/multi-gyn.com\/rs\/zdravlje-vagine\/infekcije\/vaginalne-infekcije-i-antibiotici\/","name":"Vaginalne infekcije i antibiotici - Multi-Gyn","isPartOf":{"@id":"https:\/\/multi-gyn.com\/rs\/#website"},"datePublished":"2022-12-12T07:29:21+00:00","dateModified":"2023-02-13T06:37:28+00:00","description":"Vaginalne infekcije mogu biti izazvane mnogim faktorima. Jedan od naj\u010de\u0161\u0107ih uzroka ovih infekcija je primena antibiotika. Saznajte vi\u0161e o tome kako antibiotici mogu da poremete ravnote\u017eu vaginalne flore i kako spre\u010diti nastanak vaginalnih tegoba kao nuspojava terapije antibioticima.","breadcrumb":{"@id":"https:\/\/multi-gyn.com\/rs\/zdravlje-vagine\/infekcije\/vaginalne-infekcije-i-antibiotici\/#breadcrumb"},"inLanguage":"sr-RS","potentialAction":[{"@type":"ReadAction","target":["https:\/\/multi-gyn.com\/rs\/zdravlje-vagine\/infekcije\/vaginalne-infekcije-i-antibiotici\/"]}]},{"@type":"BreadcrumbList","@id":"https:\/\/multi-gyn.com\/rs\/zdravlje-vagine\/infekcije\/vaginalne-infekcije-i-antibiotici\/#breadcrumb","itemListElement":[{"@type":"ListItem","position":1,"name":"Home","item":"https:\/\/multi-gyn.com\/rs\/"},{"@type":"ListItem","position":2,"name":"Zdravlje vagine","item":"https:\/\/multi-gyn.com\/rs\/zdravlje-vagine\/"},{"@type":"ListItem","position":3,"name":"Infekcije","item":"https:\/\/multi-gyn.com\/rs\/zdravlje-vagine\/infekcije\/"},{"@type":"ListItem","position":4,"name":"Vaginalne infekcije i antibiotici"}]},{"@type":"WebSite","@id":"https:\/\/multi-gyn.com\/rs\/#website","url":"https:\/\/multi-gyn.com\/rs\/","name":"Multi-Gyn","description":"","publisher":{"@id":"https:\/\/multi-gyn.com\/rs\/#organization"},"potentialAction":[{"@type":"SearchAction","target":{"@type":"EntryPoint","urlTemplate":"https:\/\/multi-gyn.com\/rs\/?s={search_term_string}"},"query-input":{"@type":"PropertyValueSpecification","valueRequired":true,"valueName":"search_term_string"}}],"inLanguage":"sr-RS"},{"@type":"Organization","@id":"https:\/\/multi-gyn.com\/rs\/#organization","name":"Multi-Gyn","url":"https:\/\/multi-gyn.com\/rs\/","logo":{"@type":"ImageObject","inLanguage":"sr-RS","@id":"https:\/\/multi-gyn.com\/rs\/#\/schema\/logo\/image\/","url":"https:\/\/multi-gyn.com\/app\/uploads\/sites\/35\/2022\/11\/multi-gyn-logo.png","contentUrl":"https:\/\/multi-gyn.com\/app\/uploads\/sites\/35\/2022\/11\/multi-gyn-logo.png","width":149,"height":32,"caption":"Multi-Gyn"},"image":{"@id":"https:\/\/multi-gyn.com\/rs\/#\/schema\/logo\/image\/"}}]}},"_links":{"self":[{"href":"https:\/\/multi-gyn.com\/rs\/wp-json\/wp\/v2\/pages\/372","targetHints":{"allow":["GET"]}}],"collection":[{"href":"https:\/\/multi-gyn.com\/rs\/wp-json\/wp\/v2\/pages"}],"about":[{"href":"https:\/\/multi-gyn.com\/rs\/wp-json\/wp\/v2\/types\/page"}],"author":[{"embeddable":true,"href":"https:\/\/multi-gyn.com\/rs\/wp-json\/wp\/v2\/users\/6"}],"replies":[{"embeddable":true,"href":"https:\/\/multi-gyn.com\/rs\/wp-json\/wp\/v2\/comments?post=372"}],"version-history":[{"count":5,"href":"https:\/\/multi-gyn.com\/rs\/wp-json\/wp\/v2\/pages\/372\/revisions"}],"predecessor-version":[{"id":702,"href":"https:\/\/multi-gyn.com\/rs\/wp-json\/wp\/v2\/pages\/372\/revisions\/702"}],"up":[{"embeddable":true,"href":"https:\/\/multi-gyn.com\/rs\/wp-json\/wp\/v2\/pages\/643"}],"wp:attachment":[{"href":"https:\/\/multi-gyn.com\/rs\/wp-json\/wp\/v2\/media?parent=372"}],"wp:term":[{"taxonomy":"from-article-database","embeddable":true,"href":"https:\/\/multi-gyn.com\/rs\/wp-json\/wp\/v2\/from-article-database?post=372"}],"curies":[{"name":"wp","href":"https:\/\/api.w.org\/{rel}","templated":true}]}}