{"id":385,"date":"2022-12-12T08:31:48","date_gmt":"2022-12-12T07:31:48","guid":{"rendered":"https:\/\/multi-gyn.com\/rs\/?page_id=385"},"modified":"2023-02-13T07:42:13","modified_gmt":"2023-02-13T06:42:13","slug":"da-li-je-moj-vaginalni-secret-normalan","status":"publish","type":"page","link":"https:\/\/multi-gyn.com\/rs\/zdravlje-vagine\/infekcije\/da-li-je-moj-vaginalni-secret-normalan\/","title":{"rendered":"Da li je prisustvo vaginalnog sekreta normalno?"},"content":{"rendered":"\n<div class=\"wp-block-karopharma-free-text pt-large pb-large bg-center bg-cover bg-no-repeat  is-style-primary\" style=\"background-image:url()\"><div class=\"free-text-wrapper container max-w-medium text-left\">\n<h1 class=\"wp-block-heading\"><strong><strong><strong>Da li je prisustvo vaginalnog sekreta normalno?<\/strong><\/strong><\/strong><\/h1>\n\n\n\n<p class=\"is-style-paragraph-preamble\">Prisustvo vaginalnog sekreta je normalno i ima nekoliko va\u017enih uloga, uklju\u010duju\u0107i \u010di\u0161\u0107enje i podmazivanje vagine i pomo\u0107 u prevenciji i borbi protiv infekcija. Provera va\u0161eg vaginalnog sekreta mo\u017ee vam pomo\u0107i da otkrijete na vreme potencijalne probleme i odr\u017eavate dobro vaginalno zdravlje.<\/p>\n<\/div><\/div>\n\n\n\n<div class=\"wp-block-karopharma-free-text pt-large pb-large bg-center bg-cover bg-no-repeat\" style=\"background-image:url()\"><div class=\"free-text-wrapper container max-w-medium text-left\">\n<h3 class=\"wp-block-heading\"><strong>\u0160ta je normalan vaginalni sekret?<\/strong><\/h3>\n\n\n\n<p>Normalan vaginalni sekret je obi\u010dno proziran ili beli\u010dast bez neprijatnog mirisa i mo\u017ee biti gu\u0161\u0107e ili re\u0111e konzistencije. Normalne vaginalne te\u010dnosti mogu varirati u teksturi. Mogu biti retke, lepljive, guste ili sluzave.<\/p>\n\n\n\n<p>Promene u teksturi i koli\u010dini vaginalnog sekreta mogu se uo\u010diti pre menstruacije, tokom ovulacije, dojenja, menopauze ili sekusalnog uzbu\u0111enja.<\/p>\n\n\n\n<p>Pored normalnog variranja vaginalnih te\u010dnosti, va\u017eno je razumeti razliku izme\u0111u normlanog i patolo\u0161kog vaginalnog sekreta. Ovo \u0107e vam pomo\u0107i da prepoznate, ukoliko promene u sekretu ukazaju na potencijalni problem ili zahtevaju dalja ispitvanja.<\/p>\n\n\n\n<h3 class=\"wp-block-heading\"><strong>Redovno proveravajte svoj sekret i obratite pa\u017enju na promene<\/strong><\/h3>\n\n\n\n<p>Redovno proveravajte svoj sekret i obratite pa\u017enju na promene.<\/p>\n\n\n\n<p>Veoma je va\u017eno redovno proveravati svoj vaginalni sekret i pratiti promene.<br>Promene koje mogu da ukazuju na problem:<\/p>\n\n\n\n<ul class=\"is-style-default wp-block-list\"><li>Promena u mirisu ( neprijatan miris ili nalik na ribu)<\/li><li>Promena u boji ( kada boja vu\u010de na zelenkasto ili sivkasto)<\/li><li>Promena u teksturi ( nalik na penu ili sirastu teksturu)<\/li><li>Vaginalni svarb, peckanje, otok ili crvenilo<\/li><li>Vaginalno ili ta\u010dkasto krvarenje koje nije deo menstruacije.<\/li><\/ul>\n\n\n\n<p>Bakterijske vaginoze i gljivi\u010dne infekcije su \u010desti uzro\u010dnici patolo\u0161kog vaginalnog sekreta. Pored njih, uzro\u010dnici mogu biti i infekcije koje se prenose sekusalnim putem, kao \u0161to je Gonokokna infekcija.<\/p>\n\n\n\n<p>Simptomi ovih infekcija mogu biti veoma sli\u010dni, ali ima odre\u0111enih razlika na koje bi trebalo obratiti pa\u017eanju:<\/p>\n\n\n\n<ul class=\"is-style-default wp-block-list\"><li>Kod gljivi\u010dnih infekcija, vaginalni sekret je neproziran, beo, gust i siraste strukture, miris ne mora biti jak, ali mo\u017ee biti prisutan svrab i peckanje.<\/li><li>Kod bakterijskih vaginoza sekret je redak i sivkaste boje sa neprijatnim mirisom, nalik na ribu.<\/li><li>Trihomonas vaginalis je vrlo \u010desta polno prenosiva bolest, koju karakteri\u0161e jak miris i penu\u0161av sekret \u017eute ili zelenkaste boje.<\/li><\/ul>\n\n\n\n<p>Ukoliko primete neke od navedenih promena, va\u017eno je da se javite va\u0161em lekaru.<\/p>\n<\/div><\/div>\n","protected":false},"excerpt":{"rendered":"","protected":false},"author":6,"featured_media":0,"parent":643,"menu_order":0,"comment_status":"closed","ping_status":"closed","template":"","meta":{"_acf_changed":false,"footnotes":""},"from-article-database":[],"class_list":["post-385","page","type-page","status-publish","hentry"],"acf":[],"yoast_head":"<!-- This site is optimized with the Yoast SEO plugin v26.6 - https:\/\/yoast.com\/wordpress\/plugins\/seo\/ -->\n<title>Da li je prisustvo vaginalnog sekreta normalno? - Multi-Gyn<\/title>\n<meta name=\"description\" content=\"Vaginalni secret je normalan I ima nekoliko va\u017enih uloga, uklju\u010duju\u0107i \u010di\u0161\u0107enje I podmazivanje vagine I pomo\u0107 u prevenciji I borbi protiv mikropskih problema I infekcija. Provera va\u0161eg vaginalnog sekreta mo\u017ee vam pomo\u0107i da rano otkrijete potencijalne problem, I da odr\u017eavate dobro vaginalno zdravlje.\" \/>\n<meta name=\"robots\" content=\"index, follow, max-snippet:-1, max-image-preview:large, max-video-preview:-1\" \/>\n<link rel=\"canonical\" href=\"https:\/\/multi-gyn.com\/rs\/zdravlje-vagine\/infekcije\/da-li-je-moj-vaginalni-secret-normalan\/\" \/>\n<meta property=\"og:locale\" content=\"sr_RS\" \/>\n<meta property=\"og:type\" content=\"article\" \/>\n<meta property=\"og:title\" content=\"Da li je prisustvo vaginalnog sekreta normalno? - Multi-Gyn\" \/>\n<meta property=\"og:description\" content=\"Vaginalni secret je normalan I ima nekoliko va\u017enih uloga, uklju\u010duju\u0107i \u010di\u0161\u0107enje I podmazivanje vagine I pomo\u0107 u prevenciji I borbi protiv mikropskih problema I infekcija. Provera va\u0161eg vaginalnog sekreta mo\u017ee vam pomo\u0107i da rano otkrijete potencijalne problem, I da odr\u017eavate dobro vaginalno zdravlje.\" \/>\n<meta property=\"og:url\" content=\"https:\/\/multi-gyn.com\/rs\/zdravlje-vagine\/infekcije\/da-li-je-moj-vaginalni-secret-normalan\/\" \/>\n<meta property=\"og:site_name\" content=\"Multi-Gyn\" \/>\n<meta property=\"article:modified_time\" content=\"2023-02-13T06:42:13+00:00\" \/>\n<meta name=\"twitter:card\" content=\"summary_large_image\" \/>\n<meta name=\"twitter:label1\" content=\"\u041f\u0440\u043e\u0446\u0435\u045a\u0435\u043d\u043e \u0432\u0440\u0435\u043c\u0435 \u0447\u0438\u0442\u0430\u045a\u0430\" \/>\n\t<meta name=\"twitter:data1\" content=\"2 \u043c\u0438\u043d\u0443\u0442\u0430\" \/>\n<script type=\"application\/ld+json\" class=\"yoast-schema-graph\">{\"@context\":\"https:\/\/schema.org\",\"@graph\":[{\"@type\":\"WebPage\",\"@id\":\"https:\/\/multi-gyn.com\/rs\/zdravlje-vagine\/infekcije\/da-li-je-moj-vaginalni-secret-normalan\/\",\"url\":\"https:\/\/multi-gyn.com\/rs\/zdravlje-vagine\/infekcije\/da-li-je-moj-vaginalni-secret-normalan\/\",\"name\":\"Da li je prisustvo vaginalnog sekreta normalno? - Multi-Gyn\",\"isPartOf\":{\"@id\":\"https:\/\/multi-gyn.com\/rs\/#website\"},\"datePublished\":\"2022-12-12T07:31:48+00:00\",\"dateModified\":\"2023-02-13T06:42:13+00:00\",\"description\":\"Vaginalni secret je normalan I ima nekoliko va\u017enih uloga, uklju\u010duju\u0107i \u010di\u0161\u0107enje I podmazivanje vagine I pomo\u0107 u prevenciji I borbi protiv mikropskih problema I infekcija. Provera va\u0161eg vaginalnog sekreta mo\u017ee vam pomo\u0107i da rano otkrijete potencijalne problem, I da odr\u017eavate dobro vaginalno zdravlje.\",\"breadcrumb\":{\"@id\":\"https:\/\/multi-gyn.com\/rs\/zdravlje-vagine\/infekcije\/da-li-je-moj-vaginalni-secret-normalan\/#breadcrumb\"},\"inLanguage\":\"sr-RS\",\"potentialAction\":[{\"@type\":\"ReadAction\",\"target\":[\"https:\/\/multi-gyn.com\/rs\/zdravlje-vagine\/infekcije\/da-li-je-moj-vaginalni-secret-normalan\/\"]}]},{\"@type\":\"BreadcrumbList\",\"@id\":\"https:\/\/multi-gyn.com\/rs\/zdravlje-vagine\/infekcije\/da-li-je-moj-vaginalni-secret-normalan\/#breadcrumb\",\"itemListElement\":[{\"@type\":\"ListItem\",\"position\":1,\"name\":\"Home\",\"item\":\"https:\/\/multi-gyn.com\/rs\/\"},{\"@type\":\"ListItem\",\"position\":2,\"name\":\"Zdravlje vagine\",\"item\":\"https:\/\/multi-gyn.com\/rs\/zdravlje-vagine\/\"},{\"@type\":\"ListItem\",\"position\":3,\"name\":\"Infekcije\",\"item\":\"https:\/\/multi-gyn.com\/rs\/zdravlje-vagine\/infekcije\/\"},{\"@type\":\"ListItem\",\"position\":4,\"name\":\"Da li je prisustvo vaginalnog sekreta normalno?\"}]},{\"@type\":\"WebSite\",\"@id\":\"https:\/\/multi-gyn.com\/rs\/#website\",\"url\":\"https:\/\/multi-gyn.com\/rs\/\",\"name\":\"Multi-Gyn\",\"description\":\"\",\"publisher\":{\"@id\":\"https:\/\/multi-gyn.com\/rs\/#organization\"},\"potentialAction\":[{\"@type\":\"SearchAction\",\"target\":{\"@type\":\"EntryPoint\",\"urlTemplate\":\"https:\/\/multi-gyn.com\/rs\/?s={search_term_string}\"},\"query-input\":{\"@type\":\"PropertyValueSpecification\",\"valueRequired\":true,\"valueName\":\"search_term_string\"}}],\"inLanguage\":\"sr-RS\"},{\"@type\":\"Organization\",\"@id\":\"https:\/\/multi-gyn.com\/rs\/#organization\",\"name\":\"Multi-Gyn\",\"url\":\"https:\/\/multi-gyn.com\/rs\/\",\"logo\":{\"@type\":\"ImageObject\",\"inLanguage\":\"sr-RS\",\"@id\":\"https:\/\/multi-gyn.com\/rs\/#\/schema\/logo\/image\/\",\"url\":\"https:\/\/multi-gyn.com\/app\/uploads\/sites\/35\/2022\/11\/multi-gyn-logo.png\",\"contentUrl\":\"https:\/\/multi-gyn.com\/app\/uploads\/sites\/35\/2022\/11\/multi-gyn-logo.png\",\"width\":149,\"height\":32,\"caption\":\"Multi-Gyn\"},\"image\":{\"@id\":\"https:\/\/multi-gyn.com\/rs\/#\/schema\/logo\/image\/\"}}]}<\/script>\n<!-- \/ Yoast SEO plugin. -->","yoast_head_json":{"title":"Da li je prisustvo vaginalnog sekreta normalno? - Multi-Gyn","description":"Vaginalni secret je normalan I ima nekoliko va\u017enih uloga, uklju\u010duju\u0107i \u010di\u0161\u0107enje I podmazivanje vagine I pomo\u0107 u prevenciji I borbi protiv mikropskih problema I infekcija. Provera va\u0161eg vaginalnog sekreta mo\u017ee vam pomo\u0107i da rano otkrijete potencijalne problem, I da odr\u017eavate dobro vaginalno zdravlje.","robots":{"index":"index","follow":"follow","max-snippet":"max-snippet:-1","max-image-preview":"max-image-preview:large","max-video-preview":"max-video-preview:-1"},"canonical":"https:\/\/multi-gyn.com\/rs\/zdravlje-vagine\/infekcije\/da-li-je-moj-vaginalni-secret-normalan\/","og_locale":"sr_RS","og_type":"article","og_title":"Da li je prisustvo vaginalnog sekreta normalno? - Multi-Gyn","og_description":"Vaginalni secret je normalan I ima nekoliko va\u017enih uloga, uklju\u010duju\u0107i \u010di\u0161\u0107enje I podmazivanje vagine I pomo\u0107 u prevenciji I borbi protiv mikropskih problema I infekcija. Provera va\u0161eg vaginalnog sekreta mo\u017ee vam pomo\u0107i da rano otkrijete potencijalne problem, I da odr\u017eavate dobro vaginalno zdravlje.","og_url":"https:\/\/multi-gyn.com\/rs\/zdravlje-vagine\/infekcije\/da-li-je-moj-vaginalni-secret-normalan\/","og_site_name":"Multi-Gyn","article_modified_time":"2023-02-13T06:42:13+00:00","twitter_card":"summary_large_image","twitter_misc":{"\u041f\u0440\u043e\u0446\u0435\u045a\u0435\u043d\u043e \u0432\u0440\u0435\u043c\u0435 \u0447\u0438\u0442\u0430\u045a\u0430":"2 \u043c\u0438\u043d\u0443\u0442\u0430"},"schema":{"@context":"https:\/\/schema.org","@graph":[{"@type":"WebPage","@id":"https:\/\/multi-gyn.com\/rs\/zdravlje-vagine\/infekcije\/da-li-je-moj-vaginalni-secret-normalan\/","url":"https:\/\/multi-gyn.com\/rs\/zdravlje-vagine\/infekcije\/da-li-je-moj-vaginalni-secret-normalan\/","name":"Da li je prisustvo vaginalnog sekreta normalno? - Multi-Gyn","isPartOf":{"@id":"https:\/\/multi-gyn.com\/rs\/#website"},"datePublished":"2022-12-12T07:31:48+00:00","dateModified":"2023-02-13T06:42:13+00:00","description":"Vaginalni secret je normalan I ima nekoliko va\u017enih uloga, uklju\u010duju\u0107i \u010di\u0161\u0107enje I podmazivanje vagine I pomo\u0107 u prevenciji I borbi protiv mikropskih problema I infekcija. Provera va\u0161eg vaginalnog sekreta mo\u017ee vam pomo\u0107i da rano otkrijete potencijalne problem, I da odr\u017eavate dobro vaginalno zdravlje.","breadcrumb":{"@id":"https:\/\/multi-gyn.com\/rs\/zdravlje-vagine\/infekcije\/da-li-je-moj-vaginalni-secret-normalan\/#breadcrumb"},"inLanguage":"sr-RS","potentialAction":[{"@type":"ReadAction","target":["https:\/\/multi-gyn.com\/rs\/zdravlje-vagine\/infekcije\/da-li-je-moj-vaginalni-secret-normalan\/"]}]},{"@type":"BreadcrumbList","@id":"https:\/\/multi-gyn.com\/rs\/zdravlje-vagine\/infekcije\/da-li-je-moj-vaginalni-secret-normalan\/#breadcrumb","itemListElement":[{"@type":"ListItem","position":1,"name":"Home","item":"https:\/\/multi-gyn.com\/rs\/"},{"@type":"ListItem","position":2,"name":"Zdravlje vagine","item":"https:\/\/multi-gyn.com\/rs\/zdravlje-vagine\/"},{"@type":"ListItem","position":3,"name":"Infekcije","item":"https:\/\/multi-gyn.com\/rs\/zdravlje-vagine\/infekcije\/"},{"@type":"ListItem","position":4,"name":"Da li je prisustvo vaginalnog sekreta normalno?"}]},{"@type":"WebSite","@id":"https:\/\/multi-gyn.com\/rs\/#website","url":"https:\/\/multi-gyn.com\/rs\/","name":"Multi-Gyn","description":"","publisher":{"@id":"https:\/\/multi-gyn.com\/rs\/#organization"},"potentialAction":[{"@type":"SearchAction","target":{"@type":"EntryPoint","urlTemplate":"https:\/\/multi-gyn.com\/rs\/?s={search_term_string}"},"query-input":{"@type":"PropertyValueSpecification","valueRequired":true,"valueName":"search_term_string"}}],"inLanguage":"sr-RS"},{"@type":"Organization","@id":"https:\/\/multi-gyn.com\/rs\/#organization","name":"Multi-Gyn","url":"https:\/\/multi-gyn.com\/rs\/","logo":{"@type":"ImageObject","inLanguage":"sr-RS","@id":"https:\/\/multi-gyn.com\/rs\/#\/schema\/logo\/image\/","url":"https:\/\/multi-gyn.com\/app\/uploads\/sites\/35\/2022\/11\/multi-gyn-logo.png","contentUrl":"https:\/\/multi-gyn.com\/app\/uploads\/sites\/35\/2022\/11\/multi-gyn-logo.png","width":149,"height":32,"caption":"Multi-Gyn"},"image":{"@id":"https:\/\/multi-gyn.com\/rs\/#\/schema\/logo\/image\/"}}]}},"_links":{"self":[{"href":"https:\/\/multi-gyn.com\/rs\/wp-json\/wp\/v2\/pages\/385","targetHints":{"allow":["GET"]}}],"collection":[{"href":"https:\/\/multi-gyn.com\/rs\/wp-json\/wp\/v2\/pages"}],"about":[{"href":"https:\/\/multi-gyn.com\/rs\/wp-json\/wp\/v2\/types\/page"}],"author":[{"embeddable":true,"href":"https:\/\/multi-gyn.com\/rs\/wp-json\/wp\/v2\/users\/6"}],"replies":[{"embeddable":true,"href":"https:\/\/multi-gyn.com\/rs\/wp-json\/wp\/v2\/comments?post=385"}],"version-history":[{"count":7,"href":"https:\/\/multi-gyn.com\/rs\/wp-json\/wp\/v2\/pages\/385\/revisions"}],"predecessor-version":[{"id":708,"href":"https:\/\/multi-gyn.com\/rs\/wp-json\/wp\/v2\/pages\/385\/revisions\/708"}],"up":[{"embeddable":true,"href":"https:\/\/multi-gyn.com\/rs\/wp-json\/wp\/v2\/pages\/643"}],"wp:attachment":[{"href":"https:\/\/multi-gyn.com\/rs\/wp-json\/wp\/v2\/media?parent=385"}],"wp:term":[{"taxonomy":"from-article-database","embeddable":true,"href":"https:\/\/multi-gyn.com\/rs\/wp-json\/wp\/v2\/from-article-database?post=385"}],"curies":[{"name":"wp","href":"https:\/\/api.w.org\/{rel}","templated":true}]}}