{"id":394,"date":"2022-12-12T08:43:57","date_gmt":"2022-12-12T07:43:57","guid":{"rendered":"https:\/\/multi-gyn.com\/rs\/?page_id=394"},"modified":"2023-03-02T08:29:13","modified_gmt":"2023-03-02T07:29:13","slug":"razlika-izedju-bakterijske-vaginoze-i-gljivicne-infekcije","status":"publish","type":"page","link":"https:\/\/multi-gyn.com\/rs\/zdravlje-vagine\/infekcije\/razlika-izedju-bakterijske-vaginoze-i-gljivicne-infekcije\/","title":{"rendered":"Razlika izme\u0111u bakterijske vaginoze i gljivi\u010dne infekcije"},"content":{"rendered":"\n<div class=\"wp-block-karopharma-free-text pt-large pb-large bg-center bg-cover bg-no-repeat  is-style-primary\" style=\"background-image:url()\"><div class=\"free-text-wrapper container max-w-medium text-left\">\n<h1 class=\"wp-block-heading\"><strong><strong><strong>Razlika izme\u0111u bakterijske vaginoze i gljivi\u010dne infekcije<\/strong><\/strong><\/strong><\/h1>\n\n\n\n<p class=\"is-style-paragraph-preamble\">Bakterijska vaginoza i gljivi\u010dna infekcija su dve naj\u010de\u0161\u0107e vaginalne tegobe. Dugi niz godina gljivi\u010dna infekcija se bolje razume i lak\u0161e tretira nego bakterijska vaginoza, \u0161to je dovelo do zablude da su izmenjeni sekret, svrab i bol u intimnoj regiji uzrokovani Kandidom.<\/p>\n<\/div><\/div>\n\n\n\n<div class=\"wp-block-karopharma-free-text pt-large pb-large bg-center bg-cover bg-no-repeat\" style=\"background-image:url()\"><div class=\"free-text-wrapper container max-w-medium text-left\">\n<p>Bakterijska vaginoza je \u010desta pojava kao i gljivi\u010dna infekcija i pojavljuje se kod 1\/3 \u017eena. Tretira se na potpuno druga\u010diji na\u010din od gljivi\u010dne infekcije. Da bi se pristupilo sa odgovaraju\u0107i tretmanom potrebno je na osnovu simptoma utvrditi koja vrsta infekcije je u pitanju, bakterijska ili gljivi\u010dna.<\/p>\n\n\n\n<h3 class=\"wp-block-heading\"><strong>Bakterijska vaginoza ili Gljivi\u010dna infekcija<\/strong><\/h3>\n\n\n\n<h3 class=\"is-style-heading-h4 wp-block-heading\">Koja je razlika izme\u0111u bakterijske vaginoze ili gljivi\u010dne infekcije?<\/h3>\n\n\n\n<figure class=\"wp-block-image size-full\"><img loading=\"lazy\" decoding=\"async\" width=\"563\" height=\"600\" src=\"https:\/\/multi-gyn.com\/app\/uploads\/sites\/35\/2023\/02\/Infographic-Bacterial-Vaginosis-versus-Yeast-1.png\" alt=\"\" class=\"wp-image-715\" srcset=\"https:\/\/multi-gyn.com\/app\/uploads\/sites\/35\/2023\/02\/Infographic-Bacterial-Vaginosis-versus-Yeast-1.png 563w, https:\/\/multi-gyn.com\/app\/uploads\/sites\/35\/2023\/02\/Infographic-Bacterial-Vaginosis-versus-Yeast-1-300x320.png 300w\" sizes=\"auto, (max-width: 563px) 100vw, 563px\" \/><\/figure>\n\n\n\n<h3 class=\"wp-block-heading\"><strong>Razli\u010diti simptomi<\/strong><\/h3>\n\n\n\n<p>Bakterijska vaginoza (BV) i gljivi\u010dna infekcija se odlikuju izmenjenim sekretom, ali je uzgeld sekreta prili\u010dno druga\u010diji. Dok BV uglavnom izaziva redak, vodenast sekret, bele ili \u017eute boje, sa posebnim mirisom na ribu, gljivi\u010dna infekcija se razlikuje po gustom, belom sekretu koji podse\u0107a na sir, sa blagim mirisom.<\/p>\n\n\n\n<p>\u017dene koje imaju kandidijazu uglavnom pate od veoma intenzivnog svraba i iritacije, a re\u0111e se javlja bol tokom seksualnog odnosa i mokrenja. Ko\u017ea vulve je roze ili crvene boje, ponekad sa belim naslagama koje se ne mogu otkloniti. Dok se iritacija i bol obi\u010dno vi\u0161e pojavljuju kod bakterijske vaginoze, svrab se re\u0111e vi\u0111a. pH vaginalne sredine je tako\u0111e razli\u010dit kod bakterijske vaginoze i gljivi\u010dne infekcije. Dok je normalan pH vagine kiseo, u BV postaje bazan, dok Candida nema uticaj na kiselost u vaginalnoj sredini. Ova razlika je osnova za naj\u010de\u0161\u0107e testove za vaginalnu infekciju.<\/p>\n\n\n\n<h3 class=\"wp-block-heading\"><strong>Dijagnosti\u010dki<\/strong><\/h3>\n\n\n\n<p>Nijedna od ove dve tegobe se ne smatra infekcijom, ve\u0107 poreme\u0107ajem vaginalne flore. Me\u0111utim, razlike izme\u0111u bakterijske vaginoze i gljivi\u010dne infekcije nisu uvek o\u010digledne i ponekad se \u010dak mo\u017ee me\u0161ti sa simptomima drugih, ozbiljnijih problema, tako da se preporu\u010duje da se posavetujete sa Va\u0161im ginekologom.<\/p>\n\n\n\n<p class=\"is-style-paragraph-preamble\"><em><mark style=\"background-color:rgba(0, 0, 0, 0)\" class=\"has-inline-color has-primary-color\">&#8222;Obe bakterijske vaginoze (BV) i gljivi\u010dna infekcija karakteri\u0161e izmenjen sekret, ali izgled sekreta je prili\u010dno druga\u010diji.&#8220;<\/mark><\/em><\/p>\n\n\n\n<h3 class=\"wp-block-heading\"><strong>Razli\u010diti tretmani<\/strong><\/h3>\n\n\n\n<p>Bakterijska vaginoza mo\u017ee da se tretira antibioticima, kao \u0161to je metronidazol ili sa prirodnim proizvodima i prebioticima koji bi obnovili ravnote\u017eu vaginalne flore. Bakterijska vaginoza le\u010dena antibioticima ima mnogo ve\u0107i uticaj na korisnu mikrofloru kao i na dobre bakterije (laktobacile), a antibiotici mogu imati i dosadne, ne\u017eeljene efekte. Kao rezultat toga, postoji visoka stopa recidiva ako se BV le\u010di antibioticima.<\/p>\n\n\n\n<p>Prirodni proizvodi su vi\u0161e usmereni na obnavljanje dobre vaginalne flore, ona ubija obe patogene (\u0161tetne) bakterije, kao i dobre bakterije. Sli\u010dno tome, candida mo\u017ee biti tretirana sa antimikoticima ili proizvodom koji vra\u0107a ravnote\u017eu i stimuli\u0161e prirodnu floru laktobacila u vagini. U slu\u010daju da odlu\u010dite da koristite intimne proizvode, preporu\u010dljivo je da posetite svog lekara ukoliko simptomi potraju.<\/p>\n\n\n\n<h3 class=\"wp-block-heading\"><strong>Nau\u010dite vi\u0161e o bakterijskoj vaginozi<\/strong><\/h3>\n\n\n\n<ul class=\"is-style-default wp-block-list\"><li><a href=\"https:\/\/www.multi-gyn.rs\/infekcije\/sve-sto-treba-da-znate-o-bakterijskoj-vaginozi\/\">Bakterijska vaginoza<\/a><\/li><li><a href=\"https:\/\/www.multi-gyn.rs\/infekcije\/vaginalna-gljivicna-infekcija\/\">Gljivi\u010dna infekcija<\/a><\/li><li><a href=\"https:\/\/www.multi-gyn.rs\/opsti\/vaginalni-ph-da-li-je-tvoja-vagina-kisela-ili-bazna\/\">pH vrednost vagine<\/a><\/li><\/ul>\n<\/div><\/div>\n","protected":false},"excerpt":{"rendered":"","protected":false},"author":6,"featured_media":0,"parent":643,"menu_order":0,"comment_status":"closed","ping_status":"closed","template":"","meta":{"_acf_changed":false,"footnotes":""},"from-article-database":[],"class_list":["post-394","page","type-page","status-publish","hentry"],"acf":[],"yoast_head":"<!-- This site is optimized with the Yoast SEO plugin v26.6 - https:\/\/yoast.com\/wordpress\/plugins\/seo\/ -->\n<title>Razlika izme\u0111u bakterijske vaginoze i gljivi\u010dne infekcije - Multi-Gyn<\/title>\n<meta name=\"description\" content=\"Bakterijska vaginoza i vaginalni sor su dve naj\u010de\u0161\u0107e vaginalne tegobe. Dugi niz godina sor se bolje razume i lak\u0161e tretira nego bakterijska vaginoza, \u0161to je dovelo do zablude da su izmenjen sekret, svrab i bol u intimnoj regiji uzrokovani Kandidom.\" \/>\n<meta name=\"robots\" content=\"index, follow, max-snippet:-1, max-image-preview:large, max-video-preview:-1\" \/>\n<link rel=\"canonical\" href=\"https:\/\/multi-gyn.com\/rs\/zdravlje-vagine\/infekcije\/razlika-izedju-bakterijske-vaginoze-i-gljivicne-infekcije\/\" \/>\n<meta property=\"og:locale\" content=\"sr_RS\" \/>\n<meta property=\"og:type\" content=\"article\" \/>\n<meta property=\"og:title\" content=\"Razlika izme\u0111u bakterijske vaginoze i gljivi\u010dne infekcije - Multi-Gyn\" \/>\n<meta property=\"og:description\" content=\"Bakterijska vaginoza i vaginalni sor su dve naj\u010de\u0161\u0107e vaginalne tegobe. Dugi niz godina sor se bolje razume i lak\u0161e tretira nego bakterijska vaginoza, \u0161to je dovelo do zablude da su izmenjen sekret, svrab i bol u intimnoj regiji uzrokovani Kandidom.\" \/>\n<meta property=\"og:url\" content=\"https:\/\/multi-gyn.com\/rs\/zdravlje-vagine\/infekcije\/razlika-izedju-bakterijske-vaginoze-i-gljivicne-infekcije\/\" \/>\n<meta property=\"og:site_name\" content=\"Multi-Gyn\" \/>\n<meta property=\"article:modified_time\" content=\"2023-03-02T07:29:13+00:00\" \/>\n<meta property=\"og:image\" content=\"https:\/\/multi-gyn.com\/app\/uploads\/sites\/35\/2023\/02\/Infographic-Bacterial-Vaginosis-versus-Yeast-1.png\" \/>\n<meta name=\"twitter:card\" content=\"summary_large_image\" \/>\n<meta name=\"twitter:label1\" content=\"\u041f\u0440\u043e\u0446\u0435\u045a\u0435\u043d\u043e \u0432\u0440\u0435\u043c\u0435 \u0447\u0438\u0442\u0430\u045a\u0430\" \/>\n\t<meta name=\"twitter:data1\" content=\"3 \u043c\u0438\u043d\u0443\u0442\u0430\" \/>\n<script type=\"application\/ld+json\" class=\"yoast-schema-graph\">{\"@context\":\"https:\/\/schema.org\",\"@graph\":[{\"@type\":\"WebPage\",\"@id\":\"https:\/\/multi-gyn.com\/rs\/zdravlje-vagine\/infekcije\/razlika-izedju-bakterijske-vaginoze-i-gljivicne-infekcije\/\",\"url\":\"https:\/\/multi-gyn.com\/rs\/zdravlje-vagine\/infekcije\/razlika-izedju-bakterijske-vaginoze-i-gljivicne-infekcije\/\",\"name\":\"Razlika izme\u0111u bakterijske vaginoze i gljivi\u010dne infekcije - Multi-Gyn\",\"isPartOf\":{\"@id\":\"https:\/\/multi-gyn.com\/rs\/#website\"},\"primaryImageOfPage\":{\"@id\":\"https:\/\/multi-gyn.com\/rs\/zdravlje-vagine\/infekcije\/razlika-izedju-bakterijske-vaginoze-i-gljivicne-infekcije\/#primaryimage\"},\"image\":{\"@id\":\"https:\/\/multi-gyn.com\/rs\/zdravlje-vagine\/infekcije\/razlika-izedju-bakterijske-vaginoze-i-gljivicne-infekcije\/#primaryimage\"},\"thumbnailUrl\":\"https:\/\/multi-gyn.com\/app\/uploads\/sites\/35\/2023\/02\/Infographic-Bacterial-Vaginosis-versus-Yeast-1.png\",\"datePublished\":\"2022-12-12T07:43:57+00:00\",\"dateModified\":\"2023-03-02T07:29:13+00:00\",\"description\":\"Bakterijska vaginoza i vaginalni sor su dve naj\u010de\u0161\u0107e vaginalne tegobe. Dugi niz godina sor se bolje razume i lak\u0161e tretira nego bakterijska vaginoza, \u0161to je dovelo do zablude da su izmenjen sekret, svrab i bol u intimnoj regiji uzrokovani Kandidom.\",\"breadcrumb\":{\"@id\":\"https:\/\/multi-gyn.com\/rs\/zdravlje-vagine\/infekcije\/razlika-izedju-bakterijske-vaginoze-i-gljivicne-infekcije\/#breadcrumb\"},\"inLanguage\":\"sr-RS\",\"potentialAction\":[{\"@type\":\"ReadAction\",\"target\":[\"https:\/\/multi-gyn.com\/rs\/zdravlje-vagine\/infekcije\/razlika-izedju-bakterijske-vaginoze-i-gljivicne-infekcije\/\"]}]},{\"@type\":\"ImageObject\",\"inLanguage\":\"sr-RS\",\"@id\":\"https:\/\/multi-gyn.com\/rs\/zdravlje-vagine\/infekcije\/razlika-izedju-bakterijske-vaginoze-i-gljivicne-infekcije\/#primaryimage\",\"url\":\"https:\/\/multi-gyn.com\/app\/uploads\/sites\/35\/2023\/02\/Infographic-Bacterial-Vaginosis-versus-Yeast-1.png\",\"contentUrl\":\"https:\/\/multi-gyn.com\/app\/uploads\/sites\/35\/2023\/02\/Infographic-Bacterial-Vaginosis-versus-Yeast-1.png\"},{\"@type\":\"BreadcrumbList\",\"@id\":\"https:\/\/multi-gyn.com\/rs\/zdravlje-vagine\/infekcije\/razlika-izedju-bakterijske-vaginoze-i-gljivicne-infekcije\/#breadcrumb\",\"itemListElement\":[{\"@type\":\"ListItem\",\"position\":1,\"name\":\"Home\",\"item\":\"https:\/\/multi-gyn.com\/rs\/\"},{\"@type\":\"ListItem\",\"position\":2,\"name\":\"Zdravlje vagine\",\"item\":\"https:\/\/multi-gyn.com\/rs\/zdravlje-vagine\/\"},{\"@type\":\"ListItem\",\"position\":3,\"name\":\"Infekcije\",\"item\":\"https:\/\/multi-gyn.com\/rs\/zdravlje-vagine\/infekcije\/\"},{\"@type\":\"ListItem\",\"position\":4,\"name\":\"Razlika izme\u0111u bakterijske vaginoze i gljivi\u010dne infekcije\"}]},{\"@type\":\"WebSite\",\"@id\":\"https:\/\/multi-gyn.com\/rs\/#website\",\"url\":\"https:\/\/multi-gyn.com\/rs\/\",\"name\":\"Multi-Gyn\",\"description\":\"\",\"publisher\":{\"@id\":\"https:\/\/multi-gyn.com\/rs\/#organization\"},\"potentialAction\":[{\"@type\":\"SearchAction\",\"target\":{\"@type\":\"EntryPoint\",\"urlTemplate\":\"https:\/\/multi-gyn.com\/rs\/?s={search_term_string}\"},\"query-input\":{\"@type\":\"PropertyValueSpecification\",\"valueRequired\":true,\"valueName\":\"search_term_string\"}}],\"inLanguage\":\"sr-RS\"},{\"@type\":\"Organization\",\"@id\":\"https:\/\/multi-gyn.com\/rs\/#organization\",\"name\":\"Multi-Gyn\",\"url\":\"https:\/\/multi-gyn.com\/rs\/\",\"logo\":{\"@type\":\"ImageObject\",\"inLanguage\":\"sr-RS\",\"@id\":\"https:\/\/multi-gyn.com\/rs\/#\/schema\/logo\/image\/\",\"url\":\"https:\/\/multi-gyn.com\/app\/uploads\/sites\/35\/2022\/11\/multi-gyn-logo.png\",\"contentUrl\":\"https:\/\/multi-gyn.com\/app\/uploads\/sites\/35\/2022\/11\/multi-gyn-logo.png\",\"width\":149,\"height\":32,\"caption\":\"Multi-Gyn\"},\"image\":{\"@id\":\"https:\/\/multi-gyn.com\/rs\/#\/schema\/logo\/image\/\"}}]}<\/script>\n<!-- \/ Yoast SEO plugin. -->","yoast_head_json":{"title":"Razlika izme\u0111u bakterijske vaginoze i gljivi\u010dne infekcije - Multi-Gyn","description":"Bakterijska vaginoza i vaginalni sor su dve naj\u010de\u0161\u0107e vaginalne tegobe. Dugi niz godina sor se bolje razume i lak\u0161e tretira nego bakterijska vaginoza, \u0161to je dovelo do zablude da su izmenjen sekret, svrab i bol u intimnoj regiji uzrokovani Kandidom.","robots":{"index":"index","follow":"follow","max-snippet":"max-snippet:-1","max-image-preview":"max-image-preview:large","max-video-preview":"max-video-preview:-1"},"canonical":"https:\/\/multi-gyn.com\/rs\/zdravlje-vagine\/infekcije\/razlika-izedju-bakterijske-vaginoze-i-gljivicne-infekcije\/","og_locale":"sr_RS","og_type":"article","og_title":"Razlika izme\u0111u bakterijske vaginoze i gljivi\u010dne infekcije - Multi-Gyn","og_description":"Bakterijska vaginoza i vaginalni sor su dve naj\u010de\u0161\u0107e vaginalne tegobe. Dugi niz godina sor se bolje razume i lak\u0161e tretira nego bakterijska vaginoza, \u0161to je dovelo do zablude da su izmenjen sekret, svrab i bol u intimnoj regiji uzrokovani Kandidom.","og_url":"https:\/\/multi-gyn.com\/rs\/zdravlje-vagine\/infekcije\/razlika-izedju-bakterijske-vaginoze-i-gljivicne-infekcije\/","og_site_name":"Multi-Gyn","article_modified_time":"2023-03-02T07:29:13+00:00","og_image":[{"url":"https:\/\/multi-gyn.com\/app\/uploads\/sites\/35\/2023\/02\/Infographic-Bacterial-Vaginosis-versus-Yeast-1.png","type":"","width":"","height":""}],"twitter_card":"summary_large_image","twitter_misc":{"\u041f\u0440\u043e\u0446\u0435\u045a\u0435\u043d\u043e \u0432\u0440\u0435\u043c\u0435 \u0447\u0438\u0442\u0430\u045a\u0430":"3 \u043c\u0438\u043d\u0443\u0442\u0430"},"schema":{"@context":"https:\/\/schema.org","@graph":[{"@type":"WebPage","@id":"https:\/\/multi-gyn.com\/rs\/zdravlje-vagine\/infekcije\/razlika-izedju-bakterijske-vaginoze-i-gljivicne-infekcije\/","url":"https:\/\/multi-gyn.com\/rs\/zdravlje-vagine\/infekcije\/razlika-izedju-bakterijske-vaginoze-i-gljivicne-infekcije\/","name":"Razlika izme\u0111u bakterijske vaginoze i gljivi\u010dne infekcije - Multi-Gyn","isPartOf":{"@id":"https:\/\/multi-gyn.com\/rs\/#website"},"primaryImageOfPage":{"@id":"https:\/\/multi-gyn.com\/rs\/zdravlje-vagine\/infekcije\/razlika-izedju-bakterijske-vaginoze-i-gljivicne-infekcije\/#primaryimage"},"image":{"@id":"https:\/\/multi-gyn.com\/rs\/zdravlje-vagine\/infekcije\/razlika-izedju-bakterijske-vaginoze-i-gljivicne-infekcije\/#primaryimage"},"thumbnailUrl":"https:\/\/multi-gyn.com\/app\/uploads\/sites\/35\/2023\/02\/Infographic-Bacterial-Vaginosis-versus-Yeast-1.png","datePublished":"2022-12-12T07:43:57+00:00","dateModified":"2023-03-02T07:29:13+00:00","description":"Bakterijska vaginoza i vaginalni sor su dve naj\u010de\u0161\u0107e vaginalne tegobe. Dugi niz godina sor se bolje razume i lak\u0161e tretira nego bakterijska vaginoza, \u0161to je dovelo do zablude da su izmenjen sekret, svrab i bol u intimnoj regiji uzrokovani Kandidom.","breadcrumb":{"@id":"https:\/\/multi-gyn.com\/rs\/zdravlje-vagine\/infekcije\/razlika-izedju-bakterijske-vaginoze-i-gljivicne-infekcije\/#breadcrumb"},"inLanguage":"sr-RS","potentialAction":[{"@type":"ReadAction","target":["https:\/\/multi-gyn.com\/rs\/zdravlje-vagine\/infekcije\/razlika-izedju-bakterijske-vaginoze-i-gljivicne-infekcije\/"]}]},{"@type":"ImageObject","inLanguage":"sr-RS","@id":"https:\/\/multi-gyn.com\/rs\/zdravlje-vagine\/infekcije\/razlika-izedju-bakterijske-vaginoze-i-gljivicne-infekcije\/#primaryimage","url":"https:\/\/multi-gyn.com\/app\/uploads\/sites\/35\/2023\/02\/Infographic-Bacterial-Vaginosis-versus-Yeast-1.png","contentUrl":"https:\/\/multi-gyn.com\/app\/uploads\/sites\/35\/2023\/02\/Infographic-Bacterial-Vaginosis-versus-Yeast-1.png"},{"@type":"BreadcrumbList","@id":"https:\/\/multi-gyn.com\/rs\/zdravlje-vagine\/infekcije\/razlika-izedju-bakterijske-vaginoze-i-gljivicne-infekcije\/#breadcrumb","itemListElement":[{"@type":"ListItem","position":1,"name":"Home","item":"https:\/\/multi-gyn.com\/rs\/"},{"@type":"ListItem","position":2,"name":"Zdravlje vagine","item":"https:\/\/multi-gyn.com\/rs\/zdravlje-vagine\/"},{"@type":"ListItem","position":3,"name":"Infekcije","item":"https:\/\/multi-gyn.com\/rs\/zdravlje-vagine\/infekcije\/"},{"@type":"ListItem","position":4,"name":"Razlika izme\u0111u bakterijske vaginoze i gljivi\u010dne infekcije"}]},{"@type":"WebSite","@id":"https:\/\/multi-gyn.com\/rs\/#website","url":"https:\/\/multi-gyn.com\/rs\/","name":"Multi-Gyn","description":"","publisher":{"@id":"https:\/\/multi-gyn.com\/rs\/#organization"},"potentialAction":[{"@type":"SearchAction","target":{"@type":"EntryPoint","urlTemplate":"https:\/\/multi-gyn.com\/rs\/?s={search_term_string}"},"query-input":{"@type":"PropertyValueSpecification","valueRequired":true,"valueName":"search_term_string"}}],"inLanguage":"sr-RS"},{"@type":"Organization","@id":"https:\/\/multi-gyn.com\/rs\/#organization","name":"Multi-Gyn","url":"https:\/\/multi-gyn.com\/rs\/","logo":{"@type":"ImageObject","inLanguage":"sr-RS","@id":"https:\/\/multi-gyn.com\/rs\/#\/schema\/logo\/image\/","url":"https:\/\/multi-gyn.com\/app\/uploads\/sites\/35\/2022\/11\/multi-gyn-logo.png","contentUrl":"https:\/\/multi-gyn.com\/app\/uploads\/sites\/35\/2022\/11\/multi-gyn-logo.png","width":149,"height":32,"caption":"Multi-Gyn"},"image":{"@id":"https:\/\/multi-gyn.com\/rs\/#\/schema\/logo\/image\/"}}]}},"_links":{"self":[{"href":"https:\/\/multi-gyn.com\/rs\/wp-json\/wp\/v2\/pages\/394","targetHints":{"allow":["GET"]}}],"collection":[{"href":"https:\/\/multi-gyn.com\/rs\/wp-json\/wp\/v2\/pages"}],"about":[{"href":"https:\/\/multi-gyn.com\/rs\/wp-json\/wp\/v2\/types\/page"}],"author":[{"embeddable":true,"href":"https:\/\/multi-gyn.com\/rs\/wp-json\/wp\/v2\/users\/6"}],"replies":[{"embeddable":true,"href":"https:\/\/multi-gyn.com\/rs\/wp-json\/wp\/v2\/comments?post=394"}],"version-history":[{"count":9,"href":"https:\/\/multi-gyn.com\/rs\/wp-json\/wp\/v2\/pages\/394\/revisions"}],"predecessor-version":[{"id":729,"href":"https:\/\/multi-gyn.com\/rs\/wp-json\/wp\/v2\/pages\/394\/revisions\/729"}],"up":[{"embeddable":true,"href":"https:\/\/multi-gyn.com\/rs\/wp-json\/wp\/v2\/pages\/643"}],"wp:attachment":[{"href":"https:\/\/multi-gyn.com\/rs\/wp-json\/wp\/v2\/media?parent=394"}],"wp:term":[{"taxonomy":"from-article-database","embeddable":true,"href":"https:\/\/multi-gyn.com\/rs\/wp-json\/wp\/v2\/from-article-database?post=394"}],"curies":[{"name":"wp","href":"https:\/\/api.w.org\/{rel}","templated":true}]}}