{"id":404,"date":"2022-12-12T08:46:00","date_gmt":"2022-12-12T07:46:00","guid":{"rendered":"https:\/\/multi-gyn.com\/rs\/?page_id=404"},"modified":"2022-12-12T10:31:19","modified_gmt":"2022-12-12T09:31:19","slug":"uzroci-vaginalnih-infekcija","status":"publish","type":"page","link":"https:\/\/multi-gyn.com\/rs\/zdravlje-vagine\/infekcije\/uzroci-vaginalnih-infekcija\/","title":{"rendered":"Uzroci vaginalnih infekcija"},"content":{"rendered":"\n<div class=\"wp-block-karopharma-free-text pt-large pb-large bg-center bg-cover bg-no-repeat  is-style-primary\" style=\"background-image:url()\"><div class=\"free-text-wrapper container max-w-medium text-left\">\n<h1 class=\"wp-block-heading\"><strong><strong><strong>Uzroci vaginalnih infekcija<\/strong><\/strong><\/strong><\/h1>\n\n\n\n<p class=\"is-style-paragraph-preamble\">Ako ste ikada do\u017eiveli intimne tegobe kao \u0161to su sekret, svrab, peckanje, bol ili neprijatan miris, verovatno ste patili od vaginalne infekcije ili vaginitisa. Naj\u010de\u0161\u0107e infekcije su bakterijska vaginoza i sor (gljivi\u010dna infekcija), obe se smatraju disbalansom vaginalne flore.<\/p>\n<\/div><\/div>\n\n\n\n<div class=\"wp-block-karopharma-free-text pt-large pb-large bg-center bg-cover bg-no-repeat\" style=\"background-image:url()\"><div class=\"free-text-wrapper container max-w-medium text-left\">\n<p>Bakterijska vaginoza mo\u017ee biti prepoznata po peckanju i bolu u intimnoj regiji i retkim sivim ili belim sekretom sa karakteristi\u010dnim mirisom poput ribe. Gljivi\u010dna infekcija je najpoznatija po svrabu i iritaciji vaginalne regije, kao i gustom belom sekretu, koji se naj\u010de\u0161\u0107e se opisuje kao sli\u010dan siru.<\/p>\n\n\n\n<h3 class=\"is-style-heading-h2 wp-block-heading\"><strong>\u0160ta izaziva vaginalnu infekciju?<\/strong><\/h3>\n\n\n\n<p>Neravnote\u017ea vaginalne flore je jedan od naj\u010de\u0161\u0107ih uzroka vaginalnih infekcija. Kada se smanjuje broj dobrih bakterija koje \u017eive unutar vagine, lo\u0161e bakterije i gljivice po\u010dinju brzo da rastu, izazivaju\u0107i nelagodu i infekciju.<\/p>\n\n\n\n<p>Neravnote\u017ea se mo\u017ee desiti ili nakon upotrebe antibiotika, zbog hormonalnih promena, posle upotrebe higijenskih proizvoda kao \u0161to su sapun, primena kupke za tu\u0161iraje ili losiona, ili \u010dak posle upotrebe intimnih proizvoda, uklju\u010duju\u0107i vaginalne sprejeve i kondome.<\/p>\n\n\n\n<p><em>&#8222;Neravnote\u017ea vaginalne flore je jedan od naj\u010de\u0161\u0107ih uzroka vaginalnih infekcija.&#8220;<\/em><\/p>\n\n\n\n<p>Vaginalne tegobe se tako\u0111e mogu javiti zbog iritanasa i alergena prisutnih u deterd\u017eentima za pranje ve\u0161a ili omek\u0161iva\u010da koji se koriste, a ponekad \u010dak i iz hemikalija koje se koriste za bojenje ode\u0107e. Sintetski donji ve\u0161 mo\u017ee izazvati iritaciju i potencirati rast gljivica,kao I ulo\u0161ci koji sadr\u017ee mirise i boje. Rezultat mo\u017ee biti prekomerni rast bakterija , \u0161to dovodi do bakterijske vaginoze ili gljvi\u010dne infekcije. Tegobe tako\u0111e mogu biti uzrokovane seksualno prenosivim infekcijama.<\/p>\n\n\n\n<h3 class=\"is-style-heading-h2 wp-block-heading\"><strong>Uticaj hormona<\/strong><\/h3>\n\n\n\n<p>Jo\u0161 jedan va\u017ean faktor koji mo\u017ee da uti\u010de na zdravlje Va\u0161e vagine je hormonalni status. Smatra se da promene u nivoima hormona imaju uticaj na razvoj vaginalne infekcije. To tako\u0111e mo\u017ee izazvati i druge probleme.<\/p>\n\n\n\n<p>Nivo estrogena mo\u017ee da padne pred menstruaciju, tokom trudno\u0107e ili dojenja ali i tokom menopauze. Ovo smanjuje prirodno podmazivanje zidova vagine , \u010dine\u0107i vaginu suvom i sklonim o\u0161te\u0107enju prilikom penetracije. To dovodi do pojave bola tokom seksualnog odnosa, upale i tegoba.<\/p>\n\n\n\n<p>Ako osetite simptome kao \u0161to su sekret, neprijatan miris, bol, svrab, peckanje ili osetljivost, obratite se svom lekaru da biste dobili odgovaraju\u0107e le\u010denje i spre\u010dili dalje komplikacije.<\/p>\n<\/div><\/div>\n","protected":false},"excerpt":{"rendered":"","protected":false},"author":6,"featured_media":0,"parent":643,"menu_order":0,"comment_status":"closed","ping_status":"closed","template":"","meta":{"_acf_changed":false,"footnotes":""},"from-article-database":[],"class_list":["post-404","page","type-page","status-publish","hentry"],"acf":[],"yoast_head":"<!-- This site is optimized with the Yoast SEO plugin v26.6 - https:\/\/yoast.com\/wordpress\/plugins\/seo\/ -->\n<title>Uzroci vaginalnih infekcija - Multi-Gyn<\/title>\n<meta name=\"description\" content=\"Ako ste ikada do\u017eiveli intimne tegobe kao \u0161to su sekret, svrab, peckanje, bol ili neprijatan miris, verovatno ste patili od vaginalne infekcije ili vaginitisa. Naj\u010de\u0161\u0107e infekcije su bakterijska vaginoza i sor (gljivi\u010dna infekcija), obe se smatraju disbalansom vaginalne flore.\" \/>\n<meta name=\"robots\" content=\"index, follow, max-snippet:-1, max-image-preview:large, max-video-preview:-1\" \/>\n<link rel=\"canonical\" href=\"https:\/\/multi-gyn.com\/rs\/zdravlje-vagine\/infekcije\/uzroci-vaginalnih-infekcija\/\" \/>\n<meta property=\"og:locale\" content=\"sr_RS\" \/>\n<meta property=\"og:type\" content=\"article\" \/>\n<meta property=\"og:title\" content=\"Uzroci vaginalnih infekcija - Multi-Gyn\" \/>\n<meta property=\"og:description\" content=\"Ako ste ikada do\u017eiveli intimne tegobe kao \u0161to su sekret, svrab, peckanje, bol ili neprijatan miris, verovatno ste patili od vaginalne infekcije ili vaginitisa. Naj\u010de\u0161\u0107e infekcije su bakterijska vaginoza i sor (gljivi\u010dna infekcija), obe se smatraju disbalansom vaginalne flore.\" \/>\n<meta property=\"og:url\" content=\"https:\/\/multi-gyn.com\/rs\/zdravlje-vagine\/infekcije\/uzroci-vaginalnih-infekcija\/\" \/>\n<meta property=\"og:site_name\" content=\"Multi-Gyn\" \/>\n<meta property=\"article:modified_time\" content=\"2022-12-12T09:31:19+00:00\" \/>\n<meta name=\"twitter:card\" content=\"summary_large_image\" \/>\n<meta name=\"twitter:label1\" content=\"\u041f\u0440\u043e\u0446\u0435\u045a\u0435\u043d\u043e \u0432\u0440\u0435\u043c\u0435 \u0447\u0438\u0442\u0430\u045a\u0430\" \/>\n\t<meta name=\"twitter:data1\" content=\"2 \u043c\u0438\u043d\u0443\u0442\u0430\" \/>\n<script type=\"application\/ld+json\" class=\"yoast-schema-graph\">{\"@context\":\"https:\/\/schema.org\",\"@graph\":[{\"@type\":\"WebPage\",\"@id\":\"https:\/\/multi-gyn.com\/rs\/zdravlje-vagine\/infekcije\/uzroci-vaginalnih-infekcija\/\",\"url\":\"https:\/\/multi-gyn.com\/rs\/zdravlje-vagine\/infekcije\/uzroci-vaginalnih-infekcija\/\",\"name\":\"Uzroci vaginalnih infekcija - Multi-Gyn\",\"isPartOf\":{\"@id\":\"https:\/\/multi-gyn.com\/rs\/#website\"},\"datePublished\":\"2022-12-12T07:46:00+00:00\",\"dateModified\":\"2022-12-12T09:31:19+00:00\",\"description\":\"Ako ste ikada do\u017eiveli intimne tegobe kao \u0161to su sekret, svrab, peckanje, bol ili neprijatan miris, verovatno ste patili od vaginalne infekcije ili vaginitisa. Naj\u010de\u0161\u0107e infekcije su bakterijska vaginoza i sor (gljivi\u010dna infekcija), obe se smatraju disbalansom vaginalne flore.\",\"breadcrumb\":{\"@id\":\"https:\/\/multi-gyn.com\/rs\/zdravlje-vagine\/infekcije\/uzroci-vaginalnih-infekcija\/#breadcrumb\"},\"inLanguage\":\"sr-RS\",\"potentialAction\":[{\"@type\":\"ReadAction\",\"target\":[\"https:\/\/multi-gyn.com\/rs\/zdravlje-vagine\/infekcije\/uzroci-vaginalnih-infekcija\/\"]}]},{\"@type\":\"BreadcrumbList\",\"@id\":\"https:\/\/multi-gyn.com\/rs\/zdravlje-vagine\/infekcije\/uzroci-vaginalnih-infekcija\/#breadcrumb\",\"itemListElement\":[{\"@type\":\"ListItem\",\"position\":1,\"name\":\"Home\",\"item\":\"https:\/\/multi-gyn.com\/rs\/\"},{\"@type\":\"ListItem\",\"position\":2,\"name\":\"Zdravlje vagine\",\"item\":\"https:\/\/multi-gyn.com\/rs\/zdravlje-vagine\/\"},{\"@type\":\"ListItem\",\"position\":3,\"name\":\"Infekcije\",\"item\":\"https:\/\/multi-gyn.com\/rs\/zdravlje-vagine\/infekcije\/\"},{\"@type\":\"ListItem\",\"position\":4,\"name\":\"Uzroci vaginalnih infekcija\"}]},{\"@type\":\"WebSite\",\"@id\":\"https:\/\/multi-gyn.com\/rs\/#website\",\"url\":\"https:\/\/multi-gyn.com\/rs\/\",\"name\":\"Multi-Gyn\",\"description\":\"\",\"publisher\":{\"@id\":\"https:\/\/multi-gyn.com\/rs\/#organization\"},\"potentialAction\":[{\"@type\":\"SearchAction\",\"target\":{\"@type\":\"EntryPoint\",\"urlTemplate\":\"https:\/\/multi-gyn.com\/rs\/?s={search_term_string}\"},\"query-input\":{\"@type\":\"PropertyValueSpecification\",\"valueRequired\":true,\"valueName\":\"search_term_string\"}}],\"inLanguage\":\"sr-RS\"},{\"@type\":\"Organization\",\"@id\":\"https:\/\/multi-gyn.com\/rs\/#organization\",\"name\":\"Multi-Gyn\",\"url\":\"https:\/\/multi-gyn.com\/rs\/\",\"logo\":{\"@type\":\"ImageObject\",\"inLanguage\":\"sr-RS\",\"@id\":\"https:\/\/multi-gyn.com\/rs\/#\/schema\/logo\/image\/\",\"url\":\"https:\/\/multi-gyn.com\/app\/uploads\/sites\/35\/2022\/11\/multi-gyn-logo.png\",\"contentUrl\":\"https:\/\/multi-gyn.com\/app\/uploads\/sites\/35\/2022\/11\/multi-gyn-logo.png\",\"width\":149,\"height\":32,\"caption\":\"Multi-Gyn\"},\"image\":{\"@id\":\"https:\/\/multi-gyn.com\/rs\/#\/schema\/logo\/image\/\"}}]}<\/script>\n<!-- \/ Yoast SEO plugin. -->","yoast_head_json":{"title":"Uzroci vaginalnih infekcija - Multi-Gyn","description":"Ako ste ikada do\u017eiveli intimne tegobe kao \u0161to su sekret, svrab, peckanje, bol ili neprijatan miris, verovatno ste patili od vaginalne infekcije ili vaginitisa. Naj\u010de\u0161\u0107e infekcije su bakterijska vaginoza i sor (gljivi\u010dna infekcija), obe se smatraju disbalansom vaginalne flore.","robots":{"index":"index","follow":"follow","max-snippet":"max-snippet:-1","max-image-preview":"max-image-preview:large","max-video-preview":"max-video-preview:-1"},"canonical":"https:\/\/multi-gyn.com\/rs\/zdravlje-vagine\/infekcije\/uzroci-vaginalnih-infekcija\/","og_locale":"sr_RS","og_type":"article","og_title":"Uzroci vaginalnih infekcija - Multi-Gyn","og_description":"Ako ste ikada do\u017eiveli intimne tegobe kao \u0161to su sekret, svrab, peckanje, bol ili neprijatan miris, verovatno ste patili od vaginalne infekcije ili vaginitisa. Naj\u010de\u0161\u0107e infekcije su bakterijska vaginoza i sor (gljivi\u010dna infekcija), obe se smatraju disbalansom vaginalne flore.","og_url":"https:\/\/multi-gyn.com\/rs\/zdravlje-vagine\/infekcije\/uzroci-vaginalnih-infekcija\/","og_site_name":"Multi-Gyn","article_modified_time":"2022-12-12T09:31:19+00:00","twitter_card":"summary_large_image","twitter_misc":{"\u041f\u0440\u043e\u0446\u0435\u045a\u0435\u043d\u043e \u0432\u0440\u0435\u043c\u0435 \u0447\u0438\u0442\u0430\u045a\u0430":"2 \u043c\u0438\u043d\u0443\u0442\u0430"},"schema":{"@context":"https:\/\/schema.org","@graph":[{"@type":"WebPage","@id":"https:\/\/multi-gyn.com\/rs\/zdravlje-vagine\/infekcije\/uzroci-vaginalnih-infekcija\/","url":"https:\/\/multi-gyn.com\/rs\/zdravlje-vagine\/infekcije\/uzroci-vaginalnih-infekcija\/","name":"Uzroci vaginalnih infekcija - Multi-Gyn","isPartOf":{"@id":"https:\/\/multi-gyn.com\/rs\/#website"},"datePublished":"2022-12-12T07:46:00+00:00","dateModified":"2022-12-12T09:31:19+00:00","description":"Ako ste ikada do\u017eiveli intimne tegobe kao \u0161to su sekret, svrab, peckanje, bol ili neprijatan miris, verovatno ste patili od vaginalne infekcije ili vaginitisa. Naj\u010de\u0161\u0107e infekcije su bakterijska vaginoza i sor (gljivi\u010dna infekcija), obe se smatraju disbalansom vaginalne flore.","breadcrumb":{"@id":"https:\/\/multi-gyn.com\/rs\/zdravlje-vagine\/infekcije\/uzroci-vaginalnih-infekcija\/#breadcrumb"},"inLanguage":"sr-RS","potentialAction":[{"@type":"ReadAction","target":["https:\/\/multi-gyn.com\/rs\/zdravlje-vagine\/infekcije\/uzroci-vaginalnih-infekcija\/"]}]},{"@type":"BreadcrumbList","@id":"https:\/\/multi-gyn.com\/rs\/zdravlje-vagine\/infekcije\/uzroci-vaginalnih-infekcija\/#breadcrumb","itemListElement":[{"@type":"ListItem","position":1,"name":"Home","item":"https:\/\/multi-gyn.com\/rs\/"},{"@type":"ListItem","position":2,"name":"Zdravlje vagine","item":"https:\/\/multi-gyn.com\/rs\/zdravlje-vagine\/"},{"@type":"ListItem","position":3,"name":"Infekcije","item":"https:\/\/multi-gyn.com\/rs\/zdravlje-vagine\/infekcije\/"},{"@type":"ListItem","position":4,"name":"Uzroci vaginalnih infekcija"}]},{"@type":"WebSite","@id":"https:\/\/multi-gyn.com\/rs\/#website","url":"https:\/\/multi-gyn.com\/rs\/","name":"Multi-Gyn","description":"","publisher":{"@id":"https:\/\/multi-gyn.com\/rs\/#organization"},"potentialAction":[{"@type":"SearchAction","target":{"@type":"EntryPoint","urlTemplate":"https:\/\/multi-gyn.com\/rs\/?s={search_term_string}"},"query-input":{"@type":"PropertyValueSpecification","valueRequired":true,"valueName":"search_term_string"}}],"inLanguage":"sr-RS"},{"@type":"Organization","@id":"https:\/\/multi-gyn.com\/rs\/#organization","name":"Multi-Gyn","url":"https:\/\/multi-gyn.com\/rs\/","logo":{"@type":"ImageObject","inLanguage":"sr-RS","@id":"https:\/\/multi-gyn.com\/rs\/#\/schema\/logo\/image\/","url":"https:\/\/multi-gyn.com\/app\/uploads\/sites\/35\/2022\/11\/multi-gyn-logo.png","contentUrl":"https:\/\/multi-gyn.com\/app\/uploads\/sites\/35\/2022\/11\/multi-gyn-logo.png","width":149,"height":32,"caption":"Multi-Gyn"},"image":{"@id":"https:\/\/multi-gyn.com\/rs\/#\/schema\/logo\/image\/"}}]}},"_links":{"self":[{"href":"https:\/\/multi-gyn.com\/rs\/wp-json\/wp\/v2\/pages\/404","targetHints":{"allow":["GET"]}}],"collection":[{"href":"https:\/\/multi-gyn.com\/rs\/wp-json\/wp\/v2\/pages"}],"about":[{"href":"https:\/\/multi-gyn.com\/rs\/wp-json\/wp\/v2\/types\/page"}],"author":[{"embeddable":true,"href":"https:\/\/multi-gyn.com\/rs\/wp-json\/wp\/v2\/users\/6"}],"replies":[{"embeddable":true,"href":"https:\/\/multi-gyn.com\/rs\/wp-json\/wp\/v2\/comments?post=404"}],"version-history":[{"count":1,"href":"https:\/\/multi-gyn.com\/rs\/wp-json\/wp\/v2\/pages\/404\/revisions"}],"predecessor-version":[{"id":411,"href":"https:\/\/multi-gyn.com\/rs\/wp-json\/wp\/v2\/pages\/404\/revisions\/411"}],"up":[{"embeddable":true,"href":"https:\/\/multi-gyn.com\/rs\/wp-json\/wp\/v2\/pages\/643"}],"wp:attachment":[{"href":"https:\/\/multi-gyn.com\/rs\/wp-json\/wp\/v2\/media?parent=404"}],"wp:term":[{"taxonomy":"from-article-database","embeddable":true,"href":"https:\/\/multi-gyn.com\/rs\/wp-json\/wp\/v2\/from-article-database?post=404"}],"curies":[{"name":"wp","href":"https:\/\/api.w.org\/{rel}","templated":true}]}}