{"id":413,"date":"2022-12-12T08:47:47","date_gmt":"2022-12-12T07:47:47","guid":{"rendered":"https:\/\/multi-gyn.com\/rs\/?page_id=413"},"modified":"2022-12-12T10:32:18","modified_gmt":"2022-12-12T09:32:18","slug":"bakterijska-vaginoza-i-trudnoca","status":"publish","type":"page","link":"https:\/\/multi-gyn.com\/rs\/zdravlje-vagine\/infekcije\/bakterijska-vaginoza-i-trudnoca\/","title":{"rendered":"Bakterijska vaginoza i trudno\u0107a"},"content":{"rendered":"\n<div class=\"wp-block-karopharma-free-text pt-large pb-large bg-center bg-cover bg-no-repeat  is-style-primary\" style=\"background-image:url()\"><div class=\"free-text-wrapper container max-w-medium text-left\">\n<h1 class=\"wp-block-heading\"><strong><strong><strong>Bakterijska vaginoza i trudno\u0107a<\/strong><\/strong><\/strong><\/h1>\n\n\n\n<p class=\"is-style-paragraph-preamble\">Trudno\u0107a je period promena i o\u010dekivanja. Na\u0161e telesne funkcije se fokusiraju na novi \u017eivot u nama i pripremaju nas za ra\u0111anje, dojenje i brigu o deci. Iako to mo\u017ee biti prijatno, daleko je od bezbri\u017enog perioda. Brze promene, uklju\u010duju\u0107i promenu u nivou na\u0161ih hormona, mogu da dovedu do raznih tegoba i bolova. Kao \u0161to stvaraju problem kod nas, razli\u010dite bolesti i infekcije mogu uticati na na\u0161u trudno\u0107u, razvoj na\u0161e bebe ili poro\u0111aj. Na primer, bakterijska vaginoza u trudno\u0107i je povezana sa nekim ozbiljnim posledicama i zato je treba tretirati \u010dim se dijagnostikuje.<\/p>\n<\/div><\/div>\n\n\n\n<div class=\"wp-block-karopharma-free-text pt-large pb-large bg-center bg-cover bg-no-repeat\" style=\"background-image:url()\"><div class=\"free-text-wrapper container max-w-medium text-left\">\n<h3 class=\"is-style-heading-h2 wp-block-heading\"><strong>\u0160ta je bakterijska vaginoza?<\/strong><\/h3>\n\n\n\n<p>Bakterijska vaginoza je jedna od naj\u010de\u0161\u0107ih vaginalnih tegoba. Ona je izazvana poreme\u0107ajem ravnote\u017ee mikroba vagine i mogu izazvati blage do ozbiljne simptome, kao \u0161ti su beli ili sivi vodenasti sekret, neprijatan miris koji podse\u0107a na ribu, iritacija i bol u vaginalnom podru\u010dju.<\/p>\n\n\n\n<p>Iako su ovi simptomi neprijatni, oni nisu opasni po \u017eivot i u ve\u0107ini slu\u010dajeva mogu se lako le\u010diti antibioticima ili prirodnim proizvodima kako bi se povratila ravnote\u017ea vaginalne flore. Me\u0111utim, bakterijska vaginoza mo\u017ee imati te\u017ee posledice tokom trudno\u0107e, uklju\u010duju\u0107i i rizik od prevremenog poro\u0111aja. Iz tog razloga, trudnice treba odmah da se obrate lekaru ako posumnjaju da imaju bakterijsku vaginozu.<\/p>\n\n\n\n<p><em>&#8222;Bakterijska vaginoza u trudno\u0107i je povezana sa nekim ozbiljnim posledicama i zato je treba le\u010diti \u010dim se dijagnostikuje.&#8220;<\/em><\/p>\n\n\n\n<h3 class=\"is-style-heading-h2 wp-block-heading\"><strong>Kako le\u010diti bakterijsku vaginozu u trudno\u0107i?<\/strong><\/h3>\n\n\n\n<p>Upotreba lekova u trudno\u0107i je veoma ograni\u010dena i treba se uvek konsultovati sa lekarom ili babicom. Ponekad, lekovi se ne\u0107e koristiti zbog njihovih potencijalnih rizika za bebu, ali naj\u010de\u0161\u0107e \u0107e se izbe\u0107i iz prostog nedostatka dokaza da rizik ne postoji.<\/p>\n\n\n\n<p>Bakterijska vaginoza mo\u017ee da se tretira sa antibioticima, kao \u0161to je metronidazol, koji se \u010desto izbegava tokom trudno\u0107e. Alternativa je kori\u0161\u0107enje prirodnih proizvoda, koji \u0107e ponovo uspostaviti pH vagine i omogu\u0107iti dobrim bakterijama da ponovo uspostave ravnote\u017eu flore u vaginalnoj sredini. Neki od ovih proizvoda se mogu koristiti tokom trudno\u0107e, zato \u0161to je svaka \u017eena i svaka trudno\u0107a razli\u010dita, dok o terapiji treba porazgovarati sa Va\u0161im lekarom ili babicom.<\/p>\n<\/div><\/div>\n","protected":false},"excerpt":{"rendered":"","protected":false},"author":6,"featured_media":0,"parent":643,"menu_order":0,"comment_status":"closed","ping_status":"closed","template":"","meta":{"_acf_changed":false,"footnotes":""},"from-article-database":[],"class_list":["post-413","page","type-page","status-publish","hentry"],"acf":[],"yoast_head":"<!-- This site is optimized with the Yoast SEO plugin v26.6 - https:\/\/yoast.com\/wordpress\/plugins\/seo\/ -->\n<title>Bakterijska vaginoza i trudno\u0107a - Multi-Gyn<\/title>\n<meta name=\"description\" content=\"dojenje i brigu o deci. Iako to mo\u017ee biti prijatno, daleko je od bezbri\u017enog perioda. Brze promene, uklju\u010duju\u0107i promenu u nivou na\u0161ih hormona, mogu da dovedu do raznih tegoba i bolova. Kao \u0161to stvaraju problem kod nas, razli\u010dite bolesti i infekcije mogu uticati na na\u0161u trudno\u0107u, razvoj na\u0161e bebe ili poro\u0111aj. Na primer, bakterijska vaginoza u trudno\u0107i je povezana sa nekim ozbiljnim posledicama i zato je treba tretirati \u010dim se dijagnostikuje.\" \/>\n<meta name=\"robots\" content=\"index, follow, max-snippet:-1, max-image-preview:large, max-video-preview:-1\" \/>\n<link rel=\"canonical\" href=\"https:\/\/multi-gyn.com\/rs\/zdravlje-vagine\/infekcije\/bakterijska-vaginoza-i-trudnoca\/\" \/>\n<meta property=\"og:locale\" content=\"sr_RS\" \/>\n<meta property=\"og:type\" content=\"article\" \/>\n<meta property=\"og:title\" content=\"Bakterijska vaginoza i trudno\u0107a - Multi-Gyn\" \/>\n<meta property=\"og:description\" content=\"dojenje i brigu o deci. Iako to mo\u017ee biti prijatno, daleko je od bezbri\u017enog perioda. Brze promene, uklju\u010duju\u0107i promenu u nivou na\u0161ih hormona, mogu da dovedu do raznih tegoba i bolova. Kao \u0161to stvaraju problem kod nas, razli\u010dite bolesti i infekcije mogu uticati na na\u0161u trudno\u0107u, razvoj na\u0161e bebe ili poro\u0111aj. Na primer, bakterijska vaginoza u trudno\u0107i je povezana sa nekim ozbiljnim posledicama i zato je treba tretirati \u010dim se dijagnostikuje.\" \/>\n<meta property=\"og:url\" content=\"https:\/\/multi-gyn.com\/rs\/zdravlje-vagine\/infekcije\/bakterijska-vaginoza-i-trudnoca\/\" \/>\n<meta property=\"og:site_name\" content=\"Multi-Gyn\" \/>\n<meta property=\"article:modified_time\" content=\"2022-12-12T09:32:18+00:00\" \/>\n<meta name=\"twitter:card\" content=\"summary_large_image\" \/>\n<meta name=\"twitter:label1\" content=\"\u041f\u0440\u043e\u0446\u0435\u045a\u0435\u043d\u043e \u0432\u0440\u0435\u043c\u0435 \u0447\u0438\u0442\u0430\u045a\u0430\" \/>\n\t<meta name=\"twitter:data1\" content=\"2 \u043c\u0438\u043d\u0443\u0442\u0430\" \/>\n<script type=\"application\/ld+json\" class=\"yoast-schema-graph\">{\"@context\":\"https:\/\/schema.org\",\"@graph\":[{\"@type\":\"WebPage\",\"@id\":\"https:\/\/multi-gyn.com\/rs\/zdravlje-vagine\/infekcije\/bakterijska-vaginoza-i-trudnoca\/\",\"url\":\"https:\/\/multi-gyn.com\/rs\/zdravlje-vagine\/infekcije\/bakterijska-vaginoza-i-trudnoca\/\",\"name\":\"Bakterijska vaginoza i trudno\u0107a - Multi-Gyn\",\"isPartOf\":{\"@id\":\"https:\/\/multi-gyn.com\/rs\/#website\"},\"datePublished\":\"2022-12-12T07:47:47+00:00\",\"dateModified\":\"2022-12-12T09:32:18+00:00\",\"description\":\"dojenje i brigu o deci. Iako to mo\u017ee biti prijatno, daleko je od bezbri\u017enog perioda. Brze promene, uklju\u010duju\u0107i promenu u nivou na\u0161ih hormona, mogu da dovedu do raznih tegoba i bolova. Kao \u0161to stvaraju problem kod nas, razli\u010dite bolesti i infekcije mogu uticati na na\u0161u trudno\u0107u, razvoj na\u0161e bebe ili poro\u0111aj. Na primer, bakterijska vaginoza u trudno\u0107i je povezana sa nekim ozbiljnim posledicama i zato je treba tretirati \u010dim se dijagnostikuje.\",\"breadcrumb\":{\"@id\":\"https:\/\/multi-gyn.com\/rs\/zdravlje-vagine\/infekcije\/bakterijska-vaginoza-i-trudnoca\/#breadcrumb\"},\"inLanguage\":\"sr-RS\",\"potentialAction\":[{\"@type\":\"ReadAction\",\"target\":[\"https:\/\/multi-gyn.com\/rs\/zdravlje-vagine\/infekcije\/bakterijska-vaginoza-i-trudnoca\/\"]}]},{\"@type\":\"BreadcrumbList\",\"@id\":\"https:\/\/multi-gyn.com\/rs\/zdravlje-vagine\/infekcije\/bakterijska-vaginoza-i-trudnoca\/#breadcrumb\",\"itemListElement\":[{\"@type\":\"ListItem\",\"position\":1,\"name\":\"Home\",\"item\":\"https:\/\/multi-gyn.com\/rs\/\"},{\"@type\":\"ListItem\",\"position\":2,\"name\":\"Zdravlje vagine\",\"item\":\"https:\/\/multi-gyn.com\/rs\/zdravlje-vagine\/\"},{\"@type\":\"ListItem\",\"position\":3,\"name\":\"Infekcije\",\"item\":\"https:\/\/multi-gyn.com\/rs\/zdravlje-vagine\/infekcije\/\"},{\"@type\":\"ListItem\",\"position\":4,\"name\":\"Bakterijska vaginoza i trudno\u0107a\"}]},{\"@type\":\"WebSite\",\"@id\":\"https:\/\/multi-gyn.com\/rs\/#website\",\"url\":\"https:\/\/multi-gyn.com\/rs\/\",\"name\":\"Multi-Gyn\",\"description\":\"\",\"publisher\":{\"@id\":\"https:\/\/multi-gyn.com\/rs\/#organization\"},\"potentialAction\":[{\"@type\":\"SearchAction\",\"target\":{\"@type\":\"EntryPoint\",\"urlTemplate\":\"https:\/\/multi-gyn.com\/rs\/?s={search_term_string}\"},\"query-input\":{\"@type\":\"PropertyValueSpecification\",\"valueRequired\":true,\"valueName\":\"search_term_string\"}}],\"inLanguage\":\"sr-RS\"},{\"@type\":\"Organization\",\"@id\":\"https:\/\/multi-gyn.com\/rs\/#organization\",\"name\":\"Multi-Gyn\",\"url\":\"https:\/\/multi-gyn.com\/rs\/\",\"logo\":{\"@type\":\"ImageObject\",\"inLanguage\":\"sr-RS\",\"@id\":\"https:\/\/multi-gyn.com\/rs\/#\/schema\/logo\/image\/\",\"url\":\"https:\/\/multi-gyn.com\/app\/uploads\/sites\/35\/2022\/11\/multi-gyn-logo.png\",\"contentUrl\":\"https:\/\/multi-gyn.com\/app\/uploads\/sites\/35\/2022\/11\/multi-gyn-logo.png\",\"width\":149,\"height\":32,\"caption\":\"Multi-Gyn\"},\"image\":{\"@id\":\"https:\/\/multi-gyn.com\/rs\/#\/schema\/logo\/image\/\"}}]}<\/script>\n<!-- \/ Yoast SEO plugin. -->","yoast_head_json":{"title":"Bakterijska vaginoza i trudno\u0107a - Multi-Gyn","description":"dojenje i brigu o deci. Iako to mo\u017ee biti prijatno, daleko je od bezbri\u017enog perioda. Brze promene, uklju\u010duju\u0107i promenu u nivou na\u0161ih hormona, mogu da dovedu do raznih tegoba i bolova. Kao \u0161to stvaraju problem kod nas, razli\u010dite bolesti i infekcije mogu uticati na na\u0161u trudno\u0107u, razvoj na\u0161e bebe ili poro\u0111aj. Na primer, bakterijska vaginoza u trudno\u0107i je povezana sa nekim ozbiljnim posledicama i zato je treba tretirati \u010dim se dijagnostikuje.","robots":{"index":"index","follow":"follow","max-snippet":"max-snippet:-1","max-image-preview":"max-image-preview:large","max-video-preview":"max-video-preview:-1"},"canonical":"https:\/\/multi-gyn.com\/rs\/zdravlje-vagine\/infekcije\/bakterijska-vaginoza-i-trudnoca\/","og_locale":"sr_RS","og_type":"article","og_title":"Bakterijska vaginoza i trudno\u0107a - Multi-Gyn","og_description":"dojenje i brigu o deci. Iako to mo\u017ee biti prijatno, daleko je od bezbri\u017enog perioda. Brze promene, uklju\u010duju\u0107i promenu u nivou na\u0161ih hormona, mogu da dovedu do raznih tegoba i bolova. Kao \u0161to stvaraju problem kod nas, razli\u010dite bolesti i infekcije mogu uticati na na\u0161u trudno\u0107u, razvoj na\u0161e bebe ili poro\u0111aj. Na primer, bakterijska vaginoza u trudno\u0107i je povezana sa nekim ozbiljnim posledicama i zato je treba tretirati \u010dim se dijagnostikuje.","og_url":"https:\/\/multi-gyn.com\/rs\/zdravlje-vagine\/infekcije\/bakterijska-vaginoza-i-trudnoca\/","og_site_name":"Multi-Gyn","article_modified_time":"2022-12-12T09:32:18+00:00","twitter_card":"summary_large_image","twitter_misc":{"\u041f\u0440\u043e\u0446\u0435\u045a\u0435\u043d\u043e \u0432\u0440\u0435\u043c\u0435 \u0447\u0438\u0442\u0430\u045a\u0430":"2 \u043c\u0438\u043d\u0443\u0442\u0430"},"schema":{"@context":"https:\/\/schema.org","@graph":[{"@type":"WebPage","@id":"https:\/\/multi-gyn.com\/rs\/zdravlje-vagine\/infekcije\/bakterijska-vaginoza-i-trudnoca\/","url":"https:\/\/multi-gyn.com\/rs\/zdravlje-vagine\/infekcije\/bakterijska-vaginoza-i-trudnoca\/","name":"Bakterijska vaginoza i trudno\u0107a - Multi-Gyn","isPartOf":{"@id":"https:\/\/multi-gyn.com\/rs\/#website"},"datePublished":"2022-12-12T07:47:47+00:00","dateModified":"2022-12-12T09:32:18+00:00","description":"dojenje i brigu o deci. Iako to mo\u017ee biti prijatno, daleko je od bezbri\u017enog perioda. Brze promene, uklju\u010duju\u0107i promenu u nivou na\u0161ih hormona, mogu da dovedu do raznih tegoba i bolova. Kao \u0161to stvaraju problem kod nas, razli\u010dite bolesti i infekcije mogu uticati na na\u0161u trudno\u0107u, razvoj na\u0161e bebe ili poro\u0111aj. Na primer, bakterijska vaginoza u trudno\u0107i je povezana sa nekim ozbiljnim posledicama i zato je treba tretirati \u010dim se dijagnostikuje.","breadcrumb":{"@id":"https:\/\/multi-gyn.com\/rs\/zdravlje-vagine\/infekcije\/bakterijska-vaginoza-i-trudnoca\/#breadcrumb"},"inLanguage":"sr-RS","potentialAction":[{"@type":"ReadAction","target":["https:\/\/multi-gyn.com\/rs\/zdravlje-vagine\/infekcije\/bakterijska-vaginoza-i-trudnoca\/"]}]},{"@type":"BreadcrumbList","@id":"https:\/\/multi-gyn.com\/rs\/zdravlje-vagine\/infekcije\/bakterijska-vaginoza-i-trudnoca\/#breadcrumb","itemListElement":[{"@type":"ListItem","position":1,"name":"Home","item":"https:\/\/multi-gyn.com\/rs\/"},{"@type":"ListItem","position":2,"name":"Zdravlje vagine","item":"https:\/\/multi-gyn.com\/rs\/zdravlje-vagine\/"},{"@type":"ListItem","position":3,"name":"Infekcije","item":"https:\/\/multi-gyn.com\/rs\/zdravlje-vagine\/infekcije\/"},{"@type":"ListItem","position":4,"name":"Bakterijska vaginoza i trudno\u0107a"}]},{"@type":"WebSite","@id":"https:\/\/multi-gyn.com\/rs\/#website","url":"https:\/\/multi-gyn.com\/rs\/","name":"Multi-Gyn","description":"","publisher":{"@id":"https:\/\/multi-gyn.com\/rs\/#organization"},"potentialAction":[{"@type":"SearchAction","target":{"@type":"EntryPoint","urlTemplate":"https:\/\/multi-gyn.com\/rs\/?s={search_term_string}"},"query-input":{"@type":"PropertyValueSpecification","valueRequired":true,"valueName":"search_term_string"}}],"inLanguage":"sr-RS"},{"@type":"Organization","@id":"https:\/\/multi-gyn.com\/rs\/#organization","name":"Multi-Gyn","url":"https:\/\/multi-gyn.com\/rs\/","logo":{"@type":"ImageObject","inLanguage":"sr-RS","@id":"https:\/\/multi-gyn.com\/rs\/#\/schema\/logo\/image\/","url":"https:\/\/multi-gyn.com\/app\/uploads\/sites\/35\/2022\/11\/multi-gyn-logo.png","contentUrl":"https:\/\/multi-gyn.com\/app\/uploads\/sites\/35\/2022\/11\/multi-gyn-logo.png","width":149,"height":32,"caption":"Multi-Gyn"},"image":{"@id":"https:\/\/multi-gyn.com\/rs\/#\/schema\/logo\/image\/"}}]}},"_links":{"self":[{"href":"https:\/\/multi-gyn.com\/rs\/wp-json\/wp\/v2\/pages\/413","targetHints":{"allow":["GET"]}}],"collection":[{"href":"https:\/\/multi-gyn.com\/rs\/wp-json\/wp\/v2\/pages"}],"about":[{"href":"https:\/\/multi-gyn.com\/rs\/wp-json\/wp\/v2\/types\/page"}],"author":[{"embeddable":true,"href":"https:\/\/multi-gyn.com\/rs\/wp-json\/wp\/v2\/users\/6"}],"replies":[{"embeddable":true,"href":"https:\/\/multi-gyn.com\/rs\/wp-json\/wp\/v2\/comments?post=413"}],"version-history":[{"count":1,"href":"https:\/\/multi-gyn.com\/rs\/wp-json\/wp\/v2\/pages\/413\/revisions"}],"predecessor-version":[{"id":419,"href":"https:\/\/multi-gyn.com\/rs\/wp-json\/wp\/v2\/pages\/413\/revisions\/419"}],"up":[{"embeddable":true,"href":"https:\/\/multi-gyn.com\/rs\/wp-json\/wp\/v2\/pages\/643"}],"wp:attachment":[{"href":"https:\/\/multi-gyn.com\/rs\/wp-json\/wp\/v2\/media?parent=413"}],"wp:term":[{"taxonomy":"from-article-database","embeddable":true,"href":"https:\/\/multi-gyn.com\/rs\/wp-json\/wp\/v2\/from-article-database?post=413"}],"curies":[{"name":"wp","href":"https:\/\/api.w.org\/{rel}","templated":true}]}}