{"id":421,"date":"2022-12-12T08:49:43","date_gmt":"2022-12-12T07:49:43","guid":{"rendered":"https:\/\/multi-gyn.com\/rs\/?page_id=421"},"modified":"2023-03-07T15:03:06","modified_gmt":"2023-03-07T14:03:06","slug":"vaginalni-sekret-kao-jedan-od-znakova-gljivicne-infekcije","status":"publish","type":"page","link":"https:\/\/multi-gyn.com\/rs\/zdravlje-vagine\/infekcije\/vaginalni-sekret-kao-jedan-od-znakova-gljivicne-infekcije\/","title":{"rendered":"Vaginalni sekret kao jedan od znakova gljivi\u010dne infekcije"},"content":{"rendered":"\n<div class=\"wp-block-karopharma-free-text pt-large pb-large bg-center bg-cover bg-no-repeat  is-style-primary\" style=\"background-image:url()\"><div class=\"free-text-wrapper container max-w-medium text-left\">\n<h1 class=\"wp-block-heading\"><strong><strong><strong>Vaginalni sekret kao jedan od znakova gljivi\u010dne infekcije<\/strong><\/strong><\/strong><\/h1>\n\n\n\n<p class=\"is-style-paragraph-preamble\">Vaginalni sekret je te\u010dnost koju lu\u010de \u017elezde vaginalne sluzoko\u017ee i grli\u0107a materice i ima va\u017enu funkciju u odr\u017eavanju higijene genitalnih organa \u017eene.Vaginalnim sekretom se izbacuju mrtve \u0107elije i bakterije iz genitalnih organa, \u010dime se odr\u017eava \u010disto\u0107a vagine i spre\u010dava nastanak infekcija.<\/p>\n<\/div><\/div>\n\n\n\n<div class=\"wp-block-karopharma-free-text pt-large pb-large bg-center bg-cover bg-no-repeat\" style=\"background-image:url()\"><div class=\"free-text-wrapper container max-w-medium text-left\">\n<p>Izmenjen vaginalni sekret je jedan od prvih simptoma vaginalnog disbalansa. Ovo mo\u017ee biti slu\u010daj kod bakterijske vaginoze, gljivi\u010dne infekcije ili drugih urogenitalnih tegoba.<\/p>\n\n\n\n<p>Pored izmenjenog vaginalnog sekreta, kod gljivi\u010dne infekcije javljaju se jo\u0161 i svrab, peckanje, crvenilo, otok i bol prilikom mokrenja ili tokom sekusalnog odnosa.<\/p>\n\n\n\n<p>Gljivi\u010dne infekcije naj\u010de\u0161\u0107e izaziva Candida albicans, vrsta gljivice, koja je normalno nastanjena u na\u0161em organizmu. U fiziolo\u0161kim uslovima, gljivice \u017eive u ravnote\u017ei sa drugim mirkobama i deo su na\u0161e zdrave vaginalne flore. Ukoliko se ova ravnote\u017ea poremeti i gljivice po\u010dnu nekontrolisano da rastu, dolazi do razvoja infekcije i prate\u0107ih tegoba.<\/p>\n\n\n\n<p>Ve\u0107ina \u017eena se susretne sa barem jednom infekcijom tokom svog \u017eivota.<\/p>\n\n\n\n<p>Mnoge \u017eene pate od reinfekcija, naro\u010dito pre ili posle menstrualnog ciklusa, trudno\u0107e ili tokom kori\u0161\u0107enja kontraceptivnih pilula.<\/p>\n\n\n\n<p>Faktori koji tako\u0111e mogu doprineti disbalansu vaginalne flore i prekomernom rastu Candide su gojaznost, dijabetes, upotreba antibiotika, no\u0161enje tesnog sinteti\u010dkog ve\u0161a, upotreba lekova na bazi steroida..itd.<\/p>\n\n\n\n<h3 class=\"wp-block-heading\"><strong>Promene u sekretu koje ukazuju na gljivi\u010dnu infekciju<\/strong><\/h3>\n\n\n\n<p>Normalan vaginalni sekret je obi\u010dno jasno bele ili \u017eu\u0107kaste boje. Mo\u017ee da varira od retkog do gu\u0161\u0107eg, od lepljivog do elasti\u010dnog u zavisnosti od menstrualnog ciklusa, nivoa stresa, navika u ishrani, trudno\u0107e, dojenja ili upotrebe odre\u0111enih lekova.<\/p>\n\n\n\n<p>Ukoliko primetite da Vam je sekret beo, gust, grudvi\u010dast, to mo\u017ee biti jedan od znakova gljivi\u010dne infekcije. Koli\u010dina sekreta se tako\u0111e mo\u017ee pove\u0107ati tokom gljivi\u010dne infekcije ali je \u010desto bez mirisa.<\/p>\n\n\n\n<h3 class=\"wp-block-heading\"><strong>Uobi\u010dajena zabluda<\/strong><\/h3>\n\n\n\n<p>Dve naj\u010de\u0161\u0107e vaginalne tegobe, bakterijska vaginoza i gljivi\u010dna infekcija, do kojih dolazi usled naru\u0161avanja ravnote\u017ee vaginalne mikroflore, pokazuju delimi\u010dno sli\u010dne simptome i zbog toga se \u010desto pogre\u0161no dijagnostikuju, pa samim tim i pogre\u0161no le\u010de.<\/p>\n\n\n\n<p>Postoje jasni simptomi koji razlikuju bakterijsku od gljivi\u010dne infekcije, me\u0111utim de\u0161ava se i da se obe infekciju razvijaju istovremeno.<\/p>\n\n\n\n<p>Sekret koji je karketeristi\u010dan za bakterijsku vaginozu je obi\u010dno beo, siv ili \u017eut, vrlo redak, pra\u0107en jakim mirisom nalik ribi. Sa druge strane za gljivi\u010dnu infekciju je karakteristi\u010dan sekret koji nema jak miris sa mnogo gu\u0161\u0107om sirastom konzistencijom.<\/p>\n\n\n\n<p><em>&#8222;Ukoliko primetite sekret bele boje, gust, grudvi\u010dast, koji izgleda kao sir, to mo\u017ee biti znak gljivi\u010dne infekcije.&#8220;<\/em><\/p>\n<\/div><\/div>\n","protected":false},"excerpt":{"rendered":"","protected":false},"author":6,"featured_media":0,"parent":643,"menu_order":0,"comment_status":"closed","ping_status":"closed","template":"","meta":{"_acf_changed":false,"footnotes":""},"from-article-database":[],"class_list":["post-421","page","type-page","status-publish","hentry"],"acf":[],"yoast_head":"<!-- This site is optimized with the Yoast SEO plugin v26.6 - https:\/\/yoast.com\/wordpress\/plugins\/seo\/ -->\n<title>Vaginalni sekret kao jedan od znakova gljivi\u010dne infekcije - Multi-Gyn<\/title>\n<meta name=\"description\" content=\"Vaginalni sekret je te\u010dnost koju lu\u010de \u017elezde koje se nalaze u vagini i vulvi. Sekret \u0161titi vaginu od infekcije, \u010disti je i podmazuje tokom seksa.\" \/>\n<meta name=\"robots\" content=\"index, follow, max-snippet:-1, max-image-preview:large, max-video-preview:-1\" \/>\n<link rel=\"canonical\" href=\"https:\/\/multi-gyn.com\/rs\/zdravlje-vagine\/infekcije\/vaginalni-sekret-kao-jedan-od-znakova-gljivicne-infekcije\/\" \/>\n<meta property=\"og:locale\" content=\"sr_RS\" \/>\n<meta property=\"og:type\" content=\"article\" \/>\n<meta property=\"og:title\" content=\"Vaginalni sekret kao jedan od znakova gljivi\u010dne infekcije - Multi-Gyn\" \/>\n<meta property=\"og:description\" content=\"Vaginalni sekret je te\u010dnost koju lu\u010de \u017elezde koje se nalaze u vagini i vulvi. Sekret \u0161titi vaginu od infekcije, \u010disti je i podmazuje tokom seksa.\" \/>\n<meta property=\"og:url\" content=\"https:\/\/multi-gyn.com\/rs\/zdravlje-vagine\/infekcije\/vaginalni-sekret-kao-jedan-od-znakova-gljivicne-infekcije\/\" \/>\n<meta property=\"og:site_name\" content=\"Multi-Gyn\" \/>\n<meta property=\"article:modified_time\" content=\"2023-03-07T14:03:06+00:00\" \/>\n<meta name=\"twitter:card\" content=\"summary_large_image\" \/>\n<meta name=\"twitter:label1\" content=\"\u041f\u0440\u043e\u0446\u0435\u045a\u0435\u043d\u043e \u0432\u0440\u0435\u043c\u0435 \u0447\u0438\u0442\u0430\u045a\u0430\" \/>\n\t<meta name=\"twitter:data1\" content=\"3 \u043c\u0438\u043d\u0443\u0442\u0430\" \/>\n<script type=\"application\/ld+json\" class=\"yoast-schema-graph\">{\"@context\":\"https:\/\/schema.org\",\"@graph\":[{\"@type\":\"WebPage\",\"@id\":\"https:\/\/multi-gyn.com\/rs\/zdravlje-vagine\/infekcije\/vaginalni-sekret-kao-jedan-od-znakova-gljivicne-infekcije\/\",\"url\":\"https:\/\/multi-gyn.com\/rs\/zdravlje-vagine\/infekcije\/vaginalni-sekret-kao-jedan-od-znakova-gljivicne-infekcije\/\",\"name\":\"Vaginalni sekret kao jedan od znakova gljivi\u010dne infekcije - Multi-Gyn\",\"isPartOf\":{\"@id\":\"https:\/\/multi-gyn.com\/rs\/#website\"},\"datePublished\":\"2022-12-12T07:49:43+00:00\",\"dateModified\":\"2023-03-07T14:03:06+00:00\",\"description\":\"Vaginalni sekret je te\u010dnost koju lu\u010de \u017elezde koje se nalaze u vagini i vulvi. Sekret \u0161titi vaginu od infekcije, \u010disti je i podmazuje tokom seksa.\",\"breadcrumb\":{\"@id\":\"https:\/\/multi-gyn.com\/rs\/zdravlje-vagine\/infekcije\/vaginalni-sekret-kao-jedan-od-znakova-gljivicne-infekcije\/#breadcrumb\"},\"inLanguage\":\"sr-RS\",\"potentialAction\":[{\"@type\":\"ReadAction\",\"target\":[\"https:\/\/multi-gyn.com\/rs\/zdravlje-vagine\/infekcije\/vaginalni-sekret-kao-jedan-od-znakova-gljivicne-infekcije\/\"]}]},{\"@type\":\"BreadcrumbList\",\"@id\":\"https:\/\/multi-gyn.com\/rs\/zdravlje-vagine\/infekcije\/vaginalni-sekret-kao-jedan-od-znakova-gljivicne-infekcije\/#breadcrumb\",\"itemListElement\":[{\"@type\":\"ListItem\",\"position\":1,\"name\":\"Home\",\"item\":\"https:\/\/multi-gyn.com\/rs\/\"},{\"@type\":\"ListItem\",\"position\":2,\"name\":\"Zdravlje vagine\",\"item\":\"https:\/\/multi-gyn.com\/rs\/zdravlje-vagine\/\"},{\"@type\":\"ListItem\",\"position\":3,\"name\":\"Infekcije\",\"item\":\"https:\/\/multi-gyn.com\/rs\/zdravlje-vagine\/infekcije\/\"},{\"@type\":\"ListItem\",\"position\":4,\"name\":\"Vaginalni sekret kao jedan od znakova gljivi\u010dne infekcije\"}]},{\"@type\":\"WebSite\",\"@id\":\"https:\/\/multi-gyn.com\/rs\/#website\",\"url\":\"https:\/\/multi-gyn.com\/rs\/\",\"name\":\"Multi-Gyn\",\"description\":\"\",\"publisher\":{\"@id\":\"https:\/\/multi-gyn.com\/rs\/#organization\"},\"potentialAction\":[{\"@type\":\"SearchAction\",\"target\":{\"@type\":\"EntryPoint\",\"urlTemplate\":\"https:\/\/multi-gyn.com\/rs\/?s={search_term_string}\"},\"query-input\":{\"@type\":\"PropertyValueSpecification\",\"valueRequired\":true,\"valueName\":\"search_term_string\"}}],\"inLanguage\":\"sr-RS\"},{\"@type\":\"Organization\",\"@id\":\"https:\/\/multi-gyn.com\/rs\/#organization\",\"name\":\"Multi-Gyn\",\"url\":\"https:\/\/multi-gyn.com\/rs\/\",\"logo\":{\"@type\":\"ImageObject\",\"inLanguage\":\"sr-RS\",\"@id\":\"https:\/\/multi-gyn.com\/rs\/#\/schema\/logo\/image\/\",\"url\":\"https:\/\/multi-gyn.com\/app\/uploads\/sites\/35\/2022\/11\/multi-gyn-logo.png\",\"contentUrl\":\"https:\/\/multi-gyn.com\/app\/uploads\/sites\/35\/2022\/11\/multi-gyn-logo.png\",\"width\":149,\"height\":32,\"caption\":\"Multi-Gyn\"},\"image\":{\"@id\":\"https:\/\/multi-gyn.com\/rs\/#\/schema\/logo\/image\/\"}}]}<\/script>\n<!-- \/ Yoast SEO plugin. -->","yoast_head_json":{"title":"Vaginalni sekret kao jedan od znakova gljivi\u010dne infekcije - Multi-Gyn","description":"Vaginalni sekret je te\u010dnost koju lu\u010de \u017elezde koje se nalaze u vagini i vulvi. Sekret \u0161titi vaginu od infekcije, \u010disti je i podmazuje tokom seksa.","robots":{"index":"index","follow":"follow","max-snippet":"max-snippet:-1","max-image-preview":"max-image-preview:large","max-video-preview":"max-video-preview:-1"},"canonical":"https:\/\/multi-gyn.com\/rs\/zdravlje-vagine\/infekcije\/vaginalni-sekret-kao-jedan-od-znakova-gljivicne-infekcije\/","og_locale":"sr_RS","og_type":"article","og_title":"Vaginalni sekret kao jedan od znakova gljivi\u010dne infekcije - Multi-Gyn","og_description":"Vaginalni sekret je te\u010dnost koju lu\u010de \u017elezde koje se nalaze u vagini i vulvi. Sekret \u0161titi vaginu od infekcije, \u010disti je i podmazuje tokom seksa.","og_url":"https:\/\/multi-gyn.com\/rs\/zdravlje-vagine\/infekcije\/vaginalni-sekret-kao-jedan-od-znakova-gljivicne-infekcije\/","og_site_name":"Multi-Gyn","article_modified_time":"2023-03-07T14:03:06+00:00","twitter_card":"summary_large_image","twitter_misc":{"\u041f\u0440\u043e\u0446\u0435\u045a\u0435\u043d\u043e \u0432\u0440\u0435\u043c\u0435 \u0447\u0438\u0442\u0430\u045a\u0430":"3 \u043c\u0438\u043d\u0443\u0442\u0430"},"schema":{"@context":"https:\/\/schema.org","@graph":[{"@type":"WebPage","@id":"https:\/\/multi-gyn.com\/rs\/zdravlje-vagine\/infekcije\/vaginalni-sekret-kao-jedan-od-znakova-gljivicne-infekcije\/","url":"https:\/\/multi-gyn.com\/rs\/zdravlje-vagine\/infekcije\/vaginalni-sekret-kao-jedan-od-znakova-gljivicne-infekcije\/","name":"Vaginalni sekret kao jedan od znakova gljivi\u010dne infekcije - Multi-Gyn","isPartOf":{"@id":"https:\/\/multi-gyn.com\/rs\/#website"},"datePublished":"2022-12-12T07:49:43+00:00","dateModified":"2023-03-07T14:03:06+00:00","description":"Vaginalni sekret je te\u010dnost koju lu\u010de \u017elezde koje se nalaze u vagini i vulvi. Sekret \u0161titi vaginu od infekcije, \u010disti je i podmazuje tokom seksa.","breadcrumb":{"@id":"https:\/\/multi-gyn.com\/rs\/zdravlje-vagine\/infekcije\/vaginalni-sekret-kao-jedan-od-znakova-gljivicne-infekcije\/#breadcrumb"},"inLanguage":"sr-RS","potentialAction":[{"@type":"ReadAction","target":["https:\/\/multi-gyn.com\/rs\/zdravlje-vagine\/infekcije\/vaginalni-sekret-kao-jedan-od-znakova-gljivicne-infekcije\/"]}]},{"@type":"BreadcrumbList","@id":"https:\/\/multi-gyn.com\/rs\/zdravlje-vagine\/infekcije\/vaginalni-sekret-kao-jedan-od-znakova-gljivicne-infekcije\/#breadcrumb","itemListElement":[{"@type":"ListItem","position":1,"name":"Home","item":"https:\/\/multi-gyn.com\/rs\/"},{"@type":"ListItem","position":2,"name":"Zdravlje vagine","item":"https:\/\/multi-gyn.com\/rs\/zdravlje-vagine\/"},{"@type":"ListItem","position":3,"name":"Infekcije","item":"https:\/\/multi-gyn.com\/rs\/zdravlje-vagine\/infekcije\/"},{"@type":"ListItem","position":4,"name":"Vaginalni sekret kao jedan od znakova gljivi\u010dne infekcije"}]},{"@type":"WebSite","@id":"https:\/\/multi-gyn.com\/rs\/#website","url":"https:\/\/multi-gyn.com\/rs\/","name":"Multi-Gyn","description":"","publisher":{"@id":"https:\/\/multi-gyn.com\/rs\/#organization"},"potentialAction":[{"@type":"SearchAction","target":{"@type":"EntryPoint","urlTemplate":"https:\/\/multi-gyn.com\/rs\/?s={search_term_string}"},"query-input":{"@type":"PropertyValueSpecification","valueRequired":true,"valueName":"search_term_string"}}],"inLanguage":"sr-RS"},{"@type":"Organization","@id":"https:\/\/multi-gyn.com\/rs\/#organization","name":"Multi-Gyn","url":"https:\/\/multi-gyn.com\/rs\/","logo":{"@type":"ImageObject","inLanguage":"sr-RS","@id":"https:\/\/multi-gyn.com\/rs\/#\/schema\/logo\/image\/","url":"https:\/\/multi-gyn.com\/app\/uploads\/sites\/35\/2022\/11\/multi-gyn-logo.png","contentUrl":"https:\/\/multi-gyn.com\/app\/uploads\/sites\/35\/2022\/11\/multi-gyn-logo.png","width":149,"height":32,"caption":"Multi-Gyn"},"image":{"@id":"https:\/\/multi-gyn.com\/rs\/#\/schema\/logo\/image\/"}}]}},"_links":{"self":[{"href":"https:\/\/multi-gyn.com\/rs\/wp-json\/wp\/v2\/pages\/421","targetHints":{"allow":["GET"]}}],"collection":[{"href":"https:\/\/multi-gyn.com\/rs\/wp-json\/wp\/v2\/pages"}],"about":[{"href":"https:\/\/multi-gyn.com\/rs\/wp-json\/wp\/v2\/types\/page"}],"author":[{"embeddable":true,"href":"https:\/\/multi-gyn.com\/rs\/wp-json\/wp\/v2\/users\/6"}],"replies":[{"embeddable":true,"href":"https:\/\/multi-gyn.com\/rs\/wp-json\/wp\/v2\/comments?post=421"}],"version-history":[{"count":8,"href":"https:\/\/multi-gyn.com\/rs\/wp-json\/wp\/v2\/pages\/421\/revisions"}],"predecessor-version":[{"id":805,"href":"https:\/\/multi-gyn.com\/rs\/wp-json\/wp\/v2\/pages\/421\/revisions\/805"}],"up":[{"embeddable":true,"href":"https:\/\/multi-gyn.com\/rs\/wp-json\/wp\/v2\/pages\/643"}],"wp:attachment":[{"href":"https:\/\/multi-gyn.com\/rs\/wp-json\/wp\/v2\/media?parent=421"}],"wp:term":[{"taxonomy":"from-article-database","embeddable":true,"href":"https:\/\/multi-gyn.com\/rs\/wp-json\/wp\/v2\/from-article-database?post=421"}],"curies":[{"name":"wp","href":"https:\/\/api.w.org\/{rel}","templated":true}]}}