{"id":434,"date":"2022-12-12T08:51:30","date_gmt":"2022-12-12T07:51:30","guid":{"rendered":"https:\/\/multi-gyn.com\/rs\/?page_id=434"},"modified":"2023-03-07T14:56:43","modified_gmt":"2023-03-07T13:56:43","slug":"vaginalna-gljivicna-infekcija-tokom-trudnoce","status":"publish","type":"page","link":"https:\/\/multi-gyn.com\/rs\/zdravlje-vagine\/infekcije\/vaginalna-gljivicna-infekcija-tokom-trudnoce\/","title":{"rendered":"Vaginalna gljivi\u010dna infekcija tokom trudno\u0107e"},"content":{"rendered":"\n<div class=\"wp-block-karopharma-free-text pt-large pb-large bg-center bg-cover bg-no-repeat  is-style-primary\" style=\"background-image:url()\"><div class=\"free-text-wrapper container max-w-medium text-left\">\n<h1 class=\"wp-block-heading\"><strong><strong><strong>Vaginalna gljivi\u010dna infekcija tokom trudno\u0107e<\/strong><\/strong><\/strong><\/h1>\n\n\n\n<p class=\"is-style-paragraph-preamble\">Nije neuobi\u010dajeno da se \u017eene susre\u0107u sa vaginalnim tegobama mnogo \u010de\u0161\u0107e tokom trudno\u0107e, nego \u0161to su pre ili nakon trudno\u0107e. Promenama koje je telo podlo\u017eno tokom trudno\u0107e i dojenja upravljaju hormoni, koji imaju uticaj na svaki aspekt \u017eivota \u017eene.<\/p>\n<\/div><\/div>\n\n\n\n<div class=\"wp-block-karopharma-free-text pt-large pb-large bg-center bg-cover bg-no-repeat\" style=\"background-image:url()\"><div class=\"free-text-wrapper container max-w-medium text-left\">\n<p>Naj\u010de\u0161\u0107e teme me\u0111u budu\u0107im mama su mu\u010dnina i dobijanje na kilazi dok se gljivi\u010dne infekcije vrlo retko spominju. Iako je njihova pojava vrlo \u010desta u trudno\u0107i i znaju biti veoma uporne i dosadne, obi\u010dno gljivi\u010dne infekcije ne nose nikakav rizik za mamu i bebu.<\/p>\n\n\n\n<p>Ukoliko tokom trudno\u0107e primetite simptome kao \u0161to su obilan sekret, svrab i iritacija, obavezno kontaktirajte va\u0161eg izabranog ginekologa.<\/p>\n\n\n\n<h3 class=\"is-style-heading-h2 wp-block-heading\"><strong>Koji su simptomi vaginalne gljivi\u010dne infekcije?<\/strong><\/h3>\n\n\n\n<p>Simptomi gljivi\u010dnih infekcija su:<\/p>\n\n\n\n<ul class=\"is-style-default wp-block-list\"><li>Beo, gust i sirast sekret<\/li><li>Svrab i iritacija u vaginalnoj regiji<\/li><li>Crvenilo i peckanje tokom mokrenja<\/li><\/ul>\n\n\n\n<p>Neki od ovih simptoma mogu da se jave i kod bakterijskih vaginoza ili polno prenosivih bolesti, pa je izuzetno bitno da se javite svom izabranom ginekologu.<\/p>\n\n\n\n<h3 class=\"is-style-heading-h2 wp-block-heading\"><strong>Ponovljena vaginalna gljivi\u010dna infekcija tokom trudno\u0107e<\/strong><\/h3>\n\n\n\n<p>Bez obzira na propisanu terapiju i promenu nivoa hormona, gljivi\u010dna infekcija se mo\u017ee vi\u0161e puta ponovno vra\u0107ati tokom trudno\u0107e iz razloga \u0161to Candida albicans, mo\u017ee postati otporna na antimikoti\u010dnu terapiju.<\/p>\n\n\n\n<p>Prebiotska terapija mo\u017ee pru\u017eiti podr\u0161ku vaginalnoj flori, ali u ve\u0107ini slu\u010dajeva ne mo\u017ee sama da se izbori sa infekcijom. Dok se ne zavr\u0161i trudno\u0107a i hormoni se ne vrate u normalu, jedino na \u010demu mo\u017eete raditi jeste ubla\u017eavanje simptoma pomo\u0107u vaginalnih gelova koji zaustavljaju svrab i ose\u0107aj peckanja.<\/p>\n\n\n\n<p>Pre upotrebe bilo kog proizvoda potrebno je da se konsultujete sa va\u0161im ginekologom.<\/p>\n<\/div><\/div>\n","protected":false},"excerpt":{"rendered":"","protected":false},"author":6,"featured_media":0,"parent":643,"menu_order":0,"comment_status":"closed","ping_status":"closed","template":"","meta":{"_acf_changed":false,"footnotes":""},"from-article-database":[],"class_list":["post-434","page","type-page","status-publish","hentry"],"acf":[],"yoast_head":"<!-- This site is optimized with the Yoast SEO plugin v26.6 - https:\/\/yoast.com\/wordpress\/plugins\/seo\/ -->\n<title>Vaginalna gljivi\u010dna infekcija tokom trudno\u0107e - Multi-Gyn<\/title>\n<meta name=\"description\" content=\"Nije neuobi\u010dajeno da \u017eene do\u017eivljavaju vaginalne tegobe mnogo vi\u0161e tokom trudno\u0107e nego u bilo koje vreme pre ili posle toga. Promenama koje na\u0161e telo prolazi tokom razvoja i rasta ploda i tokom dojenja uglavnom upravljaju hormoni i imaju utcaj na svaki aspekt na\u0161eg \u017eivota.\" \/>\n<meta name=\"robots\" content=\"index, follow, max-snippet:-1, max-image-preview:large, max-video-preview:-1\" \/>\n<link rel=\"canonical\" href=\"https:\/\/multi-gyn.com\/rs\/zdravlje-vagine\/infekcije\/vaginalna-gljivicna-infekcija-tokom-trudnoce\/\" \/>\n<meta property=\"og:locale\" content=\"sr_RS\" \/>\n<meta property=\"og:type\" content=\"article\" \/>\n<meta property=\"og:title\" content=\"Vaginalna gljivi\u010dna infekcija tokom trudno\u0107e - Multi-Gyn\" \/>\n<meta property=\"og:description\" content=\"Nije neuobi\u010dajeno da \u017eene do\u017eivljavaju vaginalne tegobe mnogo vi\u0161e tokom trudno\u0107e nego u bilo koje vreme pre ili posle toga. Promenama koje na\u0161e telo prolazi tokom razvoja i rasta ploda i tokom dojenja uglavnom upravljaju hormoni i imaju utcaj na svaki aspekt na\u0161eg \u017eivota.\" \/>\n<meta property=\"og:url\" content=\"https:\/\/multi-gyn.com\/rs\/zdravlje-vagine\/infekcije\/vaginalna-gljivicna-infekcija-tokom-trudnoce\/\" \/>\n<meta property=\"og:site_name\" content=\"Multi-Gyn\" \/>\n<meta property=\"article:modified_time\" content=\"2023-03-07T13:56:43+00:00\" \/>\n<meta name=\"twitter:card\" content=\"summary_large_image\" \/>\n<meta name=\"twitter:label1\" content=\"\u041f\u0440\u043e\u0446\u0435\u045a\u0435\u043d\u043e \u0432\u0440\u0435\u043c\u0435 \u0447\u0438\u0442\u0430\u045a\u0430\" \/>\n\t<meta name=\"twitter:data1\" content=\"2 \u043c\u0438\u043d\u0443\u0442\u0430\" \/>\n<script type=\"application\/ld+json\" class=\"yoast-schema-graph\">{\"@context\":\"https:\/\/schema.org\",\"@graph\":[{\"@type\":\"WebPage\",\"@id\":\"https:\/\/multi-gyn.com\/rs\/zdravlje-vagine\/infekcije\/vaginalna-gljivicna-infekcija-tokom-trudnoce\/\",\"url\":\"https:\/\/multi-gyn.com\/rs\/zdravlje-vagine\/infekcije\/vaginalna-gljivicna-infekcija-tokom-trudnoce\/\",\"name\":\"Vaginalna gljivi\u010dna infekcija tokom trudno\u0107e - Multi-Gyn\",\"isPartOf\":{\"@id\":\"https:\/\/multi-gyn.com\/rs\/#website\"},\"datePublished\":\"2022-12-12T07:51:30+00:00\",\"dateModified\":\"2023-03-07T13:56:43+00:00\",\"description\":\"Nije neuobi\u010dajeno da \u017eene do\u017eivljavaju vaginalne tegobe mnogo vi\u0161e tokom trudno\u0107e nego u bilo koje vreme pre ili posle toga. Promenama koje na\u0161e telo prolazi tokom razvoja i rasta ploda i tokom dojenja uglavnom upravljaju hormoni i imaju utcaj na svaki aspekt na\u0161eg \u017eivota.\",\"breadcrumb\":{\"@id\":\"https:\/\/multi-gyn.com\/rs\/zdravlje-vagine\/infekcije\/vaginalna-gljivicna-infekcija-tokom-trudnoce\/#breadcrumb\"},\"inLanguage\":\"sr-RS\",\"potentialAction\":[{\"@type\":\"ReadAction\",\"target\":[\"https:\/\/multi-gyn.com\/rs\/zdravlje-vagine\/infekcije\/vaginalna-gljivicna-infekcija-tokom-trudnoce\/\"]}]},{\"@type\":\"BreadcrumbList\",\"@id\":\"https:\/\/multi-gyn.com\/rs\/zdravlje-vagine\/infekcije\/vaginalna-gljivicna-infekcija-tokom-trudnoce\/#breadcrumb\",\"itemListElement\":[{\"@type\":\"ListItem\",\"position\":1,\"name\":\"Home\",\"item\":\"https:\/\/multi-gyn.com\/rs\/\"},{\"@type\":\"ListItem\",\"position\":2,\"name\":\"Zdravlje vagine\",\"item\":\"https:\/\/multi-gyn.com\/rs\/zdravlje-vagine\/\"},{\"@type\":\"ListItem\",\"position\":3,\"name\":\"Infekcije\",\"item\":\"https:\/\/multi-gyn.com\/rs\/zdravlje-vagine\/infekcije\/\"},{\"@type\":\"ListItem\",\"position\":4,\"name\":\"Vaginalna gljivi\u010dna infekcija tokom trudno\u0107e\"}]},{\"@type\":\"WebSite\",\"@id\":\"https:\/\/multi-gyn.com\/rs\/#website\",\"url\":\"https:\/\/multi-gyn.com\/rs\/\",\"name\":\"Multi-Gyn\",\"description\":\"\",\"publisher\":{\"@id\":\"https:\/\/multi-gyn.com\/rs\/#organization\"},\"potentialAction\":[{\"@type\":\"SearchAction\",\"target\":{\"@type\":\"EntryPoint\",\"urlTemplate\":\"https:\/\/multi-gyn.com\/rs\/?s={search_term_string}\"},\"query-input\":{\"@type\":\"PropertyValueSpecification\",\"valueRequired\":true,\"valueName\":\"search_term_string\"}}],\"inLanguage\":\"sr-RS\"},{\"@type\":\"Organization\",\"@id\":\"https:\/\/multi-gyn.com\/rs\/#organization\",\"name\":\"Multi-Gyn\",\"url\":\"https:\/\/multi-gyn.com\/rs\/\",\"logo\":{\"@type\":\"ImageObject\",\"inLanguage\":\"sr-RS\",\"@id\":\"https:\/\/multi-gyn.com\/rs\/#\/schema\/logo\/image\/\",\"url\":\"https:\/\/multi-gyn.com\/app\/uploads\/sites\/35\/2022\/11\/multi-gyn-logo.png\",\"contentUrl\":\"https:\/\/multi-gyn.com\/app\/uploads\/sites\/35\/2022\/11\/multi-gyn-logo.png\",\"width\":149,\"height\":32,\"caption\":\"Multi-Gyn\"},\"image\":{\"@id\":\"https:\/\/multi-gyn.com\/rs\/#\/schema\/logo\/image\/\"}}]}<\/script>\n<!-- \/ Yoast SEO plugin. -->","yoast_head_json":{"title":"Vaginalna gljivi\u010dna infekcija tokom trudno\u0107e - Multi-Gyn","description":"Nije neuobi\u010dajeno da \u017eene do\u017eivljavaju vaginalne tegobe mnogo vi\u0161e tokom trudno\u0107e nego u bilo koje vreme pre ili posle toga. Promenama koje na\u0161e telo prolazi tokom razvoja i rasta ploda i tokom dojenja uglavnom upravljaju hormoni i imaju utcaj na svaki aspekt na\u0161eg \u017eivota.","robots":{"index":"index","follow":"follow","max-snippet":"max-snippet:-1","max-image-preview":"max-image-preview:large","max-video-preview":"max-video-preview:-1"},"canonical":"https:\/\/multi-gyn.com\/rs\/zdravlje-vagine\/infekcije\/vaginalna-gljivicna-infekcija-tokom-trudnoce\/","og_locale":"sr_RS","og_type":"article","og_title":"Vaginalna gljivi\u010dna infekcija tokom trudno\u0107e - Multi-Gyn","og_description":"Nije neuobi\u010dajeno da \u017eene do\u017eivljavaju vaginalne tegobe mnogo vi\u0161e tokom trudno\u0107e nego u bilo koje vreme pre ili posle toga. Promenama koje na\u0161e telo prolazi tokom razvoja i rasta ploda i tokom dojenja uglavnom upravljaju hormoni i imaju utcaj na svaki aspekt na\u0161eg \u017eivota.","og_url":"https:\/\/multi-gyn.com\/rs\/zdravlje-vagine\/infekcije\/vaginalna-gljivicna-infekcija-tokom-trudnoce\/","og_site_name":"Multi-Gyn","article_modified_time":"2023-03-07T13:56:43+00:00","twitter_card":"summary_large_image","twitter_misc":{"\u041f\u0440\u043e\u0446\u0435\u045a\u0435\u043d\u043e \u0432\u0440\u0435\u043c\u0435 \u0447\u0438\u0442\u0430\u045a\u0430":"2 \u043c\u0438\u043d\u0443\u0442\u0430"},"schema":{"@context":"https:\/\/schema.org","@graph":[{"@type":"WebPage","@id":"https:\/\/multi-gyn.com\/rs\/zdravlje-vagine\/infekcije\/vaginalna-gljivicna-infekcija-tokom-trudnoce\/","url":"https:\/\/multi-gyn.com\/rs\/zdravlje-vagine\/infekcije\/vaginalna-gljivicna-infekcija-tokom-trudnoce\/","name":"Vaginalna gljivi\u010dna infekcija tokom trudno\u0107e - Multi-Gyn","isPartOf":{"@id":"https:\/\/multi-gyn.com\/rs\/#website"},"datePublished":"2022-12-12T07:51:30+00:00","dateModified":"2023-03-07T13:56:43+00:00","description":"Nije neuobi\u010dajeno da \u017eene do\u017eivljavaju vaginalne tegobe mnogo vi\u0161e tokom trudno\u0107e nego u bilo koje vreme pre ili posle toga. Promenama koje na\u0161e telo prolazi tokom razvoja i rasta ploda i tokom dojenja uglavnom upravljaju hormoni i imaju utcaj na svaki aspekt na\u0161eg \u017eivota.","breadcrumb":{"@id":"https:\/\/multi-gyn.com\/rs\/zdravlje-vagine\/infekcije\/vaginalna-gljivicna-infekcija-tokom-trudnoce\/#breadcrumb"},"inLanguage":"sr-RS","potentialAction":[{"@type":"ReadAction","target":["https:\/\/multi-gyn.com\/rs\/zdravlje-vagine\/infekcije\/vaginalna-gljivicna-infekcija-tokom-trudnoce\/"]}]},{"@type":"BreadcrumbList","@id":"https:\/\/multi-gyn.com\/rs\/zdravlje-vagine\/infekcije\/vaginalna-gljivicna-infekcija-tokom-trudnoce\/#breadcrumb","itemListElement":[{"@type":"ListItem","position":1,"name":"Home","item":"https:\/\/multi-gyn.com\/rs\/"},{"@type":"ListItem","position":2,"name":"Zdravlje vagine","item":"https:\/\/multi-gyn.com\/rs\/zdravlje-vagine\/"},{"@type":"ListItem","position":3,"name":"Infekcije","item":"https:\/\/multi-gyn.com\/rs\/zdravlje-vagine\/infekcije\/"},{"@type":"ListItem","position":4,"name":"Vaginalna gljivi\u010dna infekcija tokom trudno\u0107e"}]},{"@type":"WebSite","@id":"https:\/\/multi-gyn.com\/rs\/#website","url":"https:\/\/multi-gyn.com\/rs\/","name":"Multi-Gyn","description":"","publisher":{"@id":"https:\/\/multi-gyn.com\/rs\/#organization"},"potentialAction":[{"@type":"SearchAction","target":{"@type":"EntryPoint","urlTemplate":"https:\/\/multi-gyn.com\/rs\/?s={search_term_string}"},"query-input":{"@type":"PropertyValueSpecification","valueRequired":true,"valueName":"search_term_string"}}],"inLanguage":"sr-RS"},{"@type":"Organization","@id":"https:\/\/multi-gyn.com\/rs\/#organization","name":"Multi-Gyn","url":"https:\/\/multi-gyn.com\/rs\/","logo":{"@type":"ImageObject","inLanguage":"sr-RS","@id":"https:\/\/multi-gyn.com\/rs\/#\/schema\/logo\/image\/","url":"https:\/\/multi-gyn.com\/app\/uploads\/sites\/35\/2022\/11\/multi-gyn-logo.png","contentUrl":"https:\/\/multi-gyn.com\/app\/uploads\/sites\/35\/2022\/11\/multi-gyn-logo.png","width":149,"height":32,"caption":"Multi-Gyn"},"image":{"@id":"https:\/\/multi-gyn.com\/rs\/#\/schema\/logo\/image\/"}}]}},"_links":{"self":[{"href":"https:\/\/multi-gyn.com\/rs\/wp-json\/wp\/v2\/pages\/434","targetHints":{"allow":["GET"]}}],"collection":[{"href":"https:\/\/multi-gyn.com\/rs\/wp-json\/wp\/v2\/pages"}],"about":[{"href":"https:\/\/multi-gyn.com\/rs\/wp-json\/wp\/v2\/types\/page"}],"author":[{"embeddable":true,"href":"https:\/\/multi-gyn.com\/rs\/wp-json\/wp\/v2\/users\/6"}],"replies":[{"embeddable":true,"href":"https:\/\/multi-gyn.com\/rs\/wp-json\/wp\/v2\/comments?post=434"}],"version-history":[{"count":10,"href":"https:\/\/multi-gyn.com\/rs\/wp-json\/wp\/v2\/pages\/434\/revisions"}],"predecessor-version":[{"id":799,"href":"https:\/\/multi-gyn.com\/rs\/wp-json\/wp\/v2\/pages\/434\/revisions\/799"}],"up":[{"embeddable":true,"href":"https:\/\/multi-gyn.com\/rs\/wp-json\/wp\/v2\/pages\/643"}],"wp:attachment":[{"href":"https:\/\/multi-gyn.com\/rs\/wp-json\/wp\/v2\/media?parent=434"}],"wp:term":[{"taxonomy":"from-article-database","embeddable":true,"href":"https:\/\/multi-gyn.com\/rs\/wp-json\/wp\/v2\/from-article-database?post=434"}],"curies":[{"name":"wp","href":"https:\/\/api.w.org\/{rel}","templated":true}]}}