{"id":446,"date":"2022-12-12T08:56:21","date_gmt":"2022-12-12T07:56:21","guid":{"rendered":"https:\/\/multi-gyn.com\/rs\/?page_id=446"},"modified":"2023-03-07T09:05:46","modified_gmt":"2023-03-07T08:05:46","slug":"sve-sto-treba-da-znate-o-bakterijskoj-vaginozi","status":"publish","type":"page","link":"https:\/\/multi-gyn.com\/rs\/zdravlje-vagine\/infekcije\/sve-sto-treba-da-znate-o-bakterijskoj-vaginozi\/","title":{"rendered":"Sve \u0161to treba da znate o bakterijskoj vaginozi"},"content":{"rendered":"\n<div class=\"wp-block-karopharma-free-text pt-large pb-large bg-center bg-cover bg-no-repeat  is-style-primary\" style=\"background-image:url()\"><div class=\"free-text-wrapper container max-w-medium text-left\">\n<h1 class=\"wp-block-heading\"><strong><strong><strong>Sve \u0161to treba da znate o bakterijskoj vaginozi<\/strong><\/strong><\/strong><\/h1>\n\n\n\n<p class=\"is-style-paragraph-preamble\">Da li ste ikada primetili \u010dudan miris iz Va\u0161eg intimnog podru\u010dja? Jak, miris poput ribe, zbog kojeg ste se ose\u0107ali malo neprijatno? Ovo mo\u017ee biti zbog bakterijskog disbalansa tako\u0111e poznatog kao bakterijska vaginoza (BV).<\/p>\n<\/div><\/div>\n\n\n\n<div class=\"wp-block-karopharma-free-text pt-large pb-large bg-center bg-cover bg-no-repeat\" style=\"background-image:url()\"><div class=\"free-text-wrapper container max-w-medium text-left\">\n<div class=\"wp-block-karopharma-video\"><div class=\"video-wrapper\"><iframe loading=\"lazy\" frameborder=\"0\" allowfullscreen allow=\"accelerometer; encrypted-media; gyroscope; picture-in-picture\" data-src=\"https:\/\/www.youtube.com\/embed\/1FF0q4x0gKM?autoplay=1\"><\/iframe><picture><source media=\"(max-width: 550px)\" srcset=\"https:\/\/img.youtube.com\/vi\/1FF0q4x0gKM\/mqdefault.jpg\"\/><source media=\"(max-width: 800px)\" srcset=\"https:\/\/img.youtube.com\/vi\/1FF0q4x0gKM\/hqdefault.jpg\"\/><img decoding=\"async\" width=\"1280\" height=\"720\" loading=\"lazy\" src=\"https:\/\/img.youtube.com\/vi\/1FF0q4x0gKM\/maxresdefault.jpg\" alt=\"Embedded YouTube video player thumbnail\"\/><\/picture><div class=\"video-trigger group\"><div class=\"video-trigger__circle group-hover:opacity-[85%]\"><svg width=\"14\" height=\"16\" viewbox=\"0 0 14 16\" fill=\"none\" xmlns=\"http:\/\/www.w3.org\/2000\/svg\"><path d=\"M13.2625 6.70935L2.2625 0.206225C1.36875 -0.3219 0 0.1906 0 1.49685V14.5C0 15.6719 1.27188 16.3781 2.2625 15.7906L13.2625 9.2906C14.2437 8.71248 14.2469 7.28748 13.2625 6.70935V6.70935Z\" fill=\"white\"><\/path><\/svg><\/div><\/div><\/div><\/div>\n\n\n\n<h3 class=\"is-style-heading-h2 wp-block-heading\"><strong>\u0160ta izaziva bakterijsku vaginozu?<\/strong><\/h3>\n\n\n\n<p>Bakterijske vaginoze su rezultat preteranog rasta neke od bakterija u Va\u0161oj vagini. Normalno, zdravi laktobacili dominiraju u odnosu na bakterije u vagini, ali ako se BV razvija, druge ne\u017eeljene bakterije po\u010dinju prekomerno da rastu u odnosu na laktobacile.<\/p>\n\n\n\n<p>Ta\u010dan uzrok ovog preteranog rasta nije poznat, ali postoje neki faktori koji mogu pove\u0107ati rizik kao \u0161to je seksualna aktivnost. Me\u0111utim, va\u017eno je naglasiti da BV tako\u0111e mo\u017ee da se javi u odsustvu seksualne aktivnosti. Stoga se, bakterijska vaginoza ne smatra seksualno prenosivom bole\u0161\u0107u (SPB).<\/p>\n\n\n\n<h3 class=\"is-style-heading-h2 wp-block-heading\"><strong>Simptomi<\/strong><\/h3>\n\n\n\n<p>Slede\u0107i simptomi bi mogli da ukazuju na bakterijsku vaginozu:<\/p>\n\n\n\n<ul class=\"is-style-default wp-block-list\"><li>Neprijatan miris na ribu (koji mo\u017ee biti intenziviran nakon odnosa)<\/li><li>Redak sivkasto beli vaginalni sekret<\/li><\/ul>\n\n\n\n<p>Manje uobi\u010dajeni simptomi su peckanje tokom mokrenja i vaginalni svrab.<\/p>\n\n\n\n<p><em>&#8222;Ta\u010dan uzrok ovog preteranog rasta je nepoznat, ali postoje neki faktori koji mogu pove\u0107ati rizik kao \u0161to je seksualna aktivnost.&#8220;<\/em><\/p>\n\n\n\n<h3 class=\"is-style-heading-h2 wp-block-heading\"><strong>Infographic: Sve o BV<\/strong><\/h3>\n\n\n\n<figure class=\"wp-block-image size-full\"><img loading=\"lazy\" decoding=\"async\" width=\"804\" height=\"999\" src=\"https:\/\/multi-gyn.com\/app\/uploads\/sites\/35\/2022\/12\/Infographic-All-you-need-to-know-about-Bacterial-Vaginosis.png\" alt=\"\" class=\"wp-image-456\" srcset=\"https:\/\/multi-gyn.com\/app\/uploads\/sites\/35\/2022\/12\/Infographic-All-you-need-to-know-about-Bacterial-Vaginosis.png 804w, https:\/\/multi-gyn.com\/app\/uploads\/sites\/35\/2022\/12\/Infographic-All-you-need-to-know-about-Bacterial-Vaginosis-258x320.png 258w, https:\/\/multi-gyn.com\/app\/uploads\/sites\/35\/2022\/12\/Infographic-All-you-need-to-know-about-Bacterial-Vaginosis-768x954.png 768w, https:\/\/multi-gyn.com\/app\/uploads\/sites\/35\/2022\/12\/Infographic-All-you-need-to-know-about-Bacterial-Vaginosis-600x746.png 600w\" sizes=\"auto, (max-width: 804px) 100vw, 804px\" \/><\/figure>\n\n\n\n<h3 class=\"wp-block-heading\"><strong>Kako le\u010diti bakterijske vaginoze?<\/strong><\/h3>\n\n\n\n<p>Za ve\u0107inu \u017eena, bakterijska vaginoza je bezopasna, ali mo\u017ee biti veoma neprijatna. Terapija se obi\u010dno svodi na ubla\u017eavanje simptoma. Naj\u010de\u0161\u0107i oblik le\u010denja bakterijskih vaginoza su antibiotic, bilo da su prepisani kao tablete da se uzimaju oralno ili kao proizvod za vaginalnu primenu. Za ve\u0107inu \u017eena ovo je efikasan tretman, ali mo\u017ee izazvati ne\u017eeljena dejstva kao \u0161to su mu\u010dnina i povra\u0107anje. Konzumiranje alkohola u kombinaciji sa antibioticima mo\u017ee pove\u0107ati ozbiljnost nuspojava.<\/p>\n\n\n\n<p>Druga uobi\u010dajena terapija je kori\u0161\u0107enje proizvoda za intimnu negu koje mo\u017eete kupiti u apoteci ili drogeriji. Ve\u0107ina ovih proizvoda radi na obnavljanju vaginalnog pH nivoa. Uvek proverite da li koristite prirodan proizvod za terapiju bakterijske vaginoze, kao i obnavljanje vaginalne flore, koje poma\u017ee da se spre\u010de budu\u0107e infekcie.<\/p>\n\n\n\n<h3 class=\"wp-block-heading\"><strong>Bakterijska vaginoza tokom trudno\u0107e<\/strong><\/h3>\n\n\n\n<p>Tokom trudno\u0107e, bakterijske vaginoze mogu u nekim slu\u010dajevima da pove\u0107aju rizik od komplikacija kao \u0161to su prevremeni poro\u0111aj ili poba\u010daj. Ako ste trudni i imate simptome koji su u vezi sa bakterijskom vaginozom, obratite se svome lekaru.<\/p>\n\n\n\n<h3 class=\"wp-block-heading\"><strong>Nau\u010dite vi\u0161e o bakterijskoj vaginozi<\/strong><\/h3>\n\n\n\n<ul class=\"is-style-default wp-block-list\"><li><a href=\"https:\/\/www.multi-gyn.rs\/infekcije\/bakterijska-vaginoza-i-trudnoca\/\">Bakterijska vaginoza I trudno\u0107a<\/a><\/li><li><a href=\"https:\/\/www.multi-gyn.rs\/prevencija\/kako-spreciti-bakterijsku-vaginozu\/\">Kako prevenirati bakterijsku vaginozu<\/a><\/li><li><a href=\"https:\/\/www.multi-gyn.rs\/prevencija\/kako-leciti-bakterijsku-vaginozu\/\">Kako le\u010diti bakterijsku vaginozu<\/a><\/li><\/ul>\n<\/div><\/div>\n","protected":false},"excerpt":{"rendered":"","protected":false},"author":6,"featured_media":0,"parent":643,"menu_order":0,"comment_status":"closed","ping_status":"closed","template":"","meta":{"_acf_changed":false,"footnotes":""},"from-article-database":[],"class_list":["post-446","page","type-page","status-publish","hentry"],"acf":[],"yoast_head":"<!-- This site is optimized with the Yoast SEO plugin v26.6 - https:\/\/yoast.com\/wordpress\/plugins\/seo\/ -->\n<title>Sve \u0161to treba da znate o bakterijskoj vaginozi - Multi-Gyn<\/title>\n<meta name=\"description\" content=\"Da li ste ikada primetili \u010dudan miris iz Va\u0161eg intimnog podru\u010dja? Jak, miris poput ribe, zbog kojeg ste se ose\u0107ali malo neprijatno? Ovo mo\u017ee biti zbog bakterijskog disbalansa tako\u0111e poznatog kao bakterijska vaginoza (BV).\" \/>\n<meta name=\"robots\" content=\"index, follow, max-snippet:-1, max-image-preview:large, max-video-preview:-1\" \/>\n<link rel=\"canonical\" href=\"https:\/\/multi-gyn.com\/rs\/zdravlje-vagine\/infekcije\/sve-sto-treba-da-znate-o-bakterijskoj-vaginozi\/\" \/>\n<meta property=\"og:locale\" content=\"sr_RS\" \/>\n<meta property=\"og:type\" content=\"article\" \/>\n<meta property=\"og:title\" content=\"Sve \u0161to treba da znate o bakterijskoj vaginozi - Multi-Gyn\" \/>\n<meta property=\"og:description\" content=\"Da li ste ikada primetili \u010dudan miris iz Va\u0161eg intimnog podru\u010dja? Jak, miris poput ribe, zbog kojeg ste se ose\u0107ali malo neprijatno? Ovo mo\u017ee biti zbog bakterijskog disbalansa tako\u0111e poznatog kao bakterijska vaginoza (BV).\" \/>\n<meta property=\"og:url\" content=\"https:\/\/multi-gyn.com\/rs\/zdravlje-vagine\/infekcije\/sve-sto-treba-da-znate-o-bakterijskoj-vaginozi\/\" \/>\n<meta property=\"og:site_name\" content=\"Multi-Gyn\" \/>\n<meta property=\"article:modified_time\" content=\"2023-03-07T08:05:46+00:00\" \/>\n<meta property=\"og:image\" content=\"https:\/\/img.youtube.com\/vi\/1FF0q4x0gKM\/maxresdefault.jpg\" \/>\n<meta name=\"twitter:card\" content=\"summary_large_image\" \/>\n<meta name=\"twitter:label1\" content=\"\u041f\u0440\u043e\u0446\u0435\u045a\u0435\u043d\u043e \u0432\u0440\u0435\u043c\u0435 \u0447\u0438\u0442\u0430\u045a\u0430\" \/>\n\t<meta name=\"twitter:data1\" content=\"3 \u043c\u0438\u043d\u0443\u0442\u0430\" \/>\n<script type=\"application\/ld+json\" class=\"yoast-schema-graph\">{\"@context\":\"https:\/\/schema.org\",\"@graph\":[{\"@type\":\"WebPage\",\"@id\":\"https:\/\/multi-gyn.com\/rs\/zdravlje-vagine\/infekcije\/sve-sto-treba-da-znate-o-bakterijskoj-vaginozi\/\",\"url\":\"https:\/\/multi-gyn.com\/rs\/zdravlje-vagine\/infekcije\/sve-sto-treba-da-znate-o-bakterijskoj-vaginozi\/\",\"name\":\"Sve \u0161to treba da znate o bakterijskoj vaginozi - Multi-Gyn\",\"isPartOf\":{\"@id\":\"https:\/\/multi-gyn.com\/rs\/#website\"},\"primaryImageOfPage\":{\"@id\":\"https:\/\/multi-gyn.com\/rs\/zdravlje-vagine\/infekcije\/sve-sto-treba-da-znate-o-bakterijskoj-vaginozi\/#primaryimage\"},\"image\":{\"@id\":\"https:\/\/multi-gyn.com\/rs\/zdravlje-vagine\/infekcije\/sve-sto-treba-da-znate-o-bakterijskoj-vaginozi\/#primaryimage\"},\"thumbnailUrl\":\"https:\/\/img.youtube.com\/vi\/1FF0q4x0gKM\/maxresdefault.jpg\",\"datePublished\":\"2022-12-12T07:56:21+00:00\",\"dateModified\":\"2023-03-07T08:05:46+00:00\",\"description\":\"Da li ste ikada primetili \u010dudan miris iz Va\u0161eg intimnog podru\u010dja? Jak, miris poput ribe, zbog kojeg ste se ose\u0107ali malo neprijatno? Ovo mo\u017ee biti zbog bakterijskog disbalansa tako\u0111e poznatog kao bakterijska vaginoza (BV).\",\"breadcrumb\":{\"@id\":\"https:\/\/multi-gyn.com\/rs\/zdravlje-vagine\/infekcije\/sve-sto-treba-da-znate-o-bakterijskoj-vaginozi\/#breadcrumb\"},\"inLanguage\":\"sr-RS\",\"potentialAction\":[{\"@type\":\"ReadAction\",\"target\":[\"https:\/\/multi-gyn.com\/rs\/zdravlje-vagine\/infekcije\/sve-sto-treba-da-znate-o-bakterijskoj-vaginozi\/\"]}]},{\"@type\":\"ImageObject\",\"inLanguage\":\"sr-RS\",\"@id\":\"https:\/\/multi-gyn.com\/rs\/zdravlje-vagine\/infekcije\/sve-sto-treba-da-znate-o-bakterijskoj-vaginozi\/#primaryimage\",\"url\":\"https:\/\/img.youtube.com\/vi\/1FF0q4x0gKM\/maxresdefault.jpg\",\"contentUrl\":\"https:\/\/img.youtube.com\/vi\/1FF0q4x0gKM\/maxresdefault.jpg\"},{\"@type\":\"BreadcrumbList\",\"@id\":\"https:\/\/multi-gyn.com\/rs\/zdravlje-vagine\/infekcije\/sve-sto-treba-da-znate-o-bakterijskoj-vaginozi\/#breadcrumb\",\"itemListElement\":[{\"@type\":\"ListItem\",\"position\":1,\"name\":\"Home\",\"item\":\"https:\/\/multi-gyn.com\/rs\/\"},{\"@type\":\"ListItem\",\"position\":2,\"name\":\"Zdravlje vagine\",\"item\":\"https:\/\/multi-gyn.com\/rs\/zdravlje-vagine\/\"},{\"@type\":\"ListItem\",\"position\":3,\"name\":\"Infekcije\",\"item\":\"https:\/\/multi-gyn.com\/rs\/zdravlje-vagine\/infekcije\/\"},{\"@type\":\"ListItem\",\"position\":4,\"name\":\"Sve \u0161to treba da znate o bakterijskoj vaginozi\"}]},{\"@type\":\"WebSite\",\"@id\":\"https:\/\/multi-gyn.com\/rs\/#website\",\"url\":\"https:\/\/multi-gyn.com\/rs\/\",\"name\":\"Multi-Gyn\",\"description\":\"\",\"publisher\":{\"@id\":\"https:\/\/multi-gyn.com\/rs\/#organization\"},\"potentialAction\":[{\"@type\":\"SearchAction\",\"target\":{\"@type\":\"EntryPoint\",\"urlTemplate\":\"https:\/\/multi-gyn.com\/rs\/?s={search_term_string}\"},\"query-input\":{\"@type\":\"PropertyValueSpecification\",\"valueRequired\":true,\"valueName\":\"search_term_string\"}}],\"inLanguage\":\"sr-RS\"},{\"@type\":\"Organization\",\"@id\":\"https:\/\/multi-gyn.com\/rs\/#organization\",\"name\":\"Multi-Gyn\",\"url\":\"https:\/\/multi-gyn.com\/rs\/\",\"logo\":{\"@type\":\"ImageObject\",\"inLanguage\":\"sr-RS\",\"@id\":\"https:\/\/multi-gyn.com\/rs\/#\/schema\/logo\/image\/\",\"url\":\"https:\/\/multi-gyn.com\/app\/uploads\/sites\/35\/2022\/11\/multi-gyn-logo.png\",\"contentUrl\":\"https:\/\/multi-gyn.com\/app\/uploads\/sites\/35\/2022\/11\/multi-gyn-logo.png\",\"width\":149,\"height\":32,\"caption\":\"Multi-Gyn\"},\"image\":{\"@id\":\"https:\/\/multi-gyn.com\/rs\/#\/schema\/logo\/image\/\"}}]}<\/script>\n<!-- \/ Yoast SEO plugin. -->","yoast_head_json":{"title":"Sve \u0161to treba da znate o bakterijskoj vaginozi - Multi-Gyn","description":"Da li ste ikada primetili \u010dudan miris iz Va\u0161eg intimnog podru\u010dja? Jak, miris poput ribe, zbog kojeg ste se ose\u0107ali malo neprijatno? Ovo mo\u017ee biti zbog bakterijskog disbalansa tako\u0111e poznatog kao bakterijska vaginoza (BV).","robots":{"index":"index","follow":"follow","max-snippet":"max-snippet:-1","max-image-preview":"max-image-preview:large","max-video-preview":"max-video-preview:-1"},"canonical":"https:\/\/multi-gyn.com\/rs\/zdravlje-vagine\/infekcije\/sve-sto-treba-da-znate-o-bakterijskoj-vaginozi\/","og_locale":"sr_RS","og_type":"article","og_title":"Sve \u0161to treba da znate o bakterijskoj vaginozi - Multi-Gyn","og_description":"Da li ste ikada primetili \u010dudan miris iz Va\u0161eg intimnog podru\u010dja? Jak, miris poput ribe, zbog kojeg ste se ose\u0107ali malo neprijatno? Ovo mo\u017ee biti zbog bakterijskog disbalansa tako\u0111e poznatog kao bakterijska vaginoza (BV).","og_url":"https:\/\/multi-gyn.com\/rs\/zdravlje-vagine\/infekcije\/sve-sto-treba-da-znate-o-bakterijskoj-vaginozi\/","og_site_name":"Multi-Gyn","article_modified_time":"2023-03-07T08:05:46+00:00","og_image":[{"url":"https:\/\/img.youtube.com\/vi\/1FF0q4x0gKM\/maxresdefault.jpg","type":"","width":"","height":""}],"twitter_card":"summary_large_image","twitter_misc":{"\u041f\u0440\u043e\u0446\u0435\u045a\u0435\u043d\u043e \u0432\u0440\u0435\u043c\u0435 \u0447\u0438\u0442\u0430\u045a\u0430":"3 \u043c\u0438\u043d\u0443\u0442\u0430"},"schema":{"@context":"https:\/\/schema.org","@graph":[{"@type":"WebPage","@id":"https:\/\/multi-gyn.com\/rs\/zdravlje-vagine\/infekcije\/sve-sto-treba-da-znate-o-bakterijskoj-vaginozi\/","url":"https:\/\/multi-gyn.com\/rs\/zdravlje-vagine\/infekcije\/sve-sto-treba-da-znate-o-bakterijskoj-vaginozi\/","name":"Sve \u0161to treba da znate o bakterijskoj vaginozi - Multi-Gyn","isPartOf":{"@id":"https:\/\/multi-gyn.com\/rs\/#website"},"primaryImageOfPage":{"@id":"https:\/\/multi-gyn.com\/rs\/zdravlje-vagine\/infekcije\/sve-sto-treba-da-znate-o-bakterijskoj-vaginozi\/#primaryimage"},"image":{"@id":"https:\/\/multi-gyn.com\/rs\/zdravlje-vagine\/infekcije\/sve-sto-treba-da-znate-o-bakterijskoj-vaginozi\/#primaryimage"},"thumbnailUrl":"https:\/\/img.youtube.com\/vi\/1FF0q4x0gKM\/maxresdefault.jpg","datePublished":"2022-12-12T07:56:21+00:00","dateModified":"2023-03-07T08:05:46+00:00","description":"Da li ste ikada primetili \u010dudan miris iz Va\u0161eg intimnog podru\u010dja? Jak, miris poput ribe, zbog kojeg ste se ose\u0107ali malo neprijatno? Ovo mo\u017ee biti zbog bakterijskog disbalansa tako\u0111e poznatog kao bakterijska vaginoza (BV).","breadcrumb":{"@id":"https:\/\/multi-gyn.com\/rs\/zdravlje-vagine\/infekcije\/sve-sto-treba-da-znate-o-bakterijskoj-vaginozi\/#breadcrumb"},"inLanguage":"sr-RS","potentialAction":[{"@type":"ReadAction","target":["https:\/\/multi-gyn.com\/rs\/zdravlje-vagine\/infekcije\/sve-sto-treba-da-znate-o-bakterijskoj-vaginozi\/"]}]},{"@type":"ImageObject","inLanguage":"sr-RS","@id":"https:\/\/multi-gyn.com\/rs\/zdravlje-vagine\/infekcije\/sve-sto-treba-da-znate-o-bakterijskoj-vaginozi\/#primaryimage","url":"https:\/\/img.youtube.com\/vi\/1FF0q4x0gKM\/maxresdefault.jpg","contentUrl":"https:\/\/img.youtube.com\/vi\/1FF0q4x0gKM\/maxresdefault.jpg"},{"@type":"BreadcrumbList","@id":"https:\/\/multi-gyn.com\/rs\/zdravlje-vagine\/infekcije\/sve-sto-treba-da-znate-o-bakterijskoj-vaginozi\/#breadcrumb","itemListElement":[{"@type":"ListItem","position":1,"name":"Home","item":"https:\/\/multi-gyn.com\/rs\/"},{"@type":"ListItem","position":2,"name":"Zdravlje vagine","item":"https:\/\/multi-gyn.com\/rs\/zdravlje-vagine\/"},{"@type":"ListItem","position":3,"name":"Infekcije","item":"https:\/\/multi-gyn.com\/rs\/zdravlje-vagine\/infekcije\/"},{"@type":"ListItem","position":4,"name":"Sve \u0161to treba da znate o bakterijskoj vaginozi"}]},{"@type":"WebSite","@id":"https:\/\/multi-gyn.com\/rs\/#website","url":"https:\/\/multi-gyn.com\/rs\/","name":"Multi-Gyn","description":"","publisher":{"@id":"https:\/\/multi-gyn.com\/rs\/#organization"},"potentialAction":[{"@type":"SearchAction","target":{"@type":"EntryPoint","urlTemplate":"https:\/\/multi-gyn.com\/rs\/?s={search_term_string}"},"query-input":{"@type":"PropertyValueSpecification","valueRequired":true,"valueName":"search_term_string"}}],"inLanguage":"sr-RS"},{"@type":"Organization","@id":"https:\/\/multi-gyn.com\/rs\/#organization","name":"Multi-Gyn","url":"https:\/\/multi-gyn.com\/rs\/","logo":{"@type":"ImageObject","inLanguage":"sr-RS","@id":"https:\/\/multi-gyn.com\/rs\/#\/schema\/logo\/image\/","url":"https:\/\/multi-gyn.com\/app\/uploads\/sites\/35\/2022\/11\/multi-gyn-logo.png","contentUrl":"https:\/\/multi-gyn.com\/app\/uploads\/sites\/35\/2022\/11\/multi-gyn-logo.png","width":149,"height":32,"caption":"Multi-Gyn"},"image":{"@id":"https:\/\/multi-gyn.com\/rs\/#\/schema\/logo\/image\/"}}]}},"_links":{"self":[{"href":"https:\/\/multi-gyn.com\/rs\/wp-json\/wp\/v2\/pages\/446","targetHints":{"allow":["GET"]}}],"collection":[{"href":"https:\/\/multi-gyn.com\/rs\/wp-json\/wp\/v2\/pages"}],"about":[{"href":"https:\/\/multi-gyn.com\/rs\/wp-json\/wp\/v2\/types\/page"}],"author":[{"embeddable":true,"href":"https:\/\/multi-gyn.com\/rs\/wp-json\/wp\/v2\/users\/6"}],"replies":[{"embeddable":true,"href":"https:\/\/multi-gyn.com\/rs\/wp-json\/wp\/v2\/comments?post=446"}],"version-history":[{"count":3,"href":"https:\/\/multi-gyn.com\/rs\/wp-json\/wp\/v2\/pages\/446\/revisions"}],"predecessor-version":[{"id":731,"href":"https:\/\/multi-gyn.com\/rs\/wp-json\/wp\/v2\/pages\/446\/revisions\/731"}],"up":[{"embeddable":true,"href":"https:\/\/multi-gyn.com\/rs\/wp-json\/wp\/v2\/pages\/643"}],"wp:attachment":[{"href":"https:\/\/multi-gyn.com\/rs\/wp-json\/wp\/v2\/media?parent=446"}],"wp:term":[{"taxonomy":"from-article-database","embeddable":true,"href":"https:\/\/multi-gyn.com\/rs\/wp-json\/wp\/v2\/from-article-database?post=446"}],"curies":[{"name":"wp","href":"https:\/\/api.w.org\/{rel}","templated":true}]}}